{"id":8875,"date":"2025-06-17T08:15:46","date_gmt":"2025-06-17T08:15:46","guid":{"rendered":"https:\/\/elusivedata.io\/?post_type=product&#038;p=8875"},"modified":"2025-06-24T06:31:54","modified_gmt":"2025-06-24T06:31:54","slug":"mission-darkness-dry-shield-faraday-vaska-15l","status":"publish","type":"product","link":"https:\/\/elusivedata.io\/sv\/product\/mission-darkness-dry-shield-faraday-tote-15l\/","title":{"rendered":"Mission Darkness\u2122 Dry Shield Faraday Tote 15L"},"content":{"rendered":"<div id=\"s-4cc45054-e3da-4e94-bf83-a31c14a7aa6b\" class=\"shg-c shg-align-left\">\n<div class=\"shogun-heading-component\">\n<h3 >DRY SHIELD FARADAY TOTE 15L - V\u00e4derbest\u00e4ndig, vattent\u00e4t, signals\u00e4ker<\/h3>\n<\/div>\n<\/div>\n<div id=\"s-79e2236c-717c-409c-bfc5-d889f2450661\" class=\"shg-c\">\n<div class=\"shg-rich-text shg-theme-text-content\">\n<p >Mission Darkness\u2122 Dry Shield Faraday Tote 15L blockerar helt alla tr\u00e5dl\u00f6sa signaler och h\u00e5ller medelstora elektroniska enheter skyddade f\u00f6r att f\u00f6rhindra hackning, sp\u00e5rning, spionage och korruption i v\u00e5rdkedjan. N\u00e4r en enhet \u00e4r ordentligt innesluten i v\u00e4skan kan inga appar eller skadlig kod fj\u00e4rrutl\u00f6sas eller raderas, ingen kommunikation kan tr\u00e4nga igenom och ingen kan komma \u00e5t mikrofonen, kameran, GPS-positionen eller data. Prim\u00e4ra anv\u00e4ndningsomr\u00e5den \u00e4r f\u00f6r brottsbek\u00e4mpning och milit\u00e4r kriminalteknisk bevisinsamling, f\u00f6rsvar mot datast\u00f6ld, personlig s\u00e4kerhet, EMP-skydd, minskning av EMF-str\u00e5lning och f\u00f6r att f\u00f6rb\u00e4ttra den digitala integriteten.<\/p>\n<p >V\u00e4skan \u00e4r byggd med ett slitstarkt och vattent\u00e4tt\u00a0<span class=\"a-list-item\">500D PVC yttermaterial\u00a0<\/span>och tv\u00e5 lager med h\u00f6g avsk\u00e4rmning\u00a0<a href=\"https:\/\/mosequipment.com\/collections\/faraday-supplies\/products\/titanrf-faraday-fabric\" target=\"_blank\" rel=\"noopener\">TitanRF\u2122 Faraday-v\u00e4v<\/a>\u00a0p\u00e5 alla inv\u00e4ndiga sidor med dubbla parade s\u00f6mmar. V\u00e4skan har en justerbar och avtagbar rem som kan b\u00e4ras \u00f6ver axeln eller f\u00e4stas i konstruktioner. Det stora inv\u00e4ndiga utrymmet rymmer flera b\u00e4rbara datorer, radioapparater, mobiltelefoner, surfplattor och tillbeh\u00f6r. En vattent\u00e4t oskyddad blixtl\u00e5sficka p\u00e5 utsidan g\u00f6r att du kan h\u00e5lla ofta anv\u00e4nda sm\u00e5 f\u00f6rem\u00e5l eller enheter (som mobiltelefoner) tillg\u00e4ngliga och online n\u00e4r det beh\u00f6vs, och fungerar ocks\u00e5 som ett fack f\u00f6r m\u00e4rkesvaror. Elektroniken som finns inuti garanteras att f\u00f6rbli torr och offline p\u00e5 alla vattenomgivna platser.<\/p>\n<\/div>\n<\/div>","protected":false},"excerpt":{"rendered":"<p class=\"ai-optimize-46\">Mission Darkness\u2122 Dry Shield Faraday Tote 15L blockerar helt alla tr\u00e5dl\u00f6sa signaler och h\u00e5ller medelstora elektroniska enheter skyddade f\u00f6r att f\u00f6rhindra hackning, sp\u00e5rning, spionage och korruption i v\u00e5rdkedjan. N\u00e4r en enhet \u00e4r ordentligt innesluten i v\u00e4skan kan inga appar eller skadlig kod fj\u00e4rrutl\u00f6sas eller raderas, ingen kommunikation kan tr\u00e4nga igenom och ingen kan komma \u00e5t mikrofonen, kameran, GPS-positionen eller data. Prim\u00e4ra anv\u00e4ndningsomr\u00e5den \u00e4r f\u00f6r brottsbek\u00e4mpning och milit\u00e4r kriminalteknisk bevisinsamling, f\u00f6rsvar mot datast\u00f6ld, personlig s\u00e4kerhet, EMP-skydd, minskning av EMF-str\u00e5lning och f\u00f6r att f\u00f6rb\u00e4ttra den digitala integriteten.<\/p>","protected":false},"featured_media":8876,"template":"","meta":{"content-type":""},"product_brand":[],"product_cat":[108],"product_tag":[],"class_list":{"0":"post-8875","1":"product","2":"type-product","3":"status-publish","4":"has-post-thumbnail","6":"product_cat-future-physical-products","8":"first","9":"instock","10":"taxable","11":"shipping-taxable","12":"product-type-simple"},"acf":[],"yoast_head":"<!-- This site is optimized with the Yoast SEO Premium plugin v27.3 (Yoast SEO v27.3) - https:\/\/yoast.com\/product\/yoast-seo-premium-wordpress\/ -->\n<title>Mission Darkness\u2122 Dry Shield Faraday Tote 15L - Elusive Data<\/title>\n<meta name=\"robots\" content=\"index, follow, max-snippet:-1, max-image-preview:large, max-video-preview:-1\" \/>\n<link rel=\"canonical\" href=\"https:\/\/elusivedata.io\/sv\/produkt\/mission-darkness-dry-shield-faraday-vaska-15l\/\" \/>\n<meta property=\"og:locale\" content=\"sv_SE\" \/>\n<meta property=\"og:type\" content=\"article\" \/>\n<meta property=\"og:title\" content=\"Mission Darkness\u2122 Dry Shield Faraday Tote 15L\" \/>\n<meta property=\"og:description\" content=\"The Mission Darkness\u2122 Dry Shield Faraday Tote 15L completely blocks all wireless signals and keeps midsize electronic devices shielded to prevent hacking, tracking, spying, and chain of custody corruption. When a device is properly enclosed in the bag, no apps or malicious code can be remotely triggered or wiped, no communication can penetrate, and no one can access the microphone, camera, GPS location, or data. Primary uses are for law enforcement and military forensic evidence collection, defense against data theft, personal security, EMP protection, EMF radiation reduction, and to enhance digital privacy.\" \/>\n<meta property=\"og:url\" content=\"https:\/\/elusivedata.io\/sv\/produkt\/mission-darkness-dry-shield-faraday-vaska-15l\/\" \/>\n<meta property=\"og:site_name\" content=\"Elusive Data\" \/>\n<meta property=\"article:modified_time\" content=\"2025-06-24T06:31:54+00:00\" \/>\n<meta property=\"og:image\" content=\"https:\/\/elusivedata.io\/wp-content\/uploads\/2025\/06\/DSC02508_480x480.webp\" \/>\n\t<meta property=\"og:image:width\" content=\"480\" \/>\n\t<meta property=\"og:image:height\" content=\"480\" \/>\n\t<meta property=\"og:image:type\" content=\"image\/webp\" \/>\n<meta name=\"twitter:card\" content=\"summary_large_image\" \/>\n<meta name=\"twitter:label1\" content=\"Ber\u00e4knad l\u00e4stid\" \/>\n\t<meta name=\"twitter:data1\" content=\"2 minuter\" \/>\n<script type=\"application\/ld+json\" class=\"yoast-schema-graph\">{\"@context\":\"https:\\\/\\\/schema.org\",\"@graph\":[{\"@type\":\"WebPage\",\"@id\":\"https:\\\/\\\/elusivedata.io\\\/product\\\/mission-darkness-dry-shield-faraday-tote-15l\\\/\",\"url\":\"https:\\\/\\\/elusivedata.io\\\/product\\\/mission-darkness-dry-shield-faraday-tote-15l\\\/\",\"name\":\"Mission Darkness\u2122 Dry Shield Faraday Tote 15L - Elusive Data\",\"isPartOf\":{\"@id\":\"https:\\\/\\\/elusivedata.io\\\/#website\"},\"primaryImageOfPage\":{\"@id\":\"https:\\\/\\\/elusivedata.io\\\/product\\\/mission-darkness-dry-shield-faraday-tote-15l\\\/#primaryimage\"},\"image\":{\"@id\":\"https:\\\/\\\/elusivedata.io\\\/product\\\/mission-darkness-dry-shield-faraday-tote-15l\\\/#primaryimage\"},\"thumbnailUrl\":\"https:\\\/\\\/elusivedata.io\\\/wp-content\\\/uploads\\\/2025\\\/06\\\/DSC02508_480x480.webp\",\"datePublished\":\"2025-06-17T08:15:46+00:00\",\"dateModified\":\"2025-06-24T06:31:54+00:00\",\"breadcrumb\":{\"@id\":\"https:\\\/\\\/elusivedata.io\\\/product\\\/mission-darkness-dry-shield-faraday-tote-15l\\\/#breadcrumb\"},\"inLanguage\":\"sv-SE\",\"potentialAction\":[{\"@type\":\"ReadAction\",\"target\":[\"https:\\\/\\\/elusivedata.io\\\/product\\\/mission-darkness-dry-shield-faraday-tote-15l\\\/\"]}]},{\"@type\":\"ImageObject\",\"inLanguage\":\"sv-SE\",\"@id\":\"https:\\\/\\\/elusivedata.io\\\/product\\\/mission-darkness-dry-shield-faraday-tote-15l\\\/#primaryimage\",\"url\":\"https:\\\/\\\/elusivedata.io\\\/wp-content\\\/uploads\\\/2025\\\/06\\\/DSC02508_480x480.webp\",\"contentUrl\":\"https:\\\/\\\/elusivedata.io\\\/wp-content\\\/uploads\\\/2025\\\/06\\\/DSC02508_480x480.webp\",\"width\":480,\"height\":480,\"caption\":\"Mission Darkness Faraday product detail \u2014 signal-blocking pouch for forensic evidence\"},{\"@type\":\"BreadcrumbList\",\"@id\":\"https:\\\/\\\/elusivedata.io\\\/product\\\/mission-darkness-dry-shield-faraday-tote-15l\\\/#breadcrumb\",\"itemListElement\":[{\"@type\":\"ListItem\",\"position\":1,\"name\":\"Home\",\"item\":\"https:\\\/\\\/elusivedata.io\\\/\"},{\"@type\":\"ListItem\",\"position\":2,\"name\":\"Products\",\"item\":\"https:\\\/\\\/elusivedata.io\\\/shop\\\/\"},{\"@type\":\"ListItem\",\"position\":3,\"name\":\"Mission Darkness\u2122 Dry Shield Faraday Tote 15L\"}]},{\"@type\":\"WebSite\",\"@id\":\"https:\\\/\\\/elusivedata.io\\\/#website\",\"url\":\"https:\\\/\\\/elusivedata.io\\\/\",\"name\":\"ElusiveData\",\"description\":\"Excellence in Digital Forensics Training and Consulting\",\"publisher\":{\"@id\":\"https:\\\/\\\/elusivedata.io\\\/#organization\"},\"potentialAction\":[{\"@type\":\"SearchAction\",\"target\":{\"@type\":\"EntryPoint\",\"urlTemplate\":\"https:\\\/\\\/elusivedata.io\\\/?s={search_term_string}\"},\"query-input\":{\"@type\":\"PropertyValueSpecification\",\"valueRequired\":true,\"valueName\":\"search_term_string\"}}],\"inLanguage\":\"sv-SE\"},{\"@type\":\"Organization\",\"@id\":\"https:\\\/\\\/elusivedata.io\\\/#organization\",\"name\":\"ElusiveData\",\"url\":\"https:\\\/\\\/elusivedata.io\\\/\",\"logo\":{\"@type\":\"ImageObject\",\"inLanguage\":\"sv-SE\",\"@id\":\"https:\\\/\\\/elusivedata.io\\\/#\\\/schema\\\/logo\\\/image\\\/\",\"url\":\"https:\\\/\\\/elusivedata.io\\\/wp-content\\\/uploads\\\/2024\\\/11\\\/Asset-3_2x-scaled.png\",\"contentUrl\":\"https:\\\/\\\/elusivedata.io\\\/wp-content\\\/uploads\\\/2024\\\/11\\\/Asset-3_2x-scaled.png\",\"width\":2560,\"height\":370,\"caption\":\"ElusiveData\"},\"image\":{\"@id\":\"https:\\\/\\\/elusivedata.io\\\/#\\\/schema\\\/logo\\\/image\\\/\"},\"sameAs\":[\"https:\\\/\\\/www.youtube.com\\\/@elusivedata\"]}]}<\/script>\n<!-- \/ Yoast SEO Premium plugin. -->","yoast_head_json":{"title":"Mission Darkness\u2122 Dry Shield Faraday Tote 15L - Sv\u00e5rf\u00e5ngad data","robots":{"index":"index","follow":"follow","max-snippet":"max-snippet:-1","max-image-preview":"max-image-preview:large","max-video-preview":"max-video-preview:-1"},"canonical":"https:\/\/elusivedata.io\/sv\/produkt\/mission-darkness-dry-shield-faraday-vaska-15l\/","og_locale":"sv_SE","og_type":"article","og_title":"Mission Darkness\u2122 Dry Shield Faraday Tote 15L","og_description":"The Mission Darkness\u2122 Dry Shield Faraday Tote 15L completely blocks all wireless signals and keeps midsize electronic devices shielded to prevent hacking, tracking, spying, and chain of custody corruption. When a device is properly enclosed in the bag, no apps or malicious code can be remotely triggered or wiped, no communication can penetrate, and no one can access the microphone, camera, GPS location, or data. Primary uses are for law enforcement and military forensic evidence collection, defense against data theft, personal security, EMP protection, EMF radiation reduction, and to enhance digital privacy.","og_url":"https:\/\/elusivedata.io\/sv\/produkt\/mission-darkness-dry-shield-faraday-vaska-15l\/","og_site_name":"Elusive Data","article_modified_time":"2025-06-24T06:31:54+00:00","og_image":[{"width":480,"height":480,"url":"https:\/\/elusivedata.io\/wp-content\/uploads\/2025\/06\/DSC02508_480x480.webp","type":"image\/webp"}],"twitter_card":"summary_large_image","twitter_misc":{"Ber\u00e4knad l\u00e4stid":"2 minuter"},"schema":{"@context":"https:\/\/schema.org","@graph":[{"@type":"WebPage","@id":"https:\/\/elusivedata.io\/product\/mission-darkness-dry-shield-faraday-tote-15l\/","url":"https:\/\/elusivedata.io\/product\/mission-darkness-dry-shield-faraday-tote-15l\/","name":"Mission Darkness\u2122 Dry Shield Faraday Tote 15L - Sv\u00e5rf\u00e5ngad data","isPartOf":{"@id":"https:\/\/elusivedata.io\/#website"},"primaryImageOfPage":{"@id":"https:\/\/elusivedata.io\/product\/mission-darkness-dry-shield-faraday-tote-15l\/#primaryimage"},"image":{"@id":"https:\/\/elusivedata.io\/product\/mission-darkness-dry-shield-faraday-tote-15l\/#primaryimage"},"thumbnailUrl":"https:\/\/elusivedata.io\/wp-content\/uploads\/2025\/06\/DSC02508_480x480.webp","datePublished":"2025-06-17T08:15:46+00:00","dateModified":"2025-06-24T06:31:54+00:00","breadcrumb":{"@id":"https:\/\/elusivedata.io\/product\/mission-darkness-dry-shield-faraday-tote-15l\/#breadcrumb"},"inLanguage":"sv-SE","potentialAction":[{"@type":"ReadAction","target":["https:\/\/elusivedata.io\/product\/mission-darkness-dry-shield-faraday-tote-15l\/"]}]},{"@type":"ImageObject","inLanguage":"sv-SE","@id":"https:\/\/elusivedata.io\/product\/mission-darkness-dry-shield-faraday-tote-15l\/#primaryimage","url":"https:\/\/elusivedata.io\/wp-content\/uploads\/2025\/06\/DSC02508_480x480.webp","contentUrl":"https:\/\/elusivedata.io\/wp-content\/uploads\/2025\/06\/DSC02508_480x480.webp","width":480,"height":480,"caption":"Mission Darkness Faraday product detail \u2014 signal-blocking pouch for forensic evidence"},{"@type":"BreadcrumbList","@id":"https:\/\/elusivedata.io\/product\/mission-darkness-dry-shield-faraday-tote-15l\/#breadcrumb","itemListElement":[{"@type":"ListItem","position":1,"name":"Home","item":"https:\/\/elusivedata.io\/"},{"@type":"ListItem","position":2,"name":"Products","item":"https:\/\/elusivedata.io\/shop\/"},{"@type":"ListItem","position":3,"name":"Mission Darkness\u2122 Dry Shield Faraday Tote 15L"}]},{"@type":"WebSite","@id":"https:\/\/elusivedata.io\/#website","url":"https:\/\/elusivedata.io\/","name":"ElusiveData","description":"Utbildning och r\u00e5dgivning inom digital kriminalteknik","publisher":{"@id":"https:\/\/elusivedata.io\/#organization"},"potentialAction":[{"@type":"SearchAction","target":{"@type":"EntryPoint","urlTemplate":"https:\/\/elusivedata.io\/?s={search_term_string}"},"query-input":{"@type":"PropertyValueSpecification","valueRequired":true,"valueName":"search_term_string"}}],"inLanguage":"sv-SE"},{"@type":"Organization","@id":"https:\/\/elusivedata.io\/#organization","name":"ElusiveData","url":"https:\/\/elusivedata.io\/","logo":{"@type":"ImageObject","inLanguage":"sv-SE","@id":"https:\/\/elusivedata.io\/#\/schema\/logo\/image\/","url":"https:\/\/elusivedata.io\/wp-content\/uploads\/2024\/11\/Asset-3_2x-scaled.png","contentUrl":"https:\/\/elusivedata.io\/wp-content\/uploads\/2024\/11\/Asset-3_2x-scaled.png","width":2560,"height":370,"caption":"ElusiveData"},"image":{"@id":"https:\/\/elusivedata.io\/#\/schema\/logo\/image\/"},"sameAs":["https:\/\/www.youtube.com\/@elusivedata"]}]}},"_links":{"self":[{"href":"https:\/\/elusivedata.io\/sv\/wp-json\/wp\/v2\/product\/8875","targetHints":{"allow":["GET"]}}],"collection":[{"href":"https:\/\/elusivedata.io\/sv\/wp-json\/wp\/v2\/product"}],"about":[{"href":"https:\/\/elusivedata.io\/sv\/wp-json\/wp\/v2\/types\/product"}],"version-history":[{"count":2,"href":"https:\/\/elusivedata.io\/sv\/wp-json\/wp\/v2\/product\/8875\/revisions"}],"predecessor-version":[{"id":10131,"href":"https:\/\/elusivedata.io\/sv\/wp-json\/wp\/v2\/product\/8875\/revisions\/10131"}],"wp:featuredmedia":[{"embeddable":true,"href":"https:\/\/elusivedata.io\/sv\/wp-json\/wp\/v2\/media\/8876"}],"wp:attachment":[{"href":"https:\/\/elusivedata.io\/sv\/wp-json\/wp\/v2\/media?parent=8875"}],"wp:term":[{"taxonomy":"product_brand","embeddable":true,"href":"https:\/\/elusivedata.io\/sv\/wp-json\/wp\/v2\/product_brand?post=8875"},{"taxonomy":"product_cat","embeddable":true,"href":"https:\/\/elusivedata.io\/sv\/wp-json\/wp\/v2\/product_cat?post=8875"},{"taxonomy":"product_tag","embeddable":true,"href":"https:\/\/elusivedata.io\/sv\/wp-json\/wp\/v2\/product_tag?post=8875"}],"curies":[{"name":"wp","href":"https:\/\/api.w.org\/{rel}","templated":true}]}}