{"id":8840,"date":"2025-06-17T08:15:51","date_gmt":"2025-06-17T08:15:51","guid":{"rendered":"https:\/\/elusivedata.io\/?post_type=product&#038;p=8840"},"modified":"2025-06-24T06:31:05","modified_gmt":"2025-06-24T06:31:05","slug":"mission-morker-uppenbarelse-emp-skold-for-generatorer","status":"publish","type":"product","link":"https:\/\/elusivedata.io\/sv\/product\/mission-darkness-revelation-emp-shield-for-generators\/","title":{"rendered":"Mission Darkness\u2122 Revelation EMP-sk\u00f6ld f\u00f6r generatorer"},"content":{"rendered":"<div id=\"s-fd83c093-0245-4fa2-8a2f-9ddd1da85fd7\" class=\"shg-c shg-align-left\">\n<div class=\"shogun-heading-component\">\n<h2 >H\u00c5LL GENERATORER OCH EXTRA STOR ELEKTRONIK AVSK\u00c4RMAD - OMEDELBART OCH EFFEKTIVT EMP\/CME-SKYDD<\/h2>\n<\/div>\n<\/div>\n<div id=\"s-46beba88-1fc8-4584-a0fc-508195a6c5e6\" class=\"shg-c\">\n<div class=\"shg-rich-text shg-theme-text-content\">\n<p >Mission Darkness\u2122 Revelation EMP Shield \u00e4r en extremt stor faradayp\u00e5se som \u00e4r s\u00e4rskilt utformad f\u00f6r att skydda generatorer, stor elektronik och \u00f6verlevnadsutrustning fr\u00e5n de skadliga effekterna av en elektromagnetisk puls (EMP) eller koronal massutkastning (CME). V\u00e4skan har testats i laboratorium och certifierats som \"kompatibel\" f\u00f6r\u00a0<a href=\"https:\/\/mosequipment.com\/pages\/compliance-testing\" target=\"_blank\" rel=\"noopener\">MIL-STD-188-125<\/a>, Elektromagnetiskt skydd p\u00e5 h\u00f6g h\u00f6jd f\u00f6r markbaserade C4I-anl\u00e4ggningar. Resultaten s\u00e4kerst\u00e4ller att produkten \u00f6vertr\u00e4ffar milit\u00e4ra krav p\u00e5 avsk\u00e4rmning f\u00f6r att hantera naturliga eller konstgjorda EMP. I h\u00e4ndelse av en EMP eller CME kan allt fr\u00e5n elektrisk infrastruktur p\u00e5 nationell niv\u00e5 till personlig elektronik f\u00f6rst\u00f6ras, vilket \u00e4r anledningen till att det \u00e4r absolut n\u00f6dv\u00e4ndigt att skydda \u00f6verlevnadselektronik. De h\u00f6ga avsk\u00e4rmningsegenskaperna hos Revelation EMP Shield riktar skadliga elektromagnetiska f\u00e4lt bort fr\u00e5n mycket k\u00e4nsliga elektriska komponenter och skyddar d\u00e4rmed deras fungerande struktur.<\/p>\n<p >Den extremt stora storleken och volymen p\u00e5 Revelation EMP Shield g\u00f6r att den rymmer de flesta kompakta b\u00e4rbara elektriska (sol-) eller gasdrivna generatorer, inklusive Goal Zero Yeti-serien, Patriot Power 1500 och Honda EU2000, plus deras medf\u00f6ljande tillbeh\u00f6r som n\u00e4tsladdar och solpaneler. V\u00e4skan \u00e4r byggd med en avtagbar bottenplatta i polypropylenplast som \u00e4r f\u00e4st i ett blixtl\u00e5sfack i botten f\u00f6r att ge gott om st\u00f6d f\u00f6r \u00f6verdimensionerade f\u00f6rem\u00e5l. Vadderade handtag med lastb\u00e4rande band l\u00f6per runt sidorna och botten f\u00f6r att st\u00f6dja vikten av tunga f\u00f6rem\u00e5l under transport. V\u00e4skans framsida har ett djupt oskyddat blixtl\u00e5sfack och en stor genomskinlig ficka f\u00f6r att h\u00e5lla tillbeh\u00f6ren \u00e5tkomliga utan att \u00e4ventyra avsk\u00e4rmningen av de elektroniska f\u00f6rem\u00e5len i huvudfacket.<\/p>\n<p >V\u00e4skan \u00e4r tillverkad av ett slitstarkt och vattenavvisande yttermaterial i ballistisk nylon f\u00f6r att s\u00e4kerst\u00e4lla att enheter och faradayv\u00e4v h\u00e5ller sig torra och skyddade. Interi\u00f6ren best\u00e5r av tre lager av h\u00f6gavsk\u00e4rmande\u00a0<a href=\"https:\/\/mosequipment.com\/collections\/faraday-supplies\/products\/titanrf-faraday-fabric\">TitanRF\u2122 Faraday-v\u00e4v<\/a>\u00a0p\u00e5 alla sidor med dubbla parade s\u00f6mmar. N\u00e4r generatorn eller elektroniken \u00e4r ordentligt innesluten i v\u00e4skan blir de isolerade fr\u00e5n tr\u00e5dl\u00f6sa signaler utifr\u00e5n. Skadliga effekter fr\u00e5n en EMP eller relaterad h\u00e4ndelse kan inte tr\u00e4nga igenom p\u00e5sen f\u00f6r att f\u00f6rst\u00f6ra de elektriska komponenterna inuti. V\u00e4skan blockerar WiFi (2,4 &amp; 5GHz), Bluetooth, mobilsignaler inklusive 5G-n\u00e4tverk, GPS, RFID, NFC och radiosignaler fr\u00e5n l\u00e5ga MHz till 40GHz. Den fullst\u00e4ndiga signalavst\u00e4ngningen g\u00f6r det ocks\u00e5 m\u00f6jligt f\u00f6r dig att g\u00e5 off-grid och h\u00e5lla elektroniska enheter osp\u00e5rbara. Detta \u00e4r den ultimata s\u00e4kerhetsv\u00e4skan f\u00f6r att skydda stor \u00f6verlevnadselektronik fr\u00e5n en naturlig eller konstgjord katastroff\u00f6reteelse som en EMP eller CME.<\/p>\n<\/div>\n<\/div>","protected":false},"excerpt":{"rendered":"<p>Mission Darkness\u2122 Revelation EMP Shield \u00e4r en extremt stor faradayp\u00e5se som \u00e4r s\u00e4rskilt utformad f\u00f6r att skydda generatorer, stor elektronik och \u00f6verlevnadsutrustning fr\u00e5n de skadliga effekterna av en elektromagnetisk puls (EMP) eller koronal massutkastning (CME). V\u00e4skan har testats i laboratorium och certifierats som \"kompatibel\" f\u00f6r\u00a0<a href=\"https:\/\/mosequipment.com\/pages\/compliance-testing\" target=\"_blank\" rel=\"noopener\">MIL-STD-188-125<\/a>, Elektromagnetiskt skydd p\u00e5 h\u00f6g h\u00f6jd f\u00f6r markbaserade C4I-anl\u00e4ggningar. Resultaten s\u00e4kerst\u00e4ller att produkten \u00f6vertr\u00e4ffar milit\u00e4ra krav p\u00e5 avsk\u00e4rmning f\u00f6r att hantera naturliga eller konstgjorda EMP. I h\u00e4ndelse av en EMP eller CME kan allt fr\u00e5n elektrisk infrastruktur p\u00e5 nationell niv\u00e5 till personlig elektronik f\u00f6rst\u00f6ras, vilket \u00e4r anledningen till att det \u00e4r absolut n\u00f6dv\u00e4ndigt att skydda \u00f6verlevnadselektronik. De h\u00f6ga avsk\u00e4rmningsegenskaperna hos Revelation EMP Shield riktar skadliga elektromagnetiska f\u00e4lt bort fr\u00e5n mycket k\u00e4nsliga elektriska komponenter och skyddar d\u00e4rmed deras fungerande struktur.<\/p>","protected":false},"featured_media":8844,"template":"","meta":{"content-type":""},"product_brand":[],"product_cat":[108],"product_tag":[],"class_list":{"0":"post-8840","1":"product","2":"type-product","3":"status-publish","4":"has-post-thumbnail","6":"product_cat-future-physical-products","8":"first","9":"instock","10":"taxable","11":"shipping-taxable","12":"purchasable","13":"product-type-simple"},"acf":[],"yoast_head":"<!-- This site is optimized with the Yoast SEO Premium plugin v27.3 (Yoast SEO v27.3) - https:\/\/yoast.com\/product\/yoast-seo-premium-wordpress\/ -->\n<title>Mission Darkness\u2122 Revelation EMP Shield for Generators - Elusive Data<\/title>\n<meta name=\"robots\" content=\"index, follow, max-snippet:-1, max-image-preview:large, max-video-preview:-1\" \/>\n<link rel=\"canonical\" href=\"https:\/\/elusivedata.io\/sv\/produkt\/mission-morker-uppenbarelse-emp-skold-for-generatorer\/\" \/>\n<meta property=\"og:locale\" content=\"sv_SE\" \/>\n<meta property=\"og:type\" content=\"article\" \/>\n<meta property=\"og:title\" content=\"Mission Darkness\u2122 Revelation EMP Shield for Generators\" \/>\n<meta property=\"og:description\" content=\"The Mission Darkness\u2122 Revelation EMP Shield is an extremely large faraday bag designed specifically to protect generators, large electronics, and survival gear from the damaging effects of an electromagnetic pulse (EMP) or coronal mass ejection (CME). The bag has been lab tested and certified &quot;compliant&quot; for\u00a0MIL-STD-188-125, High-Altitude Electromagnetic Protection for Ground Based C4I Facilities. The results ensure that the product surpasses military shielding requirements to handle natural or man-made EMPs. In the case of an EMP or CME, everything from electrical infrastructure on a national level to personal electronics could be destroyed, which is why it\u2019s imperative to shield survival electronics. The high-shielding properties of the Revelation EMP Shield direct damaging electromagnetic fields away from highly sensitive electrical components, thus protecting their working structure.\" \/>\n<meta property=\"og:url\" content=\"https:\/\/elusivedata.io\/sv\/produkt\/mission-morker-uppenbarelse-emp-skold-for-generatorer\/\" \/>\n<meta property=\"og:site_name\" content=\"Elusive Data\" \/>\n<meta property=\"article:modified_time\" content=\"2025-06-24T06:31:05+00:00\" \/>\n<meta property=\"og:image\" content=\"https:\/\/elusivedata.io\/wp-content\/uploads\/2025\/06\/DSC00047_480x480.webp\" \/>\n\t<meta property=\"og:image:width\" content=\"480\" \/>\n\t<meta property=\"og:image:height\" content=\"480\" \/>\n\t<meta property=\"og:image:type\" content=\"image\/webp\" \/>\n<meta name=\"twitter:card\" content=\"summary_large_image\" \/>\n<meta name=\"twitter:label1\" content=\"Ber\u00e4knad l\u00e4stid\" \/>\n\t<meta name=\"twitter:data1\" content=\"2 minuter\" \/>\n<script type=\"application\/ld+json\" class=\"yoast-schema-graph\">{\"@context\":\"https:\\\/\\\/schema.org\",\"@graph\":[{\"@type\":\"WebPage\",\"@id\":\"https:\\\/\\\/elusivedata.io\\\/product\\\/mission-darkness-revelation-emp-shield-for-generators\\\/\",\"url\":\"https:\\\/\\\/elusivedata.io\\\/product\\\/mission-darkness-revelation-emp-shield-for-generators\\\/\",\"name\":\"Mission Darkness\u2122 Revelation EMP Shield for Generators - Elusive Data\",\"isPartOf\":{\"@id\":\"https:\\\/\\\/elusivedata.io\\\/#website\"},\"primaryImageOfPage\":{\"@id\":\"https:\\\/\\\/elusivedata.io\\\/product\\\/mission-darkness-revelation-emp-shield-for-generators\\\/#primaryimage\"},\"image\":{\"@id\":\"https:\\\/\\\/elusivedata.io\\\/product\\\/mission-darkness-revelation-emp-shield-for-generators\\\/#primaryimage\"},\"thumbnailUrl\":\"https:\\\/\\\/elusivedata.io\\\/wp-content\\\/uploads\\\/2025\\\/06\\\/DSC00047_480x480.webp\",\"datePublished\":\"2025-06-17T08:15:51+00:00\",\"dateModified\":\"2025-06-24T06:31:05+00:00\",\"breadcrumb\":{\"@id\":\"https:\\\/\\\/elusivedata.io\\\/product\\\/mission-darkness-revelation-emp-shield-for-generators\\\/#breadcrumb\"},\"inLanguage\":\"sv-SE\",\"potentialAction\":[{\"@type\":\"ReadAction\",\"target\":[\"https:\\\/\\\/elusivedata.io\\\/product\\\/mission-darkness-revelation-emp-shield-for-generators\\\/\"]}]},{\"@type\":\"ImageObject\",\"inLanguage\":\"sv-SE\",\"@id\":\"https:\\\/\\\/elusivedata.io\\\/product\\\/mission-darkness-revelation-emp-shield-for-generators\\\/#primaryimage\",\"url\":\"https:\\\/\\\/elusivedata.io\\\/wp-content\\\/uploads\\\/2025\\\/06\\\/DSC00047_480x480.webp\",\"contentUrl\":\"https:\\\/\\\/elusivedata.io\\\/wp-content\\\/uploads\\\/2025\\\/06\\\/DSC00047_480x480.webp\",\"width\":480,\"height\":480,\"caption\":\"Mission Darkness Faraday bag detail \u2014 RF shielding for mobile device evidence collection\"},{\"@type\":\"BreadcrumbList\",\"@id\":\"https:\\\/\\\/elusivedata.io\\\/product\\\/mission-darkness-revelation-emp-shield-for-generators\\\/#breadcrumb\",\"itemListElement\":[{\"@type\":\"ListItem\",\"position\":1,\"name\":\"Home\",\"item\":\"https:\\\/\\\/elusivedata.io\\\/\"},{\"@type\":\"ListItem\",\"position\":2,\"name\":\"Products\",\"item\":\"https:\\\/\\\/elusivedata.io\\\/shop\\\/\"},{\"@type\":\"ListItem\",\"position\":3,\"name\":\"Mission Darkness\u2122 Revelation EMP Shield for Generators\"}]},{\"@type\":\"WebSite\",\"@id\":\"https:\\\/\\\/elusivedata.io\\\/#website\",\"url\":\"https:\\\/\\\/elusivedata.io\\\/\",\"name\":\"ElusiveData\",\"description\":\"Excellence in Digital Forensics Training and Consulting\",\"publisher\":{\"@id\":\"https:\\\/\\\/elusivedata.io\\\/#organization\"},\"potentialAction\":[{\"@type\":\"SearchAction\",\"target\":{\"@type\":\"EntryPoint\",\"urlTemplate\":\"https:\\\/\\\/elusivedata.io\\\/?s={search_term_string}\"},\"query-input\":{\"@type\":\"PropertyValueSpecification\",\"valueRequired\":true,\"valueName\":\"search_term_string\"}}],\"inLanguage\":\"sv-SE\"},{\"@type\":\"Organization\",\"@id\":\"https:\\\/\\\/elusivedata.io\\\/#organization\",\"name\":\"ElusiveData\",\"url\":\"https:\\\/\\\/elusivedata.io\\\/\",\"logo\":{\"@type\":\"ImageObject\",\"inLanguage\":\"sv-SE\",\"@id\":\"https:\\\/\\\/elusivedata.io\\\/#\\\/schema\\\/logo\\\/image\\\/\",\"url\":\"https:\\\/\\\/elusivedata.io\\\/wp-content\\\/uploads\\\/2024\\\/11\\\/Asset-3_2x-scaled.png\",\"contentUrl\":\"https:\\\/\\\/elusivedata.io\\\/wp-content\\\/uploads\\\/2024\\\/11\\\/Asset-3_2x-scaled.png\",\"width\":2560,\"height\":370,\"caption\":\"ElusiveData\"},\"image\":{\"@id\":\"https:\\\/\\\/elusivedata.io\\\/#\\\/schema\\\/logo\\\/image\\\/\"},\"sameAs\":[\"https:\\\/\\\/www.youtube.com\\\/@elusivedata\"]}]}<\/script>\n<!-- \/ Yoast SEO Premium plugin. -->","yoast_head_json":{"title":"Mission Darkness\u2122 Uppenbarelse EMP-sk\u00f6ld f\u00f6r generatorer - Elusive Data","robots":{"index":"index","follow":"follow","max-snippet":"max-snippet:-1","max-image-preview":"max-image-preview:large","max-video-preview":"max-video-preview:-1"},"canonical":"https:\/\/elusivedata.io\/sv\/produkt\/mission-morker-uppenbarelse-emp-skold-for-generatorer\/","og_locale":"sv_SE","og_type":"article","og_title":"Mission Darkness\u2122 Revelation EMP Shield for Generators","og_description":"The Mission Darkness\u2122 Revelation EMP Shield is an extremely large faraday bag designed specifically to protect generators, large electronics, and survival gear from the damaging effects of an electromagnetic pulse (EMP) or coronal mass ejection (CME). The bag has been lab tested and certified \"compliant\" for\u00a0MIL-STD-188-125, High-Altitude Electromagnetic Protection for Ground Based C4I Facilities. The results ensure that the product surpasses military shielding requirements to handle natural or man-made EMPs. In the case of an EMP or CME, everything from electrical infrastructure on a national level to personal electronics could be destroyed, which is why it\u2019s imperative to shield survival electronics. The high-shielding properties of the Revelation EMP Shield direct damaging electromagnetic fields away from highly sensitive electrical components, thus protecting their working structure.","og_url":"https:\/\/elusivedata.io\/sv\/produkt\/mission-morker-uppenbarelse-emp-skold-for-generatorer\/","og_site_name":"Elusive Data","article_modified_time":"2025-06-24T06:31:05+00:00","og_image":[{"width":480,"height":480,"url":"https:\/\/elusivedata.io\/wp-content\/uploads\/2025\/06\/DSC00047_480x480.webp","type":"image\/webp"}],"twitter_card":"summary_large_image","twitter_misc":{"Ber\u00e4knad l\u00e4stid":"2 minuter"},"schema":{"@context":"https:\/\/schema.org","@graph":[{"@type":"WebPage","@id":"https:\/\/elusivedata.io\/product\/mission-darkness-revelation-emp-shield-for-generators\/","url":"https:\/\/elusivedata.io\/product\/mission-darkness-revelation-emp-shield-for-generators\/","name":"Mission Darkness\u2122 Uppenbarelse EMP-sk\u00f6ld f\u00f6r generatorer - Elusive Data","isPartOf":{"@id":"https:\/\/elusivedata.io\/#website"},"primaryImageOfPage":{"@id":"https:\/\/elusivedata.io\/product\/mission-darkness-revelation-emp-shield-for-generators\/#primaryimage"},"image":{"@id":"https:\/\/elusivedata.io\/product\/mission-darkness-revelation-emp-shield-for-generators\/#primaryimage"},"thumbnailUrl":"https:\/\/elusivedata.io\/wp-content\/uploads\/2025\/06\/DSC00047_480x480.webp","datePublished":"2025-06-17T08:15:51+00:00","dateModified":"2025-06-24T06:31:05+00:00","breadcrumb":{"@id":"https:\/\/elusivedata.io\/product\/mission-darkness-revelation-emp-shield-for-generators\/#breadcrumb"},"inLanguage":"sv-SE","potentialAction":[{"@type":"ReadAction","target":["https:\/\/elusivedata.io\/product\/mission-darkness-revelation-emp-shield-for-generators\/"]}]},{"@type":"ImageObject","inLanguage":"sv-SE","@id":"https:\/\/elusivedata.io\/product\/mission-darkness-revelation-emp-shield-for-generators\/#primaryimage","url":"https:\/\/elusivedata.io\/wp-content\/uploads\/2025\/06\/DSC00047_480x480.webp","contentUrl":"https:\/\/elusivedata.io\/wp-content\/uploads\/2025\/06\/DSC00047_480x480.webp","width":480,"height":480,"caption":"Mission Darkness Faraday bag detail \u2014 RF shielding for mobile device evidence collection"},{"@type":"BreadcrumbList","@id":"https:\/\/elusivedata.io\/product\/mission-darkness-revelation-emp-shield-for-generators\/#breadcrumb","itemListElement":[{"@type":"ListItem","position":1,"name":"Home","item":"https:\/\/elusivedata.io\/"},{"@type":"ListItem","position":2,"name":"Products","item":"https:\/\/elusivedata.io\/shop\/"},{"@type":"ListItem","position":3,"name":"Mission Darkness\u2122 Revelation EMP Shield for Generators"}]},{"@type":"WebSite","@id":"https:\/\/elusivedata.io\/#website","url":"https:\/\/elusivedata.io\/","name":"ElusiveData","description":"Utbildning och r\u00e5dgivning inom digital kriminalteknik","publisher":{"@id":"https:\/\/elusivedata.io\/#organization"},"potentialAction":[{"@type":"SearchAction","target":{"@type":"EntryPoint","urlTemplate":"https:\/\/elusivedata.io\/?s={search_term_string}"},"query-input":{"@type":"PropertyValueSpecification","valueRequired":true,"valueName":"search_term_string"}}],"inLanguage":"sv-SE"},{"@type":"Organization","@id":"https:\/\/elusivedata.io\/#organization","name":"ElusiveData","url":"https:\/\/elusivedata.io\/","logo":{"@type":"ImageObject","inLanguage":"sv-SE","@id":"https:\/\/elusivedata.io\/#\/schema\/logo\/image\/","url":"https:\/\/elusivedata.io\/wp-content\/uploads\/2024\/11\/Asset-3_2x-scaled.png","contentUrl":"https:\/\/elusivedata.io\/wp-content\/uploads\/2024\/11\/Asset-3_2x-scaled.png","width":2560,"height":370,"caption":"ElusiveData"},"image":{"@id":"https:\/\/elusivedata.io\/#\/schema\/logo\/image\/"},"sameAs":["https:\/\/www.youtube.com\/@elusivedata"]}]}},"_links":{"self":[{"href":"https:\/\/elusivedata.io\/sv\/wp-json\/wp\/v2\/product\/8840","targetHints":{"allow":["GET"]}}],"collection":[{"href":"https:\/\/elusivedata.io\/sv\/wp-json\/wp\/v2\/product"}],"about":[{"href":"https:\/\/elusivedata.io\/sv\/wp-json\/wp\/v2\/types\/product"}],"version-history":[{"count":2,"href":"https:\/\/elusivedata.io\/sv\/wp-json\/wp\/v2\/product\/8840\/revisions"}],"predecessor-version":[{"id":10126,"href":"https:\/\/elusivedata.io\/sv\/wp-json\/wp\/v2\/product\/8840\/revisions\/10126"}],"wp:featuredmedia":[{"embeddable":true,"href":"https:\/\/elusivedata.io\/sv\/wp-json\/wp\/v2\/media\/8844"}],"wp:attachment":[{"href":"https:\/\/elusivedata.io\/sv\/wp-json\/wp\/v2\/media?parent=8840"}],"wp:term":[{"taxonomy":"product_brand","embeddable":true,"href":"https:\/\/elusivedata.io\/sv\/wp-json\/wp\/v2\/product_brand?post=8840"},{"taxonomy":"product_cat","embeddable":true,"href":"https:\/\/elusivedata.io\/sv\/wp-json\/wp\/v2\/product_cat?post=8840"},{"taxonomy":"product_tag","embeddable":true,"href":"https:\/\/elusivedata.io\/sv\/wp-json\/wp\/v2\/product_tag?post=8840"}],"curies":[{"name":"wp","href":"https:\/\/api.w.org\/{rel}","templated":true}]}}