{"id":7104,"date":"2025-06-17T08:15:53","date_gmt":"2025-06-17T08:15:53","guid":{"rendered":"https:\/\/elusivedata.io\/?post_type=product&#038;p=7104"},"modified":"2025-06-24T06:30:57","modified_gmt":"2025-06-24T06:30:57","slug":"mission-darkness-faradayvaska-utan-fonster-for-telefoner","status":"publish","type":"product","link":"https:\/\/elusivedata.io\/sv\/product\/mission-darkness-non-window-faraday-bag-for-phones\/","title":{"rendered":"Mission Darkness\u2122 Faradayv\u00e4ska utan f\u00f6nster f\u00f6r telefoner"},"content":{"rendered":"<div data-elementor-type=\"product-post\" data-elementor-id=\"7104\" class=\"elementor elementor-7104\" data-elementor-post-type=\"product\">\n\t\t\t\t<div class=\"elementor-element elementor-element-347fe6d2 e-flex e-con-boxed e-con e-parent\" data-id=\"347fe6d2\" data-element_type=\"container\" data-e-type=\"container\">\n\t\t\t\t\t<div class=\"e-con-inner\">\n\t\t\t\t<div class=\"elementor-element elementor-element-322b7be9 elementor-widget elementor-widget-text-editor\" data-id=\"322b7be9\" data-element_type=\"widget\" data-e-type=\"widget\" data-widget_type=\"text-editor.default\">\n\t\t\t\t<div class=\"elementor-widget-container\">\n\t\t\t\t\t\t\t\t\t<div id=\"s-05dc07eb-99c9-4894-bd54-ad282338cdfc\" class=\"shg-c shg-align-left\"><div class=\"shogun-heading-component\"><h3>H\u00c5LL MOBILTELEFONER OCH SM\u00c5 ENHETER SKYDDADE<\/h3><\/div><\/div><div id=\"s-de9267bc-e0ff-486e-b2ef-edb390020d38\" class=\"shg-c\"><div class=\"shg-rich-text shg-theme-text-content\"><p><span data-fontfamily=\"Open Sans\">Mission Darkness\u2122 Faraday-v\u00e4ska utan f\u00f6nster f\u00f6r telefoner blockerar helt alla tr\u00e5dl\u00f6sa signaler och h\u00e5ller sm\u00e5 elektroniska enheter skyddade f\u00f6r att f\u00f6rhindra hackning, sp\u00e5rning, spionage och korruption i v\u00e5rdkedjan. N\u00e4r en mobiltelefon \u00e4r ordentligt innesluten i v\u00e4skan kan inga appar eller skadlig kod fj\u00e4rrutl\u00f6sas eller raderas, ingen kommunikation kan tr\u00e4nga igenom och ingen kan komma \u00e5t mikrofonen, kameran, GPS-positionen eller data. Prim\u00e4ra anv\u00e4ndningsomr\u00e5den \u00e4r f\u00f6r brottsbek\u00e4mpning och milit\u00e4r kriminalteknisk bevisinsamling, f\u00f6rsvar mot datast\u00f6ld, personlig s\u00e4kerhet, EMP-skydd, minskning av EMF-str\u00e5lning och f\u00f6r att f\u00f6rb\u00e4ttra den digitala integriteten.<\/span><\/p><p class=\"a-spacing-base\"><span data-fontfamily=\"Open Sans\">V\u00e4skan \u00e4r tillverkad av ett slitstarkt och vattenavvisande yttermaterial i ballistisk nylon f\u00f6r att s\u00e4kerst\u00e4lla att enheter och Faraday-v\u00e4v h\u00e5ller sig torra och skyddade. Inv\u00e4ndigt finns tv\u00e5 lager av h\u00f6gavsk\u00e4rmande TitanRF\u2122 Faraday Fabric p\u00e5 alla sidor med dubbla s\u00f6mmar. V\u00e4skan blockerar alla tr\u00e5dl\u00f6sa signaler som WiFi (2,4 &amp; 5 GHz), Bluetooth, mobilsignaler inklusive 5G-n\u00e4tverk, GPS, RFID, NFC och radiosignaler fr\u00e5n l\u00e5ga MHz till 40 GHz. Ytterligare produktegenskaper inkluderar en dubbel rulle med kardborrest\u00e4ngning, unikt serienummer och transparent ficka f\u00f6r varum\u00e4rkesprofilering.<\/span><\/p><p class=\"a-spacing-base\"><span data-fontfamily=\"Open Sans\">V\u00e4skan anv\u00e4nds vanligtvis f\u00f6r att skydda mobiltelefoner, pass, GPS-enheter, transpondrar, komradioapparater, nyckelbrickor, smarta klockor och elektronik i liknande storlekar.<\/span><\/p><\/div><\/div><div id=\"s-de9267bc-e0ff-486e-b2ef-edb390020d38\" class=\"shg-c\"><p><iframe title=\"Faradayv\u00e4ska utan f\u00f6nster f\u00f6r telefoner\" width=\"800\" height=\"450\" src=\"https:\/\/www.youtube.com\/embed\/zJYacX-eBu4?feature=oembed&enablejsapi=1&origin=https:\/\/elusivedata.io\" frameborder=\"0\" allow=\"accelerometer; autoplay; clipboard-write; encrypted-media; gyroscope; picture-in-picture; web-share\" referrerpolicy=\"strict-origin-when-cross-origin\" allowfullscreen><\/iframe><\/p><div id=\"s-16808c6f-83c1-43be-8828-10073cc85317\" class=\"shg-c shg-align-left\"><div class=\"shogun-heading-component\"><h3>FUNKTIONER<\/h3><\/div><\/div><div id=\"s-88f77b33-5a3e-4ac5-92bd-688439304562\" class=\"shg-c\"><div class=\"shg-rich-text shg-theme-text-content\"><ul class=\"a-vertical a-spacing-none\"><li>Milit\u00e4rklassad faradayv\u00e4ska utformad f\u00f6r r\u00e4ttsmedicinska utredare och f\u00f6rsvarsmakten f\u00f6r att skydda elektroniska enheter fr\u00e5n RF-signaler; anv\u00e4nds \u00e4ven f\u00f6r att minska EMF-str\u00e5lning, resor f\u00f6r chefer, personlig s\u00e4kerhet och EMP-skydd<\/li><li>V\u00e4ska i telefonstorlek skyddar mobiltelefoner, GPS-enheter, elektroniska v\u00e4gtullstranspondrar (som E-ZPass), nyckelbrickor, smarta klockor eller andra enheter av liknande storlek<\/li><li>Tv\u00e5 lager av h\u00f6gavsk\u00e4rmande TitanRF Faraday Fabric p\u00e5 alla insidor med dubbla parade s\u00f6mmar (TitanRF Faraday Fabric \u00e4r laboratorietestad och certifierad enligt standarderna f\u00f6r avsk\u00e4rmningseffektivitet MIL STD 188-125 och IEEE 299-2006)<\/li><li><span class=\"a-list-item\">Blockerar WiFi (2,4 &amp; 5GHz), Bluetooth, mobilsignaler inklusive 5G-n\u00e4tverk, GPS, RFID, NFC och radiosignaler fr\u00e5n l\u00e5ga MHz till 40GHz<\/span><\/li><li>Avsk\u00e4rmning mot EMI-, EMR- och EMF-str\u00e5lning<\/li><li><span class=\"a-list-item\">Unik serialisering f\u00f6r sp\u00e5rning av tillg\u00e5ngar och bevis p\u00e5 sp\u00e5rbarhet<\/span><\/li><li><span class=\"a-list-item\">Transparent ficka p\u00e5 baksidan f\u00f6r att visa information om byr\u00e5n<\/span><\/li><li><span class=\"a-list-item\">Yttermaterial i vattenavvisande ballistisk nylon<\/span><\/li><li>S\u00e4ker dubbel rulle och kardborrekn\u00e4ppning<\/li><li>Stor \u00f6ppning som rymmer mobiltelefoner i alla storlekar<\/li><\/ul><\/div><\/div><\/div><div id=\"s-de9267bc-e0ff-486e-b2ef-edb390020d38\" class=\"shg-c\"><div id=\"s-7a55e557-9bc3-4dd3-bdf2-0ae7b2269817\" class=\"shg-c shg-align-left\"><div class=\"shogun-heading-component\"><h3>DIMENSIONER<\/h3><\/div><\/div><div id=\"s-d665d525-ab11-4f82-b462-839c1ffaa899\" class=\"shg-c\"><div class=\"shg-rich-text shg-theme-text-content\"><ul class=\"a-vertical a-spacing-none\"><li><span class=\"a-list-item\">Inv\u00e4ndiga anv\u00e4ndningsm\u00e5tt i st\u00e4ngt l\u00e4ge (enheten m\u00e5ste rymmas inom dessa m\u00e5tt): 9,5\u2033 x 5,5\u2033 (24,1cm x 14cm)<\/span><\/li><li><span class=\"a-list-item\">Ytterm\u00e5tt n\u00e4r den \u00e4r \u00f6ppen: 9,75\u2033 x 9,5\u2033 x 0,2\u2033 (24,8cm x 24,1cm x 5,1mm)<\/span><\/li><\/ul><\/div><div id=\"s-7fe8e632-2a68-4f1e-a672-9bf6e93c2602\" class=\"shg-c shg-align-left\"><div class=\"shogun-heading-component\"><h3>ANV\u00c4NDS VANLIGEN F\u00d6R ATT AVSK\u00c4RMA<\/h3><\/div><\/div><div id=\"s-d32a8be4-a495-4b24-b173-e7d574ceda58\" class=\"shg-c\"><div class=\"shg-row\" data-col-grid-mode-on=\"\"><div class=\"shg-c-lg-6 shg-c-md-6 shg-c-sm-6 shg-c-xs-12\"><div id=\"s-b13c692e-1ea7-47ff-b1f6-9b49bc7a49ee\" class=\"shg-c\"><div class=\"shg-rich-text shg-theme-text-content\"><ul><li>Mobiltelefoner<\/li><li>Transpondrar<\/li><li>Pass<\/li><li>GPS-enheter<\/li><li>Nyckelbrickor<\/li><\/ul><\/div><\/div><\/div><div class=\"shg-c-lg-6 shg-c-md-6 shg-c-sm-6 shg-c-xs-12\"><div id=\"s-83332800-ba2e-4d59-9116-947634d283aa\" class=\"shg-c\"><div class=\"shg-rich-text shg-theme-text-content\"><ul><li>Kreditkort<\/li><li>Passerkort f\u00f6r byggnader<\/li><li>Smarta klockor<\/li><li>S\u00e4ndare<\/li><li>Tv\u00e5v\u00e4gsradioapparater<\/li><\/ul><\/div><\/div><\/div><\/div><\/div><div id=\"s-b2149c1d-8dbe-4fd9-9291-ee91541fa6fd\" class=\"shg-c shg-align-left\"><div class=\"shogun-heading-component\"><h3>L\u00c4GG ENKELT TILL INFORMATION OM AVDELNING\/BYR\u00c5<\/h3><\/div><\/div><div id=\"s-b135e7de-96df-4928-a1d2-577541467120\" class=\"shg-c\"><div class=\"shg-rich-text shg-theme-text-content\"><p>Mission Darkness faradayv\u00e4skor har en ficka med kardborref\u00f6rsegling p\u00e5 baksidan d\u00e4r man kan placera ett visitkort eller ett mer permanent klisterm\u00e4rke. Det finns inget behov av att silkscreena din avdelningsinformation p\u00e5 v\u00e4skan. Om du vill ha ett permanent s\u00e4tt att m\u00e4rka v\u00e4skorna kan vi l\u00e4gga till v\u00e4vda etiketter under produktionen. Kontakta oss f\u00f6r att diskutera alternativen.<\/p><\/div><\/div><\/div><\/div>\t\t\t\t\t\t\t\t<\/div>\n\t\t\t\t<\/div>\n\t\t\t\t\t<\/div>\n\t\t\t\t<\/div>\n\t\t<div class=\"elementor-element elementor-element-b25f885 e-flex e-con-boxed e-con e-parent\" data-id=\"b25f885\" data-element_type=\"container\" data-e-type=\"container\">\n\t\t\t\t\t<div class=\"e-con-inner\">\n\t\t<div class=\"elementor-element elementor-element-5822c12 e-con-full e-flex e-con e-child\" data-id=\"5822c12\" data-element_type=\"container\" data-e-type=\"container\">\n\t\t\t\t<div class=\"elementor-element elementor-element-a64f718 elementor-widget elementor-widget-image\" data-id=\"a64f718\" data-element_type=\"widget\" data-e-type=\"widget\" data-widget_type=\"image.default\">\n\t\t\t\t<div class=\"elementor-widget-container\">\n\t\t\t\t\t\t\t\t\t\t\t\t\t\t\t<img fetchpriority=\"high\" decoding=\"async\" width=\"480\" height=\"480\" src=\"https:\/\/elusivedata.io\/wp-content\/uploads\/2025\/05\/SNW_wall_large.webp\" class=\"attachment-large size-large wp-image-7108\" alt=\"Mission Darkness signal non-window Faraday wall mount \u2014 RF shielding installation\" srcset=\"https:\/\/elusivedata.io\/wp-content\/uploads\/2025\/05\/SNW_wall_large.webp 480w, https:\/\/elusivedata.io\/wp-content\/uploads\/2025\/05\/SNW_wall_large-300x300.webp 300w, https:\/\/elusivedata.io\/wp-content\/uploads\/2025\/05\/SNW_wall_large-150x150.webp 150w, https:\/\/elusivedata.io\/wp-content\/uploads\/2025\/05\/SNW_wall_large-12x12.webp 12w, https:\/\/elusivedata.io\/wp-content\/uploads\/2025\/05\/SNW_wall_large-320x320.webp 320w, https:\/\/elusivedata.io\/wp-content\/uploads\/2025\/05\/SNW_wall_large-100x100.webp 100w\" sizes=\"(max-width: 480px) 100vw, 480px\" \/>\t\t\t\t\t\t\t\t\t\t\t\t\t\t\t<\/div>\n\t\t\t\t<\/div>\n\t\t\t\t<\/div>\n\t\t<div class=\"elementor-element elementor-element-d454967 e-con-full e-flex e-con e-child\" data-id=\"d454967\" data-element_type=\"container\" data-e-type=\"container\">\n\t\t\t\t<div class=\"elementor-element elementor-element-96afd19 elementor-widget elementor-widget-image\" data-id=\"96afd19\" data-element_type=\"widget\" data-e-type=\"widget\" data-widget_type=\"image.default\">\n\t\t\t\t<div class=\"elementor-widget-container\">\n\t\t\t\t\t\t\t\t\t\t\t\t\t\t\t<img decoding=\"async\" width=\"480\" height=\"480\" src=\"https:\/\/elusivedata.io\/wp-content\/uploads\/2025\/05\/TPW01677_large.webp\" class=\"attachment-large size-large wp-image-7106\" alt=\"Mission Darkness Faraday bag studio shot \u2014 professional signal-blocking equipment\" srcset=\"https:\/\/elusivedata.io\/wp-content\/uploads\/2025\/05\/TPW01677_large.webp 480w, https:\/\/elusivedata.io\/wp-content\/uploads\/2025\/05\/TPW01677_large-300x300.webp 300w, https:\/\/elusivedata.io\/wp-content\/uploads\/2025\/05\/TPW01677_large-150x150.webp 150w, https:\/\/elusivedata.io\/wp-content\/uploads\/2025\/05\/TPW01677_large-12x12.webp 12w, https:\/\/elusivedata.io\/wp-content\/uploads\/2025\/05\/TPW01677_large-320x320.webp 320w, https:\/\/elusivedata.io\/wp-content\/uploads\/2025\/05\/TPW01677_large-100x100.webp 100w\" sizes=\"(max-width: 480px) 100vw, 480px\" \/>\t\t\t\t\t\t\t\t\t\t\t\t\t\t\t<\/div>\n\t\t\t\t<\/div>\n\t\t\t\t<\/div>\n\t\t\t\t\t<\/div>\n\t\t\t\t<\/div>\n\t\t\t\t<\/div>","protected":false},"excerpt":{"rendered":"<p>Mission Darkness\u2122 Faraday-v\u00e4ska utan f\u00f6nster f\u00f6r telefoner blockerar helt alla tr\u00e5dl\u00f6sa signaler och h\u00e5ller sm\u00e5 elektroniska enheter skyddade f\u00f6r att f\u00f6rhindra hackning, sp\u00e5rning, spionage och korruption i v\u00e5rdkedjan. N\u00e4r en mobiltelefon \u00e4r ordentligt innesluten i v\u00e4skan kan inga appar eller skadlig kod fj\u00e4rrutl\u00f6sas eller raderas, ingen kommunikation kan tr\u00e4nga igenom och ingen kan komma \u00e5t mikrofonen, kameran, GPS-positionen eller data. Prim\u00e4ra anv\u00e4ndningsomr\u00e5den \u00e4r f\u00f6r brottsbek\u00e4mpning och milit\u00e4r kriminalteknisk bevisinsamling, f\u00f6rsvar mot datast\u00f6ld, personlig s\u00e4kerhet, EMP-skydd, minskning av EMF-str\u00e5lning och f\u00f6r att f\u00f6rb\u00e4ttra den digitala integriteten.<\/p>","protected":false},"featured_media":7105,"template":"","meta":{"content-type":""},"product_brand":[],"product_cat":[108],"product_tag":[],"class_list":{"0":"post-7104","1":"product","2":"type-product","3":"status-publish","4":"has-post-thumbnail","6":"product_cat-future-physical-products","8":"first","9":"instock","10":"taxable","11":"shipping-taxable","12":"purchasable","13":"product-type-simple"},"acf":[],"yoast_head":"<!-- This site is optimized with the Yoast SEO Premium plugin v27.3 (Yoast SEO v27.3) - https:\/\/yoast.com\/product\/yoast-seo-premium-wordpress\/ -->\n<title>Mission Darkness\u2122 Non-Window Faraday Bag for Phones - Elusive Data<\/title>\n<meta name=\"robots\" content=\"index, follow, max-snippet:-1, max-image-preview:large, max-video-preview:-1\" \/>\n<link rel=\"canonical\" href=\"https:\/\/elusivedata.io\/sv\/produkt\/mission-darkness-faradayvaska-utan-fonster-for-telefoner\/\" \/>\n<meta property=\"og:locale\" content=\"sv_SE\" \/>\n<meta property=\"og:type\" content=\"article\" \/>\n<meta property=\"og:title\" content=\"Mission Darkness\u2122 Non-Window Faraday Bag for Phones\" \/>\n<meta property=\"og:description\" content=\"The Mission Darkness\u2122 Non-window Faraday Bag for Phones completely blocks all wireless signals and keeps small electronic devices shielded to prevent hacking, tracking, spying, and chain of custody corruption. When a cell phone is properly enclosed in the bag, no apps or malicious code can be remotely triggered or wiped, no communication can penetrate, and no one can access the microphone, camera, GPS location, or data. Primary uses are for law enforcement and military forensic evidence collection, defense against data theft, personal security, EMP protection, EMF radiation reduction, and to enhance digital privacy.\" \/>\n<meta property=\"og:url\" content=\"https:\/\/elusivedata.io\/sv\/produkt\/mission-darkness-faradayvaska-utan-fonster-for-telefoner\/\" \/>\n<meta property=\"og:site_name\" content=\"Elusive Data\" \/>\n<meta property=\"article:modified_time\" content=\"2025-06-24T06:30:57+00:00\" \/>\n<meta property=\"og:image\" content=\"https:\/\/elusivedata.io\/wp-content\/uploads\/2025\/05\/MOS-S-NW-Front_480x480.webp\" \/>\n\t<meta property=\"og:image:width\" content=\"480\" \/>\n\t<meta property=\"og:image:height\" content=\"480\" \/>\n\t<meta property=\"og:image:type\" content=\"image\/webp\" \/>\n<meta name=\"twitter:card\" content=\"summary_large_image\" \/>\n<script type=\"application\/ld+json\" class=\"yoast-schema-graph\">{\"@context\":\"https:\\\/\\\/schema.org\",\"@graph\":[{\"@type\":\"WebPage\",\"@id\":\"https:\\\/\\\/elusivedata.io\\\/product\\\/mission-darkness-non-window-faraday-bag-for-phones\\\/\",\"url\":\"https:\\\/\\\/elusivedata.io\\\/product\\\/mission-darkness-non-window-faraday-bag-for-phones\\\/\",\"name\":\"Mission Darkness\u2122 Non-Window Faraday Bag for Phones - Elusive Data\",\"isPartOf\":{\"@id\":\"https:\\\/\\\/elusivedata.io\\\/#website\"},\"primaryImageOfPage\":{\"@id\":\"https:\\\/\\\/elusivedata.io\\\/product\\\/mission-darkness-non-window-faraday-bag-for-phones\\\/#primaryimage\"},\"image\":{\"@id\":\"https:\\\/\\\/elusivedata.io\\\/product\\\/mission-darkness-non-window-faraday-bag-for-phones\\\/#primaryimage\"},\"thumbnailUrl\":\"https:\\\/\\\/elusivedata.io\\\/wp-content\\\/uploads\\\/2025\\\/05\\\/MOS-S-NW-Front_480x480.webp\",\"datePublished\":\"2025-06-17T08:15:53+00:00\",\"dateModified\":\"2025-06-24T06:30:57+00:00\",\"breadcrumb\":{\"@id\":\"https:\\\/\\\/elusivedata.io\\\/product\\\/mission-darkness-non-window-faraday-bag-for-phones\\\/#breadcrumb\"},\"inLanguage\":\"sv-SE\",\"potentialAction\":[{\"@type\":\"ReadAction\",\"target\":[\"https:\\\/\\\/elusivedata.io\\\/product\\\/mission-darkness-non-window-faraday-bag-for-phones\\\/\"]}]},{\"@type\":\"ImageObject\",\"inLanguage\":\"sv-SE\",\"@id\":\"https:\\\/\\\/elusivedata.io\\\/product\\\/mission-darkness-non-window-faraday-bag-for-phones\\\/#primaryimage\",\"url\":\"https:\\\/\\\/elusivedata.io\\\/wp-content\\\/uploads\\\/2025\\\/05\\\/MOS-S-NW-Front_480x480.webp\",\"contentUrl\":\"https:\\\/\\\/elusivedata.io\\\/wp-content\\\/uploads\\\/2025\\\/05\\\/MOS-S-NW-Front_480x480.webp\",\"width\":480,\"height\":480,\"caption\":\"Mission Darkness MOS Non-Window Faraday sleeve front view \u2014 mobile device shielding\"},{\"@type\":\"BreadcrumbList\",\"@id\":\"https:\\\/\\\/elusivedata.io\\\/product\\\/mission-darkness-non-window-faraday-bag-for-phones\\\/#breadcrumb\",\"itemListElement\":[{\"@type\":\"ListItem\",\"position\":1,\"name\":\"Home\",\"item\":\"https:\\\/\\\/elusivedata.io\\\/\"},{\"@type\":\"ListItem\",\"position\":2,\"name\":\"Products\",\"item\":\"https:\\\/\\\/elusivedata.io\\\/shop\\\/\"},{\"@type\":\"ListItem\",\"position\":3,\"name\":\"Mission Darkness\u2122 Non-Window Faraday Bag for Phones\"}]},{\"@type\":\"WebSite\",\"@id\":\"https:\\\/\\\/elusivedata.io\\\/#website\",\"url\":\"https:\\\/\\\/elusivedata.io\\\/\",\"name\":\"ElusiveData\",\"description\":\"Excellence in Digital Forensics Training and Consulting\",\"publisher\":{\"@id\":\"https:\\\/\\\/elusivedata.io\\\/#organization\"},\"potentialAction\":[{\"@type\":\"SearchAction\",\"target\":{\"@type\":\"EntryPoint\",\"urlTemplate\":\"https:\\\/\\\/elusivedata.io\\\/?s={search_term_string}\"},\"query-input\":{\"@type\":\"PropertyValueSpecification\",\"valueRequired\":true,\"valueName\":\"search_term_string\"}}],\"inLanguage\":\"sv-SE\"},{\"@type\":\"Organization\",\"@id\":\"https:\\\/\\\/elusivedata.io\\\/#organization\",\"name\":\"ElusiveData\",\"url\":\"https:\\\/\\\/elusivedata.io\\\/\",\"logo\":{\"@type\":\"ImageObject\",\"inLanguage\":\"sv-SE\",\"@id\":\"https:\\\/\\\/elusivedata.io\\\/#\\\/schema\\\/logo\\\/image\\\/\",\"url\":\"https:\\\/\\\/elusivedata.io\\\/wp-content\\\/uploads\\\/2024\\\/11\\\/Asset-3_2x-scaled.png\",\"contentUrl\":\"https:\\\/\\\/elusivedata.io\\\/wp-content\\\/uploads\\\/2024\\\/11\\\/Asset-3_2x-scaled.png\",\"width\":2560,\"height\":370,\"caption\":\"ElusiveData\"},\"image\":{\"@id\":\"https:\\\/\\\/elusivedata.io\\\/#\\\/schema\\\/logo\\\/image\\\/\"},\"sameAs\":[\"https:\\\/\\\/www.youtube.com\\\/@elusivedata\"]}]}<\/script>\n<!-- \/ Yoast SEO Premium plugin. -->","yoast_head_json":{"title":"Mission Darkness\u2122 Faradayv\u00e4ska utan f\u00f6nster f\u00f6r telefoner - Elusive Data","robots":{"index":"index","follow":"follow","max-snippet":"max-snippet:-1","max-image-preview":"max-image-preview:large","max-video-preview":"max-video-preview:-1"},"canonical":"https:\/\/elusivedata.io\/sv\/produkt\/mission-darkness-faradayvaska-utan-fonster-for-telefoner\/","og_locale":"sv_SE","og_type":"article","og_title":"Mission Darkness\u2122 Non-Window Faraday Bag for Phones","og_description":"The Mission Darkness\u2122 Non-window Faraday Bag for Phones completely blocks all wireless signals and keeps small electronic devices shielded to prevent hacking, tracking, spying, and chain of custody corruption. When a cell phone is properly enclosed in the bag, no apps or malicious code can be remotely triggered or wiped, no communication can penetrate, and no one can access the microphone, camera, GPS location, or data. Primary uses are for law enforcement and military forensic evidence collection, defense against data theft, personal security, EMP protection, EMF radiation reduction, and to enhance digital privacy.","og_url":"https:\/\/elusivedata.io\/sv\/produkt\/mission-darkness-faradayvaska-utan-fonster-for-telefoner\/","og_site_name":"Elusive Data","article_modified_time":"2025-06-24T06:30:57+00:00","og_image":[{"width":480,"height":480,"url":"https:\/\/elusivedata.io\/wp-content\/uploads\/2025\/05\/MOS-S-NW-Front_480x480.webp","type":"image\/webp"}],"twitter_card":"summary_large_image","schema":{"@context":"https:\/\/schema.org","@graph":[{"@type":"WebPage","@id":"https:\/\/elusivedata.io\/product\/mission-darkness-non-window-faraday-bag-for-phones\/","url":"https:\/\/elusivedata.io\/product\/mission-darkness-non-window-faraday-bag-for-phones\/","name":"Mission Darkness\u2122 Faradayv\u00e4ska utan f\u00f6nster f\u00f6r telefoner - Elusive Data","isPartOf":{"@id":"https:\/\/elusivedata.io\/#website"},"primaryImageOfPage":{"@id":"https:\/\/elusivedata.io\/product\/mission-darkness-non-window-faraday-bag-for-phones\/#primaryimage"},"image":{"@id":"https:\/\/elusivedata.io\/product\/mission-darkness-non-window-faraday-bag-for-phones\/#primaryimage"},"thumbnailUrl":"https:\/\/elusivedata.io\/wp-content\/uploads\/2025\/05\/MOS-S-NW-Front_480x480.webp","datePublished":"2025-06-17T08:15:53+00:00","dateModified":"2025-06-24T06:30:57+00:00","breadcrumb":{"@id":"https:\/\/elusivedata.io\/product\/mission-darkness-non-window-faraday-bag-for-phones\/#breadcrumb"},"inLanguage":"sv-SE","potentialAction":[{"@type":"ReadAction","target":["https:\/\/elusivedata.io\/product\/mission-darkness-non-window-faraday-bag-for-phones\/"]}]},{"@type":"ImageObject","inLanguage":"sv-SE","@id":"https:\/\/elusivedata.io\/product\/mission-darkness-non-window-faraday-bag-for-phones\/#primaryimage","url":"https:\/\/elusivedata.io\/wp-content\/uploads\/2025\/05\/MOS-S-NW-Front_480x480.webp","contentUrl":"https:\/\/elusivedata.io\/wp-content\/uploads\/2025\/05\/MOS-S-NW-Front_480x480.webp","width":480,"height":480,"caption":"Mission Darkness MOS Non-Window Faraday sleeve front view \u2014 mobile device shielding"},{"@type":"BreadcrumbList","@id":"https:\/\/elusivedata.io\/product\/mission-darkness-non-window-faraday-bag-for-phones\/#breadcrumb","itemListElement":[{"@type":"ListItem","position":1,"name":"Home","item":"https:\/\/elusivedata.io\/"},{"@type":"ListItem","position":2,"name":"Products","item":"https:\/\/elusivedata.io\/shop\/"},{"@type":"ListItem","position":3,"name":"Mission Darkness\u2122 Non-Window Faraday Bag for Phones"}]},{"@type":"WebSite","@id":"https:\/\/elusivedata.io\/#website","url":"https:\/\/elusivedata.io\/","name":"ElusiveData","description":"Utbildning och r\u00e5dgivning inom digital kriminalteknik","publisher":{"@id":"https:\/\/elusivedata.io\/#organization"},"potentialAction":[{"@type":"SearchAction","target":{"@type":"EntryPoint","urlTemplate":"https:\/\/elusivedata.io\/?s={search_term_string}"},"query-input":{"@type":"PropertyValueSpecification","valueRequired":true,"valueName":"search_term_string"}}],"inLanguage":"sv-SE"},{"@type":"Organization","@id":"https:\/\/elusivedata.io\/#organization","name":"ElusiveData","url":"https:\/\/elusivedata.io\/","logo":{"@type":"ImageObject","inLanguage":"sv-SE","@id":"https:\/\/elusivedata.io\/#\/schema\/logo\/image\/","url":"https:\/\/elusivedata.io\/wp-content\/uploads\/2024\/11\/Asset-3_2x-scaled.png","contentUrl":"https:\/\/elusivedata.io\/wp-content\/uploads\/2024\/11\/Asset-3_2x-scaled.png","width":2560,"height":370,"caption":"ElusiveData"},"image":{"@id":"https:\/\/elusivedata.io\/#\/schema\/logo\/image\/"},"sameAs":["https:\/\/www.youtube.com\/@elusivedata"]}]}},"_links":{"self":[{"href":"https:\/\/elusivedata.io\/sv\/wp-json\/wp\/v2\/product\/7104","targetHints":{"allow":["GET"]}}],"collection":[{"href":"https:\/\/elusivedata.io\/sv\/wp-json\/wp\/v2\/product"}],"about":[{"href":"https:\/\/elusivedata.io\/sv\/wp-json\/wp\/v2\/types\/product"}],"version-history":[{"count":20,"href":"https:\/\/elusivedata.io\/sv\/wp-json\/wp\/v2\/product\/7104\/revisions"}],"predecessor-version":[{"id":7222,"href":"https:\/\/elusivedata.io\/sv\/wp-json\/wp\/v2\/product\/7104\/revisions\/7222"}],"wp:featuredmedia":[{"embeddable":true,"href":"https:\/\/elusivedata.io\/sv\/wp-json\/wp\/v2\/media\/7105"}],"wp:attachment":[{"href":"https:\/\/elusivedata.io\/sv\/wp-json\/wp\/v2\/media?parent=7104"}],"wp:term":[{"taxonomy":"product_brand","embeddable":true,"href":"https:\/\/elusivedata.io\/sv\/wp-json\/wp\/v2\/product_brand?post=7104"},{"taxonomy":"product_cat","embeddable":true,"href":"https:\/\/elusivedata.io\/sv\/wp-json\/wp\/v2\/product_cat?post=7104"},{"taxonomy":"product_tag","embeddable":true,"href":"https:\/\/elusivedata.io\/sv\/wp-json\/wp\/v2\/product_tag?post=7104"}],"curies":[{"name":"wp","href":"https:\/\/api.w.org\/{rel}","templated":true}]}}