{"id":8863,"date":"2025-06-17T08:15:48","date_gmt":"2025-06-17T08:15:48","guid":{"rendered":"https:\/\/elusivedata.io\/?post_type=product&#038;p=8863"},"modified":"2025-06-24T06:31:27","modified_gmt":"2025-06-24T06:31:27","slug":"mission-darkness-dry-shield-faraday-phone-sleeve-inventory","status":"publish","type":"product","link":"https:\/\/elusivedata.io\/pt\/product\/mission-darkness-dry-shield-faraday-phone-sleeve-inventory\/","title":{"rendered":"Capa para telem\u00f3vel Mission Darkness Dry Shield Faraday - Invent\u00e1rio"},"content":{"rendered":"<p ><span data-fontfamily=\"Open Sans\">A capa de telefone Mission Darkness\u2122 Dry Shield Faraday bloqueia completamente todos os sinais sem fios e mant\u00e9m os pequenos dispositivos electr\u00f3nicos protegidos para evitar a pirataria, o rastreio, a espionagem e a corrup\u00e7\u00e3o da cadeia de cust\u00f3dia. Quando um telem\u00f3vel est\u00e1 devidamente fechado na bolsa, nenhuma aplica\u00e7\u00e3o ou c\u00f3digo malicioso pode ser acionado ou apagado remotamente, nenhuma comunica\u00e7\u00e3o pode penetrar e ningu\u00e9m pode aceder ao microfone, c\u00e2mara, localiza\u00e7\u00e3o GPS ou dados. As principais utiliza\u00e7\u00f5es s\u00e3o a recolha de provas forenses pelas for\u00e7as policiais e militares, a defesa contra o roubo de dados, a seguran\u00e7a pessoal, a prote\u00e7\u00e3o contra PEM, a redu\u00e7\u00e3o da radia\u00e7\u00e3o EMF e o refor\u00e7o da privacidade digital.<\/span><\/p>\n<p class=\"a-spacing-base\"><span data-fontfamily=\"Open Sans\">A bolsa \u00e9 constru\u00edda com materiais exteriores de TPU 600D e TPU 420D extremamente dur\u00e1veis e imperme\u00e1veis para garantir que o(s) dispositivo(s) e o revestimento faraday se mant\u00eam secos e protegidos. O interior inclui duas camadas de material de alta prote\u00e7\u00e3o\u00a0<a href=\"https:\/\/mosequipment.com\/collections\/faraday-supplies\/products\/titanrf-faraday-fabric\">Tecido de Faraday TitanRF<\/a>\u00a0em todos os lados com constru\u00e7\u00e3o de costura dupla emparelhada. O saco bloqueia todos os sinais sem fios, incluindo WiFi (2,4 e 5GHz), Bluetooth, sinais de telem\u00f3vel, incluindo redes 5G, GPS, RFID, NFC e sinais de r\u00e1dio de baixa MHz a 40GHz. A bolsa abre e fecha facilmente utilizando o fecho patenteado NeoLok\u2122, que consiste num rolo duplo e num selo magn\u00e9tico de neod\u00edmio. Os dispositivos fechados no interior t\u00eam a garantia de permanecerem secos e offline em qualquer local rodeado de \u00e1gua.<\/span><\/p>","protected":false},"excerpt":{"rendered":"<p class=\"ai-optimize-45 ai-optimize-introduction\">A capa de telefone Mission Darkness\u2122 Dry Shield Faraday bloqueia completamente todos os sinais sem fios e mant\u00e9m os pequenos dispositivos electr\u00f3nicos protegidos para evitar a pirataria, o rastreio, a espionagem e a corrup\u00e7\u00e3o da cadeia de cust\u00f3dia. Quando um telem\u00f3vel est\u00e1 devidamente fechado na bolsa, nenhuma aplica\u00e7\u00e3o ou c\u00f3digo malicioso pode ser acionado ou apagado remotamente, nenhuma comunica\u00e7\u00e3o pode penetrar e ningu\u00e9m pode aceder ao microfone, c\u00e2mara, localiza\u00e7\u00e3o GPS ou dados. As principais utiliza\u00e7\u00f5es s\u00e3o a recolha de provas forenses pelas for\u00e7as policiais e militares, a defesa contra o roubo de dados, a seguran\u00e7a pessoal, a prote\u00e7\u00e3o contra PEM, a redu\u00e7\u00e3o da radia\u00e7\u00e3o EMF e o refor\u00e7o da privacidade digital.<\/p>","protected":false},"featured_media":8867,"template":"","meta":{"content-type":""},"product_brand":[],"product_cat":[108],"product_tag":[],"class_list":{"0":"post-8863","1":"product","2":"type-product","3":"status-publish","4":"has-post-thumbnail","6":"product_cat-future-physical-products","8":"first","9":"instock","10":"taxable","11":"shipping-taxable","12":"product-type-simple"},"acf":[],"yoast_head":"<!-- This site is optimized with the Yoast SEO Premium plugin v27.3 (Yoast SEO v27.3) - https:\/\/yoast.com\/product\/yoast-seo-premium-wordpress\/ -->\n<title>Mission Darkness Dry Shield Faraday Phone Sleeve - Inventory - Elusive Data<\/title>\n<meta name=\"robots\" content=\"index, follow, max-snippet:-1, max-image-preview:large, max-video-preview:-1\" \/>\n<link rel=\"canonical\" href=\"https:\/\/elusivedata.io\/pt\/product\/mission-darkness-dry-shield-faraday-phone-sleeve-inventory\/\" \/>\n<meta property=\"og:locale\" content=\"pt_PT\" \/>\n<meta property=\"og:type\" content=\"article\" \/>\n<meta property=\"og:title\" content=\"Mission Darkness Dry Shield Faraday Phone Sleeve - Inventory\" \/>\n<meta property=\"og:description\" content=\"The Mission Darkness\u2122 Dry Shield Faraday Phone Sleeve completely blocks all wireless signals and keeps small electronic devices shielded to prevent hacking, tracking, spying, and chain of custody corruption. When a cell phone is properly enclosed in the bag, no apps or malicious code can be remotely triggered or wiped, no communication can penetrate, and no one can access the microphone, camera, GPS location, or data. Primary uses are for law enforcement and military forensic evidence collection, defense against data theft, personal security, EMP protection, EMF radiation reduction, and enhancing digital privacy.\" \/>\n<meta property=\"og:url\" content=\"https:\/\/elusivedata.io\/pt\/product\/mission-darkness-dry-shield-faraday-phone-sleeve-inventory\/\" \/>\n<meta property=\"og:site_name\" content=\"Elusive Data\" \/>\n<meta property=\"article:modified_time\" content=\"2025-06-24T06:31:27+00:00\" \/>\n<meta property=\"og:image\" content=\"https:\/\/elusivedata.io\/wp-content\/uploads\/2025\/06\/DSPS_front_angle_closed_480x480.jpg\" \/>\n\t<meta property=\"og:image:width\" content=\"480\" \/>\n\t<meta property=\"og:image:height\" content=\"480\" \/>\n\t<meta property=\"og:image:type\" content=\"image\/jpeg\" \/>\n<meta name=\"twitter:card\" content=\"summary_large_image\" \/>\n<meta name=\"twitter:label1\" content=\"Tempo estimado de leitura\" \/>\n\t<meta name=\"twitter:data1\" content=\"2 minutos\" \/>\n<script type=\"application\/ld+json\" class=\"yoast-schema-graph\">{\"@context\":\"https:\\\/\\\/schema.org\",\"@graph\":[{\"@type\":\"WebPage\",\"@id\":\"https:\\\/\\\/elusivedata.io\\\/product\\\/mission-darkness-dry-shield-faraday-phone-sleeve-inventory\\\/\",\"url\":\"https:\\\/\\\/elusivedata.io\\\/product\\\/mission-darkness-dry-shield-faraday-phone-sleeve-inventory\\\/\",\"name\":\"Mission Darkness Dry Shield Faraday Phone Sleeve - Inventory - Elusive Data\",\"isPartOf\":{\"@id\":\"https:\\\/\\\/elusivedata.io\\\/#website\"},\"primaryImageOfPage\":{\"@id\":\"https:\\\/\\\/elusivedata.io\\\/product\\\/mission-darkness-dry-shield-faraday-phone-sleeve-inventory\\\/#primaryimage\"},\"image\":{\"@id\":\"https:\\\/\\\/elusivedata.io\\\/product\\\/mission-darkness-dry-shield-faraday-phone-sleeve-inventory\\\/#primaryimage\"},\"thumbnailUrl\":\"https:\\\/\\\/elusivedata.io\\\/wp-content\\\/uploads\\\/2025\\\/06\\\/DSPS_front_angle_closed_480x480.jpg\",\"datePublished\":\"2025-06-17T08:15:48+00:00\",\"dateModified\":\"2025-06-24T06:31:27+00:00\",\"breadcrumb\":{\"@id\":\"https:\\\/\\\/elusivedata.io\\\/product\\\/mission-darkness-dry-shield-faraday-phone-sleeve-inventory\\\/#breadcrumb\"},\"inLanguage\":\"pt-PT\",\"potentialAction\":[{\"@type\":\"ReadAction\",\"target\":[\"https:\\\/\\\/elusivedata.io\\\/product\\\/mission-darkness-dry-shield-faraday-phone-sleeve-inventory\\\/\"]}]},{\"@type\":\"ImageObject\",\"inLanguage\":\"pt-PT\",\"@id\":\"https:\\\/\\\/elusivedata.io\\\/product\\\/mission-darkness-dry-shield-faraday-phone-sleeve-inventory\\\/#primaryimage\",\"url\":\"https:\\\/\\\/elusivedata.io\\\/wp-content\\\/uploads\\\/2025\\\/06\\\/DSPS_front_angle_closed_480x480.jpg\",\"contentUrl\":\"https:\\\/\\\/elusivedata.io\\\/wp-content\\\/uploads\\\/2025\\\/06\\\/DSPS_front_angle_closed_480x480.jpg\",\"width\":480,\"height\":480,\"caption\":\"Mission Darkness DSPS Faraday bag \u2014 signal-blocking pouch for digital evidence collection\"},{\"@type\":\"BreadcrumbList\",\"@id\":\"https:\\\/\\\/elusivedata.io\\\/product\\\/mission-darkness-dry-shield-faraday-phone-sleeve-inventory\\\/#breadcrumb\",\"itemListElement\":[{\"@type\":\"ListItem\",\"position\":1,\"name\":\"Home\",\"item\":\"https:\\\/\\\/elusivedata.io\\\/\"},{\"@type\":\"ListItem\",\"position\":2,\"name\":\"Products\",\"item\":\"https:\\\/\\\/elusivedata.io\\\/shop\\\/\"},{\"@type\":\"ListItem\",\"position\":3,\"name\":\"Mission Darkness Dry Shield Faraday Phone Sleeve &#8211; Inventory\"}]},{\"@type\":\"WebSite\",\"@id\":\"https:\\\/\\\/elusivedata.io\\\/#website\",\"url\":\"https:\\\/\\\/elusivedata.io\\\/\",\"name\":\"ElusiveData\",\"description\":\"Excellence in Digital Forensics Training and Consulting\",\"publisher\":{\"@id\":\"https:\\\/\\\/elusivedata.io\\\/#organization\"},\"potentialAction\":[{\"@type\":\"SearchAction\",\"target\":{\"@type\":\"EntryPoint\",\"urlTemplate\":\"https:\\\/\\\/elusivedata.io\\\/?s={search_term_string}\"},\"query-input\":{\"@type\":\"PropertyValueSpecification\",\"valueRequired\":true,\"valueName\":\"search_term_string\"}}],\"inLanguage\":\"pt-PT\"},{\"@type\":\"Organization\",\"@id\":\"https:\\\/\\\/elusivedata.io\\\/#organization\",\"name\":\"ElusiveData\",\"url\":\"https:\\\/\\\/elusivedata.io\\\/\",\"logo\":{\"@type\":\"ImageObject\",\"inLanguage\":\"pt-PT\",\"@id\":\"https:\\\/\\\/elusivedata.io\\\/#\\\/schema\\\/logo\\\/image\\\/\",\"url\":\"https:\\\/\\\/elusivedata.io\\\/wp-content\\\/uploads\\\/2024\\\/11\\\/Asset-3_2x-scaled.png\",\"contentUrl\":\"https:\\\/\\\/elusivedata.io\\\/wp-content\\\/uploads\\\/2024\\\/11\\\/Asset-3_2x-scaled.png\",\"width\":2560,\"height\":370,\"caption\":\"ElusiveData\"},\"image\":{\"@id\":\"https:\\\/\\\/elusivedata.io\\\/#\\\/schema\\\/logo\\\/image\\\/\"},\"sameAs\":[\"https:\\\/\\\/www.youtube.com\\\/@elusivedata\"]}]}<\/script>\n<!-- \/ Yoast SEO Premium plugin. -->","yoast_head_json":{"title":"Capa de telefone de Faraday com prote\u00e7\u00e3o seca Mission Darkness - Invent\u00e1rio - Elusive Data","robots":{"index":"index","follow":"follow","max-snippet":"max-snippet:-1","max-image-preview":"max-image-preview:large","max-video-preview":"max-video-preview:-1"},"canonical":"https:\/\/elusivedata.io\/pt\/product\/mission-darkness-dry-shield-faraday-phone-sleeve-inventory\/","og_locale":"pt_PT","og_type":"article","og_title":"Mission Darkness Dry Shield Faraday Phone Sleeve - Inventory","og_description":"The Mission Darkness\u2122 Dry Shield Faraday Phone Sleeve completely blocks all wireless signals and keeps small electronic devices shielded to prevent hacking, tracking, spying, and chain of custody corruption. When a cell phone is properly enclosed in the bag, no apps or malicious code can be remotely triggered or wiped, no communication can penetrate, and no one can access the microphone, camera, GPS location, or data. Primary uses are for law enforcement and military forensic evidence collection, defense against data theft, personal security, EMP protection, EMF radiation reduction, and enhancing digital privacy.","og_url":"https:\/\/elusivedata.io\/pt\/product\/mission-darkness-dry-shield-faraday-phone-sleeve-inventory\/","og_site_name":"Elusive Data","article_modified_time":"2025-06-24T06:31:27+00:00","og_image":[{"width":480,"height":480,"url":"https:\/\/elusivedata.io\/wp-content\/uploads\/2025\/06\/DSPS_front_angle_closed_480x480.jpg","type":"image\/jpeg"}],"twitter_card":"summary_large_image","twitter_misc":{"Tempo estimado de leitura":"2 minutos"},"schema":{"@context":"https:\/\/schema.org","@graph":[{"@type":"WebPage","@id":"https:\/\/elusivedata.io\/product\/mission-darkness-dry-shield-faraday-phone-sleeve-inventory\/","url":"https:\/\/elusivedata.io\/product\/mission-darkness-dry-shield-faraday-phone-sleeve-inventory\/","name":"Capa de telefone de Faraday com prote\u00e7\u00e3o seca Mission Darkness - Invent\u00e1rio - Elusive Data","isPartOf":{"@id":"https:\/\/elusivedata.io\/#website"},"primaryImageOfPage":{"@id":"https:\/\/elusivedata.io\/product\/mission-darkness-dry-shield-faraday-phone-sleeve-inventory\/#primaryimage"},"image":{"@id":"https:\/\/elusivedata.io\/product\/mission-darkness-dry-shield-faraday-phone-sleeve-inventory\/#primaryimage"},"thumbnailUrl":"https:\/\/elusivedata.io\/wp-content\/uploads\/2025\/06\/DSPS_front_angle_closed_480x480.jpg","datePublished":"2025-06-17T08:15:48+00:00","dateModified":"2025-06-24T06:31:27+00:00","breadcrumb":{"@id":"https:\/\/elusivedata.io\/product\/mission-darkness-dry-shield-faraday-phone-sleeve-inventory\/#breadcrumb"},"inLanguage":"pt-PT","potentialAction":[{"@type":"ReadAction","target":["https:\/\/elusivedata.io\/product\/mission-darkness-dry-shield-faraday-phone-sleeve-inventory\/"]}]},{"@type":"ImageObject","inLanguage":"pt-PT","@id":"https:\/\/elusivedata.io\/product\/mission-darkness-dry-shield-faraday-phone-sleeve-inventory\/#primaryimage","url":"https:\/\/elusivedata.io\/wp-content\/uploads\/2025\/06\/DSPS_front_angle_closed_480x480.jpg","contentUrl":"https:\/\/elusivedata.io\/wp-content\/uploads\/2025\/06\/DSPS_front_angle_closed_480x480.jpg","width":480,"height":480,"caption":"Mission Darkness DSPS Faraday bag \u2014 signal-blocking pouch for digital evidence collection"},{"@type":"BreadcrumbList","@id":"https:\/\/elusivedata.io\/product\/mission-darkness-dry-shield-faraday-phone-sleeve-inventory\/#breadcrumb","itemListElement":[{"@type":"ListItem","position":1,"name":"Home","item":"https:\/\/elusivedata.io\/"},{"@type":"ListItem","position":2,"name":"Products","item":"https:\/\/elusivedata.io\/shop\/"},{"@type":"ListItem","position":3,"name":"Mission Darkness Dry Shield Faraday Phone Sleeve &#8211; Inventory"}]},{"@type":"WebSite","@id":"https:\/\/elusivedata.io\/#website","url":"https:\/\/elusivedata.io\/","name":"ElusiveData","description":"Excel\u00eancia em forma\u00e7\u00e3o e consultoria forense digital","publisher":{"@id":"https:\/\/elusivedata.io\/#organization"},"potentialAction":[{"@type":"SearchAction","target":{"@type":"EntryPoint","urlTemplate":"https:\/\/elusivedata.io\/?s={search_term_string}"},"query-input":{"@type":"PropertyValueSpecification","valueRequired":true,"valueName":"search_term_string"}}],"inLanguage":"pt-PT"},{"@type":"Organization","@id":"https:\/\/elusivedata.io\/#organization","name":"ElusiveData","url":"https:\/\/elusivedata.io\/","logo":{"@type":"ImageObject","inLanguage":"pt-PT","@id":"https:\/\/elusivedata.io\/#\/schema\/logo\/image\/","url":"https:\/\/elusivedata.io\/wp-content\/uploads\/2024\/11\/Asset-3_2x-scaled.png","contentUrl":"https:\/\/elusivedata.io\/wp-content\/uploads\/2024\/11\/Asset-3_2x-scaled.png","width":2560,"height":370,"caption":"ElusiveData"},"image":{"@id":"https:\/\/elusivedata.io\/#\/schema\/logo\/image\/"},"sameAs":["https:\/\/www.youtube.com\/@elusivedata"]}]}},"_links":{"self":[{"href":"https:\/\/elusivedata.io\/pt\/wp-json\/wp\/v2\/product\/8863","targetHints":{"allow":["GET"]}}],"collection":[{"href":"https:\/\/elusivedata.io\/pt\/wp-json\/wp\/v2\/product"}],"about":[{"href":"https:\/\/elusivedata.io\/pt\/wp-json\/wp\/v2\/types\/product"}],"version-history":[{"count":2,"href":"https:\/\/elusivedata.io\/pt\/wp-json\/wp\/v2\/product\/8863\/revisions"}],"predecessor-version":[{"id":10129,"href":"https:\/\/elusivedata.io\/pt\/wp-json\/wp\/v2\/product\/8863\/revisions\/10129"}],"wp:featuredmedia":[{"embeddable":true,"href":"https:\/\/elusivedata.io\/pt\/wp-json\/wp\/v2\/media\/8867"}],"wp:attachment":[{"href":"https:\/\/elusivedata.io\/pt\/wp-json\/wp\/v2\/media?parent=8863"}],"wp:term":[{"taxonomy":"product_brand","embeddable":true,"href":"https:\/\/elusivedata.io\/pt\/wp-json\/wp\/v2\/product_brand?post=8863"},{"taxonomy":"product_cat","embeddable":true,"href":"https:\/\/elusivedata.io\/pt\/wp-json\/wp\/v2\/product_cat?post=8863"},{"taxonomy":"product_tag","embeddable":true,"href":"https:\/\/elusivedata.io\/pt\/wp-json\/wp\/v2\/product_tag?post=8863"}],"curies":[{"name":"wp","href":"https:\/\/api.w.org\/{rel}","templated":true}]}}