{"id":8857,"date":"2025-06-17T08:15:49","date_gmt":"2025-06-17T08:15:49","guid":{"rendered":"https:\/\/elusivedata.io\/?post_type=product&#038;p=8857"},"modified":"2025-06-24T06:31:23","modified_gmt":"2025-06-24T06:31:23","slug":"mission-darkness-non-window-faraday-bag-for-phones-2","status":"publish","type":"product","link":"https:\/\/elusivedata.io\/pt\/product\/mission-darkness-non-window-faraday-bag-for-phones-2\/","title":{"rendered":"Bolsa de Faraday sem janela Mission Darkness\u2122 para telem\u00f3veis"},"content":{"rendered":"<p >O saco de Faraday para telem\u00f3veis Mission Darkness\u2122 Non-window bloqueia completamente todos os sinais sem fios e mant\u00e9m os pequenos dispositivos electr\u00f3nicos protegidos para evitar pirataria, localiza\u00e7\u00e3o, espionagem e corrup\u00e7\u00e3o da cadeia de cust\u00f3dia. Quando um telem\u00f3vel est\u00e1 devidamente fechado no saco, nenhuma aplica\u00e7\u00e3o ou c\u00f3digo malicioso pode ser ativado ou apagado remotamente, nenhuma comunica\u00e7\u00e3o pode penetrar e ningu\u00e9m pode aceder ao microfone, c\u00e2mara, localiza\u00e7\u00e3o GPS ou dados. As principais utiliza\u00e7\u00f5es s\u00e3o a recolha de provas forenses pelas for\u00e7as policiais e militares, a defesa contra o roubo de dados, a seguran\u00e7a pessoal, a prote\u00e7\u00e3o contra PEM, a redu\u00e7\u00e3o da radia\u00e7\u00e3o EMF e o refor\u00e7o da privacidade digital.<\/p>","protected":false},"excerpt":{"rendered":"<p class=\"ai-optimize-48\"><span data-fontfamily=\"Open Sans\">O saco de Faraday para telem\u00f3veis Mission Darkness\u2122 Non-window bloqueia completamente todos os sinais sem fios e mant\u00e9m os pequenos dispositivos electr\u00f3nicos protegidos para evitar pirataria, localiza\u00e7\u00e3o, espionagem e corrup\u00e7\u00e3o da cadeia de cust\u00f3dia. Quando um telem\u00f3vel est\u00e1 devidamente fechado no saco, nenhuma aplica\u00e7\u00e3o ou c\u00f3digo malicioso pode ser ativado ou apagado remotamente, nenhuma comunica\u00e7\u00e3o pode penetrar e ningu\u00e9m pode aceder ao microfone, c\u00e2mara, localiza\u00e7\u00e3o GPS ou dados. As principais utiliza\u00e7\u00f5es s\u00e3o a recolha de provas forenses pelas for\u00e7as policiais e militares, a defesa contra o roubo de dados, a seguran\u00e7a pessoal, a prote\u00e7\u00e3o contra PEM, a redu\u00e7\u00e3o da radia\u00e7\u00e3o EMF e o refor\u00e7o da privacidade digital.<\/span><\/p>\n<p class=\"a-spacing-base ai-optimize-49\"><span data-fontfamily=\"Open Sans\">O saco \u00e9 constru\u00eddo com um material exterior de nylon bal\u00edstico dur\u00e1vel e resistente \u00e0 \u00e1gua para garantir que os dispositivos e o tecido faraday se mant\u00eam secos e protegidos. O interior inclui duas camadas de material de alta prote\u00e7\u00e3o\u00a0<a href=\"https:\/\/mosequipment.com\/collections\/faraday-supplies\/products\/titanrf-faraday-fabric\">Tecido de Faraday TitanRF<\/a>\u00a0em todos os lados com constru\u00e7\u00e3o de costura dupla emparelhada. O saco bloqueia todos os sinais sem fios, como WiFi (2,4 e 5 GHz), Bluetooth, sinais de telem\u00f3vel, incluindo redes 5G, GPS, RFID, NFC e sinais de r\u00e1dio de baixa frequ\u00eancia (MHz) a 40 GHz. As carater\u00edsticas adicionais do produto incluem um rolo duplo com fecho de velcro, um n\u00famero de s\u00e9rie \u00fanico e um bolso transparente para a marca.<\/span><\/p>\n<p class=\"a-spacing-base ai-optimize-50\"><span data-fontfamily=\"Open Sans\">O saco \u00e9 normalmente utilizado para proteger telem\u00f3veis, passaportes, unidades de GPS, transponders, r\u00e1dios bidireccionais, porta-chaves, rel\u00f3gios inteligentes e aparelhos electr\u00f3nicos de tamanho semelhante.<\/span><\/p>","protected":false},"featured_media":8861,"template":"","meta":{"content-type":""},"product_brand":[],"product_cat":[108],"product_tag":[],"class_list":{"0":"post-8857","1":"product","2":"type-product","3":"status-publish","4":"has-post-thumbnail","6":"product_cat-future-physical-products","8":"first","9":"instock","10":"taxable","11":"shipping-taxable","12":"product-type-simple"},"acf":[],"yoast_head":"<!-- This site is optimized with the Yoast SEO Premium plugin v27.3 (Yoast SEO v27.3) - https:\/\/yoast.com\/product\/yoast-seo-premium-wordpress\/ -->\n<title>Mission Darkness\u2122 Non-Window Faraday Bag for Phones - Elusive Data<\/title>\n<meta name=\"robots\" content=\"index, follow, max-snippet:-1, max-image-preview:large, max-video-preview:-1\" \/>\n<link rel=\"canonical\" href=\"https:\/\/elusivedata.io\/pt\/product\/mission-darkness-non-window-faraday-bag-for-phones-2\/\" \/>\n<meta property=\"og:locale\" content=\"pt_PT\" \/>\n<meta property=\"og:type\" content=\"article\" \/>\n<meta property=\"og:title\" content=\"Mission Darkness\u2122 Non-Window Faraday Bag for Phones\" \/>\n<meta property=\"og:description\" content=\"The Mission Darkness\u2122 Non-window Faraday Bag for Phones completely blocks all wireless signals and keeps small electronic devices shielded to prevent hacking, tracking, spying, and chain of custody corruption. When a cell phone is properly enclosed in the bag, no apps or malicious code can be remotely triggered or wiped, no communication can penetrate, and no one can access the microphone, camera, GPS location, or data. Primary uses are for law enforcement and military forensic evidence collection, defense against data theft, personal security, EMP protection, EMF radiation reduction, and to enhance digital privacy. The bag is built with a durable and water-resistant ballistic nylon outer material to ensure that devices and faraday fabric stay dry and protected. The interior includes two layers of high-shielding\u00a0TitanRF\u2122 Faraday Fabric\u00a0on all sides with dual paired seam construction. The bag will block all wireless signals such as WiFi (2.4 &amp; 5GHz), Bluetooth, cell signals including 5G networks, GPS, RFID, NFC, and radio signals from low MHz to 40GHz. Additional product features include a double roll with Velcro closure, unique serial number, and transparent branding pocket. The bag is typically used to shield cell phones, passports, GPS units, transponders, two-way radios, keyfobs, smart watches, and similar size electronics.\" \/>\n<meta property=\"og:url\" content=\"https:\/\/elusivedata.io\/pt\/product\/mission-darkness-non-window-faraday-bag-for-phones-2\/\" \/>\n<meta property=\"og:site_name\" content=\"Elusive Data\" \/>\n<meta property=\"article:modified_time\" content=\"2025-06-24T06:31:23+00:00\" \/>\n<meta property=\"og:image\" content=\"https:\/\/elusivedata.io\/wp-content\/uploads\/2025\/06\/MOS-S-NW-Front_480x480-1.webp\" \/>\n\t<meta property=\"og:image:width\" content=\"480\" \/>\n\t<meta property=\"og:image:height\" content=\"480\" \/>\n\t<meta property=\"og:image:type\" content=\"image\/webp\" \/>\n<meta name=\"twitter:card\" content=\"summary_large_image\" \/>\n<meta name=\"twitter:label1\" content=\"Tempo estimado de leitura\" \/>\n\t<meta name=\"twitter:data1\" content=\"1 minuto\" \/>\n<script type=\"application\/ld+json\" class=\"yoast-schema-graph\">{\"@context\":\"https:\\\/\\\/schema.org\",\"@graph\":[{\"@type\":\"WebPage\",\"@id\":\"https:\\\/\\\/elusivedata.io\\\/product\\\/mission-darkness-non-window-faraday-bag-for-phones-2\\\/\",\"url\":\"https:\\\/\\\/elusivedata.io\\\/product\\\/mission-darkness-non-window-faraday-bag-for-phones-2\\\/\",\"name\":\"Mission Darkness\u2122 Non-Window Faraday Bag for Phones - Elusive Data\",\"isPartOf\":{\"@id\":\"https:\\\/\\\/elusivedata.io\\\/#website\"},\"primaryImageOfPage\":{\"@id\":\"https:\\\/\\\/elusivedata.io\\\/product\\\/mission-darkness-non-window-faraday-bag-for-phones-2\\\/#primaryimage\"},\"image\":{\"@id\":\"https:\\\/\\\/elusivedata.io\\\/product\\\/mission-darkness-non-window-faraday-bag-for-phones-2\\\/#primaryimage\"},\"thumbnailUrl\":\"https:\\\/\\\/elusivedata.io\\\/wp-content\\\/uploads\\\/2025\\\/06\\\/MOS-S-NW-Front_480x480-1.webp\",\"datePublished\":\"2025-06-17T08:15:49+00:00\",\"dateModified\":\"2025-06-24T06:31:23+00:00\",\"breadcrumb\":{\"@id\":\"https:\\\/\\\/elusivedata.io\\\/product\\\/mission-darkness-non-window-faraday-bag-for-phones-2\\\/#breadcrumb\"},\"inLanguage\":\"pt-PT\",\"potentialAction\":[{\"@type\":\"ReadAction\",\"target\":[\"https:\\\/\\\/elusivedata.io\\\/product\\\/mission-darkness-non-window-faraday-bag-for-phones-2\\\/\"]}]},{\"@type\":\"ImageObject\",\"inLanguage\":\"pt-PT\",\"@id\":\"https:\\\/\\\/elusivedata.io\\\/product\\\/mission-darkness-non-window-faraday-bag-for-phones-2\\\/#primaryimage\",\"url\":\"https:\\\/\\\/elusivedata.io\\\/wp-content\\\/uploads\\\/2025\\\/06\\\/MOS-S-NW-Front_480x480-1.webp\",\"contentUrl\":\"https:\\\/\\\/elusivedata.io\\\/wp-content\\\/uploads\\\/2025\\\/06\\\/MOS-S-NW-Front_480x480-1.webp\",\"width\":480,\"height\":480,\"caption\":\"Mission Darkness Non-Window Faraday sleeve \u2014 signal-blocking mobile device protection\"},{\"@type\":\"BreadcrumbList\",\"@id\":\"https:\\\/\\\/elusivedata.io\\\/product\\\/mission-darkness-non-window-faraday-bag-for-phones-2\\\/#breadcrumb\",\"itemListElement\":[{\"@type\":\"ListItem\",\"position\":1,\"name\":\"Home\",\"item\":\"https:\\\/\\\/elusivedata.io\\\/\"},{\"@type\":\"ListItem\",\"position\":2,\"name\":\"Products\",\"item\":\"https:\\\/\\\/elusivedata.io\\\/shop\\\/\"},{\"@type\":\"ListItem\",\"position\":3,\"name\":\"Mission Darkness\u2122 Non-Window Faraday Bag for Phones\"}]},{\"@type\":\"WebSite\",\"@id\":\"https:\\\/\\\/elusivedata.io\\\/#website\",\"url\":\"https:\\\/\\\/elusivedata.io\\\/\",\"name\":\"ElusiveData\",\"description\":\"Excellence in Digital Forensics Training and Consulting\",\"publisher\":{\"@id\":\"https:\\\/\\\/elusivedata.io\\\/#organization\"},\"potentialAction\":[{\"@type\":\"SearchAction\",\"target\":{\"@type\":\"EntryPoint\",\"urlTemplate\":\"https:\\\/\\\/elusivedata.io\\\/?s={search_term_string}\"},\"query-input\":{\"@type\":\"PropertyValueSpecification\",\"valueRequired\":true,\"valueName\":\"search_term_string\"}}],\"inLanguage\":\"pt-PT\"},{\"@type\":\"Organization\",\"@id\":\"https:\\\/\\\/elusivedata.io\\\/#organization\",\"name\":\"ElusiveData\",\"url\":\"https:\\\/\\\/elusivedata.io\\\/\",\"logo\":{\"@type\":\"ImageObject\",\"inLanguage\":\"pt-PT\",\"@id\":\"https:\\\/\\\/elusivedata.io\\\/#\\\/schema\\\/logo\\\/image\\\/\",\"url\":\"https:\\\/\\\/elusivedata.io\\\/wp-content\\\/uploads\\\/2024\\\/11\\\/Asset-3_2x-scaled.png\",\"contentUrl\":\"https:\\\/\\\/elusivedata.io\\\/wp-content\\\/uploads\\\/2024\\\/11\\\/Asset-3_2x-scaled.png\",\"width\":2560,\"height\":370,\"caption\":\"ElusiveData\"},\"image\":{\"@id\":\"https:\\\/\\\/elusivedata.io\\\/#\\\/schema\\\/logo\\\/image\\\/\"},\"sameAs\":[\"https:\\\/\\\/www.youtube.com\\\/@elusivedata\"]}]}<\/script>\n<!-- \/ Yoast SEO Premium plugin. -->","yoast_head_json":{"title":"Bolsa de Faraday sem janela Mission Darkness\u2122 para telem\u00f3veis - Elusive Data","robots":{"index":"index","follow":"follow","max-snippet":"max-snippet:-1","max-image-preview":"max-image-preview:large","max-video-preview":"max-video-preview:-1"},"canonical":"https:\/\/elusivedata.io\/pt\/product\/mission-darkness-non-window-faraday-bag-for-phones-2\/","og_locale":"pt_PT","og_type":"article","og_title":"Mission Darkness\u2122 Non-Window Faraday Bag for Phones","og_description":"The Mission Darkness\u2122 Non-window Faraday Bag for Phones completely blocks all wireless signals and keeps small electronic devices shielded to prevent hacking, tracking, spying, and chain of custody corruption. When a cell phone is properly enclosed in the bag, no apps or malicious code can be remotely triggered or wiped, no communication can penetrate, and no one can access the microphone, camera, GPS location, or data. Primary uses are for law enforcement and military forensic evidence collection, defense against data theft, personal security, EMP protection, EMF radiation reduction, and to enhance digital privacy. The bag is built with a durable and water-resistant ballistic nylon outer material to ensure that devices and faraday fabric stay dry and protected. The interior includes two layers of high-shielding\u00a0TitanRF\u2122 Faraday Fabric\u00a0on all sides with dual paired seam construction. The bag will block all wireless signals such as WiFi (2.4 &amp; 5GHz), Bluetooth, cell signals including 5G networks, GPS, RFID, NFC, and radio signals from low MHz to 40GHz. Additional product features include a double roll with Velcro closure, unique serial number, and transparent branding pocket. The bag is typically used to shield cell phones, passports, GPS units, transponders, two-way radios, keyfobs, smart watches, and similar size electronics.","og_url":"https:\/\/elusivedata.io\/pt\/product\/mission-darkness-non-window-faraday-bag-for-phones-2\/","og_site_name":"Elusive Data","article_modified_time":"2025-06-24T06:31:23+00:00","og_image":[{"width":480,"height":480,"url":"https:\/\/elusivedata.io\/wp-content\/uploads\/2025\/06\/MOS-S-NW-Front_480x480-1.webp","type":"image\/webp"}],"twitter_card":"summary_large_image","twitter_misc":{"Tempo estimado de leitura":"1 minuto"},"schema":{"@context":"https:\/\/schema.org","@graph":[{"@type":"WebPage","@id":"https:\/\/elusivedata.io\/product\/mission-darkness-non-window-faraday-bag-for-phones-2\/","url":"https:\/\/elusivedata.io\/product\/mission-darkness-non-window-faraday-bag-for-phones-2\/","name":"Bolsa de Faraday sem janela Mission Darkness\u2122 para telem\u00f3veis - Elusive Data","isPartOf":{"@id":"https:\/\/elusivedata.io\/#website"},"primaryImageOfPage":{"@id":"https:\/\/elusivedata.io\/product\/mission-darkness-non-window-faraday-bag-for-phones-2\/#primaryimage"},"image":{"@id":"https:\/\/elusivedata.io\/product\/mission-darkness-non-window-faraday-bag-for-phones-2\/#primaryimage"},"thumbnailUrl":"https:\/\/elusivedata.io\/wp-content\/uploads\/2025\/06\/MOS-S-NW-Front_480x480-1.webp","datePublished":"2025-06-17T08:15:49+00:00","dateModified":"2025-06-24T06:31:23+00:00","breadcrumb":{"@id":"https:\/\/elusivedata.io\/product\/mission-darkness-non-window-faraday-bag-for-phones-2\/#breadcrumb"},"inLanguage":"pt-PT","potentialAction":[{"@type":"ReadAction","target":["https:\/\/elusivedata.io\/product\/mission-darkness-non-window-faraday-bag-for-phones-2\/"]}]},{"@type":"ImageObject","inLanguage":"pt-PT","@id":"https:\/\/elusivedata.io\/product\/mission-darkness-non-window-faraday-bag-for-phones-2\/#primaryimage","url":"https:\/\/elusivedata.io\/wp-content\/uploads\/2025\/06\/MOS-S-NW-Front_480x480-1.webp","contentUrl":"https:\/\/elusivedata.io\/wp-content\/uploads\/2025\/06\/MOS-S-NW-Front_480x480-1.webp","width":480,"height":480,"caption":"Mission Darkness Non-Window Faraday sleeve \u2014 signal-blocking mobile device protection"},{"@type":"BreadcrumbList","@id":"https:\/\/elusivedata.io\/product\/mission-darkness-non-window-faraday-bag-for-phones-2\/#breadcrumb","itemListElement":[{"@type":"ListItem","position":1,"name":"Home","item":"https:\/\/elusivedata.io\/"},{"@type":"ListItem","position":2,"name":"Products","item":"https:\/\/elusivedata.io\/shop\/"},{"@type":"ListItem","position":3,"name":"Mission Darkness\u2122 Non-Window Faraday Bag for Phones"}]},{"@type":"WebSite","@id":"https:\/\/elusivedata.io\/#website","url":"https:\/\/elusivedata.io\/","name":"ElusiveData","description":"Excel\u00eancia em forma\u00e7\u00e3o e consultoria forense digital","publisher":{"@id":"https:\/\/elusivedata.io\/#organization"},"potentialAction":[{"@type":"SearchAction","target":{"@type":"EntryPoint","urlTemplate":"https:\/\/elusivedata.io\/?s={search_term_string}"},"query-input":{"@type":"PropertyValueSpecification","valueRequired":true,"valueName":"search_term_string"}}],"inLanguage":"pt-PT"},{"@type":"Organization","@id":"https:\/\/elusivedata.io\/#organization","name":"ElusiveData","url":"https:\/\/elusivedata.io\/","logo":{"@type":"ImageObject","inLanguage":"pt-PT","@id":"https:\/\/elusivedata.io\/#\/schema\/logo\/image\/","url":"https:\/\/elusivedata.io\/wp-content\/uploads\/2024\/11\/Asset-3_2x-scaled.png","contentUrl":"https:\/\/elusivedata.io\/wp-content\/uploads\/2024\/11\/Asset-3_2x-scaled.png","width":2560,"height":370,"caption":"ElusiveData"},"image":{"@id":"https:\/\/elusivedata.io\/#\/schema\/logo\/image\/"},"sameAs":["https:\/\/www.youtube.com\/@elusivedata"]}]}},"_links":{"self":[{"href":"https:\/\/elusivedata.io\/pt\/wp-json\/wp\/v2\/product\/8857","targetHints":{"allow":["GET"]}}],"collection":[{"href":"https:\/\/elusivedata.io\/pt\/wp-json\/wp\/v2\/product"}],"about":[{"href":"https:\/\/elusivedata.io\/pt\/wp-json\/wp\/v2\/types\/product"}],"version-history":[{"count":2,"href":"https:\/\/elusivedata.io\/pt\/wp-json\/wp\/v2\/product\/8857\/revisions"}],"predecessor-version":[{"id":10128,"href":"https:\/\/elusivedata.io\/pt\/wp-json\/wp\/v2\/product\/8857\/revisions\/10128"}],"wp:featuredmedia":[{"embeddable":true,"href":"https:\/\/elusivedata.io\/pt\/wp-json\/wp\/v2\/media\/8861"}],"wp:attachment":[{"href":"https:\/\/elusivedata.io\/pt\/wp-json\/wp\/v2\/media?parent=8857"}],"wp:term":[{"taxonomy":"product_brand","embeddable":true,"href":"https:\/\/elusivedata.io\/pt\/wp-json\/wp\/v2\/product_brand?post=8857"},{"taxonomy":"product_cat","embeddable":true,"href":"https:\/\/elusivedata.io\/pt\/wp-json\/wp\/v2\/product_cat?post=8857"},{"taxonomy":"product_tag","embeddable":true,"href":"https:\/\/elusivedata.io\/pt\/wp-json\/wp\/v2\/product_tag?post=8857"}],"curies":[{"name":"wp","href":"https:\/\/api.w.org\/{rel}","templated":true}]}}