{"id":8846,"date":"2025-06-17T08:15:50","date_gmt":"2025-06-17T08:15:50","guid":{"rendered":"https:\/\/elusivedata.io\/?post_type=product&#038;p=8846"},"modified":"2025-06-24T06:31:18","modified_gmt":"2025-06-24T06:31:18","slug":"mission-darkness-non-window-faraday-bag-for-laptops","status":"publish","type":"product","link":"https:\/\/elusivedata.io\/pt\/product\/mission-darkness-non-window-faraday-bag-for-laptops\/","title":{"rendered":"Bolsa de Faraday sem janela Mission Darkness\u2122 para computadores port\u00e1teis"},"content":{"rendered":"<div id=\"s-c6a9a226-7b0f-4192-b194-c47890b3642f\" class=\"shg-c shg-align-left\">\n<div class=\"shogun-heading-component\">\n<h3 ><strong>MANTER OS COMPUTADORES PORT\u00c1TEIS E OS DISPOSITIVOS DE GRANDE DIMENS\u00c3O PROTEGIDOS<\/strong><\/h3>\n<p>&nbsp;<\/p>\n<\/div>\n<\/div>\n<div id=\"s-369e0e58-f12c-4706-aca7-000e9c18930e\" class=\"shg-c\">\n<div class=\"shg-rich-text shg-theme-text-content\">\n<p >A Mission Darkness\u2122 Non-window Faraday Bag para computadores port\u00e1teis bloqueia completamente todos os sinais sem fios e mant\u00e9m os dispositivos electr\u00f3nicos de grande dimens\u00e3o protegidos para evitar a pirataria, o rastreio, a espionagem e a corrup\u00e7\u00e3o da cadeia de cust\u00f3dia. Quando um computador port\u00e1til ou outro dispositivo est\u00e1 devidamente fechado no saco, nenhuma aplica\u00e7\u00e3o ou c\u00f3digo malicioso pode ser ativado ou apagado remotamente, nenhuma comunica\u00e7\u00e3o pode penetrar e ningu\u00e9m pode aceder ao microfone, c\u00e2mara, localiza\u00e7\u00e3o GPS ou dados. As principais utiliza\u00e7\u00f5es s\u00e3o a recolha de provas forenses pelas for\u00e7as policiais e militares, a defesa contra o roubo de dados, a seguran\u00e7a empresarial e pessoal, a prote\u00e7\u00e3o contra PEM, a redu\u00e7\u00e3o da radia\u00e7\u00e3o EMF e o refor\u00e7o da privacidade digital.<\/p>\n<p class=\"a-spacing-base\">O saco \u00e9 constru\u00eddo com um material exterior de nylon bal\u00edstico dur\u00e1vel e resistente \u00e0 \u00e1gua para garantir que os dispositivos e o tecido faraday se mant\u00eam secos e protegidos. O interior inclui duas camadas de material de alta prote\u00e7\u00e3o\u00a0<a href=\"https:\/\/mosequipment.com\/collections\/faraday-supplies\/products\/titanrf-faraday-fabric\">Tecido de Faraday TitanRF<\/a>\u00a0em todos os lados com constru\u00e7\u00e3o de costura dupla emparelhada. A bolsa bloqueia todos os sinais sem fios, incluindo WiFi (2,4 e 5 GHz), Bluetooth, sinais de telem\u00f3vel, incluindo redes 5G, GPS, RFID, NFC e sinais de r\u00e1dio de baixa frequ\u00eancia de MHz a 40 GHz. As carater\u00edsticas adicionais do produto incluem um rolo duplo com fecho de velcro, um n\u00famero de s\u00e9rie \u00fanico e um bolso transparente para a marca.<\/p>\n<p class=\"a-spacing-base\">O saco \u00e9 normalmente utilizado para proteger dispositivos como computadores port\u00e1teis, v\u00e1rios tablets, telem\u00f3veis, unidades GPS, r\u00e1dios bidireccionais, discos r\u00edgidos, electrodom\u00e9sticos inteligentes e outros aparelhos electr\u00f3nicos de tamanho semelhante.<\/p>\n<p><img fetchpriority=\"high\" decoding=\"async\" class=\"alignleft size-full wp-image-8852\" src=\"https:\/\/elusivedata.io\/wp-content\/uploads\/2025\/06\/download-6.webp\" alt=\"\" width=\"1920\" height=\"1186\" srcset=\"https:\/\/elusivedata.io\/wp-content\/uploads\/2025\/06\/download-6.webp 1920w, https:\/\/elusivedata.io\/wp-content\/uploads\/2025\/06\/download-6-300x185.webp 300w, https:\/\/elusivedata.io\/wp-content\/uploads\/2025\/06\/download-6-1024x633.webp 1024w, https:\/\/elusivedata.io\/wp-content\/uploads\/2025\/06\/download-6-768x474.webp 768w, https:\/\/elusivedata.io\/wp-content\/uploads\/2025\/06\/download-6-1536x949.webp 1536w, https:\/\/elusivedata.io\/wp-content\/uploads\/2025\/06\/download-6-18x12.webp 18w, https:\/\/elusivedata.io\/wp-content\/uploads\/2025\/06\/download-6-600x371.webp 600w\" sizes=\"(max-width: 1920px) 100vw, 1920px\" \/><\/p>\n<\/div>\n<\/div>\n<p>&nbsp;<\/p>\n<p>&nbsp;<\/p>\n<p>&nbsp;<\/p>\n<p>&nbsp;<\/p>\n<p>&nbsp;<\/p>\n<p >","protected":false},"excerpt":{"rendered":"<p class=\"ai-optimize-20\">A Mission Darkness\u2122 Non-window Faraday Bag para computadores port\u00e1teis bloqueia completamente todos os sinais sem fios e mant\u00e9m os dispositivos electr\u00f3nicos de grande dimens\u00e3o protegidos para evitar a pirataria, o rastreio, a espionagem e a corrup\u00e7\u00e3o da cadeia de cust\u00f3dia. Quando um computador port\u00e1til ou outro dispositivo est\u00e1 devidamente fechado no saco, nenhuma aplica\u00e7\u00e3o ou c\u00f3digo malicioso pode ser ativado ou apagado remotamente, nenhuma comunica\u00e7\u00e3o pode penetrar e ningu\u00e9m pode aceder ao microfone, c\u00e2mara, localiza\u00e7\u00e3o GPS ou dados. As principais utiliza\u00e7\u00f5es s\u00e3o a recolha de provas forenses pelas for\u00e7as policiais e militares, a defesa contra o roubo de dados, a seguran\u00e7a empresarial e pessoal, a prote\u00e7\u00e3o contra PEM, a redu\u00e7\u00e3o da radia\u00e7\u00e3o EMF e o refor\u00e7o da privacidade digital.<\/p>","protected":false},"featured_media":8851,"template":"","meta":{"content-type":""},"product_brand":[],"product_cat":[108],"product_tag":[],"class_list":{"0":"post-8846","1":"product","2":"type-product","3":"status-publish","4":"has-post-thumbnail","6":"product_cat-future-physical-products","8":"first","9":"instock","10":"taxable","11":"shipping-taxable","12":"product-type-simple"},"acf":[],"yoast_head":"<!-- This site is optimized with the Yoast SEO Premium plugin v27.3 (Yoast SEO v27.3) - https:\/\/yoast.com\/product\/yoast-seo-premium-wordpress\/ -->\n<title>Mission Darkness\u2122 Non-Window Faraday Bag for Laptops - Elusive Data<\/title>\n<meta name=\"robots\" content=\"index, follow, max-snippet:-1, max-image-preview:large, max-video-preview:-1\" \/>\n<link rel=\"canonical\" href=\"https:\/\/elusivedata.io\/pt\/product\/mission-darkness-non-window-faraday-bag-for-laptops\/\" \/>\n<meta property=\"og:locale\" content=\"pt_PT\" \/>\n<meta property=\"og:type\" content=\"article\" \/>\n<meta property=\"og:title\" content=\"Mission Darkness\u2122 Non-Window Faraday Bag for Laptops\" \/>\n<meta property=\"og:description\" content=\"The Mission Darkness\u2122 Non-window Faraday Bag for Laptops completely blocks all wireless signals and keeps large electronic devices shielded to prevent hacking, tracking, spying, and chain of custody corruption. When a laptop or other device is properly enclosed in the bag, no apps or malicious code can be remotely triggered or wiped, no communication can penetrate, and no one can access the microphone, camera, GPS location, or data. Primary uses are for law enforcement and military forensic evidence collection, defense against data theft, corporate and personal security, EMP protection, EMF radiation reduction, and to enhance digital privacy.\" \/>\n<meta property=\"og:url\" content=\"https:\/\/elusivedata.io\/pt\/product\/mission-darkness-non-window-faraday-bag-for-laptops\/\" \/>\n<meta property=\"og:site_name\" content=\"Elusive Data\" \/>\n<meta property=\"article:modified_time\" content=\"2025-06-24T06:31:18+00:00\" \/>\n<meta property=\"og:image\" content=\"https:\/\/elusivedata.io\/wp-content\/uploads\/2025\/06\/DSC02000-2_480x480.webp\" \/>\n\t<meta property=\"og:image:width\" content=\"480\" \/>\n\t<meta property=\"og:image:height\" content=\"480\" \/>\n\t<meta property=\"og:image:type\" content=\"image\/webp\" \/>\n<meta name=\"twitter:card\" content=\"summary_large_image\" \/>\n<meta name=\"twitter:label1\" content=\"Tempo estimado de leitura\" \/>\n\t<meta name=\"twitter:data1\" content=\"2 minutos\" \/>\n<script type=\"application\/ld+json\" class=\"yoast-schema-graph\">{\"@context\":\"https:\\\/\\\/schema.org\",\"@graph\":[{\"@type\":\"WebPage\",\"@id\":\"https:\\\/\\\/elusivedata.io\\\/product\\\/mission-darkness-non-window-faraday-bag-for-laptops\\\/\",\"url\":\"https:\\\/\\\/elusivedata.io\\\/product\\\/mission-darkness-non-window-faraday-bag-for-laptops\\\/\",\"name\":\"Mission Darkness\u2122 Non-Window Faraday Bag for Laptops - Elusive Data\",\"isPartOf\":{\"@id\":\"https:\\\/\\\/elusivedata.io\\\/#website\"},\"primaryImageOfPage\":{\"@id\":\"https:\\\/\\\/elusivedata.io\\\/product\\\/mission-darkness-non-window-faraday-bag-for-laptops\\\/#primaryimage\"},\"image\":{\"@id\":\"https:\\\/\\\/elusivedata.io\\\/product\\\/mission-darkness-non-window-faraday-bag-for-laptops\\\/#primaryimage\"},\"thumbnailUrl\":\"https:\\\/\\\/elusivedata.io\\\/wp-content\\\/uploads\\\/2025\\\/06\\\/DSC02000-2_480x480.webp\",\"datePublished\":\"2025-06-17T08:15:50+00:00\",\"dateModified\":\"2025-06-24T06:31:18+00:00\",\"breadcrumb\":{\"@id\":\"https:\\\/\\\/elusivedata.io\\\/product\\\/mission-darkness-non-window-faraday-bag-for-laptops\\\/#breadcrumb\"},\"inLanguage\":\"pt-PT\",\"potentialAction\":[{\"@type\":\"ReadAction\",\"target\":[\"https:\\\/\\\/elusivedata.io\\\/product\\\/mission-darkness-non-window-faraday-bag-for-laptops\\\/\"]}]},{\"@type\":\"ImageObject\",\"inLanguage\":\"pt-PT\",\"@id\":\"https:\\\/\\\/elusivedata.io\\\/product\\\/mission-darkness-non-window-faraday-bag-for-laptops\\\/#primaryimage\",\"url\":\"https:\\\/\\\/elusivedata.io\\\/wp-content\\\/uploads\\\/2025\\\/06\\\/DSC02000-2_480x480.webp\",\"contentUrl\":\"https:\\\/\\\/elusivedata.io\\\/wp-content\\\/uploads\\\/2025\\\/06\\\/DSC02000-2_480x480.webp\",\"width\":480,\"height\":480,\"caption\":\"Mission Darkness Faraday bag in use \u2014 mobile device evidence collection and shielding\"},{\"@type\":\"BreadcrumbList\",\"@id\":\"https:\\\/\\\/elusivedata.io\\\/product\\\/mission-darkness-non-window-faraday-bag-for-laptops\\\/#breadcrumb\",\"itemListElement\":[{\"@type\":\"ListItem\",\"position\":1,\"name\":\"Home\",\"item\":\"https:\\\/\\\/elusivedata.io\\\/\"},{\"@type\":\"ListItem\",\"position\":2,\"name\":\"Products\",\"item\":\"https:\\\/\\\/elusivedata.io\\\/shop\\\/\"},{\"@type\":\"ListItem\",\"position\":3,\"name\":\"Mission Darkness\u2122 Non-Window Faraday Bag for Laptops\"}]},{\"@type\":\"WebSite\",\"@id\":\"https:\\\/\\\/elusivedata.io\\\/#website\",\"url\":\"https:\\\/\\\/elusivedata.io\\\/\",\"name\":\"ElusiveData\",\"description\":\"Excellence in Digital Forensics Training and Consulting\",\"publisher\":{\"@id\":\"https:\\\/\\\/elusivedata.io\\\/#organization\"},\"potentialAction\":[{\"@type\":\"SearchAction\",\"target\":{\"@type\":\"EntryPoint\",\"urlTemplate\":\"https:\\\/\\\/elusivedata.io\\\/?s={search_term_string}\"},\"query-input\":{\"@type\":\"PropertyValueSpecification\",\"valueRequired\":true,\"valueName\":\"search_term_string\"}}],\"inLanguage\":\"pt-PT\"},{\"@type\":\"Organization\",\"@id\":\"https:\\\/\\\/elusivedata.io\\\/#organization\",\"name\":\"ElusiveData\",\"url\":\"https:\\\/\\\/elusivedata.io\\\/\",\"logo\":{\"@type\":\"ImageObject\",\"inLanguage\":\"pt-PT\",\"@id\":\"https:\\\/\\\/elusivedata.io\\\/#\\\/schema\\\/logo\\\/image\\\/\",\"url\":\"https:\\\/\\\/elusivedata.io\\\/wp-content\\\/uploads\\\/2024\\\/11\\\/Asset-3_2x-scaled.png\",\"contentUrl\":\"https:\\\/\\\/elusivedata.io\\\/wp-content\\\/uploads\\\/2024\\\/11\\\/Asset-3_2x-scaled.png\",\"width\":2560,\"height\":370,\"caption\":\"ElusiveData\"},\"image\":{\"@id\":\"https:\\\/\\\/elusivedata.io\\\/#\\\/schema\\\/logo\\\/image\\\/\"},\"sameAs\":[\"https:\\\/\\\/www.youtube.com\\\/@elusivedata\"]}]}<\/script>\n<!-- \/ Yoast SEO Premium plugin. -->","yoast_head_json":{"title":"Bolsa de Faraday sem janela Mission Darkness\u2122 para computadores port\u00e1teis - Elusive Data","robots":{"index":"index","follow":"follow","max-snippet":"max-snippet:-1","max-image-preview":"max-image-preview:large","max-video-preview":"max-video-preview:-1"},"canonical":"https:\/\/elusivedata.io\/pt\/product\/mission-darkness-non-window-faraday-bag-for-laptops\/","og_locale":"pt_PT","og_type":"article","og_title":"Mission Darkness\u2122 Non-Window Faraday Bag for Laptops","og_description":"The Mission Darkness\u2122 Non-window Faraday Bag for Laptops completely blocks all wireless signals and keeps large electronic devices shielded to prevent hacking, tracking, spying, and chain of custody corruption. When a laptop or other device is properly enclosed in the bag, no apps or malicious code can be remotely triggered or wiped, no communication can penetrate, and no one can access the microphone, camera, GPS location, or data. Primary uses are for law enforcement and military forensic evidence collection, defense against data theft, corporate and personal security, EMP protection, EMF radiation reduction, and to enhance digital privacy.","og_url":"https:\/\/elusivedata.io\/pt\/product\/mission-darkness-non-window-faraday-bag-for-laptops\/","og_site_name":"Elusive Data","article_modified_time":"2025-06-24T06:31:18+00:00","og_image":[{"width":480,"height":480,"url":"https:\/\/elusivedata.io\/wp-content\/uploads\/2025\/06\/DSC02000-2_480x480.webp","type":"image\/webp"}],"twitter_card":"summary_large_image","twitter_misc":{"Tempo estimado de leitura":"2 minutos"},"schema":{"@context":"https:\/\/schema.org","@graph":[{"@type":"WebPage","@id":"https:\/\/elusivedata.io\/product\/mission-darkness-non-window-faraday-bag-for-laptops\/","url":"https:\/\/elusivedata.io\/product\/mission-darkness-non-window-faraday-bag-for-laptops\/","name":"Bolsa de Faraday sem janela Mission Darkness\u2122 para computadores port\u00e1teis - Elusive Data","isPartOf":{"@id":"https:\/\/elusivedata.io\/#website"},"primaryImageOfPage":{"@id":"https:\/\/elusivedata.io\/product\/mission-darkness-non-window-faraday-bag-for-laptops\/#primaryimage"},"image":{"@id":"https:\/\/elusivedata.io\/product\/mission-darkness-non-window-faraday-bag-for-laptops\/#primaryimage"},"thumbnailUrl":"https:\/\/elusivedata.io\/wp-content\/uploads\/2025\/06\/DSC02000-2_480x480.webp","datePublished":"2025-06-17T08:15:50+00:00","dateModified":"2025-06-24T06:31:18+00:00","breadcrumb":{"@id":"https:\/\/elusivedata.io\/product\/mission-darkness-non-window-faraday-bag-for-laptops\/#breadcrumb"},"inLanguage":"pt-PT","potentialAction":[{"@type":"ReadAction","target":["https:\/\/elusivedata.io\/product\/mission-darkness-non-window-faraday-bag-for-laptops\/"]}]},{"@type":"ImageObject","inLanguage":"pt-PT","@id":"https:\/\/elusivedata.io\/product\/mission-darkness-non-window-faraday-bag-for-laptops\/#primaryimage","url":"https:\/\/elusivedata.io\/wp-content\/uploads\/2025\/06\/DSC02000-2_480x480.webp","contentUrl":"https:\/\/elusivedata.io\/wp-content\/uploads\/2025\/06\/DSC02000-2_480x480.webp","width":480,"height":480,"caption":"Mission Darkness Faraday bag in use \u2014 mobile device evidence collection and shielding"},{"@type":"BreadcrumbList","@id":"https:\/\/elusivedata.io\/product\/mission-darkness-non-window-faraday-bag-for-laptops\/#breadcrumb","itemListElement":[{"@type":"ListItem","position":1,"name":"Home","item":"https:\/\/elusivedata.io\/"},{"@type":"ListItem","position":2,"name":"Products","item":"https:\/\/elusivedata.io\/shop\/"},{"@type":"ListItem","position":3,"name":"Mission Darkness\u2122 Non-Window Faraday Bag for Laptops"}]},{"@type":"WebSite","@id":"https:\/\/elusivedata.io\/#website","url":"https:\/\/elusivedata.io\/","name":"ElusiveData","description":"Excel\u00eancia em forma\u00e7\u00e3o e consultoria forense digital","publisher":{"@id":"https:\/\/elusivedata.io\/#organization"},"potentialAction":[{"@type":"SearchAction","target":{"@type":"EntryPoint","urlTemplate":"https:\/\/elusivedata.io\/?s={search_term_string}"},"query-input":{"@type":"PropertyValueSpecification","valueRequired":true,"valueName":"search_term_string"}}],"inLanguage":"pt-PT"},{"@type":"Organization","@id":"https:\/\/elusivedata.io\/#organization","name":"ElusiveData","url":"https:\/\/elusivedata.io\/","logo":{"@type":"ImageObject","inLanguage":"pt-PT","@id":"https:\/\/elusivedata.io\/#\/schema\/logo\/image\/","url":"https:\/\/elusivedata.io\/wp-content\/uploads\/2024\/11\/Asset-3_2x-scaled.png","contentUrl":"https:\/\/elusivedata.io\/wp-content\/uploads\/2024\/11\/Asset-3_2x-scaled.png","width":2560,"height":370,"caption":"ElusiveData"},"image":{"@id":"https:\/\/elusivedata.io\/#\/schema\/logo\/image\/"},"sameAs":["https:\/\/www.youtube.com\/@elusivedata"]}]}},"_links":{"self":[{"href":"https:\/\/elusivedata.io\/pt\/wp-json\/wp\/v2\/product\/8846","targetHints":{"allow":["GET"]}}],"collection":[{"href":"https:\/\/elusivedata.io\/pt\/wp-json\/wp\/v2\/product"}],"about":[{"href":"https:\/\/elusivedata.io\/pt\/wp-json\/wp\/v2\/types\/product"}],"version-history":[{"count":4,"href":"https:\/\/elusivedata.io\/pt\/wp-json\/wp\/v2\/product\/8846\/revisions"}],"predecessor-version":[{"id":10127,"href":"https:\/\/elusivedata.io\/pt\/wp-json\/wp\/v2\/product\/8846\/revisions\/10127"}],"wp:featuredmedia":[{"embeddable":true,"href":"https:\/\/elusivedata.io\/pt\/wp-json\/wp\/v2\/media\/8851"}],"wp:attachment":[{"href":"https:\/\/elusivedata.io\/pt\/wp-json\/wp\/v2\/media?parent=8846"}],"wp:term":[{"taxonomy":"product_brand","embeddable":true,"href":"https:\/\/elusivedata.io\/pt\/wp-json\/wp\/v2\/product_brand?post=8846"},{"taxonomy":"product_cat","embeddable":true,"href":"https:\/\/elusivedata.io\/pt\/wp-json\/wp\/v2\/product_cat?post=8846"},{"taxonomy":"product_tag","embeddable":true,"href":"https:\/\/elusivedata.io\/pt\/wp-json\/wp\/v2\/product_tag?post=8846"}],"curies":[{"name":"wp","href":"https:\/\/api.w.org\/{rel}","templated":true}]}}