{"id":8810,"date":"2025-06-17T08:15:53","date_gmt":"2025-06-17T08:15:53","guid":{"rendered":"https:\/\/elusivedata.io\/?post_type=product&#038;p=8810"},"modified":"2025-06-24T06:30:50","modified_gmt":"2025-06-24T06:30:50","slug":"mission-darkness-blockbox-lab-xl","status":"publish","type":"product","link":"https:\/\/elusivedata.io\/pt\/product\/mission-darkness-blockbox-lab-xl\/","title":{"rendered":"Miss\u00e3o Darkness\u2122 BlockBox Lab XL"},"content":{"rendered":"<div data-elementor-type=\"product-post\" data-elementor-id=\"8810\" class=\"elementor elementor-8810\" data-elementor-post-type=\"product\">\n\t\t\t\t<div class=\"elementor-element elementor-element-347fe6d2 e-flex e-con-boxed e-con e-parent\" data-id=\"347fe6d2\" data-element_type=\"container\" data-e-type=\"container\">\n\t\t\t\t\t<div class=\"e-con-inner\">\n\t\t\t\t<div class=\"elementor-element elementor-element-322b7be9 elementor-widget elementor-widget-text-editor\" data-id=\"322b7be9\" data-element_type=\"widget\" data-e-type=\"widget\" data-widget_type=\"text-editor.default\">\n\t\t\t\t<div class=\"elementor-widget-container\">\n\t\t\t\t\t\t\t\t\t<div id=\"s-05dc07eb-99c9-4894-bd54-ad282338cdfc\" class=\"shg-c shg-align-left\"><div class=\"shogun-heading-component\"><p>O Mission Darkness\u2122 BlockBox Lab XL oferece a melhor blindagem de radiofrequ\u00eancia (RF) e acessibilidade pr\u00e1tica para investiga\u00e7\u00f5es forenses de dispositivos electr\u00f3nicos. O inv\u00f3lucro de an\u00e1lise forense resistente foi projetado especificamente para investigar dispositivos como telefones celulares, tablets, laptops e eletr\u00f4nicos de tamanho semelhante, permanecendo protegido de sinais de RF. As dimens\u00f5es interiores extra grandes facilitam aos operadores a an\u00e1lise confort\u00e1vel de dispositivos, bem como a transfer\u00eancia de dispositivos para dentro e para fora dos sacos de faraday dentro da c\u00e2mara blindada. As utiliza\u00e7\u00f5es alternativas est\u00e3o relacionadas com o teste de dispositivos m\u00f3veis, uma vez que o produto pode ser utilizado para criar um ambiente isolado e controlado.<\/p><p>\u00c9 constru\u00edda com uma estrutura de alum\u00ednio dur\u00e1vel com espuma absorvente de RF a revestir as paredes interiores, luvas condutoras para ambas as m\u00e3os para operar e interrogar dispositivos no interior (incluindo ecr\u00e3s t\u00e1cteis), janela de visualiza\u00e7\u00e3o transparente patenteada Gen 2 RF-FilterVu, duas matrizes de LED, r\u00e9gua de alimenta\u00e7\u00e3o com quatro portas de alimenta\u00e7\u00e3o universais e quatro portas USB, e um filtro blindado de dupla face com RJ45 ethernet e duas portas USB para extrair dados a alta velocidade. A porta RJ45 permite ao operador ligar dispositivos dentro da c\u00e2mara de faraday a uma rede local internamente, bem como ligar a uma fonte de carregamento, computador ou ferramenta de extra\u00e7\u00e3o de dados externamente. As carater\u00edsticas combinadas permitem aos investigadores forenses analisar minuciosamente os dados nos dispositivos, impedindo que qualquer sinal chegue ou saia do dispositivo. A capacidade de manter os dispositivos carregados indefinidamente evita o modo de bloqueio e reduz o tempo necess\u00e1rio para quebrar um c\u00f3digo de acesso, permitindo o m\u00e1ximo de extra\u00e7\u00e3o de dados e desbloqueio com ferramentas como GrayKey, Cellebrite, XRY, BlackBag, Oxygen, etc.<\/p><p>A BlockBox Lab XL isola completamente os dispositivos no interior e bloqueia WiFi (2,4 e 5 GHz), Bluetooth, sinais de telem\u00f3vel, incluindo redes 5G, GPS, RFID e sinais de r\u00e1dio. Foi testada em laborat\u00f3rio e certificada de acordo com as normas de efic\u00e1cia de prote\u00e7\u00e3o\u00a0<a href=\"https:\/\/mosequipment.com\/pages\/ieee-299-2006-testing\" target=\"_blank\" rel=\"noopener\">IEEE 299-2006<\/a>. Embora concebida para utiliza\u00e7\u00e3o em laborat\u00f3rio, o peso leve da BlockBox Lab XL e as pegas laterais resistentes permitem que seja transportada para diferentes locais. O abrangente kit de acess\u00f3rios inclui uma variedade de cabos de alta qualidade, um organizador e uma prateleira para telem\u00f3veis em acr\u00edlico transparente, um conjunto de luvas de substitui\u00e7\u00e3o e vedantes de espuma (uma vez que estes itens podem desgastar-se com o tempo devido a uma utiliza\u00e7\u00e3o ou armazenamento frequente\/impr\u00f3prio), que podem ser facilmente instalados no local sem ter de enviar toda a unidade para repara\u00e7\u00e3o. O kit tamb\u00e9m inclui uma variedade de sacos de Faraday NeoLok da Mission Darkness com um fecho magn\u00e9tico patenteado, o que torna segura a sua utiliza\u00e7\u00e3o com luvas condutoras em investiga\u00e7\u00f5es forenses.<\/p><p>A BlockBox Lab XL pode ser adquirida com uma variedade de funcionalidades melhoradas (leia os detalhes abaixo e selecione a op\u00e7\u00e3o preferida no menu pendente). Uma porta ethernet RJ45 adicional ou outros filtros podem ser instalados mediante solicita\u00e7\u00e3o. Pode ser equipado com um respiradouro e uma ventoinha para reduzir o calor gerado pelo equipamento de elevado processamento utilizado no interior do arm\u00e1rio e evitar o incha\u00e7o do dispositivo. Adicionalmente, pode ser instalado interna ou externamente um suporte de c\u00e2mara para que uma c\u00e2mara possa fotografar ou filmar provas e ecr\u00e3s de dispositivos. Ler mais\u00a0<a href=\"https:\/\/mosequipment.com\/blogs\/blog\/faraday-box-with-mounted-camera\" target=\"_blank\" rel=\"noopener\">publica\u00e7\u00e3o no blogue<\/a>\u00a0sobre as vantagens de uma caixa de faraday com uma c\u00e2mara montada para saber mais.<\/p><\/div><p><iframe title=\"BBL XL BlockBox Lab Compara\u00e7\u00e3o entre a vers\u00e3o standard e a vers\u00e3o para tablet\" width=\"800\" height=\"450\" src=\"https:\/\/www.youtube.com\/embed\/UC-KWEgSOu8?feature=oembed&enablejsapi=1&origin=https:\/\/elusivedata.io\" frameborder=\"0\" allow=\"accelerometer; autoplay; clipboard-write; encrypted-media; gyroscope; picture-in-picture; web-share\" referrerpolicy=\"strict-origin-when-cross-origin\" allowfullscreen><\/iframe><\/p><\/div>\t\t\t\t\t\t\t\t<\/div>\n\t\t\t\t<\/div>\n\t\t\t\t\t<\/div>\n\t\t\t\t<\/div>\n\t\t<div class=\"elementor-element elementor-element-b25f885 e-flex e-con-boxed e-con e-parent\" data-id=\"b25f885\" data-element_type=\"container\" data-e-type=\"container\">\n\t\t\t\t\t<div class=\"e-con-inner\">\n\t\t<div class=\"elementor-element elementor-element-5822c12 e-con-full e-flex e-con e-child\" data-id=\"5822c12\" data-element_type=\"container\" data-e-type=\"container\">\n\t\t\t\t<div class=\"elementor-element elementor-element-a64f718 elementor-widget elementor-widget-image\" data-id=\"a64f718\" data-element_type=\"widget\" data-e-type=\"widget\" data-widget_type=\"image.default\">\n\t\t\t\t<div class=\"elementor-widget-container\">\n\t\t\t\t\t\t\t\t\t\t\t\t\t\t\t<img fetchpriority=\"high\" decoding=\"async\" width=\"800\" height=\"552\" src=\"https:\/\/elusivedata.io\/wp-content\/uploads\/2025\/06\/download-5-1024x707.webp\" class=\"attachment-large size-large wp-image-8811\" alt=\"Mission Darkness Faraday bag \u2014 professional signal-blocking evidence collection pouch\" srcset=\"https:\/\/elusivedata.io\/wp-content\/uploads\/2025\/06\/download-5-1024x707.webp 1024w, https:\/\/elusivedata.io\/wp-content\/uploads\/2025\/06\/download-5-300x207.webp 300w, https:\/\/elusivedata.io\/wp-content\/uploads\/2025\/06\/download-5-768x531.webp 768w, https:\/\/elusivedata.io\/wp-content\/uploads\/2025\/06\/download-5-18x12.webp 18w, https:\/\/elusivedata.io\/wp-content\/uploads\/2025\/06\/download-5-600x414.webp 600w, https:\/\/elusivedata.io\/wp-content\/uploads\/2025\/06\/download-5.webp 1423w\" sizes=\"(max-width: 800px) 100vw, 800px\" \/>\t\t\t\t\t\t\t\t\t\t\t\t\t\t\t<\/div>\n\t\t\t\t<\/div>\n\t\t\t\t<\/div>\n\t\t<div class=\"elementor-element elementor-element-d454967 e-con-full e-flex e-con e-child\" data-id=\"d454967\" data-element_type=\"container\" data-e-type=\"container\">\n\t\t\t\t<div class=\"elementor-element elementor-element-96afd19 elementor-widget elementor-widget-image\" data-id=\"96afd19\" data-element_type=\"widget\" data-e-type=\"widget\" data-widget_type=\"image.default\">\n\t\t\t\t<div class=\"elementor-widget-container\">\n\t\t\t\t\t\t\t\t\t\t\t\t\t\t\t<img decoding=\"async\" width=\"800\" height=\"552\" src=\"https:\/\/elusivedata.io\/wp-content\/uploads\/2025\/06\/download-4-1024x707.webp\" class=\"attachment-large size-large wp-image-8812\" alt=\"Mission Darkness Faraday shielding equipment \u2014 RF-blocking for mobile device forensics\" srcset=\"https:\/\/elusivedata.io\/wp-content\/uploads\/2025\/06\/download-4-1024x707.webp 1024w, https:\/\/elusivedata.io\/wp-content\/uploads\/2025\/06\/download-4-300x207.webp 300w, https:\/\/elusivedata.io\/wp-content\/uploads\/2025\/06\/download-4-768x530.webp 768w, https:\/\/elusivedata.io\/wp-content\/uploads\/2025\/06\/download-4-18x12.webp 18w, https:\/\/elusivedata.io\/wp-content\/uploads\/2025\/06\/download-4-600x414.webp 600w, https:\/\/elusivedata.io\/wp-content\/uploads\/2025\/06\/download-4.webp 1500w\" sizes=\"(max-width: 800px) 100vw, 800px\" \/>\t\t\t\t\t\t\t\t\t\t\t\t\t\t\t<\/div>\n\t\t\t\t<\/div>\n\t\t\t\t<\/div>\n\t\t\t\t\t<\/div>\n\t\t\t\t<\/div>\n\t\t\t\t<\/div>","protected":false},"excerpt":{"rendered":"<p class=\"ai-optimize-19\">O Mission Darkness\u2122 BlockBox Lab XL oferece a melhor blindagem de radiofrequ\u00eancia (RF) e acessibilidade pr\u00e1tica para investiga\u00e7\u00f5es forenses de dispositivos electr\u00f3nicos. O inv\u00f3lucro de an\u00e1lise forense resistente foi projetado especificamente para investigar dispositivos como telefones celulares, tablets, laptops e eletr\u00f4nicos de tamanho semelhante, permanecendo protegido de sinais de RF. As dimens\u00f5es interiores extra grandes facilitam aos operadores a an\u00e1lise confort\u00e1vel de dispositivos, bem como a transfer\u00eancia de dispositivos para dentro e para fora dos sacos de faraday dentro da c\u00e2mara blindada. As utiliza\u00e7\u00f5es alternativas est\u00e3o relacionadas com o teste de dispositivos m\u00f3veis, uma vez que o produto pode ser utilizado para criar um ambiente isolado e controlado.<\/p>","protected":false},"featured_media":8818,"template":"","meta":{"content-type":""},"product_brand":[],"product_cat":[108],"product_tag":[],"class_list":{"0":"post-8810","1":"product","2":"type-product","3":"status-publish","4":"has-post-thumbnail","6":"product_cat-future-physical-products","8":"first","9":"instock","10":"taxable","11":"shipping-taxable","12":"purchasable","13":"product-type-simple"},"acf":[],"yoast_head":"<!-- This site is optimized with the Yoast SEO Premium plugin v27.3 (Yoast SEO v27.3) - https:\/\/yoast.com\/product\/yoast-seo-premium-wordpress\/ -->\n<title>Mission Darkness\u2122 BlockBox Lab XL - Elusive Data<\/title>\n<meta name=\"robots\" content=\"index, follow, max-snippet:-1, max-image-preview:large, max-video-preview:-1\" \/>\n<link rel=\"canonical\" href=\"https:\/\/elusivedata.io\/pt\/product\/mission-darkness-blockbox-lab-xl\/\" \/>\n<meta property=\"og:locale\" content=\"pt_PT\" \/>\n<meta property=\"og:type\" content=\"article\" \/>\n<meta property=\"og:title\" content=\"Mission Darkness\u2122 BlockBox Lab XL\" \/>\n<meta property=\"og:description\" content=\"The Mission Darkness\u2122 BlockBox Lab XL offers the ultimate radio frequency (RF) shielding and hands-on accessibility for electronic device forensics investigations. The heavy-duty forensic analysis enclosure is designed specifically for investigating devices such as cell phones, tablets, laptops, and similar size electronics while remaining shielded from RF signals. The extra large interior dimensions make it easy for operators to comfortably analyze devices, as well as transfer devices in and out of faraday bags inside of the shielded chamber. Alternative uses relate to mobile device testing, since the product can be used to create an isolated and controlled environment.\" \/>\n<meta property=\"og:url\" content=\"https:\/\/elusivedata.io\/pt\/product\/mission-darkness-blockbox-lab-xl\/\" \/>\n<meta property=\"og:site_name\" content=\"Elusive Data\" \/>\n<meta property=\"article:modified_time\" content=\"2025-06-24T06:30:50+00:00\" \/>\n<meta property=\"og:image\" content=\"https:\/\/elusivedata.io\/wp-content\/uploads\/2025\/06\/DSC00549_480x480.webp\" \/>\n\t<meta property=\"og:image:width\" content=\"480\" \/>\n\t<meta property=\"og:image:height\" content=\"480\" \/>\n\t<meta property=\"og:image:type\" content=\"image\/webp\" \/>\n<meta name=\"twitter:card\" content=\"summary_large_image\" \/>\n<meta name=\"twitter:label1\" content=\"Tempo estimado de leitura\" \/>\n\t<meta name=\"twitter:data1\" content=\"3 minutos\" \/>\n<script type=\"application\/ld+json\" class=\"yoast-schema-graph\">{\"@context\":\"https:\\\/\\\/schema.org\",\"@graph\":[{\"@type\":\"WebPage\",\"@id\":\"https:\\\/\\\/elusivedata.io\\\/product\\\/mission-darkness-blockbox-lab-xl\\\/\",\"url\":\"https:\\\/\\\/elusivedata.io\\\/product\\\/mission-darkness-blockbox-lab-xl\\\/\",\"name\":\"Mission Darkness\u2122 BlockBox Lab XL - Elusive Data\",\"isPartOf\":{\"@id\":\"https:\\\/\\\/elusivedata.io\\\/#website\"},\"primaryImageOfPage\":{\"@id\":\"https:\\\/\\\/elusivedata.io\\\/product\\\/mission-darkness-blockbox-lab-xl\\\/#primaryimage\"},\"image\":{\"@id\":\"https:\\\/\\\/elusivedata.io\\\/product\\\/mission-darkness-blockbox-lab-xl\\\/#primaryimage\"},\"thumbnailUrl\":\"https:\\\/\\\/elusivedata.io\\\/wp-content\\\/uploads\\\/2025\\\/06\\\/DSC00549_480x480.webp\",\"datePublished\":\"2025-06-17T08:15:53+00:00\",\"dateModified\":\"2025-06-24T06:30:50+00:00\",\"breadcrumb\":{\"@id\":\"https:\\\/\\\/elusivedata.io\\\/product\\\/mission-darkness-blockbox-lab-xl\\\/#breadcrumb\"},\"inLanguage\":\"pt-PT\",\"potentialAction\":[{\"@type\":\"ReadAction\",\"target\":[\"https:\\\/\\\/elusivedata.io\\\/product\\\/mission-darkness-blockbox-lab-xl\\\/\"]}]},{\"@type\":\"ImageObject\",\"inLanguage\":\"pt-PT\",\"@id\":\"https:\\\/\\\/elusivedata.io\\\/product\\\/mission-darkness-blockbox-lab-xl\\\/#primaryimage\",\"url\":\"https:\\\/\\\/elusivedata.io\\\/wp-content\\\/uploads\\\/2025\\\/06\\\/DSC00549_480x480.webp\",\"contentUrl\":\"https:\\\/\\\/elusivedata.io\\\/wp-content\\\/uploads\\\/2025\\\/06\\\/DSC00549_480x480.webp\",\"width\":480,\"height\":480,\"caption\":\"Mission Darkness Faraday bag product photo \u2014 professional digital forensics equipment\"},{\"@type\":\"BreadcrumbList\",\"@id\":\"https:\\\/\\\/elusivedata.io\\\/product\\\/mission-darkness-blockbox-lab-xl\\\/#breadcrumb\",\"itemListElement\":[{\"@type\":\"ListItem\",\"position\":1,\"name\":\"Home\",\"item\":\"https:\\\/\\\/elusivedata.io\\\/\"},{\"@type\":\"ListItem\",\"position\":2,\"name\":\"Products\",\"item\":\"https:\\\/\\\/elusivedata.io\\\/shop\\\/\"},{\"@type\":\"ListItem\",\"position\":3,\"name\":\"Mission Darkness\u2122 BlockBox Lab XL\"}]},{\"@type\":\"WebSite\",\"@id\":\"https:\\\/\\\/elusivedata.io\\\/#website\",\"url\":\"https:\\\/\\\/elusivedata.io\\\/\",\"name\":\"ElusiveData\",\"description\":\"Excellence in Digital Forensics Training and Consulting\",\"publisher\":{\"@id\":\"https:\\\/\\\/elusivedata.io\\\/#organization\"},\"potentialAction\":[{\"@type\":\"SearchAction\",\"target\":{\"@type\":\"EntryPoint\",\"urlTemplate\":\"https:\\\/\\\/elusivedata.io\\\/?s={search_term_string}\"},\"query-input\":{\"@type\":\"PropertyValueSpecification\",\"valueRequired\":true,\"valueName\":\"search_term_string\"}}],\"inLanguage\":\"pt-PT\"},{\"@type\":\"Organization\",\"@id\":\"https:\\\/\\\/elusivedata.io\\\/#organization\",\"name\":\"ElusiveData\",\"url\":\"https:\\\/\\\/elusivedata.io\\\/\",\"logo\":{\"@type\":\"ImageObject\",\"inLanguage\":\"pt-PT\",\"@id\":\"https:\\\/\\\/elusivedata.io\\\/#\\\/schema\\\/logo\\\/image\\\/\",\"url\":\"https:\\\/\\\/elusivedata.io\\\/wp-content\\\/uploads\\\/2024\\\/11\\\/Asset-3_2x-scaled.png\",\"contentUrl\":\"https:\\\/\\\/elusivedata.io\\\/wp-content\\\/uploads\\\/2024\\\/11\\\/Asset-3_2x-scaled.png\",\"width\":2560,\"height\":370,\"caption\":\"ElusiveData\"},\"image\":{\"@id\":\"https:\\\/\\\/elusivedata.io\\\/#\\\/schema\\\/logo\\\/image\\\/\"},\"sameAs\":[\"https:\\\/\\\/www.youtube.com\\\/@elusivedata\"]}]}<\/script>\n<!-- \/ Yoast SEO Premium plugin. -->","yoast_head_json":{"title":"Miss\u00e3o Darkness\u2122 BlockBox Lab XL - Dados Elusivos","robots":{"index":"index","follow":"follow","max-snippet":"max-snippet:-1","max-image-preview":"max-image-preview:large","max-video-preview":"max-video-preview:-1"},"canonical":"https:\/\/elusivedata.io\/pt\/product\/mission-darkness-blockbox-lab-xl\/","og_locale":"pt_PT","og_type":"article","og_title":"Mission Darkness\u2122 BlockBox Lab XL","og_description":"The Mission Darkness\u2122 BlockBox Lab XL offers the ultimate radio frequency (RF) shielding and hands-on accessibility for electronic device forensics investigations. The heavy-duty forensic analysis enclosure is designed specifically for investigating devices such as cell phones, tablets, laptops, and similar size electronics while remaining shielded from RF signals. The extra large interior dimensions make it easy for operators to comfortably analyze devices, as well as transfer devices in and out of faraday bags inside of the shielded chamber. Alternative uses relate to mobile device testing, since the product can be used to create an isolated and controlled environment.","og_url":"https:\/\/elusivedata.io\/pt\/product\/mission-darkness-blockbox-lab-xl\/","og_site_name":"Elusive Data","article_modified_time":"2025-06-24T06:30:50+00:00","og_image":[{"width":480,"height":480,"url":"https:\/\/elusivedata.io\/wp-content\/uploads\/2025\/06\/DSC00549_480x480.webp","type":"image\/webp"}],"twitter_card":"summary_large_image","twitter_misc":{"Tempo estimado de leitura":"3 minutos"},"schema":{"@context":"https:\/\/schema.org","@graph":[{"@type":"WebPage","@id":"https:\/\/elusivedata.io\/product\/mission-darkness-blockbox-lab-xl\/","url":"https:\/\/elusivedata.io\/product\/mission-darkness-blockbox-lab-xl\/","name":"Miss\u00e3o Darkness\u2122 BlockBox Lab XL - Dados Elusivos","isPartOf":{"@id":"https:\/\/elusivedata.io\/#website"},"primaryImageOfPage":{"@id":"https:\/\/elusivedata.io\/product\/mission-darkness-blockbox-lab-xl\/#primaryimage"},"image":{"@id":"https:\/\/elusivedata.io\/product\/mission-darkness-blockbox-lab-xl\/#primaryimage"},"thumbnailUrl":"https:\/\/elusivedata.io\/wp-content\/uploads\/2025\/06\/DSC00549_480x480.webp","datePublished":"2025-06-17T08:15:53+00:00","dateModified":"2025-06-24T06:30:50+00:00","breadcrumb":{"@id":"https:\/\/elusivedata.io\/product\/mission-darkness-blockbox-lab-xl\/#breadcrumb"},"inLanguage":"pt-PT","potentialAction":[{"@type":"ReadAction","target":["https:\/\/elusivedata.io\/product\/mission-darkness-blockbox-lab-xl\/"]}]},{"@type":"ImageObject","inLanguage":"pt-PT","@id":"https:\/\/elusivedata.io\/product\/mission-darkness-blockbox-lab-xl\/#primaryimage","url":"https:\/\/elusivedata.io\/wp-content\/uploads\/2025\/06\/DSC00549_480x480.webp","contentUrl":"https:\/\/elusivedata.io\/wp-content\/uploads\/2025\/06\/DSC00549_480x480.webp","width":480,"height":480,"caption":"Mission Darkness Faraday bag product photo \u2014 professional digital forensics equipment"},{"@type":"BreadcrumbList","@id":"https:\/\/elusivedata.io\/product\/mission-darkness-blockbox-lab-xl\/#breadcrumb","itemListElement":[{"@type":"ListItem","position":1,"name":"Home","item":"https:\/\/elusivedata.io\/"},{"@type":"ListItem","position":2,"name":"Products","item":"https:\/\/elusivedata.io\/shop\/"},{"@type":"ListItem","position":3,"name":"Mission Darkness\u2122 BlockBox Lab XL"}]},{"@type":"WebSite","@id":"https:\/\/elusivedata.io\/#website","url":"https:\/\/elusivedata.io\/","name":"ElusiveData","description":"Excel\u00eancia em forma\u00e7\u00e3o e consultoria forense digital","publisher":{"@id":"https:\/\/elusivedata.io\/#organization"},"potentialAction":[{"@type":"SearchAction","target":{"@type":"EntryPoint","urlTemplate":"https:\/\/elusivedata.io\/?s={search_term_string}"},"query-input":{"@type":"PropertyValueSpecification","valueRequired":true,"valueName":"search_term_string"}}],"inLanguage":"pt-PT"},{"@type":"Organization","@id":"https:\/\/elusivedata.io\/#organization","name":"ElusiveData","url":"https:\/\/elusivedata.io\/","logo":{"@type":"ImageObject","inLanguage":"pt-PT","@id":"https:\/\/elusivedata.io\/#\/schema\/logo\/image\/","url":"https:\/\/elusivedata.io\/wp-content\/uploads\/2024\/11\/Asset-3_2x-scaled.png","contentUrl":"https:\/\/elusivedata.io\/wp-content\/uploads\/2024\/11\/Asset-3_2x-scaled.png","width":2560,"height":370,"caption":"ElusiveData"},"image":{"@id":"https:\/\/elusivedata.io\/#\/schema\/logo\/image\/"},"sameAs":["https:\/\/www.youtube.com\/@elusivedata"]}]}},"_links":{"self":[{"href":"https:\/\/elusivedata.io\/pt\/wp-json\/wp\/v2\/product\/8810","targetHints":{"allow":["GET"]}}],"collection":[{"href":"https:\/\/elusivedata.io\/pt\/wp-json\/wp\/v2\/product"}],"about":[{"href":"https:\/\/elusivedata.io\/pt\/wp-json\/wp\/v2\/types\/product"}],"version-history":[{"count":8,"href":"https:\/\/elusivedata.io\/pt\/wp-json\/wp\/v2\/product\/8810\/revisions"}],"predecessor-version":[{"id":8828,"href":"https:\/\/elusivedata.io\/pt\/wp-json\/wp\/v2\/product\/8810\/revisions\/8828"}],"wp:featuredmedia":[{"embeddable":true,"href":"https:\/\/elusivedata.io\/pt\/wp-json\/wp\/v2\/media\/8818"}],"wp:attachment":[{"href":"https:\/\/elusivedata.io\/pt\/wp-json\/wp\/v2\/media?parent=8810"}],"wp:term":[{"taxonomy":"product_brand","embeddable":true,"href":"https:\/\/elusivedata.io\/pt\/wp-json\/wp\/v2\/product_brand?post=8810"},{"taxonomy":"product_cat","embeddable":true,"href":"https:\/\/elusivedata.io\/pt\/wp-json\/wp\/v2\/product_cat?post=8810"},{"taxonomy":"product_tag","embeddable":true,"href":"https:\/\/elusivedata.io\/pt\/wp-json\/wp\/v2\/product_tag?post=8810"}],"curies":[{"name":"wp","href":"https:\/\/api.w.org\/{rel}","templated":true}]}}