{"id":1228,"date":"2024-11-27T22:36:05","date_gmt":"2024-11-27T22:36:05","guid":{"rendered":"https:\/\/elusivedata.io\/cart\/"},"modified":"2025-08-14T11:07:37","modified_gmt":"2025-08-14T11:07:37","slug":"cart","status":"publish","type":"page","link":"https:\/\/elusivedata.io\/pt\/cart\/","title":{"rendered":"Carrinho"},"content":{"rendered":"<div data-elementor-type=\"wp-page\" data-elementor-id=\"1228\" class=\"elementor elementor-1228\" data-elementor-post-type=\"page\">\n\t\t\t\t<div class=\"elementor-element elementor-element-bfe2d02 e-flex e-con-boxed e-con e-parent\" data-id=\"bfe2d02\" data-element_type=\"container\" data-e-type=\"container\">\n\t\t\t\t\t<div class=\"e-con-inner\">\n\t\t\t\t\t<\/div>\n\t\t\t\t<\/div>\n\t\t\t\t<\/div>","protected":false},"excerpt":{"rendered":"<p>Remover item Imagem em miniatura Pre\u00e7o do produto Quantidade Subtotal \u00d7 Mission Darkness \u2122 Faraday Bag para Keyfobs (2-Pack) \u20ac 57,69 Mission Darkness \u2122 Faraday Bag para Keyfobs (2-Pack) quantidade \u20ac 288,45 \u00d7 SQLite Forensics \u20ac 1.490,00 SQLite Forensics quantidade \u20ac 1.490,00 Atualizar carrinho Aplicar cupom Totais do carrinho Subtotal \u20ac 1.778,45 IVA na UE \u20ac 444,61 Total \u20ac 2.223,06 EUR Prossiga para o checkout<\/p>","protected":false},"author":1,"featured_media":0,"parent":0,"menu_order":0,"comment_status":"closed","ping_status":"closed","template":"elementor_header_footer","meta":{"content-type":"","footnotes":""},"class_list":["post-1228","page","type-page","status-publish","hentry"],"acf":[],"yoast_head":"<!-- This site is optimized with the Yoast SEO Premium plugin v27.3 (Yoast SEO v27.3) - https:\/\/yoast.com\/product\/yoast-seo-premium-wordpress\/ -->\n<title>Cart - Elusive Data<\/title>\n<meta name=\"robots\" content=\"noindex, follow\" \/>\n<meta property=\"og:locale\" content=\"pt_PT\" \/>\n<meta property=\"og:type\" content=\"article\" \/>\n<meta property=\"og:title\" content=\"Cart\" \/>\n<meta property=\"og:description\" content=\"Remove item Thumbnail image Product Price Quantity Subtotal &times; Mission Darkness\u2122 Faraday Bag for Keyfobs (2-Pack) &euro;&nbsp;57,69 Mission Darkness\u2122 Faraday Bag for Keyfobs (2-Pack) quantity &euro;&nbsp;288,45 &times; SQLite Forensics &euro;&nbsp;1.490,00 SQLite Forensics quantity &euro;&nbsp;1.490,00 Update Cart Apply coupon Cart Totals Subtotal &euro;&nbsp;1.778,45 VAT in EU &euro;&nbsp;444,61 Total &euro;&nbsp;2.223,06 EUR Proceed to Checkout\" \/>\n<meta property=\"og:url\" content=\"https:\/\/elusivedata.io\/pt\/cart\/\" \/>\n<meta property=\"og:site_name\" content=\"Elusive Data\" \/>\n<meta property=\"article:modified_time\" content=\"2025-08-14T11:07:37+00:00\" \/>\n<meta property=\"og:image\" content=\"https:\/\/elusivedata.io\/wp-content\/uploads\/2025\/05\/MDFB-K-hero-2pack-2_large-300x300.jpg\" \/>\n<meta name=\"twitter:card\" content=\"summary_large_image\" \/>\n<meta name=\"twitter:label1\" content=\"Tempo estimado de leitura\" \/>\n\t<meta name=\"twitter:data1\" content=\"1 minuto\" \/>\n<script type=\"application\/ld+json\" class=\"yoast-schema-graph\">{\"@context\":\"https:\\\/\\\/schema.org\",\"@graph\":[{\"@type\":\"WebPage\",\"@id\":\"https:\\\/\\\/elusivedata.io\\\/cart\\\/\",\"url\":\"https:\\\/\\\/elusivedata.io\\\/cart\\\/\",\"name\":\"Cart - Elusive Data\",\"isPartOf\":{\"@id\":\"https:\\\/\\\/elusivedata.io\\\/#website\"},\"primaryImageOfPage\":{\"@id\":\"https:\\\/\\\/elusivedata.io\\\/cart\\\/#primaryimage\"},\"image\":{\"@id\":\"https:\\\/\\\/elusivedata.io\\\/cart\\\/#primaryimage\"},\"thumbnailUrl\":\"https:\\\/\\\/elusivedata.io\\\/wp-content\\\/uploads\\\/2025\\\/05\\\/MDFB-K-hero-2pack-2_large-300x300.jpg\",\"datePublished\":\"2024-11-27T22:36:05+00:00\",\"dateModified\":\"2025-08-14T11:07:37+00:00\",\"breadcrumb\":{\"@id\":\"https:\\\/\\\/elusivedata.io\\\/cart\\\/#breadcrumb\"},\"inLanguage\":\"pt-PT\",\"potentialAction\":[{\"@type\":\"ReadAction\",\"target\":[\"https:\\\/\\\/elusivedata.io\\\/cart\\\/\"]}]},{\"@type\":\"ImageObject\",\"inLanguage\":\"pt-PT\",\"@id\":\"https:\\\/\\\/elusivedata.io\\\/cart\\\/#primaryimage\",\"url\":\"https:\\\/\\\/elusivedata.io\\\/wp-content\\\/uploads\\\/2025\\\/05\\\/MDFB-K-hero-2pack-2_large-300x300.jpg\",\"contentUrl\":\"https:\\\/\\\/elusivedata.io\\\/wp-content\\\/uploads\\\/2025\\\/05\\\/MDFB-K-hero-2pack-2_large-300x300.jpg\"},{\"@type\":\"BreadcrumbList\",\"@id\":\"https:\\\/\\\/elusivedata.io\\\/cart\\\/#breadcrumb\",\"itemListElement\":[{\"@type\":\"ListItem\",\"position\":1,\"name\":\"Home\",\"item\":\"https:\\\/\\\/elusivedata.io\\\/\"},{\"@type\":\"ListItem\",\"position\":2,\"name\":\"Cart\"}]},{\"@type\":\"WebSite\",\"@id\":\"https:\\\/\\\/elusivedata.io\\\/#website\",\"url\":\"https:\\\/\\\/elusivedata.io\\\/\",\"name\":\"ElusiveData\",\"description\":\"Excellence in Digital Forensics Training and Consulting\",\"publisher\":{\"@id\":\"https:\\\/\\\/elusivedata.io\\\/#organization\"},\"potentialAction\":[{\"@type\":\"SearchAction\",\"target\":{\"@type\":\"EntryPoint\",\"urlTemplate\":\"https:\\\/\\\/elusivedata.io\\\/?s={search_term_string}\"},\"query-input\":{\"@type\":\"PropertyValueSpecification\",\"valueRequired\":true,\"valueName\":\"search_term_string\"}}],\"inLanguage\":\"pt-PT\"},{\"@type\":\"Organization\",\"@id\":\"https:\\\/\\\/elusivedata.io\\\/#organization\",\"name\":\"ElusiveData\",\"url\":\"https:\\\/\\\/elusivedata.io\\\/\",\"logo\":{\"@type\":\"ImageObject\",\"inLanguage\":\"pt-PT\",\"@id\":\"https:\\\/\\\/elusivedata.io\\\/#\\\/schema\\\/logo\\\/image\\\/\",\"url\":\"https:\\\/\\\/elusivedata.io\\\/wp-content\\\/uploads\\\/2024\\\/11\\\/Asset-3_2x-scaled.png\",\"contentUrl\":\"https:\\\/\\\/elusivedata.io\\\/wp-content\\\/uploads\\\/2024\\\/11\\\/Asset-3_2x-scaled.png\",\"width\":2560,\"height\":370,\"caption\":\"ElusiveData\"},\"image\":{\"@id\":\"https:\\\/\\\/elusivedata.io\\\/#\\\/schema\\\/logo\\\/image\\\/\"},\"sameAs\":[\"https:\\\/\\\/www.youtube.com\\\/@elusivedata\"]}]}<\/script>\n<!-- \/ Yoast SEO Premium plugin. -->","yoast_head_json":{"title":"Carrinho de compras - Dados ilus\u00f3rios","robots":{"index":"noindex","follow":"follow"},"og_locale":"pt_PT","og_type":"article","og_title":"Cart","og_description":"Remove item Thumbnail image Product Price Quantity Subtotal &times; Mission Darkness\u2122 Faraday Bag for Keyfobs (2-Pack) &euro;&nbsp;57,69 Mission Darkness\u2122 Faraday Bag for Keyfobs (2-Pack) quantity &euro;&nbsp;288,45 &times; SQLite Forensics &euro;&nbsp;1.490,00 SQLite Forensics quantity &euro;&nbsp;1.490,00 Update Cart Apply coupon Cart Totals Subtotal &euro;&nbsp;1.778,45 VAT in EU &euro;&nbsp;444,61 Total &euro;&nbsp;2.223,06 EUR Proceed to Checkout","og_url":"https:\/\/elusivedata.io\/pt\/cart\/","og_site_name":"Elusive Data","article_modified_time":"2025-08-14T11:07:37+00:00","og_image":[{"url":"https:\/\/elusivedata.io\/wp-content\/uploads\/2025\/05\/MDFB-K-hero-2pack-2_large-300x300.jpg","type":"","width":"","height":""}],"twitter_card":"summary_large_image","twitter_misc":{"Tempo estimado de leitura":"1 minuto"},"schema":{"@context":"https:\/\/schema.org","@graph":[{"@type":"WebPage","@id":"https:\/\/elusivedata.io\/cart\/","url":"https:\/\/elusivedata.io\/cart\/","name":"Carrinho de compras - Dados ilus\u00f3rios","isPartOf":{"@id":"https:\/\/elusivedata.io\/#website"},"primaryImageOfPage":{"@id":"https:\/\/elusivedata.io\/cart\/#primaryimage"},"image":{"@id":"https:\/\/elusivedata.io\/cart\/#primaryimage"},"thumbnailUrl":"https:\/\/elusivedata.io\/wp-content\/uploads\/2025\/05\/MDFB-K-hero-2pack-2_large-300x300.jpg","datePublished":"2024-11-27T22:36:05+00:00","dateModified":"2025-08-14T11:07:37+00:00","breadcrumb":{"@id":"https:\/\/elusivedata.io\/cart\/#breadcrumb"},"inLanguage":"pt-PT","potentialAction":[{"@type":"ReadAction","target":["https:\/\/elusivedata.io\/cart\/"]}]},{"@type":"ImageObject","inLanguage":"pt-PT","@id":"https:\/\/elusivedata.io\/cart\/#primaryimage","url":"https:\/\/elusivedata.io\/wp-content\/uploads\/2025\/05\/MDFB-K-hero-2pack-2_large-300x300.jpg","contentUrl":"https:\/\/elusivedata.io\/wp-content\/uploads\/2025\/05\/MDFB-K-hero-2pack-2_large-300x300.jpg"},{"@type":"BreadcrumbList","@id":"https:\/\/elusivedata.io\/cart\/#breadcrumb","itemListElement":[{"@type":"ListItem","position":1,"name":"Home","item":"https:\/\/elusivedata.io\/"},{"@type":"ListItem","position":2,"name":"Cart"}]},{"@type":"WebSite","@id":"https:\/\/elusivedata.io\/#website","url":"https:\/\/elusivedata.io\/","name":"ElusiveData","description":"Excel\u00eancia em forma\u00e7\u00e3o e consultoria forense digital","publisher":{"@id":"https:\/\/elusivedata.io\/#organization"},"potentialAction":[{"@type":"SearchAction","target":{"@type":"EntryPoint","urlTemplate":"https:\/\/elusivedata.io\/?s={search_term_string}"},"query-input":{"@type":"PropertyValueSpecification","valueRequired":true,"valueName":"search_term_string"}}],"inLanguage":"pt-PT"},{"@type":"Organization","@id":"https:\/\/elusivedata.io\/#organization","name":"ElusiveData","url":"https:\/\/elusivedata.io\/","logo":{"@type":"ImageObject","inLanguage":"pt-PT","@id":"https:\/\/elusivedata.io\/#\/schema\/logo\/image\/","url":"https:\/\/elusivedata.io\/wp-content\/uploads\/2024\/11\/Asset-3_2x-scaled.png","contentUrl":"https:\/\/elusivedata.io\/wp-content\/uploads\/2024\/11\/Asset-3_2x-scaled.png","width":2560,"height":370,"caption":"ElusiveData"},"image":{"@id":"https:\/\/elusivedata.io\/#\/schema\/logo\/image\/"},"sameAs":["https:\/\/www.youtube.com\/@elusivedata"]}]}},"_links":{"self":[{"href":"https:\/\/elusivedata.io\/pt\/wp-json\/wp\/v2\/pages\/1228","targetHints":{"allow":["GET"]}}],"collection":[{"href":"https:\/\/elusivedata.io\/pt\/wp-json\/wp\/v2\/pages"}],"about":[{"href":"https:\/\/elusivedata.io\/pt\/wp-json\/wp\/v2\/types\/page"}],"author":[{"embeddable":true,"href":"https:\/\/elusivedata.io\/pt\/wp-json\/wp\/v2\/users\/1"}],"replies":[{"embeddable":true,"href":"https:\/\/elusivedata.io\/pt\/wp-json\/wp\/v2\/comments?post=1228"}],"version-history":[{"count":39,"href":"https:\/\/elusivedata.io\/pt\/wp-json\/wp\/v2\/pages\/1228\/revisions"}],"predecessor-version":[{"id":10180,"href":"https:\/\/elusivedata.io\/pt\/wp-json\/wp\/v2\/pages\/1228\/revisions\/10180"}],"wp:attachment":[{"href":"https:\/\/elusivedata.io\/pt\/wp-json\/wp\/v2\/media?parent=1228"}],"curies":[{"name":"wp","href":"https:\/\/api.w.org\/{rel}","templated":true}]}}