{"id":8875,"date":"2025-06-17T08:15:46","date_gmt":"2025-06-17T08:15:46","guid":{"rendered":"https:\/\/elusivedata.io\/?post_type=product&#038;p=8875"},"modified":"2025-06-24T06:31:54","modified_gmt":"2025-06-24T06:31:54","slug":"mission-darkness-dry-shield-faraday-tote-15l","status":"publish","type":"product","link":"https:\/\/elusivedata.io\/pl\/product\/mission-darkness-dry-shield-faraday-tote-15l\/","title":{"rendered":"Mission Darkness\u2122 Dry Shield Faraday Tote 15L"},"content":{"rendered":"<div id=\"s-4cc45054-e3da-4e94-bf83-a31c14a7aa6b\" class=\"shg-c shg-align-left\">\n<div class=\"shogun-heading-component\">\n<h3 >DRY SHIELD FARADAY TOTE 15L - Odporny na warunki atmosferyczne, wodoodporny, odporny na sygna\u0142<\/h3>\n<\/div>\n<\/div>\n<div id=\"s-79e2236c-717c-409c-bfc5-d889f2450661\" class=\"shg-c\">\n<div class=\"shg-rich-text shg-theme-text-content\">\n<p >Mission Darkness\u2122 Dry Shield Faraday Tote 15L ca\u0142kowicie blokuje wszystkie sygna\u0142y bezprzewodowe i chroni \u015bredniej wielko\u015bci urz\u0105dzenia elektroniczne, zapobiegaj\u0105c hakowaniu, \u015bledzeniu, szpiegowaniu i naruszaniu \u0142a\u0144cucha dostaw. Gdy urz\u0105dzenie jest prawid\u0142owo zamkni\u0119te w torbie, \u017cadne aplikacje ani z\u0142o\u015bliwy kod nie mog\u0105 zosta\u0107 zdalnie uruchomione lub wyczyszczone, \u017cadna komunikacja nie mo\u017ce przenikn\u0105\u0107 i nikt nie mo\u017ce uzyska\u0107 dost\u0119pu do mikrofonu, kamery, lokalizacji GPS lub danych. G\u0142\u00f3wne zastosowania to gromadzenie dowod\u00f3w kryminalistycznych przez organy \u015bcigania i wojsko, obrona przed kradzie\u017c\u0105 danych, bezpiecze\u0144stwo osobiste, ochrona EMP, redukcja promieniowania EMF oraz zwi\u0119kszenie prywatno\u015bci cyfrowej.<\/p>\n<p >Torba jest wykonana z wytrzyma\u0142ego i wodoodpornego materia\u0142u\u00a0<span class=\"a-list-item\">Materia\u0142 zewn\u0119trzny 500D PVC\u00a0<\/span>i dwie warstwy o wysokim stopniu ekranowania\u00a0<a href=\"https:\/\/mosequipment.com\/collections\/faraday-supplies\/products\/titanrf-faraday-fabric\" target=\"_blank\" rel=\"noopener\">TitanRF\u2122 Faraday Fabric<\/a>\u00a0na wszystkich wewn\u0119trznych bokach z podw\u00f3jnymi szwami. Zawiera regulowany i odpinany pasek do noszenia na ramieniu lub mocowania do konstrukcji. Du\u017ca przestrze\u0144 wewn\u0119trzna z \u0142atwo\u015bci\u0105 pomie\u015bci wiele laptop\u00f3w, radioodbiornik\u00f3w, telefon\u00f3w kom\u00f3rkowych, tablet\u00f3w i akcesori\u00f3w. Wodoodporna, nieos\u0142oni\u0119ta kiesze\u0144 na zamek b\u0142yskawiczny na zewn\u0105trz pozwala na przechowywanie cz\u0119sto u\u017cywanych ma\u0142ych przedmiot\u00f3w lub urz\u0105dze\u0144 (takich jak telefony kom\u00f3rkowe) dost\u0119pnych online w razie potrzeby, a tak\u017ce pe\u0142ni funkcj\u0119 przegr\u00f3dki na mark\u0119 agencji. Elektronika zamkni\u0119ta w \u015brodku gwarantuje, \u017ce pozostanie sucha i offline w dowolnym miejscu otoczonym wod\u0105.<\/p>\n<\/div>\n<\/div>","protected":false},"excerpt":{"rendered":"<p class=\"ai-optimize-46\">Mission Darkness\u2122 Dry Shield Faraday Tote 15L ca\u0142kowicie blokuje wszystkie sygna\u0142y bezprzewodowe i chroni \u015bredniej wielko\u015bci urz\u0105dzenia elektroniczne, zapobiegaj\u0105c hakowaniu, \u015bledzeniu, szpiegowaniu i naruszaniu \u0142a\u0144cucha dostaw. Gdy urz\u0105dzenie jest prawid\u0142owo zamkni\u0119te w torbie, \u017cadne aplikacje ani z\u0142o\u015bliwy kod nie mog\u0105 zosta\u0107 zdalnie uruchomione lub wyczyszczone, \u017cadna komunikacja nie mo\u017ce przenikn\u0105\u0107 i nikt nie mo\u017ce uzyska\u0107 dost\u0119pu do mikrofonu, kamery, lokalizacji GPS lub danych. G\u0142\u00f3wne zastosowania to gromadzenie dowod\u00f3w kryminalistycznych przez organy \u015bcigania i wojsko, obrona przed kradzie\u017c\u0105 danych, bezpiecze\u0144stwo osobiste, ochrona EMP, redukcja promieniowania EMF oraz zwi\u0119kszenie prywatno\u015bci cyfrowej.<\/p>","protected":false},"featured_media":8876,"template":"","meta":{"content-type":""},"product_brand":[],"product_cat":[108],"product_tag":[],"class_list":{"0":"post-8875","1":"product","2":"type-product","3":"status-publish","4":"has-post-thumbnail","6":"product_cat-future-physical-products","8":"first","9":"instock","10":"taxable","11":"shipping-taxable","12":"product-type-simple"},"acf":[],"yoast_head":"<!-- This site is optimized with the Yoast SEO Premium plugin v27.3 (Yoast SEO v27.3) - https:\/\/yoast.com\/product\/yoast-seo-premium-wordpress\/ -->\n<title>Mission Darkness\u2122 Dry Shield Faraday Tote 15L - Elusive Data<\/title>\n<meta name=\"robots\" content=\"index, follow, max-snippet:-1, max-image-preview:large, max-video-preview:-1\" \/>\n<link rel=\"canonical\" href=\"https:\/\/elusivedata.io\/pl\/product\/mission-darkness-dry-shield-faraday-tote-15l\/\" \/>\n<meta property=\"og:locale\" content=\"pl_PL\" \/>\n<meta property=\"og:type\" content=\"article\" \/>\n<meta property=\"og:title\" content=\"Mission Darkness\u2122 Dry Shield Faraday Tote 15L\" \/>\n<meta property=\"og:description\" content=\"The Mission Darkness\u2122 Dry Shield Faraday Tote 15L completely blocks all wireless signals and keeps midsize electronic devices shielded to prevent hacking, tracking, spying, and chain of custody corruption. When a device is properly enclosed in the bag, no apps or malicious code can be remotely triggered or wiped, no communication can penetrate, and no one can access the microphone, camera, GPS location, or data. Primary uses are for law enforcement and military forensic evidence collection, defense against data theft, personal security, EMP protection, EMF radiation reduction, and to enhance digital privacy.\" \/>\n<meta property=\"og:url\" content=\"https:\/\/elusivedata.io\/pl\/product\/mission-darkness-dry-shield-faraday-tote-15l\/\" \/>\n<meta property=\"og:site_name\" content=\"Elusive Data\" \/>\n<meta property=\"article:modified_time\" content=\"2025-06-24T06:31:54+00:00\" \/>\n<meta property=\"og:image\" content=\"https:\/\/elusivedata.io\/wp-content\/uploads\/2025\/06\/DSC02508_480x480.webp\" \/>\n\t<meta property=\"og:image:width\" content=\"480\" \/>\n\t<meta property=\"og:image:height\" content=\"480\" \/>\n\t<meta property=\"og:image:type\" content=\"image\/webp\" \/>\n<meta name=\"twitter:card\" content=\"summary_large_image\" \/>\n<meta name=\"twitter:label1\" content=\"Szacowany czas czytania\" \/>\n\t<meta name=\"twitter:data1\" content=\"2 minuty\" \/>\n<script type=\"application\/ld+json\" class=\"yoast-schema-graph\">{\"@context\":\"https:\\\/\\\/schema.org\",\"@graph\":[{\"@type\":\"WebPage\",\"@id\":\"https:\\\/\\\/elusivedata.io\\\/product\\\/mission-darkness-dry-shield-faraday-tote-15l\\\/\",\"url\":\"https:\\\/\\\/elusivedata.io\\\/product\\\/mission-darkness-dry-shield-faraday-tote-15l\\\/\",\"name\":\"Mission Darkness\u2122 Dry Shield Faraday Tote 15L - Elusive Data\",\"isPartOf\":{\"@id\":\"https:\\\/\\\/elusivedata.io\\\/#website\"},\"primaryImageOfPage\":{\"@id\":\"https:\\\/\\\/elusivedata.io\\\/product\\\/mission-darkness-dry-shield-faraday-tote-15l\\\/#primaryimage\"},\"image\":{\"@id\":\"https:\\\/\\\/elusivedata.io\\\/product\\\/mission-darkness-dry-shield-faraday-tote-15l\\\/#primaryimage\"},\"thumbnailUrl\":\"https:\\\/\\\/elusivedata.io\\\/wp-content\\\/uploads\\\/2025\\\/06\\\/DSC02508_480x480.webp\",\"datePublished\":\"2025-06-17T08:15:46+00:00\",\"dateModified\":\"2025-06-24T06:31:54+00:00\",\"breadcrumb\":{\"@id\":\"https:\\\/\\\/elusivedata.io\\\/product\\\/mission-darkness-dry-shield-faraday-tote-15l\\\/#breadcrumb\"},\"inLanguage\":\"pl-PL\",\"potentialAction\":[{\"@type\":\"ReadAction\",\"target\":[\"https:\\\/\\\/elusivedata.io\\\/product\\\/mission-darkness-dry-shield-faraday-tote-15l\\\/\"]}]},{\"@type\":\"ImageObject\",\"inLanguage\":\"pl-PL\",\"@id\":\"https:\\\/\\\/elusivedata.io\\\/product\\\/mission-darkness-dry-shield-faraday-tote-15l\\\/#primaryimage\",\"url\":\"https:\\\/\\\/elusivedata.io\\\/wp-content\\\/uploads\\\/2025\\\/06\\\/DSC02508_480x480.webp\",\"contentUrl\":\"https:\\\/\\\/elusivedata.io\\\/wp-content\\\/uploads\\\/2025\\\/06\\\/DSC02508_480x480.webp\",\"width\":480,\"height\":480,\"caption\":\"Mission Darkness Faraday product detail \u2014 signal-blocking pouch for forensic evidence\"},{\"@type\":\"BreadcrumbList\",\"@id\":\"https:\\\/\\\/elusivedata.io\\\/product\\\/mission-darkness-dry-shield-faraday-tote-15l\\\/#breadcrumb\",\"itemListElement\":[{\"@type\":\"ListItem\",\"position\":1,\"name\":\"Home\",\"item\":\"https:\\\/\\\/elusivedata.io\\\/\"},{\"@type\":\"ListItem\",\"position\":2,\"name\":\"Products\",\"item\":\"https:\\\/\\\/elusivedata.io\\\/shop\\\/\"},{\"@type\":\"ListItem\",\"position\":3,\"name\":\"Mission Darkness\u2122 Dry Shield Faraday Tote 15L\"}]},{\"@type\":\"WebSite\",\"@id\":\"https:\\\/\\\/elusivedata.io\\\/#website\",\"url\":\"https:\\\/\\\/elusivedata.io\\\/\",\"name\":\"ElusiveData\",\"description\":\"Excellence in Digital Forensics Training and Consulting\",\"publisher\":{\"@id\":\"https:\\\/\\\/elusivedata.io\\\/#organization\"},\"potentialAction\":[{\"@type\":\"SearchAction\",\"target\":{\"@type\":\"EntryPoint\",\"urlTemplate\":\"https:\\\/\\\/elusivedata.io\\\/?s={search_term_string}\"},\"query-input\":{\"@type\":\"PropertyValueSpecification\",\"valueRequired\":true,\"valueName\":\"search_term_string\"}}],\"inLanguage\":\"pl-PL\"},{\"@type\":\"Organization\",\"@id\":\"https:\\\/\\\/elusivedata.io\\\/#organization\",\"name\":\"ElusiveData\",\"url\":\"https:\\\/\\\/elusivedata.io\\\/\",\"logo\":{\"@type\":\"ImageObject\",\"inLanguage\":\"pl-PL\",\"@id\":\"https:\\\/\\\/elusivedata.io\\\/#\\\/schema\\\/logo\\\/image\\\/\",\"url\":\"https:\\\/\\\/elusivedata.io\\\/wp-content\\\/uploads\\\/2024\\\/11\\\/Asset-3_2x-scaled.png\",\"contentUrl\":\"https:\\\/\\\/elusivedata.io\\\/wp-content\\\/uploads\\\/2024\\\/11\\\/Asset-3_2x-scaled.png\",\"width\":2560,\"height\":370,\"caption\":\"ElusiveData\"},\"image\":{\"@id\":\"https:\\\/\\\/elusivedata.io\\\/#\\\/schema\\\/logo\\\/image\\\/\"},\"sameAs\":[\"https:\\\/\\\/www.youtube.com\\\/@elusivedata\"]}]}<\/script>\n<!-- \/ Yoast SEO Premium plugin. -->","yoast_head_json":{"title":"Mission Darkness\u2122 Dry Shield Faraday Tote 15L - Elusive Data","robots":{"index":"index","follow":"follow","max-snippet":"max-snippet:-1","max-image-preview":"max-image-preview:large","max-video-preview":"max-video-preview:-1"},"canonical":"https:\/\/elusivedata.io\/pl\/product\/mission-darkness-dry-shield-faraday-tote-15l\/","og_locale":"pl_PL","og_type":"article","og_title":"Mission Darkness\u2122 Dry Shield Faraday Tote 15L","og_description":"The Mission Darkness\u2122 Dry Shield Faraday Tote 15L completely blocks all wireless signals and keeps midsize electronic devices shielded to prevent hacking, tracking, spying, and chain of custody corruption. When a device is properly enclosed in the bag, no apps or malicious code can be remotely triggered or wiped, no communication can penetrate, and no one can access the microphone, camera, GPS location, or data. Primary uses are for law enforcement and military forensic evidence collection, defense against data theft, personal security, EMP protection, EMF radiation reduction, and to enhance digital privacy.","og_url":"https:\/\/elusivedata.io\/pl\/product\/mission-darkness-dry-shield-faraday-tote-15l\/","og_site_name":"Elusive Data","article_modified_time":"2025-06-24T06:31:54+00:00","og_image":[{"width":480,"height":480,"url":"https:\/\/elusivedata.io\/wp-content\/uploads\/2025\/06\/DSC02508_480x480.webp","type":"image\/webp"}],"twitter_card":"summary_large_image","twitter_misc":{"Szacowany czas czytania":"2 minuty"},"schema":{"@context":"https:\/\/schema.org","@graph":[{"@type":"WebPage","@id":"https:\/\/elusivedata.io\/product\/mission-darkness-dry-shield-faraday-tote-15l\/","url":"https:\/\/elusivedata.io\/product\/mission-darkness-dry-shield-faraday-tote-15l\/","name":"Mission Darkness\u2122 Dry Shield Faraday Tote 15L - Elusive Data","isPartOf":{"@id":"https:\/\/elusivedata.io\/#website"},"primaryImageOfPage":{"@id":"https:\/\/elusivedata.io\/product\/mission-darkness-dry-shield-faraday-tote-15l\/#primaryimage"},"image":{"@id":"https:\/\/elusivedata.io\/product\/mission-darkness-dry-shield-faraday-tote-15l\/#primaryimage"},"thumbnailUrl":"https:\/\/elusivedata.io\/wp-content\/uploads\/2025\/06\/DSC02508_480x480.webp","datePublished":"2025-06-17T08:15:46+00:00","dateModified":"2025-06-24T06:31:54+00:00","breadcrumb":{"@id":"https:\/\/elusivedata.io\/product\/mission-darkness-dry-shield-faraday-tote-15l\/#breadcrumb"},"inLanguage":"pl-PL","potentialAction":[{"@type":"ReadAction","target":["https:\/\/elusivedata.io\/product\/mission-darkness-dry-shield-faraday-tote-15l\/"]}]},{"@type":"ImageObject","inLanguage":"pl-PL","@id":"https:\/\/elusivedata.io\/product\/mission-darkness-dry-shield-faraday-tote-15l\/#primaryimage","url":"https:\/\/elusivedata.io\/wp-content\/uploads\/2025\/06\/DSC02508_480x480.webp","contentUrl":"https:\/\/elusivedata.io\/wp-content\/uploads\/2025\/06\/DSC02508_480x480.webp","width":480,"height":480,"caption":"Mission Darkness Faraday product detail \u2014 signal-blocking pouch for forensic evidence"},{"@type":"BreadcrumbList","@id":"https:\/\/elusivedata.io\/product\/mission-darkness-dry-shield-faraday-tote-15l\/#breadcrumb","itemListElement":[{"@type":"ListItem","position":1,"name":"Home","item":"https:\/\/elusivedata.io\/"},{"@type":"ListItem","position":2,"name":"Products","item":"https:\/\/elusivedata.io\/shop\/"},{"@type":"ListItem","position":3,"name":"Mission Darkness\u2122 Dry Shield Faraday Tote 15L"}]},{"@type":"WebSite","@id":"https:\/\/elusivedata.io\/#website","url":"https:\/\/elusivedata.io\/","name":"ElusiveData","description":"Doskona\u0142o\u015b\u0107 w zakresie szkole\u0144 i doradztwa w dziedzinie informatyki \u015bledczej","publisher":{"@id":"https:\/\/elusivedata.io\/#organization"},"potentialAction":[{"@type":"SearchAction","target":{"@type":"EntryPoint","urlTemplate":"https:\/\/elusivedata.io\/?s={search_term_string}"},"query-input":{"@type":"PropertyValueSpecification","valueRequired":true,"valueName":"search_term_string"}}],"inLanguage":"pl-PL"},{"@type":"Organization","@id":"https:\/\/elusivedata.io\/#organization","name":"ElusiveData","url":"https:\/\/elusivedata.io\/","logo":{"@type":"ImageObject","inLanguage":"pl-PL","@id":"https:\/\/elusivedata.io\/#\/schema\/logo\/image\/","url":"https:\/\/elusivedata.io\/wp-content\/uploads\/2024\/11\/Asset-3_2x-scaled.png","contentUrl":"https:\/\/elusivedata.io\/wp-content\/uploads\/2024\/11\/Asset-3_2x-scaled.png","width":2560,"height":370,"caption":"ElusiveData"},"image":{"@id":"https:\/\/elusivedata.io\/#\/schema\/logo\/image\/"},"sameAs":["https:\/\/www.youtube.com\/@elusivedata"]}]}},"_links":{"self":[{"href":"https:\/\/elusivedata.io\/pl\/wp-json\/wp\/v2\/product\/8875","targetHints":{"allow":["GET"]}}],"collection":[{"href":"https:\/\/elusivedata.io\/pl\/wp-json\/wp\/v2\/product"}],"about":[{"href":"https:\/\/elusivedata.io\/pl\/wp-json\/wp\/v2\/types\/product"}],"version-history":[{"count":2,"href":"https:\/\/elusivedata.io\/pl\/wp-json\/wp\/v2\/product\/8875\/revisions"}],"predecessor-version":[{"id":10131,"href":"https:\/\/elusivedata.io\/pl\/wp-json\/wp\/v2\/product\/8875\/revisions\/10131"}],"wp:featuredmedia":[{"embeddable":true,"href":"https:\/\/elusivedata.io\/pl\/wp-json\/wp\/v2\/media\/8876"}],"wp:attachment":[{"href":"https:\/\/elusivedata.io\/pl\/wp-json\/wp\/v2\/media?parent=8875"}],"wp:term":[{"taxonomy":"product_brand","embeddable":true,"href":"https:\/\/elusivedata.io\/pl\/wp-json\/wp\/v2\/product_brand?post=8875"},{"taxonomy":"product_cat","embeddable":true,"href":"https:\/\/elusivedata.io\/pl\/wp-json\/wp\/v2\/product_cat?post=8875"},{"taxonomy":"product_tag","embeddable":true,"href":"https:\/\/elusivedata.io\/pl\/wp-json\/wp\/v2\/product_tag?post=8875"}],"curies":[{"name":"wp","href":"https:\/\/api.w.org\/{rel}","templated":true}]}}