{"id":8840,"date":"2025-06-17T08:15:51","date_gmt":"2025-06-17T08:15:51","guid":{"rendered":"https:\/\/elusivedata.io\/?post_type=product&#038;p=8840"},"modified":"2025-06-24T06:31:05","modified_gmt":"2025-06-24T06:31:05","slug":"mission-darkness-revelation-emp-shield-for-generators","status":"publish","type":"product","link":"https:\/\/elusivedata.io\/pl\/product\/mission-darkness-revelation-emp-shield-for-generators\/","title":{"rendered":"Mission Darkness\u2122 Revelation EMP Shield dla generator\u00f3w"},"content":{"rendered":"<div id=\"s-fd83c093-0245-4fa2-8a2f-9ddd1da85fd7\" class=\"shg-c shg-align-left\">\n<div class=\"shogun-heading-component\">\n<h2 >EKRANOWANIE GENERATOR\u00d3W I BARDZO DU\u017bEJ ELEKTRONIKI - NATYCHMIASTOWA I SKUTECZNA OCHRONA EMP\/CME<\/h2>\n<\/div>\n<\/div>\n<div id=\"s-46beba88-1fc8-4584-a0fc-508195a6c5e6\" class=\"shg-c\">\n<div class=\"shg-rich-text shg-theme-text-content\">\n<p >Mission Darkness\u2122 Revelation EMP Shield to wyj\u0105tkowo du\u017ca torba Faradaya zaprojektowana specjalnie do ochrony generator\u00f3w, du\u017cej elektroniki i sprz\u0119tu survivalowego przed szkodliwym dzia\u0142aniem impulsu elektromagnetycznego (EMP) lub koronalnego wyrzutu masy (CME). Torba zosta\u0142a przetestowana laboratoryjnie i uzyska\u0142a certyfikat \"zgodno\u015bci\" dla\u00a0<a href=\"https:\/\/mosequipment.com\/pages\/compliance-testing\" target=\"_blank\" rel=\"noopener\">MIL-STD-188-125<\/a>Ochrona elektromagnetyczna na du\u017cych wysoko\u015bciach dla naziemnych urz\u0105dze\u0144 C4I. Wyniki zapewniaj\u0105, \u017ce produkt przewy\u017csza wojskowe wymagania dotycz\u0105ce ekranowania, aby poradzi\u0107 sobie z naturalnym lub spowodowanym przez cz\u0142owieka EMP. W przypadku EMP lub CME wszystko, od infrastruktury elektrycznej na poziomie krajowym po osobist\u0105 elektronik\u0119, mo\u017ce zosta\u0107 zniszczone, dlatego konieczne jest zabezpieczenie elektroniki przetrwania. Wysokie w\u0142a\u015bciwo\u015bci ekranuj\u0105ce Revelation EMP Shield kieruj\u0105 szkodliwe pola elektromagnetyczne z dala od bardzo wra\u017cliwych komponent\u00f3w elektrycznych, chroni\u0105c w ten spos\u00f3b ich struktur\u0119 robocz\u0105.<\/p>\n<p >Niezwykle du\u017cy rozmiar i obj\u0119to\u015b\u0107 Revelation EMP Shield pozwala pomie\u015bci\u0107 wi\u0119kszo\u015b\u0107 kompaktowych przeno\u015bnych generator\u00f3w elektrycznych (s\u0142onecznych) lub gazowych, w tym seri\u0119 Goal Zero Yeti, Patriot Power 1500 i Honda EU2000, a tak\u017ce towarzysz\u0105ce im akcesoria, takie jak przewody zasilaj\u0105ce i panele s\u0142oneczne. Torba jest wyposa\u017cona w wyjmowan\u0105 polipropylenow\u0105 podstaw\u0119 z tworzywa sztucznego zabezpieczon\u0105 w dolnej komorze na zamek b\u0142yskawiczny, aby zapewni\u0107 wystarczaj\u0105ce wsparcie dla ponadgabarytowych przedmiot\u00f3w. Wy\u015bcie\u0142ane uchwyty z ta\u015bm\u0105 no\u015bn\u0105 ca\u0142kowicie owijaj\u0105 si\u0119 wok\u00f3\u0142 bok\u00f3w i dna, aby utrzyma\u0107 ci\u0119\u017car ci\u0119\u017ckich przedmiot\u00f3w podczas transportu. Z przodu torby znajduje si\u0119 g\u0142\u0119boka, nieos\u0142oni\u0119ta komora na zamek b\u0142yskawiczny i du\u017ca przezroczysta kiesze\u0144, kt\u00f3ra zapewnia dost\u0119p do akcesori\u00f3w, a jednocze\u015bnie nie ogranicza ochrony element\u00f3w elektronicznych wewn\u0105trz g\u0142\u00f3wnej komory.<\/p>\n<p >Torba zosta\u0142a wykonana z wytrzyma\u0142ego i wodoodpornego nylonu balistycznego, aby zapewni\u0107, \u017ce urz\u0105dzenia i tkanina Faradaya pozostan\u0105 suche i chronione. Wn\u0119trze sk\u0142ada si\u0119 z trzech warstw o wysokim stopniu ekranowania\u00a0<a href=\"https:\/\/mosequipment.com\/collections\/faraday-supplies\/products\/titanrf-faraday-fabric\">TitanRF\u2122 Faraday Fabric<\/a>\u00a0ze wszystkich stron z podw\u00f3jnymi szwami. Po prawid\u0142owym zamkni\u0119ciu generatora lub elektroniki wewn\u0105trz torby, zostaj\u0105 one odizolowane od zewn\u0119trznych sygna\u0142\u00f3w bezprzewodowych. Szkodliwe efekty EMP lub podobnego zdarzenia nie mog\u0105 przenikn\u0105\u0107 przez torb\u0119, aby zniszczy\u0107 znajduj\u0105ce si\u0119 w niej elementy elektryczne. Torba blokuje WiFi (2,4 i 5 GHz), Bluetooth, sygna\u0142y kom\u00f3rkowe, w tym sieci 5G, GPS, RFID, NFC i sygna\u0142y radiowe od niskich MHz do 40 GHz. Ca\u0142kowite odci\u0119cie sygna\u0142u pozwala r\u00f3wnie\u017c odej\u015b\u0107 od sieci i uniemo\u017cliwi\u0107 \u015bledzenie urz\u0105dze\u0144 elektronicznych. Jest to najlepsza torba bezpiecze\u0144stwa do ochrony du\u017cej elektroniki survivalowej przed katastrofami naturalnymi lub spowodowanymi przez cz\u0142owieka, takimi jak EMP lub CME.<\/p>\n<\/div>\n<\/div>","protected":false},"excerpt":{"rendered":"<p>Mission Darkness\u2122 Revelation EMP Shield to wyj\u0105tkowo du\u017ca torba Faradaya zaprojektowana specjalnie do ochrony generator\u00f3w, du\u017cej elektroniki i sprz\u0119tu survivalowego przed szkodliwym dzia\u0142aniem impulsu elektromagnetycznego (EMP) lub koronalnego wyrzutu masy (CME). Torba zosta\u0142a przetestowana laboratoryjnie i uzyska\u0142a certyfikat \"zgodno\u015bci\" dla\u00a0<a href=\"https:\/\/mosequipment.com\/pages\/compliance-testing\" target=\"_blank\" rel=\"noopener\">MIL-STD-188-125<\/a>Ochrona elektromagnetyczna na du\u017cych wysoko\u015bciach dla naziemnych urz\u0105dze\u0144 C4I. Wyniki zapewniaj\u0105, \u017ce produkt przewy\u017csza wojskowe wymagania dotycz\u0105ce ekranowania, aby poradzi\u0107 sobie z naturalnym lub spowodowanym przez cz\u0142owieka EMP. W przypadku EMP lub CME wszystko, od infrastruktury elektrycznej na poziomie krajowym po osobist\u0105 elektronik\u0119, mo\u017ce zosta\u0107 zniszczone, dlatego konieczne jest zabezpieczenie elektroniki przetrwania. Wysokie w\u0142a\u015bciwo\u015bci ekranuj\u0105ce Revelation EMP Shield kieruj\u0105 szkodliwe pola elektromagnetyczne z dala od bardzo wra\u017cliwych komponent\u00f3w elektrycznych, chroni\u0105c w ten spos\u00f3b ich struktur\u0119 robocz\u0105.<\/p>","protected":false},"featured_media":8844,"template":"","meta":{"content-type":""},"product_brand":[],"product_cat":[108],"product_tag":[],"class_list":{"0":"post-8840","1":"product","2":"type-product","3":"status-publish","4":"has-post-thumbnail","6":"product_cat-future-physical-products","8":"first","9":"instock","10":"taxable","11":"shipping-taxable","12":"purchasable","13":"product-type-simple"},"acf":[],"yoast_head":"<!-- This site is optimized with the Yoast SEO Premium plugin v27.3 (Yoast SEO v27.3) - https:\/\/yoast.com\/product\/yoast-seo-premium-wordpress\/ -->\n<title>Mission Darkness\u2122 Revelation EMP Shield for Generators - Elusive Data<\/title>\n<meta name=\"robots\" content=\"index, follow, max-snippet:-1, max-image-preview:large, max-video-preview:-1\" \/>\n<link rel=\"canonical\" href=\"https:\/\/elusivedata.io\/pl\/product\/mission-darkness-revelation-emp-shield-for-generators\/\" \/>\n<meta property=\"og:locale\" content=\"pl_PL\" \/>\n<meta property=\"og:type\" content=\"article\" \/>\n<meta property=\"og:title\" content=\"Mission Darkness\u2122 Revelation EMP Shield for Generators\" \/>\n<meta property=\"og:description\" content=\"The Mission Darkness\u2122 Revelation EMP Shield is an extremely large faraday bag designed specifically to protect generators, large electronics, and survival gear from the damaging effects of an electromagnetic pulse (EMP) or coronal mass ejection (CME). The bag has been lab tested and certified &quot;compliant&quot; for\u00a0MIL-STD-188-125, High-Altitude Electromagnetic Protection for Ground Based C4I Facilities. The results ensure that the product surpasses military shielding requirements to handle natural or man-made EMPs. In the case of an EMP or CME, everything from electrical infrastructure on a national level to personal electronics could be destroyed, which is why it\u2019s imperative to shield survival electronics. The high-shielding properties of the Revelation EMP Shield direct damaging electromagnetic fields away from highly sensitive electrical components, thus protecting their working structure.\" \/>\n<meta property=\"og:url\" content=\"https:\/\/elusivedata.io\/pl\/product\/mission-darkness-revelation-emp-shield-for-generators\/\" \/>\n<meta property=\"og:site_name\" content=\"Elusive Data\" \/>\n<meta property=\"article:modified_time\" content=\"2025-06-24T06:31:05+00:00\" \/>\n<meta property=\"og:image\" content=\"https:\/\/elusivedata.io\/wp-content\/uploads\/2025\/06\/DSC00047_480x480.webp\" \/>\n\t<meta property=\"og:image:width\" content=\"480\" \/>\n\t<meta property=\"og:image:height\" content=\"480\" \/>\n\t<meta property=\"og:image:type\" content=\"image\/webp\" \/>\n<meta name=\"twitter:card\" content=\"summary_large_image\" \/>\n<meta name=\"twitter:label1\" content=\"Szacowany czas czytania\" \/>\n\t<meta name=\"twitter:data1\" content=\"2 minuty\" \/>\n<script type=\"application\/ld+json\" class=\"yoast-schema-graph\">{\"@context\":\"https:\\\/\\\/schema.org\",\"@graph\":[{\"@type\":\"WebPage\",\"@id\":\"https:\\\/\\\/elusivedata.io\\\/product\\\/mission-darkness-revelation-emp-shield-for-generators\\\/\",\"url\":\"https:\\\/\\\/elusivedata.io\\\/product\\\/mission-darkness-revelation-emp-shield-for-generators\\\/\",\"name\":\"Mission Darkness\u2122 Revelation EMP Shield for Generators - Elusive Data\",\"isPartOf\":{\"@id\":\"https:\\\/\\\/elusivedata.io\\\/#website\"},\"primaryImageOfPage\":{\"@id\":\"https:\\\/\\\/elusivedata.io\\\/product\\\/mission-darkness-revelation-emp-shield-for-generators\\\/#primaryimage\"},\"image\":{\"@id\":\"https:\\\/\\\/elusivedata.io\\\/product\\\/mission-darkness-revelation-emp-shield-for-generators\\\/#primaryimage\"},\"thumbnailUrl\":\"https:\\\/\\\/elusivedata.io\\\/wp-content\\\/uploads\\\/2025\\\/06\\\/DSC00047_480x480.webp\",\"datePublished\":\"2025-06-17T08:15:51+00:00\",\"dateModified\":\"2025-06-24T06:31:05+00:00\",\"breadcrumb\":{\"@id\":\"https:\\\/\\\/elusivedata.io\\\/product\\\/mission-darkness-revelation-emp-shield-for-generators\\\/#breadcrumb\"},\"inLanguage\":\"pl-PL\",\"potentialAction\":[{\"@type\":\"ReadAction\",\"target\":[\"https:\\\/\\\/elusivedata.io\\\/product\\\/mission-darkness-revelation-emp-shield-for-generators\\\/\"]}]},{\"@type\":\"ImageObject\",\"inLanguage\":\"pl-PL\",\"@id\":\"https:\\\/\\\/elusivedata.io\\\/product\\\/mission-darkness-revelation-emp-shield-for-generators\\\/#primaryimage\",\"url\":\"https:\\\/\\\/elusivedata.io\\\/wp-content\\\/uploads\\\/2025\\\/06\\\/DSC00047_480x480.webp\",\"contentUrl\":\"https:\\\/\\\/elusivedata.io\\\/wp-content\\\/uploads\\\/2025\\\/06\\\/DSC00047_480x480.webp\",\"width\":480,\"height\":480,\"caption\":\"Mission Darkness Faraday bag detail \u2014 RF shielding for mobile device evidence collection\"},{\"@type\":\"BreadcrumbList\",\"@id\":\"https:\\\/\\\/elusivedata.io\\\/product\\\/mission-darkness-revelation-emp-shield-for-generators\\\/#breadcrumb\",\"itemListElement\":[{\"@type\":\"ListItem\",\"position\":1,\"name\":\"Home\",\"item\":\"https:\\\/\\\/elusivedata.io\\\/\"},{\"@type\":\"ListItem\",\"position\":2,\"name\":\"Products\",\"item\":\"https:\\\/\\\/elusivedata.io\\\/shop\\\/\"},{\"@type\":\"ListItem\",\"position\":3,\"name\":\"Mission Darkness\u2122 Revelation EMP Shield for Generators\"}]},{\"@type\":\"WebSite\",\"@id\":\"https:\\\/\\\/elusivedata.io\\\/#website\",\"url\":\"https:\\\/\\\/elusivedata.io\\\/\",\"name\":\"ElusiveData\",\"description\":\"Excellence in Digital Forensics Training and Consulting\",\"publisher\":{\"@id\":\"https:\\\/\\\/elusivedata.io\\\/#organization\"},\"potentialAction\":[{\"@type\":\"SearchAction\",\"target\":{\"@type\":\"EntryPoint\",\"urlTemplate\":\"https:\\\/\\\/elusivedata.io\\\/?s={search_term_string}\"},\"query-input\":{\"@type\":\"PropertyValueSpecification\",\"valueRequired\":true,\"valueName\":\"search_term_string\"}}],\"inLanguage\":\"pl-PL\"},{\"@type\":\"Organization\",\"@id\":\"https:\\\/\\\/elusivedata.io\\\/#organization\",\"name\":\"ElusiveData\",\"url\":\"https:\\\/\\\/elusivedata.io\\\/\",\"logo\":{\"@type\":\"ImageObject\",\"inLanguage\":\"pl-PL\",\"@id\":\"https:\\\/\\\/elusivedata.io\\\/#\\\/schema\\\/logo\\\/image\\\/\",\"url\":\"https:\\\/\\\/elusivedata.io\\\/wp-content\\\/uploads\\\/2024\\\/11\\\/Asset-3_2x-scaled.png\",\"contentUrl\":\"https:\\\/\\\/elusivedata.io\\\/wp-content\\\/uploads\\\/2024\\\/11\\\/Asset-3_2x-scaled.png\",\"width\":2560,\"height\":370,\"caption\":\"ElusiveData\"},\"image\":{\"@id\":\"https:\\\/\\\/elusivedata.io\\\/#\\\/schema\\\/logo\\\/image\\\/\"},\"sameAs\":[\"https:\\\/\\\/www.youtube.com\\\/@elusivedata\"]}]}<\/script>\n<!-- \/ Yoast SEO Premium plugin. -->","yoast_head_json":{"title":"Mission Darkness\u2122 Revelation EMP Shield dla generator\u00f3w - Elusive Data","robots":{"index":"index","follow":"follow","max-snippet":"max-snippet:-1","max-image-preview":"max-image-preview:large","max-video-preview":"max-video-preview:-1"},"canonical":"https:\/\/elusivedata.io\/pl\/product\/mission-darkness-revelation-emp-shield-for-generators\/","og_locale":"pl_PL","og_type":"article","og_title":"Mission Darkness\u2122 Revelation EMP Shield for Generators","og_description":"The Mission Darkness\u2122 Revelation EMP Shield is an extremely large faraday bag designed specifically to protect generators, large electronics, and survival gear from the damaging effects of an electromagnetic pulse (EMP) or coronal mass ejection (CME). The bag has been lab tested and certified \"compliant\" for\u00a0MIL-STD-188-125, High-Altitude Electromagnetic Protection for Ground Based C4I Facilities. The results ensure that the product surpasses military shielding requirements to handle natural or man-made EMPs. In the case of an EMP or CME, everything from electrical infrastructure on a national level to personal electronics could be destroyed, which is why it\u2019s imperative to shield survival electronics. The high-shielding properties of the Revelation EMP Shield direct damaging electromagnetic fields away from highly sensitive electrical components, thus protecting their working structure.","og_url":"https:\/\/elusivedata.io\/pl\/product\/mission-darkness-revelation-emp-shield-for-generators\/","og_site_name":"Elusive Data","article_modified_time":"2025-06-24T06:31:05+00:00","og_image":[{"width":480,"height":480,"url":"https:\/\/elusivedata.io\/wp-content\/uploads\/2025\/06\/DSC00047_480x480.webp","type":"image\/webp"}],"twitter_card":"summary_large_image","twitter_misc":{"Szacowany czas czytania":"2 minuty"},"schema":{"@context":"https:\/\/schema.org","@graph":[{"@type":"WebPage","@id":"https:\/\/elusivedata.io\/product\/mission-darkness-revelation-emp-shield-for-generators\/","url":"https:\/\/elusivedata.io\/product\/mission-darkness-revelation-emp-shield-for-generators\/","name":"Mission Darkness\u2122 Revelation EMP Shield dla generator\u00f3w - Elusive Data","isPartOf":{"@id":"https:\/\/elusivedata.io\/#website"},"primaryImageOfPage":{"@id":"https:\/\/elusivedata.io\/product\/mission-darkness-revelation-emp-shield-for-generators\/#primaryimage"},"image":{"@id":"https:\/\/elusivedata.io\/product\/mission-darkness-revelation-emp-shield-for-generators\/#primaryimage"},"thumbnailUrl":"https:\/\/elusivedata.io\/wp-content\/uploads\/2025\/06\/DSC00047_480x480.webp","datePublished":"2025-06-17T08:15:51+00:00","dateModified":"2025-06-24T06:31:05+00:00","breadcrumb":{"@id":"https:\/\/elusivedata.io\/product\/mission-darkness-revelation-emp-shield-for-generators\/#breadcrumb"},"inLanguage":"pl-PL","potentialAction":[{"@type":"ReadAction","target":["https:\/\/elusivedata.io\/product\/mission-darkness-revelation-emp-shield-for-generators\/"]}]},{"@type":"ImageObject","inLanguage":"pl-PL","@id":"https:\/\/elusivedata.io\/product\/mission-darkness-revelation-emp-shield-for-generators\/#primaryimage","url":"https:\/\/elusivedata.io\/wp-content\/uploads\/2025\/06\/DSC00047_480x480.webp","contentUrl":"https:\/\/elusivedata.io\/wp-content\/uploads\/2025\/06\/DSC00047_480x480.webp","width":480,"height":480,"caption":"Mission Darkness Faraday bag detail \u2014 RF shielding for mobile device evidence collection"},{"@type":"BreadcrumbList","@id":"https:\/\/elusivedata.io\/product\/mission-darkness-revelation-emp-shield-for-generators\/#breadcrumb","itemListElement":[{"@type":"ListItem","position":1,"name":"Home","item":"https:\/\/elusivedata.io\/"},{"@type":"ListItem","position":2,"name":"Products","item":"https:\/\/elusivedata.io\/shop\/"},{"@type":"ListItem","position":3,"name":"Mission Darkness\u2122 Revelation EMP Shield for Generators"}]},{"@type":"WebSite","@id":"https:\/\/elusivedata.io\/#website","url":"https:\/\/elusivedata.io\/","name":"ElusiveData","description":"Doskona\u0142o\u015b\u0107 w zakresie szkole\u0144 i doradztwa w dziedzinie informatyki \u015bledczej","publisher":{"@id":"https:\/\/elusivedata.io\/#organization"},"potentialAction":[{"@type":"SearchAction","target":{"@type":"EntryPoint","urlTemplate":"https:\/\/elusivedata.io\/?s={search_term_string}"},"query-input":{"@type":"PropertyValueSpecification","valueRequired":true,"valueName":"search_term_string"}}],"inLanguage":"pl-PL"},{"@type":"Organization","@id":"https:\/\/elusivedata.io\/#organization","name":"ElusiveData","url":"https:\/\/elusivedata.io\/","logo":{"@type":"ImageObject","inLanguage":"pl-PL","@id":"https:\/\/elusivedata.io\/#\/schema\/logo\/image\/","url":"https:\/\/elusivedata.io\/wp-content\/uploads\/2024\/11\/Asset-3_2x-scaled.png","contentUrl":"https:\/\/elusivedata.io\/wp-content\/uploads\/2024\/11\/Asset-3_2x-scaled.png","width":2560,"height":370,"caption":"ElusiveData"},"image":{"@id":"https:\/\/elusivedata.io\/#\/schema\/logo\/image\/"},"sameAs":["https:\/\/www.youtube.com\/@elusivedata"]}]}},"_links":{"self":[{"href":"https:\/\/elusivedata.io\/pl\/wp-json\/wp\/v2\/product\/8840","targetHints":{"allow":["GET"]}}],"collection":[{"href":"https:\/\/elusivedata.io\/pl\/wp-json\/wp\/v2\/product"}],"about":[{"href":"https:\/\/elusivedata.io\/pl\/wp-json\/wp\/v2\/types\/product"}],"version-history":[{"count":2,"href":"https:\/\/elusivedata.io\/pl\/wp-json\/wp\/v2\/product\/8840\/revisions"}],"predecessor-version":[{"id":10126,"href":"https:\/\/elusivedata.io\/pl\/wp-json\/wp\/v2\/product\/8840\/revisions\/10126"}],"wp:featuredmedia":[{"embeddable":true,"href":"https:\/\/elusivedata.io\/pl\/wp-json\/wp\/v2\/media\/8844"}],"wp:attachment":[{"href":"https:\/\/elusivedata.io\/pl\/wp-json\/wp\/v2\/media?parent=8840"}],"wp:term":[{"taxonomy":"product_brand","embeddable":true,"href":"https:\/\/elusivedata.io\/pl\/wp-json\/wp\/v2\/product_brand?post=8840"},{"taxonomy":"product_cat","embeddable":true,"href":"https:\/\/elusivedata.io\/pl\/wp-json\/wp\/v2\/product_cat?post=8840"},{"taxonomy":"product_tag","embeddable":true,"href":"https:\/\/elusivedata.io\/pl\/wp-json\/wp\/v2\/product_tag?post=8840"}],"curies":[{"name":"wp","href":"https:\/\/api.w.org\/{rel}","templated":true}]}}