{"id":8829,"date":"2025-06-17T08:15:51","date_gmt":"2025-06-17T08:15:51","guid":{"rendered":"https:\/\/elusivedata.io\/?post_type=product&#038;p=8829"},"modified":"2025-06-24T06:31:11","modified_gmt":"2025-06-24T06:31:11","slug":"mission-darkness-blocker-locker-7","status":"publish","type":"product","link":"https:\/\/elusivedata.io\/pl\/product\/mission-darkness-blocker-locker-7\/","title":{"rendered":"MISSION DARKNESS\u2122 BLOCKER LOCKER 7"},"content":{"rendered":"<div data-elementor-type=\"product-post\" data-elementor-id=\"8829\" class=\"elementor elementor-8829\" data-elementor-post-type=\"product\">\n\t\t\t\t<div class=\"elementor-element elementor-element-5065b31 e-flex e-con-boxed e-con e-parent\" data-id=\"5065b31\" data-element_type=\"container\" data-e-type=\"container\">\n\t\t\t\t\t<div class=\"e-con-inner\">\n\t\t\t\t<div class=\"elementor-element elementor-element-d196d7f elementor-widget elementor-widget-text-editor\" data-id=\"d196d7f\" data-element_type=\"widget\" data-e-type=\"widget\" data-widget_type=\"text-editor.default\">\n\t\t\t\t<div class=\"elementor-widget-container\">\n\t\t\t\t\t\t\t\t\t<div id=\"s-642ac8eb-b4be-47fe-ab3a-245b34cb541a\" class=\"shg-c shg-align-center\"><div class=\"shogun-heading-component\"><h2 class=\"ai-optimize-47\"><b>UTRZYMYWANIE URZ\u0104DZE\u0143 POD NAPI\u0118CIEM I EKRANOWANIE<\/b><\/h2><\/div><\/div><div id=\"s-40aee370-da98-48c9-99f8-19370ab9ae6a\" class=\"shg-c shg-align-center\"><div class=\"shogun-heading-component\"><h2 class=\"ai-optimize-48\"><b>Od konfiskaty, przez przechowywanie dowod\u00f3w, po ekstrakcj\u0119 danych<\/b><\/h2><\/div><\/div><div id=\"s-95d8e798-c7d7-4f19-894f-e7bf352cf121\" class=\"shg-c\"><div class=\"shg-rich-text shg-theme-text-content\"><p class=\"ai-optimize-49 ai-optimize-introduction\">System Mission Darkness\u2122 Blocker Locker 7\u2122 rozwi\u0105zuje wiele problem\u00f3w \u015bledczych i laboratori\u00f3w kryminalistycznych. Aby skutecznie uzyska\u0107 dost\u0119p i odzyska\u0107 dane z telefon\u00f3w kom\u00f3rkowych i tablet\u00f3w, najnowsze narz\u0119dzia kryminalistyczne wymagaj\u0105, aby urz\u0105dzenia pozostawa\u0142y pod napi\u0119ciem. Mo\u017ce by\u0107 trudno utrzyma\u0107 urz\u0105dzenia chronione przed sygna\u0142ami RF, na\u0142adowane przez ca\u0142y czas i bezpiecznie zablokowane. Blocker Locker 7 osi\u0105ga wszystkie te cele w jednej szafce zaprojektowanej specjalnie do ekranowania, \u0142adowania i blokowania. Urz\u0105dzenie zawiera siedem w pe\u0142ni za\u0142adowanych przedzia\u0142\u00f3w wyposa\u017conych w Window Charge &amp; Shield Faraday Bags dla telefon\u00f3w, a dodatkowe Charge &amp; Shield Faraday Bags mo\u017cna dokupi\u0107 w razie potrzeby lub w celu zwi\u0119kszenia pojemno\u015bci.<\/p><p class=\"ai-optimize-50\">Funkcja \u0142adowania ma na celu zapobieganie trybowi blokady i skr\u00f3cenie czasu potrzebnego do z\u0142amania has\u0142a, umo\u017cliwiaj\u0105c maksymalne wydobycie danych i odblokowanie za pomoc\u0105 narz\u0119dzi takich jak GrayKey, Cellebrite, Magnet, XRY, BlackBag, Oxygen itp.<\/p><p class=\"ai-optimize-51\">Aby wyodr\u0119bni\u0107 dane z urz\u0105dzenia znajduj\u0105cego si\u0119 w Blocker Locker 7, wystarczy odblokowa\u0107 poszczeg\u00f3lne komory, od\u0142\u0105czy\u0107 kabel zasilaj\u0105cy, wyj\u0105\u0107 torb\u0119 Charge &amp; Shield Faraday Bag i przenie\u015b\u0107 j\u0105 do kryminalistycznej skrzynki Faradaya lub pomieszczenia ekranowanego RF. Torb\u0119 mo\u017cna \u0142atwo otworzy\u0107 wewn\u0105trz skrzynki Faradaya (opatentowane zamkni\u0119cie magnetyczne NeoLok\u2122 zmniejsza \u015bcieranie r\u0119kawic Faradaya), podczas gdy urz\u0105dzenie jest przenoszone do ekranowanej obudowy. Ekranowanie i zasilanie nigdy nie s\u0105 zagro\u017cone, zapewniaj\u0105c badaczom p\u0142ynny proces.<\/p><\/div><\/div><div id=\"s-535fdb56-9822-4870-9dba-ab01bf5d9b5c\" class=\"shg-c\"><div class=\"shg-rich-text shg-theme-text-content\"><p class=\"ai-optimize-52\"><strong><em>NOWA KONSTRUKCJA SZAFKI I PASUJ\u0104CY DO NIEJ STOJAK!<\/em><\/strong><\/p><p class=\"ai-optimize-53\">Wygl\u0105d zewn\u0119trzny Blocker Locker zosta\u0142 zaktualizowany do czarnego wyko\u0144czenia z pasiastym wzorem w pa\u017adzierniku 2022 r., Jak pokazano na powy\u017cszym obrazku. Stopnie u\u017cytkowe i przedzia\u0142y wewn\u0119trzne pozostaj\u0105 takie same jak w poprzednim modelu z szarym wyko\u0144czeniem.<\/p><p class=\"ai-optimize-54\">Dopasowane aluminium klasy przemys\u0142owej\u00a0<a href=\"https:\/\/mosequipment.com\/products\/mission-darkness-blocker-locker-7-stand\" target=\"_blank\" rel=\"noopener\">stojak na szafki\u00a0<\/a>zosta\u0142 wprowadzony w styczniu 2024 roku. Dodatkowy stojak na akcesoria podnosi szafk\u0119 na bardziej przyjazn\u0105 dla u\u017cytkownika wysoko\u015b\u0107, optymalizuj\u0105c przestrze\u0144 robocz\u0105 poprzez uwolnienie powierzchni biurka lub lady i utrzymanie ci\u0119\u017caru szafki. Eliminuje to potrzeb\u0119 rozleg\u0142ej instalacji, poniewa\u017c wystarczy zakotwiczy\u0107 urz\u0105dzenie do \u015bciany.<\/p><\/div><p><iframe title=\"Najnowsze narz\u0119dzia do ochrony dowod\u00f3w cyfrowych: \u0142adowanie urz\u0105dze\u0144 w torbach Faradaya od pola do laboratorium\" width=\"800\" height=\"450\" src=\"https:\/\/www.youtube.com\/embed\/yNt15D0y3No?feature=oembed&enablejsapi=1&origin=https:\/\/elusivedata.io\" frameborder=\"0\" allow=\"accelerometer; autoplay; clipboard-write; encrypted-media; gyroscope; picture-in-picture; web-share\" referrerpolicy=\"strict-origin-when-cross-origin\" allowfullscreen><\/iframe><\/p><\/div><div id=\"s-6dfa3cca-f9ec-4a8d-aee0-14e1c64ee007\" class=\"shg-c\"><div class=\"shogun-heading-component\"><h3><b>Funkcje Blocker Locker 7<\/b><\/h3><\/div><\/div><div id=\"s-bad7c9cd-926f-42d4-80f8-c1482b07c24c\" class=\"shg-c\"><div class=\"shg-rich-text shg-theme-text-content\"><ul><li>Bezpieczna szafka z siedmioma schowkami zaprojektowana specjalnie dla \u015bledczych, aby urz\u0105dzenia by\u0142y indywidualnie zamkni\u0119te, chronione i \u0142adowane podczas przechowywania.<\/li><li>U\u017cywany g\u0142\u00f3wnie jako schowek na telefony kom\u00f3rkowe i tablety.<\/li><li>System zapewnia, \u017ce pobieranie i przechowywanie urz\u0105dzenia jest prawid\u0142owe, dzi\u0119ki czemu proces odblokowywania has\u0142em i wyodr\u0119bniania danych mo\u017ce zosta\u0107 zako\u0144czony prawid\u0142owo i z najlepszymi wynikami<\/li><li>Ka\u017cda szafka posiada gniazdo zasilania z dwoma gniazdami USB oraz unikalny zamek zewn\u0119trzny<\/li><li>System zamykania sk\u0142ada si\u0119 z dw\u00f3ch kluczy do ka\u017cdego przedzia\u0142u szafki, czterech kluczy g\u0142\u00f3wnych zapewniaj\u0105cych dost\u0119p do wszystkich przedzia\u0142\u00f3w szafki oraz skrzynki na klucze z dwoma kluczami<\/li><li>Kontrolka zasilania na g\u0142\u00f3wnej obudowie<\/li><li>Detektor awarii zasilania wysy\u0142a SMS i\/lub e-mail w przypadku utraty zasilania w urz\u0105dzeniu.<\/li><li>Naklejka magnetyczna z podstawowymi instrukcjami u\u017cytkowania przyklejona do szafki (w zestawie dodatkowa szczeg\u00f3\u0142owa instrukcja)<\/li><li>W zestawie znajduje si\u0119 siedem toreb Faradaya Mission Darkness Window Charge &amp; Shield na telefony oraz wszystkie niezb\u0119dne komponenty do \u0142adowania i ko\u0144c\u00f3wki kabli (po jednej torbie w ka\u017cdym schowku).<\/li><li>Torby Faradaya Window Charge &amp; Shield zosta\u0142y specjalnie zaprojektowane do \u0142adowania urz\u0105dze\u0144 w urz\u0105dzeniu Blocker Locker 7, a nast\u0119pnie przenoszenia ich do skrzynki Faradaya do cel\u00f3w kryminalistycznych.<\/li><li>System pozwala urz\u0105dzeniom pozosta\u0107 \u017cywymi i nieuszkodzonymi po zaj\u0119ciu, dop\u00f3ki nie b\u0119dzie mo\u017cna ich przes\u0142ucha\u0107 lub wyodr\u0119bni\u0107 danych w p\u00f3\u017aniejszym czasie<\/li><li>Torby Faradaya Window Charge &amp; Shield blokuj\u0105 sygna\u0142y WiFi (2,4 i 5 GHz), Bluetooth, sygna\u0142y kom\u00f3rkowe, w tym sieci 5G, GPS, RFID i sygna\u0142y radiowe.<\/li><li>Mission Darkness Blocker Locker 7 SKU: MDBL-7<\/li><li>Zaprojektowany i zmontowany w USA<\/li><li>Dost\u0119pne dla\u00a0<a href=\"https:\/\/mosequipment.com\/pages\/rentals\" target=\"_blank\" rel=\"noopener\">wynajem<\/a>, skontaktuj si\u0119 z nami w celu wyceny<\/li><li>Kompatybilny z\u00a0<a href=\"https:\/\/mosequipment.com\/products\/mission-darkness-blocker-locker-7-stand\" target=\"_blank\" rel=\"noopener\">Blocker Locker 7 Stand<\/a>\u00a0dodatkowe akcesorium; uk\u0142adanie w stos w celu zwi\u0119kszenia pojemno\u015bci i wsparcia<\/li><li>Dodatkowe opcje dodatkowe s\u0105 wymienione poni\u017cej<\/li><li>Prosta instalacja - obejrzyj\u00a0<a href=\"https:\/\/www.youtube.com\/watch?v=VNqUHj2yK-k&amp;t=1s\" target=\"_blank\" rel=\"noopener\">Wideo instalacyjne<\/a>\u00a0wi\u0119cej informacji<\/li><\/ul><div id=\"s-aabe743a-1c5d-4e8b-ad17-a88a3015dce0\" class=\"shg-c shg-align-left\"><div class=\"shogun-heading-component\"><h3><b>Blokowanie, zabezpieczanie, \u0142adowanie i pobieranie danych z urz\u0105dze\u0144<\/b><\/h3><\/div><\/div><div id=\"s-61d54b4c-cdb0-4a67-9ce5-6bdf6d661cd1\" class=\"shg-c\"><div class=\"shg-rich-text shg-theme-text-content\"><p>Kompletny system Blocker Locker 7 - Charge &amp; Shield Evidence Cabinet jest u\u017cywany g\u0142\u00f3wnie z cyfrowymi dowodami kryminalistycznymi, takimi jak telefony kom\u00f3rkowe, tablety, urz\u0105dzenia \u015bledz\u0105ce GPS i podobna elektronika. Dwustronny filtr USB w ka\u017cdej torbie Charge &amp; Shield Faraday Bag pozwala u\u017cytkownikowi \u0142atwo prze\u0142\u0105cza\u0107 si\u0119 z zasilania na narz\u0119dzie ekstrakcyjne w razie potrzeby.<\/p><\/div><\/div><div id=\"s-99de235f-fdf8-4158-8f73-6c8f60cf0a4c\" class=\"shg-c\"><div class=\"shogun-heading-component\"><h3><b>Zakup dodatkowych work\u00f3w Faradaya Charge &amp; Shield w celu zwi\u0119kszenia pojemno\u015bci<\/b><\/h3><\/div><\/div><div id=\"s-29af5046-f08d-4eb5-83df-7f331e579d0f\" class=\"shg-c\"><div class=\"shg-rich-text shg-theme-text-content\"><p>Blocker Locker 7 zawiera siedem toreb Faradaya Window Charge &amp; Shield dla telefon\u00f3w oraz wszystkie niezb\u0119dne komponenty do \u0142adowania. Torba mo\u017ce by\u0107 przenoszona z szafki do laboratorium bez uszczerbku dla ekranowania RF. W ka\u017cdej komorze szafki zmieszcz\u0105 si\u0119 maksymalnie dwie torby Charge &amp; Shield Faraday. Dokup dodatkowe torby Charge &amp; Shield Faraday Bags, aby obs\u0142u\u017cy\u0107 wi\u0119cej ni\u017c siedem urz\u0105dze\u0144 w szafce. Dost\u0119pne w rozmiarze telefonu lub tabletu, z oknem lub bez (* torby z oknem s\u0105 preferowane do u\u017cytku z Blocker Locker). Dodatkowe opcje s\u0105 wymienione poni\u017cej. Poinformuj nas o swoich wymaganiach, aby\u015bmy mogli odpowiednio je wyceni\u0107.<\/p><\/div><\/div><div id=\"s-fe178d28-2697-40ad-a7bd-834bad92d1d7\" class=\"shg-c\"><div class=\"shogun-heading-component\"><h3><b>Ka\u017cda torba Faradaya Window Charge &amp; Shield zawiera<\/b><\/h3><\/div><\/div><div id=\"s-0174bb3d-a575-4af6-897b-e277d0459761\" class=\"shg-c\"><div class=\"shg-rich-text shg-theme-text-content\"><ul><li>Torba Charge &amp; Shield Faraday z przezroczystym okienkiem, dwustronnym filtrem USB z zewn\u0119trzn\u0105 blokad\u0105 kabla, magnetycznym zamkni\u0119ciem NeoLok, numerem seryjnym, kieszeni\u0105 na karty i zapinan\u0105 na zamek przegrod\u0105 z ty\u0142u do przechowywania kabli.<\/li><li>Dwa\u00a0<a href=\"https:\/\/mosequipment.com\/products\/cable-set\" target=\"_blank\" rel=\"noopener\">Zestawy kabli<\/a>\u00a0(ka\u017cdy zestaw zawiera uniwersalne z\u0142\u0105cze k\u0105towe USB A\/M na A\/M, Lightning na USB, micro USB, USB-C i przed\u0142u\u017cacz USB)<\/li><li>Opcjonalne dodatki do \u0142adowania kr\u00f3tkoterminowego, takie jak adapter \u0142adowarki samochodowej z dwoma portami USB, \u0142adowarka \u015bcienna z dwoma portami USB i banki energii do ci\u0105g\u0142ego \u0142adowania (szczeg\u00f3\u0142y wymienione poni\u017cej).<\/li><\/ul><\/div><\/div><div id=\"s-16be0ff0-987e-439c-9391-123b66712464\" class=\"shg-c\"><div class=\"shogun-heading-component\"><h3><b>Wymiary i waga<\/b><\/h3><\/div><\/div><div id=\"s-004d403b-9560-4e2a-ad3a-1cc9def23b34\" class=\"shg-c\"><div class=\"shg-rich-text shg-theme-text-content\"><ul><li>Wymiary wewn\u0119trzne pojedynczego schowka: 13\u2033 L x 18\u2033 W x 4,5\u2033 H (33cm x 45,7cm x 11,4cm)<\/li><li>Wymiary zewn\u0119trzne obudowy: 15\u2033 L x 18\u2033 W x 34\u2033 H (38.1cm x 45.7cm x 86.4cm)<\/li><li>Waga obudowy: 85 funt\u00f3w (38,6 kg)<\/li><li>Waga transportowa: 105 funt\u00f3w (47,6 kg) - wysy\u0142ka na palecie<\/li><\/ul><\/div><\/div><\/div><\/div>\t\t\t\t\t\t\t\t<\/div>\n\t\t\t\t<\/div>\n\t\t\t\t\t<\/div>\n\t\t\t\t<\/div>\n\t\t\t\t<\/div>","protected":false},"excerpt":{"rendered":"<p>System Mission Darkness\u2122 Blocker Locker 7\u2122 rozwi\u0105zuje wiele problem\u00f3w \u015bledczych i laboratori\u00f3w kryminalistycznych. Aby skutecznie uzyska\u0107 dost\u0119p i odzyska\u0107 dane z telefon\u00f3w kom\u00f3rkowych i tablet\u00f3w, najnowsze narz\u0119dzia kryminalistyczne wymagaj\u0105, aby urz\u0105dzenia pozostawa\u0142y pod napi\u0119ciem. Mo\u017ce by\u0107 trudno utrzyma\u0107 urz\u0105dzenia chronione przed sygna\u0142ami RF, na\u0142adowane przez ca\u0142y czas i bezpiecznie zablokowane. Blocker Locker 7 osi\u0105ga wszystkie te cele w jednej szafce zaprojektowanej specjalnie do ekranowania, \u0142adowania i blokowania. Urz\u0105dzenie zawiera siedem w pe\u0142ni za\u0142adowanych przedzia\u0142\u00f3w wyposa\u017conych w Window Charge &amp; Shield Faraday Bags dla telefon\u00f3w, a dodatkowe Charge &amp; Shield Faraday Bags mo\u017cna dokupi\u0107 w razie potrzeby lub w celu zwi\u0119kszenia pojemno\u015bci.<\/p>","protected":false},"featured_media":8833,"template":"","meta":{"content-type":""},"product_brand":[],"product_cat":[108],"product_tag":[],"class_list":{"0":"post-8829","1":"product","2":"type-product","3":"status-publish","4":"has-post-thumbnail","6":"product_cat-future-physical-products","8":"first","9":"instock","10":"taxable","11":"shipping-taxable","12":"purchasable","13":"product-type-simple"},"acf":[],"yoast_head":"<!-- This site is optimized with the Yoast SEO Premium plugin v27.3 (Yoast SEO v27.3) - https:\/\/yoast.com\/product\/yoast-seo-premium-wordpress\/ -->\n<title>MISSION DARKNESS\u2122 BLOCKER LOCKER 7 - Elusive Data<\/title>\n<meta name=\"robots\" content=\"index, follow, max-snippet:-1, max-image-preview:large, max-video-preview:-1\" \/>\n<link rel=\"canonical\" href=\"https:\/\/elusivedata.io\/pl\/product\/mission-darkness-blocker-locker-7\/\" \/>\n<meta property=\"og:locale\" content=\"pl_PL\" \/>\n<meta property=\"og:type\" content=\"article\" \/>\n<meta property=\"og:title\" content=\"MISSION DARKNESS\u2122 BLOCKER LOCKER 7\" \/>\n<meta property=\"og:description\" content=\"The Mission Darkness\u2122 Blocker Locker 7\u2122 system solves multiple problems for forensics investigators and labs. To effectively access and recover data from cell phones and tablets, the latest forensic tools require devices to stay live. It can be difficult to keep devices shielded from RF signals, charged at all times, and securely locked. The Blocker Locker 7 accomplishes all of these objectives in a single cabinet designed specifically for shielding, charging, and locking. The unit includes seven fully loaded compartments equipped with Window Charge &amp; Shield Faraday Bags for Phones, while additional Charge &amp; Shield Faraday Bags can be purchased as required or to increase capacity.\" \/>\n<meta property=\"og:url\" content=\"https:\/\/elusivedata.io\/pl\/product\/mission-darkness-blocker-locker-7\/\" \/>\n<meta property=\"og:site_name\" content=\"Elusive Data\" \/>\n<meta property=\"article:modified_time\" content=\"2025-06-24T06:31:11+00:00\" \/>\n<meta property=\"og:image\" content=\"https:\/\/elusivedata.io\/wp-content\/uploads\/2025\/06\/BlockerLocker7BlackFinish_480x480.webp\" \/>\n\t<meta property=\"og:image:width\" content=\"480\" \/>\n\t<meta property=\"og:image:height\" content=\"480\" \/>\n\t<meta property=\"og:image:type\" content=\"image\/webp\" \/>\n<meta name=\"twitter:card\" content=\"summary_large_image\" \/>\n<script type=\"application\/ld+json\" class=\"yoast-schema-graph\">{\"@context\":\"https:\\\/\\\/schema.org\",\"@graph\":[{\"@type\":\"WebPage\",\"@id\":\"https:\\\/\\\/elusivedata.io\\\/product\\\/mission-darkness-blocker-locker-7\\\/\",\"url\":\"https:\\\/\\\/elusivedata.io\\\/product\\\/mission-darkness-blocker-locker-7\\\/\",\"name\":\"MISSION DARKNESS\u2122 BLOCKER LOCKER 7 - Elusive Data\",\"isPartOf\":{\"@id\":\"https:\\\/\\\/elusivedata.io\\\/#website\"},\"primaryImageOfPage\":{\"@id\":\"https:\\\/\\\/elusivedata.io\\\/product\\\/mission-darkness-blocker-locker-7\\\/#primaryimage\"},\"image\":{\"@id\":\"https:\\\/\\\/elusivedata.io\\\/product\\\/mission-darkness-blocker-locker-7\\\/#primaryimage\"},\"thumbnailUrl\":\"https:\\\/\\\/elusivedata.io\\\/wp-content\\\/uploads\\\/2025\\\/06\\\/BlockerLocker7BlackFinish_480x480.webp\",\"datePublished\":\"2025-06-17T08:15:51+00:00\",\"dateModified\":\"2025-06-24T06:31:11+00:00\",\"breadcrumb\":{\"@id\":\"https:\\\/\\\/elusivedata.io\\\/product\\\/mission-darkness-blocker-locker-7\\\/#breadcrumb\"},\"inLanguage\":\"pl-PL\",\"potentialAction\":[{\"@type\":\"ReadAction\",\"target\":[\"https:\\\/\\\/elusivedata.io\\\/product\\\/mission-darkness-blocker-locker-7\\\/\"]}]},{\"@type\":\"ImageObject\",\"inLanguage\":\"pl-PL\",\"@id\":\"https:\\\/\\\/elusivedata.io\\\/product\\\/mission-darkness-blocker-locker-7\\\/#primaryimage\",\"url\":\"https:\\\/\\\/elusivedata.io\\\/wp-content\\\/uploads\\\/2025\\\/06\\\/BlockerLocker7BlackFinish_480x480.webp\",\"contentUrl\":\"https:\\\/\\\/elusivedata.io\\\/wp-content\\\/uploads\\\/2025\\\/06\\\/BlockerLocker7BlackFinish_480x480.webp\",\"width\":480,\"height\":480,\"caption\":\"Mission Darkness BlockerLocker 7 Faraday case \u2014 secure signal-blocking device storage\"},{\"@type\":\"BreadcrumbList\",\"@id\":\"https:\\\/\\\/elusivedata.io\\\/product\\\/mission-darkness-blocker-locker-7\\\/#breadcrumb\",\"itemListElement\":[{\"@type\":\"ListItem\",\"position\":1,\"name\":\"Home\",\"item\":\"https:\\\/\\\/elusivedata.io\\\/\"},{\"@type\":\"ListItem\",\"position\":2,\"name\":\"Products\",\"item\":\"https:\\\/\\\/elusivedata.io\\\/shop\\\/\"},{\"@type\":\"ListItem\",\"position\":3,\"name\":\"MISSION DARKNESS\u2122 BLOCKER LOCKER 7\"}]},{\"@type\":\"WebSite\",\"@id\":\"https:\\\/\\\/elusivedata.io\\\/#website\",\"url\":\"https:\\\/\\\/elusivedata.io\\\/\",\"name\":\"ElusiveData\",\"description\":\"Excellence in Digital Forensics Training and Consulting\",\"publisher\":{\"@id\":\"https:\\\/\\\/elusivedata.io\\\/#organization\"},\"potentialAction\":[{\"@type\":\"SearchAction\",\"target\":{\"@type\":\"EntryPoint\",\"urlTemplate\":\"https:\\\/\\\/elusivedata.io\\\/?s={search_term_string}\"},\"query-input\":{\"@type\":\"PropertyValueSpecification\",\"valueRequired\":true,\"valueName\":\"search_term_string\"}}],\"inLanguage\":\"pl-PL\"},{\"@type\":\"Organization\",\"@id\":\"https:\\\/\\\/elusivedata.io\\\/#organization\",\"name\":\"ElusiveData\",\"url\":\"https:\\\/\\\/elusivedata.io\\\/\",\"logo\":{\"@type\":\"ImageObject\",\"inLanguage\":\"pl-PL\",\"@id\":\"https:\\\/\\\/elusivedata.io\\\/#\\\/schema\\\/logo\\\/image\\\/\",\"url\":\"https:\\\/\\\/elusivedata.io\\\/wp-content\\\/uploads\\\/2024\\\/11\\\/Asset-3_2x-scaled.png\",\"contentUrl\":\"https:\\\/\\\/elusivedata.io\\\/wp-content\\\/uploads\\\/2024\\\/11\\\/Asset-3_2x-scaled.png\",\"width\":2560,\"height\":370,\"caption\":\"ElusiveData\"},\"image\":{\"@id\":\"https:\\\/\\\/elusivedata.io\\\/#\\\/schema\\\/logo\\\/image\\\/\"},\"sameAs\":[\"https:\\\/\\\/www.youtube.com\\\/@elusivedata\"]}]}<\/script>\n<!-- \/ Yoast SEO Premium plugin. -->","yoast_head_json":{"title":"MISSION DARKNESS\u2122 BLOCKER LOCKER 7 - Nieuchwytne dane","robots":{"index":"index","follow":"follow","max-snippet":"max-snippet:-1","max-image-preview":"max-image-preview:large","max-video-preview":"max-video-preview:-1"},"canonical":"https:\/\/elusivedata.io\/pl\/product\/mission-darkness-blocker-locker-7\/","og_locale":"pl_PL","og_type":"article","og_title":"MISSION DARKNESS\u2122 BLOCKER LOCKER 7","og_description":"The Mission Darkness\u2122 Blocker Locker 7\u2122 system solves multiple problems for forensics investigators and labs. To effectively access and recover data from cell phones and tablets, the latest forensic tools require devices to stay live. It can be difficult to keep devices shielded from RF signals, charged at all times, and securely locked. The Blocker Locker 7 accomplishes all of these objectives in a single cabinet designed specifically for shielding, charging, and locking. The unit includes seven fully loaded compartments equipped with Window Charge &amp; Shield Faraday Bags for Phones, while additional Charge &amp; Shield Faraday Bags can be purchased as required or to increase capacity.","og_url":"https:\/\/elusivedata.io\/pl\/product\/mission-darkness-blocker-locker-7\/","og_site_name":"Elusive Data","article_modified_time":"2025-06-24T06:31:11+00:00","og_image":[{"width":480,"height":480,"url":"https:\/\/elusivedata.io\/wp-content\/uploads\/2025\/06\/BlockerLocker7BlackFinish_480x480.webp","type":"image\/webp"}],"twitter_card":"summary_large_image","schema":{"@context":"https:\/\/schema.org","@graph":[{"@type":"WebPage","@id":"https:\/\/elusivedata.io\/product\/mission-darkness-blocker-locker-7\/","url":"https:\/\/elusivedata.io\/product\/mission-darkness-blocker-locker-7\/","name":"MISSION DARKNESS\u2122 BLOCKER LOCKER 7 - Nieuchwytne dane","isPartOf":{"@id":"https:\/\/elusivedata.io\/#website"},"primaryImageOfPage":{"@id":"https:\/\/elusivedata.io\/product\/mission-darkness-blocker-locker-7\/#primaryimage"},"image":{"@id":"https:\/\/elusivedata.io\/product\/mission-darkness-blocker-locker-7\/#primaryimage"},"thumbnailUrl":"https:\/\/elusivedata.io\/wp-content\/uploads\/2025\/06\/BlockerLocker7BlackFinish_480x480.webp","datePublished":"2025-06-17T08:15:51+00:00","dateModified":"2025-06-24T06:31:11+00:00","breadcrumb":{"@id":"https:\/\/elusivedata.io\/product\/mission-darkness-blocker-locker-7\/#breadcrumb"},"inLanguage":"pl-PL","potentialAction":[{"@type":"ReadAction","target":["https:\/\/elusivedata.io\/product\/mission-darkness-blocker-locker-7\/"]}]},{"@type":"ImageObject","inLanguage":"pl-PL","@id":"https:\/\/elusivedata.io\/product\/mission-darkness-blocker-locker-7\/#primaryimage","url":"https:\/\/elusivedata.io\/wp-content\/uploads\/2025\/06\/BlockerLocker7BlackFinish_480x480.webp","contentUrl":"https:\/\/elusivedata.io\/wp-content\/uploads\/2025\/06\/BlockerLocker7BlackFinish_480x480.webp","width":480,"height":480,"caption":"Mission Darkness BlockerLocker 7 Faraday case \u2014 secure signal-blocking device storage"},{"@type":"BreadcrumbList","@id":"https:\/\/elusivedata.io\/product\/mission-darkness-blocker-locker-7\/#breadcrumb","itemListElement":[{"@type":"ListItem","position":1,"name":"Home","item":"https:\/\/elusivedata.io\/"},{"@type":"ListItem","position":2,"name":"Products","item":"https:\/\/elusivedata.io\/shop\/"},{"@type":"ListItem","position":3,"name":"MISSION DARKNESS\u2122 BLOCKER LOCKER 7"}]},{"@type":"WebSite","@id":"https:\/\/elusivedata.io\/#website","url":"https:\/\/elusivedata.io\/","name":"ElusiveData","description":"Doskona\u0142o\u015b\u0107 w zakresie szkole\u0144 i doradztwa w dziedzinie informatyki \u015bledczej","publisher":{"@id":"https:\/\/elusivedata.io\/#organization"},"potentialAction":[{"@type":"SearchAction","target":{"@type":"EntryPoint","urlTemplate":"https:\/\/elusivedata.io\/?s={search_term_string}"},"query-input":{"@type":"PropertyValueSpecification","valueRequired":true,"valueName":"search_term_string"}}],"inLanguage":"pl-PL"},{"@type":"Organization","@id":"https:\/\/elusivedata.io\/#organization","name":"ElusiveData","url":"https:\/\/elusivedata.io\/","logo":{"@type":"ImageObject","inLanguage":"pl-PL","@id":"https:\/\/elusivedata.io\/#\/schema\/logo\/image\/","url":"https:\/\/elusivedata.io\/wp-content\/uploads\/2024\/11\/Asset-3_2x-scaled.png","contentUrl":"https:\/\/elusivedata.io\/wp-content\/uploads\/2024\/11\/Asset-3_2x-scaled.png","width":2560,"height":370,"caption":"ElusiveData"},"image":{"@id":"https:\/\/elusivedata.io\/#\/schema\/logo\/image\/"},"sameAs":["https:\/\/www.youtube.com\/@elusivedata"]}]}},"_links":{"self":[{"href":"https:\/\/elusivedata.io\/pl\/wp-json\/wp\/v2\/product\/8829","targetHints":{"allow":["GET"]}}],"collection":[{"href":"https:\/\/elusivedata.io\/pl\/wp-json\/wp\/v2\/product"}],"about":[{"href":"https:\/\/elusivedata.io\/pl\/wp-json\/wp\/v2\/types\/product"}],"version-history":[{"count":5,"href":"https:\/\/elusivedata.io\/pl\/wp-json\/wp\/v2\/product\/8829\/revisions"}],"predecessor-version":[{"id":8839,"href":"https:\/\/elusivedata.io\/pl\/wp-json\/wp\/v2\/product\/8829\/revisions\/8839"}],"wp:featuredmedia":[{"embeddable":true,"href":"https:\/\/elusivedata.io\/pl\/wp-json\/wp\/v2\/media\/8833"}],"wp:attachment":[{"href":"https:\/\/elusivedata.io\/pl\/wp-json\/wp\/v2\/media?parent=8829"}],"wp:term":[{"taxonomy":"product_brand","embeddable":true,"href":"https:\/\/elusivedata.io\/pl\/wp-json\/wp\/v2\/product_brand?post=8829"},{"taxonomy":"product_cat","embeddable":true,"href":"https:\/\/elusivedata.io\/pl\/wp-json\/wp\/v2\/product_cat?post=8829"},{"taxonomy":"product_tag","embeddable":true,"href":"https:\/\/elusivedata.io\/pl\/wp-json\/wp\/v2\/product_tag?post=8829"}],"curies":[{"name":"wp","href":"https:\/\/api.w.org\/{rel}","templated":true}]}}