{"id":8846,"date":"2025-06-17T08:15:50","date_gmt":"2025-06-17T08:15:50","guid":{"rendered":"https:\/\/elusivedata.io\/?post_type=product&#038;p=8846"},"modified":"2025-06-24T06:31:18","modified_gmt":"2025-06-24T06:31:18","slug":"mission-darkness-non-window-faraday-bag-for-laptops","status":"publish","type":"product","link":"https:\/\/elusivedata.io\/nb\/product\/mission-darkness-non-window-faraday-bag-for-laptops\/","title":{"rendered":"Mission Darkness\u2122 Faraday-veske uten vindu for b\u00e6rbare datamaskiner"},"content":{"rendered":"<div id=\"s-c6a9a226-7b0f-4192-b194-c47890b3642f\" class=\"shg-c shg-align-left\">\n<div class=\"shogun-heading-component\">\n<h3 ><strong>HOLD B\u00c6RBARE DATAMASKINER OG STORE ENHETER SKJERMET<\/strong><\/h3>\n<p>&nbsp;<\/p>\n<\/div>\n<\/div>\n<div id=\"s-369e0e58-f12c-4706-aca7-000e9c18930e\" class=\"shg-c\">\n<div class=\"shg-rich-text shg-theme-text-content\">\n<p >Mission Darkness\u2122 Faraday-veske uten vindu for b\u00e6rbare datamaskiner blokkerer fullstendig alle tr\u00e5dl\u00f8se signaler og holder store elektroniske enheter skjermet for \u00e5 forhindre hacking, sporing, spionasje og \u00f8deleggelse av kontrollkjeden. N\u00e5r en b\u00e6rbar datamaskin eller annen enhet er forsvarlig innkapslet i posen, kan ingen apper eller ondsinnet kode fjernutl\u00f8ses eller slettes, ingen kommunikasjon kan trenge gjennom, og ingen kan f\u00e5 tilgang til mikrofonen, kameraet, GPS-posisjonen eller data. De prim\u00e6re bruksomr\u00e5dene er rettsh\u00e5ndhevelse og milit\u00e6r kriminalteknisk bevisinnsamling, forsvar mot datatyveri, bedrifts- og personsikkerhet, EMP-beskyttelse, reduksjon av EMF-str\u00e5ling og for \u00e5 forbedre det digitale personvernet.<\/p>\n<p class=\"a-spacing-base\">Vesken er laget av et slitesterkt og vannavst\u00f8tende yttermateriale i ballistisk nylon for \u00e5 sikre at utstyr og faradaystoff holder seg t\u00f8rt og beskyttet. Interi\u00f8ret best\u00e5r av to lag med h\u00f8yskjermende\u00a0<a href=\"https:\/\/mosequipment.com\/collections\/faraday-supplies\/products\/titanrf-faraday-fabric\">TitanRF\u2122 Faraday-stoff<\/a>\u00a0p\u00e5 alle sider med dobbel sammenkoblet s\u00f8mkonstruksjon. Vesken blokkerer alle tr\u00e5dl\u00f8se signaler, inkludert WiFi (2,4 og 5 GHz), Bluetooth, mobilsignaler, inkludert 5G-nettverk, GPS, RFID, NFC og radiosignaler fra lav MHz til 40 GHz. Ytterligere produktegenskaper inkluderer en dobbel rulle med borrel\u00e5slukking, unikt serienummer og en gjennomsiktig merkevarelomme.<\/p>\n<p class=\"a-spacing-base\">Vesken brukes vanligvis til \u00e5 skjerme enheter som b\u00e6rbare datamaskiner, flere nettbrett, mobiltelefoner, GPS-enheter, toveisradioer, harddisker, smarte husholdningsapparater og annen elektronikk av lignende st\u00f8rrelse.<\/p>\n<p><img fetchpriority=\"high\" decoding=\"async\" class=\"alignleft size-full wp-image-8852\" src=\"https:\/\/elusivedata.io\/wp-content\/uploads\/2025\/06\/download-6.webp\" alt=\"\" width=\"1920\" height=\"1186\" srcset=\"https:\/\/elusivedata.io\/wp-content\/uploads\/2025\/06\/download-6.webp 1920w, https:\/\/elusivedata.io\/wp-content\/uploads\/2025\/06\/download-6-300x185.webp 300w, https:\/\/elusivedata.io\/wp-content\/uploads\/2025\/06\/download-6-1024x633.webp 1024w, https:\/\/elusivedata.io\/wp-content\/uploads\/2025\/06\/download-6-768x474.webp 768w, https:\/\/elusivedata.io\/wp-content\/uploads\/2025\/06\/download-6-1536x949.webp 1536w, https:\/\/elusivedata.io\/wp-content\/uploads\/2025\/06\/download-6-18x12.webp 18w, https:\/\/elusivedata.io\/wp-content\/uploads\/2025\/06\/download-6-600x371.webp 600w\" sizes=\"(max-width: 1920px) 100vw, 1920px\" \/><\/p>\n<\/div>\n<\/div>\n<p>&nbsp;<\/p>\n<p>&nbsp;<\/p>\n<p>&nbsp;<\/p>\n<p>&nbsp;<\/p>\n<p>&nbsp;<\/p>\n<p >","protected":false},"excerpt":{"rendered":"<p class=\"ai-optimize-20\">Mission Darkness\u2122 Faraday-veske uten vindu for b\u00e6rbare datamaskiner blokkerer fullstendig alle tr\u00e5dl\u00f8se signaler og holder store elektroniske enheter skjermet for \u00e5 forhindre hacking, sporing, spionasje og \u00f8deleggelse av kontrollkjeden. N\u00e5r en b\u00e6rbar datamaskin eller annen enhet er forsvarlig innkapslet i posen, kan ingen apper eller ondsinnet kode fjernutl\u00f8ses eller slettes, ingen kommunikasjon kan trenge gjennom, og ingen kan f\u00e5 tilgang til mikrofonen, kameraet, GPS-posisjonen eller data. De prim\u00e6re bruksomr\u00e5dene er rettsh\u00e5ndhevelse og milit\u00e6r kriminalteknisk bevisinnsamling, forsvar mot datatyveri, bedrifts- og personsikkerhet, EMP-beskyttelse, reduksjon av EMF-str\u00e5ling og for \u00e5 forbedre det digitale personvernet.<\/p>","protected":false},"featured_media":8851,"template":"","meta":{"content-type":""},"product_brand":[],"product_cat":[108],"product_tag":[],"class_list":{"0":"post-8846","1":"product","2":"type-product","3":"status-publish","4":"has-post-thumbnail","6":"product_cat-future-physical-products","8":"first","9":"instock","10":"taxable","11":"shipping-taxable","12":"product-type-simple"},"acf":[],"yoast_head":"<!-- This site is optimized with the Yoast SEO Premium plugin v27.3 (Yoast SEO v27.3) - https:\/\/yoast.com\/product\/yoast-seo-premium-wordpress\/ -->\n<title>Mission Darkness\u2122 Non-Window Faraday Bag for Laptops - Elusive Data<\/title>\n<meta name=\"robots\" content=\"index, follow, max-snippet:-1, max-image-preview:large, max-video-preview:-1\" \/>\n<link rel=\"canonical\" href=\"https:\/\/elusivedata.io\/nb\/product\/mission-darkness-non-window-faraday-bag-for-laptops\/\" \/>\n<meta property=\"og:locale\" content=\"nb_NO\" \/>\n<meta property=\"og:type\" content=\"article\" \/>\n<meta property=\"og:title\" content=\"Mission Darkness\u2122 Non-Window Faraday Bag for Laptops\" \/>\n<meta property=\"og:description\" content=\"The Mission Darkness\u2122 Non-window Faraday Bag for Laptops completely blocks all wireless signals and keeps large electronic devices shielded to prevent hacking, tracking, spying, and chain of custody corruption. When a laptop or other device is properly enclosed in the bag, no apps or malicious code can be remotely triggered or wiped, no communication can penetrate, and no one can access the microphone, camera, GPS location, or data. Primary uses are for law enforcement and military forensic evidence collection, defense against data theft, corporate and personal security, EMP protection, EMF radiation reduction, and to enhance digital privacy.\" \/>\n<meta property=\"og:url\" content=\"https:\/\/elusivedata.io\/nb\/product\/mission-darkness-non-window-faraday-bag-for-laptops\/\" \/>\n<meta property=\"og:site_name\" content=\"Elusive Data\" \/>\n<meta property=\"article:modified_time\" content=\"2025-06-24T06:31:18+00:00\" \/>\n<meta property=\"og:image\" content=\"https:\/\/elusivedata.io\/wp-content\/uploads\/2025\/06\/DSC02000-2_480x480.webp\" \/>\n\t<meta property=\"og:image:width\" content=\"480\" \/>\n\t<meta property=\"og:image:height\" content=\"480\" \/>\n\t<meta property=\"og:image:type\" content=\"image\/webp\" \/>\n<meta name=\"twitter:card\" content=\"summary_large_image\" \/>\n<meta name=\"twitter:label1\" content=\"Ansl. lesetid\" \/>\n\t<meta name=\"twitter:data1\" content=\"2 minutter\" \/>\n<script type=\"application\/ld+json\" class=\"yoast-schema-graph\">{\"@context\":\"https:\\\/\\\/schema.org\",\"@graph\":[{\"@type\":\"WebPage\",\"@id\":\"https:\\\/\\\/elusivedata.io\\\/product\\\/mission-darkness-non-window-faraday-bag-for-laptops\\\/\",\"url\":\"https:\\\/\\\/elusivedata.io\\\/product\\\/mission-darkness-non-window-faraday-bag-for-laptops\\\/\",\"name\":\"Mission Darkness\u2122 Non-Window Faraday Bag for Laptops - Elusive Data\",\"isPartOf\":{\"@id\":\"https:\\\/\\\/elusivedata.io\\\/#website\"},\"primaryImageOfPage\":{\"@id\":\"https:\\\/\\\/elusivedata.io\\\/product\\\/mission-darkness-non-window-faraday-bag-for-laptops\\\/#primaryimage\"},\"image\":{\"@id\":\"https:\\\/\\\/elusivedata.io\\\/product\\\/mission-darkness-non-window-faraday-bag-for-laptops\\\/#primaryimage\"},\"thumbnailUrl\":\"https:\\\/\\\/elusivedata.io\\\/wp-content\\\/uploads\\\/2025\\\/06\\\/DSC02000-2_480x480.webp\",\"datePublished\":\"2025-06-17T08:15:50+00:00\",\"dateModified\":\"2025-06-24T06:31:18+00:00\",\"breadcrumb\":{\"@id\":\"https:\\\/\\\/elusivedata.io\\\/product\\\/mission-darkness-non-window-faraday-bag-for-laptops\\\/#breadcrumb\"},\"inLanguage\":\"nb-NO\",\"potentialAction\":[{\"@type\":\"ReadAction\",\"target\":[\"https:\\\/\\\/elusivedata.io\\\/product\\\/mission-darkness-non-window-faraday-bag-for-laptops\\\/\"]}]},{\"@type\":\"ImageObject\",\"inLanguage\":\"nb-NO\",\"@id\":\"https:\\\/\\\/elusivedata.io\\\/product\\\/mission-darkness-non-window-faraday-bag-for-laptops\\\/#primaryimage\",\"url\":\"https:\\\/\\\/elusivedata.io\\\/wp-content\\\/uploads\\\/2025\\\/06\\\/DSC02000-2_480x480.webp\",\"contentUrl\":\"https:\\\/\\\/elusivedata.io\\\/wp-content\\\/uploads\\\/2025\\\/06\\\/DSC02000-2_480x480.webp\",\"width\":480,\"height\":480,\"caption\":\"Mission Darkness Faraday bag in use \u2014 mobile device evidence collection and shielding\"},{\"@type\":\"BreadcrumbList\",\"@id\":\"https:\\\/\\\/elusivedata.io\\\/product\\\/mission-darkness-non-window-faraday-bag-for-laptops\\\/#breadcrumb\",\"itemListElement\":[{\"@type\":\"ListItem\",\"position\":1,\"name\":\"Home\",\"item\":\"https:\\\/\\\/elusivedata.io\\\/\"},{\"@type\":\"ListItem\",\"position\":2,\"name\":\"Products\",\"item\":\"https:\\\/\\\/elusivedata.io\\\/shop\\\/\"},{\"@type\":\"ListItem\",\"position\":3,\"name\":\"Mission Darkness\u2122 Non-Window Faraday Bag for Laptops\"}]},{\"@type\":\"WebSite\",\"@id\":\"https:\\\/\\\/elusivedata.io\\\/#website\",\"url\":\"https:\\\/\\\/elusivedata.io\\\/\",\"name\":\"ElusiveData\",\"description\":\"Excellence in Digital Forensics Training and Consulting\",\"publisher\":{\"@id\":\"https:\\\/\\\/elusivedata.io\\\/#organization\"},\"potentialAction\":[{\"@type\":\"SearchAction\",\"target\":{\"@type\":\"EntryPoint\",\"urlTemplate\":\"https:\\\/\\\/elusivedata.io\\\/?s={search_term_string}\"},\"query-input\":{\"@type\":\"PropertyValueSpecification\",\"valueRequired\":true,\"valueName\":\"search_term_string\"}}],\"inLanguage\":\"nb-NO\"},{\"@type\":\"Organization\",\"@id\":\"https:\\\/\\\/elusivedata.io\\\/#organization\",\"name\":\"ElusiveData\",\"url\":\"https:\\\/\\\/elusivedata.io\\\/\",\"logo\":{\"@type\":\"ImageObject\",\"inLanguage\":\"nb-NO\",\"@id\":\"https:\\\/\\\/elusivedata.io\\\/#\\\/schema\\\/logo\\\/image\\\/\",\"url\":\"https:\\\/\\\/elusivedata.io\\\/wp-content\\\/uploads\\\/2024\\\/11\\\/Asset-3_2x-scaled.png\",\"contentUrl\":\"https:\\\/\\\/elusivedata.io\\\/wp-content\\\/uploads\\\/2024\\\/11\\\/Asset-3_2x-scaled.png\",\"width\":2560,\"height\":370,\"caption\":\"ElusiveData\"},\"image\":{\"@id\":\"https:\\\/\\\/elusivedata.io\\\/#\\\/schema\\\/logo\\\/image\\\/\"},\"sameAs\":[\"https:\\\/\\\/www.youtube.com\\\/@elusivedata\"]}]}<\/script>\n<!-- \/ Yoast SEO Premium plugin. -->","yoast_head_json":{"title":"Mission Darkness\u2122 Faraday-veske uten vindu for b\u00e6rbare datamaskiner - Elusive Data","robots":{"index":"index","follow":"follow","max-snippet":"max-snippet:-1","max-image-preview":"max-image-preview:large","max-video-preview":"max-video-preview:-1"},"canonical":"https:\/\/elusivedata.io\/nb\/product\/mission-darkness-non-window-faraday-bag-for-laptops\/","og_locale":"nb_NO","og_type":"article","og_title":"Mission Darkness\u2122 Non-Window Faraday Bag for Laptops","og_description":"The Mission Darkness\u2122 Non-window Faraday Bag for Laptops completely blocks all wireless signals and keeps large electronic devices shielded to prevent hacking, tracking, spying, and chain of custody corruption. When a laptop or other device is properly enclosed in the bag, no apps or malicious code can be remotely triggered or wiped, no communication can penetrate, and no one can access the microphone, camera, GPS location, or data. Primary uses are for law enforcement and military forensic evidence collection, defense against data theft, corporate and personal security, EMP protection, EMF radiation reduction, and to enhance digital privacy.","og_url":"https:\/\/elusivedata.io\/nb\/product\/mission-darkness-non-window-faraday-bag-for-laptops\/","og_site_name":"Elusive Data","article_modified_time":"2025-06-24T06:31:18+00:00","og_image":[{"width":480,"height":480,"url":"https:\/\/elusivedata.io\/wp-content\/uploads\/2025\/06\/DSC02000-2_480x480.webp","type":"image\/webp"}],"twitter_card":"summary_large_image","twitter_misc":{"Ansl. lesetid":"2 minutter"},"schema":{"@context":"https:\/\/schema.org","@graph":[{"@type":"WebPage","@id":"https:\/\/elusivedata.io\/product\/mission-darkness-non-window-faraday-bag-for-laptops\/","url":"https:\/\/elusivedata.io\/product\/mission-darkness-non-window-faraday-bag-for-laptops\/","name":"Mission Darkness\u2122 Faraday-veske uten vindu for b\u00e6rbare datamaskiner - Elusive Data","isPartOf":{"@id":"https:\/\/elusivedata.io\/#website"},"primaryImageOfPage":{"@id":"https:\/\/elusivedata.io\/product\/mission-darkness-non-window-faraday-bag-for-laptops\/#primaryimage"},"image":{"@id":"https:\/\/elusivedata.io\/product\/mission-darkness-non-window-faraday-bag-for-laptops\/#primaryimage"},"thumbnailUrl":"https:\/\/elusivedata.io\/wp-content\/uploads\/2025\/06\/DSC02000-2_480x480.webp","datePublished":"2025-06-17T08:15:50+00:00","dateModified":"2025-06-24T06:31:18+00:00","breadcrumb":{"@id":"https:\/\/elusivedata.io\/product\/mission-darkness-non-window-faraday-bag-for-laptops\/#breadcrumb"},"inLanguage":"nb-NO","potentialAction":[{"@type":"ReadAction","target":["https:\/\/elusivedata.io\/product\/mission-darkness-non-window-faraday-bag-for-laptops\/"]}]},{"@type":"ImageObject","inLanguage":"nb-NO","@id":"https:\/\/elusivedata.io\/product\/mission-darkness-non-window-faraday-bag-for-laptops\/#primaryimage","url":"https:\/\/elusivedata.io\/wp-content\/uploads\/2025\/06\/DSC02000-2_480x480.webp","contentUrl":"https:\/\/elusivedata.io\/wp-content\/uploads\/2025\/06\/DSC02000-2_480x480.webp","width":480,"height":480,"caption":"Mission Darkness Faraday bag in use \u2014 mobile device evidence collection and shielding"},{"@type":"BreadcrumbList","@id":"https:\/\/elusivedata.io\/product\/mission-darkness-non-window-faraday-bag-for-laptops\/#breadcrumb","itemListElement":[{"@type":"ListItem","position":1,"name":"Home","item":"https:\/\/elusivedata.io\/"},{"@type":"ListItem","position":2,"name":"Products","item":"https:\/\/elusivedata.io\/shop\/"},{"@type":"ListItem","position":3,"name":"Mission Darkness\u2122 Non-Window Faraday Bag for Laptops"}]},{"@type":"WebSite","@id":"https:\/\/elusivedata.io\/#website","url":"https:\/\/elusivedata.io\/","name":"ElusiveData","description":"Fremragende oppl\u00e6ring og r\u00e5dgivning innen digital etterforskning","publisher":{"@id":"https:\/\/elusivedata.io\/#organization"},"potentialAction":[{"@type":"SearchAction","target":{"@type":"EntryPoint","urlTemplate":"https:\/\/elusivedata.io\/?s={search_term_string}"},"query-input":{"@type":"PropertyValueSpecification","valueRequired":true,"valueName":"search_term_string"}}],"inLanguage":"nb-NO"},{"@type":"Organization","@id":"https:\/\/elusivedata.io\/#organization","name":"ElusiveData","url":"https:\/\/elusivedata.io\/","logo":{"@type":"ImageObject","inLanguage":"nb-NO","@id":"https:\/\/elusivedata.io\/#\/schema\/logo\/image\/","url":"https:\/\/elusivedata.io\/wp-content\/uploads\/2024\/11\/Asset-3_2x-scaled.png","contentUrl":"https:\/\/elusivedata.io\/wp-content\/uploads\/2024\/11\/Asset-3_2x-scaled.png","width":2560,"height":370,"caption":"ElusiveData"},"image":{"@id":"https:\/\/elusivedata.io\/#\/schema\/logo\/image\/"},"sameAs":["https:\/\/www.youtube.com\/@elusivedata"]}]}},"_links":{"self":[{"href":"https:\/\/elusivedata.io\/nb\/wp-json\/wp\/v2\/product\/8846","targetHints":{"allow":["GET"]}}],"collection":[{"href":"https:\/\/elusivedata.io\/nb\/wp-json\/wp\/v2\/product"}],"about":[{"href":"https:\/\/elusivedata.io\/nb\/wp-json\/wp\/v2\/types\/product"}],"version-history":[{"count":4,"href":"https:\/\/elusivedata.io\/nb\/wp-json\/wp\/v2\/product\/8846\/revisions"}],"predecessor-version":[{"id":10127,"href":"https:\/\/elusivedata.io\/nb\/wp-json\/wp\/v2\/product\/8846\/revisions\/10127"}],"wp:featuredmedia":[{"embeddable":true,"href":"https:\/\/elusivedata.io\/nb\/wp-json\/wp\/v2\/media\/8851"}],"wp:attachment":[{"href":"https:\/\/elusivedata.io\/nb\/wp-json\/wp\/v2\/media?parent=8846"}],"wp:term":[{"taxonomy":"product_brand","embeddable":true,"href":"https:\/\/elusivedata.io\/nb\/wp-json\/wp\/v2\/product_brand?post=8846"},{"taxonomy":"product_cat","embeddable":true,"href":"https:\/\/elusivedata.io\/nb\/wp-json\/wp\/v2\/product_cat?post=8846"},{"taxonomy":"product_tag","embeddable":true,"href":"https:\/\/elusivedata.io\/nb\/wp-json\/wp\/v2\/product_tag?post=8846"}],"curies":[{"name":"wp","href":"https:\/\/api.w.org\/{rel}","templated":true}]}}