{"id":8840,"date":"2025-06-17T08:15:51","date_gmt":"2025-06-17T08:15:51","guid":{"rendered":"https:\/\/elusivedata.io\/?post_type=product&#038;p=8840"},"modified":"2025-06-24T06:31:05","modified_gmt":"2025-06-24T06:31:05","slug":"mission-darkness-revelation-emp-shield-for-generators","status":"publish","type":"product","link":"https:\/\/elusivedata.io\/nb\/product\/mission-darkness-revelation-emp-shield-for-generators\/","title":{"rendered":"Mission Darkness\u2122 Revelation EMP-skjold for generatorer"},"content":{"rendered":"<div id=\"s-fd83c093-0245-4fa2-8a2f-9ddd1da85fd7\" class=\"shg-c shg-align-left\">\n<div class=\"shogun-heading-component\">\n<h2 >SKJERMER GENERATORER OG EKSTRA STOR ELEKTRONIKK - UMIDDELBAR OG EFFEKTIV EMP\/CME-BESKYTTELSE<\/h2>\n<\/div>\n<\/div>\n<div id=\"s-46beba88-1fc8-4584-a0fc-508195a6c5e6\" class=\"shg-c\">\n<div class=\"shg-rich-text shg-theme-text-content\">\n<p >Mission Darkness\u2122 Revelation EMP Shield er en ekstremt stor faradaypose som er spesielt utviklet for \u00e5 beskytte generatorer, storelektronikk og overlevelsesutstyr mot skadevirkningene av en elektromagnetisk puls (EMP) eller koronal masseutkastning (CME). Posen er laboratorietestet og sertifisert som \"kompatibel\" for\u00a0<a href=\"https:\/\/mosequipment.com\/pages\/compliance-testing\" target=\"_blank\" rel=\"noopener\">MIL-STD-188-125<\/a>, elektromagnetisk beskyttelse i stor h\u00f8yde for bakkebaserte C4I-anlegg. Resultatene sikrer at produktet overg\u00e5r de milit\u00e6re kravene til skjerming for \u00e5 h\u00e5ndtere naturlige eller menneskeskapte EMP-er. I tilfelle en EMP eller CME kan alt fra elektrisk infrastruktur p\u00e5 nasjonalt niv\u00e5 til personlig elektronikk bli \u00f8delagt, og derfor er det viktig \u00e5 skjerme overlevelseselektronikk. De gode skjermingsegenskapene til Revelation EMP Shield leder skadelige elektromagnetiske felt bort fra sv\u00e6rt f\u00f8lsomme elektriske komponenter, og beskytter dermed deres arbeidsstruktur.<\/p>\n<p >Den ekstremt store st\u00f8rrelsen og volumet p\u00e5 Revelation EMP Shield gj\u00f8r at den har plass til de fleste kompakte b\u00e6rbare elektriske (solcelle-) eller gassdrevne generatorer, inkludert Goal Zeros Yeti-serie, Patriot Power 1500 og Honda EU2000, samt medf\u00f8lgende tilbeh\u00f8r som str\u00f8mledninger og solcellepaneler. Bagen er konstruert med en avtakbar bunnplate i polypropylenplast som er festet i et glidel\u00e5srom i bunnen for \u00e5 gi god st\u00f8tte til store gjenstander. Polstrede h\u00e5ndtak med b\u00e6rende stropper g\u00e5r helt rundt sidene og bunnen for \u00e5 st\u00f8tte vekten av tunge gjenstander under transport. Forsiden av vesken har et dypt, uskjermet glidel\u00e5srom og en stor, gjennomsiktig lomme som gj\u00f8r at tilbeh\u00f8ret er lett tilgjengelig uten at det g\u00e5r ut over skjermingen av de elektroniske gjenstandene i hovedrommet.<\/p>\n<p >Vesken er laget av et slitesterkt og vannavst\u00f8tende yttermateriale i ballistisk nylon for \u00e5 sikre at enheter og faradaystoff holder seg t\u00f8rre og beskyttet. Interi\u00f8ret best\u00e5r av tre lag med h\u00f8yskjermende\u00a0<a href=\"https:\/\/mosequipment.com\/collections\/faraday-supplies\/products\/titanrf-faraday-fabric\">TitanRF\u2122 Faraday-stoff<\/a>\u00a0p\u00e5 alle sider med dobbel s\u00f8mkonstruksjon. N\u00e5r generatoren eller elektronikken er ordentlig lukket inne i posen, blir de isolert fra tr\u00e5dl\u00f8se signaler utenfra. Skadelige effekter fra en EMP eller lignende hendelser kan ikke trenge gjennom posen og \u00f8delegge de elektriske komponentene inni. Posen blokkerer WiFi (2,4 og 5 GHz), Bluetooth, mobilsignaler, inkludert 5G-nettverk, GPS, RFID, NFC og radiosignaler fra lave MHz til 40 GHz. Den fullstendige signalavstengningen gj\u00f8r det ogs\u00e5 mulig \u00e5 g\u00e5 off-grid og holde elektroniske enheter usporbare. Dette er den ultimate sikkerhetsvesken for \u00e5 beskytte stor overlevelseselektronikk mot naturkatastrofer eller menneskeskapte katastrofer, som EMP eller CME.<\/p>\n<\/div>\n<\/div>","protected":false},"excerpt":{"rendered":"<p>Mission Darkness\u2122 Revelation EMP Shield er en ekstremt stor faradaypose som er spesielt utviklet for \u00e5 beskytte generatorer, storelektronikk og overlevelsesutstyr mot skadevirkningene av en elektromagnetisk puls (EMP) eller koronal masseutkastning (CME). Posen er laboratorietestet og sertifisert som \"kompatibel\" for\u00a0<a href=\"https:\/\/mosequipment.com\/pages\/compliance-testing\" target=\"_blank\" rel=\"noopener\">MIL-STD-188-125<\/a>, elektromagnetisk beskyttelse i stor h\u00f8yde for bakkebaserte C4I-anlegg. Resultatene sikrer at produktet overg\u00e5r de milit\u00e6re kravene til skjerming for \u00e5 h\u00e5ndtere naturlige eller menneskeskapte EMP-er. I tilfelle en EMP eller CME kan alt fra elektrisk infrastruktur p\u00e5 nasjonalt niv\u00e5 til personlig elektronikk bli \u00f8delagt, og derfor er det viktig \u00e5 skjerme overlevelseselektronikk. De gode skjermingsegenskapene til Revelation EMP Shield leder skadelige elektromagnetiske felt bort fra sv\u00e6rt f\u00f8lsomme elektriske komponenter, og beskytter dermed deres arbeidsstruktur.<\/p>","protected":false},"featured_media":8844,"template":"","meta":{"content-type":""},"product_brand":[],"product_cat":[108],"product_tag":[],"class_list":{"0":"post-8840","1":"product","2":"type-product","3":"status-publish","4":"has-post-thumbnail","6":"product_cat-future-physical-products","8":"first","9":"instock","10":"taxable","11":"shipping-taxable","12":"purchasable","13":"product-type-simple"},"acf":[],"yoast_head":"<!-- This site is optimized with the Yoast SEO Premium plugin v27.3 (Yoast SEO v27.3) - https:\/\/yoast.com\/product\/yoast-seo-premium-wordpress\/ -->\n<title>Mission Darkness\u2122 Revelation EMP Shield for Generators - Elusive Data<\/title>\n<meta name=\"robots\" content=\"index, follow, max-snippet:-1, max-image-preview:large, max-video-preview:-1\" \/>\n<link rel=\"canonical\" href=\"https:\/\/elusivedata.io\/nb\/product\/mission-darkness-revelation-emp-shield-for-generators\/\" \/>\n<meta property=\"og:locale\" content=\"nb_NO\" \/>\n<meta property=\"og:type\" content=\"article\" \/>\n<meta property=\"og:title\" content=\"Mission Darkness\u2122 Revelation EMP Shield for Generators\" \/>\n<meta property=\"og:description\" content=\"The Mission Darkness\u2122 Revelation EMP Shield is an extremely large faraday bag designed specifically to protect generators, large electronics, and survival gear from the damaging effects of an electromagnetic pulse (EMP) or coronal mass ejection (CME). The bag has been lab tested and certified &quot;compliant&quot; for\u00a0MIL-STD-188-125, High-Altitude Electromagnetic Protection for Ground Based C4I Facilities. The results ensure that the product surpasses military shielding requirements to handle natural or man-made EMPs. In the case of an EMP or CME, everything from electrical infrastructure on a national level to personal electronics could be destroyed, which is why it\u2019s imperative to shield survival electronics. The high-shielding properties of the Revelation EMP Shield direct damaging electromagnetic fields away from highly sensitive electrical components, thus protecting their working structure.\" \/>\n<meta property=\"og:url\" content=\"https:\/\/elusivedata.io\/nb\/product\/mission-darkness-revelation-emp-shield-for-generators\/\" \/>\n<meta property=\"og:site_name\" content=\"Elusive Data\" \/>\n<meta property=\"article:modified_time\" content=\"2025-06-24T06:31:05+00:00\" \/>\n<meta property=\"og:image\" content=\"https:\/\/elusivedata.io\/wp-content\/uploads\/2025\/06\/DSC00047_480x480.webp\" \/>\n\t<meta property=\"og:image:width\" content=\"480\" \/>\n\t<meta property=\"og:image:height\" content=\"480\" \/>\n\t<meta property=\"og:image:type\" content=\"image\/webp\" \/>\n<meta name=\"twitter:card\" content=\"summary_large_image\" \/>\n<meta name=\"twitter:label1\" content=\"Ansl. lesetid\" \/>\n\t<meta name=\"twitter:data1\" content=\"2 minutter\" \/>\n<script type=\"application\/ld+json\" class=\"yoast-schema-graph\">{\"@context\":\"https:\\\/\\\/schema.org\",\"@graph\":[{\"@type\":\"WebPage\",\"@id\":\"https:\\\/\\\/elusivedata.io\\\/product\\\/mission-darkness-revelation-emp-shield-for-generators\\\/\",\"url\":\"https:\\\/\\\/elusivedata.io\\\/product\\\/mission-darkness-revelation-emp-shield-for-generators\\\/\",\"name\":\"Mission Darkness\u2122 Revelation EMP Shield for Generators - Elusive Data\",\"isPartOf\":{\"@id\":\"https:\\\/\\\/elusivedata.io\\\/#website\"},\"primaryImageOfPage\":{\"@id\":\"https:\\\/\\\/elusivedata.io\\\/product\\\/mission-darkness-revelation-emp-shield-for-generators\\\/#primaryimage\"},\"image\":{\"@id\":\"https:\\\/\\\/elusivedata.io\\\/product\\\/mission-darkness-revelation-emp-shield-for-generators\\\/#primaryimage\"},\"thumbnailUrl\":\"https:\\\/\\\/elusivedata.io\\\/wp-content\\\/uploads\\\/2025\\\/06\\\/DSC00047_480x480.webp\",\"datePublished\":\"2025-06-17T08:15:51+00:00\",\"dateModified\":\"2025-06-24T06:31:05+00:00\",\"breadcrumb\":{\"@id\":\"https:\\\/\\\/elusivedata.io\\\/product\\\/mission-darkness-revelation-emp-shield-for-generators\\\/#breadcrumb\"},\"inLanguage\":\"nb-NO\",\"potentialAction\":[{\"@type\":\"ReadAction\",\"target\":[\"https:\\\/\\\/elusivedata.io\\\/product\\\/mission-darkness-revelation-emp-shield-for-generators\\\/\"]}]},{\"@type\":\"ImageObject\",\"inLanguage\":\"nb-NO\",\"@id\":\"https:\\\/\\\/elusivedata.io\\\/product\\\/mission-darkness-revelation-emp-shield-for-generators\\\/#primaryimage\",\"url\":\"https:\\\/\\\/elusivedata.io\\\/wp-content\\\/uploads\\\/2025\\\/06\\\/DSC00047_480x480.webp\",\"contentUrl\":\"https:\\\/\\\/elusivedata.io\\\/wp-content\\\/uploads\\\/2025\\\/06\\\/DSC00047_480x480.webp\",\"width\":480,\"height\":480,\"caption\":\"Mission Darkness Faraday bag detail \u2014 RF shielding for mobile device evidence collection\"},{\"@type\":\"BreadcrumbList\",\"@id\":\"https:\\\/\\\/elusivedata.io\\\/product\\\/mission-darkness-revelation-emp-shield-for-generators\\\/#breadcrumb\",\"itemListElement\":[{\"@type\":\"ListItem\",\"position\":1,\"name\":\"Home\",\"item\":\"https:\\\/\\\/elusivedata.io\\\/\"},{\"@type\":\"ListItem\",\"position\":2,\"name\":\"Products\",\"item\":\"https:\\\/\\\/elusivedata.io\\\/shop\\\/\"},{\"@type\":\"ListItem\",\"position\":3,\"name\":\"Mission Darkness\u2122 Revelation EMP Shield for Generators\"}]},{\"@type\":\"WebSite\",\"@id\":\"https:\\\/\\\/elusivedata.io\\\/#website\",\"url\":\"https:\\\/\\\/elusivedata.io\\\/\",\"name\":\"ElusiveData\",\"description\":\"Excellence in Digital Forensics Training and Consulting\",\"publisher\":{\"@id\":\"https:\\\/\\\/elusivedata.io\\\/#organization\"},\"potentialAction\":[{\"@type\":\"SearchAction\",\"target\":{\"@type\":\"EntryPoint\",\"urlTemplate\":\"https:\\\/\\\/elusivedata.io\\\/?s={search_term_string}\"},\"query-input\":{\"@type\":\"PropertyValueSpecification\",\"valueRequired\":true,\"valueName\":\"search_term_string\"}}],\"inLanguage\":\"nb-NO\"},{\"@type\":\"Organization\",\"@id\":\"https:\\\/\\\/elusivedata.io\\\/#organization\",\"name\":\"ElusiveData\",\"url\":\"https:\\\/\\\/elusivedata.io\\\/\",\"logo\":{\"@type\":\"ImageObject\",\"inLanguage\":\"nb-NO\",\"@id\":\"https:\\\/\\\/elusivedata.io\\\/#\\\/schema\\\/logo\\\/image\\\/\",\"url\":\"https:\\\/\\\/elusivedata.io\\\/wp-content\\\/uploads\\\/2024\\\/11\\\/Asset-3_2x-scaled.png\",\"contentUrl\":\"https:\\\/\\\/elusivedata.io\\\/wp-content\\\/uploads\\\/2024\\\/11\\\/Asset-3_2x-scaled.png\",\"width\":2560,\"height\":370,\"caption\":\"ElusiveData\"},\"image\":{\"@id\":\"https:\\\/\\\/elusivedata.io\\\/#\\\/schema\\\/logo\\\/image\\\/\"},\"sameAs\":[\"https:\\\/\\\/www.youtube.com\\\/@elusivedata\"]}]}<\/script>\n<!-- \/ Yoast SEO Premium plugin. -->","yoast_head_json":{"title":"Mission Darkness\u2122 Revelation EMP-skjold for generatorer - Elusive Data","robots":{"index":"index","follow":"follow","max-snippet":"max-snippet:-1","max-image-preview":"max-image-preview:large","max-video-preview":"max-video-preview:-1"},"canonical":"https:\/\/elusivedata.io\/nb\/product\/mission-darkness-revelation-emp-shield-for-generators\/","og_locale":"nb_NO","og_type":"article","og_title":"Mission Darkness\u2122 Revelation EMP Shield for Generators","og_description":"The Mission Darkness\u2122 Revelation EMP Shield is an extremely large faraday bag designed specifically to protect generators, large electronics, and survival gear from the damaging effects of an electromagnetic pulse (EMP) or coronal mass ejection (CME). The bag has been lab tested and certified \"compliant\" for\u00a0MIL-STD-188-125, High-Altitude Electromagnetic Protection for Ground Based C4I Facilities. The results ensure that the product surpasses military shielding requirements to handle natural or man-made EMPs. In the case of an EMP or CME, everything from electrical infrastructure on a national level to personal electronics could be destroyed, which is why it\u2019s imperative to shield survival electronics. The high-shielding properties of the Revelation EMP Shield direct damaging electromagnetic fields away from highly sensitive electrical components, thus protecting their working structure.","og_url":"https:\/\/elusivedata.io\/nb\/product\/mission-darkness-revelation-emp-shield-for-generators\/","og_site_name":"Elusive Data","article_modified_time":"2025-06-24T06:31:05+00:00","og_image":[{"width":480,"height":480,"url":"https:\/\/elusivedata.io\/wp-content\/uploads\/2025\/06\/DSC00047_480x480.webp","type":"image\/webp"}],"twitter_card":"summary_large_image","twitter_misc":{"Ansl. lesetid":"2 minutter"},"schema":{"@context":"https:\/\/schema.org","@graph":[{"@type":"WebPage","@id":"https:\/\/elusivedata.io\/product\/mission-darkness-revelation-emp-shield-for-generators\/","url":"https:\/\/elusivedata.io\/product\/mission-darkness-revelation-emp-shield-for-generators\/","name":"Mission Darkness\u2122 Revelation EMP-skjold for generatorer - Elusive Data","isPartOf":{"@id":"https:\/\/elusivedata.io\/#website"},"primaryImageOfPage":{"@id":"https:\/\/elusivedata.io\/product\/mission-darkness-revelation-emp-shield-for-generators\/#primaryimage"},"image":{"@id":"https:\/\/elusivedata.io\/product\/mission-darkness-revelation-emp-shield-for-generators\/#primaryimage"},"thumbnailUrl":"https:\/\/elusivedata.io\/wp-content\/uploads\/2025\/06\/DSC00047_480x480.webp","datePublished":"2025-06-17T08:15:51+00:00","dateModified":"2025-06-24T06:31:05+00:00","breadcrumb":{"@id":"https:\/\/elusivedata.io\/product\/mission-darkness-revelation-emp-shield-for-generators\/#breadcrumb"},"inLanguage":"nb-NO","potentialAction":[{"@type":"ReadAction","target":["https:\/\/elusivedata.io\/product\/mission-darkness-revelation-emp-shield-for-generators\/"]}]},{"@type":"ImageObject","inLanguage":"nb-NO","@id":"https:\/\/elusivedata.io\/product\/mission-darkness-revelation-emp-shield-for-generators\/#primaryimage","url":"https:\/\/elusivedata.io\/wp-content\/uploads\/2025\/06\/DSC00047_480x480.webp","contentUrl":"https:\/\/elusivedata.io\/wp-content\/uploads\/2025\/06\/DSC00047_480x480.webp","width":480,"height":480,"caption":"Mission Darkness Faraday bag detail \u2014 RF shielding for mobile device evidence collection"},{"@type":"BreadcrumbList","@id":"https:\/\/elusivedata.io\/product\/mission-darkness-revelation-emp-shield-for-generators\/#breadcrumb","itemListElement":[{"@type":"ListItem","position":1,"name":"Home","item":"https:\/\/elusivedata.io\/"},{"@type":"ListItem","position":2,"name":"Products","item":"https:\/\/elusivedata.io\/shop\/"},{"@type":"ListItem","position":3,"name":"Mission Darkness\u2122 Revelation EMP Shield for Generators"}]},{"@type":"WebSite","@id":"https:\/\/elusivedata.io\/#website","url":"https:\/\/elusivedata.io\/","name":"ElusiveData","description":"Fremragende oppl\u00e6ring og r\u00e5dgivning innen digital etterforskning","publisher":{"@id":"https:\/\/elusivedata.io\/#organization"},"potentialAction":[{"@type":"SearchAction","target":{"@type":"EntryPoint","urlTemplate":"https:\/\/elusivedata.io\/?s={search_term_string}"},"query-input":{"@type":"PropertyValueSpecification","valueRequired":true,"valueName":"search_term_string"}}],"inLanguage":"nb-NO"},{"@type":"Organization","@id":"https:\/\/elusivedata.io\/#organization","name":"ElusiveData","url":"https:\/\/elusivedata.io\/","logo":{"@type":"ImageObject","inLanguage":"nb-NO","@id":"https:\/\/elusivedata.io\/#\/schema\/logo\/image\/","url":"https:\/\/elusivedata.io\/wp-content\/uploads\/2024\/11\/Asset-3_2x-scaled.png","contentUrl":"https:\/\/elusivedata.io\/wp-content\/uploads\/2024\/11\/Asset-3_2x-scaled.png","width":2560,"height":370,"caption":"ElusiveData"},"image":{"@id":"https:\/\/elusivedata.io\/#\/schema\/logo\/image\/"},"sameAs":["https:\/\/www.youtube.com\/@elusivedata"]}]}},"_links":{"self":[{"href":"https:\/\/elusivedata.io\/nb\/wp-json\/wp\/v2\/product\/8840","targetHints":{"allow":["GET"]}}],"collection":[{"href":"https:\/\/elusivedata.io\/nb\/wp-json\/wp\/v2\/product"}],"about":[{"href":"https:\/\/elusivedata.io\/nb\/wp-json\/wp\/v2\/types\/product"}],"version-history":[{"count":2,"href":"https:\/\/elusivedata.io\/nb\/wp-json\/wp\/v2\/product\/8840\/revisions"}],"predecessor-version":[{"id":10126,"href":"https:\/\/elusivedata.io\/nb\/wp-json\/wp\/v2\/product\/8840\/revisions\/10126"}],"wp:featuredmedia":[{"embeddable":true,"href":"https:\/\/elusivedata.io\/nb\/wp-json\/wp\/v2\/media\/8844"}],"wp:attachment":[{"href":"https:\/\/elusivedata.io\/nb\/wp-json\/wp\/v2\/media?parent=8840"}],"wp:term":[{"taxonomy":"product_brand","embeddable":true,"href":"https:\/\/elusivedata.io\/nb\/wp-json\/wp\/v2\/product_brand?post=8840"},{"taxonomy":"product_cat","embeddable":true,"href":"https:\/\/elusivedata.io\/nb\/wp-json\/wp\/v2\/product_cat?post=8840"},{"taxonomy":"product_tag","embeddable":true,"href":"https:\/\/elusivedata.io\/nb\/wp-json\/wp\/v2\/product_tag?post=8840"}],"curies":[{"name":"wp","href":"https:\/\/api.w.org\/{rel}","templated":true}]}}