{"id":8810,"date":"2025-06-17T08:15:53","date_gmt":"2025-06-17T08:15:53","guid":{"rendered":"https:\/\/elusivedata.io\/?post_type=product&#038;p=8810"},"modified":"2025-06-24T06:30:50","modified_gmt":"2025-06-24T06:30:50","slug":"mission-darkness-blockbox-lab-xl","status":"publish","type":"product","link":"https:\/\/elusivedata.io\/nb\/product\/mission-darkness-blockbox-lab-xl\/","title":{"rendered":"Mission Darkness\u2122 BlockBox Lab XL"},"content":{"rendered":"<div data-elementor-type=\"product-post\" data-elementor-id=\"8810\" class=\"elementor elementor-8810\" data-elementor-post-type=\"product\">\n\t\t\t\t<div class=\"elementor-element elementor-element-347fe6d2 e-flex e-con-boxed e-con e-parent\" data-id=\"347fe6d2\" data-element_type=\"container\" data-e-type=\"container\">\n\t\t\t\t\t<div class=\"e-con-inner\">\n\t\t\t\t<div class=\"elementor-element elementor-element-322b7be9 elementor-widget elementor-widget-text-editor\" data-id=\"322b7be9\" data-element_type=\"widget\" data-e-type=\"widget\" data-widget_type=\"text-editor.default\">\n\t\t\t\t<div class=\"elementor-widget-container\">\n\t\t\t\t\t\t\t\t\t<div id=\"s-05dc07eb-99c9-4894-bd54-ad282338cdfc\" class=\"shg-c shg-align-left\"><div class=\"shogun-heading-component\"><p>Mission Darkness\u2122 BlockBox Lab XL tilbyr den ultimate radiofrekvensskjermingen (RF) og praktisk tilgjengelighet for kriminaltekniske unders\u00f8kelser av elektroniske enheter. Det kraftige kabinettet for kriminalteknisk analyse er designet spesielt for \u00e5 unders\u00f8ke enheter som mobiltelefoner, nettbrett, b\u00e6rbare datamaskiner og elektronikk av lignende st\u00f8rrelse, samtidig som det er skjermet mot RF-signaler. De ekstra store innvendige dimensjonene gj\u00f8r det enkelt for operat\u00f8rene \u00e5 analysere enheter, samt \u00e5 flytte enheter inn og ut av faradayposer inne i det skjermede kammeret. Alternative bruksomr\u00e5der er knyttet til testing av mobile enheter, siden produktet kan brukes til \u00e5 skape et isolert og kontrollert milj\u00f8.<\/p><p>Det er konstruert med en slitesterk aluminiumsramme med RF-absorberende skum p\u00e5 innsiden av veggene, ledende hansker for begge hender for \u00e5 betjene og avh\u00f8re enheter inni (inkludert ber\u00f8ringsskjermer), patentert Gen 2 RF-FilterVu gjennomsiktig visningsvindu, to LED-matriser, str\u00f8mskinne med fire universelle str\u00f8mporter og fire USB-porter, og et tosidig skjermet filter med RJ45 Ethernet og to USB-porter for uthenting av data i h\u00f8ye hastigheter. RJ45-porten gj\u00f8r det mulig \u00e5 koble enheter inne i faradaykammeret til et lokalt nettverk internt, samt koble til en ladekilde, datamaskin eller datauttrekkingsverkt\u00f8y eksternt. Kombinasjonen av disse funksjonene gj\u00f8r det mulig for kriminalteknikere \u00e5 analysere data p\u00e5 enhetene grundig, samtidig som de hindrer signaler i \u00e5 n\u00e5 eller forlate enheten. Muligheten til \u00e5 holde enhetene ladet p\u00e5 ubestemt tid forhindrer l\u00e5semodus og reduserer tiden det tar \u00e5 knekke en passordkode, noe som muliggj\u00f8r maksimal datautvinning og oppl\u00e5sing med verkt\u00f8y som GrayKey, Cellebrite, XRY, BlackBag, Oxygen osv.<\/p><p>BlockBox Lab XL isolerer enhetene p\u00e5 innsiden fullstendig og blokkerer WiFi (2,4 og 5 GHz), Bluetooth, mobilsignaler, inkludert 5G-nettverk, GPS, RFID og radiosignaler. Den er laboratorietestet og sertifisert i henhold til standarder for skjermingseffektivitet\u00a0<a href=\"https:\/\/mosequipment.com\/pages\/ieee-299-2006-testing\" target=\"_blank\" rel=\"noopener\">IEEE 299-2006<\/a>. Selv om BlockBox Lab XL er konstruert for laboratoriebruk, gj\u00f8r den lette vekten og de kraftige sideh\u00e5ndtakene det mulig \u00e5 transportere den til ulike steder. Det omfattende tilbeh\u00f8rssettet inneholder en rekke kabler av h\u00f8y kvalitet, en telefonholder og hylle i krystallklar akryl, et sett med erstatningshansker og skumgummipakninger (siden disse elementene kan slites ut over tid p\u00e5 grunn av hyppig\/feil bruk eller oppbevaring), som enkelt kan installeres p\u00e5 stedet uten at hele enheten m\u00e5 sendes ut for reparasjon. Settet leveres ogs\u00e5 med en rekke Mission Darkness NeoLok Faraday-vesker med patentert magnetisk lukking, noe som gj\u00f8r det trygt \u00e5 bruke ledende hansker i kriminaltekniske unders\u00f8kelser.<\/p><p>BlockBox Lab XL kan kj\u00f8pes med en rekke oppgraderte funksjoner (les mer nedenfor og velg det foretrukne alternativet fra rullegardinmenyen). En ekstra RJ45 Ethernet-port eller andre filtre kan installeres p\u00e5 foresp\u00f8rsel. Det kan utstyres med en ventilator og vifte for \u00e5 redusere varmen som genereres av h\u00f8yprosesserende utstyr som brukes inne i skapet, og for \u00e5 forhindre at enheten hovner opp. I tillegg kan det monteres et kamerafeste internt eller eksternt, slik at et kamera kan fotografere eller filme bevismateriale og enhetsskjermer. Les mer om\u00a0<a href=\"https:\/\/mosequipment.com\/blogs\/blog\/faraday-box-with-mounted-camera\" target=\"_blank\" rel=\"noopener\">blogginnlegg<\/a>\u00a0om fordelene med en faradayboks med et montert kamera for \u00e5 l\u00e6re mer.<\/p><\/div><p><iframe title=\"BBL XL BlockBox Lab Sammenligning av standardversjon og nettbrettversjon\" width=\"800\" height=\"450\" src=\"https:\/\/www.youtube.com\/embed\/UC-KWEgSOu8?feature=oembed&enablejsapi=1&origin=https:\/\/elusivedata.io\" frameborder=\"0\" allow=\"accelerometer; autoplay; clipboard-write; encrypted-media; gyroscope; picture-in-picture; web-share\" referrerpolicy=\"strict-origin-when-cross-origin\" allowfullscreen><\/iframe><\/p><\/div>\t\t\t\t\t\t\t\t<\/div>\n\t\t\t\t<\/div>\n\t\t\t\t\t<\/div>\n\t\t\t\t<\/div>\n\t\t<div class=\"elementor-element elementor-element-b25f885 e-flex e-con-boxed e-con e-parent\" data-id=\"b25f885\" data-element_type=\"container\" data-e-type=\"container\">\n\t\t\t\t\t<div class=\"e-con-inner\">\n\t\t<div class=\"elementor-element elementor-element-5822c12 e-con-full e-flex e-con e-child\" data-id=\"5822c12\" data-element_type=\"container\" data-e-type=\"container\">\n\t\t\t\t<div class=\"elementor-element elementor-element-a64f718 elementor-widget elementor-widget-image\" data-id=\"a64f718\" data-element_type=\"widget\" data-e-type=\"widget\" data-widget_type=\"image.default\">\n\t\t\t\t<div class=\"elementor-widget-container\">\n\t\t\t\t\t\t\t\t\t\t\t\t\t\t\t<img fetchpriority=\"high\" decoding=\"async\" width=\"800\" height=\"552\" src=\"https:\/\/elusivedata.io\/wp-content\/uploads\/2025\/06\/download-5-1024x707.webp\" class=\"attachment-large size-large wp-image-8811\" alt=\"Mission Darkness Faraday bag \u2014 professional signal-blocking evidence collection pouch\" srcset=\"https:\/\/elusivedata.io\/wp-content\/uploads\/2025\/06\/download-5-1024x707.webp 1024w, https:\/\/elusivedata.io\/wp-content\/uploads\/2025\/06\/download-5-300x207.webp 300w, https:\/\/elusivedata.io\/wp-content\/uploads\/2025\/06\/download-5-768x531.webp 768w, https:\/\/elusivedata.io\/wp-content\/uploads\/2025\/06\/download-5-18x12.webp 18w, https:\/\/elusivedata.io\/wp-content\/uploads\/2025\/06\/download-5-600x414.webp 600w, https:\/\/elusivedata.io\/wp-content\/uploads\/2025\/06\/download-5.webp 1423w\" sizes=\"(max-width: 800px) 100vw, 800px\" \/>\t\t\t\t\t\t\t\t\t\t\t\t\t\t\t<\/div>\n\t\t\t\t<\/div>\n\t\t\t\t<\/div>\n\t\t<div class=\"elementor-element elementor-element-d454967 e-con-full e-flex e-con e-child\" data-id=\"d454967\" data-element_type=\"container\" data-e-type=\"container\">\n\t\t\t\t<div class=\"elementor-element elementor-element-96afd19 elementor-widget elementor-widget-image\" data-id=\"96afd19\" data-element_type=\"widget\" data-e-type=\"widget\" data-widget_type=\"image.default\">\n\t\t\t\t<div class=\"elementor-widget-container\">\n\t\t\t\t\t\t\t\t\t\t\t\t\t\t\t<img decoding=\"async\" width=\"800\" height=\"552\" src=\"https:\/\/elusivedata.io\/wp-content\/uploads\/2025\/06\/download-4-1024x707.webp\" class=\"attachment-large size-large wp-image-8812\" alt=\"Mission Darkness Faraday shielding equipment \u2014 RF-blocking for mobile device forensics\" srcset=\"https:\/\/elusivedata.io\/wp-content\/uploads\/2025\/06\/download-4-1024x707.webp 1024w, https:\/\/elusivedata.io\/wp-content\/uploads\/2025\/06\/download-4-300x207.webp 300w, https:\/\/elusivedata.io\/wp-content\/uploads\/2025\/06\/download-4-768x530.webp 768w, https:\/\/elusivedata.io\/wp-content\/uploads\/2025\/06\/download-4-18x12.webp 18w, https:\/\/elusivedata.io\/wp-content\/uploads\/2025\/06\/download-4-600x414.webp 600w, https:\/\/elusivedata.io\/wp-content\/uploads\/2025\/06\/download-4.webp 1500w\" sizes=\"(max-width: 800px) 100vw, 800px\" \/>\t\t\t\t\t\t\t\t\t\t\t\t\t\t\t<\/div>\n\t\t\t\t<\/div>\n\t\t\t\t<\/div>\n\t\t\t\t\t<\/div>\n\t\t\t\t<\/div>\n\t\t\t\t<\/div>","protected":false},"excerpt":{"rendered":"<p class=\"ai-optimize-19\">Mission Darkness\u2122 BlockBox Lab XL tilbyr den ultimate radiofrekvensskjermingen (RF) og praktisk tilgjengelighet for kriminaltekniske unders\u00f8kelser av elektroniske enheter. Det kraftige kabinettet for kriminalteknisk analyse er designet spesielt for \u00e5 unders\u00f8ke enheter som mobiltelefoner, nettbrett, b\u00e6rbare datamaskiner og elektronikk av lignende st\u00f8rrelse, samtidig som det er skjermet mot RF-signaler. De ekstra store innvendige dimensjonene gj\u00f8r det enkelt for operat\u00f8rene \u00e5 analysere enheter, samt \u00e5 flytte enheter inn og ut av faradayposer inne i det skjermede kammeret. Alternative bruksomr\u00e5der er knyttet til testing av mobile enheter, siden produktet kan brukes til \u00e5 skape et isolert og kontrollert milj\u00f8.<\/p>","protected":false},"featured_media":8818,"template":"","meta":{"content-type":""},"product_brand":[],"product_cat":[108],"product_tag":[],"class_list":{"0":"post-8810","1":"product","2":"type-product","3":"status-publish","4":"has-post-thumbnail","6":"product_cat-future-physical-products","8":"first","9":"instock","10":"taxable","11":"shipping-taxable","12":"purchasable","13":"product-type-simple"},"acf":[],"yoast_head":"<!-- This site is optimized with the Yoast SEO Premium plugin v27.3 (Yoast SEO v27.3) - https:\/\/yoast.com\/product\/yoast-seo-premium-wordpress\/ -->\n<title>Mission Darkness\u2122 BlockBox Lab XL - Elusive Data<\/title>\n<meta name=\"robots\" content=\"index, follow, max-snippet:-1, max-image-preview:large, max-video-preview:-1\" \/>\n<link rel=\"canonical\" href=\"https:\/\/elusivedata.io\/nb\/product\/mission-darkness-blockbox-lab-xl\/\" \/>\n<meta property=\"og:locale\" content=\"nb_NO\" \/>\n<meta property=\"og:type\" content=\"article\" \/>\n<meta property=\"og:title\" content=\"Mission Darkness\u2122 BlockBox Lab XL\" \/>\n<meta property=\"og:description\" content=\"The Mission Darkness\u2122 BlockBox Lab XL offers the ultimate radio frequency (RF) shielding and hands-on accessibility for electronic device forensics investigations. The heavy-duty forensic analysis enclosure is designed specifically for investigating devices such as cell phones, tablets, laptops, and similar size electronics while remaining shielded from RF signals. The extra large interior dimensions make it easy for operators to comfortably analyze devices, as well as transfer devices in and out of faraday bags inside of the shielded chamber. Alternative uses relate to mobile device testing, since the product can be used to create an isolated and controlled environment.\" \/>\n<meta property=\"og:url\" content=\"https:\/\/elusivedata.io\/nb\/product\/mission-darkness-blockbox-lab-xl\/\" \/>\n<meta property=\"og:site_name\" content=\"Elusive Data\" \/>\n<meta property=\"article:modified_time\" content=\"2025-06-24T06:30:50+00:00\" \/>\n<meta property=\"og:image\" content=\"https:\/\/elusivedata.io\/wp-content\/uploads\/2025\/06\/DSC00549_480x480.webp\" \/>\n\t<meta property=\"og:image:width\" content=\"480\" \/>\n\t<meta property=\"og:image:height\" content=\"480\" \/>\n\t<meta property=\"og:image:type\" content=\"image\/webp\" \/>\n<meta name=\"twitter:card\" content=\"summary_large_image\" \/>\n<meta name=\"twitter:label1\" content=\"Ansl. lesetid\" \/>\n\t<meta name=\"twitter:data1\" content=\"3 minutter\" \/>\n<script type=\"application\/ld+json\" class=\"yoast-schema-graph\">{\"@context\":\"https:\\\/\\\/schema.org\",\"@graph\":[{\"@type\":\"WebPage\",\"@id\":\"https:\\\/\\\/elusivedata.io\\\/product\\\/mission-darkness-blockbox-lab-xl\\\/\",\"url\":\"https:\\\/\\\/elusivedata.io\\\/product\\\/mission-darkness-blockbox-lab-xl\\\/\",\"name\":\"Mission Darkness\u2122 BlockBox Lab XL - Elusive Data\",\"isPartOf\":{\"@id\":\"https:\\\/\\\/elusivedata.io\\\/#website\"},\"primaryImageOfPage\":{\"@id\":\"https:\\\/\\\/elusivedata.io\\\/product\\\/mission-darkness-blockbox-lab-xl\\\/#primaryimage\"},\"image\":{\"@id\":\"https:\\\/\\\/elusivedata.io\\\/product\\\/mission-darkness-blockbox-lab-xl\\\/#primaryimage\"},\"thumbnailUrl\":\"https:\\\/\\\/elusivedata.io\\\/wp-content\\\/uploads\\\/2025\\\/06\\\/DSC00549_480x480.webp\",\"datePublished\":\"2025-06-17T08:15:53+00:00\",\"dateModified\":\"2025-06-24T06:30:50+00:00\",\"breadcrumb\":{\"@id\":\"https:\\\/\\\/elusivedata.io\\\/product\\\/mission-darkness-blockbox-lab-xl\\\/#breadcrumb\"},\"inLanguage\":\"nb-NO\",\"potentialAction\":[{\"@type\":\"ReadAction\",\"target\":[\"https:\\\/\\\/elusivedata.io\\\/product\\\/mission-darkness-blockbox-lab-xl\\\/\"]}]},{\"@type\":\"ImageObject\",\"inLanguage\":\"nb-NO\",\"@id\":\"https:\\\/\\\/elusivedata.io\\\/product\\\/mission-darkness-blockbox-lab-xl\\\/#primaryimage\",\"url\":\"https:\\\/\\\/elusivedata.io\\\/wp-content\\\/uploads\\\/2025\\\/06\\\/DSC00549_480x480.webp\",\"contentUrl\":\"https:\\\/\\\/elusivedata.io\\\/wp-content\\\/uploads\\\/2025\\\/06\\\/DSC00549_480x480.webp\",\"width\":480,\"height\":480,\"caption\":\"Mission Darkness Faraday bag product photo \u2014 professional digital forensics equipment\"},{\"@type\":\"BreadcrumbList\",\"@id\":\"https:\\\/\\\/elusivedata.io\\\/product\\\/mission-darkness-blockbox-lab-xl\\\/#breadcrumb\",\"itemListElement\":[{\"@type\":\"ListItem\",\"position\":1,\"name\":\"Home\",\"item\":\"https:\\\/\\\/elusivedata.io\\\/\"},{\"@type\":\"ListItem\",\"position\":2,\"name\":\"Products\",\"item\":\"https:\\\/\\\/elusivedata.io\\\/shop\\\/\"},{\"@type\":\"ListItem\",\"position\":3,\"name\":\"Mission Darkness\u2122 BlockBox Lab XL\"}]},{\"@type\":\"WebSite\",\"@id\":\"https:\\\/\\\/elusivedata.io\\\/#website\",\"url\":\"https:\\\/\\\/elusivedata.io\\\/\",\"name\":\"ElusiveData\",\"description\":\"Excellence in Digital Forensics Training and Consulting\",\"publisher\":{\"@id\":\"https:\\\/\\\/elusivedata.io\\\/#organization\"},\"potentialAction\":[{\"@type\":\"SearchAction\",\"target\":{\"@type\":\"EntryPoint\",\"urlTemplate\":\"https:\\\/\\\/elusivedata.io\\\/?s={search_term_string}\"},\"query-input\":{\"@type\":\"PropertyValueSpecification\",\"valueRequired\":true,\"valueName\":\"search_term_string\"}}],\"inLanguage\":\"nb-NO\"},{\"@type\":\"Organization\",\"@id\":\"https:\\\/\\\/elusivedata.io\\\/#organization\",\"name\":\"ElusiveData\",\"url\":\"https:\\\/\\\/elusivedata.io\\\/\",\"logo\":{\"@type\":\"ImageObject\",\"inLanguage\":\"nb-NO\",\"@id\":\"https:\\\/\\\/elusivedata.io\\\/#\\\/schema\\\/logo\\\/image\\\/\",\"url\":\"https:\\\/\\\/elusivedata.io\\\/wp-content\\\/uploads\\\/2024\\\/11\\\/Asset-3_2x-scaled.png\",\"contentUrl\":\"https:\\\/\\\/elusivedata.io\\\/wp-content\\\/uploads\\\/2024\\\/11\\\/Asset-3_2x-scaled.png\",\"width\":2560,\"height\":370,\"caption\":\"ElusiveData\"},\"image\":{\"@id\":\"https:\\\/\\\/elusivedata.io\\\/#\\\/schema\\\/logo\\\/image\\\/\"},\"sameAs\":[\"https:\\\/\\\/www.youtube.com\\\/@elusivedata\"]}]}<\/script>\n<!-- \/ Yoast SEO Premium plugin. -->","yoast_head_json":{"title":"Mission Darkness\u2122 BlockBox Lab XL - unnvikende data","robots":{"index":"index","follow":"follow","max-snippet":"max-snippet:-1","max-image-preview":"max-image-preview:large","max-video-preview":"max-video-preview:-1"},"canonical":"https:\/\/elusivedata.io\/nb\/product\/mission-darkness-blockbox-lab-xl\/","og_locale":"nb_NO","og_type":"article","og_title":"Mission Darkness\u2122 BlockBox Lab XL","og_description":"The Mission Darkness\u2122 BlockBox Lab XL offers the ultimate radio frequency (RF) shielding and hands-on accessibility for electronic device forensics investigations. The heavy-duty forensic analysis enclosure is designed specifically for investigating devices such as cell phones, tablets, laptops, and similar size electronics while remaining shielded from RF signals. The extra large interior dimensions make it easy for operators to comfortably analyze devices, as well as transfer devices in and out of faraday bags inside of the shielded chamber. Alternative uses relate to mobile device testing, since the product can be used to create an isolated and controlled environment.","og_url":"https:\/\/elusivedata.io\/nb\/product\/mission-darkness-blockbox-lab-xl\/","og_site_name":"Elusive Data","article_modified_time":"2025-06-24T06:30:50+00:00","og_image":[{"width":480,"height":480,"url":"https:\/\/elusivedata.io\/wp-content\/uploads\/2025\/06\/DSC00549_480x480.webp","type":"image\/webp"}],"twitter_card":"summary_large_image","twitter_misc":{"Ansl. lesetid":"3 minutter"},"schema":{"@context":"https:\/\/schema.org","@graph":[{"@type":"WebPage","@id":"https:\/\/elusivedata.io\/product\/mission-darkness-blockbox-lab-xl\/","url":"https:\/\/elusivedata.io\/product\/mission-darkness-blockbox-lab-xl\/","name":"Mission Darkness\u2122 BlockBox Lab XL - unnvikende data","isPartOf":{"@id":"https:\/\/elusivedata.io\/#website"},"primaryImageOfPage":{"@id":"https:\/\/elusivedata.io\/product\/mission-darkness-blockbox-lab-xl\/#primaryimage"},"image":{"@id":"https:\/\/elusivedata.io\/product\/mission-darkness-blockbox-lab-xl\/#primaryimage"},"thumbnailUrl":"https:\/\/elusivedata.io\/wp-content\/uploads\/2025\/06\/DSC00549_480x480.webp","datePublished":"2025-06-17T08:15:53+00:00","dateModified":"2025-06-24T06:30:50+00:00","breadcrumb":{"@id":"https:\/\/elusivedata.io\/product\/mission-darkness-blockbox-lab-xl\/#breadcrumb"},"inLanguage":"nb-NO","potentialAction":[{"@type":"ReadAction","target":["https:\/\/elusivedata.io\/product\/mission-darkness-blockbox-lab-xl\/"]}]},{"@type":"ImageObject","inLanguage":"nb-NO","@id":"https:\/\/elusivedata.io\/product\/mission-darkness-blockbox-lab-xl\/#primaryimage","url":"https:\/\/elusivedata.io\/wp-content\/uploads\/2025\/06\/DSC00549_480x480.webp","contentUrl":"https:\/\/elusivedata.io\/wp-content\/uploads\/2025\/06\/DSC00549_480x480.webp","width":480,"height":480,"caption":"Mission Darkness Faraday bag product photo \u2014 professional digital forensics equipment"},{"@type":"BreadcrumbList","@id":"https:\/\/elusivedata.io\/product\/mission-darkness-blockbox-lab-xl\/#breadcrumb","itemListElement":[{"@type":"ListItem","position":1,"name":"Home","item":"https:\/\/elusivedata.io\/"},{"@type":"ListItem","position":2,"name":"Products","item":"https:\/\/elusivedata.io\/shop\/"},{"@type":"ListItem","position":3,"name":"Mission Darkness\u2122 BlockBox Lab XL"}]},{"@type":"WebSite","@id":"https:\/\/elusivedata.io\/#website","url":"https:\/\/elusivedata.io\/","name":"ElusiveData","description":"Fremragende oppl\u00e6ring og r\u00e5dgivning innen digital etterforskning","publisher":{"@id":"https:\/\/elusivedata.io\/#organization"},"potentialAction":[{"@type":"SearchAction","target":{"@type":"EntryPoint","urlTemplate":"https:\/\/elusivedata.io\/?s={search_term_string}"},"query-input":{"@type":"PropertyValueSpecification","valueRequired":true,"valueName":"search_term_string"}}],"inLanguage":"nb-NO"},{"@type":"Organization","@id":"https:\/\/elusivedata.io\/#organization","name":"ElusiveData","url":"https:\/\/elusivedata.io\/","logo":{"@type":"ImageObject","inLanguage":"nb-NO","@id":"https:\/\/elusivedata.io\/#\/schema\/logo\/image\/","url":"https:\/\/elusivedata.io\/wp-content\/uploads\/2024\/11\/Asset-3_2x-scaled.png","contentUrl":"https:\/\/elusivedata.io\/wp-content\/uploads\/2024\/11\/Asset-3_2x-scaled.png","width":2560,"height":370,"caption":"ElusiveData"},"image":{"@id":"https:\/\/elusivedata.io\/#\/schema\/logo\/image\/"},"sameAs":["https:\/\/www.youtube.com\/@elusivedata"]}]}},"_links":{"self":[{"href":"https:\/\/elusivedata.io\/nb\/wp-json\/wp\/v2\/product\/8810","targetHints":{"allow":["GET"]}}],"collection":[{"href":"https:\/\/elusivedata.io\/nb\/wp-json\/wp\/v2\/product"}],"about":[{"href":"https:\/\/elusivedata.io\/nb\/wp-json\/wp\/v2\/types\/product"}],"version-history":[{"count":8,"href":"https:\/\/elusivedata.io\/nb\/wp-json\/wp\/v2\/product\/8810\/revisions"}],"predecessor-version":[{"id":8828,"href":"https:\/\/elusivedata.io\/nb\/wp-json\/wp\/v2\/product\/8810\/revisions\/8828"}],"wp:featuredmedia":[{"embeddable":true,"href":"https:\/\/elusivedata.io\/nb\/wp-json\/wp\/v2\/media\/8818"}],"wp:attachment":[{"href":"https:\/\/elusivedata.io\/nb\/wp-json\/wp\/v2\/media?parent=8810"}],"wp:term":[{"taxonomy":"product_brand","embeddable":true,"href":"https:\/\/elusivedata.io\/nb\/wp-json\/wp\/v2\/product_brand?post=8810"},{"taxonomy":"product_cat","embeddable":true,"href":"https:\/\/elusivedata.io\/nb\/wp-json\/wp\/v2\/product_cat?post=8810"},{"taxonomy":"product_tag","embeddable":true,"href":"https:\/\/elusivedata.io\/nb\/wp-json\/wp\/v2\/product_tag?post=8810"}],"curies":[{"name":"wp","href":"https:\/\/api.w.org\/{rel}","templated":true}]}}