{"id":7104,"date":"2025-06-17T08:15:53","date_gmt":"2025-06-17T08:15:53","guid":{"rendered":"https:\/\/elusivedata.io\/?post_type=product&#038;p=7104"},"modified":"2025-06-24T06:30:57","modified_gmt":"2025-06-24T06:30:57","slug":"mission-darkness-non-window-faraday-bag-for-phones","status":"publish","type":"product","link":"https:\/\/elusivedata.io\/nb\/product\/mission-darkness-non-window-faraday-bag-for-phones\/","title":{"rendered":"Mission Darkness\u2122 Faraday-veske uten vindu for telefoner"},"content":{"rendered":"<div data-elementor-type=\"product-post\" data-elementor-id=\"7104\" class=\"elementor elementor-7104\" data-elementor-post-type=\"product\">\n\t\t\t\t<div class=\"elementor-element elementor-element-347fe6d2 e-flex e-con-boxed e-con e-parent\" data-id=\"347fe6d2\" data-element_type=\"container\" data-e-type=\"container\">\n\t\t\t\t\t<div class=\"e-con-inner\">\n\t\t\t\t<div class=\"elementor-element elementor-element-322b7be9 elementor-widget elementor-widget-text-editor\" data-id=\"322b7be9\" data-element_type=\"widget\" data-e-type=\"widget\" data-widget_type=\"text-editor.default\">\n\t\t\t\t<div class=\"elementor-widget-container\">\n\t\t\t\t\t\t\t\t\t<div id=\"s-05dc07eb-99c9-4894-bd54-ad282338cdfc\" class=\"shg-c shg-align-left\"><div class=\"shogun-heading-component\"><h3>HOLD MOBILTELEFONER OG SM\u00c5 ENHETER SKJERMET<\/h3><\/div><\/div><div id=\"s-de9267bc-e0ff-486e-b2ef-edb390020d38\" class=\"shg-c\"><div class=\"shg-rich-text shg-theme-text-content\"><p><span data-fontfamily=\"Open Sans\">Mission Darkness\u2122 Faraday-veske uten vindu for telefoner blokkerer fullstendig alle tr\u00e5dl\u00f8se signaler og holder sm\u00e5 elektroniske enheter skjermet for \u00e5 forhindre hacking, sporing, spionasje og \u00f8deleggelse av kontrollkjeden. N\u00e5r en mobiltelefon er forsvarlig innelukket i posen, kan ingen apper eller ondsinnet kode fjernutl\u00f8ses eller slettes, ingen kommunikasjon kan trenge gjennom, og ingen kan f\u00e5 tilgang til mikrofonen, kameraet, GPS-posisjonen eller dataene. De prim\u00e6re bruksomr\u00e5dene er rettsh\u00e5ndhevelse og milit\u00e6r kriminalteknisk bevisinnsamling, forsvar mot datatyveri, personlig sikkerhet, EMP-beskyttelse, reduksjon av EMF-str\u00e5ling og for \u00e5 forbedre det digitale personvernet.<\/span><\/p><p class=\"a-spacing-base\"><span data-fontfamily=\"Open Sans\">Vesken er laget av et slitesterkt og vannavst\u00f8tende yttermateriale i ballistisk nylon for \u00e5 sikre at enhetene og faradaystoffet holder seg t\u00f8rt og beskyttet. Innvendig best\u00e5r vesken av to lag med h\u00f8yskjermende TitanRF\u2122 Faraday-stoff p\u00e5 alle sider, med to sammenkoblede s\u00f8mmer. Vesken blokkerer alle tr\u00e5dl\u00f8se signaler som WiFi (2,4 og 5 GHz), Bluetooth, mobilsignaler, inkludert 5G-nettverk, GPS, RFID, NFC og radiosignaler fra lave MHz til 40 GHz. Ytterligere produktegenskaper inkluderer en dobbel rulle med borrel\u00e5slukking, et unikt serienummer og en gjennomsiktig merkevarelomme.<\/span><\/p><p class=\"a-spacing-base\"><span data-fontfamily=\"Open Sans\">Vesken brukes vanligvis til \u00e5 skjerme mobiltelefoner, pass, GPS-enheter, transpondere, toveisradioer, n\u00f8kkelknipper, smartklokker og elektronikk av lignende st\u00f8rrelse.<\/span><\/p><\/div><\/div><div id=\"s-de9267bc-e0ff-486e-b2ef-edb390020d38\" class=\"shg-c\"><p><iframe title=\"Faraday-veske uten vindu for telefoner\" width=\"800\" height=\"450\" src=\"https:\/\/www.youtube.com\/embed\/zJYacX-eBu4?feature=oembed&enablejsapi=1&origin=https:\/\/elusivedata.io\" frameborder=\"0\" allow=\"accelerometer; autoplay; clipboard-write; encrypted-media; gyroscope; picture-in-picture; web-share\" referrerpolicy=\"strict-origin-when-cross-origin\" allowfullscreen><\/iframe><\/p><div id=\"s-16808c6f-83c1-43be-8828-10073cc85317\" class=\"shg-c shg-align-left\"><div class=\"shogun-heading-component\"><h3>FUNKSJONER<\/h3><\/div><\/div><div id=\"s-88f77b33-5a3e-4ac5-92bd-688439304562\" class=\"shg-c\"><div class=\"shg-rich-text shg-theme-text-content\"><ul class=\"a-vertical a-spacing-none\"><li>Faraday-veske av milit\u00e6r kvalitet utviklet for rettsmedisinske etterforskere og v\u00e6pnede styrker for \u00e5 skjerme elektroniske enheter mot RF-signaler; brukes ogs\u00e5 til reduksjon av EMF-str\u00e5ling, reisevirksomhet, personlig sikkerhet og EMP-beskyttelse.<\/li><li>Veske i telefonst\u00f8rrelse beskytter mobiltelefoner, GPS-enheter, elektroniske bompengetranspondere (som E-ZPass), n\u00f8kkelbrikker, smartklokker eller andre enheter av lignende st\u00f8rrelse<\/li><li>To lag med h\u00f8yskjermende TitanRF Faraday-stoff p\u00e5 alle innvendige sider med to sammenkoblede s\u00f8mmer (TitanRF Faraday-stoffet er laboratorietestet og sertifisert i henhold til skjermingseffektivitetsstandardene MIL STD 188-125 og IEEE 299-2006)<\/li><li><span class=\"a-list-item\">Blokkerer WiFi (2,4 og 5 GHz), Bluetooth, mobilsignaler, inkludert 5G-nettverk, GPS, RFID, NFC og radiosignaler fra lav MHz til 40 GHz<\/span><\/li><li>Skjerming mot EMI, EMR og EMF-str\u00e5ling<\/li><li><span class=\"a-list-item\">Unik serialisering for sporing av eiendeler og bevissikring<\/span><\/li><li><span class=\"a-list-item\">Gjennomsiktig merkevarelomme p\u00e5 baksiden for \u00e5 vise byr\u00e5informasjon<\/span><\/li><li><span class=\"a-list-item\">Yttermateriale i vanntett ballistisk nylon<\/span><\/li><li>Sikker dobbel rull og borrel\u00e5slukking<\/li><li>Stor \u00e5pning med plass til mobiltelefoner i alle st\u00f8rrelser<\/li><\/ul><\/div><\/div><\/div><div id=\"s-de9267bc-e0ff-486e-b2ef-edb390020d38\" class=\"shg-c\"><div id=\"s-7a55e557-9bc3-4dd3-bdf2-0ae7b2269817\" class=\"shg-c shg-align-left\"><div class=\"shogun-heading-component\"><h3>DIMENSJONER<\/h3><\/div><\/div><div id=\"s-d665d525-ab11-4f82-b462-839c1ffaa899\" class=\"shg-c\"><div class=\"shg-rich-text shg-theme-text-content\"><ul class=\"a-vertical a-spacing-none\"><li><span class=\"a-list-item\">Innvendige bruksm\u00e5l i lukket tilstand (enheten m\u00e5 passe innenfor disse m\u00e5lene): 9,5\u2033 x 5,5\u2033 (24,1 cm x 14 cm)<\/span><\/li><li><span class=\"a-list-item\">Utvendige m\u00e5l n\u00e5r den er \u00e5pen: 9,75\u2033 x 9,5\u2033 x 0,2\u2033 (24,8 cm x 24,1 cm x 5,1 mm)<\/span><\/li><\/ul><\/div><div id=\"s-7fe8e632-2a68-4f1e-a672-9bf6e93c2602\" class=\"shg-c shg-align-left\"><div class=\"shogun-heading-component\"><h3>VANLIGVIS BRUKT TIL \u00c5 SKJERME<\/h3><\/div><\/div><div id=\"s-d32a8be4-a495-4b24-b173-e7d574ceda58\" class=\"shg-c\"><div class=\"shg-row\" data-col-grid-mode-on=\"\"><div class=\"shg-c-lg-6 shg-c-md-6 shg-c-sm-6 shg-c-xs-12\"><div id=\"s-b13c692e-1ea7-47ff-b1f6-9b49bc7a49ee\" class=\"shg-c\"><div class=\"shg-rich-text shg-theme-text-content\"><ul><li>Mobiltelefoner<\/li><li>Transpondere<\/li><li>Pass<\/li><li>GPS-enheter<\/li><li>N\u00f8kkelringer<\/li><\/ul><\/div><\/div><\/div><div class=\"shg-c-lg-6 shg-c-md-6 shg-c-sm-6 shg-c-xs-12\"><div id=\"s-83332800-ba2e-4d59-9116-947634d283aa\" class=\"shg-c\"><div class=\"shg-rich-text shg-theme-text-content\"><ul><li>Kredittkort<\/li><li>Adgangskort til bygningen<\/li><li>Smarte klokker<\/li><li>Sendere<\/li><li>Toveis radioer<\/li><\/ul><\/div><\/div><\/div><\/div><\/div><div id=\"s-b2149c1d-8dbe-4fd9-9291-ee91541fa6fd\" class=\"shg-c shg-align-left\"><div class=\"shogun-heading-component\"><h3>ENKELT LEGGE TIL INFORMASJON OM AVDELING\/ETAT<\/h3><\/div><\/div><div id=\"s-b135e7de-96df-4928-a1d2-577541467120\" class=\"shg-c\"><div class=\"shg-rich-text shg-theme-text-content\"><p>Mission Darkness faradayvesker har en lomme med borrel\u00e5s p\u00e5 baksiden der du kan plassere et visittkort eller et mer permanent klistremerke. Det er ikke n\u00f8dvendig \u00e5 silketrykke avdelingsinformasjonen din p\u00e5 vesken. Hvis du \u00f8nsker en permanent m\u00e5te \u00e5 merke posene p\u00e5, kan vi legge til vevde etiketter under produksjonen. Kontakt oss for \u00e5 diskutere alternativene.<\/p><\/div><\/div><\/div><\/div>\t\t\t\t\t\t\t\t<\/div>\n\t\t\t\t<\/div>\n\t\t\t\t\t<\/div>\n\t\t\t\t<\/div>\n\t\t<div class=\"elementor-element elementor-element-b25f885 e-flex e-con-boxed e-con e-parent\" data-id=\"b25f885\" data-element_type=\"container\" data-e-type=\"container\">\n\t\t\t\t\t<div class=\"e-con-inner\">\n\t\t<div class=\"elementor-element elementor-element-5822c12 e-con-full e-flex e-con e-child\" data-id=\"5822c12\" data-element_type=\"container\" data-e-type=\"container\">\n\t\t\t\t<div class=\"elementor-element elementor-element-a64f718 elementor-widget elementor-widget-image\" data-id=\"a64f718\" data-element_type=\"widget\" data-e-type=\"widget\" data-widget_type=\"image.default\">\n\t\t\t\t<div class=\"elementor-widget-container\">\n\t\t\t\t\t\t\t\t\t\t\t\t\t\t\t<img fetchpriority=\"high\" decoding=\"async\" width=\"480\" height=\"480\" src=\"https:\/\/elusivedata.io\/wp-content\/uploads\/2025\/05\/SNW_wall_large.webp\" class=\"attachment-large size-large wp-image-7108\" alt=\"Mission Darkness signal non-window Faraday wall mount \u2014 RF shielding installation\" srcset=\"https:\/\/elusivedata.io\/wp-content\/uploads\/2025\/05\/SNW_wall_large.webp 480w, https:\/\/elusivedata.io\/wp-content\/uploads\/2025\/05\/SNW_wall_large-300x300.webp 300w, https:\/\/elusivedata.io\/wp-content\/uploads\/2025\/05\/SNW_wall_large-150x150.webp 150w, https:\/\/elusivedata.io\/wp-content\/uploads\/2025\/05\/SNW_wall_large-12x12.webp 12w, https:\/\/elusivedata.io\/wp-content\/uploads\/2025\/05\/SNW_wall_large-320x320.webp 320w, https:\/\/elusivedata.io\/wp-content\/uploads\/2025\/05\/SNW_wall_large-100x100.webp 100w\" sizes=\"(max-width: 480px) 100vw, 480px\" \/>\t\t\t\t\t\t\t\t\t\t\t\t\t\t\t<\/div>\n\t\t\t\t<\/div>\n\t\t\t\t<\/div>\n\t\t<div class=\"elementor-element elementor-element-d454967 e-con-full e-flex e-con e-child\" data-id=\"d454967\" data-element_type=\"container\" data-e-type=\"container\">\n\t\t\t\t<div class=\"elementor-element elementor-element-96afd19 elementor-widget elementor-widget-image\" data-id=\"96afd19\" data-element_type=\"widget\" data-e-type=\"widget\" data-widget_type=\"image.default\">\n\t\t\t\t<div class=\"elementor-widget-container\">\n\t\t\t\t\t\t\t\t\t\t\t\t\t\t\t<img decoding=\"async\" width=\"480\" height=\"480\" src=\"https:\/\/elusivedata.io\/wp-content\/uploads\/2025\/05\/TPW01677_large.webp\" class=\"attachment-large size-large wp-image-7106\" alt=\"Mission Darkness Faraday bag studio shot \u2014 professional signal-blocking equipment\" srcset=\"https:\/\/elusivedata.io\/wp-content\/uploads\/2025\/05\/TPW01677_large.webp 480w, https:\/\/elusivedata.io\/wp-content\/uploads\/2025\/05\/TPW01677_large-300x300.webp 300w, https:\/\/elusivedata.io\/wp-content\/uploads\/2025\/05\/TPW01677_large-150x150.webp 150w, https:\/\/elusivedata.io\/wp-content\/uploads\/2025\/05\/TPW01677_large-12x12.webp 12w, https:\/\/elusivedata.io\/wp-content\/uploads\/2025\/05\/TPW01677_large-320x320.webp 320w, https:\/\/elusivedata.io\/wp-content\/uploads\/2025\/05\/TPW01677_large-100x100.webp 100w\" sizes=\"(max-width: 480px) 100vw, 480px\" \/>\t\t\t\t\t\t\t\t\t\t\t\t\t\t\t<\/div>\n\t\t\t\t<\/div>\n\t\t\t\t<\/div>\n\t\t\t\t\t<\/div>\n\t\t\t\t<\/div>\n\t\t\t\t<\/div>","protected":false},"excerpt":{"rendered":"<p>Mission Darkness\u2122 Faraday-veske uten vindu for telefoner blokkerer fullstendig alle tr\u00e5dl\u00f8se signaler og holder sm\u00e5 elektroniske enheter skjermet for \u00e5 forhindre hacking, sporing, spionasje og \u00f8deleggelse av kontrollkjeden. N\u00e5r en mobiltelefon er forsvarlig innelukket i posen, kan ingen apper eller ondsinnet kode fjernutl\u00f8ses eller slettes, ingen kommunikasjon kan trenge gjennom, og ingen kan f\u00e5 tilgang til mikrofonen, kameraet, GPS-posisjonen eller dataene. De prim\u00e6re bruksomr\u00e5dene er rettsh\u00e5ndhevelse og milit\u00e6r kriminalteknisk bevisinnsamling, forsvar mot datatyveri, personlig sikkerhet, EMP-beskyttelse, reduksjon av EMF-str\u00e5ling og for \u00e5 forbedre det digitale personvernet.<\/p>","protected":false},"featured_media":7105,"template":"","meta":{"content-type":""},"product_brand":[],"product_cat":[108],"product_tag":[],"class_list":{"0":"post-7104","1":"product","2":"type-product","3":"status-publish","4":"has-post-thumbnail","6":"product_cat-future-physical-products","8":"first","9":"instock","10":"taxable","11":"shipping-taxable","12":"purchasable","13":"product-type-simple"},"acf":[],"yoast_head":"<!-- This site is optimized with the Yoast SEO Premium plugin v27.3 (Yoast SEO v27.3) - https:\/\/yoast.com\/product\/yoast-seo-premium-wordpress\/ -->\n<title>Mission Darkness\u2122 Non-Window Faraday Bag for Phones - Elusive Data<\/title>\n<meta name=\"robots\" content=\"index, follow, max-snippet:-1, max-image-preview:large, max-video-preview:-1\" \/>\n<link rel=\"canonical\" href=\"https:\/\/elusivedata.io\/nb\/product\/mission-darkness-non-window-faraday-bag-for-phones\/\" \/>\n<meta property=\"og:locale\" content=\"nb_NO\" \/>\n<meta property=\"og:type\" content=\"article\" \/>\n<meta property=\"og:title\" content=\"Mission Darkness\u2122 Non-Window Faraday Bag for Phones\" \/>\n<meta property=\"og:description\" content=\"The Mission Darkness\u2122 Non-window Faraday Bag for Phones completely blocks all wireless signals and keeps small electronic devices shielded to prevent hacking, tracking, spying, and chain of custody corruption. When a cell phone is properly enclosed in the bag, no apps or malicious code can be remotely triggered or wiped, no communication can penetrate, and no one can access the microphone, camera, GPS location, or data. Primary uses are for law enforcement and military forensic evidence collection, defense against data theft, personal security, EMP protection, EMF radiation reduction, and to enhance digital privacy.\" \/>\n<meta property=\"og:url\" content=\"https:\/\/elusivedata.io\/nb\/product\/mission-darkness-non-window-faraday-bag-for-phones\/\" \/>\n<meta property=\"og:site_name\" content=\"Elusive Data\" \/>\n<meta property=\"article:modified_time\" content=\"2025-06-24T06:30:57+00:00\" \/>\n<meta property=\"og:image\" content=\"https:\/\/elusivedata.io\/wp-content\/uploads\/2025\/05\/MOS-S-NW-Front_480x480.webp\" \/>\n\t<meta property=\"og:image:width\" content=\"480\" \/>\n\t<meta property=\"og:image:height\" content=\"480\" \/>\n\t<meta property=\"og:image:type\" content=\"image\/webp\" \/>\n<meta name=\"twitter:card\" content=\"summary_large_image\" \/>\n<script type=\"application\/ld+json\" class=\"yoast-schema-graph\">{\"@context\":\"https:\\\/\\\/schema.org\",\"@graph\":[{\"@type\":\"WebPage\",\"@id\":\"https:\\\/\\\/elusivedata.io\\\/product\\\/mission-darkness-non-window-faraday-bag-for-phones\\\/\",\"url\":\"https:\\\/\\\/elusivedata.io\\\/product\\\/mission-darkness-non-window-faraday-bag-for-phones\\\/\",\"name\":\"Mission Darkness\u2122 Non-Window Faraday Bag for Phones - Elusive Data\",\"isPartOf\":{\"@id\":\"https:\\\/\\\/elusivedata.io\\\/#website\"},\"primaryImageOfPage\":{\"@id\":\"https:\\\/\\\/elusivedata.io\\\/product\\\/mission-darkness-non-window-faraday-bag-for-phones\\\/#primaryimage\"},\"image\":{\"@id\":\"https:\\\/\\\/elusivedata.io\\\/product\\\/mission-darkness-non-window-faraday-bag-for-phones\\\/#primaryimage\"},\"thumbnailUrl\":\"https:\\\/\\\/elusivedata.io\\\/wp-content\\\/uploads\\\/2025\\\/05\\\/MOS-S-NW-Front_480x480.webp\",\"datePublished\":\"2025-06-17T08:15:53+00:00\",\"dateModified\":\"2025-06-24T06:30:57+00:00\",\"breadcrumb\":{\"@id\":\"https:\\\/\\\/elusivedata.io\\\/product\\\/mission-darkness-non-window-faraday-bag-for-phones\\\/#breadcrumb\"},\"inLanguage\":\"nb-NO\",\"potentialAction\":[{\"@type\":\"ReadAction\",\"target\":[\"https:\\\/\\\/elusivedata.io\\\/product\\\/mission-darkness-non-window-faraday-bag-for-phones\\\/\"]}]},{\"@type\":\"ImageObject\",\"inLanguage\":\"nb-NO\",\"@id\":\"https:\\\/\\\/elusivedata.io\\\/product\\\/mission-darkness-non-window-faraday-bag-for-phones\\\/#primaryimage\",\"url\":\"https:\\\/\\\/elusivedata.io\\\/wp-content\\\/uploads\\\/2025\\\/05\\\/MOS-S-NW-Front_480x480.webp\",\"contentUrl\":\"https:\\\/\\\/elusivedata.io\\\/wp-content\\\/uploads\\\/2025\\\/05\\\/MOS-S-NW-Front_480x480.webp\",\"width\":480,\"height\":480,\"caption\":\"Mission Darkness MOS Non-Window Faraday sleeve front view \u2014 mobile device shielding\"},{\"@type\":\"BreadcrumbList\",\"@id\":\"https:\\\/\\\/elusivedata.io\\\/product\\\/mission-darkness-non-window-faraday-bag-for-phones\\\/#breadcrumb\",\"itemListElement\":[{\"@type\":\"ListItem\",\"position\":1,\"name\":\"Home\",\"item\":\"https:\\\/\\\/elusivedata.io\\\/\"},{\"@type\":\"ListItem\",\"position\":2,\"name\":\"Products\",\"item\":\"https:\\\/\\\/elusivedata.io\\\/shop\\\/\"},{\"@type\":\"ListItem\",\"position\":3,\"name\":\"Mission Darkness\u2122 Non-Window Faraday Bag for Phones\"}]},{\"@type\":\"WebSite\",\"@id\":\"https:\\\/\\\/elusivedata.io\\\/#website\",\"url\":\"https:\\\/\\\/elusivedata.io\\\/\",\"name\":\"ElusiveData\",\"description\":\"Excellence in Digital Forensics Training and Consulting\",\"publisher\":{\"@id\":\"https:\\\/\\\/elusivedata.io\\\/#organization\"},\"potentialAction\":[{\"@type\":\"SearchAction\",\"target\":{\"@type\":\"EntryPoint\",\"urlTemplate\":\"https:\\\/\\\/elusivedata.io\\\/?s={search_term_string}\"},\"query-input\":{\"@type\":\"PropertyValueSpecification\",\"valueRequired\":true,\"valueName\":\"search_term_string\"}}],\"inLanguage\":\"nb-NO\"},{\"@type\":\"Organization\",\"@id\":\"https:\\\/\\\/elusivedata.io\\\/#organization\",\"name\":\"ElusiveData\",\"url\":\"https:\\\/\\\/elusivedata.io\\\/\",\"logo\":{\"@type\":\"ImageObject\",\"inLanguage\":\"nb-NO\",\"@id\":\"https:\\\/\\\/elusivedata.io\\\/#\\\/schema\\\/logo\\\/image\\\/\",\"url\":\"https:\\\/\\\/elusivedata.io\\\/wp-content\\\/uploads\\\/2024\\\/11\\\/Asset-3_2x-scaled.png\",\"contentUrl\":\"https:\\\/\\\/elusivedata.io\\\/wp-content\\\/uploads\\\/2024\\\/11\\\/Asset-3_2x-scaled.png\",\"width\":2560,\"height\":370,\"caption\":\"ElusiveData\"},\"image\":{\"@id\":\"https:\\\/\\\/elusivedata.io\\\/#\\\/schema\\\/logo\\\/image\\\/\"},\"sameAs\":[\"https:\\\/\\\/www.youtube.com\\\/@elusivedata\"]}]}<\/script>\n<!-- \/ Yoast SEO Premium plugin. -->","yoast_head_json":{"title":"Mission Darkness\u2122 Faraday-veske uten vindu for telefoner - Elusive Data","robots":{"index":"index","follow":"follow","max-snippet":"max-snippet:-1","max-image-preview":"max-image-preview:large","max-video-preview":"max-video-preview:-1"},"canonical":"https:\/\/elusivedata.io\/nb\/product\/mission-darkness-non-window-faraday-bag-for-phones\/","og_locale":"nb_NO","og_type":"article","og_title":"Mission Darkness\u2122 Non-Window Faraday Bag for Phones","og_description":"The Mission Darkness\u2122 Non-window Faraday Bag for Phones completely blocks all wireless signals and keeps small electronic devices shielded to prevent hacking, tracking, spying, and chain of custody corruption. When a cell phone is properly enclosed in the bag, no apps or malicious code can be remotely triggered or wiped, no communication can penetrate, and no one can access the microphone, camera, GPS location, or data. Primary uses are for law enforcement and military forensic evidence collection, defense against data theft, personal security, EMP protection, EMF radiation reduction, and to enhance digital privacy.","og_url":"https:\/\/elusivedata.io\/nb\/product\/mission-darkness-non-window-faraday-bag-for-phones\/","og_site_name":"Elusive Data","article_modified_time":"2025-06-24T06:30:57+00:00","og_image":[{"width":480,"height":480,"url":"https:\/\/elusivedata.io\/wp-content\/uploads\/2025\/05\/MOS-S-NW-Front_480x480.webp","type":"image\/webp"}],"twitter_card":"summary_large_image","schema":{"@context":"https:\/\/schema.org","@graph":[{"@type":"WebPage","@id":"https:\/\/elusivedata.io\/product\/mission-darkness-non-window-faraday-bag-for-phones\/","url":"https:\/\/elusivedata.io\/product\/mission-darkness-non-window-faraday-bag-for-phones\/","name":"Mission Darkness\u2122 Faraday-veske uten vindu for telefoner - Elusive Data","isPartOf":{"@id":"https:\/\/elusivedata.io\/#website"},"primaryImageOfPage":{"@id":"https:\/\/elusivedata.io\/product\/mission-darkness-non-window-faraday-bag-for-phones\/#primaryimage"},"image":{"@id":"https:\/\/elusivedata.io\/product\/mission-darkness-non-window-faraday-bag-for-phones\/#primaryimage"},"thumbnailUrl":"https:\/\/elusivedata.io\/wp-content\/uploads\/2025\/05\/MOS-S-NW-Front_480x480.webp","datePublished":"2025-06-17T08:15:53+00:00","dateModified":"2025-06-24T06:30:57+00:00","breadcrumb":{"@id":"https:\/\/elusivedata.io\/product\/mission-darkness-non-window-faraday-bag-for-phones\/#breadcrumb"},"inLanguage":"nb-NO","potentialAction":[{"@type":"ReadAction","target":["https:\/\/elusivedata.io\/product\/mission-darkness-non-window-faraday-bag-for-phones\/"]}]},{"@type":"ImageObject","inLanguage":"nb-NO","@id":"https:\/\/elusivedata.io\/product\/mission-darkness-non-window-faraday-bag-for-phones\/#primaryimage","url":"https:\/\/elusivedata.io\/wp-content\/uploads\/2025\/05\/MOS-S-NW-Front_480x480.webp","contentUrl":"https:\/\/elusivedata.io\/wp-content\/uploads\/2025\/05\/MOS-S-NW-Front_480x480.webp","width":480,"height":480,"caption":"Mission Darkness MOS Non-Window Faraday sleeve front view \u2014 mobile device shielding"},{"@type":"BreadcrumbList","@id":"https:\/\/elusivedata.io\/product\/mission-darkness-non-window-faraday-bag-for-phones\/#breadcrumb","itemListElement":[{"@type":"ListItem","position":1,"name":"Home","item":"https:\/\/elusivedata.io\/"},{"@type":"ListItem","position":2,"name":"Products","item":"https:\/\/elusivedata.io\/shop\/"},{"@type":"ListItem","position":3,"name":"Mission Darkness\u2122 Non-Window Faraday Bag for Phones"}]},{"@type":"WebSite","@id":"https:\/\/elusivedata.io\/#website","url":"https:\/\/elusivedata.io\/","name":"ElusiveData","description":"Fremragende oppl\u00e6ring og r\u00e5dgivning innen digital etterforskning","publisher":{"@id":"https:\/\/elusivedata.io\/#organization"},"potentialAction":[{"@type":"SearchAction","target":{"@type":"EntryPoint","urlTemplate":"https:\/\/elusivedata.io\/?s={search_term_string}"},"query-input":{"@type":"PropertyValueSpecification","valueRequired":true,"valueName":"search_term_string"}}],"inLanguage":"nb-NO"},{"@type":"Organization","@id":"https:\/\/elusivedata.io\/#organization","name":"ElusiveData","url":"https:\/\/elusivedata.io\/","logo":{"@type":"ImageObject","inLanguage":"nb-NO","@id":"https:\/\/elusivedata.io\/#\/schema\/logo\/image\/","url":"https:\/\/elusivedata.io\/wp-content\/uploads\/2024\/11\/Asset-3_2x-scaled.png","contentUrl":"https:\/\/elusivedata.io\/wp-content\/uploads\/2024\/11\/Asset-3_2x-scaled.png","width":2560,"height":370,"caption":"ElusiveData"},"image":{"@id":"https:\/\/elusivedata.io\/#\/schema\/logo\/image\/"},"sameAs":["https:\/\/www.youtube.com\/@elusivedata"]}]}},"_links":{"self":[{"href":"https:\/\/elusivedata.io\/nb\/wp-json\/wp\/v2\/product\/7104","targetHints":{"allow":["GET"]}}],"collection":[{"href":"https:\/\/elusivedata.io\/nb\/wp-json\/wp\/v2\/product"}],"about":[{"href":"https:\/\/elusivedata.io\/nb\/wp-json\/wp\/v2\/types\/product"}],"version-history":[{"count":20,"href":"https:\/\/elusivedata.io\/nb\/wp-json\/wp\/v2\/product\/7104\/revisions"}],"predecessor-version":[{"id":7222,"href":"https:\/\/elusivedata.io\/nb\/wp-json\/wp\/v2\/product\/7104\/revisions\/7222"}],"wp:featuredmedia":[{"embeddable":true,"href":"https:\/\/elusivedata.io\/nb\/wp-json\/wp\/v2\/media\/7105"}],"wp:attachment":[{"href":"https:\/\/elusivedata.io\/nb\/wp-json\/wp\/v2\/media?parent=7104"}],"wp:term":[{"taxonomy":"product_brand","embeddable":true,"href":"https:\/\/elusivedata.io\/nb\/wp-json\/wp\/v2\/product_brand?post=7104"},{"taxonomy":"product_cat","embeddable":true,"href":"https:\/\/elusivedata.io\/nb\/wp-json\/wp\/v2\/product_cat?post=7104"},{"taxonomy":"product_tag","embeddable":true,"href":"https:\/\/elusivedata.io\/nb\/wp-json\/wp\/v2\/product_tag?post=7104"}],"curies":[{"name":"wp","href":"https:\/\/api.w.org\/{rel}","templated":true}]}}