{"id":1233,"date":"2025-06-17T08:15:56","date_gmt":"2025-06-17T08:15:56","guid":{"rendered":"https:\/\/elusivedata.io\/?post_type=product&#038;p=1233"},"modified":"2026-03-23T10:20:23","modified_gmt":"2026-03-23T10:20:23","slug":"sqlite-forensics","status":"publish","type":"product","link":"https:\/\/elusivedata.io\/nb\/product\/sqlite-forensics\/","title":{"rendered":"SQLite-etterforskning"},"content":{"rendered":"<div style='background:#f0f4ff;border-left:4px solid #2B64F8;border-radius:8px;padding:18px 22px;margin:32px 0;display:flex;align-items:center;justify-content:space-between;flex-wrap:wrap;gap:12px;'>\n            <p style='margin:0;color:#1a1a2e;font-size:15px;font-weight:500;'>Foretrekker du \u00e5 l\u00e6re i ditt eget tempo?<\/p>\n            <a href='https:\/\/elusivedata.io\/nb\/sqlite-forensics-on-demand\/' style='background:#2B64F8;color:#fff;padding:10px 20px;border-radius:6px;text-decoration:none;font-size:14px;font-weight:600;white-space:nowrap;'>Tilgjengelig on-demand \u2192<\/a>\n        <\/div>","protected":false},"excerpt":{"rendered":"<p>Elusive Datas SQLite Forensics-kurs er utviklet for digitale kriminalteknikere som \u00f8nsker \u00e5 f\u00e5 en dypere forst\u00e5else av ikke-st\u00f8ttede smarttelefonapper. Med den raske utviklingen av tredjepartsapplikasjoner har kriminaltekniske verkt\u00f8y ofte problemer med \u00e5 holde tritt, slik at viktige bevis blir liggende skjult i SQLite-databaser og andre tilknyttede applikasjonsfiler for smarttelefoner. Dette avanserte kurset gir etterforskere ferdighetene de trenger for \u00e5 manuelt dekode og trekke ut data fra disse appene, og gir en praktisk tiln\u00e6rming til \u00e5 mestre SQLite for kriminalteknisk analyse.<\/p>","protected":false},"featured_media":10745,"template":"","meta":{"content-type":""},"product_brand":[],"product_cat":[107],"product_tag":[],"class_list":{"0":"post-1233","1":"product","2":"type-product","3":"status-publish","4":"has-post-thumbnail","6":"product_cat-featured-digital-courses","8":"first","9":"instock","10":"sold-individually","11":"taxable","12":"shipping-taxable","13":"product-type-external"},"acf":[],"yoast_head":"<!-- This site is optimized with the Yoast SEO Premium plugin v27.3 (Yoast SEO v27.3) - https:\/\/yoast.com\/product\/yoast-seo-premium-wordpress\/ -->\n<title>SQLite Forensics Course On-Demand<\/title>\n<meta name=\"description\" content=\"Learn SQLite Forensics through a certified, hands-on training course built for professionals investigating mobile app data. Updated for 2025.\" \/>\n<meta name=\"robots\" content=\"index, follow, max-snippet:-1, max-image-preview:large, max-video-preview:-1\" \/>\n<link rel=\"canonical\" href=\"https:\/\/elusivedata.io\/nb\/product\/sqlite-forensics\/\" \/>\n<meta property=\"og:locale\" content=\"nb_NO\" \/>\n<meta property=\"og:type\" content=\"article\" \/>\n<meta property=\"og:title\" content=\"SQLite Forensics\" \/>\n<meta property=\"og:description\" content=\"Learn SQLite Forensics through a certified, hands-on training course built for professionals investigating mobile app data. Updated for 2025.\" \/>\n<meta property=\"og:url\" content=\"https:\/\/elusivedata.io\/nb\/product\/sqlite-forensics\/\" \/>\n<meta property=\"og:site_name\" content=\"Elusive Data\" \/>\n<meta property=\"article:modified_time\" content=\"2026-03-23T10:20:23+00:00\" \/>\n<meta property=\"og:image\" content=\"https:\/\/elusivedata.io\/wp-content\/uploads\/2025\/06\/Full-Course-SQLite-Forensics.jpg\" \/>\n\t<meta property=\"og:image:width\" content=\"2160\" \/>\n\t<meta property=\"og:image:height\" content=\"1440\" \/>\n\t<meta property=\"og:image:type\" content=\"image\/jpeg\" \/>\n<meta name=\"twitter:card\" content=\"summary_large_image\" \/>\n<meta name=\"twitter:label1\" content=\"Ansl. lesetid\" \/>\n\t<meta name=\"twitter:data1\" content=\"1 minutt\" \/>\n<script type=\"application\/ld+json\" class=\"yoast-schema-graph\">{\"@context\":\"https:\\\/\\\/schema.org\",\"@graph\":[{\"@type\":\"WebPage\",\"@id\":\"https:\\\/\\\/elusivedata.io\\\/product\\\/sqlite-forensics\\\/\",\"url\":\"https:\\\/\\\/elusivedata.io\\\/product\\\/sqlite-forensics\\\/\",\"name\":\"SQLite Forensics Course On-Demand\",\"isPartOf\":{\"@id\":\"https:\\\/\\\/elusivedata.io\\\/#website\"},\"primaryImageOfPage\":{\"@id\":\"https:\\\/\\\/elusivedata.io\\\/product\\\/sqlite-forensics\\\/#primaryimage\"},\"image\":{\"@id\":\"https:\\\/\\\/elusivedata.io\\\/product\\\/sqlite-forensics\\\/#primaryimage\"},\"thumbnailUrl\":\"https:\\\/\\\/elusivedata.io\\\/wp-content\\\/uploads\\\/2025\\\/06\\\/Full-Course-SQLite-Forensics.jpg\",\"datePublished\":\"2025-06-17T08:15:56+00:00\",\"dateModified\":\"2026-03-23T10:20:23+00:00\",\"description\":\"Learn SQLite Forensics through a certified, hands-on training course built for professionals investigating mobile app data. Updated for 2025.\",\"breadcrumb\":{\"@id\":\"https:\\\/\\\/elusivedata.io\\\/product\\\/sqlite-forensics\\\/#breadcrumb\"},\"inLanguage\":\"nb-NO\",\"potentialAction\":[{\"@type\":\"ReadAction\",\"target\":[\"https:\\\/\\\/elusivedata.io\\\/product\\\/sqlite-forensics\\\/\"]}]},{\"@type\":\"ImageObject\",\"inLanguage\":\"nb-NO\",\"@id\":\"https:\\\/\\\/elusivedata.io\\\/product\\\/sqlite-forensics\\\/#primaryimage\",\"url\":\"https:\\\/\\\/elusivedata.io\\\/wp-content\\\/uploads\\\/2025\\\/06\\\/Full-Course-SQLite-Forensics.jpg\",\"contentUrl\":\"https:\\\/\\\/elusivedata.io\\\/wp-content\\\/uploads\\\/2025\\\/06\\\/Full-Course-SQLite-Forensics.jpg\",\"width\":2160,\"height\":1440,\"caption\":\"Full Course SQLite Forensics\"},{\"@type\":\"BreadcrumbList\",\"@id\":\"https:\\\/\\\/elusivedata.io\\\/product\\\/sqlite-forensics\\\/#breadcrumb\",\"itemListElement\":[{\"@type\":\"ListItem\",\"position\":1,\"name\":\"Home\",\"item\":\"https:\\\/\\\/elusivedata.io\\\/\"},{\"@type\":\"ListItem\",\"position\":2,\"name\":\"Products\",\"item\":\"https:\\\/\\\/elusivedata.io\\\/shop\\\/\"},{\"@type\":\"ListItem\",\"position\":3,\"name\":\"SQLite Forensics\"}]},{\"@type\":\"WebSite\",\"@id\":\"https:\\\/\\\/elusivedata.io\\\/#website\",\"url\":\"https:\\\/\\\/elusivedata.io\\\/\",\"name\":\"ElusiveData\",\"description\":\"Excellence in Digital Forensics Training and Consulting\",\"publisher\":{\"@id\":\"https:\\\/\\\/elusivedata.io\\\/#organization\"},\"potentialAction\":[{\"@type\":\"SearchAction\",\"target\":{\"@type\":\"EntryPoint\",\"urlTemplate\":\"https:\\\/\\\/elusivedata.io\\\/?s={search_term_string}\"},\"query-input\":{\"@type\":\"PropertyValueSpecification\",\"valueRequired\":true,\"valueName\":\"search_term_string\"}}],\"inLanguage\":\"nb-NO\"},{\"@type\":\"Organization\",\"@id\":\"https:\\\/\\\/elusivedata.io\\\/#organization\",\"name\":\"ElusiveData\",\"url\":\"https:\\\/\\\/elusivedata.io\\\/\",\"logo\":{\"@type\":\"ImageObject\",\"inLanguage\":\"nb-NO\",\"@id\":\"https:\\\/\\\/elusivedata.io\\\/#\\\/schema\\\/logo\\\/image\\\/\",\"url\":\"https:\\\/\\\/elusivedata.io\\\/wp-content\\\/uploads\\\/2024\\\/11\\\/Asset-3_2x-scaled.png\",\"contentUrl\":\"https:\\\/\\\/elusivedata.io\\\/wp-content\\\/uploads\\\/2024\\\/11\\\/Asset-3_2x-scaled.png\",\"width\":2560,\"height\":370,\"caption\":\"ElusiveData\"},\"image\":{\"@id\":\"https:\\\/\\\/elusivedata.io\\\/#\\\/schema\\\/logo\\\/image\\\/\"},\"sameAs\":[\"https:\\\/\\\/www.youtube.com\\\/@elusivedata\"]}]}<\/script>\n<!-- \/ Yoast SEO Premium plugin. -->","yoast_head_json":{"title":"SQLite Forensics-kurs p\u00e5 foresp\u00f8rsel","description":"L\u00e6r SQLite Forensics gjennom et sertifisert, praktisk oppl\u00e6ringskurs som er utviklet for fagfolk som unders\u00f8ker data fra mobilapper. Oppdatert for 2025.","robots":{"index":"index","follow":"follow","max-snippet":"max-snippet:-1","max-image-preview":"max-image-preview:large","max-video-preview":"max-video-preview:-1"},"canonical":"https:\/\/elusivedata.io\/nb\/product\/sqlite-forensics\/","og_locale":"nb_NO","og_type":"article","og_title":"SQLite Forensics","og_description":"Learn SQLite Forensics through a certified, hands-on training course built for professionals investigating mobile app data. Updated for 2025.","og_url":"https:\/\/elusivedata.io\/nb\/product\/sqlite-forensics\/","og_site_name":"Elusive Data","article_modified_time":"2026-03-23T10:20:23+00:00","og_image":[{"width":2160,"height":1440,"url":"https:\/\/elusivedata.io\/wp-content\/uploads\/2025\/06\/Full-Course-SQLite-Forensics.jpg","type":"image\/jpeg"}],"twitter_card":"summary_large_image","twitter_misc":{"Ansl. lesetid":"1 minutt"},"schema":{"@context":"https:\/\/schema.org","@graph":[{"@type":"WebPage","@id":"https:\/\/elusivedata.io\/product\/sqlite-forensics\/","url":"https:\/\/elusivedata.io\/product\/sqlite-forensics\/","name":"SQLite Forensics-kurs p\u00e5 foresp\u00f8rsel","isPartOf":{"@id":"https:\/\/elusivedata.io\/#website"},"primaryImageOfPage":{"@id":"https:\/\/elusivedata.io\/product\/sqlite-forensics\/#primaryimage"},"image":{"@id":"https:\/\/elusivedata.io\/product\/sqlite-forensics\/#primaryimage"},"thumbnailUrl":"https:\/\/elusivedata.io\/wp-content\/uploads\/2025\/06\/Full-Course-SQLite-Forensics.jpg","datePublished":"2025-06-17T08:15:56+00:00","dateModified":"2026-03-23T10:20:23+00:00","description":"L\u00e6r SQLite Forensics gjennom et sertifisert, praktisk oppl\u00e6ringskurs som er utviklet for fagfolk som unders\u00f8ker data fra mobilapper. Oppdatert for 2025.","breadcrumb":{"@id":"https:\/\/elusivedata.io\/product\/sqlite-forensics\/#breadcrumb"},"inLanguage":"nb-NO","potentialAction":[{"@type":"ReadAction","target":["https:\/\/elusivedata.io\/product\/sqlite-forensics\/"]}]},{"@type":"ImageObject","inLanguage":"nb-NO","@id":"https:\/\/elusivedata.io\/product\/sqlite-forensics\/#primaryimage","url":"https:\/\/elusivedata.io\/wp-content\/uploads\/2025\/06\/Full-Course-SQLite-Forensics.jpg","contentUrl":"https:\/\/elusivedata.io\/wp-content\/uploads\/2025\/06\/Full-Course-SQLite-Forensics.jpg","width":2160,"height":1440,"caption":"Full Course SQLite Forensics"},{"@type":"BreadcrumbList","@id":"https:\/\/elusivedata.io\/product\/sqlite-forensics\/#breadcrumb","itemListElement":[{"@type":"ListItem","position":1,"name":"Home","item":"https:\/\/elusivedata.io\/"},{"@type":"ListItem","position":2,"name":"Products","item":"https:\/\/elusivedata.io\/shop\/"},{"@type":"ListItem","position":3,"name":"SQLite Forensics"}]},{"@type":"WebSite","@id":"https:\/\/elusivedata.io\/#website","url":"https:\/\/elusivedata.io\/","name":"ElusiveData","description":"Fremragende oppl\u00e6ring og r\u00e5dgivning innen digital etterforskning","publisher":{"@id":"https:\/\/elusivedata.io\/#organization"},"potentialAction":[{"@type":"SearchAction","target":{"@type":"EntryPoint","urlTemplate":"https:\/\/elusivedata.io\/?s={search_term_string}"},"query-input":{"@type":"PropertyValueSpecification","valueRequired":true,"valueName":"search_term_string"}}],"inLanguage":"nb-NO"},{"@type":"Organization","@id":"https:\/\/elusivedata.io\/#organization","name":"ElusiveData","url":"https:\/\/elusivedata.io\/","logo":{"@type":"ImageObject","inLanguage":"nb-NO","@id":"https:\/\/elusivedata.io\/#\/schema\/logo\/image\/","url":"https:\/\/elusivedata.io\/wp-content\/uploads\/2024\/11\/Asset-3_2x-scaled.png","contentUrl":"https:\/\/elusivedata.io\/wp-content\/uploads\/2024\/11\/Asset-3_2x-scaled.png","width":2560,"height":370,"caption":"ElusiveData"},"image":{"@id":"https:\/\/elusivedata.io\/#\/schema\/logo\/image\/"},"sameAs":["https:\/\/www.youtube.com\/@elusivedata"]}]}},"_links":{"self":[{"href":"https:\/\/elusivedata.io\/nb\/wp-json\/wp\/v2\/product\/1233","targetHints":{"allow":["GET"]}}],"collection":[{"href":"https:\/\/elusivedata.io\/nb\/wp-json\/wp\/v2\/product"}],"about":[{"href":"https:\/\/elusivedata.io\/nb\/wp-json\/wp\/v2\/types\/product"}],"version-history":[{"count":4,"href":"https:\/\/elusivedata.io\/nb\/wp-json\/wp\/v2\/product\/1233\/revisions"}],"predecessor-version":[{"id":9867,"href":"https:\/\/elusivedata.io\/nb\/wp-json\/wp\/v2\/product\/1233\/revisions\/9867"}],"wp:featuredmedia":[{"embeddable":true,"href":"https:\/\/elusivedata.io\/nb\/wp-json\/wp\/v2\/media\/10745"}],"wp:attachment":[{"href":"https:\/\/elusivedata.io\/nb\/wp-json\/wp\/v2\/media?parent=1233"}],"wp:term":[{"taxonomy":"product_brand","embeddable":true,"href":"https:\/\/elusivedata.io\/nb\/wp-json\/wp\/v2\/product_brand?post=1233"},{"taxonomy":"product_cat","embeddable":true,"href":"https:\/\/elusivedata.io\/nb\/wp-json\/wp\/v2\/product_cat?post=1233"},{"taxonomy":"product_tag","embeddable":true,"href":"https:\/\/elusivedata.io\/nb\/wp-json\/wp\/v2\/product_tag?post=1233"}],"curies":[{"name":"wp","href":"https:\/\/api.w.org\/{rel}","templated":true}]}}