{"id":8829,"date":"2025-06-17T08:15:51","date_gmt":"2025-06-17T08:15:51","guid":{"rendered":"https:\/\/elusivedata.io\/?post_type=product&#038;p=8829"},"modified":"2025-06-24T06:31:11","modified_gmt":"2025-06-24T06:31:11","slug":"missione-blocco-oscurita-locker-7","status":"publish","type":"product","link":"https:\/\/elusivedata.io\/it\/product\/mission-darkness-blocker-locker-7\/","title":{"rendered":"MISSIONE DARKNESS\u2122 BLOCKER LOCKER 7"},"content":{"rendered":"<div data-elementor-type=\"product-post\" data-elementor-id=\"8829\" class=\"elementor elementor-8829\" data-elementor-post-type=\"product\">\n\t\t\t\t<div class=\"elementor-element elementor-element-5065b31 e-flex e-con-boxed e-con e-parent\" data-id=\"5065b31\" data-element_type=\"container\" data-e-type=\"container\">\n\t\t\t\t\t<div class=\"e-con-inner\">\n\t\t\t\t<div class=\"elementor-element elementor-element-d196d7f elementor-widget elementor-widget-text-editor\" data-id=\"d196d7f\" data-element_type=\"widget\" data-e-type=\"widget\" data-widget_type=\"text-editor.default\">\n\t\t\t\t<div class=\"elementor-widget-container\">\n\t\t\t\t\t\t\t\t\t<div id=\"s-642ac8eb-b4be-47fe-ab3a-245b34cb541a\" class=\"shg-c shg-align-center\"><div class=\"shogun-heading-component\"><h2 class=\"ai-optimize-47\"><b>MANTENERE I DISPOSITIVI SOTTO TENSIONE E SCHERMATI<\/b><\/h2><\/div><\/div><div id=\"s-40aee370-da98-48c9-99f8-19370ab9ae6a\" class=\"shg-c shg-align-center\"><div class=\"shogun-heading-component\"><h2 class=\"ai-optimize-48\"><b>Dal sequestro alla conservazione delle prove e all'estrazione dei dati<\/b><\/h2><\/div><\/div><div id=\"s-95d8e798-c7d7-4f19-894f-e7bf352cf121\" class=\"shg-c\"><div class=\"shg-rich-text shg-theme-text-content\"><p class=\"ai-optimize-49 ai-optimize-introduction\">Il sistema Mission Darkness\u2122 Blocker Locker 7\u2122 risolve diversi problemi per gli investigatori e i laboratori forensi. Per accedere e recuperare efficacemente i dati da telefoni cellulari e tablet, i pi\u00f9 recenti strumenti forensi richiedono che i dispositivi rimangano attivi. Pu\u00f2 essere difficile mantenere i dispositivi schermati dai segnali RF, sempre carichi e bloccati in modo sicuro. Il Blocker Locker 7 raggiunge tutti questi obiettivi in un unico armadietto progettato specificamente per la schermatura, la ricarica e il blocco. L'unit\u00e0 comprende sette compartimenti completamente carichi dotati di Window Charge &amp; Shield Faraday Bags per telefoni, mentre ulteriori Charge &amp; Shield Faraday Bags possono essere acquistati in base alle necessit\u00e0 o per aumentare la capacit\u00e0.<\/p><p class=\"ai-optimize-50\">La funzione di ricarica \u00e8 progettata per evitare la modalit\u00e0 di blocco e ridurre il tempo necessario per decifrare un codice di accesso, consentendo la massima estrazione di dati e lo sblocco con strumenti come GrayKey, Cellebrite, Magnet, XRY, BlackBag, Oxygen, ecc.<\/p><p class=\"ai-optimize-51\">Per estrarre i dati da un dispositivo nel Blocker Locker 7, \u00e8 sufficiente sbloccare il singolo scomparto, scollegare il cavo di alimentazione, rimuovere la Charge &amp; Shield Faraday Bag e trasferire il dispositivo in una scatola di faraday forense o in una stanza schermata a RF. Il sacchetto pu\u00f2 essere facilmente aperto all'interno di una scatola di faraday (la chiusura magnetica brevettata NeoLok\u2122 riduce l'abrasione dei guanti di faraday) mentre il dispositivo viene fatto passare nel contenitore schermato. La schermatura e l'alimentazione non vengono mai compromesse, garantendo agli investigatori un processo senza soluzione di continuit\u00e0.<\/p><\/div><\/div><div id=\"s-535fdb56-9822-4870-9dba-ab01bf5d9b5c\" class=\"shg-c\"><div class=\"shg-rich-text shg-theme-text-content\"><p class=\"ai-optimize-52\"><strong><em>NUOVO DESIGN DELL'ARMADIETTO E SUPPORTO PER ARMADIETTO ABBINATO!<\/em><\/strong><\/p><p class=\"ai-optimize-53\">L'esterno del Blocker Locker \u00e8 stato aggiornato nell'ottobre 2022 con una finitura nera e un design a strisce, come mostrato nell'immagine qui sopra. I gradini di utilizzo e gli scomparti interni sono rimasti invariati rispetto al modello precedente, con una finitura grigia.<\/p><p class=\"ai-optimize-54\">Un'unit\u00e0 di alluminio di livello industriale abbinata\u00a0<a href=\"https:\/\/mosequipment.com\/products\/mission-darkness-blocker-locker-7-stand\" target=\"_blank\" rel=\"noopener\">armadietto\u00a0<\/a>\u00e8 stato introdotto nel gennaio 2024. Il supporto accessorio consente di elevare l'armadietto a un'altezza pi\u00f9 agevole per l'utente, ottimizzando lo spazio di lavoro e liberando le aree della scrivania o del bancone e sostenendo il peso dell'armadietto. Questo elimina la necessit\u00e0 di un'installazione approfondita, poich\u00e9 \u00e8 sufficiente ancorare l'unit\u00e0 alla parete.<\/p><\/div><p><iframe title=\"Gli strumenti pi\u00f9 recenti per proteggere le prove digitali: mantenere i dispositivi in carica in sacchetti di faraday dal campo al laboratorio\" width=\"800\" height=\"450\" src=\"https:\/\/www.youtube.com\/embed\/yNt15D0y3No?feature=oembed&enablejsapi=1&origin=https:\/\/elusivedata.io\" frameborder=\"0\" allow=\"accelerometer; autoplay; clipboard-write; encrypted-media; gyroscope; picture-in-picture; web-share\" referrerpolicy=\"strict-origin-when-cross-origin\" allowfullscreen><\/iframe><\/p><\/div><div id=\"s-6dfa3cca-f9ec-4a8d-aee0-14e1c64ee007\" class=\"shg-c\"><div class=\"shogun-heading-component\"><h3><b>Blocker Locker 7\u2122 Caratteristiche<\/b><\/h3><\/div><\/div><div id=\"s-bad7c9cd-926f-42d4-80f8-c1482b07c24c\" class=\"shg-c\"><div class=\"shg-rich-text shg-theme-text-content\"><ul><li>Armadio sicuro con sette scompartimenti progettato specificamente per gli investigatori forensi per mantenere i dispositivi individualmente bloccati, schermati e caricati durante la conservazione.<\/li><li>Utilizzato principalmente come armadietto delle prove per telefoni cellulari e tablet.<\/li><li>Il sistema assicura che l'inserimento e la memorizzazione del dispositivo siano corretti, in modo che il processo di sblocco del codice di accesso e di estrazione dei dati possa essere completato correttamente con i migliori risultati.<\/li><li>Ogni armadio \u00e8 dotato di una presa di corrente con due prese USB e di un'esclusiva serratura esterna.<\/li><li>Il sistema di chiusura consiste in due chiavi per ogni scomparto dell'armadietto, quattro chiavi principali che accedono a tutti gli scomparti dell'armadietto e una cassetta per la consegna delle chiavi con due chiavi.<\/li><li>Spia di alimentazione sull'armadio principale<\/li><li>Il rilevatore di interruzione di corrente invia SMS e\/o e-mail in caso di interruzione dell'alimentazione dell'unit\u00e0.<\/li><li>Adesivo magnetico con le istruzioni d'uso di base applicato all'armadietto (\u00e8 incluso un foglio di istruzioni aggiuntive e approfondite).<\/li><li>Include sette borse Faraday Mission Darkness Window Charge &amp; Shield per telefoni, oltre a tutti i componenti di ricarica e i cavi necessari (una borsa \u00e8 posizionata in ogni scomparto).<\/li><li>I sacchetti Window Charge &amp; Shield Faraday sono progettati in modo esclusivo per la ricarica dei dispositivi nel Blocker Locker 7, per poi essere trasferiti in un box forense Faraday.<\/li><li>Il sistema consente ai dispositivi di rimanere attivi e non danneggiati dopo il sequestro, fino a quando non possono essere interrogati o i dati estratti in un secondo momento.<\/li><li>Le borse di Faraday Window Charge &amp; Shield bloccano WiFi (2,4 e 5GHz), Bluetooth, segnali cellulari comprese le reti 5G, GPS, RFID e segnali radio.<\/li><li>Missione Blocco delle tenebre Armadietto 7 SKU: MDBL-7<\/li><li>Progettato e assemblato negli Stati Uniti<\/li><li>Disponibile per\u00a0<a href=\"https:\/\/mosequipment.com\/pages\/rentals\" target=\"_blank\" rel=\"noopener\">affitto<\/a>, contattateci per un preventivo<\/li><li>Compatibile con il\u00a0<a href=\"https:\/\/mosequipment.com\/products\/mission-darkness-blocker-locker-7-stand\" target=\"_blank\" rel=\"noopener\">Armadietto Blocker 7 Stand<\/a>\u00a0accessorio aggiuntivo; impilabile per un maggiore stoccaggio e supporto<\/li><li>Di seguito sono elencate ulteriori opzioni aggiuntive<\/li><li>Installazione semplice: guardate il\u00a0<a href=\"https:\/\/www.youtube.com\/watch?v=VNqUHj2yK-k&amp;t=1s\" target=\"_blank\" rel=\"noopener\">video di installazione<\/a>\u00a0per ulteriori dettagli<\/li><\/ul><div id=\"s-aabe743a-1c5d-4e8b-ad17-a88a3015dce0\" class=\"shg-c shg-align-left\"><div class=\"shogun-heading-component\"><h3><b>Bloccare, schermare, ricaricare ed estrarre i dati dai dispositivi<\/b><\/h3><\/div><\/div><div id=\"s-61d54b4c-cdb0-4a67-9ce5-6bdf6d661cd1\" class=\"shg-c\"><div class=\"shg-rich-text shg-theme-text-content\"><p>Il sistema completo Blocker Locker 7 - Charge &amp; Shield Evidence Cabinet \u00e8 utilizzato principalmente con oggetti di prova della scienza forense digitale come telefoni cellulari, tablet, localizzatori GPS e dispositivi elettronici simili. Il filtro USB a doppia faccia presente in ogni Charge &amp; Shield Faraday Bag consente all'utente di passare facilmente dall'alimentazione allo strumento di estrazione quando necessario.<\/p><\/div><\/div><div id=\"s-99de235f-fdf8-4158-8f73-6c8f60cf0a4c\" class=\"shg-c\"><div class=\"shogun-heading-component\"><h3><b>Acquisto di altre sacche di Faraday per aumentare la capacit\u00e0 di carica e schermatura<\/b><\/h3><\/div><\/div><div id=\"s-29af5046-f08d-4eb5-83df-7f331e579d0f\" class=\"shg-c\"><div class=\"shg-rich-text shg-theme-text-content\"><p>Il Blocker Locker 7 viene fornito con sette Window Charge &amp; Shield Faraday Bags per telefoni e tutti i componenti di ricarica necessari. La borsa pu\u00f2 essere trasferita dall'armadietto al laboratorio senza compromettere la schermatura RF. In ogni scomparto dell'armadietto possono essere inserite fino a due borse Charge &amp; Shield Faraday. \u00c8 possibile acquistare altre borse Charge &amp; Shield Faraday per supportare pi\u00f9 di sette dispositivi nell'armadietto. Disponibili in formato telefono o tablet, con o senza finestra (*le borse con finestra sono preferibili per l'uso con il Blocker Locker). Altre opzioni aggiuntive sono elencate di seguito. Comunicateci le vostre esigenze in modo da potervi fare un preventivo adeguato.<\/p><\/div><\/div><div id=\"s-fe178d28-2697-40ad-a7bd-834bad92d1d7\" class=\"shg-c\"><div class=\"shogun-heading-component\"><h3><b>Ogni borsa di Faraday Window Charge &amp; Shield comprende<\/b><\/h3><\/div><\/div><div id=\"s-0174bb3d-a575-4af6-897b-e277d0459761\" class=\"shg-c\"><div class=\"shg-rich-text shg-theme-text-content\"><ul><li>Charge &amp; Shield Faraday Bag con finestra trasparente, filtro USB a doppio lato con blocco del cavo esterno, chiusura magnetica NeoLok, numero di serie, tasca per schede e scomparto con cerniera sul retro per contenere i cavi.<\/li><li>Due\u00a0<a href=\"https:\/\/mosequipment.com\/products\/cable-set\" target=\"_blank\" rel=\"noopener\">Set di cavi<\/a>\u00a0(ogni set comprende un angolo universale da USB A\/M ad A\/M, da lightning a USB, micro USB, USB-C e prolunga USB)<\/li><li>Componenti aggiuntivi opzionali per la ricarica a breve termine, come un adattatore per caricabatterie da auto con doppia porta USB, un caricatore da parete con doppia porta USB e power bank a ricarica continua (i dettagli sono elencati di seguito).<\/li><\/ul><\/div><\/div><div id=\"s-16be0ff0-987e-439c-9391-123b66712464\" class=\"shg-c\"><div class=\"shogun-heading-component\"><h3><b>Dimensioni e peso<\/b><\/h3><\/div><\/div><div id=\"s-004d403b-9560-4e2a-ad3a-1cc9def23b34\" class=\"shg-c\"><div class=\"shg-rich-text shg-theme-text-content\"><ul><li>Dimensioni interne dell'armadietto singolo: 13\u2033 L x 18\u2033 L x 4,5\u2033 H (33 cm x 45,7 cm x 11,4 cm).<\/li><li>Dimensioni esterne del mobile: 15\u2033 L x 18\u2033 L x 34\u2033 H (38,1cm x 45,7cm x 86,4cm)<\/li><li>Peso del mobile: 85 libbre (38,6 kg)<\/li><li>Peso di spedizione: 47,6 kg (105 libbre) - viene spedito su pallet<\/li><\/ul><\/div><\/div><\/div><\/div>\t\t\t\t\t\t\t\t<\/div>\n\t\t\t\t<\/div>\n\t\t\t\t\t<\/div>\n\t\t\t\t<\/div>\n\t\t\t\t<\/div>","protected":false},"excerpt":{"rendered":"<p>Il sistema Mission Darkness\u2122 Blocker Locker 7\u2122 risolve diversi problemi per gli investigatori e i laboratori forensi. Per accedere e recuperare efficacemente i dati da telefoni cellulari e tablet, i pi\u00f9 recenti strumenti forensi richiedono che i dispositivi rimangano attivi. Pu\u00f2 essere difficile mantenere i dispositivi schermati dai segnali RF, sempre carichi e bloccati in modo sicuro. Il Blocker Locker 7 raggiunge tutti questi obiettivi in un unico armadietto progettato specificamente per la schermatura, la ricarica e il blocco. L'unit\u00e0 comprende sette compartimenti completamente carichi dotati di Window Charge &amp; Shield Faraday Bags per telefoni, mentre ulteriori Charge &amp; Shield Faraday Bags possono essere acquistati in base alle necessit\u00e0 o per aumentare la capacit\u00e0.<\/p>","protected":false},"featured_media":8833,"template":"","meta":{"content-type":""},"product_brand":[],"product_cat":[108],"product_tag":[],"class_list":{"0":"post-8829","1":"product","2":"type-product","3":"status-publish","4":"has-post-thumbnail","6":"product_cat-future-physical-products","8":"first","9":"instock","10":"taxable","11":"shipping-taxable","12":"purchasable","13":"product-type-simple"},"acf":[],"yoast_head":"<!-- This site is optimized with the Yoast SEO Premium plugin v27.3 (Yoast SEO v27.3) - https:\/\/yoast.com\/product\/yoast-seo-premium-wordpress\/ -->\n<title>MISSION DARKNESS\u2122 BLOCKER LOCKER 7 - Elusive Data<\/title>\n<meta name=\"robots\" content=\"index, follow, max-snippet:-1, max-image-preview:large, max-video-preview:-1\" \/>\n<link rel=\"canonical\" href=\"https:\/\/elusivedata.io\/it\/prodotto\/missione-blocco-oscurita-locker-7\/\" \/>\n<meta property=\"og:locale\" content=\"it_IT\" \/>\n<meta property=\"og:type\" content=\"article\" \/>\n<meta property=\"og:title\" content=\"MISSION DARKNESS\u2122 BLOCKER LOCKER 7\" \/>\n<meta property=\"og:description\" content=\"The Mission Darkness\u2122 Blocker Locker 7\u2122 system solves multiple problems for forensics investigators and labs. To effectively access and recover data from cell phones and tablets, the latest forensic tools require devices to stay live. It can be difficult to keep devices shielded from RF signals, charged at all times, and securely locked. The Blocker Locker 7 accomplishes all of these objectives in a single cabinet designed specifically for shielding, charging, and locking. The unit includes seven fully loaded compartments equipped with Window Charge &amp; Shield Faraday Bags for Phones, while additional Charge &amp; Shield Faraday Bags can be purchased as required or to increase capacity.\" \/>\n<meta property=\"og:url\" content=\"https:\/\/elusivedata.io\/it\/prodotto\/missione-blocco-oscurita-locker-7\/\" \/>\n<meta property=\"og:site_name\" content=\"Elusive Data\" \/>\n<meta property=\"article:modified_time\" content=\"2025-06-24T06:31:11+00:00\" \/>\n<meta property=\"og:image\" content=\"https:\/\/elusivedata.io\/wp-content\/uploads\/2025\/06\/BlockerLocker7BlackFinish_480x480.webp\" \/>\n\t<meta property=\"og:image:width\" content=\"480\" \/>\n\t<meta property=\"og:image:height\" content=\"480\" \/>\n\t<meta property=\"og:image:type\" content=\"image\/webp\" \/>\n<meta name=\"twitter:card\" content=\"summary_large_image\" \/>\n<script type=\"application\/ld+json\" class=\"yoast-schema-graph\">{\"@context\":\"https:\\\/\\\/schema.org\",\"@graph\":[{\"@type\":\"WebPage\",\"@id\":\"https:\\\/\\\/elusivedata.io\\\/product\\\/mission-darkness-blocker-locker-7\\\/\",\"url\":\"https:\\\/\\\/elusivedata.io\\\/product\\\/mission-darkness-blocker-locker-7\\\/\",\"name\":\"MISSION DARKNESS\u2122 BLOCKER LOCKER 7 - Elusive Data\",\"isPartOf\":{\"@id\":\"https:\\\/\\\/elusivedata.io\\\/#website\"},\"primaryImageOfPage\":{\"@id\":\"https:\\\/\\\/elusivedata.io\\\/product\\\/mission-darkness-blocker-locker-7\\\/#primaryimage\"},\"image\":{\"@id\":\"https:\\\/\\\/elusivedata.io\\\/product\\\/mission-darkness-blocker-locker-7\\\/#primaryimage\"},\"thumbnailUrl\":\"https:\\\/\\\/elusivedata.io\\\/wp-content\\\/uploads\\\/2025\\\/06\\\/BlockerLocker7BlackFinish_480x480.webp\",\"datePublished\":\"2025-06-17T08:15:51+00:00\",\"dateModified\":\"2025-06-24T06:31:11+00:00\",\"breadcrumb\":{\"@id\":\"https:\\\/\\\/elusivedata.io\\\/product\\\/mission-darkness-blocker-locker-7\\\/#breadcrumb\"},\"inLanguage\":\"it-IT\",\"potentialAction\":[{\"@type\":\"ReadAction\",\"target\":[\"https:\\\/\\\/elusivedata.io\\\/product\\\/mission-darkness-blocker-locker-7\\\/\"]}]},{\"@type\":\"ImageObject\",\"inLanguage\":\"it-IT\",\"@id\":\"https:\\\/\\\/elusivedata.io\\\/product\\\/mission-darkness-blocker-locker-7\\\/#primaryimage\",\"url\":\"https:\\\/\\\/elusivedata.io\\\/wp-content\\\/uploads\\\/2025\\\/06\\\/BlockerLocker7BlackFinish_480x480.webp\",\"contentUrl\":\"https:\\\/\\\/elusivedata.io\\\/wp-content\\\/uploads\\\/2025\\\/06\\\/BlockerLocker7BlackFinish_480x480.webp\",\"width\":480,\"height\":480,\"caption\":\"Mission Darkness BlockerLocker 7 Faraday case \u2014 secure signal-blocking device storage\"},{\"@type\":\"BreadcrumbList\",\"@id\":\"https:\\\/\\\/elusivedata.io\\\/product\\\/mission-darkness-blocker-locker-7\\\/#breadcrumb\",\"itemListElement\":[{\"@type\":\"ListItem\",\"position\":1,\"name\":\"Home\",\"item\":\"https:\\\/\\\/elusivedata.io\\\/\"},{\"@type\":\"ListItem\",\"position\":2,\"name\":\"Products\",\"item\":\"https:\\\/\\\/elusivedata.io\\\/shop\\\/\"},{\"@type\":\"ListItem\",\"position\":3,\"name\":\"MISSION DARKNESS\u2122 BLOCKER LOCKER 7\"}]},{\"@type\":\"WebSite\",\"@id\":\"https:\\\/\\\/elusivedata.io\\\/#website\",\"url\":\"https:\\\/\\\/elusivedata.io\\\/\",\"name\":\"ElusiveData\",\"description\":\"Excellence in Digital Forensics Training and Consulting\",\"publisher\":{\"@id\":\"https:\\\/\\\/elusivedata.io\\\/#organization\"},\"potentialAction\":[{\"@type\":\"SearchAction\",\"target\":{\"@type\":\"EntryPoint\",\"urlTemplate\":\"https:\\\/\\\/elusivedata.io\\\/?s={search_term_string}\"},\"query-input\":{\"@type\":\"PropertyValueSpecification\",\"valueRequired\":true,\"valueName\":\"search_term_string\"}}],\"inLanguage\":\"it-IT\"},{\"@type\":\"Organization\",\"@id\":\"https:\\\/\\\/elusivedata.io\\\/#organization\",\"name\":\"ElusiveData\",\"url\":\"https:\\\/\\\/elusivedata.io\\\/\",\"logo\":{\"@type\":\"ImageObject\",\"inLanguage\":\"it-IT\",\"@id\":\"https:\\\/\\\/elusivedata.io\\\/#\\\/schema\\\/logo\\\/image\\\/\",\"url\":\"https:\\\/\\\/elusivedata.io\\\/wp-content\\\/uploads\\\/2024\\\/11\\\/Asset-3_2x-scaled.png\",\"contentUrl\":\"https:\\\/\\\/elusivedata.io\\\/wp-content\\\/uploads\\\/2024\\\/11\\\/Asset-3_2x-scaled.png\",\"width\":2560,\"height\":370,\"caption\":\"ElusiveData\"},\"image\":{\"@id\":\"https:\\\/\\\/elusivedata.io\\\/#\\\/schema\\\/logo\\\/image\\\/\"},\"sameAs\":[\"https:\\\/\\\/www.youtube.com\\\/@elusivedata\"]}]}<\/script>\n<!-- \/ Yoast SEO Premium plugin. -->","yoast_head_json":{"title":"MISSION DARKNESS\u2122 BLOCKER LOCKER 7 - Dati elusivi","robots":{"index":"index","follow":"follow","max-snippet":"max-snippet:-1","max-image-preview":"max-image-preview:large","max-video-preview":"max-video-preview:-1"},"canonical":"https:\/\/elusivedata.io\/it\/prodotto\/missione-blocco-oscurita-locker-7\/","og_locale":"it_IT","og_type":"article","og_title":"MISSION DARKNESS\u2122 BLOCKER LOCKER 7","og_description":"The Mission Darkness\u2122 Blocker Locker 7\u2122 system solves multiple problems for forensics investigators and labs. To effectively access and recover data from cell phones and tablets, the latest forensic tools require devices to stay live. It can be difficult to keep devices shielded from RF signals, charged at all times, and securely locked. The Blocker Locker 7 accomplishes all of these objectives in a single cabinet designed specifically for shielding, charging, and locking. The unit includes seven fully loaded compartments equipped with Window Charge &amp; Shield Faraday Bags for Phones, while additional Charge &amp; Shield Faraday Bags can be purchased as required or to increase capacity.","og_url":"https:\/\/elusivedata.io\/it\/prodotto\/missione-blocco-oscurita-locker-7\/","og_site_name":"Elusive Data","article_modified_time":"2025-06-24T06:31:11+00:00","og_image":[{"width":480,"height":480,"url":"https:\/\/elusivedata.io\/wp-content\/uploads\/2025\/06\/BlockerLocker7BlackFinish_480x480.webp","type":"image\/webp"}],"twitter_card":"summary_large_image","schema":{"@context":"https:\/\/schema.org","@graph":[{"@type":"WebPage","@id":"https:\/\/elusivedata.io\/product\/mission-darkness-blocker-locker-7\/","url":"https:\/\/elusivedata.io\/product\/mission-darkness-blocker-locker-7\/","name":"MISSION DARKNESS\u2122 BLOCKER LOCKER 7 - Dati elusivi","isPartOf":{"@id":"https:\/\/elusivedata.io\/#website"},"primaryImageOfPage":{"@id":"https:\/\/elusivedata.io\/product\/mission-darkness-blocker-locker-7\/#primaryimage"},"image":{"@id":"https:\/\/elusivedata.io\/product\/mission-darkness-blocker-locker-7\/#primaryimage"},"thumbnailUrl":"https:\/\/elusivedata.io\/wp-content\/uploads\/2025\/06\/BlockerLocker7BlackFinish_480x480.webp","datePublished":"2025-06-17T08:15:51+00:00","dateModified":"2025-06-24T06:31:11+00:00","breadcrumb":{"@id":"https:\/\/elusivedata.io\/product\/mission-darkness-blocker-locker-7\/#breadcrumb"},"inLanguage":"it-IT","potentialAction":[{"@type":"ReadAction","target":["https:\/\/elusivedata.io\/product\/mission-darkness-blocker-locker-7\/"]}]},{"@type":"ImageObject","inLanguage":"it-IT","@id":"https:\/\/elusivedata.io\/product\/mission-darkness-blocker-locker-7\/#primaryimage","url":"https:\/\/elusivedata.io\/wp-content\/uploads\/2025\/06\/BlockerLocker7BlackFinish_480x480.webp","contentUrl":"https:\/\/elusivedata.io\/wp-content\/uploads\/2025\/06\/BlockerLocker7BlackFinish_480x480.webp","width":480,"height":480,"caption":"Mission Darkness BlockerLocker 7 Faraday case \u2014 secure signal-blocking device storage"},{"@type":"BreadcrumbList","@id":"https:\/\/elusivedata.io\/product\/mission-darkness-blocker-locker-7\/#breadcrumb","itemListElement":[{"@type":"ListItem","position":1,"name":"Home","item":"https:\/\/elusivedata.io\/"},{"@type":"ListItem","position":2,"name":"Products","item":"https:\/\/elusivedata.io\/shop\/"},{"@type":"ListItem","position":3,"name":"MISSION DARKNESS\u2122 BLOCKER LOCKER 7"}]},{"@type":"WebSite","@id":"https:\/\/elusivedata.io\/#website","url":"https:\/\/elusivedata.io\/","name":"ElusiveData","description":"Eccellenza nella formazione e nella consulenza in materia di Digital Forensics","publisher":{"@id":"https:\/\/elusivedata.io\/#organization"},"potentialAction":[{"@type":"SearchAction","target":{"@type":"EntryPoint","urlTemplate":"https:\/\/elusivedata.io\/?s={search_term_string}"},"query-input":{"@type":"PropertyValueSpecification","valueRequired":true,"valueName":"search_term_string"}}],"inLanguage":"it-IT"},{"@type":"Organization","@id":"https:\/\/elusivedata.io\/#organization","name":"ElusiveData","url":"https:\/\/elusivedata.io\/","logo":{"@type":"ImageObject","inLanguage":"it-IT","@id":"https:\/\/elusivedata.io\/#\/schema\/logo\/image\/","url":"https:\/\/elusivedata.io\/wp-content\/uploads\/2024\/11\/Asset-3_2x-scaled.png","contentUrl":"https:\/\/elusivedata.io\/wp-content\/uploads\/2024\/11\/Asset-3_2x-scaled.png","width":2560,"height":370,"caption":"ElusiveData"},"image":{"@id":"https:\/\/elusivedata.io\/#\/schema\/logo\/image\/"},"sameAs":["https:\/\/www.youtube.com\/@elusivedata"]}]}},"_links":{"self":[{"href":"https:\/\/elusivedata.io\/it\/wp-json\/wp\/v2\/product\/8829","targetHints":{"allow":["GET"]}}],"collection":[{"href":"https:\/\/elusivedata.io\/it\/wp-json\/wp\/v2\/product"}],"about":[{"href":"https:\/\/elusivedata.io\/it\/wp-json\/wp\/v2\/types\/product"}],"version-history":[{"count":5,"href":"https:\/\/elusivedata.io\/it\/wp-json\/wp\/v2\/product\/8829\/revisions"}],"predecessor-version":[{"id":8839,"href":"https:\/\/elusivedata.io\/it\/wp-json\/wp\/v2\/product\/8829\/revisions\/8839"}],"wp:featuredmedia":[{"embeddable":true,"href":"https:\/\/elusivedata.io\/it\/wp-json\/wp\/v2\/media\/8833"}],"wp:attachment":[{"href":"https:\/\/elusivedata.io\/it\/wp-json\/wp\/v2\/media?parent=8829"}],"wp:term":[{"taxonomy":"product_brand","embeddable":true,"href":"https:\/\/elusivedata.io\/it\/wp-json\/wp\/v2\/product_brand?post=8829"},{"taxonomy":"product_cat","embeddable":true,"href":"https:\/\/elusivedata.io\/it\/wp-json\/wp\/v2\/product_cat?post=8829"},{"taxonomy":"product_tag","embeddable":true,"href":"https:\/\/elusivedata.io\/it\/wp-json\/wp\/v2\/product_tag?post=8829"}],"curies":[{"name":"wp","href":"https:\/\/api.w.org\/{rel}","templated":true}]}}