{"id":8875,"date":"2025-06-17T08:15:46","date_gmt":"2025-06-17T08:15:46","guid":{"rendered":"https:\/\/elusivedata.io\/?post_type=product&#038;p=8875"},"modified":"2025-06-24T06:31:54","modified_gmt":"2025-06-24T06:31:54","slug":"mission-darkness-dry-shield-faraday-tote-15l","status":"publish","type":"product","link":"https:\/\/elusivedata.io\/fr\/product\/mission-darkness-dry-shield-faraday-tote-15l\/","title":{"rendered":"Mission Darkness\u2122 Dry Shield Faraday Tote 15L"},"content":{"rendered":"<div id=\"s-4cc45054-e3da-4e94-bf83-a31c14a7aa6b\" class=\"shg-c shg-align-left\">\n<div class=\"shogun-heading-component\">\n<h3 >DRY SHIELD FARADAY TOTE 15L - R\u00e9sistant aux intemp\u00e9ries, \u00e0 l'eau, aux signaux<\/h3>\n<\/div>\n<\/div>\n<div id=\"s-79e2236c-717c-409c-bfc5-d889f2450661\" class=\"shg-c\">\n<div class=\"shg-rich-text shg-theme-text-content\">\n<p >Le Mission Darkness\u2122 Dry Shield Faraday Tote 15L bloque compl\u00e8tement tous les signaux sans fil et garde les appareils \u00e9lectroniques de taille moyenne blind\u00e9s pour emp\u00eacher le piratage, le suivi, l'espionnage et la corruption de la cha\u00eene de possession. Lorsqu'un appareil est correctement enferm\u00e9 dans le sac, aucune application ou code malveillant ne peut \u00eatre d\u00e9clench\u00e9 ou effac\u00e9 \u00e0 distance, aucune communication ne peut p\u00e9n\u00e9trer et personne ne peut acc\u00e9der au microphone, \u00e0 l'appareil photo, \u00e0 la localisation GPS ou aux donn\u00e9es. Les principales utilisations sont la collecte de preuves m\u00e9dico-l\u00e9gales par les forces de l'ordre et l'arm\u00e9e, la d\u00e9fense contre le vol de donn\u00e9es, la s\u00e9curit\u00e9 personnelle, la protection contre les perturbations \u00e9lectromagn\u00e9tiques, la r\u00e9duction des rayonnements \u00e9lectromagn\u00e9tiques et l'am\u00e9lioration de la confidentialit\u00e9 num\u00e9rique.<\/p>\n<p >Le sac est construit avec un rev\u00eatement durable et imperm\u00e9able.\u00a0<span class=\"a-list-item\">Mat\u00e9riau ext\u00e9rieur en PVC 500D\u00a0<\/span>et deux couches d'un rev\u00eatement \u00e0 haut blindage\u00a0<a href=\"https:\/\/mosequipment.com\/collections\/faraday-supplies\/products\/titanrf-faraday-fabric\" target=\"_blank\" rel=\"noopener\">Tissu TitanRF\u2122 Faraday<\/a>\u00a0sur tous les c\u00f4t\u00e9s int\u00e9rieurs avec une construction \u00e0 double couture jumel\u00e9e. Il est dot\u00e9 d'une sangle r\u00e9glable et d\u00e9tachable pour le porter \u00e0 l'\u00e9paule ou l'attacher \u00e0 des structures. Le grand espace int\u00e9rieur peut facilement accueillir plusieurs ordinateurs portables, radios, t\u00e9l\u00e9phones portables, tablettes et accessoires. Une poche zipp\u00e9e \u00e9tanche et non blind\u00e9e situ\u00e9e \u00e0 l'ext\u00e9rieur vous permet de garder les petits objets ou appareils fr\u00e9quemment utilis\u00e9s (comme les t\u00e9l\u00e9phones portables) accessibles et en ligne en cas de besoin, et sert \u00e9galement de compartiment de marquage pour l'agence. Les appareils \u00e9lectroniques enferm\u00e9s \u00e0 l'int\u00e9rieur sont garantis de rester secs et hors ligne dans n'importe quel endroit entour\u00e9 d'eau.<\/p>\n<\/div>\n<\/div>","protected":false},"excerpt":{"rendered":"<p class=\"ai-optimize-46\">Le Mission Darkness\u2122 Dry Shield Faraday Tote 15L bloque compl\u00e8tement tous les signaux sans fil et garde les appareils \u00e9lectroniques de taille moyenne blind\u00e9s pour emp\u00eacher le piratage, le suivi, l'espionnage et la corruption de la cha\u00eene de possession. Lorsqu'un appareil est correctement enferm\u00e9 dans le sac, aucune application ou code malveillant ne peut \u00eatre d\u00e9clench\u00e9 ou effac\u00e9 \u00e0 distance, aucune communication ne peut p\u00e9n\u00e9trer et personne ne peut acc\u00e9der au microphone, \u00e0 l'appareil photo, \u00e0 la localisation GPS ou aux donn\u00e9es. Les principales utilisations sont la collecte de preuves m\u00e9dico-l\u00e9gales par les forces de l'ordre et l'arm\u00e9e, la d\u00e9fense contre le vol de donn\u00e9es, la s\u00e9curit\u00e9 personnelle, la protection contre les perturbations \u00e9lectromagn\u00e9tiques, la r\u00e9duction des rayonnements \u00e9lectromagn\u00e9tiques et l'am\u00e9lioration de la confidentialit\u00e9 num\u00e9rique.<\/p>","protected":false},"featured_media":8876,"template":"","meta":{"content-type":""},"product_brand":[],"product_cat":[108],"product_tag":[],"class_list":{"0":"post-8875","1":"product","2":"type-product","3":"status-publish","4":"has-post-thumbnail","6":"product_cat-future-physical-products","8":"first","9":"instock","10":"taxable","11":"shipping-taxable","12":"product-type-simple"},"acf":[],"yoast_head":"<!-- This site is optimized with the Yoast SEO Premium plugin v27.3 (Yoast SEO v27.3) - https:\/\/yoast.com\/product\/yoast-seo-premium-wordpress\/ -->\n<title>Mission Darkness\u2122 Dry Shield Faraday Tote 15L - Elusive Data<\/title>\n<meta name=\"robots\" content=\"index, follow, max-snippet:-1, max-image-preview:large, max-video-preview:-1\" \/>\n<link rel=\"canonical\" href=\"https:\/\/elusivedata.io\/fr\/product\/mission-darkness-dry-shield-faraday-tote-15l\/\" \/>\n<meta property=\"og:locale\" content=\"fr_FR\" \/>\n<meta property=\"og:type\" content=\"article\" \/>\n<meta property=\"og:title\" content=\"Mission Darkness\u2122 Dry Shield Faraday Tote 15L\" \/>\n<meta property=\"og:description\" content=\"The Mission Darkness\u2122 Dry Shield Faraday Tote 15L completely blocks all wireless signals and keeps midsize electronic devices shielded to prevent hacking, tracking, spying, and chain of custody corruption. When a device is properly enclosed in the bag, no apps or malicious code can be remotely triggered or wiped, no communication can penetrate, and no one can access the microphone, camera, GPS location, or data. Primary uses are for law enforcement and military forensic evidence collection, defense against data theft, personal security, EMP protection, EMF radiation reduction, and to enhance digital privacy.\" \/>\n<meta property=\"og:url\" content=\"https:\/\/elusivedata.io\/fr\/product\/mission-darkness-dry-shield-faraday-tote-15l\/\" \/>\n<meta property=\"og:site_name\" content=\"Elusive Data\" \/>\n<meta property=\"article:modified_time\" content=\"2025-06-24T06:31:54+00:00\" \/>\n<meta property=\"og:image\" content=\"https:\/\/elusivedata.io\/wp-content\/uploads\/2025\/06\/DSC02508_480x480.webp\" \/>\n\t<meta property=\"og:image:width\" content=\"480\" \/>\n\t<meta property=\"og:image:height\" content=\"480\" \/>\n\t<meta property=\"og:image:type\" content=\"image\/webp\" \/>\n<meta name=\"twitter:card\" content=\"summary_large_image\" \/>\n<meta name=\"twitter:label1\" content=\"Dur\u00e9e de lecture estim\u00e9e\" \/>\n\t<meta name=\"twitter:data1\" content=\"2 minutes\" \/>\n<script type=\"application\/ld+json\" class=\"yoast-schema-graph\">{\"@context\":\"https:\\\/\\\/schema.org\",\"@graph\":[{\"@type\":\"WebPage\",\"@id\":\"https:\\\/\\\/elusivedata.io\\\/product\\\/mission-darkness-dry-shield-faraday-tote-15l\\\/\",\"url\":\"https:\\\/\\\/elusivedata.io\\\/product\\\/mission-darkness-dry-shield-faraday-tote-15l\\\/\",\"name\":\"Mission Darkness\u2122 Dry Shield Faraday Tote 15L - Elusive Data\",\"isPartOf\":{\"@id\":\"https:\\\/\\\/elusivedata.io\\\/#website\"},\"primaryImageOfPage\":{\"@id\":\"https:\\\/\\\/elusivedata.io\\\/product\\\/mission-darkness-dry-shield-faraday-tote-15l\\\/#primaryimage\"},\"image\":{\"@id\":\"https:\\\/\\\/elusivedata.io\\\/product\\\/mission-darkness-dry-shield-faraday-tote-15l\\\/#primaryimage\"},\"thumbnailUrl\":\"https:\\\/\\\/elusivedata.io\\\/wp-content\\\/uploads\\\/2025\\\/06\\\/DSC02508_480x480.webp\",\"datePublished\":\"2025-06-17T08:15:46+00:00\",\"dateModified\":\"2025-06-24T06:31:54+00:00\",\"breadcrumb\":{\"@id\":\"https:\\\/\\\/elusivedata.io\\\/product\\\/mission-darkness-dry-shield-faraday-tote-15l\\\/#breadcrumb\"},\"inLanguage\":\"fr-FR\",\"potentialAction\":[{\"@type\":\"ReadAction\",\"target\":[\"https:\\\/\\\/elusivedata.io\\\/product\\\/mission-darkness-dry-shield-faraday-tote-15l\\\/\"]}]},{\"@type\":\"ImageObject\",\"inLanguage\":\"fr-FR\",\"@id\":\"https:\\\/\\\/elusivedata.io\\\/product\\\/mission-darkness-dry-shield-faraday-tote-15l\\\/#primaryimage\",\"url\":\"https:\\\/\\\/elusivedata.io\\\/wp-content\\\/uploads\\\/2025\\\/06\\\/DSC02508_480x480.webp\",\"contentUrl\":\"https:\\\/\\\/elusivedata.io\\\/wp-content\\\/uploads\\\/2025\\\/06\\\/DSC02508_480x480.webp\",\"width\":480,\"height\":480,\"caption\":\"Mission Darkness Faraday product detail \u2014 signal-blocking pouch for forensic evidence\"},{\"@type\":\"BreadcrumbList\",\"@id\":\"https:\\\/\\\/elusivedata.io\\\/product\\\/mission-darkness-dry-shield-faraday-tote-15l\\\/#breadcrumb\",\"itemListElement\":[{\"@type\":\"ListItem\",\"position\":1,\"name\":\"Home\",\"item\":\"https:\\\/\\\/elusivedata.io\\\/\"},{\"@type\":\"ListItem\",\"position\":2,\"name\":\"Products\",\"item\":\"https:\\\/\\\/elusivedata.io\\\/shop\\\/\"},{\"@type\":\"ListItem\",\"position\":3,\"name\":\"Mission Darkness\u2122 Dry Shield Faraday Tote 15L\"}]},{\"@type\":\"WebSite\",\"@id\":\"https:\\\/\\\/elusivedata.io\\\/#website\",\"url\":\"https:\\\/\\\/elusivedata.io\\\/\",\"name\":\"ElusiveData\",\"description\":\"Excellence in Digital Forensics Training and Consulting\",\"publisher\":{\"@id\":\"https:\\\/\\\/elusivedata.io\\\/#organization\"},\"potentialAction\":[{\"@type\":\"SearchAction\",\"target\":{\"@type\":\"EntryPoint\",\"urlTemplate\":\"https:\\\/\\\/elusivedata.io\\\/?s={search_term_string}\"},\"query-input\":{\"@type\":\"PropertyValueSpecification\",\"valueRequired\":true,\"valueName\":\"search_term_string\"}}],\"inLanguage\":\"fr-FR\"},{\"@type\":\"Organization\",\"@id\":\"https:\\\/\\\/elusivedata.io\\\/#organization\",\"name\":\"ElusiveData\",\"url\":\"https:\\\/\\\/elusivedata.io\\\/\",\"logo\":{\"@type\":\"ImageObject\",\"inLanguage\":\"fr-FR\",\"@id\":\"https:\\\/\\\/elusivedata.io\\\/#\\\/schema\\\/logo\\\/image\\\/\",\"url\":\"https:\\\/\\\/elusivedata.io\\\/wp-content\\\/uploads\\\/2024\\\/11\\\/Asset-3_2x-scaled.png\",\"contentUrl\":\"https:\\\/\\\/elusivedata.io\\\/wp-content\\\/uploads\\\/2024\\\/11\\\/Asset-3_2x-scaled.png\",\"width\":2560,\"height\":370,\"caption\":\"ElusiveData\"},\"image\":{\"@id\":\"https:\\\/\\\/elusivedata.io\\\/#\\\/schema\\\/logo\\\/image\\\/\"},\"sameAs\":[\"https:\\\/\\\/www.youtube.com\\\/@elusivedata\"]}]}<\/script>\n<!-- \/ Yoast SEO Premium plugin. -->","yoast_head_json":{"title":"Mission Darkness\u2122 Dry Shield Faraday Tote 15L - Elusive Data","robots":{"index":"index","follow":"follow","max-snippet":"max-snippet:-1","max-image-preview":"max-image-preview:large","max-video-preview":"max-video-preview:-1"},"canonical":"https:\/\/elusivedata.io\/fr\/product\/mission-darkness-dry-shield-faraday-tote-15l\/","og_locale":"fr_FR","og_type":"article","og_title":"Mission Darkness\u2122 Dry Shield Faraday Tote 15L","og_description":"The Mission Darkness\u2122 Dry Shield Faraday Tote 15L completely blocks all wireless signals and keeps midsize electronic devices shielded to prevent hacking, tracking, spying, and chain of custody corruption. When a device is properly enclosed in the bag, no apps or malicious code can be remotely triggered or wiped, no communication can penetrate, and no one can access the microphone, camera, GPS location, or data. Primary uses are for law enforcement and military forensic evidence collection, defense against data theft, personal security, EMP protection, EMF radiation reduction, and to enhance digital privacy.","og_url":"https:\/\/elusivedata.io\/fr\/product\/mission-darkness-dry-shield-faraday-tote-15l\/","og_site_name":"Elusive Data","article_modified_time":"2025-06-24T06:31:54+00:00","og_image":[{"width":480,"height":480,"url":"https:\/\/elusivedata.io\/wp-content\/uploads\/2025\/06\/DSC02508_480x480.webp","type":"image\/webp"}],"twitter_card":"summary_large_image","twitter_misc":{"Dur\u00e9e de lecture estim\u00e9e":"2 minutes"},"schema":{"@context":"https:\/\/schema.org","@graph":[{"@type":"WebPage","@id":"https:\/\/elusivedata.io\/product\/mission-darkness-dry-shield-faraday-tote-15l\/","url":"https:\/\/elusivedata.io\/product\/mission-darkness-dry-shield-faraday-tote-15l\/","name":"Mission Darkness\u2122 Dry Shield Faraday Tote 15L - Elusive Data","isPartOf":{"@id":"https:\/\/elusivedata.io\/#website"},"primaryImageOfPage":{"@id":"https:\/\/elusivedata.io\/product\/mission-darkness-dry-shield-faraday-tote-15l\/#primaryimage"},"image":{"@id":"https:\/\/elusivedata.io\/product\/mission-darkness-dry-shield-faraday-tote-15l\/#primaryimage"},"thumbnailUrl":"https:\/\/elusivedata.io\/wp-content\/uploads\/2025\/06\/DSC02508_480x480.webp","datePublished":"2025-06-17T08:15:46+00:00","dateModified":"2025-06-24T06:31:54+00:00","breadcrumb":{"@id":"https:\/\/elusivedata.io\/product\/mission-darkness-dry-shield-faraday-tote-15l\/#breadcrumb"},"inLanguage":"fr-FR","potentialAction":[{"@type":"ReadAction","target":["https:\/\/elusivedata.io\/product\/mission-darkness-dry-shield-faraday-tote-15l\/"]}]},{"@type":"ImageObject","inLanguage":"fr-FR","@id":"https:\/\/elusivedata.io\/product\/mission-darkness-dry-shield-faraday-tote-15l\/#primaryimage","url":"https:\/\/elusivedata.io\/wp-content\/uploads\/2025\/06\/DSC02508_480x480.webp","contentUrl":"https:\/\/elusivedata.io\/wp-content\/uploads\/2025\/06\/DSC02508_480x480.webp","width":480,"height":480,"caption":"Mission Darkness Faraday product detail \u2014 signal-blocking pouch for forensic evidence"},{"@type":"BreadcrumbList","@id":"https:\/\/elusivedata.io\/product\/mission-darkness-dry-shield-faraday-tote-15l\/#breadcrumb","itemListElement":[{"@type":"ListItem","position":1,"name":"Home","item":"https:\/\/elusivedata.io\/"},{"@type":"ListItem","position":2,"name":"Products","item":"https:\/\/elusivedata.io\/shop\/"},{"@type":"ListItem","position":3,"name":"Mission Darkness\u2122 Dry Shield Faraday Tote 15L"}]},{"@type":"WebSite","@id":"https:\/\/elusivedata.io\/#website","url":"https:\/\/elusivedata.io\/","name":"Donn\u00e9es insaisissables","description":"L'excellence en mati\u00e8re de formation et de conseil en criminalistique num\u00e9rique","publisher":{"@id":"https:\/\/elusivedata.io\/#organization"},"potentialAction":[{"@type":"SearchAction","target":{"@type":"EntryPoint","urlTemplate":"https:\/\/elusivedata.io\/?s={search_term_string}"},"query-input":{"@type":"PropertyValueSpecification","valueRequired":true,"valueName":"search_term_string"}}],"inLanguage":"fr-FR"},{"@type":"Organization","@id":"https:\/\/elusivedata.io\/#organization","name":"Donn\u00e9es insaisissables","url":"https:\/\/elusivedata.io\/","logo":{"@type":"ImageObject","inLanguage":"fr-FR","@id":"https:\/\/elusivedata.io\/#\/schema\/logo\/image\/","url":"https:\/\/elusivedata.io\/wp-content\/uploads\/2024\/11\/Asset-3_2x-scaled.png","contentUrl":"https:\/\/elusivedata.io\/wp-content\/uploads\/2024\/11\/Asset-3_2x-scaled.png","width":2560,"height":370,"caption":"ElusiveData"},"image":{"@id":"https:\/\/elusivedata.io\/#\/schema\/logo\/image\/"},"sameAs":["https:\/\/www.youtube.com\/@elusivedata"]}]}},"_links":{"self":[{"href":"https:\/\/elusivedata.io\/fr\/wp-json\/wp\/v2\/product\/8875","targetHints":{"allow":["GET"]}}],"collection":[{"href":"https:\/\/elusivedata.io\/fr\/wp-json\/wp\/v2\/product"}],"about":[{"href":"https:\/\/elusivedata.io\/fr\/wp-json\/wp\/v2\/types\/product"}],"version-history":[{"count":2,"href":"https:\/\/elusivedata.io\/fr\/wp-json\/wp\/v2\/product\/8875\/revisions"}],"predecessor-version":[{"id":10131,"href":"https:\/\/elusivedata.io\/fr\/wp-json\/wp\/v2\/product\/8875\/revisions\/10131"}],"wp:featuredmedia":[{"embeddable":true,"href":"https:\/\/elusivedata.io\/fr\/wp-json\/wp\/v2\/media\/8876"}],"wp:attachment":[{"href":"https:\/\/elusivedata.io\/fr\/wp-json\/wp\/v2\/media?parent=8875"}],"wp:term":[{"taxonomy":"product_brand","embeddable":true,"href":"https:\/\/elusivedata.io\/fr\/wp-json\/wp\/v2\/product_brand?post=8875"},{"taxonomy":"product_cat","embeddable":true,"href":"https:\/\/elusivedata.io\/fr\/wp-json\/wp\/v2\/product_cat?post=8875"},{"taxonomy":"product_tag","embeddable":true,"href":"https:\/\/elusivedata.io\/fr\/wp-json\/wp\/v2\/product_tag?post=8875"}],"curies":[{"name":"wp","href":"https:\/\/api.w.org\/{rel}","templated":true}]}}