{"id":8869,"date":"2025-06-17T08:15:47","date_gmt":"2025-06-17T08:15:47","guid":{"rendered":"https:\/\/elusivedata.io\/?post_type=product&#038;p=8869"},"modified":"2025-06-24T06:31:32","modified_gmt":"2025-06-24T06:31:32","slug":"mission-darkness-cyphercylent-faraday-tent","status":"publish","type":"product","link":"https:\/\/elusivedata.io\/fr\/product\/mission-darkness-cyphercylent-faraday-tent\/","title":{"rendered":"Mission Darkness\u2122 CYPHERCYLENT Tente Faraday"},"content":{"rendered":"<p >La Mission Darkness\u2122 CYPHERCYLENT\u2122 Faraday Tent est une solution de pointe pour cr\u00e9er instantan\u00e9ment des environnements s\u00e9curis\u00e9s et blind\u00e9s contre les radiofr\u00e9quences (RF), particuli\u00e8rement adapt\u00e9s \u00e0 la criminalistique num\u00e9rique. Fabriqu\u00e9e avec pr\u00e9cision, cette tente non cousue est enti\u00e8rement constitu\u00e9e de plusieurs couches de tissu et de ruban TitanRF\u2122 Faraday, des mat\u00e9riaux conducteurs et certifi\u00e9s en laboratoire pour leurs capacit\u00e9s de blindage \u00e9lev\u00e9 contre les signaux RF. Il bloque le WiFi (2,4 et 5 GHz), le Bluetooth, les signaux cellulaires, y compris les r\u00e9seaux 5G, le GPS, le RFID, le NFC et les signaux radio de faible MHz \u00e0 40 GHz. La tente est envelopp\u00e9e d'une coque protectrice l\u00e9g\u00e8re. La conception unique contourne le probl\u00e8me courant des d\u00e9chirures au niveau des coutures, ce qui garantit une durabilit\u00e9 et une long\u00e9vit\u00e9 accrues.<\/p>\n<p >La tente est con\u00e7ue pour \u00eatre facile \u00e0 utiliser. Ses composants sont faciles \u00e0 assembler et \u00e0 r\u00e9parer, ce qui garantit sa fiabilit\u00e9 dans le temps. L'assemblage est encore simplifi\u00e9 par l'utilisation de sangles de tension en velcro, qui permettent d'ajuster facilement le serrage des c\u00f4t\u00e9s, afin de maintenir une installation bien ajust\u00e9e et s\u00fbre.<\/p>\n<p >L'une des principales caract\u00e9ristiques de cette tente est son armature en fibre de carbone, \u00e0 la fois l\u00e9g\u00e8re et robuste, dot\u00e9e de connecteurs modulaires en aluminium en instance de brevet. L'armature est con\u00e7ue pour se connecter sans effort, offrant une structure stable et facilement transportable.<\/p>\n<p >Le syst\u00e8me de porte RFMagLink\u2122, en instance de brevet, est une innovation importante de la tente Faraday CYPHERCYLENT. La porte robuste plaqu\u00e9e de fibre de carbone se replie en sections et est \u00e9quip\u00e9e de loquets pour la maintenir ouverte, offrant un acc\u00e8s pratique. Elle int\u00e8gre trois rang\u00e9es d'aimants dans le cadre de la porte pour la redondance afin de maintenir la porte ferm\u00e9e en toute s\u00e9curit\u00e9, cr\u00e9ant ainsi un joint RF \u00e9tanche. Cette conception facilite l'ouverture et la fermeture de la porte sans compromettre les capacit\u00e9s de blindage de la tente.<\/p>\n<p >Pour la connectivit\u00e9 interne, la tente est \u00e9quip\u00e9e d'un filtre blind\u00e9 qui comprend un port Ethernet RJ45, un port d'alimentation CA et deux ports USB, avec la possibilit\u00e9 de personnaliser et d'inclure des ports de filtre blind\u00e9 suppl\u00e9mentaires. Des c\u00e2bles compatibles et une barre d'alimentation sont inclus dans le kit. Il s'agit donc d'un outil polyvalent pour les enqu\u00eates judiciaires num\u00e9riques et autres op\u00e9rations sensibles n\u00e9cessitant des connexions s\u00e9curis\u00e9es. Il y a suffisamment d'espace \u00e0 l'int\u00e9rieur pour y installer un bureau et du mat\u00e9riel. L'espace est \u00e9clair\u00e9 par un cordon lumineux LED situ\u00e9 au plafond. Un tapis de sol protecteur permet d'amortir l'abrasion du tissu.<\/p>\n<p >La ventilation est g\u00e9r\u00e9e efficacement gr\u00e2ce \u00e0 deux \u00e9vents en aluminium en nid d'abeille, accompagn\u00e9s d'un ventilateur sur pied \u00e0 vitesse r\u00e9glable. Cette configuration assure un environnement confortable en facilitant l'\u00e9vacuation passive et l'admission active de l'air, en maintenant un espace bien ventil\u00e9 \u00e0 l'int\u00e9rieur de la tente.<\/p>\n<p >Malgr\u00e9 ses caract\u00e9ristiques robustes, la tente Faraday de CYPHERCYLENT est remarquablement portable. Les composants sont l\u00e9gers et emball\u00e9s pour l'exp\u00e9dition dans une mallette r\u00e9utilisable avec des roues et des poign\u00e9es, ce qui facilite le transport et le stockage.<\/p>\n<p >La tente est livr\u00e9e avec une vaste gamme d'accessoires suppl\u00e9mentaires, garantissant un blindage et une fonctionnalit\u00e9 complets du d\u00e9but \u00e0 la fin. Ce kit comprend une vari\u00e9t\u00e9 de sacs Faraday sp\u00e9cialis\u00e9s, offrant une solution pour maintenir la s\u00e9curit\u00e9 des appareils mobiles du point de saisie au point d'interrogation. Des patchs de r\u00e9paration conducteurs et du ruban adh\u00e9sif sont \u00e9galement fournis pour rem\u00e9dier rapidement \u00e0 toute usure ou tout dommage mineur, garantissant ainsi la long\u00e9vit\u00e9 et l'efficacit\u00e9 de la tente. En outre, divers c\u00e2bles sont fournis pour faciliter toutes les connexions n\u00e9cessaires dans l'environnement blind\u00e9. Cette gamme compl\u00e8te d'accessoires signifie que tout ce dont vous avez besoin est imm\u00e9diatement disponible, \u00e9liminant ainsi la n\u00e9cessit\u00e9 d'effectuer des achats suppl\u00e9mentaires. Cette approche tout-en-un garantit que vous \u00eates enti\u00e8rement \u00e9quip\u00e9 pour maintenir un espace s\u00e9curis\u00e9 et blind\u00e9 contre les radiofr\u00e9quences pour toute op\u00e9ration sensible.<\/p>\n<p >La tente de Faraday de CYPHERCYLENT repr\u00e9sente une nouvelle r\u00e9f\u00e9rence en mati\u00e8re de chambres de Faraday portables, l\u00e9g\u00e8res, rentables et facilement r\u00e9parables. Sa combinaison de blindage RF efficace, de conception innovante et de caract\u00e9ristiques conviviales en fait le choix optimal pour les professionnels de la criminalistique num\u00e9rique et d'autres domaines n\u00e9cessitant un environnement s\u00e9curis\u00e9 et blind\u00e9 RF.<\/p>","protected":false},"excerpt":{"rendered":"<p class=\"ai-optimize-52 ai-optimize-introduction\">La Mission Darkness\u2122 CYPHERCYLENT\u2122 Faraday Tent est une solution de pointe pour cr\u00e9er instantan\u00e9ment des environnements s\u00e9curis\u00e9s et blind\u00e9s contre les radiofr\u00e9quences (RF), particuli\u00e8rement adapt\u00e9s \u00e0 la criminalistique num\u00e9rique. Fabriqu\u00e9e avec pr\u00e9cision, cette tente non cousue est enti\u00e8rement constitu\u00e9e de plusieurs couches de tissu et de ruban TitanRF\u2122 Faraday, des mat\u00e9riaux conducteurs et certifi\u00e9s en laboratoire pour leurs capacit\u00e9s de blindage \u00e9lev\u00e9 contre les signaux RF. Il bloque le WiFi (2,4 et 5 GHz), le Bluetooth, les signaux cellulaires, y compris les r\u00e9seaux 5G, le GPS, le RFID, le NFC et les signaux radio de faible MHz \u00e0 40 GHz. La tente est envelopp\u00e9e d'une coque protectrice l\u00e9g\u00e8re. La conception unique contourne le probl\u00e8me courant des d\u00e9chirures au niveau des coutures, ce qui garantit une durabilit\u00e9 et une long\u00e9vit\u00e9 accrues.<\/p>","protected":false},"featured_media":8870,"template":"","meta":{"content-type":""},"product_brand":[],"product_cat":[108],"product_tag":[],"class_list":{"0":"post-8869","1":"product","2":"type-product","3":"status-publish","4":"has-post-thumbnail","6":"product_cat-future-physical-products","8":"first","9":"instock","10":"taxable","11":"shipping-taxable","12":"product-type-simple"},"acf":[],"yoast_head":"<!-- This site is optimized with the Yoast SEO Premium plugin v27.3 (Yoast SEO v27.3) - https:\/\/yoast.com\/product\/yoast-seo-premium-wordpress\/ -->\n<title>Mission Darkness\u2122 CYPHERCYLENT Faraday Tent - Elusive Data<\/title>\n<meta name=\"robots\" content=\"index, follow, max-snippet:-1, max-image-preview:large, max-video-preview:-1\" \/>\n<link rel=\"canonical\" href=\"https:\/\/elusivedata.io\/fr\/product\/mission-darkness-cyphercylent-faraday-tent\/\" \/>\n<meta property=\"og:locale\" content=\"fr_FR\" \/>\n<meta property=\"og:type\" content=\"article\" \/>\n<meta property=\"og:title\" content=\"Mission Darkness\u2122 CYPHERCYLENT Faraday Tent\" \/>\n<meta property=\"og:description\" content=\"The Mission Darkness\u2122 CYPHERCYLENT\u2122 Faraday Tent is a cutting-edge solution for instantly creating secure radio frequency (RF) shielded environments, particularly suited for digital forensics. Crafted with precision, this non-stitched tent is made entirely from multiple layers of TitanRF\u2122 Faraday Fabric and Tape, materials that are conductive and lab-certified for their high-shielding capabilities against RF signals. It blocks WiFi (2.4 &amp; 5GHz), Bluetooth, cell signals including 5G networks, GPS, RFID, NFC, and radio signals from low MHz to 40GHz. A lightweight protective outer shell envelops the tent. The unique design circumvents the common issue of tearing at stitched seams, ensuring enhanced durability and longevity.\" \/>\n<meta property=\"og:url\" content=\"https:\/\/elusivedata.io\/fr\/product\/mission-darkness-cyphercylent-faraday-tent\/\" \/>\n<meta property=\"og:site_name\" content=\"Elusive Data\" \/>\n<meta property=\"article:modified_time\" content=\"2025-06-24T06:31:32+00:00\" \/>\n<meta property=\"og:image\" content=\"https:\/\/elusivedata.io\/wp-content\/uploads\/2025\/06\/cctent3_480x480.webp\" \/>\n\t<meta property=\"og:image:width\" content=\"480\" \/>\n\t<meta property=\"og:image:height\" content=\"480\" \/>\n\t<meta property=\"og:image:type\" content=\"image\/webp\" \/>\n<meta name=\"twitter:card\" content=\"summary_large_image\" \/>\n<meta name=\"twitter:label1\" content=\"Dur\u00e9e de lecture estim\u00e9e\" \/>\n\t<meta name=\"twitter:data1\" content=\"3 minutes\" \/>\n<script type=\"application\/ld+json\" class=\"yoast-schema-graph\">{\"@context\":\"https:\\\/\\\/schema.org\",\"@graph\":[{\"@type\":\"WebPage\",\"@id\":\"https:\\\/\\\/elusivedata.io\\\/product\\\/mission-darkness-cyphercylent-faraday-tent\\\/\",\"url\":\"https:\\\/\\\/elusivedata.io\\\/product\\\/mission-darkness-cyphercylent-faraday-tent\\\/\",\"name\":\"Mission Darkness\u2122 CYPHERCYLENT Faraday Tent - Elusive Data\",\"isPartOf\":{\"@id\":\"https:\\\/\\\/elusivedata.io\\\/#website\"},\"primaryImageOfPage\":{\"@id\":\"https:\\\/\\\/elusivedata.io\\\/product\\\/mission-darkness-cyphercylent-faraday-tent\\\/#primaryimage\"},\"image\":{\"@id\":\"https:\\\/\\\/elusivedata.io\\\/product\\\/mission-darkness-cyphercylent-faraday-tent\\\/#primaryimage\"},\"thumbnailUrl\":\"https:\\\/\\\/elusivedata.io\\\/wp-content\\\/uploads\\\/2025\\\/06\\\/cctent3_480x480.webp\",\"datePublished\":\"2025-06-17T08:15:47+00:00\",\"dateModified\":\"2025-06-24T06:31:32+00:00\",\"breadcrumb\":{\"@id\":\"https:\\\/\\\/elusivedata.io\\\/product\\\/mission-darkness-cyphercylent-faraday-tent\\\/#breadcrumb\"},\"inLanguage\":\"fr-FR\",\"potentialAction\":[{\"@type\":\"ReadAction\",\"target\":[\"https:\\\/\\\/elusivedata.io\\\/product\\\/mission-darkness-cyphercylent-faraday-tent\\\/\"]}]},{\"@type\":\"ImageObject\",\"inLanguage\":\"fr-FR\",\"@id\":\"https:\\\/\\\/elusivedata.io\\\/product\\\/mission-darkness-cyphercylent-faraday-tent\\\/#primaryimage\",\"url\":\"https:\\\/\\\/elusivedata.io\\\/wp-content\\\/uploads\\\/2025\\\/06\\\/cctent3_480x480.webp\",\"contentUrl\":\"https:\\\/\\\/elusivedata.io\\\/wp-content\\\/uploads\\\/2025\\\/06\\\/cctent3_480x480.webp\",\"width\":480,\"height\":480,\"caption\":\"Mission Darkness Faraday tent \u2014 large-format signal-blocking enclosure for digital forensics\"},{\"@type\":\"BreadcrumbList\",\"@id\":\"https:\\\/\\\/elusivedata.io\\\/product\\\/mission-darkness-cyphercylent-faraday-tent\\\/#breadcrumb\",\"itemListElement\":[{\"@type\":\"ListItem\",\"position\":1,\"name\":\"Home\",\"item\":\"https:\\\/\\\/elusivedata.io\\\/\"},{\"@type\":\"ListItem\",\"position\":2,\"name\":\"Products\",\"item\":\"https:\\\/\\\/elusivedata.io\\\/shop\\\/\"},{\"@type\":\"ListItem\",\"position\":3,\"name\":\"Mission Darkness\u2122 CYPHERCYLENT Faraday Tent\"}]},{\"@type\":\"WebSite\",\"@id\":\"https:\\\/\\\/elusivedata.io\\\/#website\",\"url\":\"https:\\\/\\\/elusivedata.io\\\/\",\"name\":\"ElusiveData\",\"description\":\"Excellence in Digital Forensics Training and Consulting\",\"publisher\":{\"@id\":\"https:\\\/\\\/elusivedata.io\\\/#organization\"},\"potentialAction\":[{\"@type\":\"SearchAction\",\"target\":{\"@type\":\"EntryPoint\",\"urlTemplate\":\"https:\\\/\\\/elusivedata.io\\\/?s={search_term_string}\"},\"query-input\":{\"@type\":\"PropertyValueSpecification\",\"valueRequired\":true,\"valueName\":\"search_term_string\"}}],\"inLanguage\":\"fr-FR\"},{\"@type\":\"Organization\",\"@id\":\"https:\\\/\\\/elusivedata.io\\\/#organization\",\"name\":\"ElusiveData\",\"url\":\"https:\\\/\\\/elusivedata.io\\\/\",\"logo\":{\"@type\":\"ImageObject\",\"inLanguage\":\"fr-FR\",\"@id\":\"https:\\\/\\\/elusivedata.io\\\/#\\\/schema\\\/logo\\\/image\\\/\",\"url\":\"https:\\\/\\\/elusivedata.io\\\/wp-content\\\/uploads\\\/2024\\\/11\\\/Asset-3_2x-scaled.png\",\"contentUrl\":\"https:\\\/\\\/elusivedata.io\\\/wp-content\\\/uploads\\\/2024\\\/11\\\/Asset-3_2x-scaled.png\",\"width\":2560,\"height\":370,\"caption\":\"ElusiveData\"},\"image\":{\"@id\":\"https:\\\/\\\/elusivedata.io\\\/#\\\/schema\\\/logo\\\/image\\\/\"},\"sameAs\":[\"https:\\\/\\\/www.youtube.com\\\/@elusivedata\"]}]}<\/script>\n<!-- \/ Yoast SEO Premium plugin. -->","yoast_head_json":{"title":"Mission Darkness\u2122 CYPHERCYLENT Tente Faraday - Donn\u00e9es insaisissables","robots":{"index":"index","follow":"follow","max-snippet":"max-snippet:-1","max-image-preview":"max-image-preview:large","max-video-preview":"max-video-preview:-1"},"canonical":"https:\/\/elusivedata.io\/fr\/product\/mission-darkness-cyphercylent-faraday-tent\/","og_locale":"fr_FR","og_type":"article","og_title":"Mission Darkness\u2122 CYPHERCYLENT Faraday Tent","og_description":"The Mission Darkness\u2122 CYPHERCYLENT\u2122 Faraday Tent is a cutting-edge solution for instantly creating secure radio frequency (RF) shielded environments, particularly suited for digital forensics. Crafted with precision, this non-stitched tent is made entirely from multiple layers of TitanRF\u2122 Faraday Fabric and Tape, materials that are conductive and lab-certified for their high-shielding capabilities against RF signals. It blocks WiFi (2.4 &amp; 5GHz), Bluetooth, cell signals including 5G networks, GPS, RFID, NFC, and radio signals from low MHz to 40GHz. A lightweight protective outer shell envelops the tent. The unique design circumvents the common issue of tearing at stitched seams, ensuring enhanced durability and longevity.","og_url":"https:\/\/elusivedata.io\/fr\/product\/mission-darkness-cyphercylent-faraday-tent\/","og_site_name":"Elusive Data","article_modified_time":"2025-06-24T06:31:32+00:00","og_image":[{"width":480,"height":480,"url":"https:\/\/elusivedata.io\/wp-content\/uploads\/2025\/06\/cctent3_480x480.webp","type":"image\/webp"}],"twitter_card":"summary_large_image","twitter_misc":{"Dur\u00e9e de lecture estim\u00e9e":"3 minutes"},"schema":{"@context":"https:\/\/schema.org","@graph":[{"@type":"WebPage","@id":"https:\/\/elusivedata.io\/product\/mission-darkness-cyphercylent-faraday-tent\/","url":"https:\/\/elusivedata.io\/product\/mission-darkness-cyphercylent-faraday-tent\/","name":"Mission Darkness\u2122 CYPHERCYLENT Tente Faraday - Donn\u00e9es insaisissables","isPartOf":{"@id":"https:\/\/elusivedata.io\/#website"},"primaryImageOfPage":{"@id":"https:\/\/elusivedata.io\/product\/mission-darkness-cyphercylent-faraday-tent\/#primaryimage"},"image":{"@id":"https:\/\/elusivedata.io\/product\/mission-darkness-cyphercylent-faraday-tent\/#primaryimage"},"thumbnailUrl":"https:\/\/elusivedata.io\/wp-content\/uploads\/2025\/06\/cctent3_480x480.webp","datePublished":"2025-06-17T08:15:47+00:00","dateModified":"2025-06-24T06:31:32+00:00","breadcrumb":{"@id":"https:\/\/elusivedata.io\/product\/mission-darkness-cyphercylent-faraday-tent\/#breadcrumb"},"inLanguage":"fr-FR","potentialAction":[{"@type":"ReadAction","target":["https:\/\/elusivedata.io\/product\/mission-darkness-cyphercylent-faraday-tent\/"]}]},{"@type":"ImageObject","inLanguage":"fr-FR","@id":"https:\/\/elusivedata.io\/product\/mission-darkness-cyphercylent-faraday-tent\/#primaryimage","url":"https:\/\/elusivedata.io\/wp-content\/uploads\/2025\/06\/cctent3_480x480.webp","contentUrl":"https:\/\/elusivedata.io\/wp-content\/uploads\/2025\/06\/cctent3_480x480.webp","width":480,"height":480,"caption":"Mission Darkness Faraday tent \u2014 large-format signal-blocking enclosure for digital forensics"},{"@type":"BreadcrumbList","@id":"https:\/\/elusivedata.io\/product\/mission-darkness-cyphercylent-faraday-tent\/#breadcrumb","itemListElement":[{"@type":"ListItem","position":1,"name":"Home","item":"https:\/\/elusivedata.io\/"},{"@type":"ListItem","position":2,"name":"Products","item":"https:\/\/elusivedata.io\/shop\/"},{"@type":"ListItem","position":3,"name":"Mission Darkness\u2122 CYPHERCYLENT Faraday Tent"}]},{"@type":"WebSite","@id":"https:\/\/elusivedata.io\/#website","url":"https:\/\/elusivedata.io\/","name":"Donn\u00e9es insaisissables","description":"L'excellence en mati\u00e8re de formation et de conseil en criminalistique num\u00e9rique","publisher":{"@id":"https:\/\/elusivedata.io\/#organization"},"potentialAction":[{"@type":"SearchAction","target":{"@type":"EntryPoint","urlTemplate":"https:\/\/elusivedata.io\/?s={search_term_string}"},"query-input":{"@type":"PropertyValueSpecification","valueRequired":true,"valueName":"search_term_string"}}],"inLanguage":"fr-FR"},{"@type":"Organization","@id":"https:\/\/elusivedata.io\/#organization","name":"Donn\u00e9es insaisissables","url":"https:\/\/elusivedata.io\/","logo":{"@type":"ImageObject","inLanguage":"fr-FR","@id":"https:\/\/elusivedata.io\/#\/schema\/logo\/image\/","url":"https:\/\/elusivedata.io\/wp-content\/uploads\/2024\/11\/Asset-3_2x-scaled.png","contentUrl":"https:\/\/elusivedata.io\/wp-content\/uploads\/2024\/11\/Asset-3_2x-scaled.png","width":2560,"height":370,"caption":"ElusiveData"},"image":{"@id":"https:\/\/elusivedata.io\/#\/schema\/logo\/image\/"},"sameAs":["https:\/\/www.youtube.com\/@elusivedata"]}]}},"_links":{"self":[{"href":"https:\/\/elusivedata.io\/fr\/wp-json\/wp\/v2\/product\/8869","targetHints":{"allow":["GET"]}}],"collection":[{"href":"https:\/\/elusivedata.io\/fr\/wp-json\/wp\/v2\/product"}],"about":[{"href":"https:\/\/elusivedata.io\/fr\/wp-json\/wp\/v2\/types\/product"}],"version-history":[{"count":2,"href":"https:\/\/elusivedata.io\/fr\/wp-json\/wp\/v2\/product\/8869\/revisions"}],"predecessor-version":[{"id":10130,"href":"https:\/\/elusivedata.io\/fr\/wp-json\/wp\/v2\/product\/8869\/revisions\/10130"}],"wp:featuredmedia":[{"embeddable":true,"href":"https:\/\/elusivedata.io\/fr\/wp-json\/wp\/v2\/media\/8870"}],"wp:attachment":[{"href":"https:\/\/elusivedata.io\/fr\/wp-json\/wp\/v2\/media?parent=8869"}],"wp:term":[{"taxonomy":"product_brand","embeddable":true,"href":"https:\/\/elusivedata.io\/fr\/wp-json\/wp\/v2\/product_brand?post=8869"},{"taxonomy":"product_cat","embeddable":true,"href":"https:\/\/elusivedata.io\/fr\/wp-json\/wp\/v2\/product_cat?post=8869"},{"taxonomy":"product_tag","embeddable":true,"href":"https:\/\/elusivedata.io\/fr\/wp-json\/wp\/v2\/product_tag?post=8869"}],"curies":[{"name":"wp","href":"https:\/\/api.w.org\/{rel}","templated":true}]}}