{"id":8863,"date":"2025-06-17T08:15:48","date_gmt":"2025-06-17T08:15:48","guid":{"rendered":"https:\/\/elusivedata.io\/?post_type=product&#038;p=8863"},"modified":"2025-06-24T06:31:27","modified_gmt":"2025-06-24T06:31:27","slug":"mission-darkness-dry-shield-faraday-phone-sleeve-inventory","status":"publish","type":"product","link":"https:\/\/elusivedata.io\/fr\/product\/mission-darkness-dry-shield-faraday-phone-sleeve-inventory\/","title":{"rendered":"Mission Darkness Dry Shield Faraday Phone Sleeve - Inventaire"},"content":{"rendered":"<p ><span data-fontfamily=\"Open Sans\">La housse de t\u00e9l\u00e9phone Faraday Dry Shield de Mission Darkness\u2122 bloque compl\u00e8tement tous les signaux sans fil et maintient les petits appareils \u00e9lectroniques blind\u00e9s pour emp\u00eacher le piratage, le suivi, l'espionnage et la corruption de la cha\u00eene de possession. Lorsqu'un t\u00e9l\u00e9phone portable est correctement enferm\u00e9 dans le sac, aucune application ou code malveillant ne peut \u00eatre d\u00e9clench\u00e9 ou effac\u00e9 \u00e0 distance, aucune communication ne peut p\u00e9n\u00e9trer, et personne ne peut acc\u00e9der au microphone, \u00e0 l'appareil photo, \u00e0 la localisation GPS ou aux donn\u00e9es. Les principales utilisations sont la collecte de preuves m\u00e9dico-l\u00e9gales par les forces de l'ordre et l'arm\u00e9e, la d\u00e9fense contre le vol de donn\u00e9es, la s\u00e9curit\u00e9 personnelle, la protection contre les perturbations \u00e9lectromagn\u00e9tiques, la r\u00e9duction des rayonnements \u00e9lectromagn\u00e9tiques et l'am\u00e9lioration de la confidentialit\u00e9 num\u00e9rique.<\/span><\/p>\n<p class=\"a-spacing-base\"><span data-fontfamily=\"Open Sans\">Le sac est construit avec des mat\u00e9riaux ext\u00e9rieurs 600D TPU et 420D TPU extr\u00eamement durables et imperm\u00e9ables pour garantir que le(s) appareil(s) et la doublure Faraday restent secs et prot\u00e9g\u00e9s. L'int\u00e9rieur comprend deux couches de mat\u00e9riaux \u00e0 haut blindage.\u00a0<a href=\"https:\/\/mosequipment.com\/collections\/faraday-supplies\/products\/titanrf-faraday-fabric\">Tissu TitanRF\u2122 Faraday<\/a>\u00a0sur tous les c\u00f4t\u00e9s avec une construction \u00e0 double couture jumel\u00e9e. Le sac bloque tous les signaux sans fil, notamment le WiFi (2,4 et 5 GHz), le Bluetooth, les signaux cellulaires, y compris les r\u00e9seaux 5G, le GPS, le RFID, le NFC et les signaux radio de faible MHz \u00e0 40 GHz. Le sac s'ouvre et se ferme facilement \u00e0 l'aide de la fermeture brevet\u00e9e NeoLok\u2122, compos\u00e9e d'un double rouleau plus un joint magn\u00e9tique en n\u00e9odyme. Les appareils enferm\u00e9s \u00e0 l'int\u00e9rieur sont garantis de rester secs et hors ligne dans n'importe quel endroit entour\u00e9 d'eau.<\/span><\/p>","protected":false},"excerpt":{"rendered":"<p class=\"ai-optimize-45 ai-optimize-introduction\">La housse de t\u00e9l\u00e9phone Faraday Dry Shield de Mission Darkness\u2122 bloque compl\u00e8tement tous les signaux sans fil et maintient les petits appareils \u00e9lectroniques blind\u00e9s pour emp\u00eacher le piratage, le suivi, l'espionnage et la corruption de la cha\u00eene de possession. Lorsqu'un t\u00e9l\u00e9phone portable est correctement enferm\u00e9 dans le sac, aucune application ou code malveillant ne peut \u00eatre d\u00e9clench\u00e9 ou effac\u00e9 \u00e0 distance, aucune communication ne peut p\u00e9n\u00e9trer, et personne ne peut acc\u00e9der au microphone, \u00e0 l'appareil photo, \u00e0 la localisation GPS ou aux donn\u00e9es. Les principales utilisations sont la collecte de preuves m\u00e9dico-l\u00e9gales par les forces de l'ordre et l'arm\u00e9e, la d\u00e9fense contre le vol de donn\u00e9es, la s\u00e9curit\u00e9 personnelle, la protection contre les perturbations \u00e9lectromagn\u00e9tiques, la r\u00e9duction des rayonnements \u00e9lectromagn\u00e9tiques et l'am\u00e9lioration de la confidentialit\u00e9 num\u00e9rique.<\/p>","protected":false},"featured_media":8867,"template":"","meta":{"content-type":""},"product_brand":[],"product_cat":[108],"product_tag":[],"class_list":{"0":"post-8863","1":"product","2":"type-product","3":"status-publish","4":"has-post-thumbnail","6":"product_cat-future-physical-products","8":"first","9":"instock","10":"taxable","11":"shipping-taxable","12":"product-type-simple"},"acf":[],"yoast_head":"<!-- This site is optimized with the Yoast SEO Premium plugin v27.3 (Yoast SEO v27.3) - https:\/\/yoast.com\/product\/yoast-seo-premium-wordpress\/ -->\n<title>Mission Darkness Dry Shield Faraday Phone Sleeve - Inventory - Elusive Data<\/title>\n<meta name=\"robots\" content=\"index, follow, max-snippet:-1, max-image-preview:large, max-video-preview:-1\" \/>\n<link rel=\"canonical\" href=\"https:\/\/elusivedata.io\/fr\/product\/mission-darkness-dry-shield-faraday-phone-sleeve-inventory\/\" \/>\n<meta property=\"og:locale\" content=\"fr_FR\" \/>\n<meta property=\"og:type\" content=\"article\" \/>\n<meta property=\"og:title\" content=\"Mission Darkness Dry Shield Faraday Phone Sleeve - Inventory\" \/>\n<meta property=\"og:description\" content=\"The Mission Darkness\u2122 Dry Shield Faraday Phone Sleeve completely blocks all wireless signals and keeps small electronic devices shielded to prevent hacking, tracking, spying, and chain of custody corruption. When a cell phone is properly enclosed in the bag, no apps or malicious code can be remotely triggered or wiped, no communication can penetrate, and no one can access the microphone, camera, GPS location, or data. Primary uses are for law enforcement and military forensic evidence collection, defense against data theft, personal security, EMP protection, EMF radiation reduction, and enhancing digital privacy.\" \/>\n<meta property=\"og:url\" content=\"https:\/\/elusivedata.io\/fr\/product\/mission-darkness-dry-shield-faraday-phone-sleeve-inventory\/\" \/>\n<meta property=\"og:site_name\" content=\"Elusive Data\" \/>\n<meta property=\"article:modified_time\" content=\"2025-06-24T06:31:27+00:00\" \/>\n<meta property=\"og:image\" content=\"https:\/\/elusivedata.io\/wp-content\/uploads\/2025\/06\/DSPS_front_angle_closed_480x480.jpg\" \/>\n\t<meta property=\"og:image:width\" content=\"480\" \/>\n\t<meta property=\"og:image:height\" content=\"480\" \/>\n\t<meta property=\"og:image:type\" content=\"image\/jpeg\" \/>\n<meta name=\"twitter:card\" content=\"summary_large_image\" \/>\n<meta name=\"twitter:label1\" content=\"Dur\u00e9e de lecture estim\u00e9e\" \/>\n\t<meta name=\"twitter:data1\" content=\"2 minutes\" \/>\n<script type=\"application\/ld+json\" class=\"yoast-schema-graph\">{\"@context\":\"https:\\\/\\\/schema.org\",\"@graph\":[{\"@type\":\"WebPage\",\"@id\":\"https:\\\/\\\/elusivedata.io\\\/product\\\/mission-darkness-dry-shield-faraday-phone-sleeve-inventory\\\/\",\"url\":\"https:\\\/\\\/elusivedata.io\\\/product\\\/mission-darkness-dry-shield-faraday-phone-sleeve-inventory\\\/\",\"name\":\"Mission Darkness Dry Shield Faraday Phone Sleeve - Inventory - Elusive Data\",\"isPartOf\":{\"@id\":\"https:\\\/\\\/elusivedata.io\\\/#website\"},\"primaryImageOfPage\":{\"@id\":\"https:\\\/\\\/elusivedata.io\\\/product\\\/mission-darkness-dry-shield-faraday-phone-sleeve-inventory\\\/#primaryimage\"},\"image\":{\"@id\":\"https:\\\/\\\/elusivedata.io\\\/product\\\/mission-darkness-dry-shield-faraday-phone-sleeve-inventory\\\/#primaryimage\"},\"thumbnailUrl\":\"https:\\\/\\\/elusivedata.io\\\/wp-content\\\/uploads\\\/2025\\\/06\\\/DSPS_front_angle_closed_480x480.jpg\",\"datePublished\":\"2025-06-17T08:15:48+00:00\",\"dateModified\":\"2025-06-24T06:31:27+00:00\",\"breadcrumb\":{\"@id\":\"https:\\\/\\\/elusivedata.io\\\/product\\\/mission-darkness-dry-shield-faraday-phone-sleeve-inventory\\\/#breadcrumb\"},\"inLanguage\":\"fr-FR\",\"potentialAction\":[{\"@type\":\"ReadAction\",\"target\":[\"https:\\\/\\\/elusivedata.io\\\/product\\\/mission-darkness-dry-shield-faraday-phone-sleeve-inventory\\\/\"]}]},{\"@type\":\"ImageObject\",\"inLanguage\":\"fr-FR\",\"@id\":\"https:\\\/\\\/elusivedata.io\\\/product\\\/mission-darkness-dry-shield-faraday-phone-sleeve-inventory\\\/#primaryimage\",\"url\":\"https:\\\/\\\/elusivedata.io\\\/wp-content\\\/uploads\\\/2025\\\/06\\\/DSPS_front_angle_closed_480x480.jpg\",\"contentUrl\":\"https:\\\/\\\/elusivedata.io\\\/wp-content\\\/uploads\\\/2025\\\/06\\\/DSPS_front_angle_closed_480x480.jpg\",\"width\":480,\"height\":480,\"caption\":\"Mission Darkness DSPS Faraday bag \u2014 signal-blocking pouch for digital evidence collection\"},{\"@type\":\"BreadcrumbList\",\"@id\":\"https:\\\/\\\/elusivedata.io\\\/product\\\/mission-darkness-dry-shield-faraday-phone-sleeve-inventory\\\/#breadcrumb\",\"itemListElement\":[{\"@type\":\"ListItem\",\"position\":1,\"name\":\"Home\",\"item\":\"https:\\\/\\\/elusivedata.io\\\/\"},{\"@type\":\"ListItem\",\"position\":2,\"name\":\"Products\",\"item\":\"https:\\\/\\\/elusivedata.io\\\/shop\\\/\"},{\"@type\":\"ListItem\",\"position\":3,\"name\":\"Mission Darkness Dry Shield Faraday Phone Sleeve &#8211; Inventory\"}]},{\"@type\":\"WebSite\",\"@id\":\"https:\\\/\\\/elusivedata.io\\\/#website\",\"url\":\"https:\\\/\\\/elusivedata.io\\\/\",\"name\":\"ElusiveData\",\"description\":\"Excellence in Digital Forensics Training and Consulting\",\"publisher\":{\"@id\":\"https:\\\/\\\/elusivedata.io\\\/#organization\"},\"potentialAction\":[{\"@type\":\"SearchAction\",\"target\":{\"@type\":\"EntryPoint\",\"urlTemplate\":\"https:\\\/\\\/elusivedata.io\\\/?s={search_term_string}\"},\"query-input\":{\"@type\":\"PropertyValueSpecification\",\"valueRequired\":true,\"valueName\":\"search_term_string\"}}],\"inLanguage\":\"fr-FR\"},{\"@type\":\"Organization\",\"@id\":\"https:\\\/\\\/elusivedata.io\\\/#organization\",\"name\":\"ElusiveData\",\"url\":\"https:\\\/\\\/elusivedata.io\\\/\",\"logo\":{\"@type\":\"ImageObject\",\"inLanguage\":\"fr-FR\",\"@id\":\"https:\\\/\\\/elusivedata.io\\\/#\\\/schema\\\/logo\\\/image\\\/\",\"url\":\"https:\\\/\\\/elusivedata.io\\\/wp-content\\\/uploads\\\/2024\\\/11\\\/Asset-3_2x-scaled.png\",\"contentUrl\":\"https:\\\/\\\/elusivedata.io\\\/wp-content\\\/uploads\\\/2024\\\/11\\\/Asset-3_2x-scaled.png\",\"width\":2560,\"height\":370,\"caption\":\"ElusiveData\"},\"image\":{\"@id\":\"https:\\\/\\\/elusivedata.io\\\/#\\\/schema\\\/logo\\\/image\\\/\"},\"sameAs\":[\"https:\\\/\\\/www.youtube.com\\\/@elusivedata\"]}]}<\/script>\n<!-- \/ Yoast SEO Premium plugin. -->","yoast_head_json":{"title":"Mission Darkness Dry Shield Faraday Phone Sleeve - Inventaire - Elusive Data","robots":{"index":"index","follow":"follow","max-snippet":"max-snippet:-1","max-image-preview":"max-image-preview:large","max-video-preview":"max-video-preview:-1"},"canonical":"https:\/\/elusivedata.io\/fr\/product\/mission-darkness-dry-shield-faraday-phone-sleeve-inventory\/","og_locale":"fr_FR","og_type":"article","og_title":"Mission Darkness Dry Shield Faraday Phone Sleeve - Inventory","og_description":"The Mission Darkness\u2122 Dry Shield Faraday Phone Sleeve completely blocks all wireless signals and keeps small electronic devices shielded to prevent hacking, tracking, spying, and chain of custody corruption. When a cell phone is properly enclosed in the bag, no apps or malicious code can be remotely triggered or wiped, no communication can penetrate, and no one can access the microphone, camera, GPS location, or data. Primary uses are for law enforcement and military forensic evidence collection, defense against data theft, personal security, EMP protection, EMF radiation reduction, and enhancing digital privacy.","og_url":"https:\/\/elusivedata.io\/fr\/product\/mission-darkness-dry-shield-faraday-phone-sleeve-inventory\/","og_site_name":"Elusive Data","article_modified_time":"2025-06-24T06:31:27+00:00","og_image":[{"width":480,"height":480,"url":"https:\/\/elusivedata.io\/wp-content\/uploads\/2025\/06\/DSPS_front_angle_closed_480x480.jpg","type":"image\/jpeg"}],"twitter_card":"summary_large_image","twitter_misc":{"Dur\u00e9e de lecture estim\u00e9e":"2 minutes"},"schema":{"@context":"https:\/\/schema.org","@graph":[{"@type":"WebPage","@id":"https:\/\/elusivedata.io\/product\/mission-darkness-dry-shield-faraday-phone-sleeve-inventory\/","url":"https:\/\/elusivedata.io\/product\/mission-darkness-dry-shield-faraday-phone-sleeve-inventory\/","name":"Mission Darkness Dry Shield Faraday Phone Sleeve - Inventaire - Elusive Data","isPartOf":{"@id":"https:\/\/elusivedata.io\/#website"},"primaryImageOfPage":{"@id":"https:\/\/elusivedata.io\/product\/mission-darkness-dry-shield-faraday-phone-sleeve-inventory\/#primaryimage"},"image":{"@id":"https:\/\/elusivedata.io\/product\/mission-darkness-dry-shield-faraday-phone-sleeve-inventory\/#primaryimage"},"thumbnailUrl":"https:\/\/elusivedata.io\/wp-content\/uploads\/2025\/06\/DSPS_front_angle_closed_480x480.jpg","datePublished":"2025-06-17T08:15:48+00:00","dateModified":"2025-06-24T06:31:27+00:00","breadcrumb":{"@id":"https:\/\/elusivedata.io\/product\/mission-darkness-dry-shield-faraday-phone-sleeve-inventory\/#breadcrumb"},"inLanguage":"fr-FR","potentialAction":[{"@type":"ReadAction","target":["https:\/\/elusivedata.io\/product\/mission-darkness-dry-shield-faraday-phone-sleeve-inventory\/"]}]},{"@type":"ImageObject","inLanguage":"fr-FR","@id":"https:\/\/elusivedata.io\/product\/mission-darkness-dry-shield-faraday-phone-sleeve-inventory\/#primaryimage","url":"https:\/\/elusivedata.io\/wp-content\/uploads\/2025\/06\/DSPS_front_angle_closed_480x480.jpg","contentUrl":"https:\/\/elusivedata.io\/wp-content\/uploads\/2025\/06\/DSPS_front_angle_closed_480x480.jpg","width":480,"height":480,"caption":"Mission Darkness DSPS Faraday bag \u2014 signal-blocking pouch for digital evidence collection"},{"@type":"BreadcrumbList","@id":"https:\/\/elusivedata.io\/product\/mission-darkness-dry-shield-faraday-phone-sleeve-inventory\/#breadcrumb","itemListElement":[{"@type":"ListItem","position":1,"name":"Home","item":"https:\/\/elusivedata.io\/"},{"@type":"ListItem","position":2,"name":"Products","item":"https:\/\/elusivedata.io\/shop\/"},{"@type":"ListItem","position":3,"name":"Mission Darkness Dry Shield Faraday Phone Sleeve &#8211; Inventory"}]},{"@type":"WebSite","@id":"https:\/\/elusivedata.io\/#website","url":"https:\/\/elusivedata.io\/","name":"Donn\u00e9es insaisissables","description":"L'excellence en mati\u00e8re de formation et de conseil en criminalistique num\u00e9rique","publisher":{"@id":"https:\/\/elusivedata.io\/#organization"},"potentialAction":[{"@type":"SearchAction","target":{"@type":"EntryPoint","urlTemplate":"https:\/\/elusivedata.io\/?s={search_term_string}"},"query-input":{"@type":"PropertyValueSpecification","valueRequired":true,"valueName":"search_term_string"}}],"inLanguage":"fr-FR"},{"@type":"Organization","@id":"https:\/\/elusivedata.io\/#organization","name":"Donn\u00e9es insaisissables","url":"https:\/\/elusivedata.io\/","logo":{"@type":"ImageObject","inLanguage":"fr-FR","@id":"https:\/\/elusivedata.io\/#\/schema\/logo\/image\/","url":"https:\/\/elusivedata.io\/wp-content\/uploads\/2024\/11\/Asset-3_2x-scaled.png","contentUrl":"https:\/\/elusivedata.io\/wp-content\/uploads\/2024\/11\/Asset-3_2x-scaled.png","width":2560,"height":370,"caption":"ElusiveData"},"image":{"@id":"https:\/\/elusivedata.io\/#\/schema\/logo\/image\/"},"sameAs":["https:\/\/www.youtube.com\/@elusivedata"]}]}},"_links":{"self":[{"href":"https:\/\/elusivedata.io\/fr\/wp-json\/wp\/v2\/product\/8863","targetHints":{"allow":["GET"]}}],"collection":[{"href":"https:\/\/elusivedata.io\/fr\/wp-json\/wp\/v2\/product"}],"about":[{"href":"https:\/\/elusivedata.io\/fr\/wp-json\/wp\/v2\/types\/product"}],"version-history":[{"count":2,"href":"https:\/\/elusivedata.io\/fr\/wp-json\/wp\/v2\/product\/8863\/revisions"}],"predecessor-version":[{"id":10129,"href":"https:\/\/elusivedata.io\/fr\/wp-json\/wp\/v2\/product\/8863\/revisions\/10129"}],"wp:featuredmedia":[{"embeddable":true,"href":"https:\/\/elusivedata.io\/fr\/wp-json\/wp\/v2\/media\/8867"}],"wp:attachment":[{"href":"https:\/\/elusivedata.io\/fr\/wp-json\/wp\/v2\/media?parent=8863"}],"wp:term":[{"taxonomy":"product_brand","embeddable":true,"href":"https:\/\/elusivedata.io\/fr\/wp-json\/wp\/v2\/product_brand?post=8863"},{"taxonomy":"product_cat","embeddable":true,"href":"https:\/\/elusivedata.io\/fr\/wp-json\/wp\/v2\/product_cat?post=8863"},{"taxonomy":"product_tag","embeddable":true,"href":"https:\/\/elusivedata.io\/fr\/wp-json\/wp\/v2\/product_tag?post=8863"}],"curies":[{"name":"wp","href":"https:\/\/api.w.org\/{rel}","templated":true}]}}