{"id":8840,"date":"2025-06-17T08:15:51","date_gmt":"2025-06-17T08:15:51","guid":{"rendered":"https:\/\/elusivedata.io\/?post_type=product&#038;p=8840"},"modified":"2025-06-24T06:31:05","modified_gmt":"2025-06-24T06:31:05","slug":"mission-darkness-revelation-emp-shield-for-generators","status":"publish","type":"product","link":"https:\/\/elusivedata.io\/fr\/product\/mission-darkness-revelation-emp-shield-for-generators\/","title":{"rendered":"Mission Darkness\u2122 Revelation Bouclier EMP pour g\u00e9n\u00e9rateurs"},"content":{"rendered":"<div id=\"s-fd83c093-0245-4fa2-8a2f-9ddd1da85fd7\" class=\"shg-c shg-align-left\">\n<div class=\"shogun-heading-component\">\n<h2 >PROT\u00c9GER LES G\u00c9N\u00c9RATEURS ET LES APPAREILS \u00c9LECTRONIQUES DE TR\u00c8S GRANDE TAILLE - PROTECTION EMP\/CME INSTANTAN\u00c9E ET EFFICACE<\/h2>\n<\/div>\n<\/div>\n<div id=\"s-46beba88-1fc8-4584-a0fc-508195a6c5e6\" class=\"shg-c\">\n<div class=\"shg-rich-text shg-theme-text-content\">\n<p >Le Mission Darkness\u2122 Revelation EMP Shield est un sac faraday extr\u00eamement grand con\u00e7u sp\u00e9cifiquement pour prot\u00e9ger les g\u00e9n\u00e9rateurs, les gros appareils \u00e9lectroniques et le mat\u00e9riel de survie des effets dommageables d'une impulsion \u00e9lectromagn\u00e9tique (EMP) ou d'une \u00e9jection de masse coronale (CME). Le sac a \u00e9t\u00e9 test\u00e9 en laboratoire et certifi\u00e9 \"conforme\" aux normes suivantes\u00a0<a href=\"https:\/\/mosequipment.com\/pages\/compliance-testing\" target=\"_blank\" rel=\"noopener\">MIL-STD-188-125<\/a>Les r\u00e9sultats de l'\u00e9tude montrent que le produit surpasse les exigences militaires en mati\u00e8re de blindage contre les perturbations \u00e9lectromagn\u00e9tiques naturelles ou caus\u00e9es par l'homme. Les r\u00e9sultats garantissent que le produit surpasse les exigences militaires en mati\u00e8re de blindage pour faire face aux EMP naturelles ou d'origine humaine. Dans le cas d'une EMP ou d'une CME, tout, de l'infrastructure \u00e9lectrique au niveau national \u00e0 l'\u00e9lectronique personnelle, pourrait \u00eatre d\u00e9truit, c'est pourquoi il est imp\u00e9ratif de prot\u00e9ger l'\u00e9lectronique de survie. Les propri\u00e9t\u00e9s de blindage \u00e9lev\u00e9 du bouclier EMP Revelation \u00e9loignent les champs \u00e9lectromagn\u00e9tiques nuisibles des composants \u00e9lectriques tr\u00e8s sensibles, prot\u00e9geant ainsi leur structure de fonctionnement.<\/p>\n<p >La taille et le volume extr\u00eamement importants du Revelation EMP Shield lui permettent d'accueillir la plupart des g\u00e9n\u00e9rateurs \u00e9lectriques (solaires) ou \u00e0 gaz portables compacts, y compris la s\u00e9rie Yeti de Goal Zero, le Patriot Power 1500 et le Honda EU2000, ainsi que leurs accessoires tels que les cordons d'alimentation et les panneaux solaires. Le sac est construit avec une plaque de base amovible en plastique polypropyl\u00e8ne fix\u00e9e dans un compartiment inf\u00e9rieur \u00e0 fermeture \u00e9clair pour fournir un support suffisant pour les articles surdimensionn\u00e9s. Des poign\u00e9es rembourr\u00e9es avec des sangles de charge entourent compl\u00e8tement les c\u00f4t\u00e9s et le fond pour supporter le poids des objets lourds pendant le transport. La face avant du sac comprend un profond compartiment \u00e0 fermeture \u00e9clair non blind\u00e9 et une grande poche transparente pour garder les accessoires accessibles sans compromettre le blindage des articles \u00e9lectroniques \u00e0 l'int\u00e9rieur du compartiment principal.<\/p>\n<p >Le sac est fabriqu\u00e9 \u00e0 partir d'un mat\u00e9riau ext\u00e9rieur en nylon balistique durable et r\u00e9sistant \u00e0 l'eau pour garantir que les appareils et la toile de Faraday restent secs et prot\u00e9g\u00e9s. L'int\u00e9rieur comprend trois couches de tissu \u00e0 haut blindage.\u00a0<a href=\"https:\/\/mosequipment.com\/collections\/faraday-supplies\/products\/titanrf-faraday-fabric\">Tissu TitanRF\u2122 Faraday<\/a>\u00a0sur tous les c\u00f4t\u00e9s avec une construction \u00e0 double couture jumel\u00e9e. Une fois que le g\u00e9n\u00e9rateur ou les composants \u00e9lectroniques sont correctement enferm\u00e9s dans le sac, ils sont isol\u00e9s des signaux sans fil ext\u00e9rieurs. Les effets dommageables d'une EMP ou d'un \u00e9v\u00e9nement connexe ne peuvent pas p\u00e9n\u00e9trer dans le sac pour d\u00e9truire les composants \u00e9lectriques qui s'y trouvent. Le sac bloque le WiFi (2,4 et 5 GHz), le Bluetooth, les signaux cellulaires, y compris les r\u00e9seaux 5G, le GPS, le RFID, le NFC et les signaux radio de faible MHz \u00e0 40 GHz. La coupure totale des signaux vous permet \u00e9galement de vous mettre hors r\u00e9seau et de rendre vos appareils \u00e9lectroniques intra\u00e7ables. Il s'agit du sac de s\u00e9curit\u00e9 ultime pour prot\u00e9ger les gros appareils \u00e9lectroniques de survie contre les catastrophes naturelles ou caus\u00e9es par l'homme, telles qu'une EMP ou une CME.<\/p>\n<\/div>\n<\/div>","protected":false},"excerpt":{"rendered":"<p>Le Mission Darkness\u2122 Revelation EMP Shield est un sac faraday extr\u00eamement grand con\u00e7u sp\u00e9cifiquement pour prot\u00e9ger les g\u00e9n\u00e9rateurs, les gros appareils \u00e9lectroniques et le mat\u00e9riel de survie des effets dommageables d'une impulsion \u00e9lectromagn\u00e9tique (EMP) ou d'une \u00e9jection de masse coronale (CME). Le sac a \u00e9t\u00e9 test\u00e9 en laboratoire et certifi\u00e9 \"conforme\" aux normes suivantes\u00a0<a href=\"https:\/\/mosequipment.com\/pages\/compliance-testing\" target=\"_blank\" rel=\"noopener\">MIL-STD-188-125<\/a>Les r\u00e9sultats de l'\u00e9tude montrent que le produit surpasse les exigences militaires en mati\u00e8re de blindage contre les perturbations \u00e9lectromagn\u00e9tiques naturelles ou caus\u00e9es par l'homme. Les r\u00e9sultats garantissent que le produit surpasse les exigences militaires en mati\u00e8re de blindage pour faire face aux EMP naturelles ou d'origine humaine. Dans le cas d'une EMP ou d'une CME, tout, de l'infrastructure \u00e9lectrique au niveau national \u00e0 l'\u00e9lectronique personnelle, pourrait \u00eatre d\u00e9truit, c'est pourquoi il est imp\u00e9ratif de prot\u00e9ger l'\u00e9lectronique de survie. Les propri\u00e9t\u00e9s de blindage \u00e9lev\u00e9 du bouclier EMP Revelation \u00e9loignent les champs \u00e9lectromagn\u00e9tiques nuisibles des composants \u00e9lectriques tr\u00e8s sensibles, prot\u00e9geant ainsi leur structure de fonctionnement.<\/p>","protected":false},"featured_media":8844,"template":"","meta":{"content-type":""},"product_brand":[],"product_cat":[108],"product_tag":[],"class_list":{"0":"post-8840","1":"product","2":"type-product","3":"status-publish","4":"has-post-thumbnail","6":"product_cat-future-physical-products","8":"first","9":"instock","10":"taxable","11":"shipping-taxable","12":"purchasable","13":"product-type-simple"},"acf":[],"yoast_head":"<!-- This site is optimized with the Yoast SEO Premium plugin v27.3 (Yoast SEO v27.3) - https:\/\/yoast.com\/product\/yoast-seo-premium-wordpress\/ -->\n<title>Mission Darkness\u2122 Revelation EMP Shield for Generators - Elusive Data<\/title>\n<meta name=\"robots\" content=\"index, follow, max-snippet:-1, max-image-preview:large, max-video-preview:-1\" \/>\n<link rel=\"canonical\" href=\"https:\/\/elusivedata.io\/fr\/product\/mission-darkness-revelation-emp-shield-for-generators\/\" \/>\n<meta property=\"og:locale\" content=\"fr_FR\" \/>\n<meta property=\"og:type\" content=\"article\" \/>\n<meta property=\"og:title\" content=\"Mission Darkness\u2122 Revelation EMP Shield for Generators\" \/>\n<meta property=\"og:description\" content=\"The Mission Darkness\u2122 Revelation EMP Shield is an extremely large faraday bag designed specifically to protect generators, large electronics, and survival gear from the damaging effects of an electromagnetic pulse (EMP) or coronal mass ejection (CME). The bag has been lab tested and certified &quot;compliant&quot; for\u00a0MIL-STD-188-125, High-Altitude Electromagnetic Protection for Ground Based C4I Facilities. The results ensure that the product surpasses military shielding requirements to handle natural or man-made EMPs. In the case of an EMP or CME, everything from electrical infrastructure on a national level to personal electronics could be destroyed, which is why it\u2019s imperative to shield survival electronics. The high-shielding properties of the Revelation EMP Shield direct damaging electromagnetic fields away from highly sensitive electrical components, thus protecting their working structure.\" \/>\n<meta property=\"og:url\" content=\"https:\/\/elusivedata.io\/fr\/product\/mission-darkness-revelation-emp-shield-for-generators\/\" \/>\n<meta property=\"og:site_name\" content=\"Elusive Data\" \/>\n<meta property=\"article:modified_time\" content=\"2025-06-24T06:31:05+00:00\" \/>\n<meta property=\"og:image\" content=\"https:\/\/elusivedata.io\/wp-content\/uploads\/2025\/06\/DSC00047_480x480.webp\" \/>\n\t<meta property=\"og:image:width\" content=\"480\" \/>\n\t<meta property=\"og:image:height\" content=\"480\" \/>\n\t<meta property=\"og:image:type\" content=\"image\/webp\" \/>\n<meta name=\"twitter:card\" content=\"summary_large_image\" \/>\n<meta name=\"twitter:label1\" content=\"Dur\u00e9e de lecture estim\u00e9e\" \/>\n\t<meta name=\"twitter:data1\" content=\"2 minutes\" \/>\n<script type=\"application\/ld+json\" class=\"yoast-schema-graph\">{\"@context\":\"https:\\\/\\\/schema.org\",\"@graph\":[{\"@type\":\"WebPage\",\"@id\":\"https:\\\/\\\/elusivedata.io\\\/product\\\/mission-darkness-revelation-emp-shield-for-generators\\\/\",\"url\":\"https:\\\/\\\/elusivedata.io\\\/product\\\/mission-darkness-revelation-emp-shield-for-generators\\\/\",\"name\":\"Mission Darkness\u2122 Revelation EMP Shield for Generators - Elusive Data\",\"isPartOf\":{\"@id\":\"https:\\\/\\\/elusivedata.io\\\/#website\"},\"primaryImageOfPage\":{\"@id\":\"https:\\\/\\\/elusivedata.io\\\/product\\\/mission-darkness-revelation-emp-shield-for-generators\\\/#primaryimage\"},\"image\":{\"@id\":\"https:\\\/\\\/elusivedata.io\\\/product\\\/mission-darkness-revelation-emp-shield-for-generators\\\/#primaryimage\"},\"thumbnailUrl\":\"https:\\\/\\\/elusivedata.io\\\/wp-content\\\/uploads\\\/2025\\\/06\\\/DSC00047_480x480.webp\",\"datePublished\":\"2025-06-17T08:15:51+00:00\",\"dateModified\":\"2025-06-24T06:31:05+00:00\",\"breadcrumb\":{\"@id\":\"https:\\\/\\\/elusivedata.io\\\/product\\\/mission-darkness-revelation-emp-shield-for-generators\\\/#breadcrumb\"},\"inLanguage\":\"fr-FR\",\"potentialAction\":[{\"@type\":\"ReadAction\",\"target\":[\"https:\\\/\\\/elusivedata.io\\\/product\\\/mission-darkness-revelation-emp-shield-for-generators\\\/\"]}]},{\"@type\":\"ImageObject\",\"inLanguage\":\"fr-FR\",\"@id\":\"https:\\\/\\\/elusivedata.io\\\/product\\\/mission-darkness-revelation-emp-shield-for-generators\\\/#primaryimage\",\"url\":\"https:\\\/\\\/elusivedata.io\\\/wp-content\\\/uploads\\\/2025\\\/06\\\/DSC00047_480x480.webp\",\"contentUrl\":\"https:\\\/\\\/elusivedata.io\\\/wp-content\\\/uploads\\\/2025\\\/06\\\/DSC00047_480x480.webp\",\"width\":480,\"height\":480,\"caption\":\"Mission Darkness Faraday bag detail \u2014 RF shielding for mobile device evidence collection\"},{\"@type\":\"BreadcrumbList\",\"@id\":\"https:\\\/\\\/elusivedata.io\\\/product\\\/mission-darkness-revelation-emp-shield-for-generators\\\/#breadcrumb\",\"itemListElement\":[{\"@type\":\"ListItem\",\"position\":1,\"name\":\"Home\",\"item\":\"https:\\\/\\\/elusivedata.io\\\/\"},{\"@type\":\"ListItem\",\"position\":2,\"name\":\"Products\",\"item\":\"https:\\\/\\\/elusivedata.io\\\/shop\\\/\"},{\"@type\":\"ListItem\",\"position\":3,\"name\":\"Mission Darkness\u2122 Revelation EMP Shield for Generators\"}]},{\"@type\":\"WebSite\",\"@id\":\"https:\\\/\\\/elusivedata.io\\\/#website\",\"url\":\"https:\\\/\\\/elusivedata.io\\\/\",\"name\":\"ElusiveData\",\"description\":\"Excellence in Digital Forensics Training and Consulting\",\"publisher\":{\"@id\":\"https:\\\/\\\/elusivedata.io\\\/#organization\"},\"potentialAction\":[{\"@type\":\"SearchAction\",\"target\":{\"@type\":\"EntryPoint\",\"urlTemplate\":\"https:\\\/\\\/elusivedata.io\\\/?s={search_term_string}\"},\"query-input\":{\"@type\":\"PropertyValueSpecification\",\"valueRequired\":true,\"valueName\":\"search_term_string\"}}],\"inLanguage\":\"fr-FR\"},{\"@type\":\"Organization\",\"@id\":\"https:\\\/\\\/elusivedata.io\\\/#organization\",\"name\":\"ElusiveData\",\"url\":\"https:\\\/\\\/elusivedata.io\\\/\",\"logo\":{\"@type\":\"ImageObject\",\"inLanguage\":\"fr-FR\",\"@id\":\"https:\\\/\\\/elusivedata.io\\\/#\\\/schema\\\/logo\\\/image\\\/\",\"url\":\"https:\\\/\\\/elusivedata.io\\\/wp-content\\\/uploads\\\/2024\\\/11\\\/Asset-3_2x-scaled.png\",\"contentUrl\":\"https:\\\/\\\/elusivedata.io\\\/wp-content\\\/uploads\\\/2024\\\/11\\\/Asset-3_2x-scaled.png\",\"width\":2560,\"height\":370,\"caption\":\"ElusiveData\"},\"image\":{\"@id\":\"https:\\\/\\\/elusivedata.io\\\/#\\\/schema\\\/logo\\\/image\\\/\"},\"sameAs\":[\"https:\\\/\\\/www.youtube.com\\\/@elusivedata\"]}]}<\/script>\n<!-- \/ Yoast SEO Premium plugin. -->","yoast_head_json":{"title":"Mission Darkness\u2122 Revelation EMP Shield for Generators - Elusive Data","robots":{"index":"index","follow":"follow","max-snippet":"max-snippet:-1","max-image-preview":"max-image-preview:large","max-video-preview":"max-video-preview:-1"},"canonical":"https:\/\/elusivedata.io\/fr\/product\/mission-darkness-revelation-emp-shield-for-generators\/","og_locale":"fr_FR","og_type":"article","og_title":"Mission Darkness\u2122 Revelation EMP Shield for Generators","og_description":"The Mission Darkness\u2122 Revelation EMP Shield is an extremely large faraday bag designed specifically to protect generators, large electronics, and survival gear from the damaging effects of an electromagnetic pulse (EMP) or coronal mass ejection (CME). The bag has been lab tested and certified \"compliant\" for\u00a0MIL-STD-188-125, High-Altitude Electromagnetic Protection for Ground Based C4I Facilities. The results ensure that the product surpasses military shielding requirements to handle natural or man-made EMPs. In the case of an EMP or CME, everything from electrical infrastructure on a national level to personal electronics could be destroyed, which is why it\u2019s imperative to shield survival electronics. The high-shielding properties of the Revelation EMP Shield direct damaging electromagnetic fields away from highly sensitive electrical components, thus protecting their working structure.","og_url":"https:\/\/elusivedata.io\/fr\/product\/mission-darkness-revelation-emp-shield-for-generators\/","og_site_name":"Elusive Data","article_modified_time":"2025-06-24T06:31:05+00:00","og_image":[{"width":480,"height":480,"url":"https:\/\/elusivedata.io\/wp-content\/uploads\/2025\/06\/DSC00047_480x480.webp","type":"image\/webp"}],"twitter_card":"summary_large_image","twitter_misc":{"Dur\u00e9e de lecture estim\u00e9e":"2 minutes"},"schema":{"@context":"https:\/\/schema.org","@graph":[{"@type":"WebPage","@id":"https:\/\/elusivedata.io\/product\/mission-darkness-revelation-emp-shield-for-generators\/","url":"https:\/\/elusivedata.io\/product\/mission-darkness-revelation-emp-shield-for-generators\/","name":"Mission Darkness\u2122 Revelation EMP Shield for Generators - Elusive Data","isPartOf":{"@id":"https:\/\/elusivedata.io\/#website"},"primaryImageOfPage":{"@id":"https:\/\/elusivedata.io\/product\/mission-darkness-revelation-emp-shield-for-generators\/#primaryimage"},"image":{"@id":"https:\/\/elusivedata.io\/product\/mission-darkness-revelation-emp-shield-for-generators\/#primaryimage"},"thumbnailUrl":"https:\/\/elusivedata.io\/wp-content\/uploads\/2025\/06\/DSC00047_480x480.webp","datePublished":"2025-06-17T08:15:51+00:00","dateModified":"2025-06-24T06:31:05+00:00","breadcrumb":{"@id":"https:\/\/elusivedata.io\/product\/mission-darkness-revelation-emp-shield-for-generators\/#breadcrumb"},"inLanguage":"fr-FR","potentialAction":[{"@type":"ReadAction","target":["https:\/\/elusivedata.io\/product\/mission-darkness-revelation-emp-shield-for-generators\/"]}]},{"@type":"ImageObject","inLanguage":"fr-FR","@id":"https:\/\/elusivedata.io\/product\/mission-darkness-revelation-emp-shield-for-generators\/#primaryimage","url":"https:\/\/elusivedata.io\/wp-content\/uploads\/2025\/06\/DSC00047_480x480.webp","contentUrl":"https:\/\/elusivedata.io\/wp-content\/uploads\/2025\/06\/DSC00047_480x480.webp","width":480,"height":480,"caption":"Mission Darkness Faraday bag detail \u2014 RF shielding for mobile device evidence collection"},{"@type":"BreadcrumbList","@id":"https:\/\/elusivedata.io\/product\/mission-darkness-revelation-emp-shield-for-generators\/#breadcrumb","itemListElement":[{"@type":"ListItem","position":1,"name":"Home","item":"https:\/\/elusivedata.io\/"},{"@type":"ListItem","position":2,"name":"Products","item":"https:\/\/elusivedata.io\/shop\/"},{"@type":"ListItem","position":3,"name":"Mission Darkness\u2122 Revelation EMP Shield for Generators"}]},{"@type":"WebSite","@id":"https:\/\/elusivedata.io\/#website","url":"https:\/\/elusivedata.io\/","name":"Donn\u00e9es insaisissables","description":"L'excellence en mati\u00e8re de formation et de conseil en criminalistique num\u00e9rique","publisher":{"@id":"https:\/\/elusivedata.io\/#organization"},"potentialAction":[{"@type":"SearchAction","target":{"@type":"EntryPoint","urlTemplate":"https:\/\/elusivedata.io\/?s={search_term_string}"},"query-input":{"@type":"PropertyValueSpecification","valueRequired":true,"valueName":"search_term_string"}}],"inLanguage":"fr-FR"},{"@type":"Organization","@id":"https:\/\/elusivedata.io\/#organization","name":"Donn\u00e9es insaisissables","url":"https:\/\/elusivedata.io\/","logo":{"@type":"ImageObject","inLanguage":"fr-FR","@id":"https:\/\/elusivedata.io\/#\/schema\/logo\/image\/","url":"https:\/\/elusivedata.io\/wp-content\/uploads\/2024\/11\/Asset-3_2x-scaled.png","contentUrl":"https:\/\/elusivedata.io\/wp-content\/uploads\/2024\/11\/Asset-3_2x-scaled.png","width":2560,"height":370,"caption":"ElusiveData"},"image":{"@id":"https:\/\/elusivedata.io\/#\/schema\/logo\/image\/"},"sameAs":["https:\/\/www.youtube.com\/@elusivedata"]}]}},"_links":{"self":[{"href":"https:\/\/elusivedata.io\/fr\/wp-json\/wp\/v2\/product\/8840","targetHints":{"allow":["GET"]}}],"collection":[{"href":"https:\/\/elusivedata.io\/fr\/wp-json\/wp\/v2\/product"}],"about":[{"href":"https:\/\/elusivedata.io\/fr\/wp-json\/wp\/v2\/types\/product"}],"version-history":[{"count":2,"href":"https:\/\/elusivedata.io\/fr\/wp-json\/wp\/v2\/product\/8840\/revisions"}],"predecessor-version":[{"id":10126,"href":"https:\/\/elusivedata.io\/fr\/wp-json\/wp\/v2\/product\/8840\/revisions\/10126"}],"wp:featuredmedia":[{"embeddable":true,"href":"https:\/\/elusivedata.io\/fr\/wp-json\/wp\/v2\/media\/8844"}],"wp:attachment":[{"href":"https:\/\/elusivedata.io\/fr\/wp-json\/wp\/v2\/media?parent=8840"}],"wp:term":[{"taxonomy":"product_brand","embeddable":true,"href":"https:\/\/elusivedata.io\/fr\/wp-json\/wp\/v2\/product_brand?post=8840"},{"taxonomy":"product_cat","embeddable":true,"href":"https:\/\/elusivedata.io\/fr\/wp-json\/wp\/v2\/product_cat?post=8840"},{"taxonomy":"product_tag","embeddable":true,"href":"https:\/\/elusivedata.io\/fr\/wp-json\/wp\/v2\/product_tag?post=8840"}],"curies":[{"name":"wp","href":"https:\/\/api.w.org\/{rel}","templated":true}]}}