{"id":8829,"date":"2025-06-17T08:15:51","date_gmt":"2025-06-17T08:15:51","guid":{"rendered":"https:\/\/elusivedata.io\/?post_type=product&#038;p=8829"},"modified":"2025-06-24T06:31:11","modified_gmt":"2025-06-24T06:31:11","slug":"mission-darkness-blocker-locker-7","status":"publish","type":"product","link":"https:\/\/elusivedata.io\/fr\/product\/mission-darkness-blocker-locker-7\/","title":{"rendered":"MISSION DARKNESS\u2122 BLOCKER LOCKER 7"},"content":{"rendered":"<div data-elementor-type=\"product-post\" data-elementor-id=\"8829\" class=\"elementor elementor-8829\" data-elementor-post-type=\"product\">\n\t\t\t\t<div class=\"elementor-element elementor-element-5065b31 e-flex e-con-boxed e-con e-parent\" data-id=\"5065b31\" data-element_type=\"container\" data-e-type=\"container\">\n\t\t\t\t\t<div class=\"e-con-inner\">\n\t\t\t\t<div class=\"elementor-element elementor-element-d196d7f elementor-widget elementor-widget-text-editor\" data-id=\"d196d7f\" data-element_type=\"widget\" data-e-type=\"widget\" data-widget_type=\"text-editor.default\">\n\t\t\t\t<div class=\"elementor-widget-container\">\n\t\t\t\t\t\t\t\t\t<div id=\"s-642ac8eb-b4be-47fe-ab3a-245b34cb541a\" class=\"shg-c shg-align-center\"><div class=\"shogun-heading-component\"><h2 class=\"ai-optimize-47\"><b>MAINTENIR LES APPAREILS SOUS TENSION ET BLIND\u00c9S<\/b><\/h2><\/div><\/div><div id=\"s-40aee370-da98-48c9-99f8-19370ab9ae6a\" class=\"shg-c shg-align-center\"><div class=\"shogun-heading-component\"><h2 class=\"ai-optimize-48\"><b>De la saisie \u00e0 l'extraction de donn\u00e9es en passant par le stockage des preuves<\/b><\/h2><\/div><\/div><div id=\"s-95d8e798-c7d7-4f19-894f-e7bf352cf121\" class=\"shg-c\"><div class=\"shg-rich-text shg-theme-text-content\"><p class=\"ai-optimize-49 ai-optimize-introduction\">Le syst\u00e8me Mission Darkness\u2122 Blocker Locker 7\u2122 r\u00e9sout de multiples probl\u00e8mes pour les enqu\u00eateurs et les laboratoires de police scientifique. Pour acc\u00e9der efficacement aux donn\u00e9es des t\u00e9l\u00e9phones portables et des tablettes et les r\u00e9cup\u00e9rer, les outils m\u00e9dico-l\u00e9gaux les plus r\u00e9cents exigent que les appareils restent sous tension. Il peut \u00eatre difficile de garder les appareils prot\u00e9g\u00e9s des signaux RF, charg\u00e9s en permanence et verrouill\u00e9s en toute s\u00e9curit\u00e9. Le Blocker Locker 7 remplit tous ces objectifs dans une seule armoire con\u00e7ue sp\u00e9cifiquement pour le blindage, le chargement et le verrouillage. L'unit\u00e9 comprend sept compartiments enti\u00e8rement charg\u00e9s et \u00e9quip\u00e9s de Window Charge &amp; Shield Faraday Bags pour t\u00e9l\u00e9phones, tandis que des Charge &amp; Shield Faraday Bags suppl\u00e9mentaires peuvent \u00eatre achet\u00e9s selon les besoins ou pour augmenter la capacit\u00e9.<\/p><p class=\"ai-optimize-50\">La fonction de chargement est con\u00e7ue pour \u00e9viter le mode verrouillage et r\u00e9duire le temps n\u00e9cessaire pour casser un code d'acc\u00e8s, ce qui permet d'extraire un maximum de donn\u00e9es et de les d\u00e9verrouiller avec des outils tels que GrayKey, Cellebrite, Magnet, XRY, BlackBag, Oxygen, etc.<\/p><p class=\"ai-optimize-51\">Pour extraire les donn\u00e9es d'un appareil dans le Blocker Locker 7, il suffit de d\u00e9verrouiller le compartiment individuel, de d\u00e9brancher le c\u00e2ble d'alimentation, de retirer le sac Faraday Charge &amp; Shield et de le transf\u00e9rer dans une bo\u00eete de Faraday m\u00e9dico-l\u00e9gale ou une pi\u00e8ce blind\u00e9e RF. Le sac peut \u00eatre facilement ouvert \u00e0 l'int\u00e9rieur d'une bo\u00eete de Faraday (la fermeture magn\u00e9tique brevet\u00e9e NeoLok\u2122 r\u00e9duit l'abrasion des gants de Faraday) tandis que l'appareil est pass\u00e9 dans l'enceinte blind\u00e9e. Le blindage et l'alimentation ne sont jamais compromis, ce qui permet aux enqu\u00eateurs de b\u00e9n\u00e9ficier d'un processus transparent.<\/p><\/div><\/div><div id=\"s-535fdb56-9822-4870-9dba-ab01bf5d9b5c\" class=\"shg-c\"><div class=\"shg-rich-text shg-theme-text-content\"><p class=\"ai-optimize-52\"><strong><em>NOUVEAU DESIGN DE CASIER ET SUPPORT DE CASIER ASSORTI !<\/em><\/strong><\/p><p class=\"ai-optimize-53\">En octobre 2022, l'ext\u00e9rieur du Blocker Locker a \u00e9t\u00e9 modifi\u00e9 pour adopter une finition noire avec un design ray\u00e9, comme le montre l'image ci-dessus. Les marches d'acc\u00e8s et les compartiments int\u00e9rieurs restent identiques au mod\u00e8le pr\u00e9c\u00e9dent, avec une finition grise.<\/p><p class=\"ai-optimize-54\">Un aluminium de qualit\u00e9 industrielle assorti\u00a0<a href=\"https:\/\/mosequipment.com\/products\/mission-darkness-blocker-locker-7-stand\" target=\"_blank\" rel=\"noopener\">vestiaire\u00a0<\/a>a \u00e9t\u00e9 introduit en janvier 2024. Le support d'accessoires suppl\u00e9mentaire \u00e9l\u00e8ve le casier \u00e0 une hauteur plus conviviale, optimisant l'espace de travail en lib\u00e9rant des surfaces de bureau ou de comptoir, et en supportant le poids du casier. Il n'est donc pas n\u00e9cessaire de proc\u00e9der \u00e0 une installation pouss\u00e9e, puisqu'il suffit de fixer l'unit\u00e9 \u00e0 un mur.<\/p><\/div><p><iframe title=\"Nouveaux outils pour prot\u00e9ger les preuves num\u00e9riques : garder les appareils en charge dans des sacs faraday du terrain au laboratoire\" width=\"800\" height=\"450\" src=\"https:\/\/www.youtube.com\/embed\/yNt15D0y3No?feature=oembed&enablejsapi=1&origin=https:\/\/elusivedata.io\" frameborder=\"0\" allow=\"accelerometer; autoplay; clipboard-write; encrypted-media; gyroscope; picture-in-picture; web-share\" referrerpolicy=\"strict-origin-when-cross-origin\" allowfullscreen><\/iframe><\/p><\/div><div id=\"s-6dfa3cca-f9ec-4a8d-aee0-14e1c64ee007\" class=\"shg-c\"><div class=\"shogun-heading-component\"><h3><b>Blocker Locker 7\u2122 Caract\u00e9ristiques<\/b><\/h3><\/div><\/div><div id=\"s-bad7c9cd-926f-42d4-80f8-c1482b07c24c\" class=\"shg-c\"><div class=\"shg-rich-text shg-theme-text-content\"><ul><li>Armoire s\u00e9curis\u00e9e avec sept compartiments con\u00e7us sp\u00e9cialement pour les enqu\u00eateurs judiciaires afin de conserver les appareils individuellement verrouill\u00e9s, prot\u00e9g\u00e9s et charg\u00e9s pendant le stockage.<\/li><li>Principalement utilis\u00e9 comme coffre \u00e0 preuves pour les t\u00e9l\u00e9phones portables et les tablettes<\/li><li>Le syst\u00e8me s'assure que la prise en charge et le stockage de l'appareil sont corrects afin que le processus de d\u00e9verrouillage du code d'acc\u00e8s et d'extraction des donn\u00e9es puisse se d\u00e9rouler correctement avec les meilleurs r\u00e9sultats.<\/li><li>Chaque armoire dispose d'une prise de courant avec deux prises USB et d'une serrure ext\u00e9rieure unique.<\/li><li>Le syst\u00e8me de fermeture comprend deux cl\u00e9s pour chaque compartiment de casier, quatre cl\u00e9s principales donnant acc\u00e8s \u00e0 tous les compartiments de casier et une bo\u00eete de d\u00e9p\u00f4t de cl\u00e9s avec deux cl\u00e9s.<\/li><li>Voyant d'alimentation sur l'armoire principale<\/li><li>Le d\u00e9tecteur de panne de courant envoie un SMS et\/ou un courrier \u00e9lectronique en cas de panne de courant dans l'unit\u00e9.<\/li><li>Mode d'emploi de base sous forme d'autocollant magn\u00e9tique coll\u00e9 sur le casier (feuille d'instructions suppl\u00e9mentaires incluse)<\/li><li>Comprend sept sacs Faraday Charge &amp; Shield pour t\u00e9l\u00e9phones de la fen\u00eatre Mission Darkness, ainsi que tous les composants de charge et les embouts de c\u00e2bles n\u00e9cessaires (un sac dans chaque casier).<\/li><li>Les sacs Faraday Charge &amp; Shield de Window sont sp\u00e9cialement con\u00e7us pour charger les appareils dans le Blocker Locker 7, puis pour les transf\u00e9rer dans une bo\u00eete m\u00e9dico-l\u00e9gale Faraday.<\/li><li>Le syst\u00e8me permet aux appareils de rester en vie et intacts apr\u00e8s la saisie, jusqu'\u00e0 ce qu'ils puissent \u00eatre interrog\u00e9s ou que des donn\u00e9es soient extraites ult\u00e9rieurement.<\/li><li>Window Charge &amp; Shield Les sacs de Faraday bloquent le WiFi (2,4 et 5 GHz), le Bluetooth, les signaux cellulaires, y compris les r\u00e9seaux 5G, le GPS, la RFID et les signaux radio.<\/li><li>Mission Darkness Blocker Locker 7 SKU : MDBL-7<\/li><li>Con\u00e7u et assembl\u00e9 aux \u00c9tats-Unis<\/li><li>Disponible pour\u00a0<a href=\"https:\/\/mosequipment.com\/pages\/rentals\" target=\"_blank\" rel=\"noopener\">louer<\/a>contactez-nous pour un devis<\/li><li>Compatible avec le\u00a0<a href=\"https:\/\/mosequipment.com\/products\/mission-darkness-blocker-locker-7-stand\" target=\"_blank\" rel=\"noopener\">Blocker Locker 7 Stand<\/a>\u00a0accessoire compl\u00e9mentaire ; empilable pour un stockage et un soutien accrus<\/li><li>Les options suppl\u00e9mentaires sont \u00e9num\u00e9r\u00e9es ci-dessous<\/li><li>Installation simple - voir la\u00a0<a href=\"https:\/\/www.youtube.com\/watch?v=VNqUHj2yK-k&amp;t=1s\" target=\"_blank\" rel=\"noopener\">vid\u00e9o d'installation<\/a>\u00a0pour plus d'informations<\/li><\/ul><div id=\"s-aabe743a-1c5d-4e8b-ad17-a88a3015dce0\" class=\"shg-c shg-align-left\"><div class=\"shogun-heading-component\"><h3><b>Verrouiller, prot\u00e9ger, charger et extraire des donn\u00e9es des appareils<\/b><\/h3><\/div><\/div><div id=\"s-61d54b4c-cdb0-4a67-9ce5-6bdf6d661cd1\" class=\"shg-c\"><div class=\"shg-rich-text shg-theme-text-content\"><p>Le syst\u00e8me complet Blocker Locker 7 - Charge &amp; Shield Evidence Cabinet est principalement utilis\u00e9 avec des \u00e9l\u00e9ments de preuve de criminalistique num\u00e9rique tels que des t\u00e9l\u00e9phones portables, des tablettes, des traqueurs GPS et d'autres appareils \u00e9lectroniques similaires. Le filtre USB double face de chaque sac Faraday Charge &amp; Shield permet \u00e0 l'utilisateur de passer facilement de l'alimentation \u00e0 l'outil d'extraction en cas de besoin.<\/p><\/div><\/div><div id=\"s-99de235f-fdf8-4158-8f73-6c8f60cf0a4c\" class=\"shg-c\"><div class=\"shogun-heading-component\"><h3><b>Achat de sacs de Faraday suppl\u00e9mentaires pour augmenter la capacit\u00e9 de charge et de blindage<\/b><\/h3><\/div><\/div><div id=\"s-29af5046-f08d-4eb5-83df-7f331e579d0f\" class=\"shg-c\"><div class=\"shg-rich-text shg-theme-text-content\"><p>Le Blocker Locker 7 est livr\u00e9 avec sept sacs de Faraday Window Charge &amp; Shield pour t\u00e9l\u00e9phones et tous les composants de charge n\u00e9cessaires. Le sac peut \u00eatre transf\u00e9r\u00e9 du casier au laboratoire sans compromettre le blindage RF. Chaque casier peut contenir jusqu'\u00e0 deux sacs Faraday Charge &amp; Shield. Achetez des sacs Faraday Charge &amp; Shield suppl\u00e9mentaires pour prendre en charge plus de sept appareils dans l'armoire. Disponibles en format t\u00e9l\u00e9phone ou tablette, avec ou sans fen\u00eatre (*les sacs avec fen\u00eatre sont pr\u00e9f\u00e9r\u00e9s pour une utilisation avec le Blocker Locker). D'autres options suppl\u00e9mentaires sont \u00e9num\u00e9r\u00e9es ci-dessous. Faites-nous part de vos besoins afin que nous puissions vous proposer un devis en cons\u00e9quence.<\/p><\/div><\/div><div id=\"s-fe178d28-2697-40ad-a7bd-834bad92d1d7\" class=\"shg-c\"><div class=\"shogun-heading-component\"><h3><b>Chaque sac Faraday Window Charge &amp; Shield comprend<\/b><\/h3><\/div><\/div><div id=\"s-0174bb3d-a575-4af6-897b-e277d0459761\" class=\"shg-c\"><div class=\"shg-rich-text shg-theme-text-content\"><ul><li>Sac de Faraday Charge &amp; Shield avec fen\u00eatre transparente, filtre USB double face avec verrouillage externe du c\u00e2ble, fermeture magn\u00e9tique NeoLok, num\u00e9ro de s\u00e9rie, pochette pour cartes et compartiment zipp\u00e9 \u00e0 l'arri\u00e8re pour ranger les c\u00e2bles.<\/li><li>Deux\u00a0<a href=\"https:\/\/mosequipment.com\/products\/cable-set\" target=\"_blank\" rel=\"noopener\">Jeux de c\u00e2bles<\/a>\u00a0(chaque ensemble comprend un angle universel USB A\/M vers A\/M, lightning vers USB, micro USB, USB-C, et une extension USB)<\/li><li>Options de chargement \u00e0 court terme, telles qu'un adaptateur de chargeur de voiture \u00e0 double port USB, un chargeur mural \u00e0 double port USB et des banques d'alimentation \u00e0 chargement continu (voir d\u00e9tails ci-dessous).<\/li><\/ul><\/div><\/div><div id=\"s-16be0ff0-987e-439c-9391-123b66712464\" class=\"shg-c\"><div class=\"shogun-heading-component\"><h3><b>Dimensions et poids<\/b><\/h3><\/div><\/div><div id=\"s-004d403b-9560-4e2a-ad3a-1cc9def23b34\" class=\"shg-c\"><div class=\"shg-rich-text shg-theme-text-content\"><ul><li>Dimensions int\u00e9rieures du compartiment \u00e0 casier unique : 13\u2033 L x 18\u2033 L x 4.5\u2033 H (33cm x 45.7cm x 11.4cm)<\/li><li>Dimensions ext\u00e9rieures de l'armoire : 15\u2033 L x 18\u2033 L x 34\u2033 H (38.1cm x 45.7cm x 86.4cm)<\/li><li>Poids de l'armoire : 85lbs (38.6kg)<\/li><li>Poids \u00e0 l'exp\u00e9dition : 105lbs (47.6kg) - exp\u00e9di\u00e9 sur une palette<\/li><\/ul><\/div><\/div><\/div><\/div>\t\t\t\t\t\t\t\t<\/div>\n\t\t\t\t<\/div>\n\t\t\t\t\t<\/div>\n\t\t\t\t<\/div>\n\t\t\t\t<\/div>","protected":false},"excerpt":{"rendered":"<p>Le syst\u00e8me Mission Darkness\u2122 Blocker Locker 7\u2122 r\u00e9sout de multiples probl\u00e8mes pour les enqu\u00eateurs et les laboratoires de police scientifique. Pour acc\u00e9der efficacement aux donn\u00e9es des t\u00e9l\u00e9phones portables et des tablettes et les r\u00e9cup\u00e9rer, les outils m\u00e9dico-l\u00e9gaux les plus r\u00e9cents exigent que les appareils restent sous tension. Il peut \u00eatre difficile de garder les appareils prot\u00e9g\u00e9s des signaux RF, charg\u00e9s en permanence et verrouill\u00e9s en toute s\u00e9curit\u00e9. Le Blocker Locker 7 remplit tous ces objectifs dans une seule armoire con\u00e7ue sp\u00e9cifiquement pour le blindage, le chargement et le verrouillage. L'unit\u00e9 comprend sept compartiments enti\u00e8rement charg\u00e9s et \u00e9quip\u00e9s de Window Charge &amp; Shield Faraday Bags pour t\u00e9l\u00e9phones, tandis que des Charge &amp; Shield Faraday Bags suppl\u00e9mentaires peuvent \u00eatre achet\u00e9s selon les besoins ou pour augmenter la capacit\u00e9.<\/p>","protected":false},"featured_media":8833,"template":"","meta":{"content-type":""},"product_brand":[],"product_cat":[108],"product_tag":[],"class_list":{"0":"post-8829","1":"product","2":"type-product","3":"status-publish","4":"has-post-thumbnail","6":"product_cat-future-physical-products","8":"first","9":"instock","10":"taxable","11":"shipping-taxable","12":"purchasable","13":"product-type-simple"},"acf":[],"yoast_head":"<!-- This site is optimized with the Yoast SEO Premium plugin v27.3 (Yoast SEO v27.3) - https:\/\/yoast.com\/product\/yoast-seo-premium-wordpress\/ -->\n<title>MISSION DARKNESS\u2122 BLOCKER LOCKER 7 - Elusive Data<\/title>\n<meta name=\"robots\" content=\"index, follow, max-snippet:-1, max-image-preview:large, max-video-preview:-1\" \/>\n<link rel=\"canonical\" href=\"https:\/\/elusivedata.io\/fr\/product\/mission-darkness-blocker-locker-7\/\" \/>\n<meta property=\"og:locale\" content=\"fr_FR\" \/>\n<meta property=\"og:type\" content=\"article\" \/>\n<meta property=\"og:title\" content=\"MISSION DARKNESS\u2122 BLOCKER LOCKER 7\" \/>\n<meta property=\"og:description\" content=\"The Mission Darkness\u2122 Blocker Locker 7\u2122 system solves multiple problems for forensics investigators and labs. To effectively access and recover data from cell phones and tablets, the latest forensic tools require devices to stay live. It can be difficult to keep devices shielded from RF signals, charged at all times, and securely locked. The Blocker Locker 7 accomplishes all of these objectives in a single cabinet designed specifically for shielding, charging, and locking. The unit includes seven fully loaded compartments equipped with Window Charge &amp; Shield Faraday Bags for Phones, while additional Charge &amp; Shield Faraday Bags can be purchased as required or to increase capacity.\" \/>\n<meta property=\"og:url\" content=\"https:\/\/elusivedata.io\/fr\/product\/mission-darkness-blocker-locker-7\/\" \/>\n<meta property=\"og:site_name\" content=\"Elusive Data\" \/>\n<meta property=\"article:modified_time\" content=\"2025-06-24T06:31:11+00:00\" \/>\n<meta property=\"og:image\" content=\"https:\/\/elusivedata.io\/wp-content\/uploads\/2025\/06\/BlockerLocker7BlackFinish_480x480.webp\" \/>\n\t<meta property=\"og:image:width\" content=\"480\" \/>\n\t<meta property=\"og:image:height\" content=\"480\" \/>\n\t<meta property=\"og:image:type\" content=\"image\/webp\" \/>\n<meta name=\"twitter:card\" content=\"summary_large_image\" \/>\n<script type=\"application\/ld+json\" class=\"yoast-schema-graph\">{\"@context\":\"https:\\\/\\\/schema.org\",\"@graph\":[{\"@type\":\"WebPage\",\"@id\":\"https:\\\/\\\/elusivedata.io\\\/product\\\/mission-darkness-blocker-locker-7\\\/\",\"url\":\"https:\\\/\\\/elusivedata.io\\\/product\\\/mission-darkness-blocker-locker-7\\\/\",\"name\":\"MISSION DARKNESS\u2122 BLOCKER LOCKER 7 - Elusive Data\",\"isPartOf\":{\"@id\":\"https:\\\/\\\/elusivedata.io\\\/#website\"},\"primaryImageOfPage\":{\"@id\":\"https:\\\/\\\/elusivedata.io\\\/product\\\/mission-darkness-blocker-locker-7\\\/#primaryimage\"},\"image\":{\"@id\":\"https:\\\/\\\/elusivedata.io\\\/product\\\/mission-darkness-blocker-locker-7\\\/#primaryimage\"},\"thumbnailUrl\":\"https:\\\/\\\/elusivedata.io\\\/wp-content\\\/uploads\\\/2025\\\/06\\\/BlockerLocker7BlackFinish_480x480.webp\",\"datePublished\":\"2025-06-17T08:15:51+00:00\",\"dateModified\":\"2025-06-24T06:31:11+00:00\",\"breadcrumb\":{\"@id\":\"https:\\\/\\\/elusivedata.io\\\/product\\\/mission-darkness-blocker-locker-7\\\/#breadcrumb\"},\"inLanguage\":\"fr-FR\",\"potentialAction\":[{\"@type\":\"ReadAction\",\"target\":[\"https:\\\/\\\/elusivedata.io\\\/product\\\/mission-darkness-blocker-locker-7\\\/\"]}]},{\"@type\":\"ImageObject\",\"inLanguage\":\"fr-FR\",\"@id\":\"https:\\\/\\\/elusivedata.io\\\/product\\\/mission-darkness-blocker-locker-7\\\/#primaryimage\",\"url\":\"https:\\\/\\\/elusivedata.io\\\/wp-content\\\/uploads\\\/2025\\\/06\\\/BlockerLocker7BlackFinish_480x480.webp\",\"contentUrl\":\"https:\\\/\\\/elusivedata.io\\\/wp-content\\\/uploads\\\/2025\\\/06\\\/BlockerLocker7BlackFinish_480x480.webp\",\"width\":480,\"height\":480,\"caption\":\"Mission Darkness BlockerLocker 7 Faraday case \u2014 secure signal-blocking device storage\"},{\"@type\":\"BreadcrumbList\",\"@id\":\"https:\\\/\\\/elusivedata.io\\\/product\\\/mission-darkness-blocker-locker-7\\\/#breadcrumb\",\"itemListElement\":[{\"@type\":\"ListItem\",\"position\":1,\"name\":\"Home\",\"item\":\"https:\\\/\\\/elusivedata.io\\\/\"},{\"@type\":\"ListItem\",\"position\":2,\"name\":\"Products\",\"item\":\"https:\\\/\\\/elusivedata.io\\\/shop\\\/\"},{\"@type\":\"ListItem\",\"position\":3,\"name\":\"MISSION DARKNESS\u2122 BLOCKER LOCKER 7\"}]},{\"@type\":\"WebSite\",\"@id\":\"https:\\\/\\\/elusivedata.io\\\/#website\",\"url\":\"https:\\\/\\\/elusivedata.io\\\/\",\"name\":\"ElusiveData\",\"description\":\"Excellence in Digital Forensics Training and Consulting\",\"publisher\":{\"@id\":\"https:\\\/\\\/elusivedata.io\\\/#organization\"},\"potentialAction\":[{\"@type\":\"SearchAction\",\"target\":{\"@type\":\"EntryPoint\",\"urlTemplate\":\"https:\\\/\\\/elusivedata.io\\\/?s={search_term_string}\"},\"query-input\":{\"@type\":\"PropertyValueSpecification\",\"valueRequired\":true,\"valueName\":\"search_term_string\"}}],\"inLanguage\":\"fr-FR\"},{\"@type\":\"Organization\",\"@id\":\"https:\\\/\\\/elusivedata.io\\\/#organization\",\"name\":\"ElusiveData\",\"url\":\"https:\\\/\\\/elusivedata.io\\\/\",\"logo\":{\"@type\":\"ImageObject\",\"inLanguage\":\"fr-FR\",\"@id\":\"https:\\\/\\\/elusivedata.io\\\/#\\\/schema\\\/logo\\\/image\\\/\",\"url\":\"https:\\\/\\\/elusivedata.io\\\/wp-content\\\/uploads\\\/2024\\\/11\\\/Asset-3_2x-scaled.png\",\"contentUrl\":\"https:\\\/\\\/elusivedata.io\\\/wp-content\\\/uploads\\\/2024\\\/11\\\/Asset-3_2x-scaled.png\",\"width\":2560,\"height\":370,\"caption\":\"ElusiveData\"},\"image\":{\"@id\":\"https:\\\/\\\/elusivedata.io\\\/#\\\/schema\\\/logo\\\/image\\\/\"},\"sameAs\":[\"https:\\\/\\\/www.youtube.com\\\/@elusivedata\"]}]}<\/script>\n<!-- \/ Yoast SEO Premium plugin. -->","yoast_head_json":{"title":"MISSION DARKNESS\u2122 BLOCKER LOCKER 7 - Donn\u00e9es insaisissables","robots":{"index":"index","follow":"follow","max-snippet":"max-snippet:-1","max-image-preview":"max-image-preview:large","max-video-preview":"max-video-preview:-1"},"canonical":"https:\/\/elusivedata.io\/fr\/product\/mission-darkness-blocker-locker-7\/","og_locale":"fr_FR","og_type":"article","og_title":"MISSION DARKNESS\u2122 BLOCKER LOCKER 7","og_description":"The Mission Darkness\u2122 Blocker Locker 7\u2122 system solves multiple problems for forensics investigators and labs. To effectively access and recover data from cell phones and tablets, the latest forensic tools require devices to stay live. It can be difficult to keep devices shielded from RF signals, charged at all times, and securely locked. The Blocker Locker 7 accomplishes all of these objectives in a single cabinet designed specifically for shielding, charging, and locking. The unit includes seven fully loaded compartments equipped with Window Charge &amp; Shield Faraday Bags for Phones, while additional Charge &amp; Shield Faraday Bags can be purchased as required or to increase capacity.","og_url":"https:\/\/elusivedata.io\/fr\/product\/mission-darkness-blocker-locker-7\/","og_site_name":"Elusive Data","article_modified_time":"2025-06-24T06:31:11+00:00","og_image":[{"width":480,"height":480,"url":"https:\/\/elusivedata.io\/wp-content\/uploads\/2025\/06\/BlockerLocker7BlackFinish_480x480.webp","type":"image\/webp"}],"twitter_card":"summary_large_image","schema":{"@context":"https:\/\/schema.org","@graph":[{"@type":"WebPage","@id":"https:\/\/elusivedata.io\/product\/mission-darkness-blocker-locker-7\/","url":"https:\/\/elusivedata.io\/product\/mission-darkness-blocker-locker-7\/","name":"MISSION DARKNESS\u2122 BLOCKER LOCKER 7 - Donn\u00e9es insaisissables","isPartOf":{"@id":"https:\/\/elusivedata.io\/#website"},"primaryImageOfPage":{"@id":"https:\/\/elusivedata.io\/product\/mission-darkness-blocker-locker-7\/#primaryimage"},"image":{"@id":"https:\/\/elusivedata.io\/product\/mission-darkness-blocker-locker-7\/#primaryimage"},"thumbnailUrl":"https:\/\/elusivedata.io\/wp-content\/uploads\/2025\/06\/BlockerLocker7BlackFinish_480x480.webp","datePublished":"2025-06-17T08:15:51+00:00","dateModified":"2025-06-24T06:31:11+00:00","breadcrumb":{"@id":"https:\/\/elusivedata.io\/product\/mission-darkness-blocker-locker-7\/#breadcrumb"},"inLanguage":"fr-FR","potentialAction":[{"@type":"ReadAction","target":["https:\/\/elusivedata.io\/product\/mission-darkness-blocker-locker-7\/"]}]},{"@type":"ImageObject","inLanguage":"fr-FR","@id":"https:\/\/elusivedata.io\/product\/mission-darkness-blocker-locker-7\/#primaryimage","url":"https:\/\/elusivedata.io\/wp-content\/uploads\/2025\/06\/BlockerLocker7BlackFinish_480x480.webp","contentUrl":"https:\/\/elusivedata.io\/wp-content\/uploads\/2025\/06\/BlockerLocker7BlackFinish_480x480.webp","width":480,"height":480,"caption":"Mission Darkness BlockerLocker 7 Faraday case \u2014 secure signal-blocking device storage"},{"@type":"BreadcrumbList","@id":"https:\/\/elusivedata.io\/product\/mission-darkness-blocker-locker-7\/#breadcrumb","itemListElement":[{"@type":"ListItem","position":1,"name":"Home","item":"https:\/\/elusivedata.io\/"},{"@type":"ListItem","position":2,"name":"Products","item":"https:\/\/elusivedata.io\/shop\/"},{"@type":"ListItem","position":3,"name":"MISSION DARKNESS\u2122 BLOCKER LOCKER 7"}]},{"@type":"WebSite","@id":"https:\/\/elusivedata.io\/#website","url":"https:\/\/elusivedata.io\/","name":"Donn\u00e9es insaisissables","description":"L'excellence en mati\u00e8re de formation et de conseil en criminalistique num\u00e9rique","publisher":{"@id":"https:\/\/elusivedata.io\/#organization"},"potentialAction":[{"@type":"SearchAction","target":{"@type":"EntryPoint","urlTemplate":"https:\/\/elusivedata.io\/?s={search_term_string}"},"query-input":{"@type":"PropertyValueSpecification","valueRequired":true,"valueName":"search_term_string"}}],"inLanguage":"fr-FR"},{"@type":"Organization","@id":"https:\/\/elusivedata.io\/#organization","name":"Donn\u00e9es insaisissables","url":"https:\/\/elusivedata.io\/","logo":{"@type":"ImageObject","inLanguage":"fr-FR","@id":"https:\/\/elusivedata.io\/#\/schema\/logo\/image\/","url":"https:\/\/elusivedata.io\/wp-content\/uploads\/2024\/11\/Asset-3_2x-scaled.png","contentUrl":"https:\/\/elusivedata.io\/wp-content\/uploads\/2024\/11\/Asset-3_2x-scaled.png","width":2560,"height":370,"caption":"ElusiveData"},"image":{"@id":"https:\/\/elusivedata.io\/#\/schema\/logo\/image\/"},"sameAs":["https:\/\/www.youtube.com\/@elusivedata"]}]}},"_links":{"self":[{"href":"https:\/\/elusivedata.io\/fr\/wp-json\/wp\/v2\/product\/8829","targetHints":{"allow":["GET"]}}],"collection":[{"href":"https:\/\/elusivedata.io\/fr\/wp-json\/wp\/v2\/product"}],"about":[{"href":"https:\/\/elusivedata.io\/fr\/wp-json\/wp\/v2\/types\/product"}],"version-history":[{"count":5,"href":"https:\/\/elusivedata.io\/fr\/wp-json\/wp\/v2\/product\/8829\/revisions"}],"predecessor-version":[{"id":8839,"href":"https:\/\/elusivedata.io\/fr\/wp-json\/wp\/v2\/product\/8829\/revisions\/8839"}],"wp:featuredmedia":[{"embeddable":true,"href":"https:\/\/elusivedata.io\/fr\/wp-json\/wp\/v2\/media\/8833"}],"wp:attachment":[{"href":"https:\/\/elusivedata.io\/fr\/wp-json\/wp\/v2\/media?parent=8829"}],"wp:term":[{"taxonomy":"product_brand","embeddable":true,"href":"https:\/\/elusivedata.io\/fr\/wp-json\/wp\/v2\/product_brand?post=8829"},{"taxonomy":"product_cat","embeddable":true,"href":"https:\/\/elusivedata.io\/fr\/wp-json\/wp\/v2\/product_cat?post=8829"},{"taxonomy":"product_tag","embeddable":true,"href":"https:\/\/elusivedata.io\/fr\/wp-json\/wp\/v2\/product_tag?post=8829"}],"curies":[{"name":"wp","href":"https:\/\/api.w.org\/{rel}","templated":true}]}}