{"id":8810,"date":"2025-06-17T08:15:53","date_gmt":"2025-06-17T08:15:53","guid":{"rendered":"https:\/\/elusivedata.io\/?post_type=product&#038;p=8810"},"modified":"2025-06-24T06:30:50","modified_gmt":"2025-06-24T06:30:50","slug":"mission-darkness-blockbox-lab-xl","status":"publish","type":"product","link":"https:\/\/elusivedata.io\/fr\/product\/mission-darkness-blockbox-lab-xl\/","title":{"rendered":"Mission Darkness\u2122 BlockBox Lab XL"},"content":{"rendered":"<div data-elementor-type=\"product-post\" data-elementor-id=\"8810\" class=\"elementor elementor-8810\" data-elementor-post-type=\"product\">\n\t\t\t\t<div class=\"elementor-element elementor-element-347fe6d2 e-flex e-con-boxed e-con e-parent\" data-id=\"347fe6d2\" data-element_type=\"container\" data-e-type=\"container\">\n\t\t\t\t\t<div class=\"e-con-inner\">\n\t\t\t\t<div class=\"elementor-element elementor-element-322b7be9 elementor-widget elementor-widget-text-editor\" data-id=\"322b7be9\" data-element_type=\"widget\" data-e-type=\"widget\" data-widget_type=\"text-editor.default\">\n\t\t\t\t<div class=\"elementor-widget-container\">\n\t\t\t\t\t\t\t\t\t<div id=\"s-05dc07eb-99c9-4894-bd54-ad282338cdfc\" class=\"shg-c shg-align-left\"><div class=\"shogun-heading-component\"><p>La Mission Darkness\u2122 BlockBox Lab XL offre le meilleur blindage contre les radiofr\u00e9quences (RF) et une accessibilit\u00e9 pratique pour les enqu\u00eates m\u00e9dico-l\u00e9gales sur les appareils \u00e9lectroniques. L'enceinte d'analyse m\u00e9dico-l\u00e9gale robuste est con\u00e7ue sp\u00e9cifiquement pour enqu\u00eater sur des appareils tels que les t\u00e9l\u00e9phones cellulaires, les tablettes, les ordinateurs portables et les appareils \u00e9lectroniques de taille similaire, tout en restant blind\u00e9e contre les signaux RF. Les dimensions int\u00e9rieures extra-larges permettent aux op\u00e9rateurs d'analyser confortablement les appareils et de les transf\u00e9rer dans et hors des sacs de Faraday \u00e0 l'int\u00e9rieur de la chambre blind\u00e9e. D'autres utilisations sont li\u00e9es aux tests d'appareils mobiles, puisque le produit peut \u00eatre utilis\u00e9 pour cr\u00e9er un environnement isol\u00e9 et contr\u00f4l\u00e9.<\/p><p>Elle est constitu\u00e9e d'un cadre en aluminium durable dont les parois int\u00e9rieures sont recouvertes de mousse absorbant les radiofr\u00e9quences, de gants conducteurs pour les deux mains permettant d'utiliser et d'interroger les appareils \u00e0 l'int\u00e9rieur (y compris les \u00e9crans tactiles), d'une fen\u00eatre de visualisation transparente brevet\u00e9e Gen 2 RF-FilterVu, de deux matrices de LED, d'une barrette d'alimentation avec quatre ports d'alimentation universels et quatre ports USB, et d'un filtre blind\u00e9 double face avec un port Ethernet RJ45 et deux ports USB pour l'extraction de donn\u00e9es \u00e0 grande vitesse. Le port RJ45 permet \u00e0 un op\u00e9rateur de connecter des appareils \u00e0 l'int\u00e9rieur de la chambre de Faraday \u00e0 un r\u00e9seau local en interne, ainsi qu'\u00e0 une source de charge, \u00e0 un ordinateur ou \u00e0 un outil d'extraction de donn\u00e9es en externe. Ces caract\u00e9ristiques combin\u00e9es permettent aux enqu\u00eateurs de la police scientifique d'analyser en profondeur les donn\u00e9es des appareils tout en emp\u00eachant tout signal d'atteindre ou de quitter l'appareil. La capacit\u00e9 de maintenir les appareils charg\u00e9s ind\u00e9finiment emp\u00eache le mode verrouillage et r\u00e9duit le temps n\u00e9cessaire pour casser un code d'acc\u00e8s, ce qui permet d'extraire un maximum de donn\u00e9es et de les d\u00e9verrouiller avec des outils tels que GrayKey, Cellebrite, XRY, BlackBag, Oxygen, etc.<\/p><p>La BlockBox Lab XL isole compl\u00e8tement les appareils \u00e0 l'int\u00e9rieur et bloque les signaux WiFi (2,4 et 5 GHz), Bluetooth, les signaux cellulaires, y compris les r\u00e9seaux 5G, GPS, RFID et les signaux radio. Il a \u00e9t\u00e9 test\u00e9 en laboratoire et certifi\u00e9 conforme aux normes d'efficacit\u00e9 du blindage.\u00a0<a href=\"https:\/\/mosequipment.com\/pages\/ieee-299-2006-testing\" target=\"_blank\" rel=\"noopener\">IEEE 299-2006<\/a>. Bien que con\u00e7ue pour une utilisation en laboratoire, la l\u00e9g\u00e8ret\u00e9 de la BlockBox Lab XL et ses solides poign\u00e9es lat\u00e9rales lui permettent d'\u00eatre transport\u00e9e dans diff\u00e9rents endroits. Le kit d'accessoires complet comprend une vari\u00e9t\u00e9 de c\u00e2bles de haute qualit\u00e9, un organisateur de t\u00e9l\u00e9phone et une \u00e9tag\u00e8re en acrylique cristallin, un ensemble de gants de remplacement et des joints en mousse (car ces \u00e9l\u00e9ments peuvent s'user avec le temps en raison d'une utilisation ou d'un stockage fr\u00e9quents\/impr\u00e9cis), qui peuvent \u00eatre facilement install\u00e9s sur place sans avoir \u00e0 envoyer l'unit\u00e9 enti\u00e8re en r\u00e9paration. Le kit est \u00e9galement fourni avec une vari\u00e9t\u00e9 de sacs Faraday NeoLok de Mission Darkness, dot\u00e9s d'une fermeture magn\u00e9tique brevet\u00e9e, ce qui permet de les utiliser en toute s\u00e9curit\u00e9 avec des gants conducteurs dans le cadre d'enqu\u00eates m\u00e9dico-l\u00e9gales.<\/p><p>La BlockBox Lab XL peut \u00eatre achet\u00e9e avec une vari\u00e9t\u00e9 de caract\u00e9ristiques am\u00e9lior\u00e9es (lisez les d\u00e9tails ci-dessous et s\u00e9lectionnez l'option pr\u00e9f\u00e9r\u00e9e dans le menu d\u00e9roulant). Un port Ethernet RJ45 suppl\u00e9mentaire ou d'autres filtres peuvent \u00eatre install\u00e9s sur demande. Il peut \u00eatre \u00e9quip\u00e9 d'un \u00e9vent et d'un ventilateur pour r\u00e9duire la chaleur g\u00e9n\u00e9r\u00e9e par l'\u00e9quipement de traitement \u00e9lev\u00e9 utilis\u00e9 \u00e0 l'int\u00e9rieur du bo\u00eetier et emp\u00eacher le gonflement de l'appareil. En outre, un support pour cam\u00e9ra peut \u00eatre install\u00e9 \u00e0 l'int\u00e9rieur ou \u00e0 l'ext\u00e9rieur afin qu'une cam\u00e9ra puisse photographier ou filmer les preuves et les \u00e9crans de l'appareil. Lire la suite\u00a0<a href=\"https:\/\/mosequipment.com\/blogs\/blog\/faraday-box-with-mounted-camera\" target=\"_blank\" rel=\"noopener\">article de blog<\/a>\u00a0sur les avantages d'une bo\u00eete de Faraday avec une cam\u00e9ra mont\u00e9e pour en savoir plus.<\/p><\/div><p><iframe title=\"BBL XL BlockBox Lab Comparaison entre la version standard et la version tablette\" width=\"800\" height=\"450\" src=\"https:\/\/www.youtube.com\/embed\/UC-KWEgSOu8?feature=oembed&enablejsapi=1&origin=https:\/\/elusivedata.io\" frameborder=\"0\" allow=\"accelerometer; autoplay; clipboard-write; encrypted-media; gyroscope; picture-in-picture; web-share\" referrerpolicy=\"strict-origin-when-cross-origin\" allowfullscreen><\/iframe><\/p><\/div>\t\t\t\t\t\t\t\t<\/div>\n\t\t\t\t<\/div>\n\t\t\t\t\t<\/div>\n\t\t\t\t<\/div>\n\t\t<div class=\"elementor-element elementor-element-b25f885 e-flex e-con-boxed e-con e-parent\" data-id=\"b25f885\" data-element_type=\"container\" data-e-type=\"container\">\n\t\t\t\t\t<div class=\"e-con-inner\">\n\t\t<div class=\"elementor-element elementor-element-5822c12 e-con-full e-flex e-con e-child\" data-id=\"5822c12\" data-element_type=\"container\" data-e-type=\"container\">\n\t\t\t\t<div class=\"elementor-element elementor-element-a64f718 elementor-widget elementor-widget-image\" data-id=\"a64f718\" data-element_type=\"widget\" data-e-type=\"widget\" data-widget_type=\"image.default\">\n\t\t\t\t<div class=\"elementor-widget-container\">\n\t\t\t\t\t\t\t\t\t\t\t\t\t\t\t<img fetchpriority=\"high\" decoding=\"async\" width=\"800\" height=\"552\" src=\"https:\/\/elusivedata.io\/wp-content\/uploads\/2025\/06\/download-5-1024x707.webp\" class=\"attachment-large size-large wp-image-8811\" alt=\"Mission Darkness Faraday bag \u2014 professional signal-blocking evidence collection pouch\" srcset=\"https:\/\/elusivedata.io\/wp-content\/uploads\/2025\/06\/download-5-1024x707.webp 1024w, https:\/\/elusivedata.io\/wp-content\/uploads\/2025\/06\/download-5-300x207.webp 300w, https:\/\/elusivedata.io\/wp-content\/uploads\/2025\/06\/download-5-768x531.webp 768w, https:\/\/elusivedata.io\/wp-content\/uploads\/2025\/06\/download-5-18x12.webp 18w, https:\/\/elusivedata.io\/wp-content\/uploads\/2025\/06\/download-5-600x414.webp 600w, https:\/\/elusivedata.io\/wp-content\/uploads\/2025\/06\/download-5.webp 1423w\" sizes=\"(max-width: 800px) 100vw, 800px\" \/>\t\t\t\t\t\t\t\t\t\t\t\t\t\t\t<\/div>\n\t\t\t\t<\/div>\n\t\t\t\t<\/div>\n\t\t<div class=\"elementor-element elementor-element-d454967 e-con-full e-flex e-con e-child\" data-id=\"d454967\" data-element_type=\"container\" data-e-type=\"container\">\n\t\t\t\t<div class=\"elementor-element elementor-element-96afd19 elementor-widget elementor-widget-image\" data-id=\"96afd19\" data-element_type=\"widget\" data-e-type=\"widget\" data-widget_type=\"image.default\">\n\t\t\t\t<div class=\"elementor-widget-container\">\n\t\t\t\t\t\t\t\t\t\t\t\t\t\t\t<img decoding=\"async\" width=\"800\" height=\"552\" src=\"https:\/\/elusivedata.io\/wp-content\/uploads\/2025\/06\/download-4-1024x707.webp\" class=\"attachment-large size-large wp-image-8812\" alt=\"Mission Darkness Faraday shielding equipment \u2014 RF-blocking for mobile device forensics\" srcset=\"https:\/\/elusivedata.io\/wp-content\/uploads\/2025\/06\/download-4-1024x707.webp 1024w, https:\/\/elusivedata.io\/wp-content\/uploads\/2025\/06\/download-4-300x207.webp 300w, https:\/\/elusivedata.io\/wp-content\/uploads\/2025\/06\/download-4-768x530.webp 768w, https:\/\/elusivedata.io\/wp-content\/uploads\/2025\/06\/download-4-18x12.webp 18w, https:\/\/elusivedata.io\/wp-content\/uploads\/2025\/06\/download-4-600x414.webp 600w, https:\/\/elusivedata.io\/wp-content\/uploads\/2025\/06\/download-4.webp 1500w\" sizes=\"(max-width: 800px) 100vw, 800px\" \/>\t\t\t\t\t\t\t\t\t\t\t\t\t\t\t<\/div>\n\t\t\t\t<\/div>\n\t\t\t\t<\/div>\n\t\t\t\t\t<\/div>\n\t\t\t\t<\/div>\n\t\t\t\t<\/div>","protected":false},"excerpt":{"rendered":"<p class=\"ai-optimize-19\">La Mission Darkness\u2122 BlockBox Lab XL offre le meilleur blindage contre les radiofr\u00e9quences (RF) et une accessibilit\u00e9 pratique pour les enqu\u00eates m\u00e9dico-l\u00e9gales sur les appareils \u00e9lectroniques. L'enceinte d'analyse m\u00e9dico-l\u00e9gale robuste est con\u00e7ue sp\u00e9cifiquement pour enqu\u00eater sur des appareils tels que les t\u00e9l\u00e9phones cellulaires, les tablettes, les ordinateurs portables et les appareils \u00e9lectroniques de taille similaire, tout en restant blind\u00e9e contre les signaux RF. Les dimensions int\u00e9rieures extra-larges permettent aux op\u00e9rateurs d'analyser confortablement les appareils et de les transf\u00e9rer dans et hors des sacs de Faraday \u00e0 l'int\u00e9rieur de la chambre blind\u00e9e. D'autres utilisations sont li\u00e9es aux tests d'appareils mobiles, puisque le produit peut \u00eatre utilis\u00e9 pour cr\u00e9er un environnement isol\u00e9 et contr\u00f4l\u00e9.<\/p>","protected":false},"featured_media":8818,"template":"","meta":{"content-type":""},"product_brand":[],"product_cat":[108],"product_tag":[],"class_list":{"0":"post-8810","1":"product","2":"type-product","3":"status-publish","4":"has-post-thumbnail","6":"product_cat-future-physical-products","8":"first","9":"instock","10":"taxable","11":"shipping-taxable","12":"purchasable","13":"product-type-simple"},"acf":[],"yoast_head":"<!-- This site is optimized with the Yoast SEO Premium plugin v27.3 (Yoast SEO v27.3) - https:\/\/yoast.com\/product\/yoast-seo-premium-wordpress\/ -->\n<title>Mission Darkness\u2122 BlockBox Lab XL - Elusive Data<\/title>\n<meta name=\"robots\" content=\"index, follow, max-snippet:-1, max-image-preview:large, max-video-preview:-1\" \/>\n<link rel=\"canonical\" href=\"https:\/\/elusivedata.io\/fr\/product\/mission-darkness-blockbox-lab-xl\/\" \/>\n<meta property=\"og:locale\" content=\"fr_FR\" \/>\n<meta property=\"og:type\" content=\"article\" \/>\n<meta property=\"og:title\" content=\"Mission Darkness\u2122 BlockBox Lab XL\" \/>\n<meta property=\"og:description\" content=\"The Mission Darkness\u2122 BlockBox Lab XL offers the ultimate radio frequency (RF) shielding and hands-on accessibility for electronic device forensics investigations. The heavy-duty forensic analysis enclosure is designed specifically for investigating devices such as cell phones, tablets, laptops, and similar size electronics while remaining shielded from RF signals. The extra large interior dimensions make it easy for operators to comfortably analyze devices, as well as transfer devices in and out of faraday bags inside of the shielded chamber. Alternative uses relate to mobile device testing, since the product can be used to create an isolated and controlled environment.\" \/>\n<meta property=\"og:url\" content=\"https:\/\/elusivedata.io\/fr\/product\/mission-darkness-blockbox-lab-xl\/\" \/>\n<meta property=\"og:site_name\" content=\"Elusive Data\" \/>\n<meta property=\"article:modified_time\" content=\"2025-06-24T06:30:50+00:00\" \/>\n<meta property=\"og:image\" content=\"https:\/\/elusivedata.io\/wp-content\/uploads\/2025\/06\/DSC00549_480x480.webp\" \/>\n\t<meta property=\"og:image:width\" content=\"480\" \/>\n\t<meta property=\"og:image:height\" content=\"480\" \/>\n\t<meta property=\"og:image:type\" content=\"image\/webp\" \/>\n<meta name=\"twitter:card\" content=\"summary_large_image\" \/>\n<meta name=\"twitter:label1\" content=\"Dur\u00e9e de lecture estim\u00e9e\" \/>\n\t<meta name=\"twitter:data1\" content=\"3 minutes\" \/>\n<script type=\"application\/ld+json\" class=\"yoast-schema-graph\">{\"@context\":\"https:\\\/\\\/schema.org\",\"@graph\":[{\"@type\":\"WebPage\",\"@id\":\"https:\\\/\\\/elusivedata.io\\\/product\\\/mission-darkness-blockbox-lab-xl\\\/\",\"url\":\"https:\\\/\\\/elusivedata.io\\\/product\\\/mission-darkness-blockbox-lab-xl\\\/\",\"name\":\"Mission Darkness\u2122 BlockBox Lab XL - Elusive Data\",\"isPartOf\":{\"@id\":\"https:\\\/\\\/elusivedata.io\\\/#website\"},\"primaryImageOfPage\":{\"@id\":\"https:\\\/\\\/elusivedata.io\\\/product\\\/mission-darkness-blockbox-lab-xl\\\/#primaryimage\"},\"image\":{\"@id\":\"https:\\\/\\\/elusivedata.io\\\/product\\\/mission-darkness-blockbox-lab-xl\\\/#primaryimage\"},\"thumbnailUrl\":\"https:\\\/\\\/elusivedata.io\\\/wp-content\\\/uploads\\\/2025\\\/06\\\/DSC00549_480x480.webp\",\"datePublished\":\"2025-06-17T08:15:53+00:00\",\"dateModified\":\"2025-06-24T06:30:50+00:00\",\"breadcrumb\":{\"@id\":\"https:\\\/\\\/elusivedata.io\\\/product\\\/mission-darkness-blockbox-lab-xl\\\/#breadcrumb\"},\"inLanguage\":\"fr-FR\",\"potentialAction\":[{\"@type\":\"ReadAction\",\"target\":[\"https:\\\/\\\/elusivedata.io\\\/product\\\/mission-darkness-blockbox-lab-xl\\\/\"]}]},{\"@type\":\"ImageObject\",\"inLanguage\":\"fr-FR\",\"@id\":\"https:\\\/\\\/elusivedata.io\\\/product\\\/mission-darkness-blockbox-lab-xl\\\/#primaryimage\",\"url\":\"https:\\\/\\\/elusivedata.io\\\/wp-content\\\/uploads\\\/2025\\\/06\\\/DSC00549_480x480.webp\",\"contentUrl\":\"https:\\\/\\\/elusivedata.io\\\/wp-content\\\/uploads\\\/2025\\\/06\\\/DSC00549_480x480.webp\",\"width\":480,\"height\":480,\"caption\":\"Mission Darkness Faraday bag product photo \u2014 professional digital forensics equipment\"},{\"@type\":\"BreadcrumbList\",\"@id\":\"https:\\\/\\\/elusivedata.io\\\/product\\\/mission-darkness-blockbox-lab-xl\\\/#breadcrumb\",\"itemListElement\":[{\"@type\":\"ListItem\",\"position\":1,\"name\":\"Home\",\"item\":\"https:\\\/\\\/elusivedata.io\\\/\"},{\"@type\":\"ListItem\",\"position\":2,\"name\":\"Products\",\"item\":\"https:\\\/\\\/elusivedata.io\\\/shop\\\/\"},{\"@type\":\"ListItem\",\"position\":3,\"name\":\"Mission Darkness\u2122 BlockBox Lab XL\"}]},{\"@type\":\"WebSite\",\"@id\":\"https:\\\/\\\/elusivedata.io\\\/#website\",\"url\":\"https:\\\/\\\/elusivedata.io\\\/\",\"name\":\"ElusiveData\",\"description\":\"Excellence in Digital Forensics Training and Consulting\",\"publisher\":{\"@id\":\"https:\\\/\\\/elusivedata.io\\\/#organization\"},\"potentialAction\":[{\"@type\":\"SearchAction\",\"target\":{\"@type\":\"EntryPoint\",\"urlTemplate\":\"https:\\\/\\\/elusivedata.io\\\/?s={search_term_string}\"},\"query-input\":{\"@type\":\"PropertyValueSpecification\",\"valueRequired\":true,\"valueName\":\"search_term_string\"}}],\"inLanguage\":\"fr-FR\"},{\"@type\":\"Organization\",\"@id\":\"https:\\\/\\\/elusivedata.io\\\/#organization\",\"name\":\"ElusiveData\",\"url\":\"https:\\\/\\\/elusivedata.io\\\/\",\"logo\":{\"@type\":\"ImageObject\",\"inLanguage\":\"fr-FR\",\"@id\":\"https:\\\/\\\/elusivedata.io\\\/#\\\/schema\\\/logo\\\/image\\\/\",\"url\":\"https:\\\/\\\/elusivedata.io\\\/wp-content\\\/uploads\\\/2024\\\/11\\\/Asset-3_2x-scaled.png\",\"contentUrl\":\"https:\\\/\\\/elusivedata.io\\\/wp-content\\\/uploads\\\/2024\\\/11\\\/Asset-3_2x-scaled.png\",\"width\":2560,\"height\":370,\"caption\":\"ElusiveData\"},\"image\":{\"@id\":\"https:\\\/\\\/elusivedata.io\\\/#\\\/schema\\\/logo\\\/image\\\/\"},\"sameAs\":[\"https:\\\/\\\/www.youtube.com\\\/@elusivedata\"]}]}<\/script>\n<!-- \/ Yoast SEO Premium plugin. -->","yoast_head_json":{"title":"Mission Darkness\u2122 BlockBox Lab XL - Donn\u00e9es insaisissables","robots":{"index":"index","follow":"follow","max-snippet":"max-snippet:-1","max-image-preview":"max-image-preview:large","max-video-preview":"max-video-preview:-1"},"canonical":"https:\/\/elusivedata.io\/fr\/product\/mission-darkness-blockbox-lab-xl\/","og_locale":"fr_FR","og_type":"article","og_title":"Mission Darkness\u2122 BlockBox Lab XL","og_description":"The Mission Darkness\u2122 BlockBox Lab XL offers the ultimate radio frequency (RF) shielding and hands-on accessibility for electronic device forensics investigations. The heavy-duty forensic analysis enclosure is designed specifically for investigating devices such as cell phones, tablets, laptops, and similar size electronics while remaining shielded from RF signals. The extra large interior dimensions make it easy for operators to comfortably analyze devices, as well as transfer devices in and out of faraday bags inside of the shielded chamber. Alternative uses relate to mobile device testing, since the product can be used to create an isolated and controlled environment.","og_url":"https:\/\/elusivedata.io\/fr\/product\/mission-darkness-blockbox-lab-xl\/","og_site_name":"Elusive Data","article_modified_time":"2025-06-24T06:30:50+00:00","og_image":[{"width":480,"height":480,"url":"https:\/\/elusivedata.io\/wp-content\/uploads\/2025\/06\/DSC00549_480x480.webp","type":"image\/webp"}],"twitter_card":"summary_large_image","twitter_misc":{"Dur\u00e9e de lecture estim\u00e9e":"3 minutes"},"schema":{"@context":"https:\/\/schema.org","@graph":[{"@type":"WebPage","@id":"https:\/\/elusivedata.io\/product\/mission-darkness-blockbox-lab-xl\/","url":"https:\/\/elusivedata.io\/product\/mission-darkness-blockbox-lab-xl\/","name":"Mission Darkness\u2122 BlockBox Lab XL - Donn\u00e9es insaisissables","isPartOf":{"@id":"https:\/\/elusivedata.io\/#website"},"primaryImageOfPage":{"@id":"https:\/\/elusivedata.io\/product\/mission-darkness-blockbox-lab-xl\/#primaryimage"},"image":{"@id":"https:\/\/elusivedata.io\/product\/mission-darkness-blockbox-lab-xl\/#primaryimage"},"thumbnailUrl":"https:\/\/elusivedata.io\/wp-content\/uploads\/2025\/06\/DSC00549_480x480.webp","datePublished":"2025-06-17T08:15:53+00:00","dateModified":"2025-06-24T06:30:50+00:00","breadcrumb":{"@id":"https:\/\/elusivedata.io\/product\/mission-darkness-blockbox-lab-xl\/#breadcrumb"},"inLanguage":"fr-FR","potentialAction":[{"@type":"ReadAction","target":["https:\/\/elusivedata.io\/product\/mission-darkness-blockbox-lab-xl\/"]}]},{"@type":"ImageObject","inLanguage":"fr-FR","@id":"https:\/\/elusivedata.io\/product\/mission-darkness-blockbox-lab-xl\/#primaryimage","url":"https:\/\/elusivedata.io\/wp-content\/uploads\/2025\/06\/DSC00549_480x480.webp","contentUrl":"https:\/\/elusivedata.io\/wp-content\/uploads\/2025\/06\/DSC00549_480x480.webp","width":480,"height":480,"caption":"Mission Darkness Faraday bag product photo \u2014 professional digital forensics equipment"},{"@type":"BreadcrumbList","@id":"https:\/\/elusivedata.io\/product\/mission-darkness-blockbox-lab-xl\/#breadcrumb","itemListElement":[{"@type":"ListItem","position":1,"name":"Home","item":"https:\/\/elusivedata.io\/"},{"@type":"ListItem","position":2,"name":"Products","item":"https:\/\/elusivedata.io\/shop\/"},{"@type":"ListItem","position":3,"name":"Mission Darkness\u2122 BlockBox Lab XL"}]},{"@type":"WebSite","@id":"https:\/\/elusivedata.io\/#website","url":"https:\/\/elusivedata.io\/","name":"Donn\u00e9es insaisissables","description":"L'excellence en mati\u00e8re de formation et de conseil en criminalistique num\u00e9rique","publisher":{"@id":"https:\/\/elusivedata.io\/#organization"},"potentialAction":[{"@type":"SearchAction","target":{"@type":"EntryPoint","urlTemplate":"https:\/\/elusivedata.io\/?s={search_term_string}"},"query-input":{"@type":"PropertyValueSpecification","valueRequired":true,"valueName":"search_term_string"}}],"inLanguage":"fr-FR"},{"@type":"Organization","@id":"https:\/\/elusivedata.io\/#organization","name":"Donn\u00e9es insaisissables","url":"https:\/\/elusivedata.io\/","logo":{"@type":"ImageObject","inLanguage":"fr-FR","@id":"https:\/\/elusivedata.io\/#\/schema\/logo\/image\/","url":"https:\/\/elusivedata.io\/wp-content\/uploads\/2024\/11\/Asset-3_2x-scaled.png","contentUrl":"https:\/\/elusivedata.io\/wp-content\/uploads\/2024\/11\/Asset-3_2x-scaled.png","width":2560,"height":370,"caption":"ElusiveData"},"image":{"@id":"https:\/\/elusivedata.io\/#\/schema\/logo\/image\/"},"sameAs":["https:\/\/www.youtube.com\/@elusivedata"]}]}},"_links":{"self":[{"href":"https:\/\/elusivedata.io\/fr\/wp-json\/wp\/v2\/product\/8810","targetHints":{"allow":["GET"]}}],"collection":[{"href":"https:\/\/elusivedata.io\/fr\/wp-json\/wp\/v2\/product"}],"about":[{"href":"https:\/\/elusivedata.io\/fr\/wp-json\/wp\/v2\/types\/product"}],"version-history":[{"count":8,"href":"https:\/\/elusivedata.io\/fr\/wp-json\/wp\/v2\/product\/8810\/revisions"}],"predecessor-version":[{"id":8828,"href":"https:\/\/elusivedata.io\/fr\/wp-json\/wp\/v2\/product\/8810\/revisions\/8828"}],"wp:featuredmedia":[{"embeddable":true,"href":"https:\/\/elusivedata.io\/fr\/wp-json\/wp\/v2\/media\/8818"}],"wp:attachment":[{"href":"https:\/\/elusivedata.io\/fr\/wp-json\/wp\/v2\/media?parent=8810"}],"wp:term":[{"taxonomy":"product_brand","embeddable":true,"href":"https:\/\/elusivedata.io\/fr\/wp-json\/wp\/v2\/product_brand?post=8810"},{"taxonomy":"product_cat","embeddable":true,"href":"https:\/\/elusivedata.io\/fr\/wp-json\/wp\/v2\/product_cat?post=8810"},{"taxonomy":"product_tag","embeddable":true,"href":"https:\/\/elusivedata.io\/fr\/wp-json\/wp\/v2\/product_tag?post=8810"}],"curies":[{"name":"wp","href":"https:\/\/api.w.org\/{rel}","templated":true}]}}