{"id":9386,"date":"2025-06-15T13:39:51","date_gmt":"2025-06-15T13:39:51","guid":{"rendered":"https:\/\/elusivedata.io\/?page_id=9386"},"modified":"2026-03-18T21:34:07","modified_gmt":"2026-03-18T21:34:07","slug":"terms-conditions","status":"publish","type":"page","link":"https:\/\/elusivedata.io\/fr\/terms-conditions\/","title":{"rendered":"Conditions g\u00e9n\u00e9rales d'utilisation"},"content":{"rendered":"<div data-elementor-type=\"wp-page\" data-elementor-id=\"9386\" class=\"elementor elementor-9386\" data-elementor-post-type=\"page\">\n\t\t\t\t<div class=\"elementor-element elementor-element-5ef3a96e e-flex e-con-boxed e-con e-parent\" data-id=\"5ef3a96e\" data-element_type=\"container\" data-e-type=\"container\">\n\t\t\t\t\t<div class=\"e-con-inner\">\n\t\t<div class=\"elementor-element elementor-element-7410f65 e-con-full e-flex e-con e-child\" data-id=\"7410f65\" data-element_type=\"container\" data-e-type=\"container\">\n\t\t<div class=\"elementor-element elementor-element-8d367a2 e-grid e-con-full e-con e-child\" data-id=\"8d367a2\" data-element_type=\"container\" data-e-type=\"container\">\n\t\t\t\t<div class=\"elementor-element elementor-element-e42b80a elementor-widget elementor-widget-text-editor\" data-id=\"e42b80a\" data-element_type=\"widget\" data-e-type=\"widget\" data-widget_type=\"text-editor.default\">\n\t\t\t\t<div class=\"elementor-widget-container\">\n\t\t\t\t\t\t\t\t\t<h2>Conditions g\u00e9n\u00e9rales d'achat de cours num\u00e9riques aupr\u00e8s d'Elusive Data<\/h2><div><br><\/div>\n<p><!-- \/wp:paragraph --><!-- wp:paragraph --><\/p>\n<h3>1. Produit<\/h3>\n<p>Lorsque vous effectuez un achat chez nous, vous achetez l'acc\u00e8s \u00e0 un cours en ligne d\u00e9livr\u00e9 par notre plateforme d'apprentissage num\u00e9rique.<\/p>\n<p><!-- \/wp:paragraph --><!-- wp:paragraph --><\/p>\n<h3>2. Livraison<\/h3>\n<p>L'acc\u00e8s au contenu du cours est accord\u00e9 imm\u00e9diatement apr\u00e8s l'achat et le paiement. Un courriel de confirmation contenant les d\u00e9tails de connexion et les instructions sera envoy\u00e9 automatiquement.<\/p>\n<p><!-- \/wp:paragraph --><!-- wp:paragraph --><\/p>\n<h3>3. Droit de retrait<\/h3>\n<p>S'agissant d'un produit num\u00e9rique \u00e0 acc\u00e8s imm\u00e9diat, aucun droit de r\u00e9tractation ne s'applique, conform\u00e9ment au droit europ\u00e9en de la consommation (directive 2011\/83\/UE, article 16).<\/p>\n<p><!-- \/wp:paragraph --><!-- wp:paragraph --><\/p>\n<h3>4. Paiement<\/h3>\n<p>Le paiement est effectu\u00e9 par l'interm\u00e9diaire de nos fournisseurs de paiement agr\u00e9\u00e9s (par exemple Stripe, Klarna, PayPal). Tous les prix sont affich\u00e9s dans la devise s\u00e9lectionn\u00e9e et incluent la TVA le cas \u00e9ch\u00e9ant.<\/p>\n<p><!-- \/wp:paragraph --><!-- wp:paragraph --><\/p>\n<h3>5. Conditions d'utilisation<\/h3>\n<p>Vous ne pouvez pas partager vos identifiants de connexion ni distribuer le mat\u00e9riel de cours. Tout le contenu est prot\u00e9g\u00e9 par des droits d'auteur et ne peut \u00eatre reproduit ou redistribu\u00e9.<\/p>\n<p><!-- \/wp:paragraph --><!-- wp:paragraph --><\/p>\n<h3>6. Soutien<\/h3>\n<p>Si vous rencontrez des probl\u00e8mes techniques ou si vous avez des questions concernant le cours, veuillez contacter notre \u00e9quipe d'assistance \u00e0 l'adresse contact@elusivedata.io.<\/p>\n<p><!-- \/wp:paragraph --><!-- wp:paragraph --><\/p>\n<h3>7. Les litiges<\/h3>\n<p>Tout litige sera r\u00e9gi par le droit su\u00e9dois et trait\u00e9 par les tribunaux comp\u00e9tents en Su\u00e8de.<\/p>\n<p><!-- \/wp:paragraph --><!-- wp:paragraph --><\/p>\n<p>Elusive Data, une partie de Collara Works AB Org. no : 559471-1482<\/p>\n<p><!-- \/wp:paragraph --><\/p>\t\t\t\t\t\t\t\t<\/div>\n\t\t\t\t<\/div>\n\t\t\t\t<\/div>\n\t\t\t\t<\/div>\n\t\t\t\t<div class=\"elementor-element elementor-element-36ff5d1b elementor-widget elementor-widget-text-editor\" data-id=\"36ff5d1b\" data-element_type=\"widget\" data-e-type=\"widget\" data-widget_type=\"text-editor.default\">\n\t\t\t\t<div class=\"elementor-widget-container\">\n\t\t\t\t\t\t\t\t\t<!-- wp:paragraph -->\n<p><strong>Conditions g\u00e9n\u00e9rales d'achat de cours num\u00e9riques aupr\u00e8s d'Elusive Data<\/strong><\/p>\n<!-- \/wp:paragraph --><!-- wp:paragraph -->\n<p><strong>1. Produit<\/strong><br \/>Lorsque vous effectuez un achat chez nous, vous achetez l'acc\u00e8s \u00e0 un cours en ligne d\u00e9livr\u00e9 par notre plateforme d'apprentissage num\u00e9rique.<\/p>\n<!-- \/wp:paragraph --><!-- wp:paragraph -->\n<p><strong>2. Livraison<\/strong><br \/>L'acc\u00e8s au contenu du cours est accord\u00e9 imm\u00e9diatement apr\u00e8s l'achat et le paiement. Un courriel de confirmation contenant les d\u00e9tails de connexion et les instructions sera envoy\u00e9 automatiquement.<\/p>\n<!-- \/wp:paragraph --><!-- wp:paragraph -->\n<p><strong>3. Droit de retrait<\/strong><br \/>S'agissant d'un produit num\u00e9rique \u00e0 acc\u00e8s imm\u00e9diat, aucun droit de r\u00e9tractation ne s'applique, conform\u00e9ment au droit europ\u00e9en de la consommation (directive 2011\/83\/UE, article 16).<\/p>\n<!-- \/wp:paragraph --><!-- wp:paragraph -->\n<p><strong>4. Paiement<\/strong><br \/>Le paiement est effectu\u00e9 par l'interm\u00e9diaire de nos fournisseurs de paiement agr\u00e9\u00e9s (par exemple Stripe, Klarna, PayPal). Tous les prix sont affich\u00e9s dans la devise s\u00e9lectionn\u00e9e et incluent la TVA le cas \u00e9ch\u00e9ant.<\/p>\n<!-- \/wp:paragraph --><!-- wp:paragraph -->\n<p><strong>5. Conditions d'utilisation<\/strong><br \/>Vous ne pouvez pas partager vos identifiants de connexion ni distribuer le mat\u00e9riel de cours. Tout le contenu est prot\u00e9g\u00e9 par des droits d'auteur et ne peut \u00eatre reproduit ou redistribu\u00e9.<\/p>\n<!-- \/wp:paragraph --><!-- wp:paragraph -->\n<p><strong>6. Soutien<\/strong><br \/>Si vous rencontrez des probl\u00e8mes techniques ou si vous avez des questions concernant le cours, veuillez contacter notre \u00e9quipe d'assistance \u00e0 l'adresse contact@elusivedata.io.<\/p>\n<!-- \/wp:paragraph --><!-- wp:paragraph -->\n<p><strong>7. Les litiges<\/strong><br \/>Tout litige sera r\u00e9gi par le droit su\u00e9dois et trait\u00e9 par les tribunaux comp\u00e9tents en Su\u00e8de.<\/p>\n<!-- \/wp:paragraph --><!-- wp:paragraph -->\n<p>Elusive Data, une partie de Collara Works AB Org. no : 559471-1482<\/p>\n<!-- \/wp:paragraph -->\t\t\t\t\t\t\t\t<\/div>\n\t\t\t\t<\/div>\n\t\t\t\t\t<\/div>\n\t\t\t\t<\/div>\n\t\t\t\t<\/div>","protected":false},"excerpt":{"rendered":"<p>General Terms &amp; Conditions for Purchasing Digital Courses from Elusive Data 1. Product When you make a purchase from us, you are buying access to an online course delivered through our digital learning platform. 2. Delivery Access to the course content is granted immediately after a successful purchase and payment. A confirmation email with login [&hellip;]<\/p>\n","protected":false},"author":1,"featured_media":0,"parent":0,"menu_order":0,"comment_status":"closed","ping_status":"closed","template":"","meta":{"content-type":"","footnotes":""},"class_list":["post-9386","page","type-page","status-publish","hentry"],"acf":[],"yoast_head":"<!-- This site is optimized with the Yoast SEO Premium plugin v27.3 (Yoast SEO v27.3) - https:\/\/yoast.com\/product\/yoast-seo-premium-wordpress\/ -->\n<title>Terms &amp; Conditions | Elusive Data<\/title>\n<meta name=\"description\" content=\"Read the Elusive Data terms and conditions for training, tools, and digital forensics services.\" \/>\n<meta name=\"robots\" content=\"index, nofollow, max-snippet:-1, max-image-preview:large, max-video-preview:-1\" \/>\n<link rel=\"canonical\" href=\"https:\/\/elusivedata.io\/fr\/terms-conditions\/\" \/>\n<meta property=\"og:locale\" content=\"fr_FR\" \/>\n<meta property=\"og:type\" content=\"article\" \/>\n<meta property=\"og:title\" content=\"Terms &amp; Conditions\" \/>\n<meta property=\"og:description\" content=\"Read the Elusive Data terms and conditions for training, tools, and digital forensics services.\" \/>\n<meta property=\"og:url\" content=\"https:\/\/elusivedata.io\/fr\/terms-conditions\/\" \/>\n<meta property=\"og:site_name\" content=\"Elusive Data\" \/>\n<meta property=\"article:modified_time\" content=\"2026-03-18T21:34:07+00:00\" \/>\n<meta name=\"twitter:card\" content=\"summary_large_image\" \/>\n<meta name=\"twitter:label1\" content=\"Dur\u00e9e de lecture estim\u00e9e\" \/>\n\t<meta name=\"twitter:data1\" content=\"2 minutes\" \/>\n<script type=\"application\/ld+json\" class=\"yoast-schema-graph\">{\"@context\":\"https:\\\/\\\/schema.org\",\"@graph\":[{\"@type\":\"WebPage\",\"@id\":\"https:\\\/\\\/elusivedata.io\\\/terms-conditions\\\/\",\"url\":\"https:\\\/\\\/elusivedata.io\\\/terms-conditions\\\/\",\"name\":\"Terms & Conditions | Elusive Data\",\"isPartOf\":{\"@id\":\"https:\\\/\\\/elusivedata.io\\\/#website\"},\"datePublished\":\"2025-06-15T13:39:51+00:00\",\"dateModified\":\"2026-03-18T21:34:07+00:00\",\"description\":\"Read the Elusive Data terms and conditions for training, tools, and digital forensics services.\",\"breadcrumb\":{\"@id\":\"https:\\\/\\\/elusivedata.io\\\/terms-conditions\\\/#breadcrumb\"},\"inLanguage\":\"fr-FR\",\"potentialAction\":[{\"@type\":\"ReadAction\",\"target\":[\"https:\\\/\\\/elusivedata.io\\\/terms-conditions\\\/\"]}]},{\"@type\":\"BreadcrumbList\",\"@id\":\"https:\\\/\\\/elusivedata.io\\\/terms-conditions\\\/#breadcrumb\",\"itemListElement\":[{\"@type\":\"ListItem\",\"position\":1,\"name\":\"Home\",\"item\":\"https:\\\/\\\/elusivedata.io\\\/\"},{\"@type\":\"ListItem\",\"position\":2,\"name\":\"Terms &amp; Conditions\"}]},{\"@type\":\"WebSite\",\"@id\":\"https:\\\/\\\/elusivedata.io\\\/#website\",\"url\":\"https:\\\/\\\/elusivedata.io\\\/\",\"name\":\"ElusiveData\",\"description\":\"Excellence in Digital Forensics Training and Consulting\",\"publisher\":{\"@id\":\"https:\\\/\\\/elusivedata.io\\\/#organization\"},\"potentialAction\":[{\"@type\":\"SearchAction\",\"target\":{\"@type\":\"EntryPoint\",\"urlTemplate\":\"https:\\\/\\\/elusivedata.io\\\/?s={search_term_string}\"},\"query-input\":{\"@type\":\"PropertyValueSpecification\",\"valueRequired\":true,\"valueName\":\"search_term_string\"}}],\"inLanguage\":\"fr-FR\"},{\"@type\":\"Organization\",\"@id\":\"https:\\\/\\\/elusivedata.io\\\/#organization\",\"name\":\"ElusiveData\",\"url\":\"https:\\\/\\\/elusivedata.io\\\/\",\"logo\":{\"@type\":\"ImageObject\",\"inLanguage\":\"fr-FR\",\"@id\":\"https:\\\/\\\/elusivedata.io\\\/#\\\/schema\\\/logo\\\/image\\\/\",\"url\":\"https:\\\/\\\/elusivedata.io\\\/wp-content\\\/uploads\\\/2024\\\/11\\\/Asset-3_2x-scaled.png\",\"contentUrl\":\"https:\\\/\\\/elusivedata.io\\\/wp-content\\\/uploads\\\/2024\\\/11\\\/Asset-3_2x-scaled.png\",\"width\":2560,\"height\":370,\"caption\":\"ElusiveData\"},\"image\":{\"@id\":\"https:\\\/\\\/elusivedata.io\\\/#\\\/schema\\\/logo\\\/image\\\/\"},\"sameAs\":[\"https:\\\/\\\/www.youtube.com\\\/@elusivedata\"]}]}<\/script>\n<!-- \/ Yoast SEO Premium plugin. -->","yoast_head_json":{"title":"Terms & Conditions | Elusive Data","description":"Read the Elusive Data terms and conditions for training, tools, and digital forensics services.","robots":{"index":"index","follow":"nofollow","max-snippet":"max-snippet:-1","max-image-preview":"max-image-preview:large","max-video-preview":"max-video-preview:-1"},"canonical":"https:\/\/elusivedata.io\/fr\/terms-conditions\/","og_locale":"fr_FR","og_type":"article","og_title":"Terms &amp; Conditions","og_description":"Read the Elusive Data terms and conditions for training, tools, and digital forensics services.","og_url":"https:\/\/elusivedata.io\/fr\/terms-conditions\/","og_site_name":"Elusive Data","article_modified_time":"2026-03-18T21:34:07+00:00","twitter_card":"summary_large_image","twitter_misc":{"Dur\u00e9e de lecture estim\u00e9e":"2 minutes"},"schema":{"@context":"https:\/\/schema.org","@graph":[{"@type":"WebPage","@id":"https:\/\/elusivedata.io\/terms-conditions\/","url":"https:\/\/elusivedata.io\/terms-conditions\/","name":"Terms & Conditions | Elusive Data","isPartOf":{"@id":"https:\/\/elusivedata.io\/#website"},"datePublished":"2025-06-15T13:39:51+00:00","dateModified":"2026-03-18T21:34:07+00:00","description":"Read the Elusive Data terms and conditions for training, tools, and digital forensics services.","breadcrumb":{"@id":"https:\/\/elusivedata.io\/terms-conditions\/#breadcrumb"},"inLanguage":"fr-FR","potentialAction":[{"@type":"ReadAction","target":["https:\/\/elusivedata.io\/terms-conditions\/"]}]},{"@type":"BreadcrumbList","@id":"https:\/\/elusivedata.io\/terms-conditions\/#breadcrumb","itemListElement":[{"@type":"ListItem","position":1,"name":"Home","item":"https:\/\/elusivedata.io\/"},{"@type":"ListItem","position":2,"name":"Terms &amp; Conditions"}]},{"@type":"WebSite","@id":"https:\/\/elusivedata.io\/#website","url":"https:\/\/elusivedata.io\/","name":"Donn\u00e9es insaisissables","description":"L'excellence en mati\u00e8re de formation et de conseil en criminalistique num\u00e9rique","publisher":{"@id":"https:\/\/elusivedata.io\/#organization"},"potentialAction":[{"@type":"SearchAction","target":{"@type":"EntryPoint","urlTemplate":"https:\/\/elusivedata.io\/?s={search_term_string}"},"query-input":{"@type":"PropertyValueSpecification","valueRequired":true,"valueName":"search_term_string"}}],"inLanguage":"fr-FR"},{"@type":"Organization","@id":"https:\/\/elusivedata.io\/#organization","name":"Donn\u00e9es insaisissables","url":"https:\/\/elusivedata.io\/","logo":{"@type":"ImageObject","inLanguage":"fr-FR","@id":"https:\/\/elusivedata.io\/#\/schema\/logo\/image\/","url":"https:\/\/elusivedata.io\/wp-content\/uploads\/2024\/11\/Asset-3_2x-scaled.png","contentUrl":"https:\/\/elusivedata.io\/wp-content\/uploads\/2024\/11\/Asset-3_2x-scaled.png","width":2560,"height":370,"caption":"ElusiveData"},"image":{"@id":"https:\/\/elusivedata.io\/#\/schema\/logo\/image\/"},"sameAs":["https:\/\/www.youtube.com\/@elusivedata"]}]}},"_links":{"self":[{"href":"https:\/\/elusivedata.io\/fr\/wp-json\/wp\/v2\/pages\/9386","targetHints":{"allow":["GET"]}}],"collection":[{"href":"https:\/\/elusivedata.io\/fr\/wp-json\/wp\/v2\/pages"}],"about":[{"href":"https:\/\/elusivedata.io\/fr\/wp-json\/wp\/v2\/types\/page"}],"author":[{"embeddable":true,"href":"https:\/\/elusivedata.io\/fr\/wp-json\/wp\/v2\/users\/1"}],"replies":[{"embeddable":true,"href":"https:\/\/elusivedata.io\/fr\/wp-json\/wp\/v2\/comments?post=9386"}],"version-history":[{"count":7,"href":"https:\/\/elusivedata.io\/fr\/wp-json\/wp\/v2\/pages\/9386\/revisions"}],"predecessor-version":[{"id":13743,"href":"https:\/\/elusivedata.io\/fr\/wp-json\/wp\/v2\/pages\/9386\/revisions\/13743"}],"wp:attachment":[{"href":"https:\/\/elusivedata.io\/fr\/wp-json\/wp\/v2\/media?parent=9386"}],"curies":[{"name":"wp","href":"https:\/\/api.w.org\/{rel}","templated":true}]}}