{"id":2390,"date":"2024-12-12T12:14:00","date_gmt":"2024-12-12T12:14:00","guid":{"rendered":"https:\/\/elusivedata.io\/my-dashboard\/"},"modified":"2026-03-23T15:49:06","modified_gmt":"2026-03-23T15:49:06","slug":"my-dashboard","status":"publish","type":"page","link":"https:\/\/elusivedata.io\/fr\/my-dashboard\/","title":{"rendered":"Mon tableau de bord"},"content":{"rendered":"<p>Veuillez essayer de vous connecter au site web pour acc\u00e9der au tableau de bord. Le tableau de bord est d\u00e9sactiv\u00e9 pour les membres qui se d\u00e9connectent. <\/p>","protected":false},"excerpt":{"rendered":"","protected":false},"author":1,"featured_media":0,"parent":0,"menu_order":0,"comment_status":"closed","ping_status":"closed","template":"","meta":{"content-type":"","footnotes":""},"class_list":["post-2390","page","type-page","status-publish","hentry"],"acf":[],"yoast_head":"<!-- This site is optimized with the Yoast SEO Premium plugin v27.3 (Yoast SEO v27.3) - https:\/\/yoast.com\/product\/yoast-seo-premium-wordpress\/ -->\n<title>My Dashboard - Elusive Data<\/title>\n<meta name=\"robots\" content=\"noindex, follow\" \/>\n<meta property=\"og:locale\" content=\"fr_FR\" \/>\n<meta property=\"og:type\" content=\"article\" \/>\n<meta property=\"og:title\" content=\"My Dashboard\" \/>\n<meta property=\"og:url\" content=\"https:\/\/elusivedata.io\/fr\/my-dashboard\/\" \/>\n<meta property=\"og:site_name\" content=\"Elusive Data\" \/>\n<meta property=\"article:modified_time\" content=\"2026-03-23T15:49:06+00:00\" \/>\n<meta name=\"twitter:card\" content=\"summary_large_image\" \/>\n<script type=\"application\/ld+json\" class=\"yoast-schema-graph\">{\"@context\":\"https:\\\/\\\/schema.org\",\"@graph\":[{\"@type\":\"WebPage\",\"@id\":\"https:\\\/\\\/elusivedata.io\\\/my-dashboard\\\/\",\"url\":\"https:\\\/\\\/elusivedata.io\\\/my-dashboard\\\/\",\"name\":\"My Dashboard - Elusive Data\",\"isPartOf\":{\"@id\":\"https:\\\/\\\/elusivedata.io\\\/#website\"},\"datePublished\":\"2024-12-12T12:14:00+00:00\",\"dateModified\":\"2026-03-23T15:49:06+00:00\",\"breadcrumb\":{\"@id\":\"https:\\\/\\\/elusivedata.io\\\/my-dashboard\\\/#breadcrumb\"},\"inLanguage\":\"fr-FR\",\"potentialAction\":[{\"@type\":\"ReadAction\",\"target\":[\"https:\\\/\\\/elusivedata.io\\\/my-dashboard\\\/\"]}]},{\"@type\":\"BreadcrumbList\",\"@id\":\"https:\\\/\\\/elusivedata.io\\\/my-dashboard\\\/#breadcrumb\",\"itemListElement\":[{\"@type\":\"ListItem\",\"position\":1,\"name\":\"Home\",\"item\":\"https:\\\/\\\/elusivedata.io\\\/\"},{\"@type\":\"ListItem\",\"position\":2,\"name\":\"My Dashboard\"}]},{\"@type\":\"WebSite\",\"@id\":\"https:\\\/\\\/elusivedata.io\\\/#website\",\"url\":\"https:\\\/\\\/elusivedata.io\\\/\",\"name\":\"ElusiveData\",\"description\":\"Excellence in Digital Forensics Training and Consulting\",\"publisher\":{\"@id\":\"https:\\\/\\\/elusivedata.io\\\/#organization\"},\"potentialAction\":[{\"@type\":\"SearchAction\",\"target\":{\"@type\":\"EntryPoint\",\"urlTemplate\":\"https:\\\/\\\/elusivedata.io\\\/?s={search_term_string}\"},\"query-input\":{\"@type\":\"PropertyValueSpecification\",\"valueRequired\":true,\"valueName\":\"search_term_string\"}}],\"inLanguage\":\"fr-FR\"},{\"@type\":\"Organization\",\"@id\":\"https:\\\/\\\/elusivedata.io\\\/#organization\",\"name\":\"ElusiveData\",\"url\":\"https:\\\/\\\/elusivedata.io\\\/\",\"logo\":{\"@type\":\"ImageObject\",\"inLanguage\":\"fr-FR\",\"@id\":\"https:\\\/\\\/elusivedata.io\\\/#\\\/schema\\\/logo\\\/image\\\/\",\"url\":\"https:\\\/\\\/elusivedata.io\\\/wp-content\\\/uploads\\\/2024\\\/11\\\/Asset-3_2x-scaled.png\",\"contentUrl\":\"https:\\\/\\\/elusivedata.io\\\/wp-content\\\/uploads\\\/2024\\\/11\\\/Asset-3_2x-scaled.png\",\"width\":2560,\"height\":370,\"caption\":\"ElusiveData\"},\"image\":{\"@id\":\"https:\\\/\\\/elusivedata.io\\\/#\\\/schema\\\/logo\\\/image\\\/\"},\"sameAs\":[\"https:\\\/\\\/www.youtube.com\\\/@elusivedata\"]}]}<\/script>\n<!-- \/ Yoast SEO Premium plugin. -->","yoast_head_json":{"title":"Mon tableau de bord - Elusive Data","robots":{"index":"noindex","follow":"follow"},"og_locale":"fr_FR","og_type":"article","og_title":"My Dashboard","og_url":"https:\/\/elusivedata.io\/fr\/my-dashboard\/","og_site_name":"Elusive Data","article_modified_time":"2026-03-23T15:49:06+00:00","twitter_card":"summary_large_image","schema":{"@context":"https:\/\/schema.org","@graph":[{"@type":"WebPage","@id":"https:\/\/elusivedata.io\/my-dashboard\/","url":"https:\/\/elusivedata.io\/my-dashboard\/","name":"Mon tableau de bord - Elusive Data","isPartOf":{"@id":"https:\/\/elusivedata.io\/#website"},"datePublished":"2024-12-12T12:14:00+00:00","dateModified":"2026-03-23T15:49:06+00:00","breadcrumb":{"@id":"https:\/\/elusivedata.io\/my-dashboard\/#breadcrumb"},"inLanguage":"fr-FR","potentialAction":[{"@type":"ReadAction","target":["https:\/\/elusivedata.io\/my-dashboard\/"]}]},{"@type":"BreadcrumbList","@id":"https:\/\/elusivedata.io\/my-dashboard\/#breadcrumb","itemListElement":[{"@type":"ListItem","position":1,"name":"Home","item":"https:\/\/elusivedata.io\/"},{"@type":"ListItem","position":2,"name":"My Dashboard"}]},{"@type":"WebSite","@id":"https:\/\/elusivedata.io\/#website","url":"https:\/\/elusivedata.io\/","name":"Donn\u00e9es insaisissables","description":"L'excellence en mati\u00e8re de formation et de conseil en criminalistique num\u00e9rique","publisher":{"@id":"https:\/\/elusivedata.io\/#organization"},"potentialAction":[{"@type":"SearchAction","target":{"@type":"EntryPoint","urlTemplate":"https:\/\/elusivedata.io\/?s={search_term_string}"},"query-input":{"@type":"PropertyValueSpecification","valueRequired":true,"valueName":"search_term_string"}}],"inLanguage":"fr-FR"},{"@type":"Organization","@id":"https:\/\/elusivedata.io\/#organization","name":"Donn\u00e9es insaisissables","url":"https:\/\/elusivedata.io\/","logo":{"@type":"ImageObject","inLanguage":"fr-FR","@id":"https:\/\/elusivedata.io\/#\/schema\/logo\/image\/","url":"https:\/\/elusivedata.io\/wp-content\/uploads\/2024\/11\/Asset-3_2x-scaled.png","contentUrl":"https:\/\/elusivedata.io\/wp-content\/uploads\/2024\/11\/Asset-3_2x-scaled.png","width":2560,"height":370,"caption":"ElusiveData"},"image":{"@id":"https:\/\/elusivedata.io\/#\/schema\/logo\/image\/"},"sameAs":["https:\/\/www.youtube.com\/@elusivedata"]}]}},"_links":{"self":[{"href":"https:\/\/elusivedata.io\/fr\/wp-json\/wp\/v2\/pages\/2390","targetHints":{"allow":["GET"]}}],"collection":[{"href":"https:\/\/elusivedata.io\/fr\/wp-json\/wp\/v2\/pages"}],"about":[{"href":"https:\/\/elusivedata.io\/fr\/wp-json\/wp\/v2\/types\/page"}],"author":[{"embeddable":true,"href":"https:\/\/elusivedata.io\/fr\/wp-json\/wp\/v2\/users\/1"}],"replies":[{"embeddable":true,"href":"https:\/\/elusivedata.io\/fr\/wp-json\/wp\/v2\/comments?post=2390"}],"version-history":[{"count":2,"href":"https:\/\/elusivedata.io\/fr\/wp-json\/wp\/v2\/pages\/2390\/revisions"}],"predecessor-version":[{"id":13711,"href":"https:\/\/elusivedata.io\/fr\/wp-json\/wp\/v2\/pages\/2390\/revisions\/13711"}],"wp:attachment":[{"href":"https:\/\/elusivedata.io\/fr\/wp-json\/wp\/v2\/media?parent=2390"}],"curies":[{"name":"wp","href":"https:\/\/api.w.org\/{rel}","templated":true}]}}