{"id":8875,"date":"2025-06-17T08:15:46","date_gmt":"2025-06-17T08:15:46","guid":{"rendered":"https:\/\/elusivedata.io\/?post_type=product&#038;p=8875"},"modified":"2025-06-24T06:31:54","modified_gmt":"2025-06-24T06:31:54","slug":"mission-darkness-dry-shield-faraday-tote-15l","status":"publish","type":"product","link":"https:\/\/elusivedata.io\/fi\/product\/mission-darkness-dry-shield-faraday-tote-15l\/","title":{"rendered":"Mission Darkness\u2122 Dry Shield Faraday Tote 15L"},"content":{"rendered":"<div id=\"s-4cc45054-e3da-4e94-bf83-a31c14a7aa6b\" class=\"shg-c shg-align-left\">\n<div class=\"shogun-heading-component\">\n<h3 >DRY SHIELD FARADAY TOTE 15L - s\u00e4\u00e4nkest\u00e4v\u00e4, vedenpit\u00e4v\u00e4, signaalinkest\u00e4v\u00e4<\/h3>\n<\/div>\n<\/div>\n<div id=\"s-79e2236c-717c-409c-bfc5-d889f2450661\" class=\"shg-c\">\n<div class=\"shg-rich-text shg-theme-text-content\">\n<p >Mission Darkness\u2122 Dry Shield Faraday Tote 15L est\u00e4\u00e4 t\u00e4ysin kaikki langattomat signaalit ja pit\u00e4\u00e4 keskikokoiset elektroniset laitteet suojattuna est\u00e4\u00e4kseen hakkeroinnin, j\u00e4ljitt\u00e4misen, vakoilun ja s\u00e4ilytysketjun korruptoitumisen. Kun laite on kunnolla suljettu laukkuun, mit\u00e4\u00e4n sovelluksia tai haitallista koodia ei voi k\u00e4ynnist\u00e4\u00e4 tai pyyhki\u00e4 et\u00e4n\u00e4, mik\u00e4\u00e4n viestint\u00e4 ei p\u00e4\u00e4se tunkeutumaan, eik\u00e4 kukaan p\u00e4\u00e4se k\u00e4siksi mikrofoniin, kameraan, GPS-sijaintiin tai tietoihin. Ensisijaisia k\u00e4ytt\u00f6tarkoituksia ovat lainvalvontaviranomaisten ja armeijan rikosteknisten todisteiden ker\u00e4\u00e4minen, puolustautuminen tietovarkauksia vastaan, henkil\u00f6kohtainen turvallisuus, EMP-suojaus, s\u00e4hk\u00f6magneettisen s\u00e4teilyn v\u00e4hent\u00e4minen ja digitaalisen yksityisyyden parantaminen.<\/p>\n<p >Laukku on rakennettu kest\u00e4v\u00e4st\u00e4 ja vedenpit\u00e4v\u00e4st\u00e4\u00a0<span class=\"a-list-item\">500D PVC ulkomateriaali\u00a0<\/span>ja kaksi kerrosta hyvin suojaavaa\u00a0<a href=\"https:\/\/mosequipment.com\/collections\/faraday-supplies\/products\/titanrf-faraday-fabric\" target=\"_blank\" rel=\"noopener\">TitanRF\u2122 Faraday-kangas<\/a>\u00a0kaikilla sis\u00e4puolilla kaksinkertaisella parittaisella saumarakenteella. Laukussa on s\u00e4\u00e4dett\u00e4v\u00e4 ja irrotettava hihna, jonka avulla sit\u00e4 voi kantaa olan yli tai kiinnitt\u00e4\u00e4 rakenteisiin. Suureen sis\u00e4tilaan mahtuu helposti useita kannettavia tietokoneita, radioita, matkapuhelimia, tabletteja ja lis\u00e4varusteita. Ulkopuolella olevan vedenpit\u00e4v\u00e4n suojaamattoman vetoketjutaskun avulla voit pit\u00e4\u00e4 usein k\u00e4ytetyt pienet esineet tai laitteet (kuten matkapuhelimet) saatavilla ja verkossa tarvittaessa, ja se toimii my\u00f6s toimiston br\u00e4ndilokerona. Sis\u00e4lle suljettu elektroniikka pysyy taatusti kuivana ja offline-tilassa miss\u00e4 tahansa veden ymp\u00e4r\u00f6im\u00e4ss\u00e4 paikassa.<\/p>\n<\/div>\n<\/div>","protected":false},"excerpt":{"rendered":"<p class=\"ai-optimize-46\">Mission Darkness\u2122 Dry Shield Faraday Tote 15L est\u00e4\u00e4 t\u00e4ysin kaikki langattomat signaalit ja pit\u00e4\u00e4 keskikokoiset elektroniset laitteet suojattuna est\u00e4\u00e4kseen hakkeroinnin, j\u00e4ljitt\u00e4misen, vakoilun ja s\u00e4ilytysketjun korruptoitumisen. Kun laite on kunnolla suljettu laukkuun, mit\u00e4\u00e4n sovelluksia tai haitallista koodia ei voi k\u00e4ynnist\u00e4\u00e4 tai pyyhki\u00e4 et\u00e4n\u00e4, mik\u00e4\u00e4n viestint\u00e4 ei p\u00e4\u00e4se tunkeutumaan, eik\u00e4 kukaan p\u00e4\u00e4se k\u00e4siksi mikrofoniin, kameraan, GPS-sijaintiin tai tietoihin. Ensisijaisia k\u00e4ytt\u00f6tarkoituksia ovat lainvalvontaviranomaisten ja armeijan rikosteknisten todisteiden ker\u00e4\u00e4minen, puolustautuminen tietovarkauksia vastaan, henkil\u00f6kohtainen turvallisuus, EMP-suojaus, s\u00e4hk\u00f6magneettisen s\u00e4teilyn v\u00e4hent\u00e4minen ja digitaalisen yksityisyyden parantaminen.<\/p>","protected":false},"featured_media":8876,"template":"","meta":{"content-type":""},"product_brand":[],"product_cat":[108],"product_tag":[],"class_list":{"0":"post-8875","1":"product","2":"type-product","3":"status-publish","4":"has-post-thumbnail","6":"product_cat-future-physical-products","8":"first","9":"instock","10":"taxable","11":"shipping-taxable","12":"product-type-simple"},"acf":[],"yoast_head":"<!-- This site is optimized with the Yoast SEO Premium plugin v27.3 (Yoast SEO v27.3) - https:\/\/yoast.com\/product\/yoast-seo-premium-wordpress\/ -->\n<title>Mission Darkness\u2122 Dry Shield Faraday Tote 15L - Elusive Data<\/title>\n<meta name=\"robots\" content=\"index, follow, max-snippet:-1, max-image-preview:large, max-video-preview:-1\" \/>\n<link rel=\"canonical\" href=\"https:\/\/elusivedata.io\/fi\/product\/mission-darkness-dry-shield-faraday-tote-15l\/\" \/>\n<meta property=\"og:locale\" content=\"fi_FI\" \/>\n<meta property=\"og:type\" content=\"article\" \/>\n<meta property=\"og:title\" content=\"Mission Darkness\u2122 Dry Shield Faraday Tote 15L\" \/>\n<meta property=\"og:description\" content=\"The Mission Darkness\u2122 Dry Shield Faraday Tote 15L completely blocks all wireless signals and keeps midsize electronic devices shielded to prevent hacking, tracking, spying, and chain of custody corruption. When a device is properly enclosed in the bag, no apps or malicious code can be remotely triggered or wiped, no communication can penetrate, and no one can access the microphone, camera, GPS location, or data. Primary uses are for law enforcement and military forensic evidence collection, defense against data theft, personal security, EMP protection, EMF radiation reduction, and to enhance digital privacy.\" \/>\n<meta property=\"og:url\" content=\"https:\/\/elusivedata.io\/fi\/product\/mission-darkness-dry-shield-faraday-tote-15l\/\" \/>\n<meta property=\"og:site_name\" content=\"Elusive Data\" \/>\n<meta property=\"article:modified_time\" content=\"2025-06-24T06:31:54+00:00\" \/>\n<meta property=\"og:image\" content=\"https:\/\/elusivedata.io\/wp-content\/uploads\/2025\/06\/DSC02508_480x480.webp\" \/>\n\t<meta property=\"og:image:width\" content=\"480\" \/>\n\t<meta property=\"og:image:height\" content=\"480\" \/>\n\t<meta property=\"og:image:type\" content=\"image\/webp\" \/>\n<meta name=\"twitter:card\" content=\"summary_large_image\" \/>\n<meta name=\"twitter:label1\" content=\"Arvioitu lukuaika\" \/>\n\t<meta name=\"twitter:data1\" content=\"2 minuuttia\" \/>\n<script type=\"application\/ld+json\" class=\"yoast-schema-graph\">{\"@context\":\"https:\\\/\\\/schema.org\",\"@graph\":[{\"@type\":\"WebPage\",\"@id\":\"https:\\\/\\\/elusivedata.io\\\/product\\\/mission-darkness-dry-shield-faraday-tote-15l\\\/\",\"url\":\"https:\\\/\\\/elusivedata.io\\\/product\\\/mission-darkness-dry-shield-faraday-tote-15l\\\/\",\"name\":\"Mission Darkness\u2122 Dry Shield Faraday Tote 15L - Elusive Data\",\"isPartOf\":{\"@id\":\"https:\\\/\\\/elusivedata.io\\\/#website\"},\"primaryImageOfPage\":{\"@id\":\"https:\\\/\\\/elusivedata.io\\\/product\\\/mission-darkness-dry-shield-faraday-tote-15l\\\/#primaryimage\"},\"image\":{\"@id\":\"https:\\\/\\\/elusivedata.io\\\/product\\\/mission-darkness-dry-shield-faraday-tote-15l\\\/#primaryimage\"},\"thumbnailUrl\":\"https:\\\/\\\/elusivedata.io\\\/wp-content\\\/uploads\\\/2025\\\/06\\\/DSC02508_480x480.webp\",\"datePublished\":\"2025-06-17T08:15:46+00:00\",\"dateModified\":\"2025-06-24T06:31:54+00:00\",\"breadcrumb\":{\"@id\":\"https:\\\/\\\/elusivedata.io\\\/product\\\/mission-darkness-dry-shield-faraday-tote-15l\\\/#breadcrumb\"},\"inLanguage\":\"fi\",\"potentialAction\":[{\"@type\":\"ReadAction\",\"target\":[\"https:\\\/\\\/elusivedata.io\\\/product\\\/mission-darkness-dry-shield-faraday-tote-15l\\\/\"]}]},{\"@type\":\"ImageObject\",\"inLanguage\":\"fi\",\"@id\":\"https:\\\/\\\/elusivedata.io\\\/product\\\/mission-darkness-dry-shield-faraday-tote-15l\\\/#primaryimage\",\"url\":\"https:\\\/\\\/elusivedata.io\\\/wp-content\\\/uploads\\\/2025\\\/06\\\/DSC02508_480x480.webp\",\"contentUrl\":\"https:\\\/\\\/elusivedata.io\\\/wp-content\\\/uploads\\\/2025\\\/06\\\/DSC02508_480x480.webp\",\"width\":480,\"height\":480,\"caption\":\"Mission Darkness Faraday product detail \u2014 signal-blocking pouch for forensic evidence\"},{\"@type\":\"BreadcrumbList\",\"@id\":\"https:\\\/\\\/elusivedata.io\\\/product\\\/mission-darkness-dry-shield-faraday-tote-15l\\\/#breadcrumb\",\"itemListElement\":[{\"@type\":\"ListItem\",\"position\":1,\"name\":\"Home\",\"item\":\"https:\\\/\\\/elusivedata.io\\\/\"},{\"@type\":\"ListItem\",\"position\":2,\"name\":\"Products\",\"item\":\"https:\\\/\\\/elusivedata.io\\\/shop\\\/\"},{\"@type\":\"ListItem\",\"position\":3,\"name\":\"Mission Darkness\u2122 Dry Shield Faraday Tote 15L\"}]},{\"@type\":\"WebSite\",\"@id\":\"https:\\\/\\\/elusivedata.io\\\/#website\",\"url\":\"https:\\\/\\\/elusivedata.io\\\/\",\"name\":\"ElusiveData\",\"description\":\"Excellence in Digital Forensics Training and Consulting\",\"publisher\":{\"@id\":\"https:\\\/\\\/elusivedata.io\\\/#organization\"},\"potentialAction\":[{\"@type\":\"SearchAction\",\"target\":{\"@type\":\"EntryPoint\",\"urlTemplate\":\"https:\\\/\\\/elusivedata.io\\\/?s={search_term_string}\"},\"query-input\":{\"@type\":\"PropertyValueSpecification\",\"valueRequired\":true,\"valueName\":\"search_term_string\"}}],\"inLanguage\":\"fi\"},{\"@type\":\"Organization\",\"@id\":\"https:\\\/\\\/elusivedata.io\\\/#organization\",\"name\":\"ElusiveData\",\"url\":\"https:\\\/\\\/elusivedata.io\\\/\",\"logo\":{\"@type\":\"ImageObject\",\"inLanguage\":\"fi\",\"@id\":\"https:\\\/\\\/elusivedata.io\\\/#\\\/schema\\\/logo\\\/image\\\/\",\"url\":\"https:\\\/\\\/elusivedata.io\\\/wp-content\\\/uploads\\\/2024\\\/11\\\/Asset-3_2x-scaled.png\",\"contentUrl\":\"https:\\\/\\\/elusivedata.io\\\/wp-content\\\/uploads\\\/2024\\\/11\\\/Asset-3_2x-scaled.png\",\"width\":2560,\"height\":370,\"caption\":\"ElusiveData\"},\"image\":{\"@id\":\"https:\\\/\\\/elusivedata.io\\\/#\\\/schema\\\/logo\\\/image\\\/\"},\"sameAs\":[\"https:\\\/\\\/www.youtube.com\\\/@elusivedata\"]}]}<\/script>\n<!-- \/ Yoast SEO Premium plugin. -->","yoast_head_json":{"title":"Mission Darkness\u2122 Dry Shield Faraday Tote 15L - Elusive Data","robots":{"index":"index","follow":"follow","max-snippet":"max-snippet:-1","max-image-preview":"max-image-preview:large","max-video-preview":"max-video-preview:-1"},"canonical":"https:\/\/elusivedata.io\/fi\/product\/mission-darkness-dry-shield-faraday-tote-15l\/","og_locale":"fi_FI","og_type":"article","og_title":"Mission Darkness\u2122 Dry Shield Faraday Tote 15L","og_description":"The Mission Darkness\u2122 Dry Shield Faraday Tote 15L completely blocks all wireless signals and keeps midsize electronic devices shielded to prevent hacking, tracking, spying, and chain of custody corruption. When a device is properly enclosed in the bag, no apps or malicious code can be remotely triggered or wiped, no communication can penetrate, and no one can access the microphone, camera, GPS location, or data. Primary uses are for law enforcement and military forensic evidence collection, defense against data theft, personal security, EMP protection, EMF radiation reduction, and to enhance digital privacy.","og_url":"https:\/\/elusivedata.io\/fi\/product\/mission-darkness-dry-shield-faraday-tote-15l\/","og_site_name":"Elusive Data","article_modified_time":"2025-06-24T06:31:54+00:00","og_image":[{"width":480,"height":480,"url":"https:\/\/elusivedata.io\/wp-content\/uploads\/2025\/06\/DSC02508_480x480.webp","type":"image\/webp"}],"twitter_card":"summary_large_image","twitter_misc":{"Arvioitu lukuaika":"2 minuuttia"},"schema":{"@context":"https:\/\/schema.org","@graph":[{"@type":"WebPage","@id":"https:\/\/elusivedata.io\/product\/mission-darkness-dry-shield-faraday-tote-15l\/","url":"https:\/\/elusivedata.io\/product\/mission-darkness-dry-shield-faraday-tote-15l\/","name":"Mission Darkness\u2122 Dry Shield Faraday Tote 15L - Elusive Data","isPartOf":{"@id":"https:\/\/elusivedata.io\/#website"},"primaryImageOfPage":{"@id":"https:\/\/elusivedata.io\/product\/mission-darkness-dry-shield-faraday-tote-15l\/#primaryimage"},"image":{"@id":"https:\/\/elusivedata.io\/product\/mission-darkness-dry-shield-faraday-tote-15l\/#primaryimage"},"thumbnailUrl":"https:\/\/elusivedata.io\/wp-content\/uploads\/2025\/06\/DSC02508_480x480.webp","datePublished":"2025-06-17T08:15:46+00:00","dateModified":"2025-06-24T06:31:54+00:00","breadcrumb":{"@id":"https:\/\/elusivedata.io\/product\/mission-darkness-dry-shield-faraday-tote-15l\/#breadcrumb"},"inLanguage":"fi","potentialAction":[{"@type":"ReadAction","target":["https:\/\/elusivedata.io\/product\/mission-darkness-dry-shield-faraday-tote-15l\/"]}]},{"@type":"ImageObject","inLanguage":"fi","@id":"https:\/\/elusivedata.io\/product\/mission-darkness-dry-shield-faraday-tote-15l\/#primaryimage","url":"https:\/\/elusivedata.io\/wp-content\/uploads\/2025\/06\/DSC02508_480x480.webp","contentUrl":"https:\/\/elusivedata.io\/wp-content\/uploads\/2025\/06\/DSC02508_480x480.webp","width":480,"height":480,"caption":"Mission Darkness Faraday product detail \u2014 signal-blocking pouch for forensic evidence"},{"@type":"BreadcrumbList","@id":"https:\/\/elusivedata.io\/product\/mission-darkness-dry-shield-faraday-tote-15l\/#breadcrumb","itemListElement":[{"@type":"ListItem","position":1,"name":"Home","item":"https:\/\/elusivedata.io\/"},{"@type":"ListItem","position":2,"name":"Products","item":"https:\/\/elusivedata.io\/shop\/"},{"@type":"ListItem","position":3,"name":"Mission Darkness\u2122 Dry Shield Faraday Tote 15L"}]},{"@type":"WebSite","@id":"https:\/\/elusivedata.io\/#website","url":"https:\/\/elusivedata.io\/","name":"ElusiveData","description":"Huippuosaamista digitaalisen rikostekniikan koulutuksessa ja konsultoinnissa","publisher":{"@id":"https:\/\/elusivedata.io\/#organization"},"potentialAction":[{"@type":"SearchAction","target":{"@type":"EntryPoint","urlTemplate":"https:\/\/elusivedata.io\/?s={search_term_string}"},"query-input":{"@type":"PropertyValueSpecification","valueRequired":true,"valueName":"search_term_string"}}],"inLanguage":"fi"},{"@type":"Organization","@id":"https:\/\/elusivedata.io\/#organization","name":"ElusiveData","url":"https:\/\/elusivedata.io\/","logo":{"@type":"ImageObject","inLanguage":"fi","@id":"https:\/\/elusivedata.io\/#\/schema\/logo\/image\/","url":"https:\/\/elusivedata.io\/wp-content\/uploads\/2024\/11\/Asset-3_2x-scaled.png","contentUrl":"https:\/\/elusivedata.io\/wp-content\/uploads\/2024\/11\/Asset-3_2x-scaled.png","width":2560,"height":370,"caption":"ElusiveData"},"image":{"@id":"https:\/\/elusivedata.io\/#\/schema\/logo\/image\/"},"sameAs":["https:\/\/www.youtube.com\/@elusivedata"]}]}},"_links":{"self":[{"href":"https:\/\/elusivedata.io\/fi\/wp-json\/wp\/v2\/product\/8875","targetHints":{"allow":["GET"]}}],"collection":[{"href":"https:\/\/elusivedata.io\/fi\/wp-json\/wp\/v2\/product"}],"about":[{"href":"https:\/\/elusivedata.io\/fi\/wp-json\/wp\/v2\/types\/product"}],"version-history":[{"count":2,"href":"https:\/\/elusivedata.io\/fi\/wp-json\/wp\/v2\/product\/8875\/revisions"}],"predecessor-version":[{"id":10131,"href":"https:\/\/elusivedata.io\/fi\/wp-json\/wp\/v2\/product\/8875\/revisions\/10131"}],"wp:featuredmedia":[{"embeddable":true,"href":"https:\/\/elusivedata.io\/fi\/wp-json\/wp\/v2\/media\/8876"}],"wp:attachment":[{"href":"https:\/\/elusivedata.io\/fi\/wp-json\/wp\/v2\/media?parent=8875"}],"wp:term":[{"taxonomy":"product_brand","embeddable":true,"href":"https:\/\/elusivedata.io\/fi\/wp-json\/wp\/v2\/product_brand?post=8875"},{"taxonomy":"product_cat","embeddable":true,"href":"https:\/\/elusivedata.io\/fi\/wp-json\/wp\/v2\/product_cat?post=8875"},{"taxonomy":"product_tag","embeddable":true,"href":"https:\/\/elusivedata.io\/fi\/wp-json\/wp\/v2\/product_tag?post=8875"}],"curies":[{"name":"wp","href":"https:\/\/api.w.org\/{rel}","templated":true}]}}