{"id":8863,"date":"2025-06-17T08:15:48","date_gmt":"2025-06-17T08:15:48","guid":{"rendered":"https:\/\/elusivedata.io\/?post_type=product&#038;p=8863"},"modified":"2025-06-24T06:31:27","modified_gmt":"2025-06-24T06:31:27","slug":"mission-darkness-dry-shield-faraday-phone-sleeve-inventory","status":"publish","type":"product","link":"https:\/\/elusivedata.io\/fi\/product\/mission-darkness-dry-shield-faraday-phone-sleeve-inventory\/","title":{"rendered":"Mission Darkness Dry Shield Faraday Phone Sleeve - inventaario"},"content":{"rendered":"<p ><span data-fontfamily=\"Open Sans\">Mission Darkness\u2122 Dry Shield Faraday Phone Sleeve -puhelinhylsy est\u00e4\u00e4 t\u00e4ysin kaikki langattomat signaalit ja pit\u00e4\u00e4 pienet elektroniset laitteet suojattuna est\u00e4\u00e4kseen hakkeroinnin, j\u00e4ljitt\u00e4misen, vakoilun ja s\u00e4ilytysketjun korruptoitumisen. Kun matkapuhelin on kunnolla suljettu pussiin, mit\u00e4\u00e4n sovelluksia tai haitallista koodia ei voi k\u00e4ynnist\u00e4\u00e4 tai pyyhki\u00e4 et\u00e4n\u00e4, mik\u00e4\u00e4n viestint\u00e4 ei p\u00e4\u00e4se tunkeutumaan, eik\u00e4 kukaan p\u00e4\u00e4se k\u00e4siksi mikrofoniin, kameraan, GPS-sijaintiin tai tietoihin. Ensisijaisia k\u00e4ytt\u00f6tarkoituksia ovat lainvalvontaviranomaisten ja armeijan rikosteknisten todisteiden ker\u00e4\u00e4minen, puolustautuminen tietovarkauksia vastaan, henkil\u00f6kohtainen turvallisuus, EMP-suojaus, s\u00e4hk\u00f6magneettisen s\u00e4teilyn v\u00e4hent\u00e4minen ja digitaalisen yksityisyyden suojaaminen.<\/span><\/p>\n<p class=\"a-spacing-base\"><span data-fontfamily=\"Open Sans\">Laukku on rakennettu eritt\u00e4in kest\u00e4vist\u00e4 ja vedenpit\u00e4vist\u00e4 600D TPU- ja 420D TPU -ulkomateriaaleista, jotta laite(t) ja faraday-verhous pysyv\u00e4t kuivina ja suojattuina. Sis\u00e4tiloissa on kaksi kerrosta hyvin suojaavaa\u00a0<a href=\"https:\/\/mosequipment.com\/collections\/faraday-supplies\/products\/titanrf-faraday-fabric\">TitanRF\u2122 Faraday-kangas<\/a>\u00a0kaikilla sivuilla kaksoisaumarakenteinen. Laukku est\u00e4\u00e4 kaikki langattomat signaalit, mukaan lukien WiFi (2,4 ja 5 GHz), Bluetooth, matkapuhelinsignaalit, mukaan lukien 5G-verkot, GPS, RFID, NFC ja radiosignaalit matalista MHz:st\u00e4 40 GHz:iin. Laukku avautuu ja sulkeutuu helposti patentoidulla NeoLok\u2122-sulkimella, joka koostuu kaksoisrullasta ja neodyymimagneettisesta sinetist\u00e4. Laitteen sis\u00e4ll\u00e4 olevat laitteet pysyv\u00e4t taatusti kuivina ja offline-tilassa miss\u00e4 tahansa veden ymp\u00e4r\u00f6im\u00e4ss\u00e4 paikassa.<\/span><\/p>","protected":false},"excerpt":{"rendered":"<p class=\"ai-optimize-45 ai-optimize-introduction\">Mission Darkness\u2122 Dry Shield Faraday Phone Sleeve -puhelinhylsy est\u00e4\u00e4 t\u00e4ysin kaikki langattomat signaalit ja pit\u00e4\u00e4 pienet elektroniset laitteet suojattuna est\u00e4\u00e4kseen hakkeroinnin, j\u00e4ljitt\u00e4misen, vakoilun ja s\u00e4ilytysketjun korruptoitumisen. Kun matkapuhelin on kunnolla suljettu pussiin, mit\u00e4\u00e4n sovelluksia tai haitallista koodia ei voi k\u00e4ynnist\u00e4\u00e4 tai pyyhki\u00e4 et\u00e4n\u00e4, mik\u00e4\u00e4n viestint\u00e4 ei p\u00e4\u00e4se tunkeutumaan, eik\u00e4 kukaan p\u00e4\u00e4se k\u00e4siksi mikrofoniin, kameraan, GPS-sijaintiin tai tietoihin. Ensisijaisia k\u00e4ytt\u00f6tarkoituksia ovat lainvalvontaviranomaisten ja armeijan rikosteknisten todisteiden ker\u00e4\u00e4minen, puolustautuminen tietovarkauksia vastaan, henkil\u00f6kohtainen turvallisuus, EMP-suojaus, s\u00e4hk\u00f6magneettisen s\u00e4teilyn v\u00e4hent\u00e4minen ja digitaalisen yksityisyyden suojaaminen.<\/p>","protected":false},"featured_media":8867,"template":"","meta":{"content-type":""},"product_brand":[],"product_cat":[108],"product_tag":[],"class_list":{"0":"post-8863","1":"product","2":"type-product","3":"status-publish","4":"has-post-thumbnail","6":"product_cat-future-physical-products","8":"first","9":"instock","10":"taxable","11":"shipping-taxable","12":"product-type-simple"},"acf":[],"yoast_head":"<!-- This site is optimized with the Yoast SEO Premium plugin v27.3 (Yoast SEO v27.3) - https:\/\/yoast.com\/product\/yoast-seo-premium-wordpress\/ -->\n<title>Mission Darkness Dry Shield Faraday Phone Sleeve - Inventory - Elusive Data<\/title>\n<meta name=\"robots\" content=\"index, follow, max-snippet:-1, max-image-preview:large, max-video-preview:-1\" \/>\n<link rel=\"canonical\" href=\"https:\/\/elusivedata.io\/fi\/product\/mission-darkness-dry-shield-faraday-phone-sleeve-inventory\/\" \/>\n<meta property=\"og:locale\" content=\"fi_FI\" \/>\n<meta property=\"og:type\" content=\"article\" \/>\n<meta property=\"og:title\" content=\"Mission Darkness Dry Shield Faraday Phone Sleeve - Inventory\" \/>\n<meta property=\"og:description\" content=\"The Mission Darkness\u2122 Dry Shield Faraday Phone Sleeve completely blocks all wireless signals and keeps small electronic devices shielded to prevent hacking, tracking, spying, and chain of custody corruption. When a cell phone is properly enclosed in the bag, no apps or malicious code can be remotely triggered or wiped, no communication can penetrate, and no one can access the microphone, camera, GPS location, or data. Primary uses are for law enforcement and military forensic evidence collection, defense against data theft, personal security, EMP protection, EMF radiation reduction, and enhancing digital privacy.\" \/>\n<meta property=\"og:url\" content=\"https:\/\/elusivedata.io\/fi\/product\/mission-darkness-dry-shield-faraday-phone-sleeve-inventory\/\" \/>\n<meta property=\"og:site_name\" content=\"Elusive Data\" \/>\n<meta property=\"article:modified_time\" content=\"2025-06-24T06:31:27+00:00\" \/>\n<meta property=\"og:image\" content=\"https:\/\/elusivedata.io\/wp-content\/uploads\/2025\/06\/DSPS_front_angle_closed_480x480.jpg\" \/>\n\t<meta property=\"og:image:width\" content=\"480\" \/>\n\t<meta property=\"og:image:height\" content=\"480\" \/>\n\t<meta property=\"og:image:type\" content=\"image\/jpeg\" \/>\n<meta name=\"twitter:card\" content=\"summary_large_image\" \/>\n<meta name=\"twitter:label1\" content=\"Arvioitu lukuaika\" \/>\n\t<meta name=\"twitter:data1\" content=\"2 minuuttia\" \/>\n<script type=\"application\/ld+json\" class=\"yoast-schema-graph\">{\"@context\":\"https:\\\/\\\/schema.org\",\"@graph\":[{\"@type\":\"WebPage\",\"@id\":\"https:\\\/\\\/elusivedata.io\\\/product\\\/mission-darkness-dry-shield-faraday-phone-sleeve-inventory\\\/\",\"url\":\"https:\\\/\\\/elusivedata.io\\\/product\\\/mission-darkness-dry-shield-faraday-phone-sleeve-inventory\\\/\",\"name\":\"Mission Darkness Dry Shield Faraday Phone Sleeve - Inventory - Elusive Data\",\"isPartOf\":{\"@id\":\"https:\\\/\\\/elusivedata.io\\\/#website\"},\"primaryImageOfPage\":{\"@id\":\"https:\\\/\\\/elusivedata.io\\\/product\\\/mission-darkness-dry-shield-faraday-phone-sleeve-inventory\\\/#primaryimage\"},\"image\":{\"@id\":\"https:\\\/\\\/elusivedata.io\\\/product\\\/mission-darkness-dry-shield-faraday-phone-sleeve-inventory\\\/#primaryimage\"},\"thumbnailUrl\":\"https:\\\/\\\/elusivedata.io\\\/wp-content\\\/uploads\\\/2025\\\/06\\\/DSPS_front_angle_closed_480x480.jpg\",\"datePublished\":\"2025-06-17T08:15:48+00:00\",\"dateModified\":\"2025-06-24T06:31:27+00:00\",\"breadcrumb\":{\"@id\":\"https:\\\/\\\/elusivedata.io\\\/product\\\/mission-darkness-dry-shield-faraday-phone-sleeve-inventory\\\/#breadcrumb\"},\"inLanguage\":\"fi\",\"potentialAction\":[{\"@type\":\"ReadAction\",\"target\":[\"https:\\\/\\\/elusivedata.io\\\/product\\\/mission-darkness-dry-shield-faraday-phone-sleeve-inventory\\\/\"]}]},{\"@type\":\"ImageObject\",\"inLanguage\":\"fi\",\"@id\":\"https:\\\/\\\/elusivedata.io\\\/product\\\/mission-darkness-dry-shield-faraday-phone-sleeve-inventory\\\/#primaryimage\",\"url\":\"https:\\\/\\\/elusivedata.io\\\/wp-content\\\/uploads\\\/2025\\\/06\\\/DSPS_front_angle_closed_480x480.jpg\",\"contentUrl\":\"https:\\\/\\\/elusivedata.io\\\/wp-content\\\/uploads\\\/2025\\\/06\\\/DSPS_front_angle_closed_480x480.jpg\",\"width\":480,\"height\":480,\"caption\":\"Mission Darkness DSPS Faraday bag \u2014 signal-blocking pouch for digital evidence collection\"},{\"@type\":\"BreadcrumbList\",\"@id\":\"https:\\\/\\\/elusivedata.io\\\/product\\\/mission-darkness-dry-shield-faraday-phone-sleeve-inventory\\\/#breadcrumb\",\"itemListElement\":[{\"@type\":\"ListItem\",\"position\":1,\"name\":\"Home\",\"item\":\"https:\\\/\\\/elusivedata.io\\\/\"},{\"@type\":\"ListItem\",\"position\":2,\"name\":\"Products\",\"item\":\"https:\\\/\\\/elusivedata.io\\\/shop\\\/\"},{\"@type\":\"ListItem\",\"position\":3,\"name\":\"Mission Darkness Dry Shield Faraday Phone Sleeve &#8211; Inventory\"}]},{\"@type\":\"WebSite\",\"@id\":\"https:\\\/\\\/elusivedata.io\\\/#website\",\"url\":\"https:\\\/\\\/elusivedata.io\\\/\",\"name\":\"ElusiveData\",\"description\":\"Excellence in Digital Forensics Training and Consulting\",\"publisher\":{\"@id\":\"https:\\\/\\\/elusivedata.io\\\/#organization\"},\"potentialAction\":[{\"@type\":\"SearchAction\",\"target\":{\"@type\":\"EntryPoint\",\"urlTemplate\":\"https:\\\/\\\/elusivedata.io\\\/?s={search_term_string}\"},\"query-input\":{\"@type\":\"PropertyValueSpecification\",\"valueRequired\":true,\"valueName\":\"search_term_string\"}}],\"inLanguage\":\"fi\"},{\"@type\":\"Organization\",\"@id\":\"https:\\\/\\\/elusivedata.io\\\/#organization\",\"name\":\"ElusiveData\",\"url\":\"https:\\\/\\\/elusivedata.io\\\/\",\"logo\":{\"@type\":\"ImageObject\",\"inLanguage\":\"fi\",\"@id\":\"https:\\\/\\\/elusivedata.io\\\/#\\\/schema\\\/logo\\\/image\\\/\",\"url\":\"https:\\\/\\\/elusivedata.io\\\/wp-content\\\/uploads\\\/2024\\\/11\\\/Asset-3_2x-scaled.png\",\"contentUrl\":\"https:\\\/\\\/elusivedata.io\\\/wp-content\\\/uploads\\\/2024\\\/11\\\/Asset-3_2x-scaled.png\",\"width\":2560,\"height\":370,\"caption\":\"ElusiveData\"},\"image\":{\"@id\":\"https:\\\/\\\/elusivedata.io\\\/#\\\/schema\\\/logo\\\/image\\\/\"},\"sameAs\":[\"https:\\\/\\\/www.youtube.com\\\/@elusivedata\"]}]}<\/script>\n<!-- \/ Yoast SEO Premium plugin. -->","yoast_head_json":{"title":"Mission Darkness Dry Shield Faraday Phone Sleeve - Inventaario - Elusive Data - Elusive Data","robots":{"index":"index","follow":"follow","max-snippet":"max-snippet:-1","max-image-preview":"max-image-preview:large","max-video-preview":"max-video-preview:-1"},"canonical":"https:\/\/elusivedata.io\/fi\/product\/mission-darkness-dry-shield-faraday-phone-sleeve-inventory\/","og_locale":"fi_FI","og_type":"article","og_title":"Mission Darkness Dry Shield Faraday Phone Sleeve - Inventory","og_description":"The Mission Darkness\u2122 Dry Shield Faraday Phone Sleeve completely blocks all wireless signals and keeps small electronic devices shielded to prevent hacking, tracking, spying, and chain of custody corruption. When a cell phone is properly enclosed in the bag, no apps or malicious code can be remotely triggered or wiped, no communication can penetrate, and no one can access the microphone, camera, GPS location, or data. Primary uses are for law enforcement and military forensic evidence collection, defense against data theft, personal security, EMP protection, EMF radiation reduction, and enhancing digital privacy.","og_url":"https:\/\/elusivedata.io\/fi\/product\/mission-darkness-dry-shield-faraday-phone-sleeve-inventory\/","og_site_name":"Elusive Data","article_modified_time":"2025-06-24T06:31:27+00:00","og_image":[{"width":480,"height":480,"url":"https:\/\/elusivedata.io\/wp-content\/uploads\/2025\/06\/DSPS_front_angle_closed_480x480.jpg","type":"image\/jpeg"}],"twitter_card":"summary_large_image","twitter_misc":{"Arvioitu lukuaika":"2 minuuttia"},"schema":{"@context":"https:\/\/schema.org","@graph":[{"@type":"WebPage","@id":"https:\/\/elusivedata.io\/product\/mission-darkness-dry-shield-faraday-phone-sleeve-inventory\/","url":"https:\/\/elusivedata.io\/product\/mission-darkness-dry-shield-faraday-phone-sleeve-inventory\/","name":"Mission Darkness Dry Shield Faraday Phone Sleeve - Inventaario - Elusive Data - Elusive Data","isPartOf":{"@id":"https:\/\/elusivedata.io\/#website"},"primaryImageOfPage":{"@id":"https:\/\/elusivedata.io\/product\/mission-darkness-dry-shield-faraday-phone-sleeve-inventory\/#primaryimage"},"image":{"@id":"https:\/\/elusivedata.io\/product\/mission-darkness-dry-shield-faraday-phone-sleeve-inventory\/#primaryimage"},"thumbnailUrl":"https:\/\/elusivedata.io\/wp-content\/uploads\/2025\/06\/DSPS_front_angle_closed_480x480.jpg","datePublished":"2025-06-17T08:15:48+00:00","dateModified":"2025-06-24T06:31:27+00:00","breadcrumb":{"@id":"https:\/\/elusivedata.io\/product\/mission-darkness-dry-shield-faraday-phone-sleeve-inventory\/#breadcrumb"},"inLanguage":"fi","potentialAction":[{"@type":"ReadAction","target":["https:\/\/elusivedata.io\/product\/mission-darkness-dry-shield-faraday-phone-sleeve-inventory\/"]}]},{"@type":"ImageObject","inLanguage":"fi","@id":"https:\/\/elusivedata.io\/product\/mission-darkness-dry-shield-faraday-phone-sleeve-inventory\/#primaryimage","url":"https:\/\/elusivedata.io\/wp-content\/uploads\/2025\/06\/DSPS_front_angle_closed_480x480.jpg","contentUrl":"https:\/\/elusivedata.io\/wp-content\/uploads\/2025\/06\/DSPS_front_angle_closed_480x480.jpg","width":480,"height":480,"caption":"Mission Darkness DSPS Faraday bag \u2014 signal-blocking pouch for digital evidence collection"},{"@type":"BreadcrumbList","@id":"https:\/\/elusivedata.io\/product\/mission-darkness-dry-shield-faraday-phone-sleeve-inventory\/#breadcrumb","itemListElement":[{"@type":"ListItem","position":1,"name":"Home","item":"https:\/\/elusivedata.io\/"},{"@type":"ListItem","position":2,"name":"Products","item":"https:\/\/elusivedata.io\/shop\/"},{"@type":"ListItem","position":3,"name":"Mission Darkness Dry Shield Faraday Phone Sleeve &#8211; Inventory"}]},{"@type":"WebSite","@id":"https:\/\/elusivedata.io\/#website","url":"https:\/\/elusivedata.io\/","name":"ElusiveData","description":"Huippuosaamista digitaalisen rikostekniikan koulutuksessa ja konsultoinnissa","publisher":{"@id":"https:\/\/elusivedata.io\/#organization"},"potentialAction":[{"@type":"SearchAction","target":{"@type":"EntryPoint","urlTemplate":"https:\/\/elusivedata.io\/?s={search_term_string}"},"query-input":{"@type":"PropertyValueSpecification","valueRequired":true,"valueName":"search_term_string"}}],"inLanguage":"fi"},{"@type":"Organization","@id":"https:\/\/elusivedata.io\/#organization","name":"ElusiveData","url":"https:\/\/elusivedata.io\/","logo":{"@type":"ImageObject","inLanguage":"fi","@id":"https:\/\/elusivedata.io\/#\/schema\/logo\/image\/","url":"https:\/\/elusivedata.io\/wp-content\/uploads\/2024\/11\/Asset-3_2x-scaled.png","contentUrl":"https:\/\/elusivedata.io\/wp-content\/uploads\/2024\/11\/Asset-3_2x-scaled.png","width":2560,"height":370,"caption":"ElusiveData"},"image":{"@id":"https:\/\/elusivedata.io\/#\/schema\/logo\/image\/"},"sameAs":["https:\/\/www.youtube.com\/@elusivedata"]}]}},"_links":{"self":[{"href":"https:\/\/elusivedata.io\/fi\/wp-json\/wp\/v2\/product\/8863","targetHints":{"allow":["GET"]}}],"collection":[{"href":"https:\/\/elusivedata.io\/fi\/wp-json\/wp\/v2\/product"}],"about":[{"href":"https:\/\/elusivedata.io\/fi\/wp-json\/wp\/v2\/types\/product"}],"version-history":[{"count":2,"href":"https:\/\/elusivedata.io\/fi\/wp-json\/wp\/v2\/product\/8863\/revisions"}],"predecessor-version":[{"id":10129,"href":"https:\/\/elusivedata.io\/fi\/wp-json\/wp\/v2\/product\/8863\/revisions\/10129"}],"wp:featuredmedia":[{"embeddable":true,"href":"https:\/\/elusivedata.io\/fi\/wp-json\/wp\/v2\/media\/8867"}],"wp:attachment":[{"href":"https:\/\/elusivedata.io\/fi\/wp-json\/wp\/v2\/media?parent=8863"}],"wp:term":[{"taxonomy":"product_brand","embeddable":true,"href":"https:\/\/elusivedata.io\/fi\/wp-json\/wp\/v2\/product_brand?post=8863"},{"taxonomy":"product_cat","embeddable":true,"href":"https:\/\/elusivedata.io\/fi\/wp-json\/wp\/v2\/product_cat?post=8863"},{"taxonomy":"product_tag","embeddable":true,"href":"https:\/\/elusivedata.io\/fi\/wp-json\/wp\/v2\/product_tag?post=8863"}],"curies":[{"name":"wp","href":"https:\/\/api.w.org\/{rel}","templated":true}]}}