{"id":8840,"date":"2025-06-17T08:15:51","date_gmt":"2025-06-17T08:15:51","guid":{"rendered":"https:\/\/elusivedata.io\/?post_type=product&#038;p=8840"},"modified":"2025-06-24T06:31:05","modified_gmt":"2025-06-24T06:31:05","slug":"mission-darkness-revelation-emp-shield-for-generators","status":"publish","type":"product","link":"https:\/\/elusivedata.io\/fi\/product\/mission-darkness-revelation-emp-shield-for-generators\/","title":{"rendered":"Mission Darkness\u2122 Ilmestys EMP-suoja generaattoreille"},"content":{"rendered":"<div id=\"s-fd83c093-0245-4fa2-8a2f-9ddd1da85fd7\" class=\"shg-c shg-align-left\">\n<div class=\"shogun-heading-component\">\n<h2 >PIT\u00c4\u00c4 GENERAATTORIT JA ERITT\u00c4IN SUURET ELEKTRONIIKKALAITTEET SUOJATTUINA - V\u00c4LIT\u00d6N JA TEHOKAS EMP\/CME-SUOJAUS.<\/h2>\n<\/div>\n<\/div>\n<div id=\"s-46beba88-1fc8-4584-a0fc-508195a6c5e6\" class=\"shg-c\">\n<div class=\"shg-rich-text shg-theme-text-content\">\n<p >Mission Darkness\u2122 Revelation EMP Shield on eritt\u00e4in suuri faradayn pussi, joka on suunniteltu erityisesti suojaamaan generaattoreita, suurta elektroniikkaa ja selviytymisv\u00e4lineit\u00e4 s\u00e4hk\u00f6magneettisen pulssin (EMP) tai koronaalisen massapurkauksen (CME) vahingollisilta vaikutuksilta. Pussi on laboratoriotestattu ja sertifioitu \"yhteensopivaksi\" seuraaviin tarkoituksiin\u00a0<a href=\"https:\/\/mosequipment.com\/pages\/compliance-testing\" target=\"_blank\" rel=\"noopener\">MIL-STD-188-125<\/a>, Korkean korkeuden s\u00e4hk\u00f6magneettinen suojaus maalla sijaitseville C4I-laitteille. Tulokset varmistavat, ett\u00e4 tuote ylitt\u00e4\u00e4 sotilaalliset suojausvaatimukset luonnollisten tai ihmisen aiheuttamien s\u00e4hk\u00f6magneettisten s\u00e4hk\u00f6magneettisten kenttien k\u00e4sittelemiseksi. EMP:n tai CME:n sattuessa kaikki s\u00e4hk\u00f6infrastruktuurista kansallisella tasolla henkil\u00f6kohtaiseen elektroniikkaan voi tuhoutua, mink\u00e4 vuoksi eloonj\u00e4\u00e4miselektroniikan suojaaminen on v\u00e4ltt\u00e4m\u00e4t\u00f6nt\u00e4. Revelation EMP Shieldin korkeat suojausominaisuudet ohjaavat haitalliset s\u00e4hk\u00f6magneettiset kent\u00e4t pois eritt\u00e4in herkist\u00e4 s\u00e4hk\u00f6komponenteista ja suojaavat siten niiden toimintarakennetta.<\/p>\n<p >Revelation EMP Shieldin eritt\u00e4in suuren koon ja tilavuuden ansiosta siihen mahtuu useimmat kompaktit kannettavat s\u00e4hk\u00f6- (aurinko-) tai kaasuk\u00e4ytt\u00f6iset generaattorit, kuten Goal Zero Yeti -sarja, Patriot Power 1500 ja Honda EU2000, sek\u00e4 niiden mukana tulevat lis\u00e4varusteet, kuten virtajohdot ja aurinkopaneelit. Laukku on rakennettu irrotettavalla polypropeenimuovisella pohjalevyll\u00e4, joka on kiinnitetty pohjan vetoketjulokeroon, jotta ylisuuret esineet saavat riitt\u00e4v\u00e4sti tukea. Pehmustetut kahvat, joissa on kantava hihna, kiertyv\u00e4t kokonaan sivujen ja pohjan ymp\u00e4rille tukemaan raskaiden esineiden painoa kuljetuksen aikana. Laukun etupuolella on syv\u00e4 suojaamaton vetoketjulokero ja suuri l\u00e4pin\u00e4kyv\u00e4 tasku, jotta tarvikkeet pysyv\u00e4t saatavilla, mutta elektronisten esineiden suojaus p\u00e4\u00e4lokerossa ei vaarannu.<\/p>\n<p >Laukku on rakennettu kest\u00e4v\u00e4st\u00e4 ja vedenkest\u00e4v\u00e4st\u00e4 ballistisesta nailonista valmistetusta pintamateriaalista, jotta laitteet ja faraday-kangas pysyv\u00e4t kuivina ja suojattuina. Sis\u00e4tiloissa on kolme kerrosta korkeasuojattua\u00a0<a href=\"https:\/\/mosequipment.com\/collections\/faraday-supplies\/products\/titanrf-faraday-fabric\">TitanRF\u2122 Faraday-kangas<\/a>\u00a0kaikilla sivuilla kaksoisaumarakenteinen. Kun generaattori tai elektroniikka on kunnolla suljettu pussin sis\u00e4\u00e4n, ne eristet\u00e4\u00e4n ulkopuolisista langattomista signaaleista. EMP:n tai vastaavanlaisen tapahtuman aiheuttamat vahingolliset vaikutukset eiv\u00e4t p\u00e4\u00e4se tunkeutumaan pussin l\u00e4pi ja tuhoamaan pussin sis\u00e4ll\u00e4 olevia s\u00e4hk\u00f6komponentteja. Pussi est\u00e4\u00e4 WiFi:n (2,4 ja 5 GHz), Bluetoothin, matkapuhelinsignaalit, mukaan lukien 5G-verkot, GPS:n, RFID:n, NFC:n ja radiosignaalit matalista MHz:st\u00e4 40 GHz:iin. T\u00e4ydellinen signaalien katkaisu mahdollistaa my\u00f6s siirtymisen pois verkosta ja pit\u00e4\u00e4 elektroniset laitteet j\u00e4ljitt\u00e4m\u00e4tt\u00f6min\u00e4. T\u00e4m\u00e4 on \u00e4\u00e4rimm\u00e4inen turvapussi suurten selviytymiselektroniikkalaitteiden suojaamiseen luonnonkatastrofilta tai ihmisen aiheuttamalta katastrofilta, kuten EMP:lt\u00e4 tai CME:lt\u00e4.<\/p>\n<\/div>\n<\/div>","protected":false},"excerpt":{"rendered":"<p>Mission Darkness\u2122 Revelation EMP Shield on eritt\u00e4in suuri faradayn pussi, joka on suunniteltu erityisesti suojaamaan generaattoreita, suurta elektroniikkaa ja selviytymisv\u00e4lineit\u00e4 s\u00e4hk\u00f6magneettisen pulssin (EMP) tai koronaalisen massapurkauksen (CME) vahingollisilta vaikutuksilta. Pussi on laboratoriotestattu ja sertifioitu \"yhteensopivaksi\" seuraaviin tarkoituksiin\u00a0<a href=\"https:\/\/mosequipment.com\/pages\/compliance-testing\" target=\"_blank\" rel=\"noopener\">MIL-STD-188-125<\/a>, Korkean korkeuden s\u00e4hk\u00f6magneettinen suojaus maalla sijaitseville C4I-laitteille. Tulokset varmistavat, ett\u00e4 tuote ylitt\u00e4\u00e4 sotilaalliset suojausvaatimukset luonnollisten tai ihmisen aiheuttamien s\u00e4hk\u00f6magneettisten s\u00e4hk\u00f6magneettisten kenttien k\u00e4sittelemiseksi. EMP:n tai CME:n sattuessa kaikki s\u00e4hk\u00f6infrastruktuurista kansallisella tasolla henkil\u00f6kohtaiseen elektroniikkaan voi tuhoutua, mink\u00e4 vuoksi eloonj\u00e4\u00e4miselektroniikan suojaaminen on v\u00e4ltt\u00e4m\u00e4t\u00f6nt\u00e4. Revelation EMP Shieldin korkeat suojausominaisuudet ohjaavat haitalliset s\u00e4hk\u00f6magneettiset kent\u00e4t pois eritt\u00e4in herkist\u00e4 s\u00e4hk\u00f6komponenteista ja suojaavat siten niiden toimintarakennetta.<\/p>","protected":false},"featured_media":8844,"template":"","meta":{"content-type":""},"product_brand":[],"product_cat":[108],"product_tag":[],"class_list":{"0":"post-8840","1":"product","2":"type-product","3":"status-publish","4":"has-post-thumbnail","6":"product_cat-future-physical-products","8":"first","9":"instock","10":"taxable","11":"shipping-taxable","12":"purchasable","13":"product-type-simple"},"acf":[],"yoast_head":"<!-- This site is optimized with the Yoast SEO Premium plugin v27.3 (Yoast SEO v27.3) - https:\/\/yoast.com\/product\/yoast-seo-premium-wordpress\/ -->\n<title>Mission Darkness\u2122 Revelation EMP Shield for Generators - Elusive Data<\/title>\n<meta name=\"robots\" content=\"index, follow, max-snippet:-1, max-image-preview:large, max-video-preview:-1\" \/>\n<link rel=\"canonical\" href=\"https:\/\/elusivedata.io\/fi\/product\/mission-darkness-revelation-emp-shield-for-generators\/\" \/>\n<meta property=\"og:locale\" content=\"fi_FI\" \/>\n<meta property=\"og:type\" content=\"article\" \/>\n<meta property=\"og:title\" content=\"Mission Darkness\u2122 Revelation EMP Shield for Generators\" \/>\n<meta property=\"og:description\" content=\"The Mission Darkness\u2122 Revelation EMP Shield is an extremely large faraday bag designed specifically to protect generators, large electronics, and survival gear from the damaging effects of an electromagnetic pulse (EMP) or coronal mass ejection (CME). The bag has been lab tested and certified &quot;compliant&quot; for\u00a0MIL-STD-188-125, High-Altitude Electromagnetic Protection for Ground Based C4I Facilities. The results ensure that the product surpasses military shielding requirements to handle natural or man-made EMPs. In the case of an EMP or CME, everything from electrical infrastructure on a national level to personal electronics could be destroyed, which is why it\u2019s imperative to shield survival electronics. The high-shielding properties of the Revelation EMP Shield direct damaging electromagnetic fields away from highly sensitive electrical components, thus protecting their working structure.\" \/>\n<meta property=\"og:url\" content=\"https:\/\/elusivedata.io\/fi\/product\/mission-darkness-revelation-emp-shield-for-generators\/\" \/>\n<meta property=\"og:site_name\" content=\"Elusive Data\" \/>\n<meta property=\"article:modified_time\" content=\"2025-06-24T06:31:05+00:00\" \/>\n<meta property=\"og:image\" content=\"https:\/\/elusivedata.io\/wp-content\/uploads\/2025\/06\/DSC00047_480x480.webp\" \/>\n\t<meta property=\"og:image:width\" content=\"480\" \/>\n\t<meta property=\"og:image:height\" content=\"480\" \/>\n\t<meta property=\"og:image:type\" content=\"image\/webp\" \/>\n<meta name=\"twitter:card\" content=\"summary_large_image\" \/>\n<meta name=\"twitter:label1\" content=\"Arvioitu lukuaika\" \/>\n\t<meta name=\"twitter:data1\" content=\"2 minuuttia\" \/>\n<script type=\"application\/ld+json\" class=\"yoast-schema-graph\">{\"@context\":\"https:\\\/\\\/schema.org\",\"@graph\":[{\"@type\":\"WebPage\",\"@id\":\"https:\\\/\\\/elusivedata.io\\\/product\\\/mission-darkness-revelation-emp-shield-for-generators\\\/\",\"url\":\"https:\\\/\\\/elusivedata.io\\\/product\\\/mission-darkness-revelation-emp-shield-for-generators\\\/\",\"name\":\"Mission Darkness\u2122 Revelation EMP Shield for Generators - Elusive Data\",\"isPartOf\":{\"@id\":\"https:\\\/\\\/elusivedata.io\\\/#website\"},\"primaryImageOfPage\":{\"@id\":\"https:\\\/\\\/elusivedata.io\\\/product\\\/mission-darkness-revelation-emp-shield-for-generators\\\/#primaryimage\"},\"image\":{\"@id\":\"https:\\\/\\\/elusivedata.io\\\/product\\\/mission-darkness-revelation-emp-shield-for-generators\\\/#primaryimage\"},\"thumbnailUrl\":\"https:\\\/\\\/elusivedata.io\\\/wp-content\\\/uploads\\\/2025\\\/06\\\/DSC00047_480x480.webp\",\"datePublished\":\"2025-06-17T08:15:51+00:00\",\"dateModified\":\"2025-06-24T06:31:05+00:00\",\"breadcrumb\":{\"@id\":\"https:\\\/\\\/elusivedata.io\\\/product\\\/mission-darkness-revelation-emp-shield-for-generators\\\/#breadcrumb\"},\"inLanguage\":\"fi\",\"potentialAction\":[{\"@type\":\"ReadAction\",\"target\":[\"https:\\\/\\\/elusivedata.io\\\/product\\\/mission-darkness-revelation-emp-shield-for-generators\\\/\"]}]},{\"@type\":\"ImageObject\",\"inLanguage\":\"fi\",\"@id\":\"https:\\\/\\\/elusivedata.io\\\/product\\\/mission-darkness-revelation-emp-shield-for-generators\\\/#primaryimage\",\"url\":\"https:\\\/\\\/elusivedata.io\\\/wp-content\\\/uploads\\\/2025\\\/06\\\/DSC00047_480x480.webp\",\"contentUrl\":\"https:\\\/\\\/elusivedata.io\\\/wp-content\\\/uploads\\\/2025\\\/06\\\/DSC00047_480x480.webp\",\"width\":480,\"height\":480,\"caption\":\"Mission Darkness Faraday bag detail \u2014 RF shielding for mobile device evidence collection\"},{\"@type\":\"BreadcrumbList\",\"@id\":\"https:\\\/\\\/elusivedata.io\\\/product\\\/mission-darkness-revelation-emp-shield-for-generators\\\/#breadcrumb\",\"itemListElement\":[{\"@type\":\"ListItem\",\"position\":1,\"name\":\"Home\",\"item\":\"https:\\\/\\\/elusivedata.io\\\/\"},{\"@type\":\"ListItem\",\"position\":2,\"name\":\"Products\",\"item\":\"https:\\\/\\\/elusivedata.io\\\/shop\\\/\"},{\"@type\":\"ListItem\",\"position\":3,\"name\":\"Mission Darkness\u2122 Revelation EMP Shield for Generators\"}]},{\"@type\":\"WebSite\",\"@id\":\"https:\\\/\\\/elusivedata.io\\\/#website\",\"url\":\"https:\\\/\\\/elusivedata.io\\\/\",\"name\":\"ElusiveData\",\"description\":\"Excellence in Digital Forensics Training and Consulting\",\"publisher\":{\"@id\":\"https:\\\/\\\/elusivedata.io\\\/#organization\"},\"potentialAction\":[{\"@type\":\"SearchAction\",\"target\":{\"@type\":\"EntryPoint\",\"urlTemplate\":\"https:\\\/\\\/elusivedata.io\\\/?s={search_term_string}\"},\"query-input\":{\"@type\":\"PropertyValueSpecification\",\"valueRequired\":true,\"valueName\":\"search_term_string\"}}],\"inLanguage\":\"fi\"},{\"@type\":\"Organization\",\"@id\":\"https:\\\/\\\/elusivedata.io\\\/#organization\",\"name\":\"ElusiveData\",\"url\":\"https:\\\/\\\/elusivedata.io\\\/\",\"logo\":{\"@type\":\"ImageObject\",\"inLanguage\":\"fi\",\"@id\":\"https:\\\/\\\/elusivedata.io\\\/#\\\/schema\\\/logo\\\/image\\\/\",\"url\":\"https:\\\/\\\/elusivedata.io\\\/wp-content\\\/uploads\\\/2024\\\/11\\\/Asset-3_2x-scaled.png\",\"contentUrl\":\"https:\\\/\\\/elusivedata.io\\\/wp-content\\\/uploads\\\/2024\\\/11\\\/Asset-3_2x-scaled.png\",\"width\":2560,\"height\":370,\"caption\":\"ElusiveData\"},\"image\":{\"@id\":\"https:\\\/\\\/elusivedata.io\\\/#\\\/schema\\\/logo\\\/image\\\/\"},\"sameAs\":[\"https:\\\/\\\/www.youtube.com\\\/@elusivedata\"]}]}<\/script>\n<!-- \/ Yoast SEO Premium plugin. -->","yoast_head_json":{"title":"Mission Darkness\u2122 Ilmestys EMP-kilpi generaattoreille - Elusive Data - Elusive Data","robots":{"index":"index","follow":"follow","max-snippet":"max-snippet:-1","max-image-preview":"max-image-preview:large","max-video-preview":"max-video-preview:-1"},"canonical":"https:\/\/elusivedata.io\/fi\/product\/mission-darkness-revelation-emp-shield-for-generators\/","og_locale":"fi_FI","og_type":"article","og_title":"Mission Darkness\u2122 Revelation EMP Shield for Generators","og_description":"The Mission Darkness\u2122 Revelation EMP Shield is an extremely large faraday bag designed specifically to protect generators, large electronics, and survival gear from the damaging effects of an electromagnetic pulse (EMP) or coronal mass ejection (CME). The bag has been lab tested and certified \"compliant\" for\u00a0MIL-STD-188-125, High-Altitude Electromagnetic Protection for Ground Based C4I Facilities. The results ensure that the product surpasses military shielding requirements to handle natural or man-made EMPs. In the case of an EMP or CME, everything from electrical infrastructure on a national level to personal electronics could be destroyed, which is why it\u2019s imperative to shield survival electronics. The high-shielding properties of the Revelation EMP Shield direct damaging electromagnetic fields away from highly sensitive electrical components, thus protecting their working structure.","og_url":"https:\/\/elusivedata.io\/fi\/product\/mission-darkness-revelation-emp-shield-for-generators\/","og_site_name":"Elusive Data","article_modified_time":"2025-06-24T06:31:05+00:00","og_image":[{"width":480,"height":480,"url":"https:\/\/elusivedata.io\/wp-content\/uploads\/2025\/06\/DSC00047_480x480.webp","type":"image\/webp"}],"twitter_card":"summary_large_image","twitter_misc":{"Arvioitu lukuaika":"2 minuuttia"},"schema":{"@context":"https:\/\/schema.org","@graph":[{"@type":"WebPage","@id":"https:\/\/elusivedata.io\/product\/mission-darkness-revelation-emp-shield-for-generators\/","url":"https:\/\/elusivedata.io\/product\/mission-darkness-revelation-emp-shield-for-generators\/","name":"Mission Darkness\u2122 Ilmestys EMP-kilpi generaattoreille - Elusive Data - Elusive Data","isPartOf":{"@id":"https:\/\/elusivedata.io\/#website"},"primaryImageOfPage":{"@id":"https:\/\/elusivedata.io\/product\/mission-darkness-revelation-emp-shield-for-generators\/#primaryimage"},"image":{"@id":"https:\/\/elusivedata.io\/product\/mission-darkness-revelation-emp-shield-for-generators\/#primaryimage"},"thumbnailUrl":"https:\/\/elusivedata.io\/wp-content\/uploads\/2025\/06\/DSC00047_480x480.webp","datePublished":"2025-06-17T08:15:51+00:00","dateModified":"2025-06-24T06:31:05+00:00","breadcrumb":{"@id":"https:\/\/elusivedata.io\/product\/mission-darkness-revelation-emp-shield-for-generators\/#breadcrumb"},"inLanguage":"fi","potentialAction":[{"@type":"ReadAction","target":["https:\/\/elusivedata.io\/product\/mission-darkness-revelation-emp-shield-for-generators\/"]}]},{"@type":"ImageObject","inLanguage":"fi","@id":"https:\/\/elusivedata.io\/product\/mission-darkness-revelation-emp-shield-for-generators\/#primaryimage","url":"https:\/\/elusivedata.io\/wp-content\/uploads\/2025\/06\/DSC00047_480x480.webp","contentUrl":"https:\/\/elusivedata.io\/wp-content\/uploads\/2025\/06\/DSC00047_480x480.webp","width":480,"height":480,"caption":"Mission Darkness Faraday bag detail \u2014 RF shielding for mobile device evidence collection"},{"@type":"BreadcrumbList","@id":"https:\/\/elusivedata.io\/product\/mission-darkness-revelation-emp-shield-for-generators\/#breadcrumb","itemListElement":[{"@type":"ListItem","position":1,"name":"Home","item":"https:\/\/elusivedata.io\/"},{"@type":"ListItem","position":2,"name":"Products","item":"https:\/\/elusivedata.io\/shop\/"},{"@type":"ListItem","position":3,"name":"Mission Darkness\u2122 Revelation EMP Shield for Generators"}]},{"@type":"WebSite","@id":"https:\/\/elusivedata.io\/#website","url":"https:\/\/elusivedata.io\/","name":"ElusiveData","description":"Huippuosaamista digitaalisen rikostekniikan koulutuksessa ja konsultoinnissa","publisher":{"@id":"https:\/\/elusivedata.io\/#organization"},"potentialAction":[{"@type":"SearchAction","target":{"@type":"EntryPoint","urlTemplate":"https:\/\/elusivedata.io\/?s={search_term_string}"},"query-input":{"@type":"PropertyValueSpecification","valueRequired":true,"valueName":"search_term_string"}}],"inLanguage":"fi"},{"@type":"Organization","@id":"https:\/\/elusivedata.io\/#organization","name":"ElusiveData","url":"https:\/\/elusivedata.io\/","logo":{"@type":"ImageObject","inLanguage":"fi","@id":"https:\/\/elusivedata.io\/#\/schema\/logo\/image\/","url":"https:\/\/elusivedata.io\/wp-content\/uploads\/2024\/11\/Asset-3_2x-scaled.png","contentUrl":"https:\/\/elusivedata.io\/wp-content\/uploads\/2024\/11\/Asset-3_2x-scaled.png","width":2560,"height":370,"caption":"ElusiveData"},"image":{"@id":"https:\/\/elusivedata.io\/#\/schema\/logo\/image\/"},"sameAs":["https:\/\/www.youtube.com\/@elusivedata"]}]}},"_links":{"self":[{"href":"https:\/\/elusivedata.io\/fi\/wp-json\/wp\/v2\/product\/8840","targetHints":{"allow":["GET"]}}],"collection":[{"href":"https:\/\/elusivedata.io\/fi\/wp-json\/wp\/v2\/product"}],"about":[{"href":"https:\/\/elusivedata.io\/fi\/wp-json\/wp\/v2\/types\/product"}],"version-history":[{"count":2,"href":"https:\/\/elusivedata.io\/fi\/wp-json\/wp\/v2\/product\/8840\/revisions"}],"predecessor-version":[{"id":10126,"href":"https:\/\/elusivedata.io\/fi\/wp-json\/wp\/v2\/product\/8840\/revisions\/10126"}],"wp:featuredmedia":[{"embeddable":true,"href":"https:\/\/elusivedata.io\/fi\/wp-json\/wp\/v2\/media\/8844"}],"wp:attachment":[{"href":"https:\/\/elusivedata.io\/fi\/wp-json\/wp\/v2\/media?parent=8840"}],"wp:term":[{"taxonomy":"product_brand","embeddable":true,"href":"https:\/\/elusivedata.io\/fi\/wp-json\/wp\/v2\/product_brand?post=8840"},{"taxonomy":"product_cat","embeddable":true,"href":"https:\/\/elusivedata.io\/fi\/wp-json\/wp\/v2\/product_cat?post=8840"},{"taxonomy":"product_tag","embeddable":true,"href":"https:\/\/elusivedata.io\/fi\/wp-json\/wp\/v2\/product_tag?post=8840"}],"curies":[{"name":"wp","href":"https:\/\/api.w.org\/{rel}","templated":true}]}}