{"id":8829,"date":"2025-06-17T08:15:51","date_gmt":"2025-06-17T08:15:51","guid":{"rendered":"https:\/\/elusivedata.io\/?post_type=product&#038;p=8829"},"modified":"2025-06-24T06:31:11","modified_gmt":"2025-06-24T06:31:11","slug":"mission-darkness-blocker-locker-7","status":"publish","type":"product","link":"https:\/\/elusivedata.io\/fi\/product\/mission-darkness-blocker-locker-7\/","title":{"rendered":"MISSION DARKNESS\u2122 BLOCKER LOCKER 7"},"content":{"rendered":"<div data-elementor-type=\"product-post\" data-elementor-id=\"8829\" class=\"elementor elementor-8829\" data-elementor-post-type=\"product\">\n\t\t\t\t<div class=\"elementor-element elementor-element-5065b31 e-flex e-con-boxed e-con e-parent\" data-id=\"5065b31\" data-element_type=\"container\" data-e-type=\"container\">\n\t\t\t\t\t<div class=\"e-con-inner\">\n\t\t\t\t<div class=\"elementor-element elementor-element-d196d7f elementor-widget elementor-widget-text-editor\" data-id=\"d196d7f\" data-element_type=\"widget\" data-e-type=\"widget\" data-widget_type=\"text-editor.default\">\n\t\t\t\t<div class=\"elementor-widget-container\">\n\t\t\t\t\t\t\t\t\t<div id=\"s-642ac8eb-b4be-47fe-ab3a-245b34cb541a\" class=\"shg-c shg-align-center\"><div class=\"shogun-heading-component\"><h2 class=\"ai-optimize-47\"><b>PIT\u00c4\u00c4 LAITTEET J\u00c4NNITTEISIN\u00c4 JA SUOJATTUINA<\/b><\/h2><\/div><\/div><div id=\"s-40aee370-da98-48c9-99f8-19370ab9ae6a\" class=\"shg-c shg-align-center\"><div class=\"shogun-heading-component\"><h2 class=\"ai-optimize-48\"><b>Takavarikosta todisteiden varastointiin ja tietojen louhintaan<\/b><\/h2><\/div><\/div><div id=\"s-95d8e798-c7d7-4f19-894f-e7bf352cf121\" class=\"shg-c\"><div class=\"shg-rich-text shg-theme-text-content\"><p class=\"ai-optimize-49 ai-optimize-introduction\">Mission Darkness\u2122 Blocker Locker 7\u2122 -j\u00e4rjestelm\u00e4 ratkaisee useita ongelmia rikostutkijoille ja laboratorioille. Jotta matkapuhelimista ja tableteista voidaan tehokkaasti k\u00e4ytt\u00e4\u00e4 ja palauttaa tietoja, uusimmat rikostekniset ty\u00f6kalut edellytt\u00e4v\u00e4t, ett\u00e4 laitteet pysyv\u00e4t toiminnassa. Laitteiden pit\u00e4minen suojattuna RF-signaaleilta, jatkuvasti ladattuina ja turvallisesti lukittuina voi olla vaikeaa. Blocker Locker 7 toteuttaa kaikki n\u00e4m\u00e4 tavoitteet yhdess\u00e4 kaapissa, joka on suunniteltu erityisesti suojaukseen, lataukseen ja lukitsemiseen. Yksik\u00f6ss\u00e4 on seitsem\u00e4n t\u00e4ysin ladattua lokeroa, jotka on varustettu puhelimille tarkoitetuilla Window Charge &amp; Shield Faraday Bags -pusseilla, ja lis\u00e4\u00e4 Charge &amp; Shield Faraday Bags -pusseja voidaan ostaa tarpeen mukaan tai kapasiteetin lis\u00e4\u00e4miseksi.<\/p><p class=\"ai-optimize-50\">Latausominaisuus on suunniteltu est\u00e4m\u00e4\u00e4n lukitustila ja lyhent\u00e4m\u00e4\u00e4n salasanan murtamiseen tarvittavaa aikaa, mik\u00e4 mahdollistaa tietojen maksimaalisen louhinnan ja lukituksen avaamisen sellaisilla ty\u00f6kaluilla kuin GrayKey, Cellebrite, Magnet, XRY, BlackBag, Oxygen jne.<\/p><p class=\"ai-optimize-51\">Jos haluat poimia tietoja Blocker Locker 7:ss\u00e4 olevasta laitteesta, avaa yksitt\u00e4inen lokero, irrota virtajohto, poista Charge &amp; Shield Faraday Bag -pussi ja siirr\u00e4 laite rikostekniseen faraday-laatikkoon tai RF-suojattuun huoneeseen. Laukku voidaan helposti avata faraday-laatikon sis\u00e4ll\u00e4 (patentoitu NeoLok\u2122-magneettisuljenta v\u00e4hent\u00e4\u00e4 faraday-hanskojen hankausta) samalla kun laite siirret\u00e4\u00e4n suojattuun tilaan. Suojaus ja teho eiv\u00e4t koskaan vaarannu, mik\u00e4 takaa tutkijoille saumattoman prosessin.<\/p><\/div><\/div><div id=\"s-535fdb56-9822-4870-9dba-ab01bf5d9b5c\" class=\"shg-c\"><div class=\"shg-rich-text shg-theme-text-content\"><p class=\"ai-optimize-52\"><strong><em>UUSI KAAPIN MUOTOILU JA SIIHEN SOPIVA KAAPPITELINE!<\/em><\/strong><\/p><p class=\"ai-optimize-53\">Lokakuussa 2022 Blocker Lockerin ulkopinta p\u00e4ivitettiin mustaksi ja raidalliseksi, kuten yll\u00e4 olevassa kuvassa n\u00e4kyy. K\u00e4ytt\u00f6portaat ja sis\u00e4tilojen lokerot pysyv\u00e4t samoina kuin edellisess\u00e4 mallissa, jossa on harmaa viimeistely.<\/p><p class=\"ai-optimize-54\">Vastaava teollisen luokan alumiini\u00a0<a href=\"https:\/\/mosequipment.com\/products\/mission-darkness-blocker-locker-7-stand\" target=\"_blank\" rel=\"noopener\">pukukaappiteline\u00a0<\/a>otettiin k\u00e4ytt\u00f6\u00f6n tammikuussa 2024. Lis\u00e4varusteena saatava jalusta nostaa kaapin k\u00e4ytt\u00e4j\u00e4yst\u00e4v\u00e4llisemm\u00e4lle korkeudelle, optimoi ty\u00f6tilan vapauttamalla ty\u00f6p\u00f6yt\u00e4- tai tiskialueita ja tukemalla kaapin painoa. N\u00e4in ei tarvita laajoja asennust\u00f6it\u00e4, vaan riitt\u00e4\u00e4, ett\u00e4 laite ankkuroidaan sein\u00e4\u00e4n.<\/p><\/div><p><iframe title=\"Uusimmat ty\u00f6kalut digitaalisten todisteiden suojaamiseksi: pid\u00e4 laitteet latautuneina faradayn pusseissa kent\u00e4lt\u00e4 laboratorioon asti\" width=\"800\" height=\"450\" src=\"https:\/\/www.youtube.com\/embed\/yNt15D0y3No?feature=oembed&enablejsapi=1&origin=https:\/\/elusivedata.io\" frameborder=\"0\" allow=\"accelerometer; autoplay; clipboard-write; encrypted-media; gyroscope; picture-in-picture; web-share\" referrerpolicy=\"strict-origin-when-cross-origin\" allowfullscreen><\/iframe><\/p><\/div><div id=\"s-6dfa3cca-f9ec-4a8d-aee0-14e1c64ee007\" class=\"shg-c\"><div class=\"shogun-heading-component\"><h3><b>Blocker Locker 7\u2122 ominaisuudet<\/b><\/h3><\/div><\/div><div id=\"s-bad7c9cd-926f-42d4-80f8-c1482b07c24c\" class=\"shg-c\"><div class=\"shg-rich-text shg-theme-text-content\"><ul><li>Turvallinen kaappi, jossa on seitsem\u00e4n lokeroa ja joka on suunniteltu erityisesti rikostutkijoille, jotta laitteet voidaan s\u00e4ilytt\u00e4\u00e4 yksitellen lukittuina, suojattuina ja ladattuina s\u00e4ilytyksen aikana.<\/li><li>K\u00e4ytet\u00e4\u00e4n ensisijaisesti todistusaineistona matkapuhelimille ja tableteille.<\/li><li>J\u00e4rjestelm\u00e4 varmistaa, ett\u00e4 laitteen sis\u00e4\u00e4notto ja tallennus on oikein, jotta salasanan avaaminen ja tietojen poimiminen voidaan suorittaa asianmukaisesti ja parhailla tuloksilla.<\/li><li>Jokaisessa kaapissa on pistorasia, jossa on kaksi USB-virtapistoketta ja ainutlaatuinen ulkolukko.<\/li><li>Lukitusj\u00e4rjestelm\u00e4 koostuu kahdesta avaimesta jokaiseen kaappilokeroon, nelj\u00e4st\u00e4 yleisavaimesta, joilla p\u00e4\u00e4see kaikkiin kaappilokeroihin, ja avainten pudotuslaatikosta, jossa on kaksi avainta.<\/li><li>Virran merkkivalo p\u00e4\u00e4kaapissa<\/li><li>Virtah\u00e4iri\u00f6ilmaisin l\u00e4hett\u00e4\u00e4 tekstiviestin ja\/tai s\u00e4hk\u00f6postin, jos yksik\u00f6n virta katkeaa.<\/li><li>Perusk\u00e4ytt\u00f6ohjeet magneettitarra kiinnitettyn\u00e4 kaappiin (perusteellinen lis\u00e4ohjekortti mukana).<\/li><li>Sis\u00e4lt\u00e4\u00e4 seitsem\u00e4n Mission Darkness Window Charge &amp; Shield Faraday Bags -laukkua puhelimille sek\u00e4 kaikki tarvittavat latauskomponentit ja kaapelivihjeet (yksi laukku kussakin lokerossa).<\/li><li>Window Charge &amp; Shield Faraday Bags on suunniteltu ainutlaatuisesti laitteiden lataamiseen Blocker Locker 7 -lokerossa ja sen j\u00e4lkeen niiden siirt\u00e4miseen faradayn rikostekniseen laatikkoon.<\/li><li>J\u00e4rjestelm\u00e4n ansiosta laitteet pysyv\u00e4t elossa ja vahingoittumattomina takavarikon j\u00e4lkeen, kunnes niit\u00e4 voidaan kuulustella tai niist\u00e4 voidaan poimia tietoja my\u00f6hemmin.<\/li><li>Window Charge &amp; Shield Faraday Bags -laukut est\u00e4v\u00e4t WiFi:n (2,4 ja 5 GHz), Bluetooth, solusignaalit, mukaan lukien 5G-verkot, GPS, RFID ja radiosignaalit.<\/li><li>Mission Darkness Blocker Locker 7 SKU: MDBL-7<\/li><li>Suunniteltu ja koottu Yhdysvalloissa<\/li><li>Saatavilla\u00a0<a href=\"https:\/\/mosequipment.com\/pages\/rentals\" target=\"_blank\" rel=\"noopener\">vuokra<\/a>, ota yhteytt\u00e4 ja pyyd\u00e4 tarjous<\/li><li>Yhteensopiva\u00a0<a href=\"https:\/\/mosequipment.com\/products\/mission-darkness-blocker-locker-7-stand\" target=\"_blank\" rel=\"noopener\">Blocker Locker 7 jalusta<\/a>\u00a0lis\u00e4varuste; pinoaminen lis\u00e4\u00e4 s\u00e4ilytyst\u00e4 ja tukea varten<\/li><li>Alla on lueteltu muita lis\u00e4vaihtoehtoja<\/li><li>Yksinkertainen asennus - katso\u00a0<a href=\"https:\/\/www.youtube.com\/watch?v=VNqUHj2yK-k&amp;t=1s\" target=\"_blank\" rel=\"noopener\">asennusvideo<\/a>\u00a0lis\u00e4tietoja<\/li><\/ul><div id=\"s-aabe743a-1c5d-4e8b-ad17-a88a3015dce0\" class=\"shg-c shg-align-left\"><div class=\"shogun-heading-component\"><h3><b>Lukitse, suojaa, lataa ja poimi tietoja laitteista<\/b><\/h3><\/div><\/div><div id=\"s-61d54b4c-cdb0-4a67-9ce5-6bdf6d661cd1\" class=\"shg-c\"><div class=\"shg-rich-text shg-theme-text-content\"><p>T\u00e4ydellist\u00e4 Blocker Locker 7 - Charge &amp; Shield Evidence Cabinet -j\u00e4rjestelm\u00e4\u00e4 k\u00e4ytet\u00e4\u00e4n ensisijaisesti digitaalisten rikosteknisten todisteiden, kuten matkapuhelinten, tablettien, GPS-paikantimien ja vastaavanlaisen elektroniikan kanssa. Jokaisessa Charge &amp; Shield Faraday Bag -laukussa olevan kaksipuolisen USB-suodattimen ansiosta k\u00e4ytt\u00e4j\u00e4 voi tarvittaessa helposti vaihtaa virranottov\u00e4lineest\u00e4 uuttoty\u00f6kaluun.<\/p><\/div><\/div><div id=\"s-99de235f-fdf8-4158-8f73-6c8f60cf0a4c\" class=\"shg-c\"><div class=\"shogun-heading-component\"><h3><b>Osta lis\u00e4\u00e4 Charge &amp; Shield Faradayn pusseja kapasiteetin lis\u00e4\u00e4miseksi.<\/b><\/h3><\/div><\/div><div id=\"s-29af5046-f08d-4eb5-83df-7f331e579d0f\" class=\"shg-c\"><div class=\"shg-rich-text shg-theme-text-content\"><p>Blocker Locker 7:n mukana tulee seitsem\u00e4n Window Charge &amp; Shield Faraday Bags -laukkua puhelimille sek\u00e4 kaikki tarvittavat latausosat. Pussi voidaan siirt\u00e4\u00e4 lokerosta laboratorioon ilman, ett\u00e4 RF-suojaus k\u00e4rsii. Jokaiseen kaappilokeroon mahtuu enint\u00e4\u00e4n kaksi Charge &amp; Shield Faraday Bags -laukkua. Osta lis\u00e4\u00e4 Charge &amp; Shield Faraday Bags -pusseja, jos haluat tukea yli seitsem\u00e4\u00e4 laitetta kaapissa. Saatavana puhelin- tai tablettikokoisena, ikkunallisena tai ikkunattomana (*ikkunalliset pussit ovat suositeltavampia k\u00e4ytett\u00e4v\u00e4ksi Blocker Locker -lokeron kanssa). Lis\u00e4\u00e4 lis\u00e4vaihtoehtoja on lueteltu alla. Ilmoita meille vaatimuksesi, jotta voimme tehd\u00e4 tarjouksen sen mukaisesti.<\/p><\/div><\/div><div id=\"s-fe178d28-2697-40ad-a7bd-834bad92d1d7\" class=\"shg-c\"><div class=\"shogun-heading-component\"><h3><b>Jokaiseen Window Charge &amp; Shield Faraday Bag -laukkuun sis\u00e4ltyy<\/b><\/h3><\/div><\/div><div id=\"s-0174bb3d-a575-4af6-897b-e277d0459761\" class=\"shg-c\"><div class=\"shg-rich-text shg-theme-text-content\"><ul><li>Charge &amp; Shield Faraday Bag -laukku, jossa on l\u00e4pin\u00e4kyv\u00e4 ikkuna, kaksipuolinen USB-suodatin, jossa on ulkoinen kaapelilukko, NeoLok-magneettisuljenta, sarjanumero, korttitasku ja vetoketjullinen lokero takana kaapelien s\u00e4ilytt\u00e4mist\u00e4 varten.<\/li><li>Kaksi\u00a0<a href=\"https:\/\/mosequipment.com\/products\/cable-set\" target=\"_blank\" rel=\"noopener\">Kaapelisarjat<\/a>\u00a0(kussakin sarjassa on yleiskulmainen USB A\/M - A\/M, lightning - USB, micro-USB, USB-C ja USB-laajennus).<\/li><li>Valinnaiset lyhytaikaiset latauslis\u00e4laitteet, kuten autolaturin kaksois-USB-porttisovitin, kaksois-USB-porttisein\u00e4laturi ja jatkuvasti latautuvat verkkovirtalaturit (tiedot lueteltu alla).<\/li><\/ul><\/div><\/div><div id=\"s-16be0ff0-987e-439c-9391-123b66712464\" class=\"shg-c\"><div class=\"shogun-heading-component\"><h3><b>Mitat ja paino<\/b><\/h3><\/div><\/div><div id=\"s-004d403b-9560-4e2a-ad3a-1cc9def23b34\" class=\"shg-c\"><div class=\"shg-rich-text shg-theme-text-content\"><ul><li>Yhden kaappilokeron sis\u00e4mitat: (33cm x 45.7cm x 11.4cm).<\/li><li>Kaapin ulkomitat: (38.1cm x 45.7cm x 86.4cm).<\/li><li>Kaapin paino: 38,6kg (85lbs)<\/li><li>Toimituspaino: 47,6kg (105lbs) - toimitetaan kuormalavalla.<\/li><\/ul><\/div><\/div><\/div><\/div>\t\t\t\t\t\t\t\t<\/div>\n\t\t\t\t<\/div>\n\t\t\t\t\t<\/div>\n\t\t\t\t<\/div>\n\t\t\t\t<\/div>","protected":false},"excerpt":{"rendered":"<p>Mission Darkness\u2122 Blocker Locker 7\u2122 -j\u00e4rjestelm\u00e4 ratkaisee useita ongelmia rikostutkijoille ja laboratorioille. Jotta matkapuhelimista ja tableteista voidaan tehokkaasti k\u00e4ytt\u00e4\u00e4 ja palauttaa tietoja, uusimmat rikostekniset ty\u00f6kalut edellytt\u00e4v\u00e4t, ett\u00e4 laitteet pysyv\u00e4t toiminnassa. Laitteiden pit\u00e4minen suojattuna RF-signaaleilta, jatkuvasti ladattuina ja turvallisesti lukittuina voi olla vaikeaa. Blocker Locker 7 toteuttaa kaikki n\u00e4m\u00e4 tavoitteet yhdess\u00e4 kaapissa, joka on suunniteltu erityisesti suojaukseen, lataukseen ja lukitsemiseen. Yksik\u00f6ss\u00e4 on seitsem\u00e4n t\u00e4ysin ladattua lokeroa, jotka on varustettu puhelimille tarkoitetuilla Window Charge &amp; Shield Faraday Bags -pusseilla, ja lis\u00e4\u00e4 Charge &amp; Shield Faraday Bags -pusseja voidaan ostaa tarpeen mukaan tai kapasiteetin lis\u00e4\u00e4miseksi.<\/p>","protected":false},"featured_media":8833,"template":"","meta":{"content-type":""},"product_brand":[],"product_cat":[108],"product_tag":[],"class_list":{"0":"post-8829","1":"product","2":"type-product","3":"status-publish","4":"has-post-thumbnail","6":"product_cat-future-physical-products","8":"first","9":"instock","10":"taxable","11":"shipping-taxable","12":"purchasable","13":"product-type-simple"},"acf":[],"yoast_head":"<!-- This site is optimized with the Yoast SEO Premium plugin v27.3 (Yoast SEO v27.3) - https:\/\/yoast.com\/product\/yoast-seo-premium-wordpress\/ -->\n<title>MISSION DARKNESS\u2122 BLOCKER LOCKER 7 - Elusive Data<\/title>\n<meta name=\"robots\" content=\"index, follow, max-snippet:-1, max-image-preview:large, max-video-preview:-1\" \/>\n<link rel=\"canonical\" href=\"https:\/\/elusivedata.io\/fi\/product\/mission-darkness-blocker-locker-7\/\" \/>\n<meta property=\"og:locale\" content=\"fi_FI\" \/>\n<meta property=\"og:type\" content=\"article\" \/>\n<meta property=\"og:title\" content=\"MISSION DARKNESS\u2122 BLOCKER LOCKER 7\" \/>\n<meta property=\"og:description\" content=\"The Mission Darkness\u2122 Blocker Locker 7\u2122 system solves multiple problems for forensics investigators and labs. To effectively access and recover data from cell phones and tablets, the latest forensic tools require devices to stay live. It can be difficult to keep devices shielded from RF signals, charged at all times, and securely locked. The Blocker Locker 7 accomplishes all of these objectives in a single cabinet designed specifically for shielding, charging, and locking. The unit includes seven fully loaded compartments equipped with Window Charge &amp; Shield Faraday Bags for Phones, while additional Charge &amp; Shield Faraday Bags can be purchased as required or to increase capacity.\" \/>\n<meta property=\"og:url\" content=\"https:\/\/elusivedata.io\/fi\/product\/mission-darkness-blocker-locker-7\/\" \/>\n<meta property=\"og:site_name\" content=\"Elusive Data\" \/>\n<meta property=\"article:modified_time\" content=\"2025-06-24T06:31:11+00:00\" \/>\n<meta property=\"og:image\" content=\"https:\/\/elusivedata.io\/wp-content\/uploads\/2025\/06\/BlockerLocker7BlackFinish_480x480.webp\" \/>\n\t<meta property=\"og:image:width\" content=\"480\" \/>\n\t<meta property=\"og:image:height\" content=\"480\" \/>\n\t<meta property=\"og:image:type\" content=\"image\/webp\" \/>\n<meta name=\"twitter:card\" content=\"summary_large_image\" \/>\n<script type=\"application\/ld+json\" class=\"yoast-schema-graph\">{\"@context\":\"https:\\\/\\\/schema.org\",\"@graph\":[{\"@type\":\"WebPage\",\"@id\":\"https:\\\/\\\/elusivedata.io\\\/product\\\/mission-darkness-blocker-locker-7\\\/\",\"url\":\"https:\\\/\\\/elusivedata.io\\\/product\\\/mission-darkness-blocker-locker-7\\\/\",\"name\":\"MISSION DARKNESS\u2122 BLOCKER LOCKER 7 - Elusive Data\",\"isPartOf\":{\"@id\":\"https:\\\/\\\/elusivedata.io\\\/#website\"},\"primaryImageOfPage\":{\"@id\":\"https:\\\/\\\/elusivedata.io\\\/product\\\/mission-darkness-blocker-locker-7\\\/#primaryimage\"},\"image\":{\"@id\":\"https:\\\/\\\/elusivedata.io\\\/product\\\/mission-darkness-blocker-locker-7\\\/#primaryimage\"},\"thumbnailUrl\":\"https:\\\/\\\/elusivedata.io\\\/wp-content\\\/uploads\\\/2025\\\/06\\\/BlockerLocker7BlackFinish_480x480.webp\",\"datePublished\":\"2025-06-17T08:15:51+00:00\",\"dateModified\":\"2025-06-24T06:31:11+00:00\",\"breadcrumb\":{\"@id\":\"https:\\\/\\\/elusivedata.io\\\/product\\\/mission-darkness-blocker-locker-7\\\/#breadcrumb\"},\"inLanguage\":\"fi\",\"potentialAction\":[{\"@type\":\"ReadAction\",\"target\":[\"https:\\\/\\\/elusivedata.io\\\/product\\\/mission-darkness-blocker-locker-7\\\/\"]}]},{\"@type\":\"ImageObject\",\"inLanguage\":\"fi\",\"@id\":\"https:\\\/\\\/elusivedata.io\\\/product\\\/mission-darkness-blocker-locker-7\\\/#primaryimage\",\"url\":\"https:\\\/\\\/elusivedata.io\\\/wp-content\\\/uploads\\\/2025\\\/06\\\/BlockerLocker7BlackFinish_480x480.webp\",\"contentUrl\":\"https:\\\/\\\/elusivedata.io\\\/wp-content\\\/uploads\\\/2025\\\/06\\\/BlockerLocker7BlackFinish_480x480.webp\",\"width\":480,\"height\":480,\"caption\":\"Mission Darkness BlockerLocker 7 Faraday case \u2014 secure signal-blocking device storage\"},{\"@type\":\"BreadcrumbList\",\"@id\":\"https:\\\/\\\/elusivedata.io\\\/product\\\/mission-darkness-blocker-locker-7\\\/#breadcrumb\",\"itemListElement\":[{\"@type\":\"ListItem\",\"position\":1,\"name\":\"Home\",\"item\":\"https:\\\/\\\/elusivedata.io\\\/\"},{\"@type\":\"ListItem\",\"position\":2,\"name\":\"Products\",\"item\":\"https:\\\/\\\/elusivedata.io\\\/shop\\\/\"},{\"@type\":\"ListItem\",\"position\":3,\"name\":\"MISSION DARKNESS\u2122 BLOCKER LOCKER 7\"}]},{\"@type\":\"WebSite\",\"@id\":\"https:\\\/\\\/elusivedata.io\\\/#website\",\"url\":\"https:\\\/\\\/elusivedata.io\\\/\",\"name\":\"ElusiveData\",\"description\":\"Excellence in Digital Forensics Training and Consulting\",\"publisher\":{\"@id\":\"https:\\\/\\\/elusivedata.io\\\/#organization\"},\"potentialAction\":[{\"@type\":\"SearchAction\",\"target\":{\"@type\":\"EntryPoint\",\"urlTemplate\":\"https:\\\/\\\/elusivedata.io\\\/?s={search_term_string}\"},\"query-input\":{\"@type\":\"PropertyValueSpecification\",\"valueRequired\":true,\"valueName\":\"search_term_string\"}}],\"inLanguage\":\"fi\"},{\"@type\":\"Organization\",\"@id\":\"https:\\\/\\\/elusivedata.io\\\/#organization\",\"name\":\"ElusiveData\",\"url\":\"https:\\\/\\\/elusivedata.io\\\/\",\"logo\":{\"@type\":\"ImageObject\",\"inLanguage\":\"fi\",\"@id\":\"https:\\\/\\\/elusivedata.io\\\/#\\\/schema\\\/logo\\\/image\\\/\",\"url\":\"https:\\\/\\\/elusivedata.io\\\/wp-content\\\/uploads\\\/2024\\\/11\\\/Asset-3_2x-scaled.png\",\"contentUrl\":\"https:\\\/\\\/elusivedata.io\\\/wp-content\\\/uploads\\\/2024\\\/11\\\/Asset-3_2x-scaled.png\",\"width\":2560,\"height\":370,\"caption\":\"ElusiveData\"},\"image\":{\"@id\":\"https:\\\/\\\/elusivedata.io\\\/#\\\/schema\\\/logo\\\/image\\\/\"},\"sameAs\":[\"https:\\\/\\\/www.youtube.com\\\/@elusivedata\"]}]}<\/script>\n<!-- \/ Yoast SEO Premium plugin. -->","yoast_head_json":{"title":"MISSION DARKNESS\u2122 BLOCKER LOCKER 7 - Salatut tiedot","robots":{"index":"index","follow":"follow","max-snippet":"max-snippet:-1","max-image-preview":"max-image-preview:large","max-video-preview":"max-video-preview:-1"},"canonical":"https:\/\/elusivedata.io\/fi\/product\/mission-darkness-blocker-locker-7\/","og_locale":"fi_FI","og_type":"article","og_title":"MISSION DARKNESS\u2122 BLOCKER LOCKER 7","og_description":"The Mission Darkness\u2122 Blocker Locker 7\u2122 system solves multiple problems for forensics investigators and labs. To effectively access and recover data from cell phones and tablets, the latest forensic tools require devices to stay live. It can be difficult to keep devices shielded from RF signals, charged at all times, and securely locked. The Blocker Locker 7 accomplishes all of these objectives in a single cabinet designed specifically for shielding, charging, and locking. The unit includes seven fully loaded compartments equipped with Window Charge &amp; Shield Faraday Bags for Phones, while additional Charge &amp; Shield Faraday Bags can be purchased as required or to increase capacity.","og_url":"https:\/\/elusivedata.io\/fi\/product\/mission-darkness-blocker-locker-7\/","og_site_name":"Elusive Data","article_modified_time":"2025-06-24T06:31:11+00:00","og_image":[{"width":480,"height":480,"url":"https:\/\/elusivedata.io\/wp-content\/uploads\/2025\/06\/BlockerLocker7BlackFinish_480x480.webp","type":"image\/webp"}],"twitter_card":"summary_large_image","schema":{"@context":"https:\/\/schema.org","@graph":[{"@type":"WebPage","@id":"https:\/\/elusivedata.io\/product\/mission-darkness-blocker-locker-7\/","url":"https:\/\/elusivedata.io\/product\/mission-darkness-blocker-locker-7\/","name":"MISSION DARKNESS\u2122 BLOCKER LOCKER 7 - Salatut tiedot","isPartOf":{"@id":"https:\/\/elusivedata.io\/#website"},"primaryImageOfPage":{"@id":"https:\/\/elusivedata.io\/product\/mission-darkness-blocker-locker-7\/#primaryimage"},"image":{"@id":"https:\/\/elusivedata.io\/product\/mission-darkness-blocker-locker-7\/#primaryimage"},"thumbnailUrl":"https:\/\/elusivedata.io\/wp-content\/uploads\/2025\/06\/BlockerLocker7BlackFinish_480x480.webp","datePublished":"2025-06-17T08:15:51+00:00","dateModified":"2025-06-24T06:31:11+00:00","breadcrumb":{"@id":"https:\/\/elusivedata.io\/product\/mission-darkness-blocker-locker-7\/#breadcrumb"},"inLanguage":"fi","potentialAction":[{"@type":"ReadAction","target":["https:\/\/elusivedata.io\/product\/mission-darkness-blocker-locker-7\/"]}]},{"@type":"ImageObject","inLanguage":"fi","@id":"https:\/\/elusivedata.io\/product\/mission-darkness-blocker-locker-7\/#primaryimage","url":"https:\/\/elusivedata.io\/wp-content\/uploads\/2025\/06\/BlockerLocker7BlackFinish_480x480.webp","contentUrl":"https:\/\/elusivedata.io\/wp-content\/uploads\/2025\/06\/BlockerLocker7BlackFinish_480x480.webp","width":480,"height":480,"caption":"Mission Darkness BlockerLocker 7 Faraday case \u2014 secure signal-blocking device storage"},{"@type":"BreadcrumbList","@id":"https:\/\/elusivedata.io\/product\/mission-darkness-blocker-locker-7\/#breadcrumb","itemListElement":[{"@type":"ListItem","position":1,"name":"Home","item":"https:\/\/elusivedata.io\/"},{"@type":"ListItem","position":2,"name":"Products","item":"https:\/\/elusivedata.io\/shop\/"},{"@type":"ListItem","position":3,"name":"MISSION DARKNESS\u2122 BLOCKER LOCKER 7"}]},{"@type":"WebSite","@id":"https:\/\/elusivedata.io\/#website","url":"https:\/\/elusivedata.io\/","name":"ElusiveData","description":"Huippuosaamista digitaalisen rikostekniikan koulutuksessa ja konsultoinnissa","publisher":{"@id":"https:\/\/elusivedata.io\/#organization"},"potentialAction":[{"@type":"SearchAction","target":{"@type":"EntryPoint","urlTemplate":"https:\/\/elusivedata.io\/?s={search_term_string}"},"query-input":{"@type":"PropertyValueSpecification","valueRequired":true,"valueName":"search_term_string"}}],"inLanguage":"fi"},{"@type":"Organization","@id":"https:\/\/elusivedata.io\/#organization","name":"ElusiveData","url":"https:\/\/elusivedata.io\/","logo":{"@type":"ImageObject","inLanguage":"fi","@id":"https:\/\/elusivedata.io\/#\/schema\/logo\/image\/","url":"https:\/\/elusivedata.io\/wp-content\/uploads\/2024\/11\/Asset-3_2x-scaled.png","contentUrl":"https:\/\/elusivedata.io\/wp-content\/uploads\/2024\/11\/Asset-3_2x-scaled.png","width":2560,"height":370,"caption":"ElusiveData"},"image":{"@id":"https:\/\/elusivedata.io\/#\/schema\/logo\/image\/"},"sameAs":["https:\/\/www.youtube.com\/@elusivedata"]}]}},"_links":{"self":[{"href":"https:\/\/elusivedata.io\/fi\/wp-json\/wp\/v2\/product\/8829","targetHints":{"allow":["GET"]}}],"collection":[{"href":"https:\/\/elusivedata.io\/fi\/wp-json\/wp\/v2\/product"}],"about":[{"href":"https:\/\/elusivedata.io\/fi\/wp-json\/wp\/v2\/types\/product"}],"version-history":[{"count":5,"href":"https:\/\/elusivedata.io\/fi\/wp-json\/wp\/v2\/product\/8829\/revisions"}],"predecessor-version":[{"id":8839,"href":"https:\/\/elusivedata.io\/fi\/wp-json\/wp\/v2\/product\/8829\/revisions\/8839"}],"wp:featuredmedia":[{"embeddable":true,"href":"https:\/\/elusivedata.io\/fi\/wp-json\/wp\/v2\/media\/8833"}],"wp:attachment":[{"href":"https:\/\/elusivedata.io\/fi\/wp-json\/wp\/v2\/media?parent=8829"}],"wp:term":[{"taxonomy":"product_brand","embeddable":true,"href":"https:\/\/elusivedata.io\/fi\/wp-json\/wp\/v2\/product_brand?post=8829"},{"taxonomy":"product_cat","embeddable":true,"href":"https:\/\/elusivedata.io\/fi\/wp-json\/wp\/v2\/product_cat?post=8829"},{"taxonomy":"product_tag","embeddable":true,"href":"https:\/\/elusivedata.io\/fi\/wp-json\/wp\/v2\/product_tag?post=8829"}],"curies":[{"name":"wp","href":"https:\/\/api.w.org\/{rel}","templated":true}]}}