{"id":8810,"date":"2025-06-17T08:15:53","date_gmt":"2025-06-17T08:15:53","guid":{"rendered":"https:\/\/elusivedata.io\/?post_type=product&#038;p=8810"},"modified":"2025-06-24T06:30:50","modified_gmt":"2025-06-24T06:30:50","slug":"mission-darkness-blockbox-lab-xl","status":"publish","type":"product","link":"https:\/\/elusivedata.io\/fi\/product\/mission-darkness-blockbox-lab-xl\/","title":{"rendered":"Mission Darkness\u2122 BlockBox Lab XL"},"content":{"rendered":"<div data-elementor-type=\"product-post\" data-elementor-id=\"8810\" class=\"elementor elementor-8810\" data-elementor-post-type=\"product\">\n\t\t\t\t<div class=\"elementor-element elementor-element-347fe6d2 e-flex e-con-boxed e-con e-parent\" data-id=\"347fe6d2\" data-element_type=\"container\" data-e-type=\"container\">\n\t\t\t\t\t<div class=\"e-con-inner\">\n\t\t\t\t<div class=\"elementor-element elementor-element-322b7be9 elementor-widget elementor-widget-text-editor\" data-id=\"322b7be9\" data-element_type=\"widget\" data-e-type=\"widget\" data-widget_type=\"text-editor.default\">\n\t\t\t\t<div class=\"elementor-widget-container\">\n\t\t\t\t\t\t\t\t\t<div id=\"s-05dc07eb-99c9-4894-bd54-ad282338cdfc\" class=\"shg-c shg-align-left\"><div class=\"shogun-heading-component\"><p>Mission Darkness\u2122 BlockBox Lab XL tarjoaa parhaan mahdollisen radiotaajuussuojauksen (RF) ja k\u00e4yt\u00e4nn\u00f6nl\u00e4heisen p\u00e4\u00e4syn elektronisten laitteiden rikosteknisiin tutkimuksiin. Raskas rikosteknisen analyysin kotelo on suunniteltu erityisesti matkapuhelinten, tablettien, kannettavien tietokoneiden ja vastaavankokoisten elektroniikkalaitteiden tutkimiseen, ja se on samalla suojattu RF-signaaleilta. Eritt\u00e4in suurten sis\u00e4mittojen ansiosta k\u00e4ytt\u00e4jien on helppo analysoida laitteita mukavasti ja siirt\u00e4\u00e4 laitteita faradayn pusseihin ja niist\u00e4 pois suojatun kammion sis\u00e4ll\u00e4. Vaihtoehtoiset k\u00e4ytt\u00f6kohteet liittyv\u00e4t mobiililaitteiden testaukseen, sill\u00e4 tuotetta voidaan k\u00e4ytt\u00e4\u00e4 eristetyn ja valvotun ymp\u00e4rist\u00f6n luomiseen.<\/p><p>Se on rakennettu kest\u00e4v\u00e4ll\u00e4 alumiinirungolla, jonka sis\u00e4sein\u00e4t on vuorattu RF-absorboivalla vaahtomuovilla, johtavilla k\u00e4sineill\u00e4 molemmille k\u00e4sille, joilla voidaan k\u00e4ytt\u00e4\u00e4 ja kuulustella sis\u00e4ll\u00e4 olevia laitteita (mukaan lukien kosketusn\u00e4yt\u00f6t), patentoidulla Gen 2 RF-FilterVu -l\u00e4pin\u00e4kyv\u00e4ll\u00e4 katseluikkunalla, kahdella LED-ruudulla, virtaliuskalla, jossa on nelj\u00e4 yleisvirtaporttia ja nelj\u00e4 USB-porttia, sek\u00e4 kaksipuolisella suojatulla suodattimella, jossa on RJ45-ethernet-verkko ja kaksi USB-porttia tietojen poimimiseen suurilla nopeuksilla. RJ45-portin avulla k\u00e4ytt\u00e4j\u00e4 voi liitt\u00e4\u00e4 faradayn kammion sis\u00e4ll\u00e4 olevat laitteet sis\u00e4iseen l\u00e4hiverkkoon sek\u00e4 ulkoisesti latausl\u00e4hteeseen, tietokoneeseen tai tiedonlouhintaty\u00f6kaluun. Yhdistettyjen ominaisuuksien ansiosta rikostutkijat voivat analysoida perusteellisesti laitteiden tietoja ja est\u00e4\u00e4 samalla signaalien p\u00e4\u00e4syn laitteeseen tai poistumisen laitteesta. Kyky pit\u00e4\u00e4 laitteet ladattuina loputtomiin est\u00e4\u00e4 lukitustilan ja lyhent\u00e4\u00e4 salasanan murtamiseen tarvittavaa aikaa, mik\u00e4 mahdollistaa tietojen maksimaalisen louhinnan ja lukituksen avaamisen GrayKeyn, Cellebriten, XRY:n, BlackBagin, Oxygenin jne. kaltaisilla ty\u00f6kaluilla.<\/p><p>BlockBox Lab XL erist\u00e4\u00e4 laitteet t\u00e4ysin ja est\u00e4\u00e4 WiFi:n (2,4 ja 5 GHz), Bluetoothin, matkapuhelinsignaalit, mukaan lukien 5G-verkot, GPS:n, RFID:n ja radiosignaalit. Se on laboratoriossa testattu ja sertifioitu suojauksen tehokkuusstandardien mukaisesti.\u00a0<a href=\"https:\/\/mosequipment.com\/pages\/ieee-299-2006-testing\" target=\"_blank\" rel=\"noopener\">IEEE 299-2006<\/a>. Vaikka BlockBox Lab XL on suunniteltu laboratoriok\u00e4ytt\u00f6\u00f6n, sen keveys ja vahvat sivukahvat mahdollistavat sen kuljettamisen eri paikkoihin. Kattavaan lis\u00e4varustepakkaukseen kuuluu useita korkealaatuisia kaapeleita, kristallinkirkas akryyli-puhelimen j\u00e4rjest\u00e4j\u00e4 ja hylly, sarja korvaavia k\u00e4sineit\u00e4 ja vaahtomuovitiivisteit\u00e4 (koska n\u00e4m\u00e4 osat voivat ajan mittaan kulua tihe\u00e4n\/v\u00e4\u00e4r\u00e4n k\u00e4yt\u00f6n tai varastoinnin vuoksi), jotka voidaan helposti asentaa paikan p\u00e4\u00e4ll\u00e4 ilman, ett\u00e4 koko laitetta tarvitsee l\u00e4hett\u00e4\u00e4 korjattavaksi. Pakkauksen mukana toimitetaan my\u00f6s erilaisia Mission Darkness NeoLok Faraday Bags -pusseja, joissa on patentoitu magneettisuljenta, mink\u00e4 ansiosta niit\u00e4 on turvallista k\u00e4ytt\u00e4\u00e4 johtavien k\u00e4sineiden kanssa rikosteknisiss\u00e4 tutkimuksissa.<\/p><p>BlockBox Lab XL:n voi ostaa useilla p\u00e4ivitetyill\u00e4 ominaisuuksilla (lue lis\u00e4tietoja alla ja valitse haluamasi vaihtoehto pudotusvalikosta). Pyynn\u00f6st\u00e4 voidaan asentaa ylim\u00e4\u00e4r\u00e4inen RJ45-ethernet-portti tai muita suodattimia. Se voidaan varustaa tuuletusaukolla ja tuulettimella, jotka v\u00e4hent\u00e4v\u00e4t kotelon sis\u00e4ll\u00e4 k\u00e4ytett\u00e4vien korkean jalostusasteen laitteiden tuottamaa l\u00e4mp\u00f6\u00e4 ja est\u00e4v\u00e4t laitteen turpoamisen. Kotelon sis\u00e4- tai ulkopuolelle voidaan lis\u00e4ksi asentaa kamerakiinnike, jotta kamera voi kuvata tai videoida todistusaineistoa ja laitteen n\u00e4ytt\u00f6j\u00e4. Lue\u00a0<a href=\"https:\/\/mosequipment.com\/blogs\/blog\/faraday-box-with-mounted-camera\" target=\"_blank\" rel=\"noopener\">blogikirjoitus<\/a>\u00a0faradayn laatikon eduista, johon on asennettu kamera, saadaksesi lis\u00e4tietoja.<\/p><\/div><p><iframe title=\"BBL XL BlockBox Lab -vertailu Standard vs. Tablet-versio\" width=\"800\" height=\"450\" src=\"https:\/\/www.youtube.com\/embed\/UC-KWEgSOu8?feature=oembed&enablejsapi=1&origin=https:\/\/elusivedata.io\" frameborder=\"0\" allow=\"accelerometer; autoplay; clipboard-write; encrypted-media; gyroscope; picture-in-picture; web-share\" referrerpolicy=\"strict-origin-when-cross-origin\" allowfullscreen><\/iframe><\/p><\/div>\t\t\t\t\t\t\t\t<\/div>\n\t\t\t\t<\/div>\n\t\t\t\t\t<\/div>\n\t\t\t\t<\/div>\n\t\t<div class=\"elementor-element elementor-element-b25f885 e-flex e-con-boxed e-con e-parent\" data-id=\"b25f885\" data-element_type=\"container\" data-e-type=\"container\">\n\t\t\t\t\t<div class=\"e-con-inner\">\n\t\t<div class=\"elementor-element elementor-element-5822c12 e-con-full e-flex e-con e-child\" data-id=\"5822c12\" data-element_type=\"container\" data-e-type=\"container\">\n\t\t\t\t<div class=\"elementor-element elementor-element-a64f718 elementor-widget elementor-widget-image\" data-id=\"a64f718\" data-element_type=\"widget\" data-e-type=\"widget\" data-widget_type=\"image.default\">\n\t\t\t\t<div class=\"elementor-widget-container\">\n\t\t\t\t\t\t\t\t\t\t\t\t\t\t\t<img fetchpriority=\"high\" decoding=\"async\" width=\"800\" height=\"552\" src=\"https:\/\/elusivedata.io\/wp-content\/uploads\/2025\/06\/download-5-1024x707.webp\" class=\"attachment-large size-large wp-image-8811\" alt=\"Mission Darkness Faraday bag \u2014 professional signal-blocking evidence collection pouch\" srcset=\"https:\/\/elusivedata.io\/wp-content\/uploads\/2025\/06\/download-5-1024x707.webp 1024w, https:\/\/elusivedata.io\/wp-content\/uploads\/2025\/06\/download-5-300x207.webp 300w, https:\/\/elusivedata.io\/wp-content\/uploads\/2025\/06\/download-5-768x531.webp 768w, https:\/\/elusivedata.io\/wp-content\/uploads\/2025\/06\/download-5-18x12.webp 18w, https:\/\/elusivedata.io\/wp-content\/uploads\/2025\/06\/download-5-600x414.webp 600w, https:\/\/elusivedata.io\/wp-content\/uploads\/2025\/06\/download-5.webp 1423w\" sizes=\"(max-width: 800px) 100vw, 800px\" \/>\t\t\t\t\t\t\t\t\t\t\t\t\t\t\t<\/div>\n\t\t\t\t<\/div>\n\t\t\t\t<\/div>\n\t\t<div class=\"elementor-element elementor-element-d454967 e-con-full e-flex e-con e-child\" data-id=\"d454967\" data-element_type=\"container\" data-e-type=\"container\">\n\t\t\t\t<div class=\"elementor-element elementor-element-96afd19 elementor-widget elementor-widget-image\" data-id=\"96afd19\" data-element_type=\"widget\" data-e-type=\"widget\" data-widget_type=\"image.default\">\n\t\t\t\t<div class=\"elementor-widget-container\">\n\t\t\t\t\t\t\t\t\t\t\t\t\t\t\t<img decoding=\"async\" width=\"800\" height=\"552\" src=\"https:\/\/elusivedata.io\/wp-content\/uploads\/2025\/06\/download-4-1024x707.webp\" class=\"attachment-large size-large wp-image-8812\" alt=\"Mission Darkness Faraday shielding equipment \u2014 RF-blocking for mobile device forensics\" srcset=\"https:\/\/elusivedata.io\/wp-content\/uploads\/2025\/06\/download-4-1024x707.webp 1024w, https:\/\/elusivedata.io\/wp-content\/uploads\/2025\/06\/download-4-300x207.webp 300w, https:\/\/elusivedata.io\/wp-content\/uploads\/2025\/06\/download-4-768x530.webp 768w, https:\/\/elusivedata.io\/wp-content\/uploads\/2025\/06\/download-4-18x12.webp 18w, https:\/\/elusivedata.io\/wp-content\/uploads\/2025\/06\/download-4-600x414.webp 600w, https:\/\/elusivedata.io\/wp-content\/uploads\/2025\/06\/download-4.webp 1500w\" sizes=\"(max-width: 800px) 100vw, 800px\" \/>\t\t\t\t\t\t\t\t\t\t\t\t\t\t\t<\/div>\n\t\t\t\t<\/div>\n\t\t\t\t<\/div>\n\t\t\t\t\t<\/div>\n\t\t\t\t<\/div>\n\t\t\t\t<\/div>","protected":false},"excerpt":{"rendered":"<p class=\"ai-optimize-19\">Mission Darkness\u2122 BlockBox Lab XL tarjoaa parhaan mahdollisen radiotaajuussuojauksen (RF) ja k\u00e4yt\u00e4nn\u00f6nl\u00e4heisen p\u00e4\u00e4syn elektronisten laitteiden rikosteknisiin tutkimuksiin. Raskas rikosteknisen analyysin kotelo on suunniteltu erityisesti matkapuhelinten, tablettien, kannettavien tietokoneiden ja vastaavankokoisten elektroniikkalaitteiden tutkimiseen, ja se on samalla suojattu RF-signaaleilta. Eritt\u00e4in suurten sis\u00e4mittojen ansiosta k\u00e4ytt\u00e4jien on helppo analysoida laitteita mukavasti ja siirt\u00e4\u00e4 laitteita faradayn pusseihin ja niist\u00e4 pois suojatun kammion sis\u00e4ll\u00e4. Vaihtoehtoiset k\u00e4ytt\u00f6kohteet liittyv\u00e4t mobiililaitteiden testaukseen, sill\u00e4 tuotetta voidaan k\u00e4ytt\u00e4\u00e4 eristetyn ja valvotun ymp\u00e4rist\u00f6n luomiseen.<\/p>","protected":false},"featured_media":8818,"template":"","meta":{"content-type":""},"product_brand":[],"product_cat":[108],"product_tag":[],"class_list":{"0":"post-8810","1":"product","2":"type-product","3":"status-publish","4":"has-post-thumbnail","6":"product_cat-future-physical-products","8":"first","9":"instock","10":"taxable","11":"shipping-taxable","12":"purchasable","13":"product-type-simple"},"acf":[],"yoast_head":"<!-- This site is optimized with the Yoast SEO Premium plugin v27.3 (Yoast SEO v27.3) - https:\/\/yoast.com\/product\/yoast-seo-premium-wordpress\/ -->\n<title>Mission Darkness\u2122 BlockBox Lab XL - Elusive Data<\/title>\n<meta name=\"robots\" content=\"index, follow, max-snippet:-1, max-image-preview:large, max-video-preview:-1\" \/>\n<link rel=\"canonical\" href=\"https:\/\/elusivedata.io\/fi\/product\/mission-darkness-blockbox-lab-xl\/\" \/>\n<meta property=\"og:locale\" content=\"fi_FI\" \/>\n<meta property=\"og:type\" content=\"article\" \/>\n<meta property=\"og:title\" content=\"Mission Darkness\u2122 BlockBox Lab XL\" \/>\n<meta property=\"og:description\" content=\"The Mission Darkness\u2122 BlockBox Lab XL offers the ultimate radio frequency (RF) shielding and hands-on accessibility for electronic device forensics investigations. The heavy-duty forensic analysis enclosure is designed specifically for investigating devices such as cell phones, tablets, laptops, and similar size electronics while remaining shielded from RF signals. The extra large interior dimensions make it easy for operators to comfortably analyze devices, as well as transfer devices in and out of faraday bags inside of the shielded chamber. Alternative uses relate to mobile device testing, since the product can be used to create an isolated and controlled environment.\" \/>\n<meta property=\"og:url\" content=\"https:\/\/elusivedata.io\/fi\/product\/mission-darkness-blockbox-lab-xl\/\" \/>\n<meta property=\"og:site_name\" content=\"Elusive Data\" \/>\n<meta property=\"article:modified_time\" content=\"2025-06-24T06:30:50+00:00\" \/>\n<meta property=\"og:image\" content=\"https:\/\/elusivedata.io\/wp-content\/uploads\/2025\/06\/DSC00549_480x480.webp\" \/>\n\t<meta property=\"og:image:width\" content=\"480\" \/>\n\t<meta property=\"og:image:height\" content=\"480\" \/>\n\t<meta property=\"og:image:type\" content=\"image\/webp\" \/>\n<meta name=\"twitter:card\" content=\"summary_large_image\" \/>\n<meta name=\"twitter:label1\" content=\"Arvioitu lukuaika\" \/>\n\t<meta name=\"twitter:data1\" content=\"3 minuuttia\" \/>\n<script type=\"application\/ld+json\" class=\"yoast-schema-graph\">{\"@context\":\"https:\\\/\\\/schema.org\",\"@graph\":[{\"@type\":\"WebPage\",\"@id\":\"https:\\\/\\\/elusivedata.io\\\/product\\\/mission-darkness-blockbox-lab-xl\\\/\",\"url\":\"https:\\\/\\\/elusivedata.io\\\/product\\\/mission-darkness-blockbox-lab-xl\\\/\",\"name\":\"Mission Darkness\u2122 BlockBox Lab XL - Elusive Data\",\"isPartOf\":{\"@id\":\"https:\\\/\\\/elusivedata.io\\\/#website\"},\"primaryImageOfPage\":{\"@id\":\"https:\\\/\\\/elusivedata.io\\\/product\\\/mission-darkness-blockbox-lab-xl\\\/#primaryimage\"},\"image\":{\"@id\":\"https:\\\/\\\/elusivedata.io\\\/product\\\/mission-darkness-blockbox-lab-xl\\\/#primaryimage\"},\"thumbnailUrl\":\"https:\\\/\\\/elusivedata.io\\\/wp-content\\\/uploads\\\/2025\\\/06\\\/DSC00549_480x480.webp\",\"datePublished\":\"2025-06-17T08:15:53+00:00\",\"dateModified\":\"2025-06-24T06:30:50+00:00\",\"breadcrumb\":{\"@id\":\"https:\\\/\\\/elusivedata.io\\\/product\\\/mission-darkness-blockbox-lab-xl\\\/#breadcrumb\"},\"inLanguage\":\"fi\",\"potentialAction\":[{\"@type\":\"ReadAction\",\"target\":[\"https:\\\/\\\/elusivedata.io\\\/product\\\/mission-darkness-blockbox-lab-xl\\\/\"]}]},{\"@type\":\"ImageObject\",\"inLanguage\":\"fi\",\"@id\":\"https:\\\/\\\/elusivedata.io\\\/product\\\/mission-darkness-blockbox-lab-xl\\\/#primaryimage\",\"url\":\"https:\\\/\\\/elusivedata.io\\\/wp-content\\\/uploads\\\/2025\\\/06\\\/DSC00549_480x480.webp\",\"contentUrl\":\"https:\\\/\\\/elusivedata.io\\\/wp-content\\\/uploads\\\/2025\\\/06\\\/DSC00549_480x480.webp\",\"width\":480,\"height\":480,\"caption\":\"Mission Darkness Faraday bag product photo \u2014 professional digital forensics equipment\"},{\"@type\":\"BreadcrumbList\",\"@id\":\"https:\\\/\\\/elusivedata.io\\\/product\\\/mission-darkness-blockbox-lab-xl\\\/#breadcrumb\",\"itemListElement\":[{\"@type\":\"ListItem\",\"position\":1,\"name\":\"Home\",\"item\":\"https:\\\/\\\/elusivedata.io\\\/\"},{\"@type\":\"ListItem\",\"position\":2,\"name\":\"Products\",\"item\":\"https:\\\/\\\/elusivedata.io\\\/shop\\\/\"},{\"@type\":\"ListItem\",\"position\":3,\"name\":\"Mission Darkness\u2122 BlockBox Lab XL\"}]},{\"@type\":\"WebSite\",\"@id\":\"https:\\\/\\\/elusivedata.io\\\/#website\",\"url\":\"https:\\\/\\\/elusivedata.io\\\/\",\"name\":\"ElusiveData\",\"description\":\"Excellence in Digital Forensics Training and Consulting\",\"publisher\":{\"@id\":\"https:\\\/\\\/elusivedata.io\\\/#organization\"},\"potentialAction\":[{\"@type\":\"SearchAction\",\"target\":{\"@type\":\"EntryPoint\",\"urlTemplate\":\"https:\\\/\\\/elusivedata.io\\\/?s={search_term_string}\"},\"query-input\":{\"@type\":\"PropertyValueSpecification\",\"valueRequired\":true,\"valueName\":\"search_term_string\"}}],\"inLanguage\":\"fi\"},{\"@type\":\"Organization\",\"@id\":\"https:\\\/\\\/elusivedata.io\\\/#organization\",\"name\":\"ElusiveData\",\"url\":\"https:\\\/\\\/elusivedata.io\\\/\",\"logo\":{\"@type\":\"ImageObject\",\"inLanguage\":\"fi\",\"@id\":\"https:\\\/\\\/elusivedata.io\\\/#\\\/schema\\\/logo\\\/image\\\/\",\"url\":\"https:\\\/\\\/elusivedata.io\\\/wp-content\\\/uploads\\\/2024\\\/11\\\/Asset-3_2x-scaled.png\",\"contentUrl\":\"https:\\\/\\\/elusivedata.io\\\/wp-content\\\/uploads\\\/2024\\\/11\\\/Asset-3_2x-scaled.png\",\"width\":2560,\"height\":370,\"caption\":\"ElusiveData\"},\"image\":{\"@id\":\"https:\\\/\\\/elusivedata.io\\\/#\\\/schema\\\/logo\\\/image\\\/\"},\"sameAs\":[\"https:\\\/\\\/www.youtube.com\\\/@elusivedata\"]}]}<\/script>\n<!-- \/ Yoast SEO Premium plugin. -->","yoast_head_json":{"title":"Teht\u00e4v\u00e4 Darkness\u2122 BlockBox Lab XL - Elusive Data","robots":{"index":"index","follow":"follow","max-snippet":"max-snippet:-1","max-image-preview":"max-image-preview:large","max-video-preview":"max-video-preview:-1"},"canonical":"https:\/\/elusivedata.io\/fi\/product\/mission-darkness-blockbox-lab-xl\/","og_locale":"fi_FI","og_type":"article","og_title":"Mission Darkness\u2122 BlockBox Lab XL","og_description":"The Mission Darkness\u2122 BlockBox Lab XL offers the ultimate radio frequency (RF) shielding and hands-on accessibility for electronic device forensics investigations. The heavy-duty forensic analysis enclosure is designed specifically for investigating devices such as cell phones, tablets, laptops, and similar size electronics while remaining shielded from RF signals. The extra large interior dimensions make it easy for operators to comfortably analyze devices, as well as transfer devices in and out of faraday bags inside of the shielded chamber. Alternative uses relate to mobile device testing, since the product can be used to create an isolated and controlled environment.","og_url":"https:\/\/elusivedata.io\/fi\/product\/mission-darkness-blockbox-lab-xl\/","og_site_name":"Elusive Data","article_modified_time":"2025-06-24T06:30:50+00:00","og_image":[{"width":480,"height":480,"url":"https:\/\/elusivedata.io\/wp-content\/uploads\/2025\/06\/DSC00549_480x480.webp","type":"image\/webp"}],"twitter_card":"summary_large_image","twitter_misc":{"Arvioitu lukuaika":"3 minuuttia"},"schema":{"@context":"https:\/\/schema.org","@graph":[{"@type":"WebPage","@id":"https:\/\/elusivedata.io\/product\/mission-darkness-blockbox-lab-xl\/","url":"https:\/\/elusivedata.io\/product\/mission-darkness-blockbox-lab-xl\/","name":"Teht\u00e4v\u00e4 Darkness\u2122 BlockBox Lab XL - Elusive Data","isPartOf":{"@id":"https:\/\/elusivedata.io\/#website"},"primaryImageOfPage":{"@id":"https:\/\/elusivedata.io\/product\/mission-darkness-blockbox-lab-xl\/#primaryimage"},"image":{"@id":"https:\/\/elusivedata.io\/product\/mission-darkness-blockbox-lab-xl\/#primaryimage"},"thumbnailUrl":"https:\/\/elusivedata.io\/wp-content\/uploads\/2025\/06\/DSC00549_480x480.webp","datePublished":"2025-06-17T08:15:53+00:00","dateModified":"2025-06-24T06:30:50+00:00","breadcrumb":{"@id":"https:\/\/elusivedata.io\/product\/mission-darkness-blockbox-lab-xl\/#breadcrumb"},"inLanguage":"fi","potentialAction":[{"@type":"ReadAction","target":["https:\/\/elusivedata.io\/product\/mission-darkness-blockbox-lab-xl\/"]}]},{"@type":"ImageObject","inLanguage":"fi","@id":"https:\/\/elusivedata.io\/product\/mission-darkness-blockbox-lab-xl\/#primaryimage","url":"https:\/\/elusivedata.io\/wp-content\/uploads\/2025\/06\/DSC00549_480x480.webp","contentUrl":"https:\/\/elusivedata.io\/wp-content\/uploads\/2025\/06\/DSC00549_480x480.webp","width":480,"height":480,"caption":"Mission Darkness Faraday bag product photo \u2014 professional digital forensics equipment"},{"@type":"BreadcrumbList","@id":"https:\/\/elusivedata.io\/product\/mission-darkness-blockbox-lab-xl\/#breadcrumb","itemListElement":[{"@type":"ListItem","position":1,"name":"Home","item":"https:\/\/elusivedata.io\/"},{"@type":"ListItem","position":2,"name":"Products","item":"https:\/\/elusivedata.io\/shop\/"},{"@type":"ListItem","position":3,"name":"Mission Darkness\u2122 BlockBox Lab XL"}]},{"@type":"WebSite","@id":"https:\/\/elusivedata.io\/#website","url":"https:\/\/elusivedata.io\/","name":"ElusiveData","description":"Huippuosaamista digitaalisen rikostekniikan koulutuksessa ja konsultoinnissa","publisher":{"@id":"https:\/\/elusivedata.io\/#organization"},"potentialAction":[{"@type":"SearchAction","target":{"@type":"EntryPoint","urlTemplate":"https:\/\/elusivedata.io\/?s={search_term_string}"},"query-input":{"@type":"PropertyValueSpecification","valueRequired":true,"valueName":"search_term_string"}}],"inLanguage":"fi"},{"@type":"Organization","@id":"https:\/\/elusivedata.io\/#organization","name":"ElusiveData","url":"https:\/\/elusivedata.io\/","logo":{"@type":"ImageObject","inLanguage":"fi","@id":"https:\/\/elusivedata.io\/#\/schema\/logo\/image\/","url":"https:\/\/elusivedata.io\/wp-content\/uploads\/2024\/11\/Asset-3_2x-scaled.png","contentUrl":"https:\/\/elusivedata.io\/wp-content\/uploads\/2024\/11\/Asset-3_2x-scaled.png","width":2560,"height":370,"caption":"ElusiveData"},"image":{"@id":"https:\/\/elusivedata.io\/#\/schema\/logo\/image\/"},"sameAs":["https:\/\/www.youtube.com\/@elusivedata"]}]}},"_links":{"self":[{"href":"https:\/\/elusivedata.io\/fi\/wp-json\/wp\/v2\/product\/8810","targetHints":{"allow":["GET"]}}],"collection":[{"href":"https:\/\/elusivedata.io\/fi\/wp-json\/wp\/v2\/product"}],"about":[{"href":"https:\/\/elusivedata.io\/fi\/wp-json\/wp\/v2\/types\/product"}],"version-history":[{"count":8,"href":"https:\/\/elusivedata.io\/fi\/wp-json\/wp\/v2\/product\/8810\/revisions"}],"predecessor-version":[{"id":8828,"href":"https:\/\/elusivedata.io\/fi\/wp-json\/wp\/v2\/product\/8810\/revisions\/8828"}],"wp:featuredmedia":[{"embeddable":true,"href":"https:\/\/elusivedata.io\/fi\/wp-json\/wp\/v2\/media\/8818"}],"wp:attachment":[{"href":"https:\/\/elusivedata.io\/fi\/wp-json\/wp\/v2\/media?parent=8810"}],"wp:term":[{"taxonomy":"product_brand","embeddable":true,"href":"https:\/\/elusivedata.io\/fi\/wp-json\/wp\/v2\/product_brand?post=8810"},{"taxonomy":"product_cat","embeddable":true,"href":"https:\/\/elusivedata.io\/fi\/wp-json\/wp\/v2\/product_cat?post=8810"},{"taxonomy":"product_tag","embeddable":true,"href":"https:\/\/elusivedata.io\/fi\/wp-json\/wp\/v2\/product_tag?post=8810"}],"curies":[{"name":"wp","href":"https:\/\/api.w.org\/{rel}","templated":true}]}}