{"id":9386,"date":"2025-06-15T13:39:51","date_gmt":"2025-06-15T13:39:51","guid":{"rendered":"https:\/\/elusivedata.io\/?page_id=9386"},"modified":"2026-03-18T21:34:07","modified_gmt":"2026-03-18T21:34:07","slug":"terms-conditions","status":"publish","type":"page","link":"https:\/\/elusivedata.io\/fi\/terms-conditions\/","title":{"rendered":"Ehdot ja edellytykset"},"content":{"rendered":"<div data-elementor-type=\"wp-page\" data-elementor-id=\"9386\" class=\"elementor elementor-9386\" data-elementor-post-type=\"page\">\n\t\t\t\t<div class=\"elementor-element elementor-element-5ef3a96e e-flex e-con-boxed e-con e-parent\" data-id=\"5ef3a96e\" data-element_type=\"container\" data-e-type=\"container\">\n\t\t\t\t\t<div class=\"e-con-inner\">\n\t\t<div class=\"elementor-element elementor-element-7410f65 e-con-full e-flex e-con e-child\" data-id=\"7410f65\" data-element_type=\"container\" data-e-type=\"container\">\n\t\t<div class=\"elementor-element elementor-element-8d367a2 e-grid e-con-full e-con e-child\" data-id=\"8d367a2\" data-element_type=\"container\" data-e-type=\"container\">\n\t\t\t\t<div class=\"elementor-element elementor-element-e42b80a elementor-widget elementor-widget-text-editor\" data-id=\"e42b80a\" data-element_type=\"widget\" data-e-type=\"widget\" data-widget_type=\"text-editor.default\">\n\t\t\t\t<div class=\"elementor-widget-container\">\n\t\t\t\t\t\t\t\t\t<h2>Yleiset ehdot digitaalisten kurssien ostamiseen Elusive Datalta<\/h2><div><br><\/div>\n<p><!-- \/wp:paragraph --><!-- wp:paragraph --><\/p>\n<h3>1. Tuote<\/h3>\n<p>Kun teet ostoksen meilt\u00e4, ostat p\u00e4\u00e4syn verkkokurssille, joka toimitetaan digitaalisen oppimisalustamme kautta.<\/p>\n<p><!-- \/wp:paragraph --><!-- wp:paragraph --><\/p>\n<h3>2. Toimitus<\/h3>\n<p>P\u00e4\u00e4sy kurssin sis\u00e4lt\u00f6\u00f6n my\u00f6nnet\u00e4\u00e4n v\u00e4litt\u00f6m\u00e4sti onnistuneen oston ja maksun j\u00e4lkeen. Vahvistuss\u00e4hk\u00f6posti, jossa on kirjautumistiedot ja ohjeet, l\u00e4hetet\u00e4\u00e4n automaattisesti.<\/p>\n<p><!-- \/wp:paragraph --><!-- wp:paragraph --><\/p>\n<h3>3. Peruuttamisoikeus<\/h3>\n<p>Koska kyseess\u00e4 on digitaalinen tuote, johon on v\u00e4lit\u00f6n p\u00e4\u00e4sy, peruuttamisoikeutta ei sovelleta EU:n kuluttajalains\u00e4\u00e4d\u00e4nn\u00f6n mukaisesti (direktiivi 2011\/83\/EU, 16 artikla).<\/p>\n<p><!-- \/wp:paragraph --><!-- wp:paragraph --><\/p>\n<h3>4. Maksu<\/h3>\n<p>Maksut k\u00e4sitell\u00e4\u00e4n hyv\u00e4ksyttyjen maksupalveluntarjoajiemme kautta (esim. Stripe, Klarna, PayPal). Kaikki hinnat ilmoitetaan valitussa valuutassa, ja ne sis\u00e4lt\u00e4v\u00e4t arvonlis\u00e4veron, jos se on mahdollista.<\/p>\n<p><!-- \/wp:paragraph --><!-- wp:paragraph --><\/p>\n<h3>5. K\u00e4ytt\u00e4j\u00e4n ehdot<\/h3>\n<p>Et saa jakaa kirjautumistietojasi tai jakaa kurssimateriaalia. Kaikki sis\u00e4lt\u00f6 on tekij\u00e4noikeussuojattua, eik\u00e4 sit\u00e4 saa kopioida tai levitt\u00e4\u00e4.<\/p>\n<p><!-- \/wp:paragraph --><!-- wp:paragraph --><\/p>\n<h3>6. Tuki<\/h3>\n<p>Jos sinulla on teknisi\u00e4 ongelmia tai kysymyksi\u00e4 kurssista, ota yhteytt\u00e4 tukitiimiimme osoitteessa contact@elusivedata.io.<\/p>\n<p><!-- \/wp:paragraph --><!-- wp:paragraph --><\/p>\n<h3>7. Riidat<\/h3>\n<p>Kaikkiin riitoihin sovelletaan Ruotsin lakia, ja ne k\u00e4sitell\u00e4\u00e4n Ruotsin toimivaltaisissa tuomioistuimissa.<\/p>\n<p><!-- \/wp:paragraph --><!-- wp:paragraph --><\/p>\n<p>Elusive Data, osa Collara Works AB:t\u00e4 Org.nro: 559471-1482.<\/p>\n<p><!-- \/wp:paragraph --><\/p>\t\t\t\t\t\t\t\t<\/div>\n\t\t\t\t<\/div>\n\t\t\t\t<\/div>\n\t\t\t\t<\/div>\n\t\t\t\t<div class=\"elementor-element elementor-element-36ff5d1b elementor-widget elementor-widget-text-editor\" data-id=\"36ff5d1b\" data-element_type=\"widget\" data-e-type=\"widget\" data-widget_type=\"text-editor.default\">\n\t\t\t\t<div class=\"elementor-widget-container\">\n\t\t\t\t\t\t\t\t\t<!-- wp:paragraph -->\n<p><strong>Yleiset ehdot digitaalisten kurssien ostamiseen Elusive Datalta<\/strong><\/p>\n<!-- \/wp:paragraph --><!-- wp:paragraph -->\n<p><strong>1. Tuote<\/strong><br \/>Kun teet ostoksen meilt\u00e4, ostat p\u00e4\u00e4syn verkkokurssille, joka toimitetaan digitaalisen oppimisalustamme kautta.<\/p>\n<!-- \/wp:paragraph --><!-- wp:paragraph -->\n<p><strong>2. Toimitus<\/strong><br \/>P\u00e4\u00e4sy kurssin sis\u00e4lt\u00f6\u00f6n my\u00f6nnet\u00e4\u00e4n v\u00e4litt\u00f6m\u00e4sti onnistuneen oston ja maksun j\u00e4lkeen. Vahvistuss\u00e4hk\u00f6posti, jossa on kirjautumistiedot ja ohjeet, l\u00e4hetet\u00e4\u00e4n automaattisesti.<\/p>\n<!-- \/wp:paragraph --><!-- wp:paragraph -->\n<p><strong>3. Peruuttamisoikeus<\/strong><br \/>Koska kyseess\u00e4 on digitaalinen tuote, johon on v\u00e4lit\u00f6n p\u00e4\u00e4sy, peruuttamisoikeutta ei sovelleta EU:n kuluttajalains\u00e4\u00e4d\u00e4nn\u00f6n mukaisesti (direktiivi 2011\/83\/EU, 16 artikla).<\/p>\n<!-- \/wp:paragraph --><!-- wp:paragraph -->\n<p><strong>4. Maksu<\/strong><br \/>Maksut k\u00e4sitell\u00e4\u00e4n hyv\u00e4ksyttyjen maksupalveluntarjoajiemme kautta (esim. Stripe, Klarna, PayPal). Kaikki hinnat ilmoitetaan valitussa valuutassa, ja ne sis\u00e4lt\u00e4v\u00e4t arvonlis\u00e4veron, jos se on mahdollista.<\/p>\n<!-- \/wp:paragraph --><!-- wp:paragraph -->\n<p><strong>5. K\u00e4ytt\u00e4j\u00e4n ehdot<\/strong><br \/>Et saa jakaa kirjautumistietojasi tai jakaa kurssimateriaalia. Kaikki sis\u00e4lt\u00f6 on tekij\u00e4noikeussuojattua, eik\u00e4 sit\u00e4 saa kopioida tai levitt\u00e4\u00e4.<\/p>\n<!-- \/wp:paragraph --><!-- wp:paragraph -->\n<p><strong>6. Tuki<\/strong><br \/>Jos sinulla on teknisi\u00e4 ongelmia tai kysymyksi\u00e4 kurssista, ota yhteytt\u00e4 tukitiimiimme osoitteessa contact@elusivedata.io.<\/p>\n<!-- \/wp:paragraph --><!-- wp:paragraph -->\n<p><strong>7. Riidat<\/strong><br \/>Kaikkiin riitoihin sovelletaan Ruotsin lakia, ja ne k\u00e4sitell\u00e4\u00e4n Ruotsin toimivaltaisissa tuomioistuimissa.<\/p>\n<!-- \/wp:paragraph --><!-- wp:paragraph -->\n<p>Elusive Data, osa Collara Works AB:t\u00e4 Org.nro: 559471-1482.<\/p>\n<!-- \/wp:paragraph -->\t\t\t\t\t\t\t\t<\/div>\n\t\t\t\t<\/div>\n\t\t\t\t\t<\/div>\n\t\t\t\t<\/div>\n\t\t\t\t<\/div>","protected":false},"excerpt":{"rendered":"<p>General Terms &amp; Conditions for Purchasing Digital Courses from Elusive Data 1. Product When you make a purchase from us, you are buying access to an online course delivered through our digital learning platform. 2. Delivery Access to the course content is granted immediately after a successful purchase and payment. A confirmation email with login [&hellip;]<\/p>\n","protected":false},"author":1,"featured_media":0,"parent":0,"menu_order":0,"comment_status":"closed","ping_status":"closed","template":"","meta":{"content-type":"","footnotes":""},"class_list":["post-9386","page","type-page","status-publish","hentry"],"acf":[],"yoast_head":"<!-- This site is optimized with the Yoast SEO Premium plugin v27.3 (Yoast SEO v27.3) - https:\/\/yoast.com\/product\/yoast-seo-premium-wordpress\/ -->\n<title>Terms &amp; Conditions | Elusive Data<\/title>\n<meta name=\"description\" content=\"Read the Elusive Data terms and conditions for training, tools, and digital forensics services.\" \/>\n<meta name=\"robots\" content=\"index, nofollow, max-snippet:-1, max-image-preview:large, max-video-preview:-1\" \/>\n<link rel=\"canonical\" href=\"https:\/\/elusivedata.io\/fi\/terms-conditions\/\" \/>\n<meta property=\"og:locale\" content=\"fi_FI\" \/>\n<meta property=\"og:type\" content=\"article\" \/>\n<meta property=\"og:title\" content=\"Terms &amp; Conditions\" \/>\n<meta property=\"og:description\" content=\"Read the Elusive Data terms and conditions for training, tools, and digital forensics services.\" \/>\n<meta property=\"og:url\" content=\"https:\/\/elusivedata.io\/fi\/terms-conditions\/\" \/>\n<meta property=\"og:site_name\" content=\"Elusive Data\" \/>\n<meta property=\"article:modified_time\" content=\"2026-03-18T21:34:07+00:00\" \/>\n<meta name=\"twitter:card\" content=\"summary_large_image\" \/>\n<meta name=\"twitter:label1\" content=\"Arvioitu lukuaika\" \/>\n\t<meta name=\"twitter:data1\" content=\"2 minuuttia\" \/>\n<script type=\"application\/ld+json\" class=\"yoast-schema-graph\">{\"@context\":\"https:\\\/\\\/schema.org\",\"@graph\":[{\"@type\":\"WebPage\",\"@id\":\"https:\\\/\\\/elusivedata.io\\\/terms-conditions\\\/\",\"url\":\"https:\\\/\\\/elusivedata.io\\\/terms-conditions\\\/\",\"name\":\"Terms & Conditions | Elusive Data\",\"isPartOf\":{\"@id\":\"https:\\\/\\\/elusivedata.io\\\/#website\"},\"datePublished\":\"2025-06-15T13:39:51+00:00\",\"dateModified\":\"2026-03-18T21:34:07+00:00\",\"description\":\"Read the Elusive Data terms and conditions for training, tools, and digital forensics services.\",\"breadcrumb\":{\"@id\":\"https:\\\/\\\/elusivedata.io\\\/terms-conditions\\\/#breadcrumb\"},\"inLanguage\":\"fi\",\"potentialAction\":[{\"@type\":\"ReadAction\",\"target\":[\"https:\\\/\\\/elusivedata.io\\\/terms-conditions\\\/\"]}]},{\"@type\":\"BreadcrumbList\",\"@id\":\"https:\\\/\\\/elusivedata.io\\\/terms-conditions\\\/#breadcrumb\",\"itemListElement\":[{\"@type\":\"ListItem\",\"position\":1,\"name\":\"Home\",\"item\":\"https:\\\/\\\/elusivedata.io\\\/\"},{\"@type\":\"ListItem\",\"position\":2,\"name\":\"Terms &amp; Conditions\"}]},{\"@type\":\"WebSite\",\"@id\":\"https:\\\/\\\/elusivedata.io\\\/#website\",\"url\":\"https:\\\/\\\/elusivedata.io\\\/\",\"name\":\"ElusiveData\",\"description\":\"Excellence in Digital Forensics Training and Consulting\",\"publisher\":{\"@id\":\"https:\\\/\\\/elusivedata.io\\\/#organization\"},\"potentialAction\":[{\"@type\":\"SearchAction\",\"target\":{\"@type\":\"EntryPoint\",\"urlTemplate\":\"https:\\\/\\\/elusivedata.io\\\/?s={search_term_string}\"},\"query-input\":{\"@type\":\"PropertyValueSpecification\",\"valueRequired\":true,\"valueName\":\"search_term_string\"}}],\"inLanguage\":\"fi\"},{\"@type\":\"Organization\",\"@id\":\"https:\\\/\\\/elusivedata.io\\\/#organization\",\"name\":\"ElusiveData\",\"url\":\"https:\\\/\\\/elusivedata.io\\\/\",\"logo\":{\"@type\":\"ImageObject\",\"inLanguage\":\"fi\",\"@id\":\"https:\\\/\\\/elusivedata.io\\\/#\\\/schema\\\/logo\\\/image\\\/\",\"url\":\"https:\\\/\\\/elusivedata.io\\\/wp-content\\\/uploads\\\/2024\\\/11\\\/Asset-3_2x-scaled.png\",\"contentUrl\":\"https:\\\/\\\/elusivedata.io\\\/wp-content\\\/uploads\\\/2024\\\/11\\\/Asset-3_2x-scaled.png\",\"width\":2560,\"height\":370,\"caption\":\"ElusiveData\"},\"image\":{\"@id\":\"https:\\\/\\\/elusivedata.io\\\/#\\\/schema\\\/logo\\\/image\\\/\"},\"sameAs\":[\"https:\\\/\\\/www.youtube.com\\\/@elusivedata\"]}]}<\/script>\n<!-- \/ Yoast SEO Premium plugin. -->","yoast_head_json":{"title":"Terms & Conditions | Elusive Data","description":"Read the Elusive Data terms and conditions for training, tools, and digital forensics services.","robots":{"index":"index","follow":"nofollow","max-snippet":"max-snippet:-1","max-image-preview":"max-image-preview:large","max-video-preview":"max-video-preview:-1"},"canonical":"https:\/\/elusivedata.io\/fi\/terms-conditions\/","og_locale":"fi_FI","og_type":"article","og_title":"Terms &amp; Conditions","og_description":"Read the Elusive Data terms and conditions for training, tools, and digital forensics services.","og_url":"https:\/\/elusivedata.io\/fi\/terms-conditions\/","og_site_name":"Elusive Data","article_modified_time":"2026-03-18T21:34:07+00:00","twitter_card":"summary_large_image","twitter_misc":{"Arvioitu lukuaika":"2 minuuttia"},"schema":{"@context":"https:\/\/schema.org","@graph":[{"@type":"WebPage","@id":"https:\/\/elusivedata.io\/terms-conditions\/","url":"https:\/\/elusivedata.io\/terms-conditions\/","name":"Terms & Conditions | Elusive Data","isPartOf":{"@id":"https:\/\/elusivedata.io\/#website"},"datePublished":"2025-06-15T13:39:51+00:00","dateModified":"2026-03-18T21:34:07+00:00","description":"Read the Elusive Data terms and conditions for training, tools, and digital forensics services.","breadcrumb":{"@id":"https:\/\/elusivedata.io\/terms-conditions\/#breadcrumb"},"inLanguage":"fi","potentialAction":[{"@type":"ReadAction","target":["https:\/\/elusivedata.io\/terms-conditions\/"]}]},{"@type":"BreadcrumbList","@id":"https:\/\/elusivedata.io\/terms-conditions\/#breadcrumb","itemListElement":[{"@type":"ListItem","position":1,"name":"Home","item":"https:\/\/elusivedata.io\/"},{"@type":"ListItem","position":2,"name":"Terms &amp; Conditions"}]},{"@type":"WebSite","@id":"https:\/\/elusivedata.io\/#website","url":"https:\/\/elusivedata.io\/","name":"ElusiveData","description":"Huippuosaamista digitaalisen rikostekniikan koulutuksessa ja konsultoinnissa","publisher":{"@id":"https:\/\/elusivedata.io\/#organization"},"potentialAction":[{"@type":"SearchAction","target":{"@type":"EntryPoint","urlTemplate":"https:\/\/elusivedata.io\/?s={search_term_string}"},"query-input":{"@type":"PropertyValueSpecification","valueRequired":true,"valueName":"search_term_string"}}],"inLanguage":"fi"},{"@type":"Organization","@id":"https:\/\/elusivedata.io\/#organization","name":"ElusiveData","url":"https:\/\/elusivedata.io\/","logo":{"@type":"ImageObject","inLanguage":"fi","@id":"https:\/\/elusivedata.io\/#\/schema\/logo\/image\/","url":"https:\/\/elusivedata.io\/wp-content\/uploads\/2024\/11\/Asset-3_2x-scaled.png","contentUrl":"https:\/\/elusivedata.io\/wp-content\/uploads\/2024\/11\/Asset-3_2x-scaled.png","width":2560,"height":370,"caption":"ElusiveData"},"image":{"@id":"https:\/\/elusivedata.io\/#\/schema\/logo\/image\/"},"sameAs":["https:\/\/www.youtube.com\/@elusivedata"]}]}},"_links":{"self":[{"href":"https:\/\/elusivedata.io\/fi\/wp-json\/wp\/v2\/pages\/9386","targetHints":{"allow":["GET"]}}],"collection":[{"href":"https:\/\/elusivedata.io\/fi\/wp-json\/wp\/v2\/pages"}],"about":[{"href":"https:\/\/elusivedata.io\/fi\/wp-json\/wp\/v2\/types\/page"}],"author":[{"embeddable":true,"href":"https:\/\/elusivedata.io\/fi\/wp-json\/wp\/v2\/users\/1"}],"replies":[{"embeddable":true,"href":"https:\/\/elusivedata.io\/fi\/wp-json\/wp\/v2\/comments?post=9386"}],"version-history":[{"count":7,"href":"https:\/\/elusivedata.io\/fi\/wp-json\/wp\/v2\/pages\/9386\/revisions"}],"predecessor-version":[{"id":13743,"href":"https:\/\/elusivedata.io\/fi\/wp-json\/wp\/v2\/pages\/9386\/revisions\/13743"}],"wp:attachment":[{"href":"https:\/\/elusivedata.io\/fi\/wp-json\/wp\/v2\/media?parent=9386"}],"curies":[{"name":"wp","href":"https:\/\/api.w.org\/{rel}","templated":true}]}}