{"id":8875,"date":"2025-06-17T08:15:46","date_gmt":"2025-06-17T08:15:46","guid":{"rendered":"https:\/\/elusivedata.io\/?post_type=product&#038;p=8875"},"modified":"2025-06-24T06:31:54","modified_gmt":"2025-06-24T06:31:54","slug":"mission-darkness-dry-shield-faraday-tote-15l","status":"publish","type":"product","link":"https:\/\/elusivedata.io\/es\/product\/mission-darkness-dry-shield-faraday-tote-15l\/","title":{"rendered":"Mission Darkness\u2122 Escudo seco Faraday Tote 15L"},"content":{"rendered":"<div id=\"s-4cc45054-e3da-4e94-bf83-a31c14a7aa6b\" class=\"shg-c shg-align-left\">\n<div class=\"shogun-heading-component\">\n<h3 >DRY SHIELD FARADAY TOTE 15L - Resistente a la intemperie, al agua y a las se\u00f1ales<\/h3>\n<\/div>\n<\/div>\n<div id=\"s-79e2236c-717c-409c-bfc5-d889f2450661\" class=\"shg-c\">\n<div class=\"shg-rich-text shg-theme-text-content\">\n<p >La bolsa Mission Darkness\u2122 Dry Shield Faraday Tote 15L bloquea por completo todas las se\u00f1ales inal\u00e1mbricas y mantiene protegidos los dispositivos electr\u00f3nicos de tama\u00f1o medio para evitar la pirater\u00eda, el rastreo, el espionaje y la corrupci\u00f3n de la cadena de custodia. Cuando un dispositivo est\u00e1 correctamente encerrado en la bolsa, ninguna aplicaci\u00f3n o c\u00f3digo malicioso puede ser activado o borrado de forma remota, ninguna comunicaci\u00f3n puede penetrar, y nadie puede acceder al micr\u00f3fono, c\u00e1mara, localizaci\u00f3n GPS o datos. Sus usos principales son la recogida de pruebas forenses para las fuerzas de seguridad y el ej\u00e9rcito, la defensa contra el robo de datos, la seguridad personal, la protecci\u00f3n contra el EMP, la reducci\u00f3n de la radiaci\u00f3n EMF y la mejora de la privacidad digital.<\/p>\n<p >La bolsa est\u00e1 fabricada con un material resistente e impermeable\u00a0<span class=\"a-list-item\">Material exterior de PVC 500D\u00a0<\/span>y dos capas de alto blindaje\u00a0<a href=\"https:\/\/mosequipment.com\/collections\/faraday-supplies\/products\/titanrf-faraday-fabric\" target=\"_blank\" rel=\"noopener\">Tejido Faraday TitanRF<\/a>\u00a0en todos los lados interiores con construcci\u00f3n de doble costura emparejada. Incluye una correa ajustable y desmontable para llevarla colgada del hombro o sujeta a estructuras. En el amplio espacio interior caben f\u00e1cilmente varios port\u00e1tiles, radios, tel\u00e9fonos m\u00f3viles, tabletas y accesorios. Un bolsillo impermeable con cremallera sin protecci\u00f3n en el exterior permite mantener accesibles y en l\u00ednea los objetos o dispositivos peque\u00f1os de uso frecuente (como tel\u00e9fonos m\u00f3viles) cuando sea necesario, y tambi\u00e9n sirve como compartimento para la marca de la agencia. Los aparatos electr\u00f3nicos que se guardan en el interior est\u00e1n garantizados para permanecer secos y desconectados en cualquier lugar rodeado de agua.<\/p>\n<\/div>\n<\/div>","protected":false},"excerpt":{"rendered":"<p class=\"ai-optimize-46\">La bolsa Mission Darkness\u2122 Dry Shield Faraday Tote 15L bloquea por completo todas las se\u00f1ales inal\u00e1mbricas y mantiene protegidos los dispositivos electr\u00f3nicos de tama\u00f1o medio para evitar la pirater\u00eda, el rastreo, el espionaje y la corrupci\u00f3n de la cadena de custodia. Cuando un dispositivo est\u00e1 correctamente encerrado en la bolsa, ninguna aplicaci\u00f3n o c\u00f3digo malicioso puede ser activado o borrado de forma remota, ninguna comunicaci\u00f3n puede penetrar, y nadie puede acceder al micr\u00f3fono, c\u00e1mara, localizaci\u00f3n GPS o datos. Sus usos principales son la recogida de pruebas forenses para las fuerzas de seguridad y el ej\u00e9rcito, la defensa contra el robo de datos, la seguridad personal, la protecci\u00f3n contra el EMP, la reducci\u00f3n de la radiaci\u00f3n EMF y la mejora de la privacidad digital.<\/p>","protected":false},"featured_media":8876,"template":"","meta":{"content-type":""},"product_brand":[],"product_cat":[108],"product_tag":[],"class_list":{"0":"post-8875","1":"product","2":"type-product","3":"status-publish","4":"has-post-thumbnail","6":"product_cat-future-physical-products","8":"first","9":"instock","10":"taxable","11":"shipping-taxable","12":"product-type-simple"},"acf":[],"yoast_head":"<!-- This site is optimized with the Yoast SEO Premium plugin v27.3 (Yoast SEO v27.3) - https:\/\/yoast.com\/product\/yoast-seo-premium-wordpress\/ -->\n<title>Mission Darkness\u2122 Dry Shield Faraday Tote 15L - Elusive Data<\/title>\n<meta name=\"robots\" content=\"index, follow, max-snippet:-1, max-image-preview:large, max-video-preview:-1\" \/>\n<link rel=\"canonical\" href=\"https:\/\/elusivedata.io\/es\/producto\/mission-darkness-dry-shield-faraday-tote-15l\/\" \/>\n<meta property=\"og:locale\" content=\"es_ES\" \/>\n<meta property=\"og:type\" content=\"article\" \/>\n<meta property=\"og:title\" content=\"Mission Darkness\u2122 Dry Shield Faraday Tote 15L\" \/>\n<meta property=\"og:description\" content=\"The Mission Darkness\u2122 Dry Shield Faraday Tote 15L completely blocks all wireless signals and keeps midsize electronic devices shielded to prevent hacking, tracking, spying, and chain of custody corruption. When a device is properly enclosed in the bag, no apps or malicious code can be remotely triggered or wiped, no communication can penetrate, and no one can access the microphone, camera, GPS location, or data. Primary uses are for law enforcement and military forensic evidence collection, defense against data theft, personal security, EMP protection, EMF radiation reduction, and to enhance digital privacy.\" \/>\n<meta property=\"og:url\" content=\"https:\/\/elusivedata.io\/es\/producto\/mission-darkness-dry-shield-faraday-tote-15l\/\" \/>\n<meta property=\"og:site_name\" content=\"Elusive Data\" \/>\n<meta property=\"article:modified_time\" content=\"2025-06-24T06:31:54+00:00\" \/>\n<meta property=\"og:image\" content=\"https:\/\/elusivedata.io\/wp-content\/uploads\/2025\/06\/DSC02508_480x480.webp\" \/>\n\t<meta property=\"og:image:width\" content=\"480\" \/>\n\t<meta property=\"og:image:height\" content=\"480\" \/>\n\t<meta property=\"og:image:type\" content=\"image\/webp\" \/>\n<meta name=\"twitter:card\" content=\"summary_large_image\" \/>\n<meta name=\"twitter:label1\" content=\"Tiempo de lectura\" \/>\n\t<meta name=\"twitter:data1\" content=\"2 minutos\" \/>\n<script type=\"application\/ld+json\" class=\"yoast-schema-graph\">{\"@context\":\"https:\\\/\\\/schema.org\",\"@graph\":[{\"@type\":\"WebPage\",\"@id\":\"https:\\\/\\\/elusivedata.io\\\/product\\\/mission-darkness-dry-shield-faraday-tote-15l\\\/\",\"url\":\"https:\\\/\\\/elusivedata.io\\\/product\\\/mission-darkness-dry-shield-faraday-tote-15l\\\/\",\"name\":\"Mission Darkness\u2122 Dry Shield Faraday Tote 15L - Elusive Data\",\"isPartOf\":{\"@id\":\"https:\\\/\\\/elusivedata.io\\\/#website\"},\"primaryImageOfPage\":{\"@id\":\"https:\\\/\\\/elusivedata.io\\\/product\\\/mission-darkness-dry-shield-faraday-tote-15l\\\/#primaryimage\"},\"image\":{\"@id\":\"https:\\\/\\\/elusivedata.io\\\/product\\\/mission-darkness-dry-shield-faraday-tote-15l\\\/#primaryimage\"},\"thumbnailUrl\":\"https:\\\/\\\/elusivedata.io\\\/wp-content\\\/uploads\\\/2025\\\/06\\\/DSC02508_480x480.webp\",\"datePublished\":\"2025-06-17T08:15:46+00:00\",\"dateModified\":\"2025-06-24T06:31:54+00:00\",\"breadcrumb\":{\"@id\":\"https:\\\/\\\/elusivedata.io\\\/product\\\/mission-darkness-dry-shield-faraday-tote-15l\\\/#breadcrumb\"},\"inLanguage\":\"es\",\"potentialAction\":[{\"@type\":\"ReadAction\",\"target\":[\"https:\\\/\\\/elusivedata.io\\\/product\\\/mission-darkness-dry-shield-faraday-tote-15l\\\/\"]}]},{\"@type\":\"ImageObject\",\"inLanguage\":\"es\",\"@id\":\"https:\\\/\\\/elusivedata.io\\\/product\\\/mission-darkness-dry-shield-faraday-tote-15l\\\/#primaryimage\",\"url\":\"https:\\\/\\\/elusivedata.io\\\/wp-content\\\/uploads\\\/2025\\\/06\\\/DSC02508_480x480.webp\",\"contentUrl\":\"https:\\\/\\\/elusivedata.io\\\/wp-content\\\/uploads\\\/2025\\\/06\\\/DSC02508_480x480.webp\",\"width\":480,\"height\":480,\"caption\":\"Mission Darkness Faraday product detail \u2014 signal-blocking pouch for forensic evidence\"},{\"@type\":\"BreadcrumbList\",\"@id\":\"https:\\\/\\\/elusivedata.io\\\/product\\\/mission-darkness-dry-shield-faraday-tote-15l\\\/#breadcrumb\",\"itemListElement\":[{\"@type\":\"ListItem\",\"position\":1,\"name\":\"Home\",\"item\":\"https:\\\/\\\/elusivedata.io\\\/\"},{\"@type\":\"ListItem\",\"position\":2,\"name\":\"Products\",\"item\":\"https:\\\/\\\/elusivedata.io\\\/shop\\\/\"},{\"@type\":\"ListItem\",\"position\":3,\"name\":\"Mission Darkness\u2122 Dry Shield Faraday Tote 15L\"}]},{\"@type\":\"WebSite\",\"@id\":\"https:\\\/\\\/elusivedata.io\\\/#website\",\"url\":\"https:\\\/\\\/elusivedata.io\\\/\",\"name\":\"ElusiveData\",\"description\":\"Excellence in Digital Forensics Training and Consulting\",\"publisher\":{\"@id\":\"https:\\\/\\\/elusivedata.io\\\/#organization\"},\"potentialAction\":[{\"@type\":\"SearchAction\",\"target\":{\"@type\":\"EntryPoint\",\"urlTemplate\":\"https:\\\/\\\/elusivedata.io\\\/?s={search_term_string}\"},\"query-input\":{\"@type\":\"PropertyValueSpecification\",\"valueRequired\":true,\"valueName\":\"search_term_string\"}}],\"inLanguage\":\"es\"},{\"@type\":\"Organization\",\"@id\":\"https:\\\/\\\/elusivedata.io\\\/#organization\",\"name\":\"ElusiveData\",\"url\":\"https:\\\/\\\/elusivedata.io\\\/\",\"logo\":{\"@type\":\"ImageObject\",\"inLanguage\":\"es\",\"@id\":\"https:\\\/\\\/elusivedata.io\\\/#\\\/schema\\\/logo\\\/image\\\/\",\"url\":\"https:\\\/\\\/elusivedata.io\\\/wp-content\\\/uploads\\\/2024\\\/11\\\/Asset-3_2x-scaled.png\",\"contentUrl\":\"https:\\\/\\\/elusivedata.io\\\/wp-content\\\/uploads\\\/2024\\\/11\\\/Asset-3_2x-scaled.png\",\"width\":2560,\"height\":370,\"caption\":\"ElusiveData\"},\"image\":{\"@id\":\"https:\\\/\\\/elusivedata.io\\\/#\\\/schema\\\/logo\\\/image\\\/\"},\"sameAs\":[\"https:\\\/\\\/www.youtube.com\\\/@elusivedata\"]}]}<\/script>\n<!-- \/ Yoast SEO Premium plugin. -->","yoast_head_json":{"title":"Mission Darkness\u2122 Dry Shield Faraday Tote 15L - Elusive Data","robots":{"index":"index","follow":"follow","max-snippet":"max-snippet:-1","max-image-preview":"max-image-preview:large","max-video-preview":"max-video-preview:-1"},"canonical":"https:\/\/elusivedata.io\/es\/producto\/mission-darkness-dry-shield-faraday-tote-15l\/","og_locale":"es_ES","og_type":"article","og_title":"Mission Darkness\u2122 Dry Shield Faraday Tote 15L","og_description":"The Mission Darkness\u2122 Dry Shield Faraday Tote 15L completely blocks all wireless signals and keeps midsize electronic devices shielded to prevent hacking, tracking, spying, and chain of custody corruption. When a device is properly enclosed in the bag, no apps or malicious code can be remotely triggered or wiped, no communication can penetrate, and no one can access the microphone, camera, GPS location, or data. Primary uses are for law enforcement and military forensic evidence collection, defense against data theft, personal security, EMP protection, EMF radiation reduction, and to enhance digital privacy.","og_url":"https:\/\/elusivedata.io\/es\/producto\/mission-darkness-dry-shield-faraday-tote-15l\/","og_site_name":"Elusive Data","article_modified_time":"2025-06-24T06:31:54+00:00","og_image":[{"width":480,"height":480,"url":"https:\/\/elusivedata.io\/wp-content\/uploads\/2025\/06\/DSC02508_480x480.webp","type":"image\/webp"}],"twitter_card":"summary_large_image","twitter_misc":{"Tiempo de lectura":"2 minutos"},"schema":{"@context":"https:\/\/schema.org","@graph":[{"@type":"WebPage","@id":"https:\/\/elusivedata.io\/product\/mission-darkness-dry-shield-faraday-tote-15l\/","url":"https:\/\/elusivedata.io\/product\/mission-darkness-dry-shield-faraday-tote-15l\/","name":"Mission Darkness\u2122 Dry Shield Faraday Tote 15L - Elusive Data","isPartOf":{"@id":"https:\/\/elusivedata.io\/#website"},"primaryImageOfPage":{"@id":"https:\/\/elusivedata.io\/product\/mission-darkness-dry-shield-faraday-tote-15l\/#primaryimage"},"image":{"@id":"https:\/\/elusivedata.io\/product\/mission-darkness-dry-shield-faraday-tote-15l\/#primaryimage"},"thumbnailUrl":"https:\/\/elusivedata.io\/wp-content\/uploads\/2025\/06\/DSC02508_480x480.webp","datePublished":"2025-06-17T08:15:46+00:00","dateModified":"2025-06-24T06:31:54+00:00","breadcrumb":{"@id":"https:\/\/elusivedata.io\/product\/mission-darkness-dry-shield-faraday-tote-15l\/#breadcrumb"},"inLanguage":"es","potentialAction":[{"@type":"ReadAction","target":["https:\/\/elusivedata.io\/product\/mission-darkness-dry-shield-faraday-tote-15l\/"]}]},{"@type":"ImageObject","inLanguage":"es","@id":"https:\/\/elusivedata.io\/product\/mission-darkness-dry-shield-faraday-tote-15l\/#primaryimage","url":"https:\/\/elusivedata.io\/wp-content\/uploads\/2025\/06\/DSC02508_480x480.webp","contentUrl":"https:\/\/elusivedata.io\/wp-content\/uploads\/2025\/06\/DSC02508_480x480.webp","width":480,"height":480,"caption":"Mission Darkness Faraday product detail \u2014 signal-blocking pouch for forensic evidence"},{"@type":"BreadcrumbList","@id":"https:\/\/elusivedata.io\/product\/mission-darkness-dry-shield-faraday-tote-15l\/#breadcrumb","itemListElement":[{"@type":"ListItem","position":1,"name":"Home","item":"https:\/\/elusivedata.io\/"},{"@type":"ListItem","position":2,"name":"Products","item":"https:\/\/elusivedata.io\/shop\/"},{"@type":"ListItem","position":3,"name":"Mission Darkness\u2122 Dry Shield Faraday Tote 15L"}]},{"@type":"WebSite","@id":"https:\/\/elusivedata.io\/#website","url":"https:\/\/elusivedata.io\/","name":"ElusiveData","description":"Excelencia en formaci\u00f3n y consultor\u00eda forense digital","publisher":{"@id":"https:\/\/elusivedata.io\/#organization"},"potentialAction":[{"@type":"SearchAction","target":{"@type":"EntryPoint","urlTemplate":"https:\/\/elusivedata.io\/?s={search_term_string}"},"query-input":{"@type":"PropertyValueSpecification","valueRequired":true,"valueName":"search_term_string"}}],"inLanguage":"es"},{"@type":"Organization","@id":"https:\/\/elusivedata.io\/#organization","name":"ElusiveData","url":"https:\/\/elusivedata.io\/","logo":{"@type":"ImageObject","inLanguage":"es","@id":"https:\/\/elusivedata.io\/#\/schema\/logo\/image\/","url":"https:\/\/elusivedata.io\/wp-content\/uploads\/2024\/11\/Asset-3_2x-scaled.png","contentUrl":"https:\/\/elusivedata.io\/wp-content\/uploads\/2024\/11\/Asset-3_2x-scaled.png","width":2560,"height":370,"caption":"ElusiveData"},"image":{"@id":"https:\/\/elusivedata.io\/#\/schema\/logo\/image\/"},"sameAs":["https:\/\/www.youtube.com\/@elusivedata"]}]}},"_links":{"self":[{"href":"https:\/\/elusivedata.io\/es\/wp-json\/wp\/v2\/product\/8875","targetHints":{"allow":["GET"]}}],"collection":[{"href":"https:\/\/elusivedata.io\/es\/wp-json\/wp\/v2\/product"}],"about":[{"href":"https:\/\/elusivedata.io\/es\/wp-json\/wp\/v2\/types\/product"}],"version-history":[{"count":2,"href":"https:\/\/elusivedata.io\/es\/wp-json\/wp\/v2\/product\/8875\/revisions"}],"predecessor-version":[{"id":10131,"href":"https:\/\/elusivedata.io\/es\/wp-json\/wp\/v2\/product\/8875\/revisions\/10131"}],"wp:featuredmedia":[{"embeddable":true,"href":"https:\/\/elusivedata.io\/es\/wp-json\/wp\/v2\/media\/8876"}],"wp:attachment":[{"href":"https:\/\/elusivedata.io\/es\/wp-json\/wp\/v2\/media?parent=8875"}],"wp:term":[{"taxonomy":"product_brand","embeddable":true,"href":"https:\/\/elusivedata.io\/es\/wp-json\/wp\/v2\/product_brand?post=8875"},{"taxonomy":"product_cat","embeddable":true,"href":"https:\/\/elusivedata.io\/es\/wp-json\/wp\/v2\/product_cat?post=8875"},{"taxonomy":"product_tag","embeddable":true,"href":"https:\/\/elusivedata.io\/es\/wp-json\/wp\/v2\/product_tag?post=8875"}],"curies":[{"name":"wp","href":"https:\/\/api.w.org\/{rel}","templated":true}]}}