{"id":8857,"date":"2025-06-17T08:15:49","date_gmt":"2025-06-17T08:15:49","guid":{"rendered":"https:\/\/elusivedata.io\/?post_type=product&#038;p=8857"},"modified":"2025-06-24T06:31:23","modified_gmt":"2025-06-24T06:31:23","slug":"mission-darkness-bolsa-faraday-sin-ventana-para-telefonos-2","status":"publish","type":"product","link":"https:\/\/elusivedata.io\/es\/product\/mission-darkness-non-window-faraday-bag-for-phones-2\/","title":{"rendered":"Mission Darkness\u2122 Bolsa Faraday sin ventana para tel\u00e9fonos"},"content":{"rendered":"<p >La bolsa de Faraday sin ventana Mission Darkness\u2122 para tel\u00e9fonos bloquea por completo todas las se\u00f1ales inal\u00e1mbricas y mantiene protegidos los dispositivos electr\u00f3nicos peque\u00f1os para evitar la pirater\u00eda, el rastreo, el espionaje y la corrupci\u00f3n de la cadena de custodia. Cuando un tel\u00e9fono m\u00f3vil est\u00e1 correctamente encerrado en la bolsa, ninguna aplicaci\u00f3n o c\u00f3digo malicioso puede ser activado o borrado de forma remota, ninguna comunicaci\u00f3n puede penetrar, y nadie puede acceder al micr\u00f3fono, c\u00e1mara, localizaci\u00f3n GPS o datos. Sus principales usos son la recogida de pruebas forenses para las fuerzas de seguridad y el ej\u00e9rcito, la defensa contra el robo de datos, la seguridad personal, la protecci\u00f3n contra el EMP, la reducci\u00f3n de la radiaci\u00f3n EMF y la mejora de la privacidad digital.<\/p>","protected":false},"excerpt":{"rendered":"<p class=\"ai-optimize-48\"><span data-fontfamily=\"Open Sans\">La bolsa de Faraday sin ventana Mission Darkness\u2122 para tel\u00e9fonos bloquea por completo todas las se\u00f1ales inal\u00e1mbricas y mantiene protegidos los dispositivos electr\u00f3nicos peque\u00f1os para evitar la pirater\u00eda, el rastreo, el espionaje y la corrupci\u00f3n de la cadena de custodia. Cuando un tel\u00e9fono m\u00f3vil est\u00e1 correctamente encerrado en la bolsa, ninguna aplicaci\u00f3n o c\u00f3digo malicioso puede ser activado o borrado de forma remota, ninguna comunicaci\u00f3n puede penetrar, y nadie puede acceder al micr\u00f3fono, c\u00e1mara, localizaci\u00f3n GPS o datos. Sus principales usos son la recogida de pruebas forenses para las fuerzas de seguridad y el ej\u00e9rcito, la defensa contra el robo de datos, la seguridad personal, la protecci\u00f3n contra el EMP, la reducci\u00f3n de la radiaci\u00f3n EMF y la mejora de la privacidad digital.<\/span><\/p>\n<p class=\"a-spacing-base ai-optimize-49\"><span data-fontfamily=\"Open Sans\">La bolsa est\u00e1 fabricada con un material exterior de nailon bal\u00edstico duradero y resistente al agua para garantizar que los dispositivos y el tejido Faraday permanezcan secos y protegidos. El interior incluye dos capas de alto blindaje\u00a0<a href=\"https:\/\/mosequipment.com\/collections\/faraday-supplies\/products\/titanrf-faraday-fabric\">Tejido Faraday TitanRF<\/a>\u00a0en todos los lados con construcci\u00f3n de doble costura emparejada. La bolsa bloquear\u00e1 todas las se\u00f1ales inal\u00e1mbricas, como WiFi (2,4 y 5 GHz), Bluetooth, se\u00f1ales celulares, incluidas las redes 5G, GPS, RFID, NFC y se\u00f1ales de radio de baja MHz a 40 GHz. Otras caracter\u00edsticas del producto son el doble rollo con cierre de velcro, el n\u00famero de serie \u00fanico y el bolsillo transparente para la marca.<\/span><\/p>\n<p class=\"a-spacing-base ai-optimize-50\"><span data-fontfamily=\"Open Sans\">La bolsa suele utilizarse para proteger tel\u00e9fonos m\u00f3viles, pasaportes, unidades GPS, transpondedores, radios bidireccionales, llaveros, relojes inteligentes y aparatos electr\u00f3nicos de tama\u00f1o similar.<\/span><\/p>","protected":false},"featured_media":8861,"template":"","meta":{"content-type":""},"product_brand":[],"product_cat":[108],"product_tag":[],"class_list":{"0":"post-8857","1":"product","2":"type-product","3":"status-publish","4":"has-post-thumbnail","6":"product_cat-future-physical-products","8":"first","9":"instock","10":"taxable","11":"shipping-taxable","12":"product-type-simple"},"acf":[],"yoast_head":"<!-- This site is optimized with the Yoast SEO Premium plugin v27.3 (Yoast SEO v27.3) - https:\/\/yoast.com\/product\/yoast-seo-premium-wordpress\/ -->\n<title>Mission Darkness\u2122 Non-Window Faraday Bag for Phones - Elusive Data<\/title>\n<meta name=\"robots\" content=\"index, follow, max-snippet:-1, max-image-preview:large, max-video-preview:-1\" \/>\n<link rel=\"canonical\" href=\"https:\/\/elusivedata.io\/es\/producto\/mission-darkness-bolsa-faraday-sin-ventana-para-telefonos-2\/\" \/>\n<meta property=\"og:locale\" content=\"es_ES\" \/>\n<meta property=\"og:type\" content=\"article\" \/>\n<meta property=\"og:title\" content=\"Mission Darkness\u2122 Non-Window Faraday Bag for Phones\" \/>\n<meta property=\"og:description\" content=\"The Mission Darkness\u2122 Non-window Faraday Bag for Phones completely blocks all wireless signals and keeps small electronic devices shielded to prevent hacking, tracking, spying, and chain of custody corruption. When a cell phone is properly enclosed in the bag, no apps or malicious code can be remotely triggered or wiped, no communication can penetrate, and no one can access the microphone, camera, GPS location, or data. Primary uses are for law enforcement and military forensic evidence collection, defense against data theft, personal security, EMP protection, EMF radiation reduction, and to enhance digital privacy. The bag is built with a durable and water-resistant ballistic nylon outer material to ensure that devices and faraday fabric stay dry and protected. The interior includes two layers of high-shielding\u00a0TitanRF\u2122 Faraday Fabric\u00a0on all sides with dual paired seam construction. The bag will block all wireless signals such as WiFi (2.4 &amp; 5GHz), Bluetooth, cell signals including 5G networks, GPS, RFID, NFC, and radio signals from low MHz to 40GHz. Additional product features include a double roll with Velcro closure, unique serial number, and transparent branding pocket. The bag is typically used to shield cell phones, passports, GPS units, transponders, two-way radios, keyfobs, smart watches, and similar size electronics.\" \/>\n<meta property=\"og:url\" content=\"https:\/\/elusivedata.io\/es\/producto\/mission-darkness-bolsa-faraday-sin-ventana-para-telefonos-2\/\" \/>\n<meta property=\"og:site_name\" content=\"Elusive Data\" \/>\n<meta property=\"article:modified_time\" content=\"2025-06-24T06:31:23+00:00\" \/>\n<meta property=\"og:image\" content=\"https:\/\/elusivedata.io\/wp-content\/uploads\/2025\/06\/MOS-S-NW-Front_480x480-1.webp\" \/>\n\t<meta property=\"og:image:width\" content=\"480\" \/>\n\t<meta property=\"og:image:height\" content=\"480\" \/>\n\t<meta property=\"og:image:type\" content=\"image\/webp\" \/>\n<meta name=\"twitter:card\" content=\"summary_large_image\" \/>\n<meta name=\"twitter:label1\" content=\"Tiempo de lectura\" \/>\n\t<meta name=\"twitter:data1\" content=\"1 minuto\" \/>\n<script type=\"application\/ld+json\" class=\"yoast-schema-graph\">{\"@context\":\"https:\\\/\\\/schema.org\",\"@graph\":[{\"@type\":\"WebPage\",\"@id\":\"https:\\\/\\\/elusivedata.io\\\/product\\\/mission-darkness-non-window-faraday-bag-for-phones-2\\\/\",\"url\":\"https:\\\/\\\/elusivedata.io\\\/product\\\/mission-darkness-non-window-faraday-bag-for-phones-2\\\/\",\"name\":\"Mission Darkness\u2122 Non-Window Faraday Bag for Phones - Elusive Data\",\"isPartOf\":{\"@id\":\"https:\\\/\\\/elusivedata.io\\\/#website\"},\"primaryImageOfPage\":{\"@id\":\"https:\\\/\\\/elusivedata.io\\\/product\\\/mission-darkness-non-window-faraday-bag-for-phones-2\\\/#primaryimage\"},\"image\":{\"@id\":\"https:\\\/\\\/elusivedata.io\\\/product\\\/mission-darkness-non-window-faraday-bag-for-phones-2\\\/#primaryimage\"},\"thumbnailUrl\":\"https:\\\/\\\/elusivedata.io\\\/wp-content\\\/uploads\\\/2025\\\/06\\\/MOS-S-NW-Front_480x480-1.webp\",\"datePublished\":\"2025-06-17T08:15:49+00:00\",\"dateModified\":\"2025-06-24T06:31:23+00:00\",\"breadcrumb\":{\"@id\":\"https:\\\/\\\/elusivedata.io\\\/product\\\/mission-darkness-non-window-faraday-bag-for-phones-2\\\/#breadcrumb\"},\"inLanguage\":\"es\",\"potentialAction\":[{\"@type\":\"ReadAction\",\"target\":[\"https:\\\/\\\/elusivedata.io\\\/product\\\/mission-darkness-non-window-faraday-bag-for-phones-2\\\/\"]}]},{\"@type\":\"ImageObject\",\"inLanguage\":\"es\",\"@id\":\"https:\\\/\\\/elusivedata.io\\\/product\\\/mission-darkness-non-window-faraday-bag-for-phones-2\\\/#primaryimage\",\"url\":\"https:\\\/\\\/elusivedata.io\\\/wp-content\\\/uploads\\\/2025\\\/06\\\/MOS-S-NW-Front_480x480-1.webp\",\"contentUrl\":\"https:\\\/\\\/elusivedata.io\\\/wp-content\\\/uploads\\\/2025\\\/06\\\/MOS-S-NW-Front_480x480-1.webp\",\"width\":480,\"height\":480,\"caption\":\"Mission Darkness Non-Window Faraday sleeve \u2014 signal-blocking mobile device protection\"},{\"@type\":\"BreadcrumbList\",\"@id\":\"https:\\\/\\\/elusivedata.io\\\/product\\\/mission-darkness-non-window-faraday-bag-for-phones-2\\\/#breadcrumb\",\"itemListElement\":[{\"@type\":\"ListItem\",\"position\":1,\"name\":\"Home\",\"item\":\"https:\\\/\\\/elusivedata.io\\\/\"},{\"@type\":\"ListItem\",\"position\":2,\"name\":\"Products\",\"item\":\"https:\\\/\\\/elusivedata.io\\\/shop\\\/\"},{\"@type\":\"ListItem\",\"position\":3,\"name\":\"Mission Darkness\u2122 Non-Window Faraday Bag for Phones\"}]},{\"@type\":\"WebSite\",\"@id\":\"https:\\\/\\\/elusivedata.io\\\/#website\",\"url\":\"https:\\\/\\\/elusivedata.io\\\/\",\"name\":\"ElusiveData\",\"description\":\"Excellence in Digital Forensics Training and Consulting\",\"publisher\":{\"@id\":\"https:\\\/\\\/elusivedata.io\\\/#organization\"},\"potentialAction\":[{\"@type\":\"SearchAction\",\"target\":{\"@type\":\"EntryPoint\",\"urlTemplate\":\"https:\\\/\\\/elusivedata.io\\\/?s={search_term_string}\"},\"query-input\":{\"@type\":\"PropertyValueSpecification\",\"valueRequired\":true,\"valueName\":\"search_term_string\"}}],\"inLanguage\":\"es\"},{\"@type\":\"Organization\",\"@id\":\"https:\\\/\\\/elusivedata.io\\\/#organization\",\"name\":\"ElusiveData\",\"url\":\"https:\\\/\\\/elusivedata.io\\\/\",\"logo\":{\"@type\":\"ImageObject\",\"inLanguage\":\"es\",\"@id\":\"https:\\\/\\\/elusivedata.io\\\/#\\\/schema\\\/logo\\\/image\\\/\",\"url\":\"https:\\\/\\\/elusivedata.io\\\/wp-content\\\/uploads\\\/2024\\\/11\\\/Asset-3_2x-scaled.png\",\"contentUrl\":\"https:\\\/\\\/elusivedata.io\\\/wp-content\\\/uploads\\\/2024\\\/11\\\/Asset-3_2x-scaled.png\",\"width\":2560,\"height\":370,\"caption\":\"ElusiveData\"},\"image\":{\"@id\":\"https:\\\/\\\/elusivedata.io\\\/#\\\/schema\\\/logo\\\/image\\\/\"},\"sameAs\":[\"https:\\\/\\\/www.youtube.com\\\/@elusivedata\"]}]}<\/script>\n<!-- \/ Yoast SEO Premium plugin. -->","yoast_head_json":{"title":"Mission Darkness\u2122 Bolsa Faraday sin ventana para tel\u00e9fonos - Elusive Data","robots":{"index":"index","follow":"follow","max-snippet":"max-snippet:-1","max-image-preview":"max-image-preview:large","max-video-preview":"max-video-preview:-1"},"canonical":"https:\/\/elusivedata.io\/es\/producto\/mission-darkness-bolsa-faraday-sin-ventana-para-telefonos-2\/","og_locale":"es_ES","og_type":"article","og_title":"Mission Darkness\u2122 Non-Window Faraday Bag for Phones","og_description":"The Mission Darkness\u2122 Non-window Faraday Bag for Phones completely blocks all wireless signals and keeps small electronic devices shielded to prevent hacking, tracking, spying, and chain of custody corruption. When a cell phone is properly enclosed in the bag, no apps or malicious code can be remotely triggered or wiped, no communication can penetrate, and no one can access the microphone, camera, GPS location, or data. Primary uses are for law enforcement and military forensic evidence collection, defense against data theft, personal security, EMP protection, EMF radiation reduction, and to enhance digital privacy. The bag is built with a durable and water-resistant ballistic nylon outer material to ensure that devices and faraday fabric stay dry and protected. The interior includes two layers of high-shielding\u00a0TitanRF\u2122 Faraday Fabric\u00a0on all sides with dual paired seam construction. The bag will block all wireless signals such as WiFi (2.4 &amp; 5GHz), Bluetooth, cell signals including 5G networks, GPS, RFID, NFC, and radio signals from low MHz to 40GHz. Additional product features include a double roll with Velcro closure, unique serial number, and transparent branding pocket. The bag is typically used to shield cell phones, passports, GPS units, transponders, two-way radios, keyfobs, smart watches, and similar size electronics.","og_url":"https:\/\/elusivedata.io\/es\/producto\/mission-darkness-bolsa-faraday-sin-ventana-para-telefonos-2\/","og_site_name":"Elusive Data","article_modified_time":"2025-06-24T06:31:23+00:00","og_image":[{"width":480,"height":480,"url":"https:\/\/elusivedata.io\/wp-content\/uploads\/2025\/06\/MOS-S-NW-Front_480x480-1.webp","type":"image\/webp"}],"twitter_card":"summary_large_image","twitter_misc":{"Tiempo de lectura":"1 minuto"},"schema":{"@context":"https:\/\/schema.org","@graph":[{"@type":"WebPage","@id":"https:\/\/elusivedata.io\/product\/mission-darkness-non-window-faraday-bag-for-phones-2\/","url":"https:\/\/elusivedata.io\/product\/mission-darkness-non-window-faraday-bag-for-phones-2\/","name":"Mission Darkness\u2122 Bolsa Faraday sin ventana para tel\u00e9fonos - Elusive Data","isPartOf":{"@id":"https:\/\/elusivedata.io\/#website"},"primaryImageOfPage":{"@id":"https:\/\/elusivedata.io\/product\/mission-darkness-non-window-faraday-bag-for-phones-2\/#primaryimage"},"image":{"@id":"https:\/\/elusivedata.io\/product\/mission-darkness-non-window-faraday-bag-for-phones-2\/#primaryimage"},"thumbnailUrl":"https:\/\/elusivedata.io\/wp-content\/uploads\/2025\/06\/MOS-S-NW-Front_480x480-1.webp","datePublished":"2025-06-17T08:15:49+00:00","dateModified":"2025-06-24T06:31:23+00:00","breadcrumb":{"@id":"https:\/\/elusivedata.io\/product\/mission-darkness-non-window-faraday-bag-for-phones-2\/#breadcrumb"},"inLanguage":"es","potentialAction":[{"@type":"ReadAction","target":["https:\/\/elusivedata.io\/product\/mission-darkness-non-window-faraday-bag-for-phones-2\/"]}]},{"@type":"ImageObject","inLanguage":"es","@id":"https:\/\/elusivedata.io\/product\/mission-darkness-non-window-faraday-bag-for-phones-2\/#primaryimage","url":"https:\/\/elusivedata.io\/wp-content\/uploads\/2025\/06\/MOS-S-NW-Front_480x480-1.webp","contentUrl":"https:\/\/elusivedata.io\/wp-content\/uploads\/2025\/06\/MOS-S-NW-Front_480x480-1.webp","width":480,"height":480,"caption":"Mission Darkness Non-Window Faraday sleeve \u2014 signal-blocking mobile device protection"},{"@type":"BreadcrumbList","@id":"https:\/\/elusivedata.io\/product\/mission-darkness-non-window-faraday-bag-for-phones-2\/#breadcrumb","itemListElement":[{"@type":"ListItem","position":1,"name":"Home","item":"https:\/\/elusivedata.io\/"},{"@type":"ListItem","position":2,"name":"Products","item":"https:\/\/elusivedata.io\/shop\/"},{"@type":"ListItem","position":3,"name":"Mission Darkness\u2122 Non-Window Faraday Bag for Phones"}]},{"@type":"WebSite","@id":"https:\/\/elusivedata.io\/#website","url":"https:\/\/elusivedata.io\/","name":"ElusiveData","description":"Excelencia en formaci\u00f3n y consultor\u00eda forense digital","publisher":{"@id":"https:\/\/elusivedata.io\/#organization"},"potentialAction":[{"@type":"SearchAction","target":{"@type":"EntryPoint","urlTemplate":"https:\/\/elusivedata.io\/?s={search_term_string}"},"query-input":{"@type":"PropertyValueSpecification","valueRequired":true,"valueName":"search_term_string"}}],"inLanguage":"es"},{"@type":"Organization","@id":"https:\/\/elusivedata.io\/#organization","name":"ElusiveData","url":"https:\/\/elusivedata.io\/","logo":{"@type":"ImageObject","inLanguage":"es","@id":"https:\/\/elusivedata.io\/#\/schema\/logo\/image\/","url":"https:\/\/elusivedata.io\/wp-content\/uploads\/2024\/11\/Asset-3_2x-scaled.png","contentUrl":"https:\/\/elusivedata.io\/wp-content\/uploads\/2024\/11\/Asset-3_2x-scaled.png","width":2560,"height":370,"caption":"ElusiveData"},"image":{"@id":"https:\/\/elusivedata.io\/#\/schema\/logo\/image\/"},"sameAs":["https:\/\/www.youtube.com\/@elusivedata"]}]}},"_links":{"self":[{"href":"https:\/\/elusivedata.io\/es\/wp-json\/wp\/v2\/product\/8857","targetHints":{"allow":["GET"]}}],"collection":[{"href":"https:\/\/elusivedata.io\/es\/wp-json\/wp\/v2\/product"}],"about":[{"href":"https:\/\/elusivedata.io\/es\/wp-json\/wp\/v2\/types\/product"}],"version-history":[{"count":2,"href":"https:\/\/elusivedata.io\/es\/wp-json\/wp\/v2\/product\/8857\/revisions"}],"predecessor-version":[{"id":10128,"href":"https:\/\/elusivedata.io\/es\/wp-json\/wp\/v2\/product\/8857\/revisions\/10128"}],"wp:featuredmedia":[{"embeddable":true,"href":"https:\/\/elusivedata.io\/es\/wp-json\/wp\/v2\/media\/8861"}],"wp:attachment":[{"href":"https:\/\/elusivedata.io\/es\/wp-json\/wp\/v2\/media?parent=8857"}],"wp:term":[{"taxonomy":"product_brand","embeddable":true,"href":"https:\/\/elusivedata.io\/es\/wp-json\/wp\/v2\/product_brand?post=8857"},{"taxonomy":"product_cat","embeddable":true,"href":"https:\/\/elusivedata.io\/es\/wp-json\/wp\/v2\/product_cat?post=8857"},{"taxonomy":"product_tag","embeddable":true,"href":"https:\/\/elusivedata.io\/es\/wp-json\/wp\/v2\/product_tag?post=8857"}],"curies":[{"name":"wp","href":"https:\/\/api.w.org\/{rel}","templated":true}]}}