{"id":8840,"date":"2025-06-17T08:15:51","date_gmt":"2025-06-17T08:15:51","guid":{"rendered":"https:\/\/elusivedata.io\/?post_type=product&#038;p=8840"},"modified":"2025-06-24T06:31:05","modified_gmt":"2025-06-24T06:31:05","slug":"mision-oscuridad-revelacion-emp-escudo-para-generadores","status":"publish","type":"product","link":"https:\/\/elusivedata.io\/es\/product\/mission-darkness-revelation-emp-shield-for-generators\/","title":{"rendered":"Mission Darkness\u2122 Revelation Escudo EMP para generadores"},"content":{"rendered":"<div id=\"s-fd83c093-0245-4fa2-8a2f-9ddd1da85fd7\" class=\"shg-c shg-align-left\">\n<div class=\"shogun-heading-component\">\n<h2 >MANTENGA BLINDADOS LOS GENERADORES Y LOS COMPONENTES ELECTR\u00d3NICOS EXTRAGRANDES: PROTECCI\u00d3N INSTANT\u00c1NEA Y EFICAZ CONTRA EL EMP\/CME<\/h2>\n<\/div>\n<\/div>\n<div id=\"s-46beba88-1fc8-4584-a0fc-508195a6c5e6\" class=\"shg-c\">\n<div class=\"shg-rich-text shg-theme-text-content\">\n<p >El Mission Darkness\u2122 Revelation EMP Shield es una bolsa faraday extremadamente grande dise\u00f1ada espec\u00edficamente para proteger generadores, grandes aparatos electr\u00f3nicos y equipos de supervivencia de los efectos da\u00f1inos de un pulso electromagn\u00e9tico (EMP) o una eyecci\u00f3n de masa coronal (CME). La bolsa ha sido probada en laboratorio y certificada \"conforme\" para\u00a0<a href=\"https:\/\/mosequipment.com\/pages\/compliance-testing\" target=\"_blank\" rel=\"noopener\">MIL-STD-188-125<\/a>Protecci\u00f3n electromagn\u00e9tica a gran altitud para instalaciones C4I terrestres. Los resultados garantizan que el producto supera los requisitos militares de blindaje para hacer frente a PEM naturales o provocados por el hombre. En el caso de un PEM o CME, todo, desde la infraestructura el\u00e9ctrica a nivel nacional hasta la electr\u00f3nica personal, podr\u00eda ser destruido, por lo que es imperativo blindar la electr\u00f3nica de supervivencia. Las propiedades de alto blindaje del Revelation EMP Shield dirigen los campos electromagn\u00e9ticos da\u00f1inos lejos de los componentes el\u00e9ctricos altamente sensibles, protegiendo as\u00ed su estructura de trabajo.<\/p>\n<p >El tama\u00f1o y volumen extremadamente grandes de la Revelation EMP Shield le permiten acomodar la mayor\u00eda de los generadores port\u00e1tiles compactos el\u00e9ctricos (solares) o de gas, incluyendo la serie Goal Zero Yeti, el Patriot Power 1500 y el Honda EU2000, adem\u00e1s de los accesorios que los acompa\u00f1an, como cables de alimentaci\u00f3n y paneles solares. La bolsa est\u00e1 construida con una placa base de pl\u00e1stico de polipropileno extra\u00edble asegurada en un compartimento inferior con cremallera para proporcionar un amplio soporte para art\u00edculos de gran tama\u00f1o. Las asas acolchadas con cinchas de carga envuelven completamente los laterales y la parte inferior para soportar el peso de los objetos pesados durante el transporte. La parte frontal de la bolsa incluye un compartimento profundo con cremallera sin blindaje y un gran bolsillo transparente para mantener los accesorios accesibles sin comprometer el blindaje de los art\u00edculos electr\u00f3nicos dentro del compartimento principal.<\/p>\n<p >La bolsa est\u00e1 fabricada con un material exterior de nailon bal\u00edstico duradero y resistente al agua para garantizar que los dispositivos y el tejido Faraday permanezcan secos y protegidos. El interior incluye tres capas de alto blindaje\u00a0<a href=\"https:\/\/mosequipment.com\/collections\/faraday-supplies\/products\/titanrf-faraday-fabric\">Tejido Faraday TitanRF<\/a>\u00a0en todos los lados con construcci\u00f3n de doble costura emparejada. Una vez que el generador o los componentes electr\u00f3nicos est\u00e1n correctamente encerrados dentro de la bolsa, quedan aislados de las se\u00f1ales inal\u00e1mbricas exteriores. Los efectos da\u00f1inos de un PEM o suceso relacionado no pueden penetrar la bolsa para destruir los componentes el\u00e9ctricos del interior. La bolsa bloquear\u00e1 WiFi (2,4 y 5GHz), Bluetooth, se\u00f1ales celulares incluyendo redes 5G, GPS, RFID, NFC, y se\u00f1ales de radio de baja MHz a 40GHz. El corte completo de la se\u00f1al tambi\u00e9n le permite desconectarse de la red y mantener los dispositivos electr\u00f3nicos imposibles de rastrear. Esta es la bolsa de seguridad definitiva para proteger grandes dispositivos electr\u00f3nicos de supervivencia de un desastre natural o provocado por el hombre, como un EMP o CME.<\/p>\n<\/div>\n<\/div>","protected":false},"excerpt":{"rendered":"<p>El Mission Darkness\u2122 Revelation EMP Shield es una bolsa faraday extremadamente grande dise\u00f1ada espec\u00edficamente para proteger generadores, grandes aparatos electr\u00f3nicos y equipos de supervivencia de los efectos da\u00f1inos de un pulso electromagn\u00e9tico (EMP) o una eyecci\u00f3n de masa coronal (CME). La bolsa ha sido probada en laboratorio y certificada \"conforme\" para\u00a0<a href=\"https:\/\/mosequipment.com\/pages\/compliance-testing\" target=\"_blank\" rel=\"noopener\">MIL-STD-188-125<\/a>Protecci\u00f3n electromagn\u00e9tica a gran altitud para instalaciones C4I terrestres. Los resultados garantizan que el producto supera los requisitos militares de blindaje para hacer frente a PEM naturales o provocados por el hombre. En el caso de un PEM o CME, todo, desde la infraestructura el\u00e9ctrica a nivel nacional hasta la electr\u00f3nica personal, podr\u00eda ser destruido, por lo que es imperativo blindar la electr\u00f3nica de supervivencia. Las propiedades de alto blindaje del Revelation EMP Shield dirigen los campos electromagn\u00e9ticos da\u00f1inos lejos de los componentes el\u00e9ctricos altamente sensibles, protegiendo as\u00ed su estructura de trabajo.<\/p>","protected":false},"featured_media":8844,"template":"","meta":{"content-type":""},"product_brand":[],"product_cat":[108],"product_tag":[],"class_list":{"0":"post-8840","1":"product","2":"type-product","3":"status-publish","4":"has-post-thumbnail","6":"product_cat-future-physical-products","8":"first","9":"instock","10":"taxable","11":"shipping-taxable","12":"purchasable","13":"product-type-simple"},"acf":[],"yoast_head":"<!-- This site is optimized with the Yoast SEO Premium plugin v27.3 (Yoast SEO v27.3) - https:\/\/yoast.com\/product\/yoast-seo-premium-wordpress\/ -->\n<title>Mission Darkness\u2122 Revelation EMP Shield for Generators - Elusive Data<\/title>\n<meta name=\"robots\" content=\"index, follow, max-snippet:-1, max-image-preview:large, max-video-preview:-1\" \/>\n<link rel=\"canonical\" href=\"https:\/\/elusivedata.io\/es\/producto\/mision-oscuridad-revelacion-emp-escudo-para-generadores\/\" \/>\n<meta property=\"og:locale\" content=\"es_ES\" \/>\n<meta property=\"og:type\" content=\"article\" \/>\n<meta property=\"og:title\" content=\"Mission Darkness\u2122 Revelation EMP Shield for Generators\" \/>\n<meta property=\"og:description\" content=\"The Mission Darkness\u2122 Revelation EMP Shield is an extremely large faraday bag designed specifically to protect generators, large electronics, and survival gear from the damaging effects of an electromagnetic pulse (EMP) or coronal mass ejection (CME). The bag has been lab tested and certified &quot;compliant&quot; for\u00a0MIL-STD-188-125, High-Altitude Electromagnetic Protection for Ground Based C4I Facilities. The results ensure that the product surpasses military shielding requirements to handle natural or man-made EMPs. In the case of an EMP or CME, everything from electrical infrastructure on a national level to personal electronics could be destroyed, which is why it\u2019s imperative to shield survival electronics. The high-shielding properties of the Revelation EMP Shield direct damaging electromagnetic fields away from highly sensitive electrical components, thus protecting their working structure.\" \/>\n<meta property=\"og:url\" content=\"https:\/\/elusivedata.io\/es\/producto\/mision-oscuridad-revelacion-emp-escudo-para-generadores\/\" \/>\n<meta property=\"og:site_name\" content=\"Elusive Data\" \/>\n<meta property=\"article:modified_time\" content=\"2025-06-24T06:31:05+00:00\" \/>\n<meta property=\"og:image\" content=\"https:\/\/elusivedata.io\/wp-content\/uploads\/2025\/06\/DSC00047_480x480.webp\" \/>\n\t<meta property=\"og:image:width\" content=\"480\" \/>\n\t<meta property=\"og:image:height\" content=\"480\" \/>\n\t<meta property=\"og:image:type\" content=\"image\/webp\" \/>\n<meta name=\"twitter:card\" content=\"summary_large_image\" \/>\n<meta name=\"twitter:label1\" content=\"Tiempo de lectura\" \/>\n\t<meta name=\"twitter:data1\" content=\"2 minutos\" \/>\n<script type=\"application\/ld+json\" class=\"yoast-schema-graph\">{\"@context\":\"https:\\\/\\\/schema.org\",\"@graph\":[{\"@type\":\"WebPage\",\"@id\":\"https:\\\/\\\/elusivedata.io\\\/product\\\/mission-darkness-revelation-emp-shield-for-generators\\\/\",\"url\":\"https:\\\/\\\/elusivedata.io\\\/product\\\/mission-darkness-revelation-emp-shield-for-generators\\\/\",\"name\":\"Mission Darkness\u2122 Revelation EMP Shield for Generators - Elusive Data\",\"isPartOf\":{\"@id\":\"https:\\\/\\\/elusivedata.io\\\/#website\"},\"primaryImageOfPage\":{\"@id\":\"https:\\\/\\\/elusivedata.io\\\/product\\\/mission-darkness-revelation-emp-shield-for-generators\\\/#primaryimage\"},\"image\":{\"@id\":\"https:\\\/\\\/elusivedata.io\\\/product\\\/mission-darkness-revelation-emp-shield-for-generators\\\/#primaryimage\"},\"thumbnailUrl\":\"https:\\\/\\\/elusivedata.io\\\/wp-content\\\/uploads\\\/2025\\\/06\\\/DSC00047_480x480.webp\",\"datePublished\":\"2025-06-17T08:15:51+00:00\",\"dateModified\":\"2025-06-24T06:31:05+00:00\",\"breadcrumb\":{\"@id\":\"https:\\\/\\\/elusivedata.io\\\/product\\\/mission-darkness-revelation-emp-shield-for-generators\\\/#breadcrumb\"},\"inLanguage\":\"es\",\"potentialAction\":[{\"@type\":\"ReadAction\",\"target\":[\"https:\\\/\\\/elusivedata.io\\\/product\\\/mission-darkness-revelation-emp-shield-for-generators\\\/\"]}]},{\"@type\":\"ImageObject\",\"inLanguage\":\"es\",\"@id\":\"https:\\\/\\\/elusivedata.io\\\/product\\\/mission-darkness-revelation-emp-shield-for-generators\\\/#primaryimage\",\"url\":\"https:\\\/\\\/elusivedata.io\\\/wp-content\\\/uploads\\\/2025\\\/06\\\/DSC00047_480x480.webp\",\"contentUrl\":\"https:\\\/\\\/elusivedata.io\\\/wp-content\\\/uploads\\\/2025\\\/06\\\/DSC00047_480x480.webp\",\"width\":480,\"height\":480,\"caption\":\"Mission Darkness Faraday bag detail \u2014 RF shielding for mobile device evidence collection\"},{\"@type\":\"BreadcrumbList\",\"@id\":\"https:\\\/\\\/elusivedata.io\\\/product\\\/mission-darkness-revelation-emp-shield-for-generators\\\/#breadcrumb\",\"itemListElement\":[{\"@type\":\"ListItem\",\"position\":1,\"name\":\"Home\",\"item\":\"https:\\\/\\\/elusivedata.io\\\/\"},{\"@type\":\"ListItem\",\"position\":2,\"name\":\"Products\",\"item\":\"https:\\\/\\\/elusivedata.io\\\/shop\\\/\"},{\"@type\":\"ListItem\",\"position\":3,\"name\":\"Mission Darkness\u2122 Revelation EMP Shield for Generators\"}]},{\"@type\":\"WebSite\",\"@id\":\"https:\\\/\\\/elusivedata.io\\\/#website\",\"url\":\"https:\\\/\\\/elusivedata.io\\\/\",\"name\":\"ElusiveData\",\"description\":\"Excellence in Digital Forensics Training and Consulting\",\"publisher\":{\"@id\":\"https:\\\/\\\/elusivedata.io\\\/#organization\"},\"potentialAction\":[{\"@type\":\"SearchAction\",\"target\":{\"@type\":\"EntryPoint\",\"urlTemplate\":\"https:\\\/\\\/elusivedata.io\\\/?s={search_term_string}\"},\"query-input\":{\"@type\":\"PropertyValueSpecification\",\"valueRequired\":true,\"valueName\":\"search_term_string\"}}],\"inLanguage\":\"es\"},{\"@type\":\"Organization\",\"@id\":\"https:\\\/\\\/elusivedata.io\\\/#organization\",\"name\":\"ElusiveData\",\"url\":\"https:\\\/\\\/elusivedata.io\\\/\",\"logo\":{\"@type\":\"ImageObject\",\"inLanguage\":\"es\",\"@id\":\"https:\\\/\\\/elusivedata.io\\\/#\\\/schema\\\/logo\\\/image\\\/\",\"url\":\"https:\\\/\\\/elusivedata.io\\\/wp-content\\\/uploads\\\/2024\\\/11\\\/Asset-3_2x-scaled.png\",\"contentUrl\":\"https:\\\/\\\/elusivedata.io\\\/wp-content\\\/uploads\\\/2024\\\/11\\\/Asset-3_2x-scaled.png\",\"width\":2560,\"height\":370,\"caption\":\"ElusiveData\"},\"image\":{\"@id\":\"https:\\\/\\\/elusivedata.io\\\/#\\\/schema\\\/logo\\\/image\\\/\"},\"sameAs\":[\"https:\\\/\\\/www.youtube.com\\\/@elusivedata\"]}]}<\/script>\n<!-- \/ Yoast SEO Premium plugin. -->","yoast_head_json":{"title":"Mission Darkness\u2122 Revelaci\u00f3n Escudo EMP para generadores - Elusive Data","robots":{"index":"index","follow":"follow","max-snippet":"max-snippet:-1","max-image-preview":"max-image-preview:large","max-video-preview":"max-video-preview:-1"},"canonical":"https:\/\/elusivedata.io\/es\/producto\/mision-oscuridad-revelacion-emp-escudo-para-generadores\/","og_locale":"es_ES","og_type":"article","og_title":"Mission Darkness\u2122 Revelation EMP Shield for Generators","og_description":"The Mission Darkness\u2122 Revelation EMP Shield is an extremely large faraday bag designed specifically to protect generators, large electronics, and survival gear from the damaging effects of an electromagnetic pulse (EMP) or coronal mass ejection (CME). The bag has been lab tested and certified \"compliant\" for\u00a0MIL-STD-188-125, High-Altitude Electromagnetic Protection for Ground Based C4I Facilities. The results ensure that the product surpasses military shielding requirements to handle natural or man-made EMPs. In the case of an EMP or CME, everything from electrical infrastructure on a national level to personal electronics could be destroyed, which is why it\u2019s imperative to shield survival electronics. The high-shielding properties of the Revelation EMP Shield direct damaging electromagnetic fields away from highly sensitive electrical components, thus protecting their working structure.","og_url":"https:\/\/elusivedata.io\/es\/producto\/mision-oscuridad-revelacion-emp-escudo-para-generadores\/","og_site_name":"Elusive Data","article_modified_time":"2025-06-24T06:31:05+00:00","og_image":[{"width":480,"height":480,"url":"https:\/\/elusivedata.io\/wp-content\/uploads\/2025\/06\/DSC00047_480x480.webp","type":"image\/webp"}],"twitter_card":"summary_large_image","twitter_misc":{"Tiempo de lectura":"2 minutos"},"schema":{"@context":"https:\/\/schema.org","@graph":[{"@type":"WebPage","@id":"https:\/\/elusivedata.io\/product\/mission-darkness-revelation-emp-shield-for-generators\/","url":"https:\/\/elusivedata.io\/product\/mission-darkness-revelation-emp-shield-for-generators\/","name":"Mission Darkness\u2122 Revelaci\u00f3n Escudo EMP para generadores - Elusive Data","isPartOf":{"@id":"https:\/\/elusivedata.io\/#website"},"primaryImageOfPage":{"@id":"https:\/\/elusivedata.io\/product\/mission-darkness-revelation-emp-shield-for-generators\/#primaryimage"},"image":{"@id":"https:\/\/elusivedata.io\/product\/mission-darkness-revelation-emp-shield-for-generators\/#primaryimage"},"thumbnailUrl":"https:\/\/elusivedata.io\/wp-content\/uploads\/2025\/06\/DSC00047_480x480.webp","datePublished":"2025-06-17T08:15:51+00:00","dateModified":"2025-06-24T06:31:05+00:00","breadcrumb":{"@id":"https:\/\/elusivedata.io\/product\/mission-darkness-revelation-emp-shield-for-generators\/#breadcrumb"},"inLanguage":"es","potentialAction":[{"@type":"ReadAction","target":["https:\/\/elusivedata.io\/product\/mission-darkness-revelation-emp-shield-for-generators\/"]}]},{"@type":"ImageObject","inLanguage":"es","@id":"https:\/\/elusivedata.io\/product\/mission-darkness-revelation-emp-shield-for-generators\/#primaryimage","url":"https:\/\/elusivedata.io\/wp-content\/uploads\/2025\/06\/DSC00047_480x480.webp","contentUrl":"https:\/\/elusivedata.io\/wp-content\/uploads\/2025\/06\/DSC00047_480x480.webp","width":480,"height":480,"caption":"Mission Darkness Faraday bag detail \u2014 RF shielding for mobile device evidence collection"},{"@type":"BreadcrumbList","@id":"https:\/\/elusivedata.io\/product\/mission-darkness-revelation-emp-shield-for-generators\/#breadcrumb","itemListElement":[{"@type":"ListItem","position":1,"name":"Home","item":"https:\/\/elusivedata.io\/"},{"@type":"ListItem","position":2,"name":"Products","item":"https:\/\/elusivedata.io\/shop\/"},{"@type":"ListItem","position":3,"name":"Mission Darkness\u2122 Revelation EMP Shield for Generators"}]},{"@type":"WebSite","@id":"https:\/\/elusivedata.io\/#website","url":"https:\/\/elusivedata.io\/","name":"ElusiveData","description":"Excelencia en formaci\u00f3n y consultor\u00eda forense digital","publisher":{"@id":"https:\/\/elusivedata.io\/#organization"},"potentialAction":[{"@type":"SearchAction","target":{"@type":"EntryPoint","urlTemplate":"https:\/\/elusivedata.io\/?s={search_term_string}"},"query-input":{"@type":"PropertyValueSpecification","valueRequired":true,"valueName":"search_term_string"}}],"inLanguage":"es"},{"@type":"Organization","@id":"https:\/\/elusivedata.io\/#organization","name":"ElusiveData","url":"https:\/\/elusivedata.io\/","logo":{"@type":"ImageObject","inLanguage":"es","@id":"https:\/\/elusivedata.io\/#\/schema\/logo\/image\/","url":"https:\/\/elusivedata.io\/wp-content\/uploads\/2024\/11\/Asset-3_2x-scaled.png","contentUrl":"https:\/\/elusivedata.io\/wp-content\/uploads\/2024\/11\/Asset-3_2x-scaled.png","width":2560,"height":370,"caption":"ElusiveData"},"image":{"@id":"https:\/\/elusivedata.io\/#\/schema\/logo\/image\/"},"sameAs":["https:\/\/www.youtube.com\/@elusivedata"]}]}},"_links":{"self":[{"href":"https:\/\/elusivedata.io\/es\/wp-json\/wp\/v2\/product\/8840","targetHints":{"allow":["GET"]}}],"collection":[{"href":"https:\/\/elusivedata.io\/es\/wp-json\/wp\/v2\/product"}],"about":[{"href":"https:\/\/elusivedata.io\/es\/wp-json\/wp\/v2\/types\/product"}],"version-history":[{"count":2,"href":"https:\/\/elusivedata.io\/es\/wp-json\/wp\/v2\/product\/8840\/revisions"}],"predecessor-version":[{"id":10126,"href":"https:\/\/elusivedata.io\/es\/wp-json\/wp\/v2\/product\/8840\/revisions\/10126"}],"wp:featuredmedia":[{"embeddable":true,"href":"https:\/\/elusivedata.io\/es\/wp-json\/wp\/v2\/media\/8844"}],"wp:attachment":[{"href":"https:\/\/elusivedata.io\/es\/wp-json\/wp\/v2\/media?parent=8840"}],"wp:term":[{"taxonomy":"product_brand","embeddable":true,"href":"https:\/\/elusivedata.io\/es\/wp-json\/wp\/v2\/product_brand?post=8840"},{"taxonomy":"product_cat","embeddable":true,"href":"https:\/\/elusivedata.io\/es\/wp-json\/wp\/v2\/product_cat?post=8840"},{"taxonomy":"product_tag","embeddable":true,"href":"https:\/\/elusivedata.io\/es\/wp-json\/wp\/v2\/product_tag?post=8840"}],"curies":[{"name":"wp","href":"https:\/\/api.w.org\/{rel}","templated":true}]}}