{"id":8829,"date":"2025-06-17T08:15:51","date_gmt":"2025-06-17T08:15:51","guid":{"rendered":"https:\/\/elusivedata.io\/?post_type=product&#038;p=8829"},"modified":"2025-06-24T06:31:11","modified_gmt":"2025-06-24T06:31:11","slug":"mision-oscuridad-bloqueador-locker-7","status":"publish","type":"product","link":"https:\/\/elusivedata.io\/es\/product\/mission-darkness-blocker-locker-7\/","title":{"rendered":"MISI\u00d3N DARKNESS\u2122 BLOQUEADOR LOCKER 7"},"content":{"rendered":"<div data-elementor-type=\"product-post\" data-elementor-id=\"8829\" class=\"elementor elementor-8829\" data-elementor-post-type=\"product\">\n\t\t\t\t<div class=\"elementor-element elementor-element-5065b31 e-flex e-con-boxed e-con e-parent\" data-id=\"5065b31\" data-element_type=\"container\" data-e-type=\"container\">\n\t\t\t\t\t<div class=\"e-con-inner\">\n\t\t\t\t<div class=\"elementor-element elementor-element-d196d7f elementor-widget elementor-widget-text-editor\" data-id=\"d196d7f\" data-element_type=\"widget\" data-e-type=\"widget\" data-widget_type=\"text-editor.default\">\n\t\t\t\t<div class=\"elementor-widget-container\">\n\t\t\t\t\t\t\t\t\t<div id=\"s-642ac8eb-b4be-47fe-ab3a-245b34cb541a\" class=\"shg-c shg-align-center\"><div class=\"shogun-heading-component\"><h2 class=\"ai-optimize-47\"><b>MANTENGA LOS DISPOSITIVOS CON TENSI\u00d3N Y BLINDADOS<\/b><\/h2><\/div><\/div><div id=\"s-40aee370-da98-48c9-99f8-19370ab9ae6a\" class=\"shg-c shg-align-center\"><div class=\"shogun-heading-component\"><h2 class=\"ai-optimize-48\"><b>De la incautaci\u00f3n al almacenamiento de pruebas y la extracci\u00f3n de datos<\/b><\/h2><\/div><\/div><div id=\"s-95d8e798-c7d7-4f19-894f-e7bf352cf121\" class=\"shg-c\"><div class=\"shg-rich-text shg-theme-text-content\"><p class=\"ai-optimize-49 ai-optimize-introduction\">El sistema Mission Darkness\u2122 Blocker Locker 7\u2122 resuelve m\u00faltiples problemas para los investigadores y laboratorios forenses. Para acceder eficazmente a los datos de tel\u00e9fonos m\u00f3viles y tabletas y recuperarlos, las \u00faltimas herramientas forenses requieren que los dispositivos permanezcan activos. Puede ser dif\u00edcil mantener los dispositivos protegidos de las se\u00f1ales de radiofrecuencia, cargados en todo momento y bloqueados de forma segura. El Blocker Locker 7 cumple todos estos objetivos en un \u00fanico armario dise\u00f1ado espec\u00edficamente para el blindaje, la carga y el bloqueo. La unidad incluye siete compartimentos totalmente cargados equipados con bolsas Faraday de carga y blindaje con ventana para tel\u00e9fonos, mientras que se pueden adquirir bolsas Faraday de carga y blindaje adicionales seg\u00fan sea necesario o para aumentar la capacidad.<\/p><p class=\"ai-optimize-50\">La funci\u00f3n de carga est\u00e1 dise\u00f1ada para evitar el modo de bloqueo y reducir el tiempo necesario para descifrar una contrase\u00f1a, lo que permite extraer el m\u00e1ximo de datos y desbloquear con herramientas como GrayKey, Cellebrite, Magnet, XRY, BlackBag, Oxygen, etc.<\/p><p class=\"ai-optimize-51\">Para extraer datos de un dispositivo en el Blocker Locker 7, basta con desbloquear el compartimento individual, desconectar el cable de alimentaci\u00f3n, retirar la bolsa Charge &amp; Shield Faraday Bag y transferirlo a una caja faraday forense o a una sala blindada contra RF. La bolsa puede abrirse f\u00e1cilmente dentro de una caja faraday (el cierre magn\u00e9tico patentado NeoLok\u2122 reduce la abrasi\u00f3n de los guantes faraday) mientras el dispositivo pasa al recinto blindado. El blindaje y la alimentaci\u00f3n nunca se ven comprometidos, lo que proporciona un proceso sin fisuras para los investigadores.<\/p><\/div><\/div><div id=\"s-535fdb56-9822-4870-9dba-ab01bf5d9b5c\" class=\"shg-c\"><div class=\"shg-rich-text shg-theme-text-content\"><p class=\"ai-optimize-52\"><strong><em>\u00a1NUEVO DISE\u00d1O DE TAQUILLA Y SOPORTE DE TAQUILLA A JUEGO!<\/em><\/strong><\/p><p class=\"ai-optimize-53\">El exterior de la taquilla Blocker Locker se actualiz\u00f3 a un acabado negro con un dise\u00f1o a rayas en octubre de 2022, como se muestra en la imagen anterior. Los escalones de uso y los compartimentos interiores siguen siendo los mismos que en el modelo anterior, con un acabado gris.<\/p><p class=\"ai-optimize-54\">Aluminio industrial a juego\u00a0<a href=\"https:\/\/mosequipment.com\/products\/mission-darkness-blocker-locker-7-stand\" target=\"_blank\" rel=\"noopener\">taquilla\u00a0<\/a>se introdujo en enero de 2024. El soporte accesorio adicional eleva la taquilla a una altura m\u00e1s c\u00f3moda para el usuario, optimizando el espacio de trabajo al liberar zonas de escritorio o mostrador y soportar el peso de la taquilla. Esto elimina la necesidad de una instalaci\u00f3n extensa, ya que basta con anclar la unidad a una pared.<\/p><\/div><p><iframe title=\"Nuevas herramientas para proteger las pruebas digitales: mantener los dispositivos cargando en bolsas faraday del campo al laboratorio\" width=\"800\" height=\"450\" src=\"https:\/\/www.youtube.com\/embed\/yNt15D0y3No?feature=oembed&enablejsapi=1&origin=https:\/\/elusivedata.io\" frameborder=\"0\" allow=\"accelerometer; autoplay; clipboard-write; encrypted-media; gyroscope; picture-in-picture; web-share\" referrerpolicy=\"strict-origin-when-cross-origin\" allowfullscreen><\/iframe><\/p><\/div><div id=\"s-6dfa3cca-f9ec-4a8d-aee0-14e1c64ee007\" class=\"shg-c\"><div class=\"shogun-heading-component\"><h3><b>Blocker Locker 7\u2122 Caracter\u00edsticas<\/b><\/h3><\/div><\/div><div id=\"s-bad7c9cd-926f-42d4-80f8-c1482b07c24c\" class=\"shg-c\"><div class=\"shg-rich-text shg-theme-text-content\"><ul><li>Armario seguro con siete compartimentos dise\u00f1ados espec\u00edficamente para que los investigadores forenses mantengan los dispositivos bloqueados, protegidos y cargados individualmente durante el almacenamiento.<\/li><li>Se utiliza principalmente como armario de pruebas para tel\u00e9fonos m\u00f3viles y tabletas<\/li><li>El sistema garantiza que la ingesta y el almacenamiento del dispositivo son correctos para que el proceso de desbloqueo con c\u00f3digo de acceso y extracci\u00f3n de datos pueda completarse correctamente con los mejores resultados<\/li><li>Cada armario tiene una toma de corriente con dos recept\u00e1culos USB y una cerradura exterior \u00fanica<\/li><li>El sistema de cierre consta de dos llaves para cada taquilla, cuatro llaves maestras que dan acceso a todas las taquillas y un buz\u00f3n con dos llaves.<\/li><li>Indicador luminoso de encendido en el armario principal<\/li><li>El detector de fallos de alimentaci\u00f3n env\u00eda un SMS y\/o un correo electr\u00f3nico si se pierde la alimentaci\u00f3n de la unidad<\/li><li>Pegatina magn\u00e9tica con instrucciones b\u00e1sicas de uso adherida a la taquilla (se incluye una hoja adicional con instrucciones detalladas)<\/li><li>Incluye siete bolsas Faraday Mission Darkness Window Charge &amp; Shield para tel\u00e9fonos, adem\u00e1s de todos los componentes de carga y puntas de cable necesarios (una bolsa colocada en cada compartimento de la taquilla).<\/li><li>Las bolsas Faraday Window Charge &amp; Shield est\u00e1n dise\u00f1adas exclusivamente para cargar dispositivos en el Blocker Locker 7, y luego transferirlos a una caja forense Faraday.<\/li><li>El sistema permite que los dispositivos permanezcan activos e intactos despu\u00e9s de la incautaci\u00f3n, hasta que puedan ser interrogados o se les puedan extraer datos posteriormente.<\/li><li>Las bolsas Faraday Window Charge &amp; Shield bloquean WiFi (2,4 y 5 GHz), Bluetooth, se\u00f1ales celulares, incluidas las redes 5G, GPS, RFID y se\u00f1ales de radio.<\/li><li>Mission Darkness Blocker Taquilla 7 SKU: MDBL-7<\/li><li>Dise\u00f1ado y montado en EE.UU.<\/li><li>Disponible para\u00a0<a href=\"https:\/\/mosequipment.com\/pages\/rentals\" target=\"_blank\" rel=\"noopener\">alquilar<\/a>P\u00f3ngase en contacto con nosotros<\/li><li>Compatible con el\u00a0<a href=\"https:\/\/mosequipment.com\/products\/mission-darkness-blocker-locker-7-stand\" target=\"_blank\" rel=\"noopener\">Soporte Blocker Locker 7<\/a>\u00a0accesorio complementario; se apilan para aumentar el almacenamiento y el soporte<\/li><li>A continuaci\u00f3n se enumeran otras opciones adicionales<\/li><li>Instalaci\u00f3n sencilla: vea el\u00a0<a href=\"https:\/\/www.youtube.com\/watch?v=VNqUHj2yK-k&amp;t=1s\" target=\"_blank\" rel=\"noopener\">v\u00eddeo de instalaci\u00f3n<\/a>\u00a0para m\u00e1s informaci\u00f3n<\/li><\/ul><div id=\"s-aabe743a-1c5d-4e8b-ad17-a88a3015dce0\" class=\"shg-c shg-align-left\"><div class=\"shogun-heading-component\"><h3><b>Bloquear, blindar, cargar y extraer datos de los dispositivos<\/b><\/h3><\/div><\/div><div id=\"s-61d54b4c-cdb0-4a67-9ce5-6bdf6d661cd1\" class=\"shg-c\"><div class=\"shg-rich-text shg-theme-text-content\"><p>El sistema completo Blocker Locker 7 - Charge &amp; Shield Evidence Cabinet se utiliza principalmente con elementos de pruebas forenses digitales como tel\u00e9fonos m\u00f3viles, tabletas, rastreadores GPS y aparatos electr\u00f3nicos similares. El filtro USB de doble cara en cada Charge &amp; Shield Faraday Bag permite al usuario cambiar f\u00e1cilmente de la alimentaci\u00f3n a la herramienta de extracci\u00f3n cuando sea necesario.<\/p><\/div><\/div><div id=\"s-99de235f-fdf8-4158-8f73-6c8f60cf0a4c\" class=\"shg-c\"><div class=\"shogun-heading-component\"><h3><b>Compre bolsas Faraday de carga y blindaje adicionales para aumentar la capacidad<\/b><\/h3><\/div><\/div><div id=\"s-29af5046-f08d-4eb5-83df-7f331e579d0f\" class=\"shg-c\"><div class=\"shg-rich-text shg-theme-text-content\"><p>El Blocker Locker 7 viene con siete Bolsas Faraday de Carga y Blindaje para Tel\u00e9fonos m\u00e1s todos los componentes de carga necesarios. La bolsa puede transferirse de la taquilla al laboratorio sin comprometer el blindaje de RF. En cada compartimento de la taquilla caben hasta dos bolsas Charge &amp; Shield Faraday. Adquiera Bolsas Charge &amp; Shield Faraday adicionales para poder guardar m\u00e1s de siete dispositivos en el armario. Disponibles en tama\u00f1o para tel\u00e9fono o tableta, con ventana o sin ventana (*se prefieren las bolsas con ventana para su uso con el armario Blocker Locker). A continuaci\u00f3n se enumeran otras opciones adicionales. H\u00e1ganos saber sus requisitos para que podamos presupuestarle en consecuencia.<\/p><\/div><\/div><div id=\"s-fe178d28-2697-40ad-a7bd-834bad92d1d7\" class=\"shg-c\"><div class=\"shogun-heading-component\"><h3><b>Cada bolsa Faraday Window Charge &amp; Shield incluye<\/b><\/h3><\/div><\/div><div id=\"s-0174bb3d-a575-4af6-897b-e277d0459761\" class=\"shg-c\"><div class=\"shg-rich-text shg-theme-text-content\"><ul><li>Bolsa Charge &amp; Shield Faraday con ventana transparente, filtro USB de doble cara con bloqueo de cable externo, cierre magn\u00e9tico NeoLok, n\u00famero de serie, bolsillo para tarjetas y compartimento con cremallera en la parte posterior para guardar los cables.<\/li><li>Dos\u00a0<a href=\"https:\/\/mosequipment.com\/products\/cable-set\" target=\"_blank\" rel=\"noopener\">Juegos de cables<\/a>\u00a0(cada juego incluye un \u00e1ngulo universal USB A\/M a A\/M, lightning a USB, micro USB, USB-C y extensi\u00f3n USB)<\/li><li>Complementos opcionales de carga de corta duraci\u00f3n, como un adaptador de cargador de coche de doble puerto USB, un cargador de pared de doble puerto USB y bancos de energ\u00eda de carga continua (m\u00e1s detalles a continuaci\u00f3n).<\/li><\/ul><\/div><\/div><div id=\"s-16be0ff0-987e-439c-9391-123b66712464\" class=\"shg-c\"><div class=\"shogun-heading-component\"><h3><b>Dimensiones y peso<\/b><\/h3><\/div><\/div><div id=\"s-004d403b-9560-4e2a-ad3a-1cc9def23b34\" class=\"shg-c\"><div class=\"shg-rich-text shg-theme-text-content\"><ul><li>Dimensiones interiores del compartimento de taquilla individual: 13\u2033 L x 18\u2033 W x 4,5\u2033 H (33cm x 45,7cm x 11,4cm)<\/li><li>Dimensiones exteriores del armario: 15\u2033 L x 18\u2033 W x 34\u2033 H (38,1cm x 45,7cm x 86,4cm)<\/li><li>Peso del armario: 85 libras (38,6 kg)<\/li><li>Peso del env\u00edo: 47,6 kg (105 lb) - se env\u00eda en un pal\u00e9<\/li><\/ul><\/div><\/div><\/div><\/div>\t\t\t\t\t\t\t\t<\/div>\n\t\t\t\t<\/div>\n\t\t\t\t\t<\/div>\n\t\t\t\t<\/div>\n\t\t\t\t<\/div>","protected":false},"excerpt":{"rendered":"<p>El sistema Mission Darkness\u2122 Blocker Locker 7\u2122 resuelve m\u00faltiples problemas para los investigadores y laboratorios forenses. Para acceder eficazmente a los datos de tel\u00e9fonos m\u00f3viles y tabletas y recuperarlos, las \u00faltimas herramientas forenses requieren que los dispositivos permanezcan activos. Puede ser dif\u00edcil mantener los dispositivos protegidos de las se\u00f1ales de radiofrecuencia, cargados en todo momento y bloqueados de forma segura. El Blocker Locker 7 cumple todos estos objetivos en un \u00fanico armario dise\u00f1ado espec\u00edficamente para el blindaje, la carga y el bloqueo. La unidad incluye siete compartimentos totalmente cargados equipados con bolsas Faraday de carga y blindaje con ventana para tel\u00e9fonos, mientras que se pueden adquirir bolsas Faraday de carga y blindaje adicionales seg\u00fan sea necesario o para aumentar la capacidad.<\/p>","protected":false},"featured_media":8833,"template":"","meta":{"content-type":""},"product_brand":[],"product_cat":[108],"product_tag":[],"class_list":{"0":"post-8829","1":"product","2":"type-product","3":"status-publish","4":"has-post-thumbnail","6":"product_cat-future-physical-products","8":"first","9":"instock","10":"taxable","11":"shipping-taxable","12":"purchasable","13":"product-type-simple"},"acf":[],"yoast_head":"<!-- This site is optimized with the Yoast SEO Premium plugin v27.3 (Yoast SEO v27.3) - https:\/\/yoast.com\/product\/yoast-seo-premium-wordpress\/ -->\n<title>MISSION DARKNESS\u2122 BLOCKER LOCKER 7 - Elusive Data<\/title>\n<meta name=\"robots\" content=\"index, follow, max-snippet:-1, max-image-preview:large, max-video-preview:-1\" \/>\n<link rel=\"canonical\" href=\"https:\/\/elusivedata.io\/es\/producto\/mision-oscuridad-bloqueador-locker-7\/\" \/>\n<meta property=\"og:locale\" content=\"es_ES\" \/>\n<meta property=\"og:type\" content=\"article\" \/>\n<meta property=\"og:title\" content=\"MISSION DARKNESS\u2122 BLOCKER LOCKER 7\" \/>\n<meta property=\"og:description\" content=\"The Mission Darkness\u2122 Blocker Locker 7\u2122 system solves multiple problems for forensics investigators and labs. To effectively access and recover data from cell phones and tablets, the latest forensic tools require devices to stay live. It can be difficult to keep devices shielded from RF signals, charged at all times, and securely locked. The Blocker Locker 7 accomplishes all of these objectives in a single cabinet designed specifically for shielding, charging, and locking. The unit includes seven fully loaded compartments equipped with Window Charge &amp; Shield Faraday Bags for Phones, while additional Charge &amp; Shield Faraday Bags can be purchased as required or to increase capacity.\" \/>\n<meta property=\"og:url\" content=\"https:\/\/elusivedata.io\/es\/producto\/mision-oscuridad-bloqueador-locker-7\/\" \/>\n<meta property=\"og:site_name\" content=\"Elusive Data\" \/>\n<meta property=\"article:modified_time\" content=\"2025-06-24T06:31:11+00:00\" \/>\n<meta property=\"og:image\" content=\"https:\/\/elusivedata.io\/wp-content\/uploads\/2025\/06\/BlockerLocker7BlackFinish_480x480.webp\" \/>\n\t<meta property=\"og:image:width\" content=\"480\" \/>\n\t<meta property=\"og:image:height\" content=\"480\" \/>\n\t<meta property=\"og:image:type\" content=\"image\/webp\" \/>\n<meta name=\"twitter:card\" content=\"summary_large_image\" \/>\n<script type=\"application\/ld+json\" class=\"yoast-schema-graph\">{\"@context\":\"https:\\\/\\\/schema.org\",\"@graph\":[{\"@type\":\"WebPage\",\"@id\":\"https:\\\/\\\/elusivedata.io\\\/product\\\/mission-darkness-blocker-locker-7\\\/\",\"url\":\"https:\\\/\\\/elusivedata.io\\\/product\\\/mission-darkness-blocker-locker-7\\\/\",\"name\":\"MISSION DARKNESS\u2122 BLOCKER LOCKER 7 - Elusive Data\",\"isPartOf\":{\"@id\":\"https:\\\/\\\/elusivedata.io\\\/#website\"},\"primaryImageOfPage\":{\"@id\":\"https:\\\/\\\/elusivedata.io\\\/product\\\/mission-darkness-blocker-locker-7\\\/#primaryimage\"},\"image\":{\"@id\":\"https:\\\/\\\/elusivedata.io\\\/product\\\/mission-darkness-blocker-locker-7\\\/#primaryimage\"},\"thumbnailUrl\":\"https:\\\/\\\/elusivedata.io\\\/wp-content\\\/uploads\\\/2025\\\/06\\\/BlockerLocker7BlackFinish_480x480.webp\",\"datePublished\":\"2025-06-17T08:15:51+00:00\",\"dateModified\":\"2025-06-24T06:31:11+00:00\",\"breadcrumb\":{\"@id\":\"https:\\\/\\\/elusivedata.io\\\/product\\\/mission-darkness-blocker-locker-7\\\/#breadcrumb\"},\"inLanguage\":\"es\",\"potentialAction\":[{\"@type\":\"ReadAction\",\"target\":[\"https:\\\/\\\/elusivedata.io\\\/product\\\/mission-darkness-blocker-locker-7\\\/\"]}]},{\"@type\":\"ImageObject\",\"inLanguage\":\"es\",\"@id\":\"https:\\\/\\\/elusivedata.io\\\/product\\\/mission-darkness-blocker-locker-7\\\/#primaryimage\",\"url\":\"https:\\\/\\\/elusivedata.io\\\/wp-content\\\/uploads\\\/2025\\\/06\\\/BlockerLocker7BlackFinish_480x480.webp\",\"contentUrl\":\"https:\\\/\\\/elusivedata.io\\\/wp-content\\\/uploads\\\/2025\\\/06\\\/BlockerLocker7BlackFinish_480x480.webp\",\"width\":480,\"height\":480,\"caption\":\"Mission Darkness BlockerLocker 7 Faraday case \u2014 secure signal-blocking device storage\"},{\"@type\":\"BreadcrumbList\",\"@id\":\"https:\\\/\\\/elusivedata.io\\\/product\\\/mission-darkness-blocker-locker-7\\\/#breadcrumb\",\"itemListElement\":[{\"@type\":\"ListItem\",\"position\":1,\"name\":\"Home\",\"item\":\"https:\\\/\\\/elusivedata.io\\\/\"},{\"@type\":\"ListItem\",\"position\":2,\"name\":\"Products\",\"item\":\"https:\\\/\\\/elusivedata.io\\\/shop\\\/\"},{\"@type\":\"ListItem\",\"position\":3,\"name\":\"MISSION DARKNESS\u2122 BLOCKER LOCKER 7\"}]},{\"@type\":\"WebSite\",\"@id\":\"https:\\\/\\\/elusivedata.io\\\/#website\",\"url\":\"https:\\\/\\\/elusivedata.io\\\/\",\"name\":\"ElusiveData\",\"description\":\"Excellence in Digital Forensics Training and Consulting\",\"publisher\":{\"@id\":\"https:\\\/\\\/elusivedata.io\\\/#organization\"},\"potentialAction\":[{\"@type\":\"SearchAction\",\"target\":{\"@type\":\"EntryPoint\",\"urlTemplate\":\"https:\\\/\\\/elusivedata.io\\\/?s={search_term_string}\"},\"query-input\":{\"@type\":\"PropertyValueSpecification\",\"valueRequired\":true,\"valueName\":\"search_term_string\"}}],\"inLanguage\":\"es\"},{\"@type\":\"Organization\",\"@id\":\"https:\\\/\\\/elusivedata.io\\\/#organization\",\"name\":\"ElusiveData\",\"url\":\"https:\\\/\\\/elusivedata.io\\\/\",\"logo\":{\"@type\":\"ImageObject\",\"inLanguage\":\"es\",\"@id\":\"https:\\\/\\\/elusivedata.io\\\/#\\\/schema\\\/logo\\\/image\\\/\",\"url\":\"https:\\\/\\\/elusivedata.io\\\/wp-content\\\/uploads\\\/2024\\\/11\\\/Asset-3_2x-scaled.png\",\"contentUrl\":\"https:\\\/\\\/elusivedata.io\\\/wp-content\\\/uploads\\\/2024\\\/11\\\/Asset-3_2x-scaled.png\",\"width\":2560,\"height\":370,\"caption\":\"ElusiveData\"},\"image\":{\"@id\":\"https:\\\/\\\/elusivedata.io\\\/#\\\/schema\\\/logo\\\/image\\\/\"},\"sameAs\":[\"https:\\\/\\\/www.youtube.com\\\/@elusivedata\"]}]}<\/script>\n<!-- \/ Yoast SEO Premium plugin. -->","yoast_head_json":{"title":"MISI\u00d3N OSCURIDAD\u2122 BLOQUEADOR 7 - Datos evasivos","robots":{"index":"index","follow":"follow","max-snippet":"max-snippet:-1","max-image-preview":"max-image-preview:large","max-video-preview":"max-video-preview:-1"},"canonical":"https:\/\/elusivedata.io\/es\/producto\/mision-oscuridad-bloqueador-locker-7\/","og_locale":"es_ES","og_type":"article","og_title":"MISSION DARKNESS\u2122 BLOCKER LOCKER 7","og_description":"The Mission Darkness\u2122 Blocker Locker 7\u2122 system solves multiple problems for forensics investigators and labs. To effectively access and recover data from cell phones and tablets, the latest forensic tools require devices to stay live. It can be difficult to keep devices shielded from RF signals, charged at all times, and securely locked. The Blocker Locker 7 accomplishes all of these objectives in a single cabinet designed specifically for shielding, charging, and locking. The unit includes seven fully loaded compartments equipped with Window Charge &amp; Shield Faraday Bags for Phones, while additional Charge &amp; Shield Faraday Bags can be purchased as required or to increase capacity.","og_url":"https:\/\/elusivedata.io\/es\/producto\/mision-oscuridad-bloqueador-locker-7\/","og_site_name":"Elusive Data","article_modified_time":"2025-06-24T06:31:11+00:00","og_image":[{"width":480,"height":480,"url":"https:\/\/elusivedata.io\/wp-content\/uploads\/2025\/06\/BlockerLocker7BlackFinish_480x480.webp","type":"image\/webp"}],"twitter_card":"summary_large_image","schema":{"@context":"https:\/\/schema.org","@graph":[{"@type":"WebPage","@id":"https:\/\/elusivedata.io\/product\/mission-darkness-blocker-locker-7\/","url":"https:\/\/elusivedata.io\/product\/mission-darkness-blocker-locker-7\/","name":"MISI\u00d3N OSCURIDAD\u2122 BLOQUEADOR 7 - Datos evasivos","isPartOf":{"@id":"https:\/\/elusivedata.io\/#website"},"primaryImageOfPage":{"@id":"https:\/\/elusivedata.io\/product\/mission-darkness-blocker-locker-7\/#primaryimage"},"image":{"@id":"https:\/\/elusivedata.io\/product\/mission-darkness-blocker-locker-7\/#primaryimage"},"thumbnailUrl":"https:\/\/elusivedata.io\/wp-content\/uploads\/2025\/06\/BlockerLocker7BlackFinish_480x480.webp","datePublished":"2025-06-17T08:15:51+00:00","dateModified":"2025-06-24T06:31:11+00:00","breadcrumb":{"@id":"https:\/\/elusivedata.io\/product\/mission-darkness-blocker-locker-7\/#breadcrumb"},"inLanguage":"es","potentialAction":[{"@type":"ReadAction","target":["https:\/\/elusivedata.io\/product\/mission-darkness-blocker-locker-7\/"]}]},{"@type":"ImageObject","inLanguage":"es","@id":"https:\/\/elusivedata.io\/product\/mission-darkness-blocker-locker-7\/#primaryimage","url":"https:\/\/elusivedata.io\/wp-content\/uploads\/2025\/06\/BlockerLocker7BlackFinish_480x480.webp","contentUrl":"https:\/\/elusivedata.io\/wp-content\/uploads\/2025\/06\/BlockerLocker7BlackFinish_480x480.webp","width":480,"height":480,"caption":"Mission Darkness BlockerLocker 7 Faraday case \u2014 secure signal-blocking device storage"},{"@type":"BreadcrumbList","@id":"https:\/\/elusivedata.io\/product\/mission-darkness-blocker-locker-7\/#breadcrumb","itemListElement":[{"@type":"ListItem","position":1,"name":"Home","item":"https:\/\/elusivedata.io\/"},{"@type":"ListItem","position":2,"name":"Products","item":"https:\/\/elusivedata.io\/shop\/"},{"@type":"ListItem","position":3,"name":"MISSION DARKNESS\u2122 BLOCKER LOCKER 7"}]},{"@type":"WebSite","@id":"https:\/\/elusivedata.io\/#website","url":"https:\/\/elusivedata.io\/","name":"ElusiveData","description":"Excelencia en formaci\u00f3n y consultor\u00eda forense digital","publisher":{"@id":"https:\/\/elusivedata.io\/#organization"},"potentialAction":[{"@type":"SearchAction","target":{"@type":"EntryPoint","urlTemplate":"https:\/\/elusivedata.io\/?s={search_term_string}"},"query-input":{"@type":"PropertyValueSpecification","valueRequired":true,"valueName":"search_term_string"}}],"inLanguage":"es"},{"@type":"Organization","@id":"https:\/\/elusivedata.io\/#organization","name":"ElusiveData","url":"https:\/\/elusivedata.io\/","logo":{"@type":"ImageObject","inLanguage":"es","@id":"https:\/\/elusivedata.io\/#\/schema\/logo\/image\/","url":"https:\/\/elusivedata.io\/wp-content\/uploads\/2024\/11\/Asset-3_2x-scaled.png","contentUrl":"https:\/\/elusivedata.io\/wp-content\/uploads\/2024\/11\/Asset-3_2x-scaled.png","width":2560,"height":370,"caption":"ElusiveData"},"image":{"@id":"https:\/\/elusivedata.io\/#\/schema\/logo\/image\/"},"sameAs":["https:\/\/www.youtube.com\/@elusivedata"]}]}},"_links":{"self":[{"href":"https:\/\/elusivedata.io\/es\/wp-json\/wp\/v2\/product\/8829","targetHints":{"allow":["GET"]}}],"collection":[{"href":"https:\/\/elusivedata.io\/es\/wp-json\/wp\/v2\/product"}],"about":[{"href":"https:\/\/elusivedata.io\/es\/wp-json\/wp\/v2\/types\/product"}],"version-history":[{"count":5,"href":"https:\/\/elusivedata.io\/es\/wp-json\/wp\/v2\/product\/8829\/revisions"}],"predecessor-version":[{"id":8839,"href":"https:\/\/elusivedata.io\/es\/wp-json\/wp\/v2\/product\/8829\/revisions\/8839"}],"wp:featuredmedia":[{"embeddable":true,"href":"https:\/\/elusivedata.io\/es\/wp-json\/wp\/v2\/media\/8833"}],"wp:attachment":[{"href":"https:\/\/elusivedata.io\/es\/wp-json\/wp\/v2\/media?parent=8829"}],"wp:term":[{"taxonomy":"product_brand","embeddable":true,"href":"https:\/\/elusivedata.io\/es\/wp-json\/wp\/v2\/product_brand?post=8829"},{"taxonomy":"product_cat","embeddable":true,"href":"https:\/\/elusivedata.io\/es\/wp-json\/wp\/v2\/product_cat?post=8829"},{"taxonomy":"product_tag","embeddable":true,"href":"https:\/\/elusivedata.io\/es\/wp-json\/wp\/v2\/product_tag?post=8829"}],"curies":[{"name":"wp","href":"https:\/\/api.w.org\/{rel}","templated":true}]}}