{"id":7104,"date":"2025-06-17T08:15:53","date_gmt":"2025-06-17T08:15:53","guid":{"rendered":"https:\/\/elusivedata.io\/?post_type=product&#038;p=7104"},"modified":"2025-06-24T06:30:57","modified_gmt":"2025-06-24T06:30:57","slug":"mission-darkness-bolsa-faraday-sin-ventana-para-telefonos","status":"publish","type":"product","link":"https:\/\/elusivedata.io\/es\/product\/mission-darkness-non-window-faraday-bag-for-phones\/","title":{"rendered":"Mission Darkness\u2122 Bolsa Faraday sin ventana para tel\u00e9fonos"},"content":{"rendered":"<div data-elementor-type=\"product-post\" data-elementor-id=\"7104\" class=\"elementor elementor-7104\" data-elementor-post-type=\"product\">\n\t\t\t\t<div class=\"elementor-element elementor-element-347fe6d2 e-flex e-con-boxed e-con e-parent\" data-id=\"347fe6d2\" data-element_type=\"container\" data-e-type=\"container\">\n\t\t\t\t\t<div class=\"e-con-inner\">\n\t\t\t\t<div class=\"elementor-element elementor-element-322b7be9 elementor-widget elementor-widget-text-editor\" data-id=\"322b7be9\" data-element_type=\"widget\" data-e-type=\"widget\" data-widget_type=\"text-editor.default\">\n\t\t\t\t<div class=\"elementor-widget-container\">\n\t\t\t\t\t\t\t\t\t<div id=\"s-05dc07eb-99c9-4894-bd54-ad282338cdfc\" class=\"shg-c shg-align-left\"><div class=\"shogun-heading-component\"><h3>MANTENGA PROTEGIDOS LOS TEL\u00c9FONOS M\u00d3VILES Y LOS DISPOSITIVOS PEQUE\u00d1OS<\/h3><\/div><\/div><div id=\"s-de9267bc-e0ff-486e-b2ef-edb390020d38\" class=\"shg-c\"><div class=\"shg-rich-text shg-theme-text-content\"><p><span data-fontfamily=\"Open Sans\">La bolsa de Faraday sin ventana Mission Darkness\u2122 para tel\u00e9fonos bloquea por completo todas las se\u00f1ales inal\u00e1mbricas y mantiene protegidos los dispositivos electr\u00f3nicos peque\u00f1os para evitar la pirater\u00eda, el rastreo, el espionaje y la corrupci\u00f3n de la cadena de custodia. Cuando un tel\u00e9fono m\u00f3vil est\u00e1 correctamente encerrado en la bolsa, ninguna aplicaci\u00f3n o c\u00f3digo malicioso puede ser activado o borrado de forma remota, ninguna comunicaci\u00f3n puede penetrar, y nadie puede acceder al micr\u00f3fono, c\u00e1mara, localizaci\u00f3n GPS o datos. Sus principales usos son la recogida de pruebas forenses para las fuerzas de seguridad y el ej\u00e9rcito, la defensa contra el robo de datos, la seguridad personal, la protecci\u00f3n contra el EMP, la reducci\u00f3n de la radiaci\u00f3n EMF y la mejora de la privacidad digital.<\/span><\/p><p class=\"a-spacing-base\"><span data-fontfamily=\"Open Sans\">La bolsa est\u00e1 fabricada con un material exterior de nailon bal\u00edstico duradero y resistente al agua para garantizar que los dispositivos y el tejido Faraday permanezcan secos y protegidos. El interior incluye dos capas de tejido de alto blindaje TitanRF\u2122 Faraday en todos los lados con construcci\u00f3n de doble costura emparejada. La bolsa bloquear\u00e1 todas las se\u00f1ales inal\u00e1mbricas, como WiFi (2,4 y 5 GHz), Bluetooth, se\u00f1ales celulares, incluidas las redes 5G, GPS, RFID, NFC y se\u00f1ales de radio de baja MHz a 40 GHz. Otras caracter\u00edsticas del producto son el doble rollo con cierre de velcro, el n\u00famero de serie \u00fanico y el bolsillo transparente para la marca.<\/span><\/p><p class=\"a-spacing-base\"><span data-fontfamily=\"Open Sans\">La bolsa suele utilizarse para proteger tel\u00e9fonos m\u00f3viles, pasaportes, unidades GPS, transpondedores, radios bidireccionales, llaveros, relojes inteligentes y aparatos electr\u00f3nicos de tama\u00f1o similar.<\/span><\/p><\/div><\/div><div id=\"s-de9267bc-e0ff-486e-b2ef-edb390020d38\" class=\"shg-c\"><p><iframe title=\"Bolsa Faraday sin ventana para tel\u00e9fonos\" width=\"800\" height=\"450\" src=\"https:\/\/www.youtube.com\/embed\/zJYacX-eBu4?feature=oembed&enablejsapi=1&origin=https:\/\/elusivedata.io\" frameborder=\"0\" allow=\"accelerometer; autoplay; clipboard-write; encrypted-media; gyroscope; picture-in-picture; web-share\" referrerpolicy=\"strict-origin-when-cross-origin\" allowfullscreen><\/iframe><\/p><div id=\"s-16808c6f-83c1-43be-8828-10073cc85317\" class=\"shg-c shg-align-left\"><div class=\"shogun-heading-component\"><h3>CARACTER\u00cdSTICAS<\/h3><\/div><\/div><div id=\"s-88f77b33-5a3e-4ac5-92bd-688439304562\" class=\"shg-c\"><div class=\"shg-rich-text shg-theme-text-content\"><ul class=\"a-vertical a-spacing-none\"><li>Bolsa faraday de calidad militar dise\u00f1ada para investigadores forenses de las fuerzas de seguridad y servicios armados para proteger los dispositivos electr\u00f3nicos de las se\u00f1ales de radiofrecuencia; tambi\u00e9n se utiliza para la reducci\u00f3n de la radiaci\u00f3n EMF, viajes ejecutivos, seguridad personal y protecci\u00f3n EMP.<\/li><li>La bolsa tama\u00f1o tel\u00e9fono protege tel\u00e9fonos m\u00f3viles, unidades GPS, transpondedores electr\u00f3nicos de peaje (como E-ZPass), llaveros, relojes inteligentes u otros dispositivos de tama\u00f1o similar.<\/li><li>Dos capas de tejido TitanRF Faraday de alto apantallamiento en todos los lados interiores con construcci\u00f3n de doble costura emparejada (el tejido TitanRF Faraday ha sido probado en laboratorio y certificado conforme a las normas de eficacia de apantallamiento MIL STD 188-125 e IEEE 299-2006).<\/li><li><span class=\"a-list-item\">Bloquea WiFi (2,4 y 5 GHz), Bluetooth, se\u00f1ales celulares, incluidas redes 5G, GPS, RFID, NFC y se\u00f1ales de radio de baja frecuencia (MHz) a 40 GHz.<\/span><\/li><li>Blindaje contra radiaciones EMI, EMR y EMF<\/li><li><span class=\"a-list-item\">Serializaci\u00f3n \u00fanica para el seguimiento de activos y la cadena de custodia de pruebas<\/span><\/li><li><span class=\"a-list-item\">Bolsillo transparente en la parte trasera para mostrar informaci\u00f3n de la agencia<\/span><\/li><li><span class=\"a-list-item\">Materiales exteriores de nailon bal\u00edstico resistente al agua<\/span><\/li><li>Doble rollo seguro y cierre de velcro<\/li><li>Gran abertura para tel\u00e9fonos m\u00f3viles de cualquier tama\u00f1o<\/li><\/ul><\/div><\/div><\/div><div id=\"s-de9267bc-e0ff-486e-b2ef-edb390020d38\" class=\"shg-c\"><div id=\"s-7a55e557-9bc3-4dd3-bdf2-0ae7b2269817\" class=\"shg-c shg-align-left\"><div class=\"shogun-heading-component\"><h3>DIMENSIONES<\/h3><\/div><\/div><div id=\"s-d665d525-ab11-4f82-b462-839c1ffaa899\" class=\"shg-c\"><div class=\"shg-rich-text shg-theme-text-content\"><ul class=\"a-vertical a-spacing-none\"><li><span class=\"a-list-item\">Dimensiones de uso interno cuando est\u00e1 cerrado (el dispositivo debe caber dentro de estas dimensiones): 9,5\u2033 x 5,5\u2033 (24,1cm x 14cm)<\/span><\/li><li><span class=\"a-list-item\">Dimensiones externas cuando est\u00e1 abierto: 9,75\u2033 x 9,5\u2033 x .2\u2033 (24,8cm x 24,1cm x 5,1mm)<\/span><\/li><\/ul><\/div><div id=\"s-7fe8e632-2a68-4f1e-a672-9bf6e93c2602\" class=\"shg-c shg-align-left\"><div class=\"shogun-heading-component\"><h3>COM\u00daNMENTE UTILIZADO PARA PROTEGER<\/h3><\/div><\/div><div id=\"s-d32a8be4-a495-4b24-b173-e7d574ceda58\" class=\"shg-c\"><div class=\"shg-row\" data-col-grid-mode-on=\"\"><div class=\"shg-c-lg-6 shg-c-md-6 shg-c-sm-6 shg-c-xs-12\"><div id=\"s-b13c692e-1ea7-47ff-b1f6-9b49bc7a49ee\" class=\"shg-c\"><div class=\"shg-rich-text shg-theme-text-content\"><ul><li>Tel\u00e9fonos m\u00f3viles<\/li><li>Transpondedores<\/li><li>Pasaportes<\/li><li>Unidades GPS<\/li><li>Llaveros<\/li><\/ul><\/div><\/div><\/div><div class=\"shg-c-lg-6 shg-c-md-6 shg-c-sm-6 shg-c-xs-12\"><div id=\"s-83332800-ba2e-4d59-9116-947634d283aa\" class=\"shg-c\"><div class=\"shg-rich-text shg-theme-text-content\"><ul><li>Tarjetas de cr\u00e9dito<\/li><li>Tarjetas de acceso a edificios<\/li><li>Relojes inteligentes<\/li><li>Transmisores<\/li><li>Radios bidireccionales<\/li><\/ul><\/div><\/div><\/div><\/div><\/div><div id=\"s-b2149c1d-8dbe-4fd9-9291-ee91541fa6fd\" class=\"shg-c shg-align-left\"><div class=\"shogun-heading-component\"><h3>A\u00d1ADA F\u00c1CILMENTE INFORMACI\u00d3N SOBRE DEPARTAMENTOS Y ORGANISMOS<\/h3><\/div><\/div><div id=\"s-b135e7de-96df-4928-a1d2-577541467120\" class=\"shg-c\"><div class=\"shg-rich-text shg-theme-text-content\"><p>Las bolsas faraday Mission Darkness tienen un bolsillo con cierre de velcro en la parte posterior para colocar una tarjeta de visita o una pegatina m\u00e1s permanente. No es necesario serigrafiar la informaci\u00f3n de su departamento en la bolsa. Si desea una forma permanente de personalizar las bolsas, podemos a\u00f1adir etiquetas tejidas durante la producci\u00f3n. P\u00f3ngase en contacto con nosotros para hablar de las opciones.<\/p><\/div><\/div><\/div><\/div>\t\t\t\t\t\t\t\t<\/div>\n\t\t\t\t<\/div>\n\t\t\t\t\t<\/div>\n\t\t\t\t<\/div>\n\t\t<div class=\"elementor-element elementor-element-b25f885 e-flex e-con-boxed e-con e-parent\" data-id=\"b25f885\" data-element_type=\"container\" data-e-type=\"container\">\n\t\t\t\t\t<div class=\"e-con-inner\">\n\t\t<div class=\"elementor-element elementor-element-5822c12 e-con-full e-flex e-con e-child\" data-id=\"5822c12\" data-element_type=\"container\" data-e-type=\"container\">\n\t\t\t\t<div class=\"elementor-element elementor-element-a64f718 elementor-widget elementor-widget-image\" data-id=\"a64f718\" data-element_type=\"widget\" data-e-type=\"widget\" data-widget_type=\"image.default\">\n\t\t\t\t<div class=\"elementor-widget-container\">\n\t\t\t\t\t\t\t\t\t\t\t\t\t\t\t<img fetchpriority=\"high\" decoding=\"async\" width=\"480\" height=\"480\" src=\"https:\/\/elusivedata.io\/wp-content\/uploads\/2025\/05\/SNW_wall_large.webp\" class=\"attachment-large size-large wp-image-7108\" alt=\"Mission Darkness signal non-window Faraday wall mount \u2014 RF shielding installation\" srcset=\"https:\/\/elusivedata.io\/wp-content\/uploads\/2025\/05\/SNW_wall_large.webp 480w, https:\/\/elusivedata.io\/wp-content\/uploads\/2025\/05\/SNW_wall_large-300x300.webp 300w, https:\/\/elusivedata.io\/wp-content\/uploads\/2025\/05\/SNW_wall_large-150x150.webp 150w, https:\/\/elusivedata.io\/wp-content\/uploads\/2025\/05\/SNW_wall_large-12x12.webp 12w, https:\/\/elusivedata.io\/wp-content\/uploads\/2025\/05\/SNW_wall_large-320x320.webp 320w, https:\/\/elusivedata.io\/wp-content\/uploads\/2025\/05\/SNW_wall_large-100x100.webp 100w\" sizes=\"(max-width: 480px) 100vw, 480px\" \/>\t\t\t\t\t\t\t\t\t\t\t\t\t\t\t<\/div>\n\t\t\t\t<\/div>\n\t\t\t\t<\/div>\n\t\t<div class=\"elementor-element elementor-element-d454967 e-con-full e-flex e-con e-child\" data-id=\"d454967\" data-element_type=\"container\" data-e-type=\"container\">\n\t\t\t\t<div class=\"elementor-element elementor-element-96afd19 elementor-widget elementor-widget-image\" data-id=\"96afd19\" data-element_type=\"widget\" data-e-type=\"widget\" data-widget_type=\"image.default\">\n\t\t\t\t<div class=\"elementor-widget-container\">\n\t\t\t\t\t\t\t\t\t\t\t\t\t\t\t<img decoding=\"async\" width=\"480\" height=\"480\" src=\"https:\/\/elusivedata.io\/wp-content\/uploads\/2025\/05\/TPW01677_large.webp\" class=\"attachment-large size-large wp-image-7106\" alt=\"Mission Darkness Faraday bag studio shot \u2014 professional signal-blocking equipment\" srcset=\"https:\/\/elusivedata.io\/wp-content\/uploads\/2025\/05\/TPW01677_large.webp 480w, https:\/\/elusivedata.io\/wp-content\/uploads\/2025\/05\/TPW01677_large-300x300.webp 300w, https:\/\/elusivedata.io\/wp-content\/uploads\/2025\/05\/TPW01677_large-150x150.webp 150w, https:\/\/elusivedata.io\/wp-content\/uploads\/2025\/05\/TPW01677_large-12x12.webp 12w, https:\/\/elusivedata.io\/wp-content\/uploads\/2025\/05\/TPW01677_large-320x320.webp 320w, https:\/\/elusivedata.io\/wp-content\/uploads\/2025\/05\/TPW01677_large-100x100.webp 100w\" sizes=\"(max-width: 480px) 100vw, 480px\" \/>\t\t\t\t\t\t\t\t\t\t\t\t\t\t\t<\/div>\n\t\t\t\t<\/div>\n\t\t\t\t<\/div>\n\t\t\t\t\t<\/div>\n\t\t\t\t<\/div>\n\t\t\t\t<\/div>","protected":false},"excerpt":{"rendered":"<p>La bolsa de Faraday sin ventana Mission Darkness\u2122 para tel\u00e9fonos bloquea por completo todas las se\u00f1ales inal\u00e1mbricas y mantiene protegidos los dispositivos electr\u00f3nicos peque\u00f1os para evitar la pirater\u00eda, el rastreo, el espionaje y la corrupci\u00f3n de la cadena de custodia. Cuando un tel\u00e9fono m\u00f3vil est\u00e1 correctamente encerrado en la bolsa, ninguna aplicaci\u00f3n o c\u00f3digo malicioso puede ser activado o borrado de forma remota, ninguna comunicaci\u00f3n puede penetrar, y nadie puede acceder al micr\u00f3fono, c\u00e1mara, localizaci\u00f3n GPS o datos. Sus principales usos son la recogida de pruebas forenses para las fuerzas de seguridad y el ej\u00e9rcito, la defensa contra el robo de datos, la seguridad personal, la protecci\u00f3n contra el EMP, la reducci\u00f3n de la radiaci\u00f3n EMF y la mejora de la privacidad digital.<\/p>","protected":false},"featured_media":7105,"template":"","meta":{"content-type":""},"product_brand":[],"product_cat":[108],"product_tag":[],"class_list":{"0":"post-7104","1":"product","2":"type-product","3":"status-publish","4":"has-post-thumbnail","6":"product_cat-future-physical-products","8":"first","9":"instock","10":"taxable","11":"shipping-taxable","12":"purchasable","13":"product-type-simple"},"acf":[],"yoast_head":"<!-- This site is optimized with the Yoast SEO Premium plugin v27.3 (Yoast SEO v27.3) - https:\/\/yoast.com\/product\/yoast-seo-premium-wordpress\/ -->\n<title>Mission Darkness\u2122 Non-Window Faraday Bag for Phones - Elusive Data<\/title>\n<meta name=\"robots\" content=\"index, follow, max-snippet:-1, max-image-preview:large, max-video-preview:-1\" \/>\n<link rel=\"canonical\" href=\"https:\/\/elusivedata.io\/es\/producto\/mission-darkness-bolsa-faraday-sin-ventana-para-telefonos\/\" \/>\n<meta property=\"og:locale\" content=\"es_ES\" \/>\n<meta property=\"og:type\" content=\"article\" \/>\n<meta property=\"og:title\" content=\"Mission Darkness\u2122 Non-Window Faraday Bag for Phones\" \/>\n<meta property=\"og:description\" content=\"The Mission Darkness\u2122 Non-window Faraday Bag for Phones completely blocks all wireless signals and keeps small electronic devices shielded to prevent hacking, tracking, spying, and chain of custody corruption. When a cell phone is properly enclosed in the bag, no apps or malicious code can be remotely triggered or wiped, no communication can penetrate, and no one can access the microphone, camera, GPS location, or data. Primary uses are for law enforcement and military forensic evidence collection, defense against data theft, personal security, EMP protection, EMF radiation reduction, and to enhance digital privacy.\" \/>\n<meta property=\"og:url\" content=\"https:\/\/elusivedata.io\/es\/producto\/mission-darkness-bolsa-faraday-sin-ventana-para-telefonos\/\" \/>\n<meta property=\"og:site_name\" content=\"Elusive Data\" \/>\n<meta property=\"article:modified_time\" content=\"2025-06-24T06:30:57+00:00\" \/>\n<meta property=\"og:image\" content=\"https:\/\/elusivedata.io\/wp-content\/uploads\/2025\/05\/MOS-S-NW-Front_480x480.webp\" \/>\n\t<meta property=\"og:image:width\" content=\"480\" \/>\n\t<meta property=\"og:image:height\" content=\"480\" \/>\n\t<meta property=\"og:image:type\" content=\"image\/webp\" \/>\n<meta name=\"twitter:card\" content=\"summary_large_image\" \/>\n<script type=\"application\/ld+json\" class=\"yoast-schema-graph\">{\"@context\":\"https:\\\/\\\/schema.org\",\"@graph\":[{\"@type\":\"WebPage\",\"@id\":\"https:\\\/\\\/elusivedata.io\\\/product\\\/mission-darkness-non-window-faraday-bag-for-phones\\\/\",\"url\":\"https:\\\/\\\/elusivedata.io\\\/product\\\/mission-darkness-non-window-faraday-bag-for-phones\\\/\",\"name\":\"Mission Darkness\u2122 Non-Window Faraday Bag for Phones - Elusive Data\",\"isPartOf\":{\"@id\":\"https:\\\/\\\/elusivedata.io\\\/#website\"},\"primaryImageOfPage\":{\"@id\":\"https:\\\/\\\/elusivedata.io\\\/product\\\/mission-darkness-non-window-faraday-bag-for-phones\\\/#primaryimage\"},\"image\":{\"@id\":\"https:\\\/\\\/elusivedata.io\\\/product\\\/mission-darkness-non-window-faraday-bag-for-phones\\\/#primaryimage\"},\"thumbnailUrl\":\"https:\\\/\\\/elusivedata.io\\\/wp-content\\\/uploads\\\/2025\\\/05\\\/MOS-S-NW-Front_480x480.webp\",\"datePublished\":\"2025-06-17T08:15:53+00:00\",\"dateModified\":\"2025-06-24T06:30:57+00:00\",\"breadcrumb\":{\"@id\":\"https:\\\/\\\/elusivedata.io\\\/product\\\/mission-darkness-non-window-faraday-bag-for-phones\\\/#breadcrumb\"},\"inLanguage\":\"es\",\"potentialAction\":[{\"@type\":\"ReadAction\",\"target\":[\"https:\\\/\\\/elusivedata.io\\\/product\\\/mission-darkness-non-window-faraday-bag-for-phones\\\/\"]}]},{\"@type\":\"ImageObject\",\"inLanguage\":\"es\",\"@id\":\"https:\\\/\\\/elusivedata.io\\\/product\\\/mission-darkness-non-window-faraday-bag-for-phones\\\/#primaryimage\",\"url\":\"https:\\\/\\\/elusivedata.io\\\/wp-content\\\/uploads\\\/2025\\\/05\\\/MOS-S-NW-Front_480x480.webp\",\"contentUrl\":\"https:\\\/\\\/elusivedata.io\\\/wp-content\\\/uploads\\\/2025\\\/05\\\/MOS-S-NW-Front_480x480.webp\",\"width\":480,\"height\":480,\"caption\":\"Mission Darkness MOS Non-Window Faraday sleeve front view \u2014 mobile device shielding\"},{\"@type\":\"BreadcrumbList\",\"@id\":\"https:\\\/\\\/elusivedata.io\\\/product\\\/mission-darkness-non-window-faraday-bag-for-phones\\\/#breadcrumb\",\"itemListElement\":[{\"@type\":\"ListItem\",\"position\":1,\"name\":\"Home\",\"item\":\"https:\\\/\\\/elusivedata.io\\\/\"},{\"@type\":\"ListItem\",\"position\":2,\"name\":\"Products\",\"item\":\"https:\\\/\\\/elusivedata.io\\\/shop\\\/\"},{\"@type\":\"ListItem\",\"position\":3,\"name\":\"Mission Darkness\u2122 Non-Window Faraday Bag for Phones\"}]},{\"@type\":\"WebSite\",\"@id\":\"https:\\\/\\\/elusivedata.io\\\/#website\",\"url\":\"https:\\\/\\\/elusivedata.io\\\/\",\"name\":\"ElusiveData\",\"description\":\"Excellence in Digital Forensics Training and Consulting\",\"publisher\":{\"@id\":\"https:\\\/\\\/elusivedata.io\\\/#organization\"},\"potentialAction\":[{\"@type\":\"SearchAction\",\"target\":{\"@type\":\"EntryPoint\",\"urlTemplate\":\"https:\\\/\\\/elusivedata.io\\\/?s={search_term_string}\"},\"query-input\":{\"@type\":\"PropertyValueSpecification\",\"valueRequired\":true,\"valueName\":\"search_term_string\"}}],\"inLanguage\":\"es\"},{\"@type\":\"Organization\",\"@id\":\"https:\\\/\\\/elusivedata.io\\\/#organization\",\"name\":\"ElusiveData\",\"url\":\"https:\\\/\\\/elusivedata.io\\\/\",\"logo\":{\"@type\":\"ImageObject\",\"inLanguage\":\"es\",\"@id\":\"https:\\\/\\\/elusivedata.io\\\/#\\\/schema\\\/logo\\\/image\\\/\",\"url\":\"https:\\\/\\\/elusivedata.io\\\/wp-content\\\/uploads\\\/2024\\\/11\\\/Asset-3_2x-scaled.png\",\"contentUrl\":\"https:\\\/\\\/elusivedata.io\\\/wp-content\\\/uploads\\\/2024\\\/11\\\/Asset-3_2x-scaled.png\",\"width\":2560,\"height\":370,\"caption\":\"ElusiveData\"},\"image\":{\"@id\":\"https:\\\/\\\/elusivedata.io\\\/#\\\/schema\\\/logo\\\/image\\\/\"},\"sameAs\":[\"https:\\\/\\\/www.youtube.com\\\/@elusivedata\"]}]}<\/script>\n<!-- \/ Yoast SEO Premium plugin. -->","yoast_head_json":{"title":"Mission Darkness\u2122 Bolsa Faraday sin ventana para tel\u00e9fonos - Elusive Data","robots":{"index":"index","follow":"follow","max-snippet":"max-snippet:-1","max-image-preview":"max-image-preview:large","max-video-preview":"max-video-preview:-1"},"canonical":"https:\/\/elusivedata.io\/es\/producto\/mission-darkness-bolsa-faraday-sin-ventana-para-telefonos\/","og_locale":"es_ES","og_type":"article","og_title":"Mission Darkness\u2122 Non-Window Faraday Bag for Phones","og_description":"The Mission Darkness\u2122 Non-window Faraday Bag for Phones completely blocks all wireless signals and keeps small electronic devices shielded to prevent hacking, tracking, spying, and chain of custody corruption. When a cell phone is properly enclosed in the bag, no apps or malicious code can be remotely triggered or wiped, no communication can penetrate, and no one can access the microphone, camera, GPS location, or data. Primary uses are for law enforcement and military forensic evidence collection, defense against data theft, personal security, EMP protection, EMF radiation reduction, and to enhance digital privacy.","og_url":"https:\/\/elusivedata.io\/es\/producto\/mission-darkness-bolsa-faraday-sin-ventana-para-telefonos\/","og_site_name":"Elusive Data","article_modified_time":"2025-06-24T06:30:57+00:00","og_image":[{"width":480,"height":480,"url":"https:\/\/elusivedata.io\/wp-content\/uploads\/2025\/05\/MOS-S-NW-Front_480x480.webp","type":"image\/webp"}],"twitter_card":"summary_large_image","schema":{"@context":"https:\/\/schema.org","@graph":[{"@type":"WebPage","@id":"https:\/\/elusivedata.io\/product\/mission-darkness-non-window-faraday-bag-for-phones\/","url":"https:\/\/elusivedata.io\/product\/mission-darkness-non-window-faraday-bag-for-phones\/","name":"Mission Darkness\u2122 Bolsa Faraday sin ventana para tel\u00e9fonos - Elusive Data","isPartOf":{"@id":"https:\/\/elusivedata.io\/#website"},"primaryImageOfPage":{"@id":"https:\/\/elusivedata.io\/product\/mission-darkness-non-window-faraday-bag-for-phones\/#primaryimage"},"image":{"@id":"https:\/\/elusivedata.io\/product\/mission-darkness-non-window-faraday-bag-for-phones\/#primaryimage"},"thumbnailUrl":"https:\/\/elusivedata.io\/wp-content\/uploads\/2025\/05\/MOS-S-NW-Front_480x480.webp","datePublished":"2025-06-17T08:15:53+00:00","dateModified":"2025-06-24T06:30:57+00:00","breadcrumb":{"@id":"https:\/\/elusivedata.io\/product\/mission-darkness-non-window-faraday-bag-for-phones\/#breadcrumb"},"inLanguage":"es","potentialAction":[{"@type":"ReadAction","target":["https:\/\/elusivedata.io\/product\/mission-darkness-non-window-faraday-bag-for-phones\/"]}]},{"@type":"ImageObject","inLanguage":"es","@id":"https:\/\/elusivedata.io\/product\/mission-darkness-non-window-faraday-bag-for-phones\/#primaryimage","url":"https:\/\/elusivedata.io\/wp-content\/uploads\/2025\/05\/MOS-S-NW-Front_480x480.webp","contentUrl":"https:\/\/elusivedata.io\/wp-content\/uploads\/2025\/05\/MOS-S-NW-Front_480x480.webp","width":480,"height":480,"caption":"Mission Darkness MOS Non-Window Faraday sleeve front view \u2014 mobile device shielding"},{"@type":"BreadcrumbList","@id":"https:\/\/elusivedata.io\/product\/mission-darkness-non-window-faraday-bag-for-phones\/#breadcrumb","itemListElement":[{"@type":"ListItem","position":1,"name":"Home","item":"https:\/\/elusivedata.io\/"},{"@type":"ListItem","position":2,"name":"Products","item":"https:\/\/elusivedata.io\/shop\/"},{"@type":"ListItem","position":3,"name":"Mission Darkness\u2122 Non-Window Faraday Bag for Phones"}]},{"@type":"WebSite","@id":"https:\/\/elusivedata.io\/#website","url":"https:\/\/elusivedata.io\/","name":"ElusiveData","description":"Excelencia en formaci\u00f3n y consultor\u00eda forense digital","publisher":{"@id":"https:\/\/elusivedata.io\/#organization"},"potentialAction":[{"@type":"SearchAction","target":{"@type":"EntryPoint","urlTemplate":"https:\/\/elusivedata.io\/?s={search_term_string}"},"query-input":{"@type":"PropertyValueSpecification","valueRequired":true,"valueName":"search_term_string"}}],"inLanguage":"es"},{"@type":"Organization","@id":"https:\/\/elusivedata.io\/#organization","name":"ElusiveData","url":"https:\/\/elusivedata.io\/","logo":{"@type":"ImageObject","inLanguage":"es","@id":"https:\/\/elusivedata.io\/#\/schema\/logo\/image\/","url":"https:\/\/elusivedata.io\/wp-content\/uploads\/2024\/11\/Asset-3_2x-scaled.png","contentUrl":"https:\/\/elusivedata.io\/wp-content\/uploads\/2024\/11\/Asset-3_2x-scaled.png","width":2560,"height":370,"caption":"ElusiveData"},"image":{"@id":"https:\/\/elusivedata.io\/#\/schema\/logo\/image\/"},"sameAs":["https:\/\/www.youtube.com\/@elusivedata"]}]}},"_links":{"self":[{"href":"https:\/\/elusivedata.io\/es\/wp-json\/wp\/v2\/product\/7104","targetHints":{"allow":["GET"]}}],"collection":[{"href":"https:\/\/elusivedata.io\/es\/wp-json\/wp\/v2\/product"}],"about":[{"href":"https:\/\/elusivedata.io\/es\/wp-json\/wp\/v2\/types\/product"}],"version-history":[{"count":20,"href":"https:\/\/elusivedata.io\/es\/wp-json\/wp\/v2\/product\/7104\/revisions"}],"predecessor-version":[{"id":7222,"href":"https:\/\/elusivedata.io\/es\/wp-json\/wp\/v2\/product\/7104\/revisions\/7222"}],"wp:featuredmedia":[{"embeddable":true,"href":"https:\/\/elusivedata.io\/es\/wp-json\/wp\/v2\/media\/7105"}],"wp:attachment":[{"href":"https:\/\/elusivedata.io\/es\/wp-json\/wp\/v2\/media?parent=7104"}],"wp:term":[{"taxonomy":"product_brand","embeddable":true,"href":"https:\/\/elusivedata.io\/es\/wp-json\/wp\/v2\/product_brand?post=7104"},{"taxonomy":"product_cat","embeddable":true,"href":"https:\/\/elusivedata.io\/es\/wp-json\/wp\/v2\/product_cat?post=7104"},{"taxonomy":"product_tag","embeddable":true,"href":"https:\/\/elusivedata.io\/es\/wp-json\/wp\/v2\/product_tag?post=7104"}],"curies":[{"name":"wp","href":"https:\/\/api.w.org\/{rel}","templated":true}]}}