{"id":8829,"date":"2025-06-17T08:15:51","date_gmt":"2025-06-17T08:15:51","guid":{"rendered":"https:\/\/elusivedata.io\/?post_type=product&#038;p=8829"},"modified":"2025-06-24T06:31:11","modified_gmt":"2025-06-24T06:31:11","slug":"mission-darkness-blocker-locker-7","status":"publish","type":"product","link":"https:\/\/elusivedata.io\/de\/product\/mission-darkness-blocker-locker-7\/","title":{"rendered":"MISSION DARKNESS\u2122 BLOCKER LOCKER 7"},"content":{"rendered":"<div data-elementor-type=\"product-post\" data-elementor-id=\"8829\" class=\"elementor elementor-8829\" data-elementor-post-type=\"product\">\n\t\t\t\t<div class=\"elementor-element elementor-element-5065b31 e-flex e-con-boxed e-con e-parent\" data-id=\"5065b31\" data-element_type=\"container\" data-e-type=\"container\">\n\t\t\t\t\t<div class=\"e-con-inner\">\n\t\t\t\t<div class=\"elementor-element elementor-element-d196d7f elementor-widget elementor-widget-text-editor\" data-id=\"d196d7f\" data-element_type=\"widget\" data-e-type=\"widget\" data-widget_type=\"text-editor.default\">\n\t\t\t\t<div class=\"elementor-widget-container\">\n\t\t\t\t\t\t\t\t\t<div id=\"s-642ac8eb-b4be-47fe-ab3a-245b34cb541a\" class=\"shg-c shg-align-center\"><div class=\"shogun-heading-component\"><h2 class=\"ai-optimize-47\"><b>GER\u00c4TE UNTER SPANNUNG UND ABGESCHIRMT HALTEN<\/b><\/h2><\/div><\/div><div id=\"s-40aee370-da98-48c9-99f8-19370ab9ae6a\" class=\"shg-c shg-align-center\"><div class=\"shogun-heading-component\"><h2 class=\"ai-optimize-48\"><b>Von der Beschlagnahme \u00fcber die Beweissicherung bis zur Datenextraktion<\/b><\/h2><\/div><\/div><div id=\"s-95d8e798-c7d7-4f19-894f-e7bf352cf121\" class=\"shg-c\"><div class=\"shg-rich-text shg-theme-text-content\"><p class=\"ai-optimize-49 ai-optimize-introduction\">Das Mission Darkness\u2122 Blocker Locker 7\u2122 System l\u00f6st mehrere Probleme f\u00fcr forensische Ermittler und Labore. Um effektiv auf Daten von Mobiltelefonen und Tablets zuzugreifen und diese wiederherzustellen, m\u00fcssen die neuesten forensischen Tools die Ger\u00e4te in Betrieb halten. Es kann schwierig sein, die Ger\u00e4te vor HF-Signalen abzuschirmen, sie st\u00e4ndig aufzuladen und sicher zu verriegeln. Der Blocker Locker 7 erf\u00fcllt all diese Anforderungen in einem einzigen Schrank, der speziell f\u00fcr Abschirmung, Aufladung und Verriegelung entwickelt wurde. Das Ger\u00e4t verf\u00fcgt \u00fcber sieben voll beladene F\u00e4cher, die mit Window Charge &amp; Shield Faraday Bags f\u00fcr Telefone ausgestattet sind, w\u00e4hrend zus\u00e4tzliche Charge &amp; Shield Faraday Bags nach Bedarf oder zur Erh\u00f6hung der Kapazit\u00e4t erworben werden k\u00f6nnen.<\/p><p class=\"ai-optimize-50\">Die Ladefunktion wurde entwickelt, um den Sperrmodus zu verhindern und die Zeit zu verk\u00fcrzen, die ben\u00f6tigt wird, um einen Passcode zu knacken. Dies erm\u00f6glicht ein Maximum an Datenextraktion und Entsperrung mit Tools wie GrayKey, Cellebrite, Magnet, XRY, BlackBag, Oxygen, usw.<\/p><p class=\"ai-optimize-51\">Um Daten aus einem Ger\u00e4t im Blocker Locker 7 zu extrahieren, entriegeln Sie einfach die einzelnen F\u00e4cher, ziehen Sie das Netzkabel ab, entfernen Sie den Charge &amp; Shield Faraday Bag und bringen Sie das Ger\u00e4t in eine forensische Faraday-Box oder einen HF-geschirmten Raum. Der Beutel kann in einer Faraday-Box leicht ge\u00f6ffnet werden (der patentierte NeoLok\u2122-Magnetverschluss reduziert den Abrieb von Faraday-Handschuhen), w\u00e4hrend das Ger\u00e4t in das abgeschirmte Geh\u00e4use eingef\u00fchrt wird. Abschirmung und Stromzufuhr werden nicht beeintr\u00e4chtigt, so dass ein nahtloser Prozess f\u00fcr die Ermittler gew\u00e4hrleistet ist.<\/p><\/div><\/div><div id=\"s-535fdb56-9822-4870-9dba-ab01bf5d9b5c\" class=\"shg-c\"><div class=\"shg-rich-text shg-theme-text-content\"><p class=\"ai-optimize-52\"><strong><em>NEUES SCHRANKDESIGN UND PASSENDER SCHRANKST\u00c4NDER!<\/em><\/strong><\/p><p class=\"ai-optimize-53\">Das \u00c4u\u00dfere des Blocker Locker wurde im Oktober 2022 auf eine schwarze Oberfl\u00e4che mit Streifendesign aktualisiert, wie auf dem Bild oben zu sehen ist. Die Benutzungsstufen und Innenf\u00e4cher bleiben gleich wie beim Vorg\u00e4ngermodell mit grauer Oberfl\u00e4che.<\/p><p class=\"ai-optimize-54\">Ein passendes Aluminium in Industriequalit\u00e4t\u00a0<a href=\"https:\/\/mosequipment.com\/products\/mission-darkness-blocker-locker-7-stand\" target=\"_blank\" rel=\"noopener\">Schlie\u00dffachanlage\u00a0<\/a>wurde im Januar 2024 eingef\u00fchrt. Der Zusatzst\u00e4nder hebt den Schrank auf eine benutzerfreundlichere H\u00f6he an und optimiert den Arbeitsbereich, indem er Schreibtisch oder Thekenbereich freimacht und das Gewicht des Schranks tr\u00e4gt. Dadurch entf\u00e4llt die Notwendigkeit einer aufw\u00e4ndigen Installation, da die Verankerung an einer Wand ausreicht.<\/p><\/div><p><iframe title=\"Neueste Tools zum Schutz digitaler Beweise: Aufladen von Ger\u00e4ten in Faraday-Taschen vom Feld bis zum Labor\" width=\"800\" height=\"450\" src=\"https:\/\/www.youtube.com\/embed\/yNt15D0y3No?feature=oembed&enablejsapi=1&origin=https:\/\/elusivedata.io\" frameborder=\"0\" allow=\"accelerometer; autoplay; clipboard-write; encrypted-media; gyroscope; picture-in-picture; web-share\" referrerpolicy=\"strict-origin-when-cross-origin\" allowfullscreen><\/iframe><\/p><\/div><div id=\"s-6dfa3cca-f9ec-4a8d-aee0-14e1c64ee007\" class=\"shg-c\"><div class=\"shogun-heading-component\"><h3><b>Blocker Locker 7\u2122 Eigenschaften<\/b><\/h3><\/div><\/div><div id=\"s-bad7c9cd-926f-42d4-80f8-c1482b07c24c\" class=\"shg-c\"><div class=\"shg-rich-text shg-theme-text-content\"><ul><li>Sicherer Schrank mit sieben F\u00e4chern, der speziell f\u00fcr forensische Ermittler entwickelt wurde, um Ger\u00e4te w\u00e4hrend der Lagerung einzeln verschlossen, abgeschirmt und aufgeladen aufzubewahren<\/li><li>Haupts\u00e4chlich als Asservatenkammer f\u00fcr Handys und Tablets verwendet<\/li><li>Das System stellt sicher, dass die Ger\u00e4teaufnahme und -speicherung korrekt ist, so dass die Entsperrung des Passcodes und die Datenextraktion ordnungsgem\u00e4\u00df und mit den besten Ergebnissen durchgef\u00fchrt werden k\u00f6nnen<\/li><li>Jeder Schrank verf\u00fcgt \u00fcber eine Steckdose mit zwei USB-Steckdosen und ein einzigartiges Au\u00dfenschloss<\/li><li>Das Schlie\u00dfsystem besteht aus zwei Schl\u00fcsseln f\u00fcr jedes Schlie\u00dffach, vier Hauptschl\u00fcsseln, die Zugang zu allen Schlie\u00dff\u00e4chern bieten, und einer Schl\u00fcsselbox mit zwei Schl\u00fcsseln<\/li><li>Netzkontrollleuchte am Hauptgeh\u00e4use<\/li><li>Stromausfallmelder sendet SMS und\/oder E-Mail, wenn die Stromversorgung des Ger\u00e4ts unterbrochen ist<\/li><li>Magnetischer Aufkleber mit grundlegenden Gebrauchsanweisungen, der auf den Spind geklebt wird (eine zus\u00e4tzliche ausf\u00fchrliche Anleitung ist im Lieferumfang enthalten)<\/li><li>Enth\u00e4lt sieben Mission Darkness Window Charge &amp; Shield Faraday Bags f\u00fcr Handys sowie alle erforderlichen Ladekomponenten und Kabelspitzen (eine Tasche in jedem Schlie\u00dffach)<\/li><li>Window Charge &amp; Shield Faraday Bags wurden speziell f\u00fcr das Aufladen von Ger\u00e4ten im Blocker Locker 7 entwickelt, die dann in eine Faraday-Box f\u00fcr forensische Zwecke gebracht werden.<\/li><li>Das System erm\u00f6glicht es, dass die Ger\u00e4te nach der Beschlagnahme in Betrieb bleiben und nicht besch\u00e4digt werden, bis sie zu einem sp\u00e4teren Zeitpunkt abgefragt werden k\u00f6nnen oder Daten extrahiert werden k\u00f6nnen<\/li><li>Window Charge &amp; Shield Faraday Bags blockieren WiFi (2,4 &amp; 5GHz), Bluetooth, Mobilfunksignale einschlie\u00dflich 5G-Netzwerke, GPS, RFID und Funksignale<\/li><li>Mission Darkness Blocker Locker 7 SKU: MDBL-7<\/li><li>Entwickelt und montiert in den USA<\/li><li>Verf\u00fcgbar f\u00fcr\u00a0<a href=\"https:\/\/mosequipment.com\/pages\/rentals\" target=\"_blank\" rel=\"noopener\">mieten<\/a>kontaktieren Sie uns f\u00fcr ein Angebot<\/li><li>Kompatibel mit dem\u00a0<a href=\"https:\/\/mosequipment.com\/products\/mission-darkness-blocker-locker-7-stand\" target=\"_blank\" rel=\"noopener\">Blocker Locker 7 Stand<\/a>\u00a0Add-on-Zubeh\u00f6r; stapelbar f\u00fcr mehr Stauraum und Halt<\/li><li>Weitere Zusatzoptionen sind unten aufgef\u00fchrt<\/li><li>Einfache Installation - sehen Sie sich die\u00a0<a href=\"https:\/\/www.youtube.com\/watch?v=VNqUHj2yK-k&amp;t=1s\" target=\"_blank\" rel=\"noopener\">Installationsvideo<\/a>\u00a0f\u00fcr weitere Einzelheiten<\/li><\/ul><div id=\"s-aabe743a-1c5d-4e8b-ad17-a88a3015dce0\" class=\"shg-c shg-align-left\"><div class=\"shogun-heading-component\"><h3><b>Sperren, Abschirmen, Aufladen und Extrahieren von Daten aus Ger\u00e4ten<\/b><\/h3><\/div><\/div><div id=\"s-61d54b4c-cdb0-4a67-9ce5-6bdf6d661cd1\" class=\"shg-c\"><div class=\"shg-rich-text shg-theme-text-content\"><p>Das komplette Blocker Locker 7 - Charge &amp; Shield Evidence Cabinet System wird in erster Linie f\u00fcr digitale forensische Beweismittel wie Mobiltelefone, Tablets, GPS-Tracker und \u00e4hnliche elektronische Ger\u00e4te verwendet. Der doppelseitige USB-Filter in jeder Charge &amp; Shield Faraday Bag erm\u00f6glicht es dem Benutzer, bei Bedarf einfach von der Stromversorgung zum Extraktionswerkzeug zu wechseln.<\/p><\/div><\/div><div id=\"s-99de235f-fdf8-4158-8f73-6c8f60cf0a4c\" class=\"shg-c\"><div class=\"shogun-heading-component\"><h3><b>Kauf zus\u00e4tzlicher Charge &amp; Shield Faraday Bags zur Erh\u00f6hung der Kapazit\u00e4t<\/b><\/h3><\/div><\/div><div id=\"s-29af5046-f08d-4eb5-83df-7f331e579d0f\" class=\"shg-c\"><div class=\"shg-rich-text shg-theme-text-content\"><p>Der Blocker Locker 7 wird mit sieben Window Charge &amp; Shield Faraday Bags f\u00fcr Mobiltelefone sowie allen erforderlichen Ladekomponenten geliefert. Die Tasche kann vom Schlie\u00dffach zum Labor transportiert werden, ohne dass die HF-Abschirmung beeintr\u00e4chtigt wird. In jedes Schrankfach passen bis zu zwei Charge &amp; Shield Faraday Bags. Kaufen Sie zus\u00e4tzliche Charge &amp; Shield Faraday Bags, um mehr als sieben Ger\u00e4te im Schrank unterzubringen. Erh\u00e4ltlich in Telefon- oder Tablet-Gr\u00f6\u00dfe, mit oder ohne Fenster (*Fenstertaschen werden f\u00fcr die Verwendung mit dem Blocker Locker bevorzugt). Weitere Zusatzoptionen sind unten aufgef\u00fchrt. Teilen Sie uns Ihre Anforderungen mit, damit wir Ihnen ein entsprechendes Angebot unterbreiten k\u00f6nnen.<\/p><\/div><\/div><div id=\"s-fe178d28-2697-40ad-a7bd-834bad92d1d7\" class=\"shg-c\"><div class=\"shogun-heading-component\"><h3><b>Jede Window Charge &amp; Shield Faraday Bag enth\u00e4lt<\/b><\/h3><\/div><\/div><div id=\"s-0174bb3d-a575-4af6-897b-e277d0459761\" class=\"shg-c\"><div class=\"shg-rich-text shg-theme-text-content\"><ul><li>Charge &amp; Shield Faraday Bag mit transparentem Fenster, beidseitigem USB-Filter mit externem Kabelschloss, NeoLok-Magnetverschluss, Seriennummer, Kartenfach und Rei\u00dfverschlussfach auf der R\u00fcckseite zur Aufnahme der Kabel<\/li><li>Zwei\u00a0<a href=\"https:\/\/mosequipment.com\/products\/cable-set\" target=\"_blank\" rel=\"noopener\">Kabel-Sets<\/a>\u00a0(jedes Set enth\u00e4lt einen Universalwinkel USB A\/M auf A\/M, Lightning auf USB, Micro USB, USB-C und USB-Verl\u00e4ngerung)<\/li><li>Optionale Kurzzeit-Ladezus\u00e4tze wie ein Auto-Ladeadapter mit zwei USB-Anschl\u00fcssen, ein Wand-Ladeger\u00e4t mit zwei USB-Anschl\u00fcssen und kontinuierlich aufladbare Powerbanks (Details siehe unten)<\/li><\/ul><\/div><\/div><div id=\"s-16be0ff0-987e-439c-9391-123b66712464\" class=\"shg-c\"><div class=\"shogun-heading-component\"><h3><b>Abmessungen und Gewicht<\/b><\/h3><\/div><\/div><div id=\"s-004d403b-9560-4e2a-ad3a-1cc9def23b34\" class=\"shg-c\"><div class=\"shg-rich-text shg-theme-text-content\"><ul><li>Innenma\u00dfe eines einzelnen Schlie\u00dffachs: 13\u2033 L x 18\u2033 B x 4,5\u2033 H (33cm x 45,7cm x 11,4cm)<\/li><li>Au\u00dfenma\u00dfe des Schranks: 15\u2033 L x 18\u2033 B x 34\u2033 H (38,1cm x 45,7cm x 86,4cm)<\/li><li>Gewicht des Geh\u00e4uses: 85 lbs (38,6 kg)<\/li><li>Versandgewicht: 47,6 kg (105 lbs) - Lieferung auf einer Palette<\/li><\/ul><\/div><\/div><\/div><\/div>\t\t\t\t\t\t\t\t<\/div>\n\t\t\t\t<\/div>\n\t\t\t\t\t<\/div>\n\t\t\t\t<\/div>\n\t\t\t\t<\/div>","protected":false},"excerpt":{"rendered":"<p>Das Mission Darkness\u2122 Blocker Locker 7\u2122 System l\u00f6st mehrere Probleme f\u00fcr forensische Ermittler und Labore. Um effektiv auf Daten von Mobiltelefonen und Tablets zuzugreifen und diese wiederherzustellen, m\u00fcssen die neuesten forensischen Tools die Ger\u00e4te in Betrieb halten. Es kann schwierig sein, die Ger\u00e4te vor HF-Signalen abzuschirmen, sie st\u00e4ndig aufzuladen und sicher zu verriegeln. Der Blocker Locker 7 erf\u00fcllt all diese Anforderungen in einem einzigen Schrank, der speziell f\u00fcr Abschirmung, Aufladung und Verriegelung entwickelt wurde. Das Ger\u00e4t verf\u00fcgt \u00fcber sieben voll beladene F\u00e4cher, die mit Window Charge &amp; Shield Faraday Bags f\u00fcr Telefone ausgestattet sind, w\u00e4hrend zus\u00e4tzliche Charge &amp; Shield Faraday Bags nach Bedarf oder zur Erh\u00f6hung der Kapazit\u00e4t erworben werden k\u00f6nnen.<\/p>","protected":false},"featured_media":8833,"template":"","meta":{"content-type":""},"product_brand":[],"product_cat":[108],"product_tag":[],"class_list":{"0":"post-8829","1":"product","2":"type-product","3":"status-publish","4":"has-post-thumbnail","6":"product_cat-future-physical-products","8":"first","9":"instock","10":"taxable","11":"shipping-taxable","12":"purchasable","13":"product-type-simple"},"acf":[],"yoast_head":"<!-- This site is optimized with the Yoast SEO Premium plugin v27.3 (Yoast SEO v27.3) - https:\/\/yoast.com\/product\/yoast-seo-premium-wordpress\/ -->\n<title>MISSION DARKNESS\u2122 BLOCKER LOCKER 7 - Elusive Data<\/title>\n<meta name=\"robots\" content=\"index, follow, max-snippet:-1, max-image-preview:large, max-video-preview:-1\" \/>\n<link rel=\"canonical\" href=\"https:\/\/elusivedata.io\/de\/product\/mission-darkness-blocker-locker-7\/\" \/>\n<meta property=\"og:locale\" content=\"de_DE\" \/>\n<meta property=\"og:type\" content=\"article\" \/>\n<meta property=\"og:title\" content=\"MISSION DARKNESS\u2122 BLOCKER LOCKER 7\" \/>\n<meta property=\"og:description\" content=\"The Mission Darkness\u2122 Blocker Locker 7\u2122 system solves multiple problems for forensics investigators and labs. To effectively access and recover data from cell phones and tablets, the latest forensic tools require devices to stay live. It can be difficult to keep devices shielded from RF signals, charged at all times, and securely locked. The Blocker Locker 7 accomplishes all of these objectives in a single cabinet designed specifically for shielding, charging, and locking. The unit includes seven fully loaded compartments equipped with Window Charge &amp; Shield Faraday Bags for Phones, while additional Charge &amp; Shield Faraday Bags can be purchased as required or to increase capacity.\" \/>\n<meta property=\"og:url\" content=\"https:\/\/elusivedata.io\/de\/product\/mission-darkness-blocker-locker-7\/\" \/>\n<meta property=\"og:site_name\" content=\"Elusive Data\" \/>\n<meta property=\"article:modified_time\" content=\"2025-06-24T06:31:11+00:00\" \/>\n<meta property=\"og:image\" content=\"https:\/\/elusivedata.io\/wp-content\/uploads\/2025\/06\/BlockerLocker7BlackFinish_480x480.webp\" \/>\n\t<meta property=\"og:image:width\" content=\"480\" \/>\n\t<meta property=\"og:image:height\" content=\"480\" \/>\n\t<meta property=\"og:image:type\" content=\"image\/webp\" \/>\n<meta name=\"twitter:card\" content=\"summary_large_image\" \/>\n<script type=\"application\/ld+json\" class=\"yoast-schema-graph\">{\"@context\":\"https:\\\/\\\/schema.org\",\"@graph\":[{\"@type\":\"WebPage\",\"@id\":\"https:\\\/\\\/elusivedata.io\\\/product\\\/mission-darkness-blocker-locker-7\\\/\",\"url\":\"https:\\\/\\\/elusivedata.io\\\/product\\\/mission-darkness-blocker-locker-7\\\/\",\"name\":\"MISSION DARKNESS\u2122 BLOCKER LOCKER 7 - Elusive Data\",\"isPartOf\":{\"@id\":\"https:\\\/\\\/elusivedata.io\\\/#website\"},\"primaryImageOfPage\":{\"@id\":\"https:\\\/\\\/elusivedata.io\\\/product\\\/mission-darkness-blocker-locker-7\\\/#primaryimage\"},\"image\":{\"@id\":\"https:\\\/\\\/elusivedata.io\\\/product\\\/mission-darkness-blocker-locker-7\\\/#primaryimage\"},\"thumbnailUrl\":\"https:\\\/\\\/elusivedata.io\\\/wp-content\\\/uploads\\\/2025\\\/06\\\/BlockerLocker7BlackFinish_480x480.webp\",\"datePublished\":\"2025-06-17T08:15:51+00:00\",\"dateModified\":\"2025-06-24T06:31:11+00:00\",\"breadcrumb\":{\"@id\":\"https:\\\/\\\/elusivedata.io\\\/product\\\/mission-darkness-blocker-locker-7\\\/#breadcrumb\"},\"inLanguage\":\"de\",\"potentialAction\":[{\"@type\":\"ReadAction\",\"target\":[\"https:\\\/\\\/elusivedata.io\\\/product\\\/mission-darkness-blocker-locker-7\\\/\"]}]},{\"@type\":\"ImageObject\",\"inLanguage\":\"de\",\"@id\":\"https:\\\/\\\/elusivedata.io\\\/product\\\/mission-darkness-blocker-locker-7\\\/#primaryimage\",\"url\":\"https:\\\/\\\/elusivedata.io\\\/wp-content\\\/uploads\\\/2025\\\/06\\\/BlockerLocker7BlackFinish_480x480.webp\",\"contentUrl\":\"https:\\\/\\\/elusivedata.io\\\/wp-content\\\/uploads\\\/2025\\\/06\\\/BlockerLocker7BlackFinish_480x480.webp\",\"width\":480,\"height\":480,\"caption\":\"Mission Darkness BlockerLocker 7 Faraday case \u2014 secure signal-blocking device storage\"},{\"@type\":\"BreadcrumbList\",\"@id\":\"https:\\\/\\\/elusivedata.io\\\/product\\\/mission-darkness-blocker-locker-7\\\/#breadcrumb\",\"itemListElement\":[{\"@type\":\"ListItem\",\"position\":1,\"name\":\"Home\",\"item\":\"https:\\\/\\\/elusivedata.io\\\/\"},{\"@type\":\"ListItem\",\"position\":2,\"name\":\"Products\",\"item\":\"https:\\\/\\\/elusivedata.io\\\/shop\\\/\"},{\"@type\":\"ListItem\",\"position\":3,\"name\":\"MISSION DARKNESS\u2122 BLOCKER LOCKER 7\"}]},{\"@type\":\"WebSite\",\"@id\":\"https:\\\/\\\/elusivedata.io\\\/#website\",\"url\":\"https:\\\/\\\/elusivedata.io\\\/\",\"name\":\"ElusiveData\",\"description\":\"Excellence in Digital Forensics Training and Consulting\",\"publisher\":{\"@id\":\"https:\\\/\\\/elusivedata.io\\\/#organization\"},\"potentialAction\":[{\"@type\":\"SearchAction\",\"target\":{\"@type\":\"EntryPoint\",\"urlTemplate\":\"https:\\\/\\\/elusivedata.io\\\/?s={search_term_string}\"},\"query-input\":{\"@type\":\"PropertyValueSpecification\",\"valueRequired\":true,\"valueName\":\"search_term_string\"}}],\"inLanguage\":\"de\"},{\"@type\":\"Organization\",\"@id\":\"https:\\\/\\\/elusivedata.io\\\/#organization\",\"name\":\"ElusiveData\",\"url\":\"https:\\\/\\\/elusivedata.io\\\/\",\"logo\":{\"@type\":\"ImageObject\",\"inLanguage\":\"de\",\"@id\":\"https:\\\/\\\/elusivedata.io\\\/#\\\/schema\\\/logo\\\/image\\\/\",\"url\":\"https:\\\/\\\/elusivedata.io\\\/wp-content\\\/uploads\\\/2024\\\/11\\\/Asset-3_2x-scaled.png\",\"contentUrl\":\"https:\\\/\\\/elusivedata.io\\\/wp-content\\\/uploads\\\/2024\\\/11\\\/Asset-3_2x-scaled.png\",\"width\":2560,\"height\":370,\"caption\":\"ElusiveData\"},\"image\":{\"@id\":\"https:\\\/\\\/elusivedata.io\\\/#\\\/schema\\\/logo\\\/image\\\/\"},\"sameAs\":[\"https:\\\/\\\/www.youtube.com\\\/@elusivedata\"]}]}<\/script>\n<!-- \/ Yoast SEO Premium plugin. -->","yoast_head_json":{"title":"MISSION DARKNESS\u2122 BLOCKER LOCKER 7 - Fl\u00fcchtige Daten","robots":{"index":"index","follow":"follow","max-snippet":"max-snippet:-1","max-image-preview":"max-image-preview:large","max-video-preview":"max-video-preview:-1"},"canonical":"https:\/\/elusivedata.io\/de\/product\/mission-darkness-blocker-locker-7\/","og_locale":"de_DE","og_type":"article","og_title":"MISSION DARKNESS\u2122 BLOCKER LOCKER 7","og_description":"The Mission Darkness\u2122 Blocker Locker 7\u2122 system solves multiple problems for forensics investigators and labs. To effectively access and recover data from cell phones and tablets, the latest forensic tools require devices to stay live. It can be difficult to keep devices shielded from RF signals, charged at all times, and securely locked. The Blocker Locker 7 accomplishes all of these objectives in a single cabinet designed specifically for shielding, charging, and locking. The unit includes seven fully loaded compartments equipped with Window Charge &amp; Shield Faraday Bags for Phones, while additional Charge &amp; Shield Faraday Bags can be purchased as required or to increase capacity.","og_url":"https:\/\/elusivedata.io\/de\/product\/mission-darkness-blocker-locker-7\/","og_site_name":"Elusive Data","article_modified_time":"2025-06-24T06:31:11+00:00","og_image":[{"width":480,"height":480,"url":"https:\/\/elusivedata.io\/wp-content\/uploads\/2025\/06\/BlockerLocker7BlackFinish_480x480.webp","type":"image\/webp"}],"twitter_card":"summary_large_image","schema":{"@context":"https:\/\/schema.org","@graph":[{"@type":"WebPage","@id":"https:\/\/elusivedata.io\/product\/mission-darkness-blocker-locker-7\/","url":"https:\/\/elusivedata.io\/product\/mission-darkness-blocker-locker-7\/","name":"MISSION DARKNESS\u2122 BLOCKER LOCKER 7 - Fl\u00fcchtige Daten","isPartOf":{"@id":"https:\/\/elusivedata.io\/#website"},"primaryImageOfPage":{"@id":"https:\/\/elusivedata.io\/product\/mission-darkness-blocker-locker-7\/#primaryimage"},"image":{"@id":"https:\/\/elusivedata.io\/product\/mission-darkness-blocker-locker-7\/#primaryimage"},"thumbnailUrl":"https:\/\/elusivedata.io\/wp-content\/uploads\/2025\/06\/BlockerLocker7BlackFinish_480x480.webp","datePublished":"2025-06-17T08:15:51+00:00","dateModified":"2025-06-24T06:31:11+00:00","breadcrumb":{"@id":"https:\/\/elusivedata.io\/product\/mission-darkness-blocker-locker-7\/#breadcrumb"},"inLanguage":"de","potentialAction":[{"@type":"ReadAction","target":["https:\/\/elusivedata.io\/product\/mission-darkness-blocker-locker-7\/"]}]},{"@type":"ImageObject","inLanguage":"de","@id":"https:\/\/elusivedata.io\/product\/mission-darkness-blocker-locker-7\/#primaryimage","url":"https:\/\/elusivedata.io\/wp-content\/uploads\/2025\/06\/BlockerLocker7BlackFinish_480x480.webp","contentUrl":"https:\/\/elusivedata.io\/wp-content\/uploads\/2025\/06\/BlockerLocker7BlackFinish_480x480.webp","width":480,"height":480,"caption":"Mission Darkness BlockerLocker 7 Faraday case \u2014 secure signal-blocking device storage"},{"@type":"BreadcrumbList","@id":"https:\/\/elusivedata.io\/product\/mission-darkness-blocker-locker-7\/#breadcrumb","itemListElement":[{"@type":"ListItem","position":1,"name":"Home","item":"https:\/\/elusivedata.io\/"},{"@type":"ListItem","position":2,"name":"Products","item":"https:\/\/elusivedata.io\/shop\/"},{"@type":"ListItem","position":3,"name":"MISSION DARKNESS\u2122 BLOCKER LOCKER 7"}]},{"@type":"WebSite","@id":"https:\/\/elusivedata.io\/#website","url":"https:\/\/elusivedata.io\/","name":"ElusiveData","description":"Hervorragende Schulung und Beratung im Bereich digitale Forensik","publisher":{"@id":"https:\/\/elusivedata.io\/#organization"},"potentialAction":[{"@type":"SearchAction","target":{"@type":"EntryPoint","urlTemplate":"https:\/\/elusivedata.io\/?s={search_term_string}"},"query-input":{"@type":"PropertyValueSpecification","valueRequired":true,"valueName":"search_term_string"}}],"inLanguage":"de"},{"@type":"Organization","@id":"https:\/\/elusivedata.io\/#organization","name":"ElusiveData","url":"https:\/\/elusivedata.io\/","logo":{"@type":"ImageObject","inLanguage":"de","@id":"https:\/\/elusivedata.io\/#\/schema\/logo\/image\/","url":"https:\/\/elusivedata.io\/wp-content\/uploads\/2024\/11\/Asset-3_2x-scaled.png","contentUrl":"https:\/\/elusivedata.io\/wp-content\/uploads\/2024\/11\/Asset-3_2x-scaled.png","width":2560,"height":370,"caption":"ElusiveData"},"image":{"@id":"https:\/\/elusivedata.io\/#\/schema\/logo\/image\/"},"sameAs":["https:\/\/www.youtube.com\/@elusivedata"]}]}},"_links":{"self":[{"href":"https:\/\/elusivedata.io\/de\/wp-json\/wp\/v2\/product\/8829","targetHints":{"allow":["GET"]}}],"collection":[{"href":"https:\/\/elusivedata.io\/de\/wp-json\/wp\/v2\/product"}],"about":[{"href":"https:\/\/elusivedata.io\/de\/wp-json\/wp\/v2\/types\/product"}],"version-history":[{"count":5,"href":"https:\/\/elusivedata.io\/de\/wp-json\/wp\/v2\/product\/8829\/revisions"}],"predecessor-version":[{"id":8839,"href":"https:\/\/elusivedata.io\/de\/wp-json\/wp\/v2\/product\/8829\/revisions\/8839"}],"wp:featuredmedia":[{"embeddable":true,"href":"https:\/\/elusivedata.io\/de\/wp-json\/wp\/v2\/media\/8833"}],"wp:attachment":[{"href":"https:\/\/elusivedata.io\/de\/wp-json\/wp\/v2\/media?parent=8829"}],"wp:term":[{"taxonomy":"product_brand","embeddable":true,"href":"https:\/\/elusivedata.io\/de\/wp-json\/wp\/v2\/product_brand?post=8829"},{"taxonomy":"product_cat","embeddable":true,"href":"https:\/\/elusivedata.io\/de\/wp-json\/wp\/v2\/product_cat?post=8829"},{"taxonomy":"product_tag","embeddable":true,"href":"https:\/\/elusivedata.io\/de\/wp-json\/wp\/v2\/product_tag?post=8829"}],"curies":[{"name":"wp","href":"https:\/\/api.w.org\/{rel}","templated":true}]}}