{"id":8810,"date":"2025-06-17T08:15:53","date_gmt":"2025-06-17T08:15:53","guid":{"rendered":"https:\/\/elusivedata.io\/?post_type=product&#038;p=8810"},"modified":"2025-06-24T06:30:50","modified_gmt":"2025-06-24T06:30:50","slug":"mission-darkness-blockbox-lab-xl","status":"publish","type":"product","link":"https:\/\/elusivedata.io\/de\/product\/mission-darkness-blockbox-lab-xl\/","title":{"rendered":"Mission Dunkelheit\u2122 BlockBox Lab XL"},"content":{"rendered":"<div data-elementor-type=\"product-post\" data-elementor-id=\"8810\" class=\"elementor elementor-8810\" data-elementor-post-type=\"product\">\n\t\t\t\t<div class=\"elementor-element elementor-element-347fe6d2 e-flex e-con-boxed e-con e-parent\" data-id=\"347fe6d2\" data-element_type=\"container\" data-e-type=\"container\">\n\t\t\t\t\t<div class=\"e-con-inner\">\n\t\t\t\t<div class=\"elementor-element elementor-element-322b7be9 elementor-widget elementor-widget-text-editor\" data-id=\"322b7be9\" data-element_type=\"widget\" data-e-type=\"widget\" data-widget_type=\"text-editor.default\">\n\t\t\t\t<div class=\"elementor-widget-container\">\n\t\t\t\t\t\t\t\t\t<div id=\"s-05dc07eb-99c9-4894-bd54-ad282338cdfc\" class=\"shg-c shg-align-left\"><div class=\"shogun-heading-component\"><p>Die Mission Darkness\u2122 BlockBox Lab XL bietet die ultimative Abschirmung von Hochfrequenzsignalen (RF) und praktische Zug\u00e4nglichkeit f\u00fcr forensische Untersuchungen elektronischer Ger\u00e4te. Das robuste Geh\u00e4use f\u00fcr forensische Analysen wurde speziell f\u00fcr die Untersuchung von Ger\u00e4ten wie Mobiltelefonen, Tablets, Laptops und \u00e4hnlich gro\u00dfen elektronischen Ger\u00e4ten entwickelt und ist gleichzeitig gegen HF-Signale abgeschirmt. Die extra gro\u00dfen Innenabmessungen erleichtern dem Bediener die bequeme Analyse von Ger\u00e4ten sowie den Transfer von Ger\u00e4ten in und aus Faraday-Taschen innerhalb der abgeschirmten Kammer. Alternative Verwendungszwecke beziehen sich auf die Pr\u00fcfung mobiler Ger\u00e4te, da das Produkt verwendet werden kann, um eine isolierte und kontrollierte Umgebung zu schaffen.<\/p><p>Sie besteht aus einem robusten Aluminiumrahmen mit RF-absorbierendem Schaumstoff an den Innenw\u00e4nden, leitf\u00e4higen Handschuhen f\u00fcr beide H\u00e4nde zur Bedienung und Abfrage von Ger\u00e4ten im Inneren (einschlie\u00dflich Touchscreens), einem patentierten Gen 2 RF-FilterVu-Sichtfenster, zwei LED-Arrays, einer Steckdosenleiste mit vier universellen Stromanschl\u00fcssen und vier USB-Anschl\u00fcssen sowie einem doppelseitig abgeschirmten Filter mit RJ45-Ethernet- und zwei USB-Anschl\u00fcssen zur Datenextraktion mit hoher Geschwindigkeit. \u00dcber den RJ45-Anschluss kann der Bediener die Ger\u00e4te in der Faraday-Kammer intern an ein lokales Netzwerk anschlie\u00dfen sowie extern eine Verbindung zu einer Ladequelle, einem Computer oder einem Datenextraktionswerkzeug herstellen. Die Kombination dieser Funktionen erm\u00f6glicht es forensischen Ermittlern, die Daten auf den Ger\u00e4ten gr\u00fcndlich zu analysieren und gleichzeitig zu verhindern, dass Signale das Ger\u00e4t erreichen oder verlassen. Die F\u00e4higkeit, Ger\u00e4te unbegrenzt geladen zu halten, verhindert den Sperrmodus und reduziert die Zeit, die zum Knacken eines Passcodes ben\u00f6tigt wird. Dies erm\u00f6glicht ein Maximum an Datenextraktion und Entsperrung mit Tools wie GrayKey, Cellebrite, XRY, BlackBag, Oxygen usw.<\/p><p>Die BlockBox Lab XL schirmt Ger\u00e4te im Inneren vollst\u00e4ndig ab und blockiert WiFi (2,4 &amp; 5GHz), Bluetooth, Mobilfunksignale einschlie\u00dflich 5G-Netzwerke, GPS, RFID und Funksignale. Sie wurde im Labor getestet und nach den Standards f\u00fcr die Wirksamkeit der Abschirmung zertifiziert\u00a0<a href=\"https:\/\/mosequipment.com\/pages\/ieee-299-2006-testing\" target=\"_blank\" rel=\"noopener\">IEEE 299-2006<\/a>. Obwohl die BlockBox Lab XL f\u00fcr den Einsatz im Labor konzipiert wurde, kann sie dank ihres geringen Gewichts und der stabilen Seitengriffe an verschiedene Orte transportiert werden. Das umfassende Zubeh\u00f6rset enth\u00e4lt eine Vielzahl hochwertiger Kabel, einen kristallklaren Telefonorganisator und eine Ablage aus Acryl, einen Satz Ersatzhandschuhe und Schaumstoffdichtungen (da diese Teile im Laufe der Zeit durch h\u00e4ufigen\/unsachgem\u00e4\u00dfen Gebrauch oder Lagerung verschlei\u00dfen k\u00f6nnen), die einfach vor Ort installiert werden k\u00f6nnen, ohne dass das gesamte Ger\u00e4t zur Reparatur eingeschickt werden muss. Das Kit enth\u00e4lt auch eine Reihe von Mission Darkness NeoLok Faraday Bags mit einem patentierten Magnetverschluss, der die Verwendung mit leitf\u00e4higen Handschuhen bei forensischen Untersuchungen sicher macht.<\/p><p>Die BlockBox Lab XL kann mit einer Reihe von erweiterten Funktionen erworben werden (lesen Sie die Details unten und w\u00e4hlen Sie die gew\u00fcnschte Option aus dem Dropdown-Men\u00fc). Ein zus\u00e4tzlicher RJ45-Ethernet-Anschluss oder andere Filter k\u00f6nnen auf Anfrage installiert werden. Das Geh\u00e4use kann mit einer Bel\u00fcftung und einem L\u00fcfter ausgestattet werden, um die W\u00e4rmeentwicklung durch die im Inneren des Geh\u00e4uses verwendeten Hochleistungsger\u00e4te zu reduzieren und ein Aufquellen des Ger\u00e4ts zu verhindern. Zus\u00e4tzlich kann eine Kamerahalterung intern oder extern installiert werden, so dass eine Kamera Beweismittel und Ger\u00e4tebildschirme fotografieren oder filmen kann. Lesen Sie die\u00a0<a href=\"https:\/\/mosequipment.com\/blogs\/blog\/faraday-box-with-mounted-camera\" target=\"_blank\" rel=\"noopener\">Blog-Beitrag<\/a>\u00a0\u00fcber die Vorteile einer Faraday-Box mit eingebauter Kamera, um mehr zu erfahren.<\/p><\/div><p><iframe title=\"BBL XL BlockBox Lab Vergleich Standard vs. Tablet Version\" width=\"800\" height=\"450\" src=\"https:\/\/www.youtube.com\/embed\/UC-KWEgSOu8?feature=oembed&enablejsapi=1&origin=https:\/\/elusivedata.io\" frameborder=\"0\" allow=\"accelerometer; autoplay; clipboard-write; encrypted-media; gyroscope; picture-in-picture; web-share\" referrerpolicy=\"strict-origin-when-cross-origin\" allowfullscreen><\/iframe><\/p><\/div>\t\t\t\t\t\t\t\t<\/div>\n\t\t\t\t<\/div>\n\t\t\t\t\t<\/div>\n\t\t\t\t<\/div>\n\t\t<div class=\"elementor-element elementor-element-b25f885 e-flex e-con-boxed e-con e-parent\" data-id=\"b25f885\" data-element_type=\"container\" data-e-type=\"container\">\n\t\t\t\t\t<div class=\"e-con-inner\">\n\t\t<div class=\"elementor-element elementor-element-5822c12 e-con-full e-flex e-con e-child\" data-id=\"5822c12\" data-element_type=\"container\" data-e-type=\"container\">\n\t\t\t\t<div class=\"elementor-element elementor-element-a64f718 elementor-widget elementor-widget-image\" data-id=\"a64f718\" data-element_type=\"widget\" data-e-type=\"widget\" data-widget_type=\"image.default\">\n\t\t\t\t<div class=\"elementor-widget-container\">\n\t\t\t\t\t\t\t\t\t\t\t\t\t\t\t<img fetchpriority=\"high\" decoding=\"async\" width=\"800\" height=\"552\" src=\"https:\/\/elusivedata.io\/wp-content\/uploads\/2025\/06\/download-5-1024x707.webp\" class=\"attachment-large size-large wp-image-8811\" alt=\"Mission Darkness Faraday bag \u2014 professional signal-blocking evidence collection pouch\" srcset=\"https:\/\/elusivedata.io\/wp-content\/uploads\/2025\/06\/download-5-1024x707.webp 1024w, https:\/\/elusivedata.io\/wp-content\/uploads\/2025\/06\/download-5-300x207.webp 300w, https:\/\/elusivedata.io\/wp-content\/uploads\/2025\/06\/download-5-768x531.webp 768w, https:\/\/elusivedata.io\/wp-content\/uploads\/2025\/06\/download-5-18x12.webp 18w, https:\/\/elusivedata.io\/wp-content\/uploads\/2025\/06\/download-5-600x414.webp 600w, https:\/\/elusivedata.io\/wp-content\/uploads\/2025\/06\/download-5.webp 1423w\" sizes=\"(max-width: 800px) 100vw, 800px\" \/>\t\t\t\t\t\t\t\t\t\t\t\t\t\t\t<\/div>\n\t\t\t\t<\/div>\n\t\t\t\t<\/div>\n\t\t<div class=\"elementor-element elementor-element-d454967 e-con-full e-flex e-con e-child\" data-id=\"d454967\" data-element_type=\"container\" data-e-type=\"container\">\n\t\t\t\t<div class=\"elementor-element elementor-element-96afd19 elementor-widget elementor-widget-image\" data-id=\"96afd19\" data-element_type=\"widget\" data-e-type=\"widget\" data-widget_type=\"image.default\">\n\t\t\t\t<div class=\"elementor-widget-container\">\n\t\t\t\t\t\t\t\t\t\t\t\t\t\t\t<img decoding=\"async\" width=\"800\" height=\"552\" src=\"https:\/\/elusivedata.io\/wp-content\/uploads\/2025\/06\/download-4-1024x707.webp\" class=\"attachment-large size-large wp-image-8812\" alt=\"Mission Darkness Faraday shielding equipment \u2014 RF-blocking for mobile device forensics\" srcset=\"https:\/\/elusivedata.io\/wp-content\/uploads\/2025\/06\/download-4-1024x707.webp 1024w, https:\/\/elusivedata.io\/wp-content\/uploads\/2025\/06\/download-4-300x207.webp 300w, https:\/\/elusivedata.io\/wp-content\/uploads\/2025\/06\/download-4-768x530.webp 768w, https:\/\/elusivedata.io\/wp-content\/uploads\/2025\/06\/download-4-18x12.webp 18w, https:\/\/elusivedata.io\/wp-content\/uploads\/2025\/06\/download-4-600x414.webp 600w, https:\/\/elusivedata.io\/wp-content\/uploads\/2025\/06\/download-4.webp 1500w\" sizes=\"(max-width: 800px) 100vw, 800px\" \/>\t\t\t\t\t\t\t\t\t\t\t\t\t\t\t<\/div>\n\t\t\t\t<\/div>\n\t\t\t\t<\/div>\n\t\t\t\t\t<\/div>\n\t\t\t\t<\/div>\n\t\t\t\t<\/div>","protected":false},"excerpt":{"rendered":"<p class=\"ai-optimize-19\">Die Mission Darkness\u2122 BlockBox Lab XL bietet die ultimative Abschirmung von Hochfrequenzsignalen (RF) und praktische Zug\u00e4nglichkeit f\u00fcr forensische Untersuchungen elektronischer Ger\u00e4te. Das robuste Geh\u00e4use f\u00fcr forensische Analysen wurde speziell f\u00fcr die Untersuchung von Ger\u00e4ten wie Mobiltelefonen, Tablets, Laptops und \u00e4hnlich gro\u00dfen elektronischen Ger\u00e4ten entwickelt und ist gleichzeitig gegen HF-Signale abgeschirmt. Die extra gro\u00dfen Innenabmessungen erleichtern dem Bediener die bequeme Analyse von Ger\u00e4ten sowie den Transfer von Ger\u00e4ten in und aus Faraday-Taschen innerhalb der abgeschirmten Kammer. Alternative Verwendungszwecke beziehen sich auf die Pr\u00fcfung mobiler Ger\u00e4te, da das Produkt verwendet werden kann, um eine isolierte und kontrollierte Umgebung zu schaffen.<\/p>","protected":false},"featured_media":8818,"template":"","meta":{"content-type":""},"product_brand":[],"product_cat":[108],"product_tag":[],"class_list":{"0":"post-8810","1":"product","2":"type-product","3":"status-publish","4":"has-post-thumbnail","6":"product_cat-future-physical-products","8":"first","9":"instock","10":"taxable","11":"shipping-taxable","12":"purchasable","13":"product-type-simple"},"acf":[],"yoast_head":"<!-- This site is optimized with the Yoast SEO Premium plugin v27.3 (Yoast SEO v27.3) - https:\/\/yoast.com\/product\/yoast-seo-premium-wordpress\/ -->\n<title>Mission Darkness\u2122 BlockBox Lab XL - Elusive Data<\/title>\n<meta name=\"robots\" content=\"index, follow, max-snippet:-1, max-image-preview:large, max-video-preview:-1\" \/>\n<link rel=\"canonical\" href=\"https:\/\/elusivedata.io\/de\/product\/mission-darkness-blockbox-lab-xl\/\" \/>\n<meta property=\"og:locale\" content=\"de_DE\" \/>\n<meta property=\"og:type\" content=\"article\" \/>\n<meta property=\"og:title\" content=\"Mission Darkness\u2122 BlockBox Lab XL\" \/>\n<meta property=\"og:description\" content=\"The Mission Darkness\u2122 BlockBox Lab XL offers the ultimate radio frequency (RF) shielding and hands-on accessibility for electronic device forensics investigations. The heavy-duty forensic analysis enclosure is designed specifically for investigating devices such as cell phones, tablets, laptops, and similar size electronics while remaining shielded from RF signals. The extra large interior dimensions make it easy for operators to comfortably analyze devices, as well as transfer devices in and out of faraday bags inside of the shielded chamber. Alternative uses relate to mobile device testing, since the product can be used to create an isolated and controlled environment.\" \/>\n<meta property=\"og:url\" content=\"https:\/\/elusivedata.io\/de\/product\/mission-darkness-blockbox-lab-xl\/\" \/>\n<meta property=\"og:site_name\" content=\"Elusive Data\" \/>\n<meta property=\"article:modified_time\" content=\"2025-06-24T06:30:50+00:00\" \/>\n<meta property=\"og:image\" content=\"https:\/\/elusivedata.io\/wp-content\/uploads\/2025\/06\/DSC00549_480x480.webp\" \/>\n\t<meta property=\"og:image:width\" content=\"480\" \/>\n\t<meta property=\"og:image:height\" content=\"480\" \/>\n\t<meta property=\"og:image:type\" content=\"image\/webp\" \/>\n<meta name=\"twitter:card\" content=\"summary_large_image\" \/>\n<meta name=\"twitter:label1\" content=\"Gesch\u00e4tzte Lesezeit\" \/>\n\t<meta name=\"twitter:data1\" content=\"3\u00a0Minuten\" \/>\n<script type=\"application\/ld+json\" class=\"yoast-schema-graph\">{\"@context\":\"https:\\\/\\\/schema.org\",\"@graph\":[{\"@type\":\"WebPage\",\"@id\":\"https:\\\/\\\/elusivedata.io\\\/product\\\/mission-darkness-blockbox-lab-xl\\\/\",\"url\":\"https:\\\/\\\/elusivedata.io\\\/product\\\/mission-darkness-blockbox-lab-xl\\\/\",\"name\":\"Mission Darkness\u2122 BlockBox Lab XL - Elusive Data\",\"isPartOf\":{\"@id\":\"https:\\\/\\\/elusivedata.io\\\/#website\"},\"primaryImageOfPage\":{\"@id\":\"https:\\\/\\\/elusivedata.io\\\/product\\\/mission-darkness-blockbox-lab-xl\\\/#primaryimage\"},\"image\":{\"@id\":\"https:\\\/\\\/elusivedata.io\\\/product\\\/mission-darkness-blockbox-lab-xl\\\/#primaryimage\"},\"thumbnailUrl\":\"https:\\\/\\\/elusivedata.io\\\/wp-content\\\/uploads\\\/2025\\\/06\\\/DSC00549_480x480.webp\",\"datePublished\":\"2025-06-17T08:15:53+00:00\",\"dateModified\":\"2025-06-24T06:30:50+00:00\",\"breadcrumb\":{\"@id\":\"https:\\\/\\\/elusivedata.io\\\/product\\\/mission-darkness-blockbox-lab-xl\\\/#breadcrumb\"},\"inLanguage\":\"de\",\"potentialAction\":[{\"@type\":\"ReadAction\",\"target\":[\"https:\\\/\\\/elusivedata.io\\\/product\\\/mission-darkness-blockbox-lab-xl\\\/\"]}]},{\"@type\":\"ImageObject\",\"inLanguage\":\"de\",\"@id\":\"https:\\\/\\\/elusivedata.io\\\/product\\\/mission-darkness-blockbox-lab-xl\\\/#primaryimage\",\"url\":\"https:\\\/\\\/elusivedata.io\\\/wp-content\\\/uploads\\\/2025\\\/06\\\/DSC00549_480x480.webp\",\"contentUrl\":\"https:\\\/\\\/elusivedata.io\\\/wp-content\\\/uploads\\\/2025\\\/06\\\/DSC00549_480x480.webp\",\"width\":480,\"height\":480,\"caption\":\"Mission Darkness Faraday bag product photo \u2014 professional digital forensics equipment\"},{\"@type\":\"BreadcrumbList\",\"@id\":\"https:\\\/\\\/elusivedata.io\\\/product\\\/mission-darkness-blockbox-lab-xl\\\/#breadcrumb\",\"itemListElement\":[{\"@type\":\"ListItem\",\"position\":1,\"name\":\"Home\",\"item\":\"https:\\\/\\\/elusivedata.io\\\/\"},{\"@type\":\"ListItem\",\"position\":2,\"name\":\"Products\",\"item\":\"https:\\\/\\\/elusivedata.io\\\/shop\\\/\"},{\"@type\":\"ListItem\",\"position\":3,\"name\":\"Mission Darkness\u2122 BlockBox Lab XL\"}]},{\"@type\":\"WebSite\",\"@id\":\"https:\\\/\\\/elusivedata.io\\\/#website\",\"url\":\"https:\\\/\\\/elusivedata.io\\\/\",\"name\":\"ElusiveData\",\"description\":\"Excellence in Digital Forensics Training and Consulting\",\"publisher\":{\"@id\":\"https:\\\/\\\/elusivedata.io\\\/#organization\"},\"potentialAction\":[{\"@type\":\"SearchAction\",\"target\":{\"@type\":\"EntryPoint\",\"urlTemplate\":\"https:\\\/\\\/elusivedata.io\\\/?s={search_term_string}\"},\"query-input\":{\"@type\":\"PropertyValueSpecification\",\"valueRequired\":true,\"valueName\":\"search_term_string\"}}],\"inLanguage\":\"de\"},{\"@type\":\"Organization\",\"@id\":\"https:\\\/\\\/elusivedata.io\\\/#organization\",\"name\":\"ElusiveData\",\"url\":\"https:\\\/\\\/elusivedata.io\\\/\",\"logo\":{\"@type\":\"ImageObject\",\"inLanguage\":\"de\",\"@id\":\"https:\\\/\\\/elusivedata.io\\\/#\\\/schema\\\/logo\\\/image\\\/\",\"url\":\"https:\\\/\\\/elusivedata.io\\\/wp-content\\\/uploads\\\/2024\\\/11\\\/Asset-3_2x-scaled.png\",\"contentUrl\":\"https:\\\/\\\/elusivedata.io\\\/wp-content\\\/uploads\\\/2024\\\/11\\\/Asset-3_2x-scaled.png\",\"width\":2560,\"height\":370,\"caption\":\"ElusiveData\"},\"image\":{\"@id\":\"https:\\\/\\\/elusivedata.io\\\/#\\\/schema\\\/logo\\\/image\\\/\"},\"sameAs\":[\"https:\\\/\\\/www.youtube.com\\\/@elusivedata\"]}]}<\/script>\n<!-- \/ Yoast SEO Premium plugin. -->","yoast_head_json":{"title":"Mission Darkness\u2122 BlockBox Lab XL - Fl\u00fcchtige Daten","robots":{"index":"index","follow":"follow","max-snippet":"max-snippet:-1","max-image-preview":"max-image-preview:large","max-video-preview":"max-video-preview:-1"},"canonical":"https:\/\/elusivedata.io\/de\/product\/mission-darkness-blockbox-lab-xl\/","og_locale":"de_DE","og_type":"article","og_title":"Mission Darkness\u2122 BlockBox Lab XL","og_description":"The Mission Darkness\u2122 BlockBox Lab XL offers the ultimate radio frequency (RF) shielding and hands-on accessibility for electronic device forensics investigations. The heavy-duty forensic analysis enclosure is designed specifically for investigating devices such as cell phones, tablets, laptops, and similar size electronics while remaining shielded from RF signals. The extra large interior dimensions make it easy for operators to comfortably analyze devices, as well as transfer devices in and out of faraday bags inside of the shielded chamber. Alternative uses relate to mobile device testing, since the product can be used to create an isolated and controlled environment.","og_url":"https:\/\/elusivedata.io\/de\/product\/mission-darkness-blockbox-lab-xl\/","og_site_name":"Elusive Data","article_modified_time":"2025-06-24T06:30:50+00:00","og_image":[{"width":480,"height":480,"url":"https:\/\/elusivedata.io\/wp-content\/uploads\/2025\/06\/DSC00549_480x480.webp","type":"image\/webp"}],"twitter_card":"summary_large_image","twitter_misc":{"Gesch\u00e4tzte Lesezeit":"3\u00a0Minuten"},"schema":{"@context":"https:\/\/schema.org","@graph":[{"@type":"WebPage","@id":"https:\/\/elusivedata.io\/product\/mission-darkness-blockbox-lab-xl\/","url":"https:\/\/elusivedata.io\/product\/mission-darkness-blockbox-lab-xl\/","name":"Mission Darkness\u2122 BlockBox Lab XL - Fl\u00fcchtige Daten","isPartOf":{"@id":"https:\/\/elusivedata.io\/#website"},"primaryImageOfPage":{"@id":"https:\/\/elusivedata.io\/product\/mission-darkness-blockbox-lab-xl\/#primaryimage"},"image":{"@id":"https:\/\/elusivedata.io\/product\/mission-darkness-blockbox-lab-xl\/#primaryimage"},"thumbnailUrl":"https:\/\/elusivedata.io\/wp-content\/uploads\/2025\/06\/DSC00549_480x480.webp","datePublished":"2025-06-17T08:15:53+00:00","dateModified":"2025-06-24T06:30:50+00:00","breadcrumb":{"@id":"https:\/\/elusivedata.io\/product\/mission-darkness-blockbox-lab-xl\/#breadcrumb"},"inLanguage":"de","potentialAction":[{"@type":"ReadAction","target":["https:\/\/elusivedata.io\/product\/mission-darkness-blockbox-lab-xl\/"]}]},{"@type":"ImageObject","inLanguage":"de","@id":"https:\/\/elusivedata.io\/product\/mission-darkness-blockbox-lab-xl\/#primaryimage","url":"https:\/\/elusivedata.io\/wp-content\/uploads\/2025\/06\/DSC00549_480x480.webp","contentUrl":"https:\/\/elusivedata.io\/wp-content\/uploads\/2025\/06\/DSC00549_480x480.webp","width":480,"height":480,"caption":"Mission Darkness Faraday bag product photo \u2014 professional digital forensics equipment"},{"@type":"BreadcrumbList","@id":"https:\/\/elusivedata.io\/product\/mission-darkness-blockbox-lab-xl\/#breadcrumb","itemListElement":[{"@type":"ListItem","position":1,"name":"Home","item":"https:\/\/elusivedata.io\/"},{"@type":"ListItem","position":2,"name":"Products","item":"https:\/\/elusivedata.io\/shop\/"},{"@type":"ListItem","position":3,"name":"Mission Darkness\u2122 BlockBox Lab XL"}]},{"@type":"WebSite","@id":"https:\/\/elusivedata.io\/#website","url":"https:\/\/elusivedata.io\/","name":"ElusiveData","description":"Hervorragende Schulung und Beratung im Bereich digitale Forensik","publisher":{"@id":"https:\/\/elusivedata.io\/#organization"},"potentialAction":[{"@type":"SearchAction","target":{"@type":"EntryPoint","urlTemplate":"https:\/\/elusivedata.io\/?s={search_term_string}"},"query-input":{"@type":"PropertyValueSpecification","valueRequired":true,"valueName":"search_term_string"}}],"inLanguage":"de"},{"@type":"Organization","@id":"https:\/\/elusivedata.io\/#organization","name":"ElusiveData","url":"https:\/\/elusivedata.io\/","logo":{"@type":"ImageObject","inLanguage":"de","@id":"https:\/\/elusivedata.io\/#\/schema\/logo\/image\/","url":"https:\/\/elusivedata.io\/wp-content\/uploads\/2024\/11\/Asset-3_2x-scaled.png","contentUrl":"https:\/\/elusivedata.io\/wp-content\/uploads\/2024\/11\/Asset-3_2x-scaled.png","width":2560,"height":370,"caption":"ElusiveData"},"image":{"@id":"https:\/\/elusivedata.io\/#\/schema\/logo\/image\/"},"sameAs":["https:\/\/www.youtube.com\/@elusivedata"]}]}},"_links":{"self":[{"href":"https:\/\/elusivedata.io\/de\/wp-json\/wp\/v2\/product\/8810","targetHints":{"allow":["GET"]}}],"collection":[{"href":"https:\/\/elusivedata.io\/de\/wp-json\/wp\/v2\/product"}],"about":[{"href":"https:\/\/elusivedata.io\/de\/wp-json\/wp\/v2\/types\/product"}],"version-history":[{"count":8,"href":"https:\/\/elusivedata.io\/de\/wp-json\/wp\/v2\/product\/8810\/revisions"}],"predecessor-version":[{"id":8828,"href":"https:\/\/elusivedata.io\/de\/wp-json\/wp\/v2\/product\/8810\/revisions\/8828"}],"wp:featuredmedia":[{"embeddable":true,"href":"https:\/\/elusivedata.io\/de\/wp-json\/wp\/v2\/media\/8818"}],"wp:attachment":[{"href":"https:\/\/elusivedata.io\/de\/wp-json\/wp\/v2\/media?parent=8810"}],"wp:term":[{"taxonomy":"product_brand","embeddable":true,"href":"https:\/\/elusivedata.io\/de\/wp-json\/wp\/v2\/product_brand?post=8810"},{"taxonomy":"product_cat","embeddable":true,"href":"https:\/\/elusivedata.io\/de\/wp-json\/wp\/v2\/product_cat?post=8810"},{"taxonomy":"product_tag","embeddable":true,"href":"https:\/\/elusivedata.io\/de\/wp-json\/wp\/v2\/product_tag?post=8810"}],"curies":[{"name":"wp","href":"https:\/\/api.w.org\/{rel}","templated":true}]}}