{"id":1233,"date":"2025-06-17T08:15:56","date_gmt":"2025-06-17T08:15:56","guid":{"rendered":"https:\/\/elusivedata.io\/?post_type=product&#038;p=1233"},"modified":"2026-03-23T10:20:23","modified_gmt":"2026-03-23T10:20:23","slug":"sqlite-forensik","status":"publish","type":"product","link":"https:\/\/elusivedata.io\/de\/product\/sqlite-forensics\/","title":{"rendered":"SQLite-Forensik"},"content":{"rendered":"<div style='background:#f0f4ff;border-left:4px solid #2B64F8;border-radius:8px;padding:18px 22px;margin:32px 0;display:flex;align-items:center;justify-content:space-between;flex-wrap:wrap;gap:12px;'>\n            <p style='margin:0;color:#1a1a2e;font-size:15px;font-weight:500;'>Lernen Sie lieber in Ihrem eigenen Tempo?<\/p>\n            <a href='https:\/\/elusivedata.io\/de\/sqlite-forensics-on-demand\/' style='background:#2B64F8;color:#fff;padding:10px 20px;border-radius:6px;text-decoration:none;font-size:14px;font-weight:600;white-space:nowrap;'>On-Demand verf\u00fcgbar \u2192<\/a>\n        <\/div>","protected":false},"excerpt":{"rendered":"<p>Der SQLite-Forensik-Kurs von Elusive Data richtet sich an Experten der digitalen Forensik, die ihr Verst\u00e4ndnis f\u00fcr nicht unterst\u00fctzte Smartphone-Apps vertiefen m\u00f6chten. Mit der rasanten Entwicklung von Drittanbieteranwendungen k\u00f6nnen forensische Tools oft nicht Schritt halten, sodass wichtige Beweise in SQLite-Datenbanken und anderen zugeh\u00f6rigen Smartphone-Anwendungsdateien verborgen bleiben. Dieser Kurs f\u00fcr Fortgeschrittene vermittelt Ermittlern die F\u00e4higkeiten, Daten aus diesen Apps manuell zu entschl\u00fcsseln und zu extrahieren, und bietet einen praktischen Ansatz zur Beherrschung von SQLite f\u00fcr forensische Analysen.<\/p>","protected":false},"featured_media":10745,"template":"","meta":{"content-type":""},"product_brand":[],"product_cat":[107],"product_tag":[],"class_list":{"0":"post-1233","1":"product","2":"type-product","3":"status-publish","4":"has-post-thumbnail","6":"product_cat-featured-digital-courses","8":"first","9":"instock","10":"sold-individually","11":"taxable","12":"shipping-taxable","13":"product-type-external"},"acf":[],"yoast_head":"<!-- This site is optimized with the Yoast SEO Premium plugin v27.3 (Yoast SEO v27.3) - https:\/\/yoast.com\/product\/yoast-seo-premium-wordpress\/ -->\n<title>SQLite Forensics Course On-Demand<\/title>\n<meta name=\"description\" content=\"Learn SQLite Forensics through a certified, hands-on training course built for professionals investigating mobile app data. Updated for 2025.\" \/>\n<meta name=\"robots\" content=\"index, follow, max-snippet:-1, max-image-preview:large, max-video-preview:-1\" \/>\n<link rel=\"canonical\" href=\"https:\/\/elusivedata.io\/de\/product\/sqlite-forensik\/\" \/>\n<meta property=\"og:locale\" content=\"de_DE\" \/>\n<meta property=\"og:type\" content=\"article\" \/>\n<meta property=\"og:title\" content=\"SQLite Forensics\" \/>\n<meta property=\"og:description\" content=\"Learn SQLite Forensics through a certified, hands-on training course built for professionals investigating mobile app data. Updated for 2025.\" \/>\n<meta property=\"og:url\" content=\"https:\/\/elusivedata.io\/de\/product\/sqlite-forensik\/\" \/>\n<meta property=\"og:site_name\" content=\"Elusive Data\" \/>\n<meta property=\"article:modified_time\" content=\"2026-03-23T10:20:23+00:00\" \/>\n<meta property=\"og:image\" content=\"https:\/\/elusivedata.io\/wp-content\/uploads\/2025\/06\/Full-Course-SQLite-Forensics.jpg\" \/>\n\t<meta property=\"og:image:width\" content=\"2160\" \/>\n\t<meta property=\"og:image:height\" content=\"1440\" \/>\n\t<meta property=\"og:image:type\" content=\"image\/jpeg\" \/>\n<meta name=\"twitter:card\" content=\"summary_large_image\" \/>\n<meta name=\"twitter:label1\" content=\"Gesch\u00e4tzte Lesezeit\" \/>\n\t<meta name=\"twitter:data1\" content=\"1\u00a0Minute\" \/>\n<script type=\"application\/ld+json\" class=\"yoast-schema-graph\">{\"@context\":\"https:\\\/\\\/schema.org\",\"@graph\":[{\"@type\":\"WebPage\",\"@id\":\"https:\\\/\\\/elusivedata.io\\\/product\\\/sqlite-forensics\\\/\",\"url\":\"https:\\\/\\\/elusivedata.io\\\/product\\\/sqlite-forensics\\\/\",\"name\":\"SQLite Forensics Course On-Demand\",\"isPartOf\":{\"@id\":\"https:\\\/\\\/elusivedata.io\\\/#website\"},\"primaryImageOfPage\":{\"@id\":\"https:\\\/\\\/elusivedata.io\\\/product\\\/sqlite-forensics\\\/#primaryimage\"},\"image\":{\"@id\":\"https:\\\/\\\/elusivedata.io\\\/product\\\/sqlite-forensics\\\/#primaryimage\"},\"thumbnailUrl\":\"https:\\\/\\\/elusivedata.io\\\/wp-content\\\/uploads\\\/2025\\\/06\\\/Full-Course-SQLite-Forensics.jpg\",\"datePublished\":\"2025-06-17T08:15:56+00:00\",\"dateModified\":\"2026-03-23T10:20:23+00:00\",\"description\":\"Learn SQLite Forensics through a certified, hands-on training course built for professionals investigating mobile app data. Updated for 2025.\",\"breadcrumb\":{\"@id\":\"https:\\\/\\\/elusivedata.io\\\/product\\\/sqlite-forensics\\\/#breadcrumb\"},\"inLanguage\":\"de\",\"potentialAction\":[{\"@type\":\"ReadAction\",\"target\":[\"https:\\\/\\\/elusivedata.io\\\/product\\\/sqlite-forensics\\\/\"]}]},{\"@type\":\"ImageObject\",\"inLanguage\":\"de\",\"@id\":\"https:\\\/\\\/elusivedata.io\\\/product\\\/sqlite-forensics\\\/#primaryimage\",\"url\":\"https:\\\/\\\/elusivedata.io\\\/wp-content\\\/uploads\\\/2025\\\/06\\\/Full-Course-SQLite-Forensics.jpg\",\"contentUrl\":\"https:\\\/\\\/elusivedata.io\\\/wp-content\\\/uploads\\\/2025\\\/06\\\/Full-Course-SQLite-Forensics.jpg\",\"width\":2160,\"height\":1440,\"caption\":\"Full Course SQLite Forensics\"},{\"@type\":\"BreadcrumbList\",\"@id\":\"https:\\\/\\\/elusivedata.io\\\/product\\\/sqlite-forensics\\\/#breadcrumb\",\"itemListElement\":[{\"@type\":\"ListItem\",\"position\":1,\"name\":\"Home\",\"item\":\"https:\\\/\\\/elusivedata.io\\\/\"},{\"@type\":\"ListItem\",\"position\":2,\"name\":\"Products\",\"item\":\"https:\\\/\\\/elusivedata.io\\\/shop\\\/\"},{\"@type\":\"ListItem\",\"position\":3,\"name\":\"SQLite Forensics\"}]},{\"@type\":\"WebSite\",\"@id\":\"https:\\\/\\\/elusivedata.io\\\/#website\",\"url\":\"https:\\\/\\\/elusivedata.io\\\/\",\"name\":\"ElusiveData\",\"description\":\"Excellence in Digital Forensics Training and Consulting\",\"publisher\":{\"@id\":\"https:\\\/\\\/elusivedata.io\\\/#organization\"},\"potentialAction\":[{\"@type\":\"SearchAction\",\"target\":{\"@type\":\"EntryPoint\",\"urlTemplate\":\"https:\\\/\\\/elusivedata.io\\\/?s={search_term_string}\"},\"query-input\":{\"@type\":\"PropertyValueSpecification\",\"valueRequired\":true,\"valueName\":\"search_term_string\"}}],\"inLanguage\":\"de\"},{\"@type\":\"Organization\",\"@id\":\"https:\\\/\\\/elusivedata.io\\\/#organization\",\"name\":\"ElusiveData\",\"url\":\"https:\\\/\\\/elusivedata.io\\\/\",\"logo\":{\"@type\":\"ImageObject\",\"inLanguage\":\"de\",\"@id\":\"https:\\\/\\\/elusivedata.io\\\/#\\\/schema\\\/logo\\\/image\\\/\",\"url\":\"https:\\\/\\\/elusivedata.io\\\/wp-content\\\/uploads\\\/2024\\\/11\\\/Asset-3_2x-scaled.png\",\"contentUrl\":\"https:\\\/\\\/elusivedata.io\\\/wp-content\\\/uploads\\\/2024\\\/11\\\/Asset-3_2x-scaled.png\",\"width\":2560,\"height\":370,\"caption\":\"ElusiveData\"},\"image\":{\"@id\":\"https:\\\/\\\/elusivedata.io\\\/#\\\/schema\\\/logo\\\/image\\\/\"},\"sameAs\":[\"https:\\\/\\\/www.youtube.com\\\/@elusivedata\"]}]}<\/script>\n<!-- \/ Yoast SEO Premium plugin. -->","yoast_head_json":{"title":"SQLite-Forensik-Kurs On-Demand","description":"Erlernen Sie SQLite Forensics in einem zertifizierten, praxisorientierten Kurs, der f\u00fcr Fachleute entwickelt wurde, die Daten von mobilen Anwendungen untersuchen. Aktualisiert f\u00fcr 2025.","robots":{"index":"index","follow":"follow","max-snippet":"max-snippet:-1","max-image-preview":"max-image-preview:large","max-video-preview":"max-video-preview:-1"},"canonical":"https:\/\/elusivedata.io\/de\/product\/sqlite-forensik\/","og_locale":"de_DE","og_type":"article","og_title":"SQLite Forensics","og_description":"Learn SQLite Forensics through a certified, hands-on training course built for professionals investigating mobile app data. Updated for 2025.","og_url":"https:\/\/elusivedata.io\/de\/product\/sqlite-forensik\/","og_site_name":"Elusive Data","article_modified_time":"2026-03-23T10:20:23+00:00","og_image":[{"width":2160,"height":1440,"url":"https:\/\/elusivedata.io\/wp-content\/uploads\/2025\/06\/Full-Course-SQLite-Forensics.jpg","type":"image\/jpeg"}],"twitter_card":"summary_large_image","twitter_misc":{"Gesch\u00e4tzte Lesezeit":"1\u00a0Minute"},"schema":{"@context":"https:\/\/schema.org","@graph":[{"@type":"WebPage","@id":"https:\/\/elusivedata.io\/product\/sqlite-forensics\/","url":"https:\/\/elusivedata.io\/product\/sqlite-forensics\/","name":"SQLite-Forensik-Kurs On-Demand","isPartOf":{"@id":"https:\/\/elusivedata.io\/#website"},"primaryImageOfPage":{"@id":"https:\/\/elusivedata.io\/product\/sqlite-forensics\/#primaryimage"},"image":{"@id":"https:\/\/elusivedata.io\/product\/sqlite-forensics\/#primaryimage"},"thumbnailUrl":"https:\/\/elusivedata.io\/wp-content\/uploads\/2025\/06\/Full-Course-SQLite-Forensics.jpg","datePublished":"2025-06-17T08:15:56+00:00","dateModified":"2026-03-23T10:20:23+00:00","description":"Erlernen Sie SQLite Forensics in einem zertifizierten, praxisorientierten Kurs, der f\u00fcr Fachleute entwickelt wurde, die Daten von mobilen Anwendungen untersuchen. Aktualisiert f\u00fcr 2025.","breadcrumb":{"@id":"https:\/\/elusivedata.io\/product\/sqlite-forensics\/#breadcrumb"},"inLanguage":"de","potentialAction":[{"@type":"ReadAction","target":["https:\/\/elusivedata.io\/product\/sqlite-forensics\/"]}]},{"@type":"ImageObject","inLanguage":"de","@id":"https:\/\/elusivedata.io\/product\/sqlite-forensics\/#primaryimage","url":"https:\/\/elusivedata.io\/wp-content\/uploads\/2025\/06\/Full-Course-SQLite-Forensics.jpg","contentUrl":"https:\/\/elusivedata.io\/wp-content\/uploads\/2025\/06\/Full-Course-SQLite-Forensics.jpg","width":2160,"height":1440,"caption":"Full Course SQLite Forensics"},{"@type":"BreadcrumbList","@id":"https:\/\/elusivedata.io\/product\/sqlite-forensics\/#breadcrumb","itemListElement":[{"@type":"ListItem","position":1,"name":"Home","item":"https:\/\/elusivedata.io\/"},{"@type":"ListItem","position":2,"name":"Products","item":"https:\/\/elusivedata.io\/shop\/"},{"@type":"ListItem","position":3,"name":"SQLite Forensics"}]},{"@type":"WebSite","@id":"https:\/\/elusivedata.io\/#website","url":"https:\/\/elusivedata.io\/","name":"ElusiveData","description":"Hervorragende Schulung und Beratung im Bereich digitale Forensik","publisher":{"@id":"https:\/\/elusivedata.io\/#organization"},"potentialAction":[{"@type":"SearchAction","target":{"@type":"EntryPoint","urlTemplate":"https:\/\/elusivedata.io\/?s={search_term_string}"},"query-input":{"@type":"PropertyValueSpecification","valueRequired":true,"valueName":"search_term_string"}}],"inLanguage":"de"},{"@type":"Organization","@id":"https:\/\/elusivedata.io\/#organization","name":"ElusiveData","url":"https:\/\/elusivedata.io\/","logo":{"@type":"ImageObject","inLanguage":"de","@id":"https:\/\/elusivedata.io\/#\/schema\/logo\/image\/","url":"https:\/\/elusivedata.io\/wp-content\/uploads\/2024\/11\/Asset-3_2x-scaled.png","contentUrl":"https:\/\/elusivedata.io\/wp-content\/uploads\/2024\/11\/Asset-3_2x-scaled.png","width":2560,"height":370,"caption":"ElusiveData"},"image":{"@id":"https:\/\/elusivedata.io\/#\/schema\/logo\/image\/"},"sameAs":["https:\/\/www.youtube.com\/@elusivedata"]}]}},"_links":{"self":[{"href":"https:\/\/elusivedata.io\/de\/wp-json\/wp\/v2\/product\/1233","targetHints":{"allow":["GET"]}}],"collection":[{"href":"https:\/\/elusivedata.io\/de\/wp-json\/wp\/v2\/product"}],"about":[{"href":"https:\/\/elusivedata.io\/de\/wp-json\/wp\/v2\/types\/product"}],"version-history":[{"count":4,"href":"https:\/\/elusivedata.io\/de\/wp-json\/wp\/v2\/product\/1233\/revisions"}],"predecessor-version":[{"id":9867,"href":"https:\/\/elusivedata.io\/de\/wp-json\/wp\/v2\/product\/1233\/revisions\/9867"}],"wp:featuredmedia":[{"embeddable":true,"href":"https:\/\/elusivedata.io\/de\/wp-json\/wp\/v2\/media\/10745"}],"wp:attachment":[{"href":"https:\/\/elusivedata.io\/de\/wp-json\/wp\/v2\/media?parent=1233"}],"wp:term":[{"taxonomy":"product_brand","embeddable":true,"href":"https:\/\/elusivedata.io\/de\/wp-json\/wp\/v2\/product_brand?post=1233"},{"taxonomy":"product_cat","embeddable":true,"href":"https:\/\/elusivedata.io\/de\/wp-json\/wp\/v2\/product_cat?post=1233"},{"taxonomy":"product_tag","embeddable":true,"href":"https:\/\/elusivedata.io\/de\/wp-json\/wp\/v2\/product_tag?post=1233"}],"curies":[{"name":"wp","href":"https:\/\/api.w.org\/{rel}","templated":true}]}}