{"id":9386,"date":"2025-06-15T13:39:51","date_gmt":"2025-06-15T13:39:51","guid":{"rendered":"https:\/\/elusivedata.io\/?page_id=9386"},"modified":"2026-03-18T21:34:07","modified_gmt":"2026-03-18T21:34:07","slug":"terms-conditions","status":"publish","type":"page","link":"https:\/\/elusivedata.io\/de\/terms-conditions\/","title":{"rendered":"Bedingungen und Konditionen"},"content":{"rendered":"<div data-elementor-type=\"wp-page\" data-elementor-id=\"9386\" class=\"elementor elementor-9386\" data-elementor-post-type=\"page\">\n\t\t\t\t<div class=\"elementor-element elementor-element-5ef3a96e e-flex e-con-boxed e-con e-parent\" data-id=\"5ef3a96e\" data-element_type=\"container\" data-e-type=\"container\">\n\t\t\t\t\t<div class=\"e-con-inner\">\n\t\t<div class=\"elementor-element elementor-element-7410f65 e-con-full e-flex e-con e-child\" data-id=\"7410f65\" data-element_type=\"container\" data-e-type=\"container\">\n\t\t<div class=\"elementor-element elementor-element-8d367a2 e-grid e-con-full e-con e-child\" data-id=\"8d367a2\" data-element_type=\"container\" data-e-type=\"container\">\n\t\t\t\t<div class=\"elementor-element elementor-element-e42b80a elementor-widget elementor-widget-text-editor\" data-id=\"e42b80a\" data-element_type=\"widget\" data-e-type=\"widget\" data-widget_type=\"text-editor.default\">\n\t\t\t\t<div class=\"elementor-widget-container\">\n\t\t\t\t\t\t\t\t\t<h2>Allgemeine Gesch\u00e4ftsbedingungen f\u00fcr den Kauf von digitalen Kursen bei Elusive Data<\/h2><div><br><\/div>\n<p><!-- \/wp:paragraph --><!-- wp:paragraph --><\/p>\n<h3>1. Produkt<\/h3>\n<p>Wenn Sie bei uns einen Kauf t\u00e4tigen, erwerben Sie den Zugang zu einem Online-Kurs, der \u00fcber unsere digitale Lernplattform bereitgestellt wird.<\/p>\n<p><!-- \/wp:paragraph --><!-- wp:paragraph --><\/p>\n<h3>2. Lieferung<\/h3>\n<p>Der Zugang zu den Kursinhalten wird sofort nach erfolgreichem Kauf und Bezahlung gew\u00e4hrt. Eine Best\u00e4tigungs-E-Mail mit Anmeldedaten und Anweisungen wird automatisch versandt.<\/p>\n<p><!-- \/wp:paragraph --><!-- wp:paragraph --><\/p>\n<h3>3. R\u00fccktrittsrecht<\/h3>\n<p>Da es sich um ein digitales Produkt mit sofortigem Zugriff handelt, gilt gem\u00e4\u00df dem EU-Verbraucherrecht (Richtlinie 2011\/83\/EU, Artikel 16) kein Widerrufsrecht.<\/p>\n<p><!-- \/wp:paragraph --><!-- wp:paragraph --><\/p>\n<h3>4. Zahlung<\/h3>\n<p>Die Zahlung wird \u00fcber unsere zugelassenen Zahlungsanbieter (z.B. Stripe, Klarna, PayPal) abgewickelt. Alle Preise werden in der gew\u00e4hlten W\u00e4hrung angezeigt und enthalten gegebenenfalls die Mehrwertsteuer.<\/p>\n<p><!-- \/wp:paragraph --><!-- wp:paragraph --><\/p>\n<h3>5. Benutzerbedingungen<\/h3>\n<p>Sie d\u00fcrfen Ihre Anmeldedaten nicht weitergeben oder Kursmaterialien verteilen. Alle Inhalte sind urheberrechtlich gesch\u00fctzt und d\u00fcrfen nicht vervielf\u00e4ltigt oder weiterverbreitet werden.<\/p>\n<p><!-- \/wp:paragraph --><!-- wp:paragraph --><\/p>\n<h3>6. Unterst\u00fctzung<\/h3>\n<p>Wenn Sie technische Probleme oder Fragen zum Kurs haben, wenden Sie sich bitte an unser Support-Team unter contact@elusivedata.io.<\/p>\n<p><!-- \/wp:paragraph --><!-- wp:paragraph --><\/p>\n<h3>7. Rechtsstreitigkeiten<\/h3>\n<p>Alle Streitigkeiten unterliegen dem schwedischen Recht und werden von den zust\u00e4ndigen Gerichten in Schweden behandelt.<\/p>\n<p><!-- \/wp:paragraph --><!-- wp:paragraph --><\/p>\n<p>Elusive Data, ein Teil von Collara Works AB Org.-Nr.: 559471-1482<\/p>\n<p><!-- \/wp:paragraph --><\/p>\t\t\t\t\t\t\t\t<\/div>\n\t\t\t\t<\/div>\n\t\t\t\t<\/div>\n\t\t\t\t<\/div>\n\t\t\t\t<div class=\"elementor-element elementor-element-36ff5d1b elementor-widget elementor-widget-text-editor\" data-id=\"36ff5d1b\" data-element_type=\"widget\" data-e-type=\"widget\" data-widget_type=\"text-editor.default\">\n\t\t\t\t<div class=\"elementor-widget-container\">\n\t\t\t\t\t\t\t\t\t<!-- wp:paragraph -->\n<p><strong>Allgemeine Gesch\u00e4ftsbedingungen f\u00fcr den Kauf von digitalen Kursen bei Elusive Data<\/strong><\/p>\n<!-- \/wp:paragraph --><!-- wp:paragraph -->\n<p><strong>1. Produkt<\/strong><br \/>Wenn Sie bei uns einen Kauf t\u00e4tigen, erwerben Sie den Zugang zu einem Online-Kurs, der \u00fcber unsere digitale Lernplattform bereitgestellt wird.<\/p>\n<!-- \/wp:paragraph --><!-- wp:paragraph -->\n<p><strong>2. Lieferung<\/strong><br \/>Der Zugang zu den Kursinhalten wird sofort nach erfolgreichem Kauf und Bezahlung gew\u00e4hrt. Eine Best\u00e4tigungs-E-Mail mit Anmeldedaten und Anweisungen wird automatisch versandt.<\/p>\n<!-- \/wp:paragraph --><!-- wp:paragraph -->\n<p><strong>3. R\u00fccktrittsrecht<\/strong><br \/>Da es sich um ein digitales Produkt mit sofortigem Zugriff handelt, gilt gem\u00e4\u00df dem EU-Verbraucherrecht (Richtlinie 2011\/83\/EU, Artikel 16) kein Widerrufsrecht.<\/p>\n<!-- \/wp:paragraph --><!-- wp:paragraph -->\n<p><strong>4. Zahlung<\/strong><br \/>Die Zahlung wird \u00fcber unsere zugelassenen Zahlungsanbieter (z.B. Stripe, Klarna, PayPal) abgewickelt. Alle Preise werden in der gew\u00e4hlten W\u00e4hrung angezeigt und enthalten gegebenenfalls die Mehrwertsteuer.<\/p>\n<!-- \/wp:paragraph --><!-- wp:paragraph -->\n<p><strong>5. Benutzerbedingungen<\/strong><br \/>Sie d\u00fcrfen Ihre Anmeldedaten nicht weitergeben oder Kursmaterialien verteilen. Alle Inhalte sind urheberrechtlich gesch\u00fctzt und d\u00fcrfen nicht vervielf\u00e4ltigt oder weiterverbreitet werden.<\/p>\n<!-- \/wp:paragraph --><!-- wp:paragraph -->\n<p><strong>6. Unterst\u00fctzung<\/strong><br \/>Wenn Sie technische Probleme oder Fragen zum Kurs haben, wenden Sie sich bitte an unser Support-Team unter contact@elusivedata.io.<\/p>\n<!-- \/wp:paragraph --><!-- wp:paragraph -->\n<p><strong>7. Rechtsstreitigkeiten<\/strong><br \/>Alle Streitigkeiten unterliegen dem schwedischen Recht und werden von den zust\u00e4ndigen Gerichten in Schweden behandelt.<\/p>\n<!-- \/wp:paragraph --><!-- wp:paragraph -->\n<p>Elusive Data, ein Teil von Collara Works AB Org.-Nr.: 559471-1482<\/p>\n<!-- \/wp:paragraph -->\t\t\t\t\t\t\t\t<\/div>\n\t\t\t\t<\/div>\n\t\t\t\t\t<\/div>\n\t\t\t\t<\/div>\n\t\t\t\t<\/div>","protected":false},"excerpt":{"rendered":"<p>General Terms &amp; Conditions for Purchasing Digital Courses from Elusive Data 1. Product When you make a purchase from us, you are buying access to an online course delivered through our digital learning platform. 2. Delivery Access to the course content is granted immediately after a successful purchase and payment. A confirmation email with login [&hellip;]<\/p>\n","protected":false},"author":1,"featured_media":0,"parent":0,"menu_order":0,"comment_status":"closed","ping_status":"closed","template":"","meta":{"content-type":"","footnotes":""},"class_list":["post-9386","page","type-page","status-publish","hentry"],"acf":[],"yoast_head":"<!-- This site is optimized with the Yoast SEO Premium plugin v27.3 (Yoast SEO v27.3) - https:\/\/yoast.com\/product\/yoast-seo-premium-wordpress\/ -->\n<title>Terms &amp; Conditions | Elusive Data<\/title>\n<meta name=\"description\" content=\"Read the Elusive Data terms and conditions for training, tools, and digital forensics services.\" \/>\n<meta name=\"robots\" content=\"index, nofollow, max-snippet:-1, max-image-preview:large, max-video-preview:-1\" \/>\n<link rel=\"canonical\" href=\"https:\/\/elusivedata.io\/de\/terms-conditions\/\" \/>\n<meta property=\"og:locale\" content=\"de_DE\" \/>\n<meta property=\"og:type\" content=\"article\" \/>\n<meta property=\"og:title\" content=\"Terms &amp; Conditions\" \/>\n<meta property=\"og:description\" content=\"Read the Elusive Data terms and conditions for training, tools, and digital forensics services.\" \/>\n<meta property=\"og:url\" content=\"https:\/\/elusivedata.io\/de\/terms-conditions\/\" \/>\n<meta property=\"og:site_name\" content=\"Elusive Data\" \/>\n<meta property=\"article:modified_time\" content=\"2026-03-18T21:34:07+00:00\" \/>\n<meta name=\"twitter:card\" content=\"summary_large_image\" \/>\n<meta name=\"twitter:label1\" content=\"Gesch\u00e4tzte Lesezeit\" \/>\n\t<meta name=\"twitter:data1\" content=\"2\u00a0Minuten\" \/>\n<script type=\"application\/ld+json\" class=\"yoast-schema-graph\">{\"@context\":\"https:\\\/\\\/schema.org\",\"@graph\":[{\"@type\":\"WebPage\",\"@id\":\"https:\\\/\\\/elusivedata.io\\\/terms-conditions\\\/\",\"url\":\"https:\\\/\\\/elusivedata.io\\\/terms-conditions\\\/\",\"name\":\"Terms & Conditions | Elusive Data\",\"isPartOf\":{\"@id\":\"https:\\\/\\\/elusivedata.io\\\/#website\"},\"datePublished\":\"2025-06-15T13:39:51+00:00\",\"dateModified\":\"2026-03-18T21:34:07+00:00\",\"description\":\"Read the Elusive Data terms and conditions for training, tools, and digital forensics services.\",\"breadcrumb\":{\"@id\":\"https:\\\/\\\/elusivedata.io\\\/terms-conditions\\\/#breadcrumb\"},\"inLanguage\":\"de\",\"potentialAction\":[{\"@type\":\"ReadAction\",\"target\":[\"https:\\\/\\\/elusivedata.io\\\/terms-conditions\\\/\"]}]},{\"@type\":\"BreadcrumbList\",\"@id\":\"https:\\\/\\\/elusivedata.io\\\/terms-conditions\\\/#breadcrumb\",\"itemListElement\":[{\"@type\":\"ListItem\",\"position\":1,\"name\":\"Home\",\"item\":\"https:\\\/\\\/elusivedata.io\\\/\"},{\"@type\":\"ListItem\",\"position\":2,\"name\":\"Terms &amp; Conditions\"}]},{\"@type\":\"WebSite\",\"@id\":\"https:\\\/\\\/elusivedata.io\\\/#website\",\"url\":\"https:\\\/\\\/elusivedata.io\\\/\",\"name\":\"ElusiveData\",\"description\":\"Excellence in Digital Forensics Training and Consulting\",\"publisher\":{\"@id\":\"https:\\\/\\\/elusivedata.io\\\/#organization\"},\"potentialAction\":[{\"@type\":\"SearchAction\",\"target\":{\"@type\":\"EntryPoint\",\"urlTemplate\":\"https:\\\/\\\/elusivedata.io\\\/?s={search_term_string}\"},\"query-input\":{\"@type\":\"PropertyValueSpecification\",\"valueRequired\":true,\"valueName\":\"search_term_string\"}}],\"inLanguage\":\"de\"},{\"@type\":\"Organization\",\"@id\":\"https:\\\/\\\/elusivedata.io\\\/#organization\",\"name\":\"ElusiveData\",\"url\":\"https:\\\/\\\/elusivedata.io\\\/\",\"logo\":{\"@type\":\"ImageObject\",\"inLanguage\":\"de\",\"@id\":\"https:\\\/\\\/elusivedata.io\\\/#\\\/schema\\\/logo\\\/image\\\/\",\"url\":\"https:\\\/\\\/elusivedata.io\\\/wp-content\\\/uploads\\\/2024\\\/11\\\/Asset-3_2x-scaled.png\",\"contentUrl\":\"https:\\\/\\\/elusivedata.io\\\/wp-content\\\/uploads\\\/2024\\\/11\\\/Asset-3_2x-scaled.png\",\"width\":2560,\"height\":370,\"caption\":\"ElusiveData\"},\"image\":{\"@id\":\"https:\\\/\\\/elusivedata.io\\\/#\\\/schema\\\/logo\\\/image\\\/\"},\"sameAs\":[\"https:\\\/\\\/www.youtube.com\\\/@elusivedata\"]}]}<\/script>\n<!-- \/ Yoast SEO Premium plugin. -->","yoast_head_json":{"title":"Terms & Conditions | Elusive Data","description":"Read the Elusive Data terms and conditions for training, tools, and digital forensics services.","robots":{"index":"index","follow":"nofollow","max-snippet":"max-snippet:-1","max-image-preview":"max-image-preview:large","max-video-preview":"max-video-preview:-1"},"canonical":"https:\/\/elusivedata.io\/de\/terms-conditions\/","og_locale":"de_DE","og_type":"article","og_title":"Terms &amp; Conditions","og_description":"Read the Elusive Data terms and conditions for training, tools, and digital forensics services.","og_url":"https:\/\/elusivedata.io\/de\/terms-conditions\/","og_site_name":"Elusive Data","article_modified_time":"2026-03-18T21:34:07+00:00","twitter_card":"summary_large_image","twitter_misc":{"Gesch\u00e4tzte Lesezeit":"2\u00a0Minuten"},"schema":{"@context":"https:\/\/schema.org","@graph":[{"@type":"WebPage","@id":"https:\/\/elusivedata.io\/terms-conditions\/","url":"https:\/\/elusivedata.io\/terms-conditions\/","name":"Terms & Conditions | Elusive Data","isPartOf":{"@id":"https:\/\/elusivedata.io\/#website"},"datePublished":"2025-06-15T13:39:51+00:00","dateModified":"2026-03-18T21:34:07+00:00","description":"Read the Elusive Data terms and conditions for training, tools, and digital forensics services.","breadcrumb":{"@id":"https:\/\/elusivedata.io\/terms-conditions\/#breadcrumb"},"inLanguage":"de","potentialAction":[{"@type":"ReadAction","target":["https:\/\/elusivedata.io\/terms-conditions\/"]}]},{"@type":"BreadcrumbList","@id":"https:\/\/elusivedata.io\/terms-conditions\/#breadcrumb","itemListElement":[{"@type":"ListItem","position":1,"name":"Home","item":"https:\/\/elusivedata.io\/"},{"@type":"ListItem","position":2,"name":"Terms &amp; Conditions"}]},{"@type":"WebSite","@id":"https:\/\/elusivedata.io\/#website","url":"https:\/\/elusivedata.io\/","name":"ElusiveData","description":"Hervorragende Schulung und Beratung im Bereich digitale Forensik","publisher":{"@id":"https:\/\/elusivedata.io\/#organization"},"potentialAction":[{"@type":"SearchAction","target":{"@type":"EntryPoint","urlTemplate":"https:\/\/elusivedata.io\/?s={search_term_string}"},"query-input":{"@type":"PropertyValueSpecification","valueRequired":true,"valueName":"search_term_string"}}],"inLanguage":"de"},{"@type":"Organization","@id":"https:\/\/elusivedata.io\/#organization","name":"ElusiveData","url":"https:\/\/elusivedata.io\/","logo":{"@type":"ImageObject","inLanguage":"de","@id":"https:\/\/elusivedata.io\/#\/schema\/logo\/image\/","url":"https:\/\/elusivedata.io\/wp-content\/uploads\/2024\/11\/Asset-3_2x-scaled.png","contentUrl":"https:\/\/elusivedata.io\/wp-content\/uploads\/2024\/11\/Asset-3_2x-scaled.png","width":2560,"height":370,"caption":"ElusiveData"},"image":{"@id":"https:\/\/elusivedata.io\/#\/schema\/logo\/image\/"},"sameAs":["https:\/\/www.youtube.com\/@elusivedata"]}]}},"_links":{"self":[{"href":"https:\/\/elusivedata.io\/de\/wp-json\/wp\/v2\/pages\/9386","targetHints":{"allow":["GET"]}}],"collection":[{"href":"https:\/\/elusivedata.io\/de\/wp-json\/wp\/v2\/pages"}],"about":[{"href":"https:\/\/elusivedata.io\/de\/wp-json\/wp\/v2\/types\/page"}],"author":[{"embeddable":true,"href":"https:\/\/elusivedata.io\/de\/wp-json\/wp\/v2\/users\/1"}],"replies":[{"embeddable":true,"href":"https:\/\/elusivedata.io\/de\/wp-json\/wp\/v2\/comments?post=9386"}],"version-history":[{"count":7,"href":"https:\/\/elusivedata.io\/de\/wp-json\/wp\/v2\/pages\/9386\/revisions"}],"predecessor-version":[{"id":13743,"href":"https:\/\/elusivedata.io\/de\/wp-json\/wp\/v2\/pages\/9386\/revisions\/13743"}],"wp:attachment":[{"href":"https:\/\/elusivedata.io\/de\/wp-json\/wp\/v2\/media?parent=9386"}],"curies":[{"name":"wp","href":"https:\/\/api.w.org\/{rel}","templated":true}]}}